{"id":145573,"date":"2023-05-14T14:09:47","date_gmt":"2023-05-14T14:09:47","guid":{"rendered":"http:\/\/talkpal.ai\/kannada-gramatika\/"},"modified":"2025-12-11T16:24:11","modified_gmt":"2025-12-11T16:24:11","slug":"kannada-gramatika","status":"publish","type":"page","link":"https:\/\/talkpal.ai\/bs\/kannada-gramatika\/","title":{"rendered":"Kannada gramatika"},"content":{"rendered":"\r\n\r\n\r\n<section class=\"languageChallengeSection\">\r\n    <div class=\"languageInfoWrapper\">\r\n        \r\n        <h1>Kannada gramatika<\/h1>\r\n        <p>Uzbu\u0111eni ste zbog istra\u017eivanja kannade? Zaronite u gramatiku <a href=\"https:\/\/talkpal.ai\/learn-kannada\/\">kannada<\/a> jezika, koja sadr\u017ei bogate glagolske konjugacije, imenice odre\u0111ene rodom i logi\u010dan sistem pade\u017ea koji o\u017eivljava jezik. Po\u010dnite u\u010diti ve\u0107 danas \u2014 savladavanje gramatike kannada jezika pru\u017eit \u0107e vam alate za duboko povezivanje sa \u017eivopisnom kulturom Karnatake i komunikaciju s povjerenjem na jednom od najizra\u017eajnijih jezika Ju\u017ene Indije!<\/p>\r\n\r\n                            <a class=\"getStartedHidden\" href=\"https:\/\/app.talkpal.ai\/signup?lng=\">Kreni<\/a>\r\n        \r\n    <\/div>\r\n\r\n    <figure>\r\n    <img decoding=\"async\" width=\"768\" height=\"768\" src=\"https:\/\/talkpal.ai\/wp-content\/uploads\/2023\/06\/Kannada-768x768.png\" class=\"languageImage no-lazy\" alt=\"Language learning for increased mental flexibility\" fetchpriority=\"high\" sizes=\"(max-width: 768px) 150px, 768px\" srcset=\"https:\/\/talkpal.ai\/wp-content\/uploads\/2023\/06\/Kannada-768x768.png 768w, https:\/\/talkpal.ai\/wp-content\/uploads\/2023\/06\/Kannada-300x300.png 300w\" \/>\r\n    \r\n\r\n    <\/figure>\r\n\r\n            <a class=\"getStartedVisible\" href=\"https:\/\/app.talkpal.ai\/signup?lng=\">Kreni<\/a>\r\n    \r\n<\/section>\r\n<section class=\"promotionalBanner\">\r\n    <p class=\"promotionalText\">Najefikasniji na\u010din za u\u010denje jezika<\/p>\r\n    <a class=\"promotionalLink\" href=\"https:\/\/app.talkpal.ai\/signup?lng=\">Isprobajte Talkpal besplatno<\/a>\r\n<\/section>\n<div class=\"wp-block-group pageContainerStyle\"><div class=\"wp-block-group__inner-container is-layout-constrained wp-block-group-is-layout-constrained\">\n<h2 class=\"wp-block-heading\" id=\"h-kannada-grammar-an-insight-into-the-richness-of-the-dravidian-language\">Kannada gramatika: uvid u bogatstvo dravidskog jezika<\/h2>\n\n\n\n<p><a href=\"https:\/\/talkpal.ai\/culture\/what-is-the-difference-between-da-li-and-je-li-in-forming-questions\/\">Da li<\/a> ste se ikada zapitali \u0161ta je lingvisti\u010dka raznolikost Indije? Kao ljubitelj jezika ili znati\u017eeljan u\u010denik, mo\u017eda \u0107ete biti zainteresirani za bli\u017ei pogled na jedan od klasi\u010dnih jezika Indije \u2013 Kannada. Kannada je dravidski jezik koji se prete\u017eno govori u ju\u017enoj dr\u017eavi Karnataka. To je maternji jezik oko 44 miliona ljudi, \u0161to ga \u010dini jednim od glavnih indijskih jezika. Zaronimo duboko u fascinantan svijet gramatike <a href=\"https:\/\/talkpal.ai\/locations\/language-courses-in-kanada\/\">kanada<\/a> i nau\u010dimo vi\u0161e o ovom prekrasnom jeziku.<\/p>\n\n\n\n<h3 class=\"wp-block-heading\" id=\"h-the-linguistic-alphabet-kannada-script\">Originalni naziv: Kannada Script<\/h3>\n\n\n\n<p>Kannada pismo, poznato i kao \u201c\u0c95\u0ca8\u0ccd\u0ca8\u0ca1 \u0cb2\u0cbf\u0caa\u0cbf\u201d (Kannada Lipi), je abugida \u2013 sistem pisanja sa slogovnim alfabetima. Svako slovo predstavlja razli\u010ditu konsonantsko-samoglasniksku kombinaciju. Scenarij se sastoji od 49 znakova, uklju\u010duju\u0107i 34 suglasnika i 13 samoglasnika. Sa vizuelno prepoznatljivim izgledom, kanada pismo je izvanredno jedinstven na\u010din da se prenesu zvukovi i zna\u010denja jezika.<\/p>\n\n\n\n<h3 class=\"wp-block-heading\" id=\"h-nouns-pronouns-and-cases-more-than-meets-the-eye\">Imenice, zamjenice i slu\u010dajevi \u2013 vi\u0161e nego \u0161to se \u010dini na prvi pogled<\/h3>\n\n\n\n<p>Kannada imenice su jedinstvene zbog svog sistema deklinacije \u2013 slijede sistem slu\u010daja sli\u010dno kao i drugi dravidski jezici. U Kannadi postoji osam slu\u010dajeva koji poma\u017eu u definisanju odnosa izme\u0111u imenice i drugih re\u010di u re\u010denici: nominativ, akuzativ, instrumental, dativ, ablativ, genitiv, lokativ i vokativ. Imenice u Kannadi se tako\u0111er klasificiraju prema spolu (mu\u0161kom, \u017eenskom i kauterskom) i broju (jednina, mno\u017eina i dvojna \u2013 rijetka osobina me\u0111u indijskim jezicima).<\/p>\n\n\n\n<p>Zamjenice u Kannadi su tako\u0111er fascinantne. Oni nose razlike za svaku osobu (prvu, drugu i tre\u0107u), broj (jednina, mno\u017eina i dvojka) i pol (mu\u0161ki, \u017eenski i kauterski). Uz to, kanada ima nekoliko po\u010dasnih oblika obra\u0107anja, demonstriraju\u0107i kulturne aspekte po\u0161tovanja i u\u010dtivosti jezika.<\/p>\n\n\n\n<h3 class=\"wp-block-heading\" id=\"h-venturing-into-verbs-tenses-aspects-and-moods\">Uvod u glagole: napetost, aspekti i raspolo\u017eenja<\/h3>\n\n\n\n<p>Kannada glagoli se odlikuju bogatim sistemom konjugacije. Glagoli su konjugirani prema napetosti (pro\u0161lost, sada\u0161njost i budu\u0107nost), aspektu (savr\u0161enom ili nesavr\u0161enom) i raspolo\u017eenju (indikativno, imperativno i uslovno). Dalja slo\u017eenost se dodaje prisustvom uzro\u010dnika i pasivnih i aktivnih glasova. Konjugacija zavisi od osobe, broja i pola, \u010dine\u0107i Kannada glagol visoko inflektiranim i zamr\u0161enim.<\/p>\n\n\n\n<h3 class=\"wp-block-heading\" id=\"h-adjectives-adverbs-and-more\">Pridjevi, prilozi i vi\u0161e<\/h3>\n\n\n\n<p>Kannada pridjevi i brojevi sla\u017eu se s imenicama koje mijenjaju u pogledu spola, broja i slu\u010daja. Pridjevi se mogu inflektirati na isti na\u010din kao imenice i \u010dak se mogu kombinirati za formiranje priloga. Jezik tako\u0111e koristi razli\u010dite veznike, \u010destice i predloge za spajanje re\u010denica i njihovih komponenti u kohezivnu i izra\u017eajnu celinu.<\/p>\n\n\n\n<h3 class=\"wp-block-heading\" id=\"h-embracing-the-beauty-of-kannada-grammar\">Ljepota Kannada gramatike<\/h3>\n\n\n\n<p>Svet Kannada gramatike je fascinantan koliko i kompleksan. Zamr\u0161eni sistem slu\u010dajeva, jedinstveno pismo i visoko nabijeni glagolski oblici daju Kannadi njen \u0161arm i bogatstvo. Zalaze\u0107i u oblasti ovog izuzetnog jezika, ste\u0107i \u0107ete dublje razumevanje jezi\u010dke i kulturne raznolikosti Indije.<\/p>\n\n\n\n<p>Pa, za\u0161to ne istra\u017eiti ljepotu Kannade dalje? Sa stra\u0161\u0107u i radoznalo\u0161\u0107u, uskoro \u0107ete se na\u0107i u sjajnoj literaturi, filmu i muzici na ovom veli\u010danstvenom jeziku. Sretno u\u010denje!<\/p>\n<\/div><\/div>\n\r\n<section class=\"learnNavigationSection\">\r\n            \r\n        <a href=\"https:\/\/talkpal.ai\/bs\/nauci-kannadu\/\">\r\n            <div class=\"learnNavigationWrapper\">\r\n                <div class=\"learnNavigationContent\">\r\n                    <img decoding=\"async\" src=\"https:\/\/talkpal.ai\/wp-content\/uploads\/2024\/08\/Kannada.jpg\" alt=\"Indian Simplified Flag\">\r\n                    <div>\r\n                        <h4>O u\u010denju kanada<\/h4>\r\n                        <p>Saznaj sve o Kannada gramatici.<\/p>\r\n                    <\/div>\r\n                <\/div>\r\n            <\/div>\r\n        <\/a>\r\n\r\n        \r\n        <a href=\"https:\/\/talkpal.ai\/bs\/kannada-gramaticke-vezbe\/\">\r\n            <div class=\"learnNavigationWrapper\">\r\n                <div class=\"learnNavigationContent\">\r\n                    <img decoding=\"async\" src=\"https:\/\/talkpal.ai\/wp-content\/uploads\/2024\/08\/Kannada.jpg\" alt=\"Indian Simplified Flag\">\r\n                    <div>\r\n                        <h4>Gramati\u010dka vje\u017eba kanada<\/h4>\r\n                        <p>Vje\u017ebaj Kannada gramatiku.<\/p>\r\n                    <\/div>\r\n                <\/div>\r\n            <\/div>\r\n        <\/a>\r\n\r\n        \r\n        <a href=\"https:\/\/talkpal.ai\/vocabulary_language\/kannada\/\">\r\n            <div class=\"learnNavigationWrapper\">\r\n                <div class=\"learnNavigationContent\">\r\n                    <img decoding=\"async\" src=\"https:\/\/talkpal.ai\/wp-content\/uploads\/2024\/08\/Kannada.jpg\" alt=\"Indian Simplified Flag\">\r\n                    <div>\r\n                        <h4>Kannada Vocabulary<\/h4>\r\n                        <p>Pro\u0161irite svoj vokabular kanada.<\/p>\r\n                    <\/div>\r\n                <\/div>\r\n            <\/div>\r\n        <\/a>\r\n\r\n            <\/section>","protected":false},"excerpt":{"rendered":"<p>Kannada gramatika: uvid u bogatstvo dravidskog jezika Da li ste se ikada zapitali \u0161ta je lingvisti\u010dka raznolikost Indije? Kao ljubitelj jezika ili znati\u017eeljan u\u010denik, mo\u017eda \u0107ete biti zainteresirani za bli\u017ei pogled na jedan od klasi\u010dnih jezika Indije \u2013 Kannada. Kannada je dravidski jezik koji se prete\u017eno govori u ju\u017enoj dr\u017eavi Karnataka. To je maternji jezik [&hellip;]<\/p>\n","protected":false},"author":1,"featured_media":113706,"parent":0,"menu_order":0,"comment_status":"closed","ping_status":"closed","template":"LearningContentPage.php","meta":{"_acf_changed":false,"footnotes":""},"class_list":["post-145573","page","type-page","status-publish","has-post-thumbnail","hentry"],"acf":[],"yoast_head":"<!-- This site is optimized with the Yoast SEO Premium plugin v27.2 (Yoast SEO v27.2) - https:\/\/yoast.com\/product\/yoast-seo-premium-wordpress\/ -->\n<title>Kannada gramatika - Talkpal<\/title>\n<meta name=\"description\" content=\"Nau\u010dite gramatiku kannade s pouzdanjem - shvatite klju\u010dna pravila, izo\u0161trite konstrukciju re\u010denica i pobolj\u0161ajte te\u010dnost govora\" \/>\n<meta name=\"robots\" content=\"index, follow, max-snippet:-1, max-image-preview:large, max-video-preview:-1\" \/>\n<link rel=\"canonical\" href=\"https:\/\/talkpal.ai\/bs\/kannada-gramatika\/\" \/>\n<meta property=\"og:locale\" content=\"bs_BA\" \/>\n<meta property=\"og:type\" content=\"article\" \/>\n<meta property=\"og:title\" content=\"Kannada gramatika\" \/>\n<meta property=\"og:description\" content=\"Kannada gramatika: uvid u bogatstvo dravidskog jezika Da li ste se ikada zapitali \u0161ta je lingvisti\u010dka raznolikost Indije? Kao ljubitelj jezika ili\" \/>\n<meta property=\"og:url\" content=\"https:\/\/talkpal.ai\/bs\/kannada-gramatika\/\" \/>\n<meta property=\"og:site_name\" content=\"Talkpal\" \/>\n<meta property=\"article:publisher\" content=\"https:\/\/www.facebook.com\/profile.php?id=100090733639311\" \/>\n<meta property=\"article:modified_time\" content=\"2025-12-11T16:24:11+00:00\" \/>\n<meta property=\"og:image\" content=\"https:\/\/talkpal.ai\/wp-content\/uploads\/2023\/05\/Kannada-india.png\" \/>\n\t<meta property=\"og:image:width\" content=\"512\" \/>\n\t<meta property=\"og:image:height\" content=\"512\" \/>\n\t<meta property=\"og:image:type\" content=\"image\/png\" \/>\n<meta name=\"twitter:card\" content=\"summary_large_image\" \/>\n<meta name=\"twitter:site\" content=\"@talkpalai\" \/>\n<meta name=\"twitter:label1\" content=\"Est. reading time\" \/>\n\t<meta name=\"twitter:data1\" content=\"3 minute\" \/>\n<script type=\"application\/ld+json\" class=\"yoast-schema-graph\">{\"@context\":\"https:\/\/schema.org\",\"@graph\":[{\"@type\":\"WebPage\",\"@id\":\"https:\/\/talkpal.ai\/bs\/kannada-gramatika\/\",\"url\":\"https:\/\/talkpal.ai\/bs\/kannada-gramatika\/\",\"name\":\"Kannada gramatika - Talkpal\",\"isPartOf\":{\"@id\":\"https:\/\/talkpal.ai\/bs\/#website\"},\"primaryImageOfPage\":{\"@id\":\"https:\/\/talkpal.ai\/bs\/kannada-gramatika\/#primaryimage\"},\"image\":{\"@id\":\"https:\/\/talkpal.ai\/bs\/kannada-gramatika\/#primaryimage\"},\"thumbnailUrl\":\"https:\/\/talkpal.ai\/wp-content\/uploads\/2023\/05\/Kannada-india.png\",\"datePublished\":\"2023-05-14T14:09:47+00:00\",\"dateModified\":\"2025-12-11T16:24:11+00:00\",\"description\":\"Nau\u010dite gramatiku kannade s pouzdanjem - shvatite klju\u010dna pravila, izo\u0161trite konstrukciju re\u010denica i pobolj\u0161ajte te\u010dnost govora\",\"breadcrumb\":{\"@id\":\"https:\/\/talkpal.ai\/bs\/kannada-gramatika\/#breadcrumb\"},\"inLanguage\":\"bs-BA\",\"potentialAction\":[{\"@type\":\"ReadAction\",\"target\":[\"https:\/\/talkpal.ai\/bs\/kannada-gramatika\/\"]}]},{\"@type\":\"ImageObject\",\"inLanguage\":\"bs-BA\",\"@id\":\"https:\/\/talkpal.ai\/bs\/kannada-gramatika\/#primaryimage\",\"url\":\"https:\/\/talkpal.ai\/wp-content\/uploads\/2023\/05\/Kannada-india.png\",\"contentUrl\":\"https:\/\/talkpal.ai\/wp-content\/uploads\/2023\/05\/Kannada-india.png\",\"width\":512,\"height\":512},{\"@type\":\"BreadcrumbList\",\"@id\":\"https:\/\/talkpal.ai\/bs\/kannada-gramatika\/#breadcrumb\",\"itemListElement\":[{\"@type\":\"ListItem\",\"position\":1,\"name\":\"Homepage\",\"item\":\"https:\/\/talkpal.ai\/bs\/\"},{\"@type\":\"ListItem\",\"position\":2,\"name\":\"Kannada gramatika\"}]},{\"@type\":\"WebSite\",\"@id\":\"https:\/\/talkpal.ai\/bs\/#website\",\"url\":\"https:\/\/talkpal.ai\/bs\/\",\"name\":\"Talkpal\",\"description\":\"AI Language Learning\",\"publisher\":{\"@id\":\"https:\/\/talkpal.ai\/bs\/#organization\"},\"alternateName\":\"Talkpal AI\",\"potentialAction\":[{\"@type\":\"SearchAction\",\"target\":{\"@type\":\"EntryPoint\",\"urlTemplate\":\"https:\/\/talkpal.ai\/bs\/?s={search_term_string}\"},\"query-input\":{\"@type\":\"PropertyValueSpecification\",\"valueRequired\":true,\"valueName\":\"search_term_string\"}}],\"inLanguage\":\"bs-BA\"},{\"@type\":\"Organization\",\"@id\":\"https:\/\/talkpal.ai\/bs\/#organization\",\"name\":\"Talkpal, Inc.\",\"alternateName\":\"Talkpal AI\",\"url\":\"https:\/\/talkpal.ai\/bs\/\",\"logo\":{\"@type\":\"ImageObject\",\"inLanguage\":\"bs-BA\",\"@id\":\"https:\/\/talkpal.ai\/bs\/#\/schema\/logo\/image\/\",\"url\":\"https:\/\/talkpal.ai\/wp-content\/uploads\/2024\/03\/Talkpal-Logo-Icon.png\",\"contentUrl\":\"https:\/\/talkpal.ai\/wp-content\/uploads\/2024\/03\/Talkpal-Logo-Icon.png\",\"width\":2880,\"height\":2880,\"caption\":\"Talkpal, Inc.\"},\"image\":{\"@id\":\"https:\/\/talkpal.ai\/bs\/#\/schema\/logo\/image\/\"},\"sameAs\":[\"https:\/\/www.facebook.com\/profile.php?id=100090733639311\",\"https:\/\/x.com\/talkpalai\",\"https:\/\/www.linkedin.com\/company\/talkpal\/\",\"https:\/\/www.youtube.com\/@TalkPal\/\",\"https:\/\/www.tiktok.com\/@talkpal\",\"https:\/\/www.instagram.com\/talkpal_ai\/\",\"https:\/\/www.crunchbase.com\/organization\/talkpal-9cde\",\"https:\/\/www.g2.com\/products\/talkpal-for-business\/\",\"https:\/\/www.trustpilot.com\/review\/talkpal.ai\",\"https:\/\/www.capterra.com\/p\/10006800\/TalkPal\/\"],\"description\":\"Talkpal is a language learning web and mobile education app, powered by the latest AI technologies, that provides engaging experiences to its customers in many different languages to help them improve their language skills. Users can chat about unlimited amount of topics with the app and use other modes to practice their language learning.\",\"email\":\"support@talkpal.ai\",\"legalName\":\"Talkpal, Inc.\",\"foundingDate\":\"2023-04-03\",\"duns\":\"118989042\",\"numberOfEmployees\":{\"@type\":\"QuantitativeValue\",\"minValue\":\"11\",\"maxValue\":\"50\"},\"publishingPrinciples\":\"https:\/\/talkpal.ai\/publishing-principles\/\",\"actionableFeedbackPolicy\":\"https:\/\/talkpal.ai\/actionable-feedback-policy\/\",\"correctionsPolicy\":\"https:\/\/talkpal.ai\/corrections-policy\/\",\"ethicsPolicy\":\"https:\/\/talkpal.ai\/ethics-policy\/\",\"diversityPolicy\":\"https:\/\/talkpal.ai\/diversity-policy\/\",\"diversityStaffingReport\":\"https:\/\/talkpal.ai\/diversity-policy\/\"}]}<\/script>\n<!-- \/ Yoast SEO Premium plugin. -->","yoast_head_json":{"title":"Kannada gramatika - Talkpal","description":"Nau\u010dite gramatiku kannade s pouzdanjem - shvatite klju\u010dna pravila, izo\u0161trite konstrukciju re\u010denica i pobolj\u0161ajte te\u010dnost govora","robots":{"index":"index","follow":"follow","max-snippet":"max-snippet:-1","max-image-preview":"max-image-preview:large","max-video-preview":"max-video-preview:-1"},"canonical":"https:\/\/talkpal.ai\/bs\/kannada-gramatika\/","og_locale":"bs_BA","og_type":"article","og_title":"Kannada gramatika","og_description":"Kannada gramatika: uvid u bogatstvo dravidskog jezika Da li ste se ikada zapitali \u0161ta je lingvisti\u010dka raznolikost Indije? Kao ljubitelj jezika ili","og_url":"https:\/\/talkpal.ai\/bs\/kannada-gramatika\/","og_site_name":"Talkpal","article_publisher":"https:\/\/www.facebook.com\/profile.php?id=100090733639311","article_modified_time":"2025-12-11T16:24:11+00:00","og_image":[{"width":512,"height":512,"url":"https:\/\/talkpal.ai\/wp-content\/uploads\/2023\/05\/Kannada-india.png","type":"image\/png"}],"twitter_card":"summary_large_image","twitter_site":"@talkpalai","twitter_misc":{"Est. reading time":"3 minute"},"schema":{"@context":"https:\/\/schema.org","@graph":[{"@type":"WebPage","@id":"https:\/\/talkpal.ai\/bs\/kannada-gramatika\/","url":"https:\/\/talkpal.ai\/bs\/kannada-gramatika\/","name":"Kannada gramatika - Talkpal","isPartOf":{"@id":"https:\/\/talkpal.ai\/bs\/#website"},"primaryImageOfPage":{"@id":"https:\/\/talkpal.ai\/bs\/kannada-gramatika\/#primaryimage"},"image":{"@id":"https:\/\/talkpal.ai\/bs\/kannada-gramatika\/#primaryimage"},"thumbnailUrl":"https:\/\/talkpal.ai\/wp-content\/uploads\/2023\/05\/Kannada-india.png","datePublished":"2023-05-14T14:09:47+00:00","dateModified":"2025-12-11T16:24:11+00:00","description":"Nau\u010dite gramatiku kannade s pouzdanjem - shvatite klju\u010dna pravila, izo\u0161trite konstrukciju re\u010denica i pobolj\u0161ajte te\u010dnost govora","breadcrumb":{"@id":"https:\/\/talkpal.ai\/bs\/kannada-gramatika\/#breadcrumb"},"inLanguage":"bs-BA","potentialAction":[{"@type":"ReadAction","target":["https:\/\/talkpal.ai\/bs\/kannada-gramatika\/"]}]},{"@type":"ImageObject","inLanguage":"bs-BA","@id":"https:\/\/talkpal.ai\/bs\/kannada-gramatika\/#primaryimage","url":"https:\/\/talkpal.ai\/wp-content\/uploads\/2023\/05\/Kannada-india.png","contentUrl":"https:\/\/talkpal.ai\/wp-content\/uploads\/2023\/05\/Kannada-india.png","width":512,"height":512},{"@type":"BreadcrumbList","@id":"https:\/\/talkpal.ai\/bs\/kannada-gramatika\/#breadcrumb","itemListElement":[{"@type":"ListItem","position":1,"name":"Homepage","item":"https:\/\/talkpal.ai\/bs\/"},{"@type":"ListItem","position":2,"name":"Kannada gramatika"}]},{"@type":"WebSite","@id":"https:\/\/talkpal.ai\/bs\/#website","url":"https:\/\/talkpal.ai\/bs\/","name":"Talkpal","description":"AI Language Learning","publisher":{"@id":"https:\/\/talkpal.ai\/bs\/#organization"},"alternateName":"Talkpal AI","potentialAction":[{"@type":"SearchAction","target":{"@type":"EntryPoint","urlTemplate":"https:\/\/talkpal.ai\/bs\/?s={search_term_string}"},"query-input":{"@type":"PropertyValueSpecification","valueRequired":true,"valueName":"search_term_string"}}],"inLanguage":"bs-BA"},{"@type":"Organization","@id":"https:\/\/talkpal.ai\/bs\/#organization","name":"Talkpal, Inc.","alternateName":"Talkpal AI","url":"https:\/\/talkpal.ai\/bs\/","logo":{"@type":"ImageObject","inLanguage":"bs-BA","@id":"https:\/\/talkpal.ai\/bs\/#\/schema\/logo\/image\/","url":"https:\/\/talkpal.ai\/wp-content\/uploads\/2024\/03\/Talkpal-Logo-Icon.png","contentUrl":"https:\/\/talkpal.ai\/wp-content\/uploads\/2024\/03\/Talkpal-Logo-Icon.png","width":2880,"height":2880,"caption":"Talkpal, Inc."},"image":{"@id":"https:\/\/talkpal.ai\/bs\/#\/schema\/logo\/image\/"},"sameAs":["https:\/\/www.facebook.com\/profile.php?id=100090733639311","https:\/\/x.com\/talkpalai","https:\/\/www.linkedin.com\/company\/talkpal\/","https:\/\/www.youtube.com\/@TalkPal\/","https:\/\/www.tiktok.com\/@talkpal","https:\/\/www.instagram.com\/talkpal_ai\/","https:\/\/www.crunchbase.com\/organization\/talkpal-9cde","https:\/\/www.g2.com\/products\/talkpal-for-business\/","https:\/\/www.trustpilot.com\/review\/talkpal.ai","https:\/\/www.capterra.com\/p\/10006800\/TalkPal\/"],"description":"Talkpal is a language learning web and mobile education app, powered by the latest AI technologies, that provides engaging experiences to its customers in many different languages to help them improve their language skills. Users can chat about unlimited amount of topics with the app and use other modes to practice their language learning.","email":"support@talkpal.ai","legalName":"Talkpal, Inc.","foundingDate":"2023-04-03","duns":"118989042","numberOfEmployees":{"@type":"QuantitativeValue","minValue":"11","maxValue":"50"},"publishingPrinciples":"https:\/\/talkpal.ai\/publishing-principles\/","actionableFeedbackPolicy":"https:\/\/talkpal.ai\/actionable-feedback-policy\/","correctionsPolicy":"https:\/\/talkpal.ai\/corrections-policy\/","ethicsPolicy":"https:\/\/talkpal.ai\/ethics-policy\/","diversityPolicy":"https:\/\/talkpal.ai\/diversity-policy\/","diversityStaffingReport":"https:\/\/talkpal.ai\/diversity-policy\/"}]}},"_links":{"self":[{"href":"https:\/\/talkpal.ai\/bs\/wp-json\/wp\/v2\/pages\/145573","targetHints":{"allow":["GET"]}}],"collection":[{"href":"https:\/\/talkpal.ai\/bs\/wp-json\/wp\/v2\/pages"}],"about":[{"href":"https:\/\/talkpal.ai\/bs\/wp-json\/wp\/v2\/types\/page"}],"author":[{"embeddable":true,"href":"https:\/\/talkpal.ai\/bs\/wp-json\/wp\/v2\/users\/1"}],"replies":[{"embeddable":true,"href":"https:\/\/talkpal.ai\/bs\/wp-json\/wp\/v2\/comments?post=145573"}],"version-history":[{"count":0,"href":"https:\/\/talkpal.ai\/bs\/wp-json\/wp\/v2\/pages\/145573\/revisions"}],"wp:featuredmedia":[{"embeddable":true,"href":"https:\/\/talkpal.ai\/bs\/wp-json\/wp\/v2\/media\/113706"}],"wp:attachment":[{"href":"https:\/\/talkpal.ai\/bs\/wp-json\/wp\/v2\/media?parent=145573"}],"curies":[{"name":"wp","href":"https:\/\/api.w.org\/{rel}","templated":true}]}}