{"id":145225,"date":"2023-05-14T14:09:29","date_gmt":"2023-05-14T14:09:29","guid":{"rendered":"http:\/\/talkpal.ai\/indonezanska-gramatika\/"},"modified":"2025-12-13T15:44:34","modified_gmt":"2025-12-13T15:44:34","slug":"indonezanska-gramatika","status":"publish","type":"page","link":"https:\/\/talkpal.ai\/bs\/indonezanska-gramatika\/","title":{"rendered":"Indone\u017eanska gramatika"},"content":{"rendered":"\r\n\r\n\r\n<section class=\"languageChallengeSection\">\r\n    <div class=\"languageInfoWrapper\">\r\n        \r\n        <h1>Indone\u017eanska gramatika<\/h1>\r\n        <p>Zainteresovani ste za savladavanje indonezijskog jezika? Sa svojom jednostavnom gramatikom &#8211; bez konjugacija glagola, bez rodova imenica i jednostavnom strukturom re\u010denica &#8211; indonezijski je jedan od jezika najprilago\u0111enijih u\u010denicima. Zapo\u010dnite svoje putovanje ve\u0107 danas i uvjerite se kako vam razumijevanje indonezijske gramatike mo\u017ee brzo otvoriti svijet komunikacije i \u017eivopisnih kulturnih iskustava!<\/p>\r\n\r\n                            <a class=\"getStartedHidden\" href=\"https:\/\/app.talkpal.ai\/signup?lng=\">Kreni<\/a>\r\n        \r\n    <\/div>\r\n\r\n    <figure>\r\n    <img decoding=\"async\" width=\"768\" height=\"768\" src=\"https:\/\/talkpal.ai\/wp-content\/uploads\/2023\/06\/indonesia-768x768.png\" class=\"languageImage no-lazy\" alt=\"Language learning for personal achievement\" fetchpriority=\"high\" sizes=\"(max-width: 768px) 150px, 768px\" srcset=\"https:\/\/talkpal.ai\/wp-content\/uploads\/2023\/06\/indonesia-768x768.png 768w, https:\/\/talkpal.ai\/wp-content\/uploads\/2023\/06\/indonesia-300x300.png 300w\" \/>\r\n    \r\n\r\n    <\/figure>\r\n\r\n            <a class=\"getStartedVisible\" href=\"https:\/\/app.talkpal.ai\/signup?lng=\">Kreni<\/a>\r\n    \r\n<\/section>\r\n<section class=\"promotionalBanner\">\r\n    <p class=\"promotionalText\"><\/p>\r\n    <a class=\"promotionalLink\" href=\"https:\/\/app.talkpal.ai\/signup?lng=\"><\/a>\r\n<\/section>\n<div class=\"wp-block-group pageContainerStyle\"><div class=\"wp-block-group__inner-container is-layout-constrained wp-block-group-is-layout-constrained\">\n<h2 class=\"wp-block-heading\" id=\"h-the-wonders-of-indonesian-grammar-a-guide-for-language-learners\">\u010cuda indone\u017eanske gramatike: vodi\u010d za u\u010denike jezika<\/h2>\n\n\n\n<p>Indone\u017eanska <a href=\"https:\/\/talkpal.ai\/sq\/gramatika\/\">gramatika<\/a> \u2013 jednostavna, ali elegantna, gostoljubiva, ali privla\u010dna, pristupa\u010dna, ali o\u010daravaju\u0107a. Dok krenete na put ka u\u010denju indone\u017eanskog jezika, budite uvereni da \u0107e prihvatanje njegove gramatike biti prijatno iskustvo. Ovim \u010dlankom \u017eelimo da vam pru\u017eimo razumevanje klju\u010dnih aspekata indone\u017eanske gramatike i pomognemo vam da prihvatite lepotu ovog jezika jugoisto\u010dne Azije.<\/p>\n\n\n\n<p>Udubimo se u osnovne elemente indone\u017eanske gramatike, uz obja\u0161njenja i primjere koji pravila i koncepte \u010dine divno jasnima. Zato, zavalite se, opustite se, i dozvolite nam da vam otkrijemo fascinantne tajne indone\u017eanske gramatike.<\/p>\n\n\n\n<h3 class=\"wp-block-heading\" id=\"h-1-nouns-no-genders-no-plurals-no-stress\">1. imenice: nema spola, nema mno\u017eine, nema stresa!<\/h3>\n\n\n\n<p>Jedan od najosvje\u017eavaju\u0107ih aspekata indone\u017eanske gramatike je jednostavnost njenog imenog sistema. Indone\u017eanske imenice nemaju rodne ili mno\u017einske oblike. To zna\u010di da ka\u017eete &#8220;anjing&#8221; (pas) bilo da mislite na jedno \u0161tene ili grupu odraslih pasa.<\/p>\n\n\n\n<p>Da biste odredili oblik mno\u017eine, mo\u017eete ili ponoviti imenicu (npr. \u201canak-anak\u201d za \u201cdjecu\u201d) ili koristiti termin za koli\u010dinu poput \u201cbanyak\u201d (mnogo) ili \u201cbeberapa\u201d (neki). To je to! Nije li to da\u0161ak svje\u017eeg zraka u pore\u0111enju sa drugim jezicima?<\/p>\n\n\n\n<h3 class=\"wp-block-heading\" id=\"h-2-pronouns-staying-humble-and-respectful\">2. zamjenice: ostati skroman i respektabilan<\/h3>\n\n\n\n<p>Indone\u017eanska gramatika koristi razli\u010dite zamjenice na osnovu razli\u010ditih nivoa formalnosti. Kori\u0161\u0107enje odgovaraju\u0107e zamenice prilikom obra\u0107anja nekome je od su\u0161tinskog zna\u010daja za pokazivanje po\u0161tovanja i poniznosti. Na primjer, &#8220;aku&#8221; (ja\/ja) je le\u017eerno i intimno, &#8220;saya&#8221; je ljubazno i \u200b\u200bneutralno, a &#8220;saya&#8221; je formalno i skromno. Sli\u010dno, \u201ckamu\u201d (vi) je neformalno, \u201cAnda\u201d je ljubazno, a \u201cBapak\/Ibu\u201d (gospodine\/gospo\u0111o) je rezervisano za visoko formalne situacije.<\/p>\n\n\n\n<p>Zapamtite, uvijek je dobra ideja pogrije\u0161iti na strani pristojnosti u novim ili neizvjesnim situacijama.<\/p>\n\n\n\n<h3 class=\"wp-block-heading\" id=\"h-3-verbs-no-conjugations-but-prefixes-and-suffixes-galore\">3. glagoli: Nema konjugacija, ali prefiksi i sufiksi Galore!<\/h3>\n\n\n\n<p>Indone\u017eanski glagoli ostaju nepromijenjeni bez obzira na napetost, raspolo\u017eenje ili temu, \u0161to ih \u010dini mnogo jednostavnijim od glagola u mnogim drugim jezicima. Me\u0111utim, mora\u0107ete da savladate upotrebu prefiksa i sufiksa da biste promenili zna\u010denje glagola.<\/p>\n\n\n\n<p>Neki uobi\u010dajeni prefiksi uklju\u010duju \u201cme-\u201d (aktivni glagoli), \u201cdi-\u201d (pasivni glagoli) i \u201cber-\u201d (statativni glagoli). Uobi\u010dajeni sufiksi uklju\u010duju \u201c-kan\u201d (kauzativni glagoli) i \u201c-i\u201d (prijelazni glagoli). Na primjer, \u201cmakan\u201d zna\u010di \u201cjesti\u201d, \u201cmemakan\u201d zna\u010di \u201ckonzumirati\u201d, a \u201cdimakan\u201d zna\u010di \u201cbiti pojeden\u201d.<\/p>\n\n\n\n<h3 class=\"wp-block-heading\" id=\"h-4-word-order-subject-verb-object-simplicity\">4. redoslijed rije\u010di: jednostavnost subjekt-glagol-objekt!<\/h3>\n\n\n\n<p>Indone\u017eanska gramatika slijedi jednostavan redoslijed rije\u010di Subject-Verb-Object (SVO), sli\u010dan engleskom. Ovo \u010dini konstrukciju re\u010denica i razumevanje mnogo lak\u0161im za govornike engleskog jezika. Na primjer, \u201cSaya memakan pisang\u201d se prevodi direktno u \u201cJa (subjekt) jedem (glagol) bananu (objekat).\u201d<\/p>\n\n\n\n<h3 class=\"wp-block-heading\" id=\"h-5-immerse-yourself-in-indonesian-practice-makes-perfect\">5. uronite u Indoneziju: Praksa \u010dini savr\u0161enim<\/h3>\n\n\n\n<p>Lepota indone\u017eanske gramatike le\u017ei u njenoj jednostavnosti i pristupa\u010dnosti. Redovna praksa kroz \u010ditanje, pisanje, slu\u0161anje i govor pomo\u0107i \u0107e vam da savladate jezik i njegovu gramatiku. Prihvatite izazove, osvojite slo\u017eenost i otklju\u010dajte pravi \u0161arm indone\u017eanskog jezika.<\/p>\n\n\n\n<p>Dakle, jeste li spremni da zaronite u \u010duda indone\u017eanske gramatike? Pristupite mu sa samopouzdanjem i radoznalo\u0161\u0107u, a sa posve\u0107eno\u0161\u0107u i uzbu\u0111enjem, uskoro mo\u017eete postati elokventni indone\u017eanski govornik. Selamat belajar! (Sre\u0107no studiranje!)<\/p>\n<\/div><\/div>\n\r\n<section class=\"learnNavigationSection\">\r\n            \r\n        <a href=\"https:\/\/talkpal.ai\/bs\/nauci-indonezanski\/\">\r\n            <div class=\"learnNavigationWrapper\">\r\n                <div class=\"learnNavigationContent\">\r\n                    <img decoding=\"async\" src=\"https:\/\/talkpal.ai\/wp-content\/uploads\/2024\/08\/Indonesian.jpg\" alt=\"Indonesian Flag\">\r\n                    <div>\r\n                        <h4>O Indonezijskom u\u010denju<\/h4>\r\n                        <p>Saznaj sve o indone\u017eanskoj gramatici.<\/p>\r\n                    <\/div>\r\n                <\/div>\r\n            <\/div>\r\n        <\/a>\r\n\r\n        \r\n        <a href=\"https:\/\/talkpal.ai\/bs\/indonezanske-gramaticke-vezbe\/\">\r\n            <div class=\"learnNavigationWrapper\">\r\n                <div class=\"learnNavigationContent\">\r\n                    <img decoding=\"async\" src=\"https:\/\/talkpal.ai\/wp-content\/uploads\/2024\/08\/Indonesian.jpg\" alt=\"Indonesian Flag\">\r\n                    <div>\r\n                        <h4>Indonezijska gramati\u010dka vje\u017eba<\/h4>\r\n                        <p>Praktikuj indone\u017eansku gramatiku.<\/p>\r\n                    <\/div>\r\n                <\/div>\r\n            <\/div>\r\n        <\/a>\r\n\r\n        \r\n        <a href=\"https:\/\/talkpal.ai\/vocabulary_language\/indonesian\/\">\r\n            <div class=\"learnNavigationWrapper\">\r\n                <div class=\"learnNavigationContent\">\r\n                    <img decoding=\"async\" src=\"https:\/\/talkpal.ai\/wp-content\/uploads\/2024\/08\/Indonesian.jpg\" alt=\"Indonesian Flag\">\r\n                    <div>\r\n                        <h4>Indonezijski vokabular<\/h4>\r\n                        <p>Pro\u0161irite svoj indonezijski vokabular.<\/p>\r\n                    <\/div>\r\n                <\/div>\r\n            <\/div>\r\n        <\/a>\r\n\r\n            <\/section>","protected":false},"excerpt":{"rendered":"<p>\u010cuda indone\u017eanske gramatike: vodi\u010d za u\u010denike jezika Indone\u017eanska gramatika \u2013 jednostavna, ali elegantna, gostoljubiva, ali privla\u010dna, pristupa\u010dna, ali o\u010daravaju\u0107a. Dok krenete na put ka u\u010denju indone\u017eanskog jezika, budite uvereni da \u0107e prihvatanje njegove gramatike biti prijatno iskustvo. Ovim \u010dlankom \u017eelimo da vam pru\u017eimo razumevanje klju\u010dnih aspekata indone\u017eanske gramatike i pomognemo vam da prihvatite lepotu ovog [&hellip;]<\/p>\n","protected":false},"author":1,"featured_media":113944,"parent":0,"menu_order":0,"comment_status":"closed","ping_status":"closed","template":"LearningContentPage.php","meta":{"_acf_changed":false,"footnotes":""},"class_list":["post-145225","page","type-page","status-publish","has-post-thumbnail","hentry"],"acf":[],"yoast_head":"<!-- This site is optimized with the Yoast SEO Premium plugin v27.2 (Yoast SEO v27.2) - https:\/\/yoast.com\/product\/yoast-seo-premium-wordpress\/ -->\n<title>Indone\u017eanska gramatika - Talkpal<\/title>\n<meta name=\"description\" content=\"Savladajte indonezijsku gramatiku bez napora uz Talkpal aplikaciju za u\u010denje jezika zasnovanu na umjetnoj inteligenciji. Komunicirajte s povjerenjem koriste\u0107i Talkpal -ovo navo\u0111enje zasnovano na umjetnoj inteligenciji.\" \/>\n<meta name=\"robots\" content=\"index, follow, max-snippet:-1, max-image-preview:large, max-video-preview:-1\" \/>\n<link rel=\"canonical\" href=\"https:\/\/talkpal.ai\/bs\/indonezanska-gramatika\/\" \/>\n<meta property=\"og:locale\" content=\"bs_BA\" \/>\n<meta property=\"og:type\" content=\"article\" \/>\n<meta property=\"og:title\" content=\"Indone\u017eanska gramatika\" \/>\n<meta property=\"og:description\" content=\"\u010cuda indone\u017eanske gramatike: vodi\u010d za u\u010denike jezika Indone\u017eanska gramatika \u2013 jednostavna, ali elegantna, gostoljubiva, ali privla\u010dna, pristupa\u010dna, ali\" \/>\n<meta property=\"og:url\" content=\"https:\/\/talkpal.ai\/bs\/indonezanska-gramatika\/\" \/>\n<meta property=\"og:site_name\" content=\"Talkpal\" \/>\n<meta property=\"article:publisher\" content=\"https:\/\/www.facebook.com\/profile.php?id=100090733639311\" \/>\n<meta property=\"article:modified_time\" content=\"2025-12-13T15:44:34+00:00\" \/>\n<meta property=\"og:image\" content=\"https:\/\/talkpal.ai\/wp-content\/uploads\/2023\/05\/indonesia.png\" \/>\n\t<meta property=\"og:image:width\" content=\"512\" \/>\n\t<meta property=\"og:image:height\" content=\"512\" \/>\n\t<meta property=\"og:image:type\" content=\"image\/png\" \/>\n<meta name=\"twitter:card\" content=\"summary_large_image\" \/>\n<meta name=\"twitter:site\" content=\"@talkpalai\" \/>\n<meta name=\"twitter:label1\" content=\"Est. reading time\" \/>\n\t<meta name=\"twitter:data1\" content=\"3 minute\" \/>\n<script type=\"application\/ld+json\" class=\"yoast-schema-graph\">{\"@context\":\"https:\/\/schema.org\",\"@graph\":[{\"@type\":\"WebPage\",\"@id\":\"https:\/\/talkpal.ai\/bs\/indonezanska-gramatika\/\",\"url\":\"https:\/\/talkpal.ai\/bs\/indonezanska-gramatika\/\",\"name\":\"Indone\u017eanska gramatika - Talkpal\",\"isPartOf\":{\"@id\":\"https:\/\/talkpal.ai\/bs\/#website\"},\"primaryImageOfPage\":{\"@id\":\"https:\/\/talkpal.ai\/bs\/indonezanska-gramatika\/#primaryimage\"},\"image\":{\"@id\":\"https:\/\/talkpal.ai\/bs\/indonezanska-gramatika\/#primaryimage\"},\"thumbnailUrl\":\"https:\/\/talkpal.ai\/wp-content\/uploads\/2023\/05\/indonesia.png\",\"datePublished\":\"2023-05-14T14:09:29+00:00\",\"dateModified\":\"2025-12-13T15:44:34+00:00\",\"description\":\"Savladajte indonezijsku gramatiku bez napora uz Talkpal aplikaciju za u\u010denje jezika zasnovanu na umjetnoj inteligenciji. Komunicirajte s povjerenjem koriste\u0107i Talkpal -ovo navo\u0111enje zasnovano na umjetnoj inteligenciji.\",\"breadcrumb\":{\"@id\":\"https:\/\/talkpal.ai\/bs\/indonezanska-gramatika\/#breadcrumb\"},\"inLanguage\":\"bs-BA\",\"potentialAction\":[{\"@type\":\"ReadAction\",\"target\":[\"https:\/\/talkpal.ai\/bs\/indonezanska-gramatika\/\"]}]},{\"@type\":\"ImageObject\",\"inLanguage\":\"bs-BA\",\"@id\":\"https:\/\/talkpal.ai\/bs\/indonezanska-gramatika\/#primaryimage\",\"url\":\"https:\/\/talkpal.ai\/wp-content\/uploads\/2023\/05\/indonesia.png\",\"contentUrl\":\"https:\/\/talkpal.ai\/wp-content\/uploads\/2023\/05\/indonesia.png\",\"width\":512,\"height\":512},{\"@type\":\"BreadcrumbList\",\"@id\":\"https:\/\/talkpal.ai\/bs\/indonezanska-gramatika\/#breadcrumb\",\"itemListElement\":[{\"@type\":\"ListItem\",\"position\":1,\"name\":\"Homepage\",\"item\":\"https:\/\/talkpal.ai\/bs\/\"},{\"@type\":\"ListItem\",\"position\":2,\"name\":\"Indone\u017eanska gramatika\"}]},{\"@type\":\"WebSite\",\"@id\":\"https:\/\/talkpal.ai\/bs\/#website\",\"url\":\"https:\/\/talkpal.ai\/bs\/\",\"name\":\"Talkpal\",\"description\":\"AI Language Learning\",\"publisher\":{\"@id\":\"https:\/\/talkpal.ai\/bs\/#organization\"},\"alternateName\":\"Talkpal AI\",\"potentialAction\":[{\"@type\":\"SearchAction\",\"target\":{\"@type\":\"EntryPoint\",\"urlTemplate\":\"https:\/\/talkpal.ai\/bs\/?s={search_term_string}\"},\"query-input\":{\"@type\":\"PropertyValueSpecification\",\"valueRequired\":true,\"valueName\":\"search_term_string\"}}],\"inLanguage\":\"bs-BA\"},{\"@type\":\"Organization\",\"@id\":\"https:\/\/talkpal.ai\/bs\/#organization\",\"name\":\"Talkpal, Inc.\",\"alternateName\":\"Talkpal AI\",\"url\":\"https:\/\/talkpal.ai\/bs\/\",\"logo\":{\"@type\":\"ImageObject\",\"inLanguage\":\"bs-BA\",\"@id\":\"https:\/\/talkpal.ai\/bs\/#\/schema\/logo\/image\/\",\"url\":\"https:\/\/talkpal.ai\/wp-content\/uploads\/2024\/03\/Talkpal-Logo-Icon.png\",\"contentUrl\":\"https:\/\/talkpal.ai\/wp-content\/uploads\/2024\/03\/Talkpal-Logo-Icon.png\",\"width\":2880,\"height\":2880,\"caption\":\"Talkpal, Inc.\"},\"image\":{\"@id\":\"https:\/\/talkpal.ai\/bs\/#\/schema\/logo\/image\/\"},\"sameAs\":[\"https:\/\/www.facebook.com\/profile.php?id=100090733639311\",\"https:\/\/x.com\/talkpalai\",\"https:\/\/www.linkedin.com\/company\/talkpal\/\",\"https:\/\/www.youtube.com\/@TalkPal\/\",\"https:\/\/www.tiktok.com\/@talkpal\",\"https:\/\/www.instagram.com\/talkpal_ai\/\",\"https:\/\/www.crunchbase.com\/organization\/talkpal-9cde\",\"https:\/\/www.g2.com\/products\/talkpal-for-business\/\",\"https:\/\/www.trustpilot.com\/review\/talkpal.ai\",\"https:\/\/www.capterra.com\/p\/10006800\/TalkPal\/\"],\"description\":\"Talkpal is a language learning web and mobile education app, powered by the latest AI technologies, that provides engaging experiences to its customers in many different languages to help them improve their language skills. Users can chat about unlimited amount of topics with the app and use other modes to practice their language learning.\",\"email\":\"support@talkpal.ai\",\"legalName\":\"Talkpal, Inc.\",\"foundingDate\":\"2023-04-03\",\"duns\":\"118989042\",\"numberOfEmployees\":{\"@type\":\"QuantitativeValue\",\"minValue\":\"11\",\"maxValue\":\"50\"},\"publishingPrinciples\":\"https:\/\/talkpal.ai\/publishing-principles\/\",\"actionableFeedbackPolicy\":\"https:\/\/talkpal.ai\/actionable-feedback-policy\/\",\"correctionsPolicy\":\"https:\/\/talkpal.ai\/corrections-policy\/\",\"ethicsPolicy\":\"https:\/\/talkpal.ai\/ethics-policy\/\",\"diversityPolicy\":\"https:\/\/talkpal.ai\/diversity-policy\/\",\"diversityStaffingReport\":\"https:\/\/talkpal.ai\/diversity-policy\/\"}]}<\/script>\n<!-- \/ Yoast SEO Premium plugin. -->","yoast_head_json":{"title":"Indone\u017eanska gramatika - Talkpal","description":"Savladajte indonezijsku gramatiku bez napora uz Talkpal aplikaciju za u\u010denje jezika zasnovanu na umjetnoj inteligenciji. Komunicirajte s povjerenjem koriste\u0107i Talkpal -ovo navo\u0111enje zasnovano na umjetnoj inteligenciji.","robots":{"index":"index","follow":"follow","max-snippet":"max-snippet:-1","max-image-preview":"max-image-preview:large","max-video-preview":"max-video-preview:-1"},"canonical":"https:\/\/talkpal.ai\/bs\/indonezanska-gramatika\/","og_locale":"bs_BA","og_type":"article","og_title":"Indone\u017eanska gramatika","og_description":"\u010cuda indone\u017eanske gramatike: vodi\u010d za u\u010denike jezika Indone\u017eanska gramatika \u2013 jednostavna, ali elegantna, gostoljubiva, ali privla\u010dna, pristupa\u010dna, ali","og_url":"https:\/\/talkpal.ai\/bs\/indonezanska-gramatika\/","og_site_name":"Talkpal","article_publisher":"https:\/\/www.facebook.com\/profile.php?id=100090733639311","article_modified_time":"2025-12-13T15:44:34+00:00","og_image":[{"width":512,"height":512,"url":"https:\/\/talkpal.ai\/wp-content\/uploads\/2023\/05\/indonesia.png","type":"image\/png"}],"twitter_card":"summary_large_image","twitter_site":"@talkpalai","twitter_misc":{"Est. reading time":"3 minute"},"schema":{"@context":"https:\/\/schema.org","@graph":[{"@type":"WebPage","@id":"https:\/\/talkpal.ai\/bs\/indonezanska-gramatika\/","url":"https:\/\/talkpal.ai\/bs\/indonezanska-gramatika\/","name":"Indone\u017eanska gramatika - Talkpal","isPartOf":{"@id":"https:\/\/talkpal.ai\/bs\/#website"},"primaryImageOfPage":{"@id":"https:\/\/talkpal.ai\/bs\/indonezanska-gramatika\/#primaryimage"},"image":{"@id":"https:\/\/talkpal.ai\/bs\/indonezanska-gramatika\/#primaryimage"},"thumbnailUrl":"https:\/\/talkpal.ai\/wp-content\/uploads\/2023\/05\/indonesia.png","datePublished":"2023-05-14T14:09:29+00:00","dateModified":"2025-12-13T15:44:34+00:00","description":"Savladajte indonezijsku gramatiku bez napora uz Talkpal aplikaciju za u\u010denje jezika zasnovanu na umjetnoj inteligenciji. Komunicirajte s povjerenjem koriste\u0107i Talkpal -ovo navo\u0111enje zasnovano na umjetnoj inteligenciji.","breadcrumb":{"@id":"https:\/\/talkpal.ai\/bs\/indonezanska-gramatika\/#breadcrumb"},"inLanguage":"bs-BA","potentialAction":[{"@type":"ReadAction","target":["https:\/\/talkpal.ai\/bs\/indonezanska-gramatika\/"]}]},{"@type":"ImageObject","inLanguage":"bs-BA","@id":"https:\/\/talkpal.ai\/bs\/indonezanska-gramatika\/#primaryimage","url":"https:\/\/talkpal.ai\/wp-content\/uploads\/2023\/05\/indonesia.png","contentUrl":"https:\/\/talkpal.ai\/wp-content\/uploads\/2023\/05\/indonesia.png","width":512,"height":512},{"@type":"BreadcrumbList","@id":"https:\/\/talkpal.ai\/bs\/indonezanska-gramatika\/#breadcrumb","itemListElement":[{"@type":"ListItem","position":1,"name":"Homepage","item":"https:\/\/talkpal.ai\/bs\/"},{"@type":"ListItem","position":2,"name":"Indone\u017eanska gramatika"}]},{"@type":"WebSite","@id":"https:\/\/talkpal.ai\/bs\/#website","url":"https:\/\/talkpal.ai\/bs\/","name":"Talkpal","description":"AI Language Learning","publisher":{"@id":"https:\/\/talkpal.ai\/bs\/#organization"},"alternateName":"Talkpal AI","potentialAction":[{"@type":"SearchAction","target":{"@type":"EntryPoint","urlTemplate":"https:\/\/talkpal.ai\/bs\/?s={search_term_string}"},"query-input":{"@type":"PropertyValueSpecification","valueRequired":true,"valueName":"search_term_string"}}],"inLanguage":"bs-BA"},{"@type":"Organization","@id":"https:\/\/talkpal.ai\/bs\/#organization","name":"Talkpal, Inc.","alternateName":"Talkpal AI","url":"https:\/\/talkpal.ai\/bs\/","logo":{"@type":"ImageObject","inLanguage":"bs-BA","@id":"https:\/\/talkpal.ai\/bs\/#\/schema\/logo\/image\/","url":"https:\/\/talkpal.ai\/wp-content\/uploads\/2024\/03\/Talkpal-Logo-Icon.png","contentUrl":"https:\/\/talkpal.ai\/wp-content\/uploads\/2024\/03\/Talkpal-Logo-Icon.png","width":2880,"height":2880,"caption":"Talkpal, Inc."},"image":{"@id":"https:\/\/talkpal.ai\/bs\/#\/schema\/logo\/image\/"},"sameAs":["https:\/\/www.facebook.com\/profile.php?id=100090733639311","https:\/\/x.com\/talkpalai","https:\/\/www.linkedin.com\/company\/talkpal\/","https:\/\/www.youtube.com\/@TalkPal\/","https:\/\/www.tiktok.com\/@talkpal","https:\/\/www.instagram.com\/talkpal_ai\/","https:\/\/www.crunchbase.com\/organization\/talkpal-9cde","https:\/\/www.g2.com\/products\/talkpal-for-business\/","https:\/\/www.trustpilot.com\/review\/talkpal.ai","https:\/\/www.capterra.com\/p\/10006800\/TalkPal\/"],"description":"Talkpal is a language learning web and mobile education app, powered by the latest AI technologies, that provides engaging experiences to its customers in many different languages to help them improve their language skills. Users can chat about unlimited amount of topics with the app and use other modes to practice their language learning.","email":"support@talkpal.ai","legalName":"Talkpal, Inc.","foundingDate":"2023-04-03","duns":"118989042","numberOfEmployees":{"@type":"QuantitativeValue","minValue":"11","maxValue":"50"},"publishingPrinciples":"https:\/\/talkpal.ai\/publishing-principles\/","actionableFeedbackPolicy":"https:\/\/talkpal.ai\/actionable-feedback-policy\/","correctionsPolicy":"https:\/\/talkpal.ai\/corrections-policy\/","ethicsPolicy":"https:\/\/talkpal.ai\/ethics-policy\/","diversityPolicy":"https:\/\/talkpal.ai\/diversity-policy\/","diversityStaffingReport":"https:\/\/talkpal.ai\/diversity-policy\/"}]}},"_links":{"self":[{"href":"https:\/\/talkpal.ai\/bs\/wp-json\/wp\/v2\/pages\/145225","targetHints":{"allow":["GET"]}}],"collection":[{"href":"https:\/\/talkpal.ai\/bs\/wp-json\/wp\/v2\/pages"}],"about":[{"href":"https:\/\/talkpal.ai\/bs\/wp-json\/wp\/v2\/types\/page"}],"author":[{"embeddable":true,"href":"https:\/\/talkpal.ai\/bs\/wp-json\/wp\/v2\/users\/1"}],"replies":[{"embeddable":true,"href":"https:\/\/talkpal.ai\/bs\/wp-json\/wp\/v2\/comments?post=145225"}],"version-history":[{"count":0,"href":"https:\/\/talkpal.ai\/bs\/wp-json\/wp\/v2\/pages\/145225\/revisions"}],"wp:featuredmedia":[{"embeddable":true,"href":"https:\/\/talkpal.ai\/bs\/wp-json\/wp\/v2\/media\/113944"}],"wp:attachment":[{"href":"https:\/\/talkpal.ai\/bs\/wp-json\/wp\/v2\/media?parent=145225"}],"curies":[{"name":"wp","href":"https:\/\/api.w.org\/{rel}","templated":true}]}}