{"id":144925,"date":"2023-05-14T14:09:11","date_gmt":"2023-05-14T14:09:11","guid":{"rendered":"http:\/\/talkpal.ai\/islandska-gramatika\/"},"modified":"2025-12-12T10:41:31","modified_gmt":"2025-12-12T10:41:31","slug":"islandska-gramatika","status":"publish","type":"page","link":"https:\/\/talkpal.ai\/bs\/islandska-gramatika\/","title":{"rendered":"islandska gramatika"},"content":{"rendered":"\r\n\r\n\r\n<section class=\"languageChallengeSection\">\r\n    <div class=\"languageInfoWrapper\">\r\n        \r\n        <h1>islandska gramatika<\/h1>\r\n        <p>Istra\u017eite fascinantnu strukturu islandskog jezika u\u010de\u0107i njegova osnovna gramati\u010dka pravila. Savladavanje islandske gramatike pomo\u0107i \u0107e vam da efikasno komunicirate i dublje se pove\u017eete s jedinstvenom kulturom i historijom Islanda. Po\u010dnite u\u010diti islandsku gramatiku ve\u0107 danas i napravite prvi korak ka te\u010dnom govoru!<\/p>\r\n\r\n                            <a class=\"getStartedHidden\" href=\"https:\/\/app.talkpal.ai\/signup?lng=\">Kreni<\/a>\r\n        \r\n    <\/div>\r\n\r\n    <figure>\r\n    <img decoding=\"async\" width=\"768\" height=\"768\" src=\"https:\/\/talkpal.ai\/wp-content\/uploads\/2023\/06\/Icelandic-768x768.png\" class=\"languageImage no-lazy\" alt=\"Language learning for better job opportunities\" fetchpriority=\"high\" sizes=\"(max-width: 768px) 150px, 768px\" srcset=\"https:\/\/talkpal.ai\/wp-content\/uploads\/2023\/06\/Icelandic-768x768.png 768w, https:\/\/talkpal.ai\/wp-content\/uploads\/2023\/06\/Icelandic-300x300.png 300w\" \/>\r\n    \r\n\r\n    <\/figure>\r\n\r\n            <a class=\"getStartedVisible\" href=\"https:\/\/app.talkpal.ai\/signup?lng=\">Kreni<\/a>\r\n    \r\n<\/section>\r\n<section class=\"promotionalBanner\">\r\n    <p class=\"promotionalText\">Najefikasniji na\u010din za u\u010denje jezika<\/p>\r\n    <a class=\"promotionalLink\" href=\"https:\/\/app.talkpal.ai\/signup?lng=\">Isprobajte Talkpal besplatno<\/a>\r\n<\/section>\n<div class=\"wp-block-group pageContainerStyle\"><div class=\"wp-block-group__inner-container is-layout-constrained wp-block-group-is-layout-constrained\">\n<h2 class=\"wp-block-heading\" id=\"h-the-magic-of-icelandic-grammar-unlocking-the-secrets-of-the-viking-tongue\">Magija islandske gramatike: Otklju\u010davanje tajni vikin\u0161kog jezika<\/h2>\n\n\n\n<h3 class=\"wp-block-heading\" id=\"h-introduction-icelandic-the-land-of-fire-and-ice\">Islandski, zemlja vatre i leda<\/h3>\n\n\n\n<p><a href=\"https:\/\/talkpal.ai\/learn-icelandic\/\">Islandski<\/a> jezik, kojim govore ljudi zadivljuju\u0107e ostrvske dr\u017eave Island, poznat je po svojoj bogatoj istoriji, o\u010daravaju\u0107oj pesni\u010dkoj tradiciji i izuzetnoj sposobnosti prilago\u0111avanja i razvoja sa vremenom. Potomak staronordijskog, <a href=\"https:\/\/talkpal.ai\/learn-icelandic\/\">islandski<\/a> ima poseban \u0161arm koji o\u010darava ljubitelje jezika i ambiciozne poliglote. Zato, ve\u017eite pojaseve, narode! Upravo \u0107emo zaroniti u prekrasan, slo\u017een svijet islandske gramatike, otkrivaju\u0107i njene misterije i otkrivaju\u0107i njena skrivena blaga usput.<\/p>\n\n\n\n<h3 class=\"wp-block-heading\" id=\"h-1-runic-scripts-to-latin-alphabet-a-story-of-transformation\">Runska pisma na latinicu: pri\u010da o transformaciji<\/h3>\n\n\n\n<p>Islandska abeceda je avantura <a href=\"https:\/\/talkpal.ai\/locations\/language-courses-in-sama\/\">sama<\/a> po sebi, <a href=\"https:\/\/talkpal.ai\/locations\/language-courses-in-koja\/\">koja<\/a> se sastoji od 32 znaka koji poti\u010du iz razli\u010ditih istorijskih korena. Iako se prvenstveno zasniva na latinskom pismu, abeceda je zadr\u017eala neke karakteristi\u010dne znakove od runskog pisma svojih drevnih nordijskih predaka. Ovladavanje ovim likovima je prva prepreka u u\u010denju jezika, ali uz vje\u017ebu, brzo \u0107ete postati majstor!<\/p>\n\n\n\n<h3 class=\"wp-block-heading\" id=\"h-2-noun-mastery-getting-to-the-roots-of-icelandic-grammar\">2. imenica majstorstvo: do\u0107i do korijena islandske gramatike<\/h3>\n\n\n\n<p>Jedna od osnovnih karakteristika islandske gramatike je infleksija imenica po polu, broju i slu\u010daju. Islandske imenice mogu biti \u017eenske, mu\u0161ke ili kauterske, a svaki rod dolazi sa svojim jedinstvenim setom pravila za deklinaciju. Iako ovo mo\u017ee izgledati kao vo\u017enja jezi\u010dkim rolerkosterom, razumevanje ovih zamr\u0161enosti je od su\u0161tinskog zna\u010daja za razumevanje jezika u celini. Znanje koje steknete otvorit \u0107e vam svijet mogu\u0107nosti za izra\u017eavanje niza suptilnih i slo\u017eenih zna\u010denja \u2013 prava slava islandske gramatike!<\/p>\n\n\n\n<h3 class=\"wp-block-heading\" id=\"h-3-the-mighty-verb-icelandic-s-unsung-hero\">3. Mo\u0107ni glagol: neopjevani heroj Islanda<\/h3>\n\n\n\n<p>Kao i imenice, islandski glagoli prolaze kroz opse\u017enu transformaciju u zavisnosti od njihovog vremena, raspolo\u017eenja, osobe i broja subjekta. Ovaj zamr\u0161eni sistem u po\u010detku mo\u017ee biti zastra\u0161uju\u0107i, ali izdr\u017eite sa mnom! Kako budete nau\u010dili pravilne obrasce i nepravilne neobi\u010dnosti, po\u010det \u0107ete uvi\u0111ati koliko elegantna i svestrana konjugacija islandskih glagola mo\u017ee biti. Osvajanje islandskih glagola otklju\u010da\u0107e mo\u0107 izra\u017eavanja misli, ose\u0107anja i akcija sa precizno\u0161\u0107u i kreativno\u0161\u0107u.<\/p>\n\n\n\n<h3 class=\"wp-block-heading\" id=\"h-4-word-order-icelandic-s-flexible-backbone\">4. Red rije\u010di: fleksibilna ki\u010dma Islanda<\/h3>\n\n\n\n<p>Za razliku od krutosti nekih elemenata islandske gramatike, jezik nudi fleksibilnost u redoslijedu rije\u010di. To zna\u010di da mo\u017eete staviti subjekt, glagol i objekat u razli\u010dite aran\u017emane sve dok odr\u017eavate saglasnost u rodu, broju, pade\u017eima i jo\u0161 mnogo toga \u2013 oslobodit \u0107ete umjetnika u sebi! Prilago\u0111avanje re\u010denica na ovaj razigrani na\u010din mo\u017ee pomo\u0107i u stvaranju naglaska, nijansi i konverzacijskog tona, \u010dine\u0107i va\u0161 govor privla\u010dnijim i prijatnijim.<\/p>\n\n\n\n<h3 class=\"wp-block-heading\" id=\"h-5-embrace-the-culture-discover-the-pulse-of-the-icelandic-language\">Prigrli kulturu: otkrijte puls islandskog jezika<\/h3>\n\n\n\n<p><a href=\"https:\/\/talkpal.ai\/hr\/ucenje-islandskog-jezika\/\">Islandski jezik<\/a> se ne mo\u017ee odvojiti od svojih kulturnih korijena, sa jakim vezama sa sagama, Eddama i jedinstvenom istorijom i pogledom na svijet. Da biste zaista uronjeni u jezik, prihvatite njegov kontekst svesrdno. Zaronite u njegov folklor, pro\u017edirite njegovo knji\u017eevno blago i anga\u017eujte se sa izvornim govornicima. Ovaj pristup je klju\u010dan za postizanje i jezi\u010dke sposobnosti i dublje veze sa islandskim narodom i njihovim bogatim kulturnim nasle\u0111em.<\/p>\n\n\n\n<h3 class=\"wp-block-heading\" id=\"h-conclusion-an-icelandic-grammar-journey-worth-taking\">Zaklju\u010dak: Islandsko gramati\u010dko putovanje vrijedno polaganja<\/h3>\n\n\n\n<p>Iako <a href=\"https:\/\/talkpal.ai\/icelandic-grammar\/\">islandska gramatika<\/a> mo\u017ee izgledati kao veliki izazov, nagrade su obilne za one koji se zala\u017eu. Uz upornost, veliko interesovanje za kulturu i velikodu\u0161no prskanje radoznalosti, na\u0107i \u0107ete se op\u010dinjeni zamr\u0161enostima islandskog jezika. Dakle, pridru\u017eite nam se u ovoj avanturi i otkrijte magiju islandske gramatike, jedan po jedan uzbudljiv korak.<\/p>\n<\/div><\/div>\n\r\n<section class=\"learnNavigationSection\">\r\n            \r\n        <a href=\"https:\/\/talkpal.ai\/bs\/nauci-islandski\/\">\r\n            <div class=\"learnNavigationWrapper\">\r\n                <div class=\"learnNavigationContent\">\r\n                    <img decoding=\"async\" src=\"https:\/\/talkpal.ai\/wp-content\/uploads\/2024\/08\/Icelandic.jpg\" alt=\"Iceland Flag\">\r\n                    <div>\r\n                        <h4>O u\u010denju islandskog<\/h4>\r\n                        <p>Saznaj sve o islandskoj gramatici.<\/p>\r\n                    <\/div>\r\n                <\/div>\r\n            <\/div>\r\n        <\/a>\r\n\r\n        \r\n        <a href=\"https:\/\/talkpal.ai\/bs\/islandske-gramaticke-vezbe\/\">\r\n            <div class=\"learnNavigationWrapper\">\r\n                <div class=\"learnNavigationContent\">\r\n                    <img decoding=\"async\" src=\"https:\/\/talkpal.ai\/wp-content\/uploads\/2024\/08\/Icelandic.jpg\" alt=\"Iceland Flag\">\r\n                    <div>\r\n                        <h4>Vje\u017eba iz islandske gramatike<\/h4>\r\n                        <p>Praktikuj islandsku gramatiku.<\/p>\r\n                    <\/div>\r\n                <\/div>\r\n            <\/div>\r\n        <\/a>\r\n\r\n        \r\n        <a href=\"https:\/\/talkpal.ai\/vocabulary_language\/icelandic\/\">\r\n            <div class=\"learnNavigationWrapper\">\r\n                <div class=\"learnNavigationContent\">\r\n                    <img decoding=\"async\" src=\"https:\/\/talkpal.ai\/wp-content\/uploads\/2024\/08\/Icelandic.jpg\" alt=\"Iceland Flag\">\r\n                    <div>\r\n                        <h4>Islandski vokabular<\/h4>\r\n                        <p>Pro\u0161irite svoj islandski vokabular.<\/p>\r\n                    <\/div>\r\n                <\/div>\r\n            <\/div>\r\n        <\/a>\r\n\r\n            <\/section>","protected":false},"excerpt":{"rendered":"<p>Magija islandske gramatike: Otklju\u010davanje tajni vikin\u0161kog jezika Islandski, zemlja vatre i leda Islandski jezik, kojim govore ljudi zadivljuju\u0107e ostrvske dr\u017eave Island, poznat je po svojoj bogatoj istoriji, o\u010daravaju\u0107oj pesni\u010dkoj tradiciji i izuzetnoj sposobnosti prilago\u0111avanja i razvoja sa vremenom. Potomak staronordijskog, islandski ima poseban \u0161arm koji o\u010darava ljubitelje jezika i ambiciozne poliglote. Zato, ve\u017eite pojaseve, narode! [&hellip;]<\/p>\n","protected":false},"author":1,"featured_media":113423,"parent":0,"menu_order":0,"comment_status":"closed","ping_status":"closed","template":"LearningContentPage.php","meta":{"_acf_changed":false,"footnotes":""},"class_list":["post-144925","page","type-page","status-publish","has-post-thumbnail","hentry"],"acf":[],"yoast_head":"<!-- This site is optimized with the Yoast SEO Premium plugin v27.2 (Yoast SEO v27.2) - https:\/\/yoast.com\/product\/yoast-seo-premium-wordpress\/ -->\n<title>islandska gramatika - Talkpal<\/title>\n<meta name=\"description\" content=\"Nau\u010dite islandsku gramatiku jasno - shvatite klju\u010dna gramati\u010dka pravila, formirajte ispravne re\u010denice i brzo pove\u0107ajte samopouzdanje koriste\u0107i Talkpal -ove AI lekcije.\" \/>\n<meta name=\"robots\" content=\"index, follow, max-snippet:-1, max-image-preview:large, max-video-preview:-1\" \/>\n<link rel=\"canonical\" href=\"https:\/\/talkpal.ai\/bs\/islandska-gramatika\/\" \/>\n<meta property=\"og:locale\" content=\"bs_BA\" \/>\n<meta property=\"og:type\" content=\"article\" \/>\n<meta property=\"og:title\" content=\"islandska gramatika\" \/>\n<meta property=\"og:description\" content=\"Magija islandske gramatike: Otklju\u010davanje tajni vikin\u0161kog jezika Islandski, zemlja vatre i leda Islandski jezik, kojim govore ljudi zadivljuju\u0107e ostrvske\" \/>\n<meta property=\"og:url\" content=\"https:\/\/talkpal.ai\/bs\/islandska-gramatika\/\" \/>\n<meta property=\"og:site_name\" content=\"Talkpal\" \/>\n<meta property=\"article:publisher\" content=\"https:\/\/www.facebook.com\/profile.php?id=100090733639311\" \/>\n<meta property=\"article:modified_time\" content=\"2025-12-12T10:41:31+00:00\" \/>\n<meta property=\"og:image\" content=\"https:\/\/talkpal.ai\/wp-content\/uploads\/2023\/05\/iceland.png\" \/>\n\t<meta property=\"og:image:width\" content=\"512\" \/>\n\t<meta property=\"og:image:height\" content=\"512\" \/>\n\t<meta property=\"og:image:type\" content=\"image\/png\" \/>\n<meta name=\"twitter:card\" content=\"summary_large_image\" \/>\n<meta name=\"twitter:site\" content=\"@talkpalai\" \/>\n<meta name=\"twitter:label1\" content=\"Est. reading time\" \/>\n\t<meta name=\"twitter:data1\" content=\"3 minute\" \/>\n<script type=\"application\/ld+json\" class=\"yoast-schema-graph\">{\"@context\":\"https:\/\/schema.org\",\"@graph\":[{\"@type\":\"WebPage\",\"@id\":\"https:\/\/talkpal.ai\/bs\/islandska-gramatika\/\",\"url\":\"https:\/\/talkpal.ai\/bs\/islandska-gramatika\/\",\"name\":\"islandska gramatika - Talkpal\",\"isPartOf\":{\"@id\":\"https:\/\/talkpal.ai\/bs\/#website\"},\"primaryImageOfPage\":{\"@id\":\"https:\/\/talkpal.ai\/bs\/islandska-gramatika\/#primaryimage\"},\"image\":{\"@id\":\"https:\/\/talkpal.ai\/bs\/islandska-gramatika\/#primaryimage\"},\"thumbnailUrl\":\"https:\/\/talkpal.ai\/wp-content\/uploads\/2023\/05\/iceland.png\",\"datePublished\":\"2023-05-14T14:09:11+00:00\",\"dateModified\":\"2025-12-12T10:41:31+00:00\",\"description\":\"Nau\u010dite islandsku gramatiku jasno - shvatite klju\u010dna gramati\u010dka pravila, formirajte ispravne re\u010denice i brzo pove\u0107ajte samopouzdanje koriste\u0107i Talkpal -ove AI lekcije.\",\"breadcrumb\":{\"@id\":\"https:\/\/talkpal.ai\/bs\/islandska-gramatika\/#breadcrumb\"},\"inLanguage\":\"bs-BA\",\"potentialAction\":[{\"@type\":\"ReadAction\",\"target\":[\"https:\/\/talkpal.ai\/bs\/islandska-gramatika\/\"]}]},{\"@type\":\"ImageObject\",\"inLanguage\":\"bs-BA\",\"@id\":\"https:\/\/talkpal.ai\/bs\/islandska-gramatika\/#primaryimage\",\"url\":\"https:\/\/talkpal.ai\/wp-content\/uploads\/2023\/05\/iceland.png\",\"contentUrl\":\"https:\/\/talkpal.ai\/wp-content\/uploads\/2023\/05\/iceland.png\",\"width\":512,\"height\":512},{\"@type\":\"BreadcrumbList\",\"@id\":\"https:\/\/talkpal.ai\/bs\/islandska-gramatika\/#breadcrumb\",\"itemListElement\":[{\"@type\":\"ListItem\",\"position\":1,\"name\":\"Homepage\",\"item\":\"https:\/\/talkpal.ai\/bs\/\"},{\"@type\":\"ListItem\",\"position\":2,\"name\":\"islandska gramatika\"}]},{\"@type\":\"WebSite\",\"@id\":\"https:\/\/talkpal.ai\/bs\/#website\",\"url\":\"https:\/\/talkpal.ai\/bs\/\",\"name\":\"Talkpal\",\"description\":\"AI Language Learning\",\"publisher\":{\"@id\":\"https:\/\/talkpal.ai\/bs\/#organization\"},\"alternateName\":\"Talkpal AI\",\"potentialAction\":[{\"@type\":\"SearchAction\",\"target\":{\"@type\":\"EntryPoint\",\"urlTemplate\":\"https:\/\/talkpal.ai\/bs\/?s={search_term_string}\"},\"query-input\":{\"@type\":\"PropertyValueSpecification\",\"valueRequired\":true,\"valueName\":\"search_term_string\"}}],\"inLanguage\":\"bs-BA\"},{\"@type\":\"Organization\",\"@id\":\"https:\/\/talkpal.ai\/bs\/#organization\",\"name\":\"Talkpal, Inc.\",\"alternateName\":\"Talkpal AI\",\"url\":\"https:\/\/talkpal.ai\/bs\/\",\"logo\":{\"@type\":\"ImageObject\",\"inLanguage\":\"bs-BA\",\"@id\":\"https:\/\/talkpal.ai\/bs\/#\/schema\/logo\/image\/\",\"url\":\"https:\/\/talkpal.ai\/wp-content\/uploads\/2024\/03\/Talkpal-Logo-Icon.png\",\"contentUrl\":\"https:\/\/talkpal.ai\/wp-content\/uploads\/2024\/03\/Talkpal-Logo-Icon.png\",\"width\":2880,\"height\":2880,\"caption\":\"Talkpal, Inc.\"},\"image\":{\"@id\":\"https:\/\/talkpal.ai\/bs\/#\/schema\/logo\/image\/\"},\"sameAs\":[\"https:\/\/www.facebook.com\/profile.php?id=100090733639311\",\"https:\/\/x.com\/talkpalai\",\"https:\/\/www.linkedin.com\/company\/talkpal\/\",\"https:\/\/www.youtube.com\/@TalkPal\/\",\"https:\/\/www.tiktok.com\/@talkpal\",\"https:\/\/www.instagram.com\/talkpal_ai\/\",\"https:\/\/www.crunchbase.com\/organization\/talkpal-9cde\",\"https:\/\/www.g2.com\/products\/talkpal-for-business\/\",\"https:\/\/www.trustpilot.com\/review\/talkpal.ai\",\"https:\/\/www.capterra.com\/p\/10006800\/TalkPal\/\"],\"description\":\"Talkpal is a language learning web and mobile education app, powered by the latest AI technologies, that provides engaging experiences to its customers in many different languages to help them improve their language skills. Users can chat about unlimited amount of topics with the app and use other modes to practice their language learning.\",\"email\":\"support@talkpal.ai\",\"legalName\":\"Talkpal, Inc.\",\"foundingDate\":\"2023-04-03\",\"duns\":\"118989042\",\"numberOfEmployees\":{\"@type\":\"QuantitativeValue\",\"minValue\":\"11\",\"maxValue\":\"50\"},\"publishingPrinciples\":\"https:\/\/talkpal.ai\/publishing-principles\/\",\"actionableFeedbackPolicy\":\"https:\/\/talkpal.ai\/actionable-feedback-policy\/\",\"correctionsPolicy\":\"https:\/\/talkpal.ai\/corrections-policy\/\",\"ethicsPolicy\":\"https:\/\/talkpal.ai\/ethics-policy\/\",\"diversityPolicy\":\"https:\/\/talkpal.ai\/diversity-policy\/\",\"diversityStaffingReport\":\"https:\/\/talkpal.ai\/diversity-policy\/\"}]}<\/script>\n<!-- \/ Yoast SEO Premium plugin. -->","yoast_head_json":{"title":"islandska gramatika - Talkpal","description":"Nau\u010dite islandsku gramatiku jasno - shvatite klju\u010dna gramati\u010dka pravila, formirajte ispravne re\u010denice i brzo pove\u0107ajte samopouzdanje koriste\u0107i Talkpal -ove AI lekcije.","robots":{"index":"index","follow":"follow","max-snippet":"max-snippet:-1","max-image-preview":"max-image-preview:large","max-video-preview":"max-video-preview:-1"},"canonical":"https:\/\/talkpal.ai\/bs\/islandska-gramatika\/","og_locale":"bs_BA","og_type":"article","og_title":"islandska gramatika","og_description":"Magija islandske gramatike: Otklju\u010davanje tajni vikin\u0161kog jezika Islandski, zemlja vatre i leda Islandski jezik, kojim govore ljudi zadivljuju\u0107e ostrvske","og_url":"https:\/\/talkpal.ai\/bs\/islandska-gramatika\/","og_site_name":"Talkpal","article_publisher":"https:\/\/www.facebook.com\/profile.php?id=100090733639311","article_modified_time":"2025-12-12T10:41:31+00:00","og_image":[{"width":512,"height":512,"url":"https:\/\/talkpal.ai\/wp-content\/uploads\/2023\/05\/iceland.png","type":"image\/png"}],"twitter_card":"summary_large_image","twitter_site":"@talkpalai","twitter_misc":{"Est. reading time":"3 minute"},"schema":{"@context":"https:\/\/schema.org","@graph":[{"@type":"WebPage","@id":"https:\/\/talkpal.ai\/bs\/islandska-gramatika\/","url":"https:\/\/talkpal.ai\/bs\/islandska-gramatika\/","name":"islandska gramatika - Talkpal","isPartOf":{"@id":"https:\/\/talkpal.ai\/bs\/#website"},"primaryImageOfPage":{"@id":"https:\/\/talkpal.ai\/bs\/islandska-gramatika\/#primaryimage"},"image":{"@id":"https:\/\/talkpal.ai\/bs\/islandska-gramatika\/#primaryimage"},"thumbnailUrl":"https:\/\/talkpal.ai\/wp-content\/uploads\/2023\/05\/iceland.png","datePublished":"2023-05-14T14:09:11+00:00","dateModified":"2025-12-12T10:41:31+00:00","description":"Nau\u010dite islandsku gramatiku jasno - shvatite klju\u010dna gramati\u010dka pravila, formirajte ispravne re\u010denice i brzo pove\u0107ajte samopouzdanje koriste\u0107i Talkpal -ove AI lekcije.","breadcrumb":{"@id":"https:\/\/talkpal.ai\/bs\/islandska-gramatika\/#breadcrumb"},"inLanguage":"bs-BA","potentialAction":[{"@type":"ReadAction","target":["https:\/\/talkpal.ai\/bs\/islandska-gramatika\/"]}]},{"@type":"ImageObject","inLanguage":"bs-BA","@id":"https:\/\/talkpal.ai\/bs\/islandska-gramatika\/#primaryimage","url":"https:\/\/talkpal.ai\/wp-content\/uploads\/2023\/05\/iceland.png","contentUrl":"https:\/\/talkpal.ai\/wp-content\/uploads\/2023\/05\/iceland.png","width":512,"height":512},{"@type":"BreadcrumbList","@id":"https:\/\/talkpal.ai\/bs\/islandska-gramatika\/#breadcrumb","itemListElement":[{"@type":"ListItem","position":1,"name":"Homepage","item":"https:\/\/talkpal.ai\/bs\/"},{"@type":"ListItem","position":2,"name":"islandska gramatika"}]},{"@type":"WebSite","@id":"https:\/\/talkpal.ai\/bs\/#website","url":"https:\/\/talkpal.ai\/bs\/","name":"Talkpal","description":"AI Language Learning","publisher":{"@id":"https:\/\/talkpal.ai\/bs\/#organization"},"alternateName":"Talkpal AI","potentialAction":[{"@type":"SearchAction","target":{"@type":"EntryPoint","urlTemplate":"https:\/\/talkpal.ai\/bs\/?s={search_term_string}"},"query-input":{"@type":"PropertyValueSpecification","valueRequired":true,"valueName":"search_term_string"}}],"inLanguage":"bs-BA"},{"@type":"Organization","@id":"https:\/\/talkpal.ai\/bs\/#organization","name":"Talkpal, Inc.","alternateName":"Talkpal AI","url":"https:\/\/talkpal.ai\/bs\/","logo":{"@type":"ImageObject","inLanguage":"bs-BA","@id":"https:\/\/talkpal.ai\/bs\/#\/schema\/logo\/image\/","url":"https:\/\/talkpal.ai\/wp-content\/uploads\/2024\/03\/Talkpal-Logo-Icon.png","contentUrl":"https:\/\/talkpal.ai\/wp-content\/uploads\/2024\/03\/Talkpal-Logo-Icon.png","width":2880,"height":2880,"caption":"Talkpal, Inc."},"image":{"@id":"https:\/\/talkpal.ai\/bs\/#\/schema\/logo\/image\/"},"sameAs":["https:\/\/www.facebook.com\/profile.php?id=100090733639311","https:\/\/x.com\/talkpalai","https:\/\/www.linkedin.com\/company\/talkpal\/","https:\/\/www.youtube.com\/@TalkPal\/","https:\/\/www.tiktok.com\/@talkpal","https:\/\/www.instagram.com\/talkpal_ai\/","https:\/\/www.crunchbase.com\/organization\/talkpal-9cde","https:\/\/www.g2.com\/products\/talkpal-for-business\/","https:\/\/www.trustpilot.com\/review\/talkpal.ai","https:\/\/www.capterra.com\/p\/10006800\/TalkPal\/"],"description":"Talkpal is a language learning web and mobile education app, powered by the latest AI technologies, that provides engaging experiences to its customers in many different languages to help them improve their language skills. Users can chat about unlimited amount of topics with the app and use other modes to practice their language learning.","email":"support@talkpal.ai","legalName":"Talkpal, Inc.","foundingDate":"2023-04-03","duns":"118989042","numberOfEmployees":{"@type":"QuantitativeValue","minValue":"11","maxValue":"50"},"publishingPrinciples":"https:\/\/talkpal.ai\/publishing-principles\/","actionableFeedbackPolicy":"https:\/\/talkpal.ai\/actionable-feedback-policy\/","correctionsPolicy":"https:\/\/talkpal.ai\/corrections-policy\/","ethicsPolicy":"https:\/\/talkpal.ai\/ethics-policy\/","diversityPolicy":"https:\/\/talkpal.ai\/diversity-policy\/","diversityStaffingReport":"https:\/\/talkpal.ai\/diversity-policy\/"}]}},"_links":{"self":[{"href":"https:\/\/talkpal.ai\/bs\/wp-json\/wp\/v2\/pages\/144925","targetHints":{"allow":["GET"]}}],"collection":[{"href":"https:\/\/talkpal.ai\/bs\/wp-json\/wp\/v2\/pages"}],"about":[{"href":"https:\/\/talkpal.ai\/bs\/wp-json\/wp\/v2\/types\/page"}],"author":[{"embeddable":true,"href":"https:\/\/talkpal.ai\/bs\/wp-json\/wp\/v2\/users\/1"}],"replies":[{"embeddable":true,"href":"https:\/\/talkpal.ai\/bs\/wp-json\/wp\/v2\/comments?post=144925"}],"version-history":[{"count":0,"href":"https:\/\/talkpal.ai\/bs\/wp-json\/wp\/v2\/pages\/144925\/revisions"}],"wp:featuredmedia":[{"embeddable":true,"href":"https:\/\/talkpal.ai\/bs\/wp-json\/wp\/v2\/media\/113423"}],"wp:attachment":[{"href":"https:\/\/talkpal.ai\/bs\/wp-json\/wp\/v2\/media?parent=144925"}],"curies":[{"name":"wp","href":"https:\/\/api.w.org\/{rel}","templated":true}]}}