{"id":144019,"date":"2023-05-14T14:03:43","date_gmt":"2023-05-14T14:03:43","guid":{"rendered":"http:\/\/talkpal.ai\/galicijska-gramatika\/"},"modified":"2025-12-13T15:36:34","modified_gmt":"2025-12-13T15:36:34","slug":"galicijska-gramatika","status":"publish","type":"page","link":"https:\/\/talkpal.ai\/bs\/galicijska-gramatika\/","title":{"rendered":"galicijska gramatika"},"content":{"rendered":"\r\n\r\n\r\n<section class=\"languageChallengeSection\">\r\n    <div class=\"languageInfoWrapper\">\r\n        \r\n        <h1>galicijska gramatika<\/h1>\r\n        <p>Otkrijte \u010dari galicijskog jezika savladavaju\u0107i njegova osnovna gramati\u010dka pravila. Razumijevanje galicijske gramatike otvorit \u0107e vrata smislenoj komunikaciji i dubljem razumijevanju \u017eivahne galicijske kulture. Po\u010dnite u\u010diti galicijsku gramatiku ve\u0107 danas i napravite prvi korak ka te\u010dnom govoru!<\/p>\r\n\r\n                            <a class=\"getStartedHidden\" href=\"https:\/\/app.talkpal.ai\/signup?lng=\">Kreni<\/a>\r\n        \r\n    <\/div>\r\n\r\n    <figure>\r\n    <img decoding=\"async\" width=\"768\" height=\"768\" src=\"https:\/\/talkpal.ai\/wp-content\/uploads\/2023\/06\/galician-768x768.png\" class=\"languageImage no-lazy\" alt=\"Language immersion powerful learning method\" fetchpriority=\"high\" sizes=\"(max-width: 768px) 150px, 768px\" srcset=\"https:\/\/talkpal.ai\/wp-content\/uploads\/2023\/06\/galician-768x768.png 768w, https:\/\/talkpal.ai\/wp-content\/uploads\/2023\/06\/galician-300x300.png 300w\" \/>\r\n    \r\n\r\n    <\/figure>\r\n\r\n            <a class=\"getStartedVisible\" href=\"https:\/\/app.talkpal.ai\/signup?lng=\">Kreni<\/a>\r\n    \r\n<\/section>\r\n<section class=\"promotionalBanner\">\r\n    <p class=\"promotionalText\">Najefikasniji na\u010din za u\u010denje jezika<\/p>\r\n    <a class=\"promotionalLink\" href=\"https:\/\/app.talkpal.ai\/signup?lng=\">Isprobajte Talkpal besplatno<\/a>\r\n<\/section>\n<div class=\"wp-block-group pageContainerStyle\"><div class=\"wp-block-group__inner-container is-layout-constrained wp-block-group-is-layout-constrained\">\n<h2 class=\"wp-block-heading\" id=\"h-galician-grammar-unlocking-the-beauty-of-a-romance-language\">Galicijska gramatika: Otklju\u010davanje ljepote romanskog jezika<\/h2>\n\n\n\n<p><a href=\"https:\/\/talkpal.ai\/learn-galician\/\">Galicijski<\/a>, romanski jezik kojim govori preko dva miliona ljudi na severozapadu \u0160panije, jedinstven je i zadivljuju\u0107i dijalekt koji deli sli\u010dnosti sa portugalskim. Ima prepoznatljivu fonologiju, fascinantnu istoriju i \u017eivopisnu pesni\u010dku tradiciju. Da biste savladali ovaj o\u010daravaju\u0107i jezik, klju\u010dno je razumjeti njegovu gramatiku. U ovom \u010dlanku \u0107emo istra\u017eiti bitne aspekte galicijske gramatike i dati savjete koji \u0107e vam pomo\u0107i da budete uspje\u0161ni na ovom lingvisti\u010dkom putovanju.<\/p>\n\n\n\n<h3 class=\"wp-block-heading\" id=\"h-key-components-of-galician-grammar\">Glavne komponente galicijske gramatike:<\/h3>\n\n\n\n<p><a href=\"https:\/\/talkpal.ai\/galician-grammar\/\">Galicijska gramatika<\/a>, kao i drugi romanski jezici, sastoji se od razli\u010ditih pravila i struktura koje definiraju njegovu pravilnu upotrebu. Evo nekoliko osnovnih aspekata galicione gramatike koje treba da znate:<\/p>\n\n\n\n<p><strong>1.<\/strong> imenice: Galicijske imenice imaju dva gramati\u010dka roda (mu\u0161ki i \u017eenski) i inflektirane su za broj (jednina i mno\u017eina). Spol imenice utje\u010de na oblik \u010dlanaka, pridjeva i zamjenica koje ga prate.<\/p>\n\n\n\n<p><strong>2. \u010dlanci:<\/strong> <a href=\"https:\/\/talkpal.ai\/learn-galician\/\">Galician<\/a> ima odre\u0111ene \u010dlanke (o, os, a, as) i neodre\u0111ene \u010dlanke (un, uns, unha, unhas). Odre\u0111eni \u010dlanci se koriste za ozna\u010davanje odre\u0111enih objekata ili ljudi, dok se neodre\u0111eni \u010dlanci koriste za op\u0107e ili nespecifi\u010dne reference.<\/p>\n\n\n\n<p><strong>3. pridjevi i prilozi: Pridjevi<\/strong> na galicijskom jeziku obi\u010dno se sla\u017eu u spolu i broju s imenicama koje mijenjaju. Prilozi su, s druge strane, nepromjenjivi i ne mijenjaju se prema rodu ili broju imenice.<\/p>\n\n\n\n<p>4. glagoli: Galicijski <strong>glagoli<\/strong> su konjugirani u tri pravilna obrasca (ar, er, ir) i razni nepravilni obrasci. Glagoli su inflektirani prema napetosti (sada\u0161njost, pro\u0161lost, budu\u0107nost itd.), raspolo\u017eenju (indikativno, konjuktivno, imperativno), aspektu (savr\u0161enom, nesavr\u0161enom) i glasu (aktivnom, pasivnom). Zamjenice se \u010desto izostavljaju u konjugaciji glagola, jer oblik glagola obi\u010dno ozna\u010dava subjekt.<\/p>\n\n\n\n<p><strong>Struktura re\u010denice:<\/strong> Galicijski obi\u010dno koristi redoslijed rije\u010di Subject-Verb-Object (SVO) ili glagol-subjekt-objekt (VSO), ovisno o naglasku i kontekstu. Me\u0111utim, ovaj redoslijed rije\u010di je fleksibilan.<\/p>\n\n\n\n<h3 class=\"wp-block-heading\" id=\"h-tips-for-learning-galician-grammar\">Savjeti za u\u010denje galicijske gramatike:<\/h3>\n\n\n\n<p>Da biste se istakli u u\u010denju gramatike u Galiciji, pogledajte ove korisne strategije:<\/p>\n\n\n\n<p><strong>Redovna praksa:<\/strong> Konzistentnost je klju\u010dna. Posvetite odre\u0111eno vreme svakog dana ili nedelje ve\u017ebanju gramati\u010dkih ve\u017ebi, \u010ditanja i pisanja na galicijskom jeziku.<\/p>\n\n\n\n<p><strong>Koristite izvorne resurse:<\/strong> uronite u autenti\u010dne galicijske materijale kao \u0161to su knji\u017eevnost, novinske \u010dlanke i filmovi. Ovo ne samo da vam poma\u017ee da vidite galicijsku gramatiku u kontekstu, ve\u0107 i pobolj\u0161ava va\u0161e ve\u0161tine \u010ditanja i slu\u0161anja.<\/p>\n\n\n\n<p><strong>3. nau\u010dite imenice rodova<\/strong> i \u010dlanaka: Upoznajte se sa rodovima imenice Galicije i pravilnom upotrebom \u010dlanaka. Ovo je klju\u010dno za formiranje ta\u010dnih i koherentnih re\u010denica.<\/p>\n\n\n\n<p>Pove\u017eite se sa izvornim <strong>govornicima: Uklju\u010dite se sa izvornim<\/strong> govornicima iz Galicije putem programa razmjene jezika, dru\u0161tvenih medija ili online foruma. Ovo pru\u017ea mogu\u0107nosti za praktikovanje gramatike u stvarnim razgovorima i dobijanje vrednih povratnih informacija.<\/p>\n\n\n\n<p><strong>Strpljenje i upornost:<\/strong> U\u010denje novog jezika zahteva vreme, odlu\u010dnost i strpljenje. Prihvatite izazove i proslavite svoj napredak tokom puta.<\/p>\n\n\n\n<h2 class=\"wp-block-heading\" id=\"h-conclusion\">Zaklju\u010dak:<\/h2>\n\n\n\n<p>Galicijska <a href=\"https:\/\/talkpal.ai\/sq\/gramatika\/\">gramatika<\/a>, sa svojim jedinstvenim karakteristikama i vezom sa porodicom romanskih jezika, dr\u017ei klju\u010d za savladavanje ovog o\u010daravaju\u0107eg dijalekta. Razumijevanjem njegovih klju\u010dnih komponenti i pra\u0107enjem na\u0161ih strategija u\u010denja, bit \u0107ete na dobrom putu ka lingvisti\u010dkom znanju. Dakle, krenite na ovo uzbudljivo putovanje, i otklju\u010dajte \u010duda galicijskog jezika!<\/p>\n<\/div><\/div>\n\r\n<section class=\"learnNavigationSection\">\r\n            \r\n        <a href=\"https:\/\/talkpal.ai\/bs\/nauci-galiciju\/\">\r\n            <div class=\"learnNavigationWrapper\">\r\n                <div class=\"learnNavigationContent\">\r\n                    <img decoding=\"async\" src=\"https:\/\/talkpal.ai\/wp-content\/uploads\/2024\/08\/Galician.jpg\" alt=\"Galicia Flag\">\r\n                    <div>\r\n                        <h4>O galicijskom u\u010denju<\/h4>\r\n                        <p>Saznaj sve o galicijskoj gramatici.<\/p>\r\n                    <\/div>\r\n                <\/div>\r\n            <\/div>\r\n        <\/a>\r\n\r\n        \r\n        <a href=\"https:\/\/talkpal.ai\/bs\/galicijske-gramaticke-vjezbe\/\">\r\n            <div class=\"learnNavigationWrapper\">\r\n                <div class=\"learnNavigationContent\">\r\n                    <img decoding=\"async\" src=\"https:\/\/talkpal.ai\/wp-content\/uploads\/2024\/08\/Galician.jpg\" alt=\"Galicia Flag\">\r\n                    <div>\r\n                        <h4>Galicijska gramati\u010dka vje\u017eba<\/h4>\r\n                        <p>Praktikuj galicijsku gramatiku.<\/p>\r\n                    <\/div>\r\n                <\/div>\r\n            <\/div>\r\n        <\/a>\r\n\r\n        \r\n        <a href=\"https:\/\/talkpal.ai\/vocabulary_language\/galician\/\">\r\n            <div class=\"learnNavigationWrapper\">\r\n                <div class=\"learnNavigationContent\">\r\n                    <img decoding=\"async\" src=\"https:\/\/talkpal.ai\/wp-content\/uploads\/2024\/08\/Galician.jpg\" alt=\"Galicia Flag\">\r\n                    <div>\r\n                        <h4>Galicijski vokabular<\/h4>\r\n                        <p>Pro\u0161irite svoj galicijski vokabular.<\/p>\r\n                    <\/div>\r\n                <\/div>\r\n            <\/div>\r\n        <\/a>\r\n\r\n            <\/section>","protected":false},"excerpt":{"rendered":"<p>Galicijska gramatika: Otklju\u010davanje ljepote romanskog jezika Galicijski, romanski jezik kojim govori preko dva miliona ljudi na severozapadu \u0160panije, jedinstven je i zadivljuju\u0107i dijalekt koji deli sli\u010dnosti sa portugalskim. Ima prepoznatljivu fonologiju, fascinantnu istoriju i \u017eivopisnu pesni\u010dku tradiciju. Da biste savladali ovaj o\u010daravaju\u0107i jezik, klju\u010dno je razumjeti njegovu gramatiku. U ovom \u010dlanku \u0107emo istra\u017eiti bitne aspekte [&hellip;]<\/p>\n","protected":false},"author":1,"featured_media":111991,"parent":0,"menu_order":0,"comment_status":"closed","ping_status":"closed","template":"LearningContentPage.php","meta":{"_acf_changed":false,"footnotes":""},"class_list":["post-144019","page","type-page","status-publish","has-post-thumbnail","hentry"],"acf":[],"yoast_head":"<!-- This site is optimized with the Yoast SEO Premium plugin v27.2 (Yoast SEO v27.2) - https:\/\/yoast.com\/product\/yoast-seo-premium-wordpress\/ -->\n<title>galicijska gramatika - Talkpal<\/title>\n<meta name=\"description\" content=\"Savladajte galicijsku gramatiku s lako\u0107om - nau\u010dite pravila, sastavite ispravne re\u010denice i jasno komunicirajte\" \/>\n<meta name=\"robots\" content=\"index, follow, max-snippet:-1, max-image-preview:large, max-video-preview:-1\" \/>\n<link rel=\"canonical\" href=\"https:\/\/talkpal.ai\/bs\/galicijska-gramatika\/\" \/>\n<meta property=\"og:locale\" content=\"bs_BA\" \/>\n<meta property=\"og:type\" content=\"article\" \/>\n<meta property=\"og:title\" content=\"galicijska gramatika\" \/>\n<meta property=\"og:description\" content=\"Galicijska gramatika: Otklju\u010davanje ljepote romanskog jezika Galicijski, romanski jezik kojim govori preko dva miliona ljudi na severozapadu \u0160panije,\" \/>\n<meta property=\"og:url\" content=\"https:\/\/talkpal.ai\/bs\/galicijska-gramatika\/\" \/>\n<meta property=\"og:site_name\" content=\"Talkpal\" \/>\n<meta property=\"article:publisher\" content=\"https:\/\/www.facebook.com\/profile.php?id=100090733639311\" \/>\n<meta property=\"article:modified_time\" content=\"2025-12-13T15:36:34+00:00\" \/>\n<meta property=\"og:image\" content=\"https:\/\/talkpal.ai\/wp-content\/uploads\/2023\/05\/Galician-spain.png\" \/>\n\t<meta property=\"og:image:width\" content=\"512\" \/>\n\t<meta property=\"og:image:height\" content=\"512\" \/>\n\t<meta property=\"og:image:type\" content=\"image\/png\" \/>\n<meta name=\"twitter:card\" content=\"summary_large_image\" \/>\n<meta name=\"twitter:site\" content=\"@talkpalai\" \/>\n<meta name=\"twitter:label1\" content=\"Est. reading time\" \/>\n\t<meta name=\"twitter:data1\" content=\"3 minute\" \/>\n<script type=\"application\/ld+json\" class=\"yoast-schema-graph\">{\"@context\":\"https:\/\/schema.org\",\"@graph\":[{\"@type\":\"WebPage\",\"@id\":\"https:\/\/talkpal.ai\/bs\/galicijska-gramatika\/\",\"url\":\"https:\/\/talkpal.ai\/bs\/galicijska-gramatika\/\",\"name\":\"galicijska gramatika - Talkpal\",\"isPartOf\":{\"@id\":\"https:\/\/talkpal.ai\/bs\/#website\"},\"primaryImageOfPage\":{\"@id\":\"https:\/\/talkpal.ai\/bs\/galicijska-gramatika\/#primaryimage\"},\"image\":{\"@id\":\"https:\/\/talkpal.ai\/bs\/galicijska-gramatika\/#primaryimage\"},\"thumbnailUrl\":\"https:\/\/talkpal.ai\/wp-content\/uploads\/2023\/05\/Galician-spain.png\",\"datePublished\":\"2023-05-14T14:03:43+00:00\",\"dateModified\":\"2025-12-13T15:36:34+00:00\",\"description\":\"Savladajte galicijsku gramatiku s lako\u0107om - nau\u010dite pravila, sastavite ispravne re\u010denice i jasno komunicirajte\",\"breadcrumb\":{\"@id\":\"https:\/\/talkpal.ai\/bs\/galicijska-gramatika\/#breadcrumb\"},\"inLanguage\":\"bs-BA\",\"potentialAction\":[{\"@type\":\"ReadAction\",\"target\":[\"https:\/\/talkpal.ai\/bs\/galicijska-gramatika\/\"]}]},{\"@type\":\"ImageObject\",\"inLanguage\":\"bs-BA\",\"@id\":\"https:\/\/talkpal.ai\/bs\/galicijska-gramatika\/#primaryimage\",\"url\":\"https:\/\/talkpal.ai\/wp-content\/uploads\/2023\/05\/Galician-spain.png\",\"contentUrl\":\"https:\/\/talkpal.ai\/wp-content\/uploads\/2023\/05\/Galician-spain.png\",\"width\":512,\"height\":512},{\"@type\":\"BreadcrumbList\",\"@id\":\"https:\/\/talkpal.ai\/bs\/galicijska-gramatika\/#breadcrumb\",\"itemListElement\":[{\"@type\":\"ListItem\",\"position\":1,\"name\":\"Homepage\",\"item\":\"https:\/\/talkpal.ai\/bs\/\"},{\"@type\":\"ListItem\",\"position\":2,\"name\":\"galicijska gramatika\"}]},{\"@type\":\"WebSite\",\"@id\":\"https:\/\/talkpal.ai\/bs\/#website\",\"url\":\"https:\/\/talkpal.ai\/bs\/\",\"name\":\"Talkpal\",\"description\":\"AI Language Learning\",\"publisher\":{\"@id\":\"https:\/\/talkpal.ai\/bs\/#organization\"},\"alternateName\":\"Talkpal AI\",\"potentialAction\":[{\"@type\":\"SearchAction\",\"target\":{\"@type\":\"EntryPoint\",\"urlTemplate\":\"https:\/\/talkpal.ai\/bs\/?s={search_term_string}\"},\"query-input\":{\"@type\":\"PropertyValueSpecification\",\"valueRequired\":true,\"valueName\":\"search_term_string\"}}],\"inLanguage\":\"bs-BA\"},{\"@type\":\"Organization\",\"@id\":\"https:\/\/talkpal.ai\/bs\/#organization\",\"name\":\"Talkpal, Inc.\",\"alternateName\":\"Talkpal AI\",\"url\":\"https:\/\/talkpal.ai\/bs\/\",\"logo\":{\"@type\":\"ImageObject\",\"inLanguage\":\"bs-BA\",\"@id\":\"https:\/\/talkpal.ai\/bs\/#\/schema\/logo\/image\/\",\"url\":\"https:\/\/talkpal.ai\/wp-content\/uploads\/2024\/03\/Talkpal-Logo-Icon.png\",\"contentUrl\":\"https:\/\/talkpal.ai\/wp-content\/uploads\/2024\/03\/Talkpal-Logo-Icon.png\",\"width\":2880,\"height\":2880,\"caption\":\"Talkpal, Inc.\"},\"image\":{\"@id\":\"https:\/\/talkpal.ai\/bs\/#\/schema\/logo\/image\/\"},\"sameAs\":[\"https:\/\/www.facebook.com\/profile.php?id=100090733639311\",\"https:\/\/x.com\/talkpalai\",\"https:\/\/www.linkedin.com\/company\/talkpal\/\",\"https:\/\/www.youtube.com\/@TalkPal\/\",\"https:\/\/www.tiktok.com\/@talkpal\",\"https:\/\/www.instagram.com\/talkpal_ai\/\",\"https:\/\/www.crunchbase.com\/organization\/talkpal-9cde\",\"https:\/\/www.g2.com\/products\/talkpal-for-business\/\",\"https:\/\/www.trustpilot.com\/review\/talkpal.ai\",\"https:\/\/www.capterra.com\/p\/10006800\/TalkPal\/\"],\"description\":\"Talkpal is a language learning web and mobile education app, powered by the latest AI technologies, that provides engaging experiences to its customers in many different languages to help them improve their language skills. Users can chat about unlimited amount of topics with the app and use other modes to practice their language learning.\",\"email\":\"support@talkpal.ai\",\"legalName\":\"Talkpal, Inc.\",\"foundingDate\":\"2023-04-03\",\"duns\":\"118989042\",\"numberOfEmployees\":{\"@type\":\"QuantitativeValue\",\"minValue\":\"11\",\"maxValue\":\"50\"},\"publishingPrinciples\":\"https:\/\/talkpal.ai\/publishing-principles\/\",\"actionableFeedbackPolicy\":\"https:\/\/talkpal.ai\/actionable-feedback-policy\/\",\"correctionsPolicy\":\"https:\/\/talkpal.ai\/corrections-policy\/\",\"ethicsPolicy\":\"https:\/\/talkpal.ai\/ethics-policy\/\",\"diversityPolicy\":\"https:\/\/talkpal.ai\/diversity-policy\/\",\"diversityStaffingReport\":\"https:\/\/talkpal.ai\/diversity-policy\/\"}]}<\/script>\n<!-- \/ Yoast SEO Premium plugin. -->","yoast_head_json":{"title":"galicijska gramatika - Talkpal","description":"Savladajte galicijsku gramatiku s lako\u0107om - nau\u010dite pravila, sastavite ispravne re\u010denice i jasno komunicirajte","robots":{"index":"index","follow":"follow","max-snippet":"max-snippet:-1","max-image-preview":"max-image-preview:large","max-video-preview":"max-video-preview:-1"},"canonical":"https:\/\/talkpal.ai\/bs\/galicijska-gramatika\/","og_locale":"bs_BA","og_type":"article","og_title":"galicijska gramatika","og_description":"Galicijska gramatika: Otklju\u010davanje ljepote romanskog jezika Galicijski, romanski jezik kojim govori preko dva miliona ljudi na severozapadu \u0160panije,","og_url":"https:\/\/talkpal.ai\/bs\/galicijska-gramatika\/","og_site_name":"Talkpal","article_publisher":"https:\/\/www.facebook.com\/profile.php?id=100090733639311","article_modified_time":"2025-12-13T15:36:34+00:00","og_image":[{"width":512,"height":512,"url":"https:\/\/talkpal.ai\/wp-content\/uploads\/2023\/05\/Galician-spain.png","type":"image\/png"}],"twitter_card":"summary_large_image","twitter_site":"@talkpalai","twitter_misc":{"Est. reading time":"3 minute"},"schema":{"@context":"https:\/\/schema.org","@graph":[{"@type":"WebPage","@id":"https:\/\/talkpal.ai\/bs\/galicijska-gramatika\/","url":"https:\/\/talkpal.ai\/bs\/galicijska-gramatika\/","name":"galicijska gramatika - Talkpal","isPartOf":{"@id":"https:\/\/talkpal.ai\/bs\/#website"},"primaryImageOfPage":{"@id":"https:\/\/talkpal.ai\/bs\/galicijska-gramatika\/#primaryimage"},"image":{"@id":"https:\/\/talkpal.ai\/bs\/galicijska-gramatika\/#primaryimage"},"thumbnailUrl":"https:\/\/talkpal.ai\/wp-content\/uploads\/2023\/05\/Galician-spain.png","datePublished":"2023-05-14T14:03:43+00:00","dateModified":"2025-12-13T15:36:34+00:00","description":"Savladajte galicijsku gramatiku s lako\u0107om - nau\u010dite pravila, sastavite ispravne re\u010denice i jasno komunicirajte","breadcrumb":{"@id":"https:\/\/talkpal.ai\/bs\/galicijska-gramatika\/#breadcrumb"},"inLanguage":"bs-BA","potentialAction":[{"@type":"ReadAction","target":["https:\/\/talkpal.ai\/bs\/galicijska-gramatika\/"]}]},{"@type":"ImageObject","inLanguage":"bs-BA","@id":"https:\/\/talkpal.ai\/bs\/galicijska-gramatika\/#primaryimage","url":"https:\/\/talkpal.ai\/wp-content\/uploads\/2023\/05\/Galician-spain.png","contentUrl":"https:\/\/talkpal.ai\/wp-content\/uploads\/2023\/05\/Galician-spain.png","width":512,"height":512},{"@type":"BreadcrumbList","@id":"https:\/\/talkpal.ai\/bs\/galicijska-gramatika\/#breadcrumb","itemListElement":[{"@type":"ListItem","position":1,"name":"Homepage","item":"https:\/\/talkpal.ai\/bs\/"},{"@type":"ListItem","position":2,"name":"galicijska gramatika"}]},{"@type":"WebSite","@id":"https:\/\/talkpal.ai\/bs\/#website","url":"https:\/\/talkpal.ai\/bs\/","name":"Talkpal","description":"AI Language Learning","publisher":{"@id":"https:\/\/talkpal.ai\/bs\/#organization"},"alternateName":"Talkpal AI","potentialAction":[{"@type":"SearchAction","target":{"@type":"EntryPoint","urlTemplate":"https:\/\/talkpal.ai\/bs\/?s={search_term_string}"},"query-input":{"@type":"PropertyValueSpecification","valueRequired":true,"valueName":"search_term_string"}}],"inLanguage":"bs-BA"},{"@type":"Organization","@id":"https:\/\/talkpal.ai\/bs\/#organization","name":"Talkpal, Inc.","alternateName":"Talkpal AI","url":"https:\/\/talkpal.ai\/bs\/","logo":{"@type":"ImageObject","inLanguage":"bs-BA","@id":"https:\/\/talkpal.ai\/bs\/#\/schema\/logo\/image\/","url":"https:\/\/talkpal.ai\/wp-content\/uploads\/2024\/03\/Talkpal-Logo-Icon.png","contentUrl":"https:\/\/talkpal.ai\/wp-content\/uploads\/2024\/03\/Talkpal-Logo-Icon.png","width":2880,"height":2880,"caption":"Talkpal, Inc."},"image":{"@id":"https:\/\/talkpal.ai\/bs\/#\/schema\/logo\/image\/"},"sameAs":["https:\/\/www.facebook.com\/profile.php?id=100090733639311","https:\/\/x.com\/talkpalai","https:\/\/www.linkedin.com\/company\/talkpal\/","https:\/\/www.youtube.com\/@TalkPal\/","https:\/\/www.tiktok.com\/@talkpal","https:\/\/www.instagram.com\/talkpal_ai\/","https:\/\/www.crunchbase.com\/organization\/talkpal-9cde","https:\/\/www.g2.com\/products\/talkpal-for-business\/","https:\/\/www.trustpilot.com\/review\/talkpal.ai","https:\/\/www.capterra.com\/p\/10006800\/TalkPal\/"],"description":"Talkpal is a language learning web and mobile education app, powered by the latest AI technologies, that provides engaging experiences to its customers in many different languages to help them improve their language skills. Users can chat about unlimited amount of topics with the app and use other modes to practice their language learning.","email":"support@talkpal.ai","legalName":"Talkpal, Inc.","foundingDate":"2023-04-03","duns":"118989042","numberOfEmployees":{"@type":"QuantitativeValue","minValue":"11","maxValue":"50"},"publishingPrinciples":"https:\/\/talkpal.ai\/publishing-principles\/","actionableFeedbackPolicy":"https:\/\/talkpal.ai\/actionable-feedback-policy\/","correctionsPolicy":"https:\/\/talkpal.ai\/corrections-policy\/","ethicsPolicy":"https:\/\/talkpal.ai\/ethics-policy\/","diversityPolicy":"https:\/\/talkpal.ai\/diversity-policy\/","diversityStaffingReport":"https:\/\/talkpal.ai\/diversity-policy\/"}]}},"_links":{"self":[{"href":"https:\/\/talkpal.ai\/bs\/wp-json\/wp\/v2\/pages\/144019","targetHints":{"allow":["GET"]}}],"collection":[{"href":"https:\/\/talkpal.ai\/bs\/wp-json\/wp\/v2\/pages"}],"about":[{"href":"https:\/\/talkpal.ai\/bs\/wp-json\/wp\/v2\/types\/page"}],"author":[{"embeddable":true,"href":"https:\/\/talkpal.ai\/bs\/wp-json\/wp\/v2\/users\/1"}],"replies":[{"embeddable":true,"href":"https:\/\/talkpal.ai\/bs\/wp-json\/wp\/v2\/comments?post=144019"}],"version-history":[{"count":0,"href":"https:\/\/talkpal.ai\/bs\/wp-json\/wp\/v2\/pages\/144019\/revisions"}],"wp:featuredmedia":[{"embeddable":true,"href":"https:\/\/talkpal.ai\/bs\/wp-json\/wp\/v2\/media\/111991"}],"wp:attachment":[{"href":"https:\/\/talkpal.ai\/bs\/wp-json\/wp\/v2\/media?parent=144019"}],"curies":[{"name":"wp","href":"https:\/\/api.w.org\/{rel}","templated":true}]}}