{"id":143682,"date":"2023-05-14T14:03:23","date_gmt":"2023-05-14T14:03:23","guid":{"rendered":"http:\/\/talkpal.ai\/danska-gramatika\/"},"modified":"2025-12-13T15:27:59","modified_gmt":"2025-12-13T15:27:59","slug":"danska-gramatika","status":"publish","type":"page","link":"https:\/\/talkpal.ai\/bs\/danska-gramatika\/","title":{"rendered":"Danska gramatika"},"content":{"rendered":"\r\n\r\n\r\n<section class=\"languageChallengeSection\">\r\n    <div class=\"languageInfoWrapper\">\r\n        \r\n        <h1>Danska gramatika<\/h1>\r\n        <p>Otkrijte osnove danske gramatike i po\u010dnite samouvjereno komunicirati na ovom \u0161armantnom skandinavskom jeziku. Savladavanjem osnovnih pravila i struktura, ste\u0107i \u0107ete vje\u0161tine potrebne za povezivanje s govornicima danskog jezika i iskustvo njihove bogate kulture iz prve ruke. Po\u010dnite u\u010diti dansku gramatiku ve\u0107 danas i napravite prvi korak ka te\u010dnom govoru!\n\n<\/p>\r\n\r\n                            <a class=\"getStartedHidden\" href=\"https:\/\/app.talkpal.ai\/signup?lng=\">Kreni<\/a>\r\n        \r\n    <\/div>\r\n\r\n    <figure>\r\n    <img decoding=\"async\" width=\"768\" height=\"768\" src=\"https:\/\/talkpal.ai\/wp-content\/uploads\/2023\/06\/danish-768x768.png\" class=\"languageImage no-lazy\" alt=\"Language learning for career enhancement\" fetchpriority=\"high\" sizes=\"(max-width: 768px) 150px, 768px\" srcset=\"https:\/\/talkpal.ai\/wp-content\/uploads\/2023\/06\/danish-768x768.png 768w, https:\/\/talkpal.ai\/wp-content\/uploads\/2023\/06\/danish-300x300.png 300w\" \/>\r\n    \r\n\r\n    <\/figure>\r\n\r\n            <a class=\"getStartedVisible\" href=\"https:\/\/app.talkpal.ai\/signup?lng=\">Kreni<\/a>\r\n    \r\n<\/section>\r\n<section class=\"promotionalBanner\">\r\n    <p class=\"promotionalText\">Najefikasniji na\u010din za u\u010denje jezika<\/p>\r\n    <a class=\"promotionalLink\" href=\"https:\/\/app.talkpal.ai\/signup?lng=\">Isprobajte Talkpal besplatno<\/a>\r\n<\/section>\n<div class=\"wp-block-group pageContainerStyle\"><div class=\"wp-block-group__inner-container is-layout-constrained wp-block-group-is-layout-constrained\">\n<h2 class=\"wp-block-heading\" id=\"h-delving-into-the-depths-of-danish-grammar-unraveling-its-idiosyncrasies-and-charm\">Zaronite u dubine danske gramatike: Otkrivaju\u0107i njene idiosinkrazije i \u0161arm<\/h2>\n\n\n\n<p>Se\u0107ate se vremena kada je u\u010denje engleske gramatike izgledalo kao uzbrdo borba sa mno\u0161tvom pravila, izuzetaka i zamr\u0161ene terminologije? Ako ste sada usmjereni na u\u010denje danskog jezika, pripremite se za jo\u0161 jednu o\u010daravaju\u0107u vo\u017enju kroz slo\u017eenost i u\u017eitke danske gramatike.<\/p>\n\n\n\n<p><a href=\"https:\/\/talkpal.ai\/learn-danish\/\">Danski<\/a>, sjevernogermanski jezik, dijeli sli\u010dnosti sa jezicima kao \u0161to su <a href=\"https:\/\/talkpal.ai\/learn-norwegian\/\">norve\u0161ki<\/a> i <a href=\"https:\/\/talkpal.ai\/learn-swedish\/\">\u0161vedski<\/a>. Me\u0111utim, ima svoje jedinstvene karakteristike koje ga \u010dine draguljem vrijednim dubinskog istra\u017eivanja. Po\u010dnimo s otkrivanjem \u010duda danske gramatike, jedno po jedno pravilo.<\/p>\n\n\n\n<p><strong>Upe\u010datljiva karakteristika danske gramatike<\/strong> je njena jednostavnost kada je u pitanju redosled re\u010di. Danski jezik prati strukturu subjekt-glagol-objekat (SVO), kao \u0161to je <a href=\"https:\/\/talkpal.ai\/learn-english-with-ai\/\">engleski<\/a>, \u0161to omogu\u0107ava relativno lako za govornike engleskog jezika. Me\u0111utim, postoji zaokret \u2013 upotreba V2 <a href=\"https:\/\/talkpal.ai\/locations\/learn-english-in-reda\/\">reda<\/a> rije\u010di u glavnim re\u010denicama, \u0161to zna\u010di da glagol uvijek <a href=\"https:\/\/talkpal.ai\/locations\/language-courses-in-mora\/\">mora<\/a> biti drugi element. Ovo pravilo dodaje da\u0161ak jedinstvenosti danskom jeziku.<\/p>\n\n\n\n<p>Jo\u0161 jedan zanimljiv aspekt danske gramatike je njen <strong>dvorodni sistem<\/strong>. Dok se neki jezici poput francuskog ili \u0161panskog sastoje od odvojenih rodova za mu\u0161ki i \u017eenski, danski to pojednostavljuje kori\u0161tenjem dva glavna spola: zajedni\u010dkog i neuterskog. Na danskom, ve\u0107ina imenica spada u kategoriju \u201euobi\u010dajenih\u201c, \u0161to \u010dini rodno slaganje s pridjevima i \u010dlancima relativno jednostavnim za razumijevanje.<\/p>\n\n\n\n<p>Zaronite u carstvo <strong>konjugacije glagola<\/strong> i otkri\u0107ete da danski zasjenjuje druge jezike u pogledu jednostavnosti. Danski glagoli se ne mijenjaju prema temi, \u0161to ga \u010dini povjetarcem za pam\u0107enje i razumijevanje razli\u010ditih oblika. Redovni glagoli slijede predvidljive obrasce, a \u010dak i <a href=\"https:\/\/talkpal.ai\/sl\/grammar\/nepravilni-glagoli-v-angleski-slovnici\/\">nepravilni glagoli<\/a> predstavljaju mali izazov jer su njihove nepravilnosti vrlo suptilne.<\/p>\n\n\n\n<p><a href=\"https:\/\/talkpal.ai\/danish-grammar\/\">Danska gramatika<\/a> nudi jedinstvenu karakteristiku sa svojom <strong>upotrebom neodre\u0111enih, \u010dlanaka i demonstrativa<\/strong>. Neodre\u0111eni \u010dlan je ekvivalentan \u201ca\u201d ili \u201can\u201d na engleskom, au danskom mo\u017ee biti \u201cen\u201d za zajedni\u010dki rod ili \u201cet\u201d za imenice srednjeg roda. Odre\u0111eni \u010dlan, sli\u010dan &#8220;the&#8221; na engleskom, pridru\u017euje se kraju same imenice, spajaju\u0107i se u jednu rije\u010d. Demonstracije, koje ukazuju na specifi\u010dne imenice, tako\u0111e se menjaju prema polu imenice, dodaju\u0107i nivo specifi\u010dnosti i \u0161arma.<\/p>\n\n\n\n<p>Ne zaboravimo na ljepotu <strong>danskog izgovora<\/strong> , koji zahtijeva poznavanje njegovih karakteristi\u010dnih samoglasni\u010dkih zvukova i umek\u0161anih suglasnika. Upotreba st\u00f8da (glotalna stanica) dodatno ga razlikuje od ostalih germanskih jezika, daju\u0107i danskom jedinstven zvuk i privla\u010dnost.<\/p>\n\n\n\n<p>U\u017eivljavanjem u dansku gramatiku, ne samo da \u0107ete nau\u010diti <a href=\"https:\/\/talkpal.ai\/sl\/najvecje-napake-ki-se-jim-je-treba-izogniti-pri-ucenju-novega-jezika\/\">novi jezik<\/a>, ve\u0107 \u0107ete i u velikoj mjeri obogatiti svoje kulturno znanje i razumijevanje Danske i njenih ljudi. Iako ponekad izazovna, danska gramatika nudi jedinstveno iskustvo u\u010denja koje otvara vrata bezbrojnim \u010darima i idiosinkrazijama koje ga \u010dine neodoljivim jezikom za istra\u017eivanje. Dakle, uzmite svoje jezi\u010dke knjige i krenite u dansku gramati\u010dku avanturu koja obe\u0107ava da \u0107e vas o\u010darati i inspirisati na svakom koraku!<\/p>\n<\/div><\/div>\n\r\n<section class=\"learnNavigationSection\">\r\n            \r\n        <a href=\"https:\/\/talkpal.ai\/bs\/nauci-danski\/\">\r\n            <div class=\"learnNavigationWrapper\">\r\n                <div class=\"learnNavigationContent\">\r\n                    <img decoding=\"async\" src=\"https:\/\/talkpal.ai\/wp-content\/uploads\/2024\/08\/Danish.jpg\" alt=\"Danish Flag\">\r\n                    <div>\r\n                        <h4>O danskom u\u010denju<\/h4>\r\n                        <p>Saznaj sve o danskoj gramatici.<\/p>\r\n                    <\/div>\r\n                <\/div>\r\n            <\/div>\r\n        <\/a>\r\n\r\n        \r\n        <a href=\"https:\/\/talkpal.ai\/bs\/danske-gramaticke-vjezbe\/\">\r\n            <div class=\"learnNavigationWrapper\">\r\n                <div class=\"learnNavigationContent\">\r\n                    <img decoding=\"async\" src=\"https:\/\/talkpal.ai\/wp-content\/uploads\/2024\/08\/Danish.jpg\" alt=\"Danish Flag\">\r\n                    <div>\r\n                        <h4>Vje\u017eba iz danske gramatike<\/h4>\r\n                        <p>Danska gramatika.<\/p>\r\n                    <\/div>\r\n                <\/div>\r\n            <\/div>\r\n        <\/a>\r\n\r\n        \r\n        <a href=\"https:\/\/talkpal.ai\/vocabulary_language\/danish\/\">\r\n            <div class=\"learnNavigationWrapper\">\r\n                <div class=\"learnNavigationContent\">\r\n                    <img decoding=\"async\" src=\"https:\/\/talkpal.ai\/wp-content\/uploads\/2024\/08\/Danish.jpg\" alt=\"Danish Flag\">\r\n                    <div>\r\n                        <h4>Danski vokabular<\/h4>\r\n                        <p>Pro\u0161irite svoj danski vokabular.<\/p>\r\n                    <\/div>\r\n                <\/div>\r\n            <\/div>\r\n        <\/a>\r\n\r\n            <\/section>","protected":false},"excerpt":{"rendered":"<p>Zaronite u dubine danske gramatike: Otkrivaju\u0107i njene idiosinkrazije i \u0161arm Se\u0107ate se vremena kada je u\u010denje engleske gramatike izgledalo kao uzbrdo borba sa mno\u0161tvom pravila, izuzetaka i zamr\u0161ene terminologije? Ako ste sada usmjereni na u\u010denje danskog jezika, pripremite se za jo\u0161 jednu o\u010daravaju\u0107u vo\u017enju kroz slo\u017eenost i u\u017eitke danske gramatike. Danski, sjevernogermanski jezik, dijeli sli\u010dnosti [&hellip;]<\/p>\n","protected":false},"author":1,"featured_media":110947,"parent":0,"menu_order":0,"comment_status":"closed","ping_status":"closed","template":"LearningContentPage.php","meta":{"_acf_changed":false,"footnotes":""},"class_list":["post-143682","page","type-page","status-publish","has-post-thumbnail","hentry"],"acf":[],"yoast_head":"<!-- This site is optimized with the Yoast SEO Premium plugin v27.2 (Yoast SEO v27.2) - https:\/\/yoast.com\/product\/yoast-seo-premium-wordpress\/ -->\n<title>Danska gramatika - Talkpal<\/title>\n<meta name=\"description\" content=\"Istra\u017eite zamr\u0161enosti danske gramatike i otkrijte njena jedinstvena pravila i karakteristike. Nau\u010dite se bez napora snalaziti u jeziku.\" \/>\n<meta name=\"robots\" content=\"index, follow, max-snippet:-1, max-image-preview:large, max-video-preview:-1\" \/>\n<link rel=\"canonical\" href=\"https:\/\/talkpal.ai\/bs\/danska-gramatika\/\" \/>\n<meta property=\"og:locale\" content=\"bs_BA\" \/>\n<meta property=\"og:type\" content=\"article\" \/>\n<meta property=\"og:title\" content=\"Danska gramatika\" \/>\n<meta property=\"og:description\" content=\"Zaronite u dubine danske gramatike: Otkrivaju\u0107i njene idiosinkrazije i \u0161arm Se\u0107ate se vremena kada je u\u010denje engleske gramatike izgledalo kao uzbrdo borba\" \/>\n<meta property=\"og:url\" content=\"https:\/\/talkpal.ai\/bs\/danska-gramatika\/\" \/>\n<meta property=\"og:site_name\" content=\"Talkpal\" \/>\n<meta property=\"article:publisher\" content=\"https:\/\/www.facebook.com\/profile.php?id=100090733639311\" \/>\n<meta property=\"article:modified_time\" content=\"2025-12-13T15:27:59+00:00\" \/>\n<meta property=\"og:image\" content=\"https:\/\/talkpal.ai\/wp-content\/uploads\/2023\/05\/denmark.png\" \/>\n\t<meta property=\"og:image:width\" content=\"512\" \/>\n\t<meta property=\"og:image:height\" content=\"512\" \/>\n\t<meta property=\"og:image:type\" content=\"image\/png\" \/>\n<meta name=\"twitter:card\" content=\"summary_large_image\" \/>\n<meta name=\"twitter:site\" content=\"@talkpalai\" \/>\n<meta name=\"twitter:label1\" content=\"Est. reading time\" \/>\n\t<meta name=\"twitter:data1\" content=\"2 minute\" \/>\n<script type=\"application\/ld+json\" class=\"yoast-schema-graph\">{\"@context\":\"https:\/\/schema.org\",\"@graph\":[{\"@type\":\"WebPage\",\"@id\":\"https:\/\/talkpal.ai\/bs\/danska-gramatika\/\",\"url\":\"https:\/\/talkpal.ai\/bs\/danska-gramatika\/\",\"name\":\"Danska gramatika - Talkpal\",\"isPartOf\":{\"@id\":\"https:\/\/talkpal.ai\/bs\/#website\"},\"primaryImageOfPage\":{\"@id\":\"https:\/\/talkpal.ai\/bs\/danska-gramatika\/#primaryimage\"},\"image\":{\"@id\":\"https:\/\/talkpal.ai\/bs\/danska-gramatika\/#primaryimage\"},\"thumbnailUrl\":\"https:\/\/talkpal.ai\/wp-content\/uploads\/2023\/05\/denmark.png\",\"datePublished\":\"2023-05-14T14:03:23+00:00\",\"dateModified\":\"2025-12-13T15:27:59+00:00\",\"description\":\"Istra\u017eite zamr\u0161enosti danske gramatike i otkrijte njena jedinstvena pravila i karakteristike. Nau\u010dite se bez napora snalaziti u jeziku.\",\"breadcrumb\":{\"@id\":\"https:\/\/talkpal.ai\/bs\/danska-gramatika\/#breadcrumb\"},\"inLanguage\":\"bs-BA\",\"potentialAction\":[{\"@type\":\"ReadAction\",\"target\":[\"https:\/\/talkpal.ai\/bs\/danska-gramatika\/\"]}]},{\"@type\":\"ImageObject\",\"inLanguage\":\"bs-BA\",\"@id\":\"https:\/\/talkpal.ai\/bs\/danska-gramatika\/#primaryimage\",\"url\":\"https:\/\/talkpal.ai\/wp-content\/uploads\/2023\/05\/denmark.png\",\"contentUrl\":\"https:\/\/talkpal.ai\/wp-content\/uploads\/2023\/05\/denmark.png\",\"width\":512,\"height\":512},{\"@type\":\"BreadcrumbList\",\"@id\":\"https:\/\/talkpal.ai\/bs\/danska-gramatika\/#breadcrumb\",\"itemListElement\":[{\"@type\":\"ListItem\",\"position\":1,\"name\":\"Homepage\",\"item\":\"https:\/\/talkpal.ai\/bs\/\"},{\"@type\":\"ListItem\",\"position\":2,\"name\":\"Danska gramatika\"}]},{\"@type\":\"WebSite\",\"@id\":\"https:\/\/talkpal.ai\/bs\/#website\",\"url\":\"https:\/\/talkpal.ai\/bs\/\",\"name\":\"Talkpal\",\"description\":\"AI Language Learning\",\"publisher\":{\"@id\":\"https:\/\/talkpal.ai\/bs\/#organization\"},\"alternateName\":\"Talkpal AI\",\"potentialAction\":[{\"@type\":\"SearchAction\",\"target\":{\"@type\":\"EntryPoint\",\"urlTemplate\":\"https:\/\/talkpal.ai\/bs\/?s={search_term_string}\"},\"query-input\":{\"@type\":\"PropertyValueSpecification\",\"valueRequired\":true,\"valueName\":\"search_term_string\"}}],\"inLanguage\":\"bs-BA\"},{\"@type\":\"Organization\",\"@id\":\"https:\/\/talkpal.ai\/bs\/#organization\",\"name\":\"Talkpal, Inc.\",\"alternateName\":\"Talkpal AI\",\"url\":\"https:\/\/talkpal.ai\/bs\/\",\"logo\":{\"@type\":\"ImageObject\",\"inLanguage\":\"bs-BA\",\"@id\":\"https:\/\/talkpal.ai\/bs\/#\/schema\/logo\/image\/\",\"url\":\"https:\/\/talkpal.ai\/wp-content\/uploads\/2024\/03\/Talkpal-Logo-Icon.png\",\"contentUrl\":\"https:\/\/talkpal.ai\/wp-content\/uploads\/2024\/03\/Talkpal-Logo-Icon.png\",\"width\":2880,\"height\":2880,\"caption\":\"Talkpal, Inc.\"},\"image\":{\"@id\":\"https:\/\/talkpal.ai\/bs\/#\/schema\/logo\/image\/\"},\"sameAs\":[\"https:\/\/www.facebook.com\/profile.php?id=100090733639311\",\"https:\/\/x.com\/talkpalai\",\"https:\/\/www.linkedin.com\/company\/talkpal\/\",\"https:\/\/www.youtube.com\/@TalkPal\/\",\"https:\/\/www.tiktok.com\/@talkpal\",\"https:\/\/www.instagram.com\/talkpal_ai\/\",\"https:\/\/www.crunchbase.com\/organization\/talkpal-9cde\",\"https:\/\/www.g2.com\/products\/talkpal-for-business\/\",\"https:\/\/www.trustpilot.com\/review\/talkpal.ai\",\"https:\/\/www.capterra.com\/p\/10006800\/TalkPal\/\"],\"description\":\"Talkpal is a language learning web and mobile education app, powered by the latest AI technologies, that provides engaging experiences to its customers in many different languages to help them improve their language skills. Users can chat about unlimited amount of topics with the app and use other modes to practice their language learning.\",\"email\":\"support@talkpal.ai\",\"legalName\":\"Talkpal, Inc.\",\"foundingDate\":\"2023-04-03\",\"duns\":\"118989042\",\"numberOfEmployees\":{\"@type\":\"QuantitativeValue\",\"minValue\":\"11\",\"maxValue\":\"50\"},\"publishingPrinciples\":\"https:\/\/talkpal.ai\/publishing-principles\/\",\"actionableFeedbackPolicy\":\"https:\/\/talkpal.ai\/actionable-feedback-policy\/\",\"correctionsPolicy\":\"https:\/\/talkpal.ai\/corrections-policy\/\",\"ethicsPolicy\":\"https:\/\/talkpal.ai\/ethics-policy\/\",\"diversityPolicy\":\"https:\/\/talkpal.ai\/diversity-policy\/\",\"diversityStaffingReport\":\"https:\/\/talkpal.ai\/diversity-policy\/\"}]}<\/script>\n<!-- \/ Yoast SEO Premium plugin. -->","yoast_head_json":{"title":"Danska gramatika - Talkpal","description":"Istra\u017eite zamr\u0161enosti danske gramatike i otkrijte njena jedinstvena pravila i karakteristike. Nau\u010dite se bez napora snalaziti u jeziku.","robots":{"index":"index","follow":"follow","max-snippet":"max-snippet:-1","max-image-preview":"max-image-preview:large","max-video-preview":"max-video-preview:-1"},"canonical":"https:\/\/talkpal.ai\/bs\/danska-gramatika\/","og_locale":"bs_BA","og_type":"article","og_title":"Danska gramatika","og_description":"Zaronite u dubine danske gramatike: Otkrivaju\u0107i njene idiosinkrazije i \u0161arm Se\u0107ate se vremena kada je u\u010denje engleske gramatike izgledalo kao uzbrdo borba","og_url":"https:\/\/talkpal.ai\/bs\/danska-gramatika\/","og_site_name":"Talkpal","article_publisher":"https:\/\/www.facebook.com\/profile.php?id=100090733639311","article_modified_time":"2025-12-13T15:27:59+00:00","og_image":[{"width":512,"height":512,"url":"https:\/\/talkpal.ai\/wp-content\/uploads\/2023\/05\/denmark.png","type":"image\/png"}],"twitter_card":"summary_large_image","twitter_site":"@talkpalai","twitter_misc":{"Est. reading time":"2 minute"},"schema":{"@context":"https:\/\/schema.org","@graph":[{"@type":"WebPage","@id":"https:\/\/talkpal.ai\/bs\/danska-gramatika\/","url":"https:\/\/talkpal.ai\/bs\/danska-gramatika\/","name":"Danska gramatika - Talkpal","isPartOf":{"@id":"https:\/\/talkpal.ai\/bs\/#website"},"primaryImageOfPage":{"@id":"https:\/\/talkpal.ai\/bs\/danska-gramatika\/#primaryimage"},"image":{"@id":"https:\/\/talkpal.ai\/bs\/danska-gramatika\/#primaryimage"},"thumbnailUrl":"https:\/\/talkpal.ai\/wp-content\/uploads\/2023\/05\/denmark.png","datePublished":"2023-05-14T14:03:23+00:00","dateModified":"2025-12-13T15:27:59+00:00","description":"Istra\u017eite zamr\u0161enosti danske gramatike i otkrijte njena jedinstvena pravila i karakteristike. Nau\u010dite se bez napora snalaziti u jeziku.","breadcrumb":{"@id":"https:\/\/talkpal.ai\/bs\/danska-gramatika\/#breadcrumb"},"inLanguage":"bs-BA","potentialAction":[{"@type":"ReadAction","target":["https:\/\/talkpal.ai\/bs\/danska-gramatika\/"]}]},{"@type":"ImageObject","inLanguage":"bs-BA","@id":"https:\/\/talkpal.ai\/bs\/danska-gramatika\/#primaryimage","url":"https:\/\/talkpal.ai\/wp-content\/uploads\/2023\/05\/denmark.png","contentUrl":"https:\/\/talkpal.ai\/wp-content\/uploads\/2023\/05\/denmark.png","width":512,"height":512},{"@type":"BreadcrumbList","@id":"https:\/\/talkpal.ai\/bs\/danska-gramatika\/#breadcrumb","itemListElement":[{"@type":"ListItem","position":1,"name":"Homepage","item":"https:\/\/talkpal.ai\/bs\/"},{"@type":"ListItem","position":2,"name":"Danska gramatika"}]},{"@type":"WebSite","@id":"https:\/\/talkpal.ai\/bs\/#website","url":"https:\/\/talkpal.ai\/bs\/","name":"Talkpal","description":"AI Language Learning","publisher":{"@id":"https:\/\/talkpal.ai\/bs\/#organization"},"alternateName":"Talkpal AI","potentialAction":[{"@type":"SearchAction","target":{"@type":"EntryPoint","urlTemplate":"https:\/\/talkpal.ai\/bs\/?s={search_term_string}"},"query-input":{"@type":"PropertyValueSpecification","valueRequired":true,"valueName":"search_term_string"}}],"inLanguage":"bs-BA"},{"@type":"Organization","@id":"https:\/\/talkpal.ai\/bs\/#organization","name":"Talkpal, Inc.","alternateName":"Talkpal AI","url":"https:\/\/talkpal.ai\/bs\/","logo":{"@type":"ImageObject","inLanguage":"bs-BA","@id":"https:\/\/talkpal.ai\/bs\/#\/schema\/logo\/image\/","url":"https:\/\/talkpal.ai\/wp-content\/uploads\/2024\/03\/Talkpal-Logo-Icon.png","contentUrl":"https:\/\/talkpal.ai\/wp-content\/uploads\/2024\/03\/Talkpal-Logo-Icon.png","width":2880,"height":2880,"caption":"Talkpal, Inc."},"image":{"@id":"https:\/\/talkpal.ai\/bs\/#\/schema\/logo\/image\/"},"sameAs":["https:\/\/www.facebook.com\/profile.php?id=100090733639311","https:\/\/x.com\/talkpalai","https:\/\/www.linkedin.com\/company\/talkpal\/","https:\/\/www.youtube.com\/@TalkPal\/","https:\/\/www.tiktok.com\/@talkpal","https:\/\/www.instagram.com\/talkpal_ai\/","https:\/\/www.crunchbase.com\/organization\/talkpal-9cde","https:\/\/www.g2.com\/products\/talkpal-for-business\/","https:\/\/www.trustpilot.com\/review\/talkpal.ai","https:\/\/www.capterra.com\/p\/10006800\/TalkPal\/"],"description":"Talkpal is a language learning web and mobile education app, powered by the latest AI technologies, that provides engaging experiences to its customers in many different languages to help them improve their language skills. Users can chat about unlimited amount of topics with the app and use other modes to practice their language learning.","email":"support@talkpal.ai","legalName":"Talkpal, Inc.","foundingDate":"2023-04-03","duns":"118989042","numberOfEmployees":{"@type":"QuantitativeValue","minValue":"11","maxValue":"50"},"publishingPrinciples":"https:\/\/talkpal.ai\/publishing-principles\/","actionableFeedbackPolicy":"https:\/\/talkpal.ai\/actionable-feedback-policy\/","correctionsPolicy":"https:\/\/talkpal.ai\/corrections-policy\/","ethicsPolicy":"https:\/\/talkpal.ai\/ethics-policy\/","diversityPolicy":"https:\/\/talkpal.ai\/diversity-policy\/","diversityStaffingReport":"https:\/\/talkpal.ai\/diversity-policy\/"}]}},"_links":{"self":[{"href":"https:\/\/talkpal.ai\/bs\/wp-json\/wp\/v2\/pages\/143682","targetHints":{"allow":["GET"]}}],"collection":[{"href":"https:\/\/talkpal.ai\/bs\/wp-json\/wp\/v2\/pages"}],"about":[{"href":"https:\/\/talkpal.ai\/bs\/wp-json\/wp\/v2\/types\/page"}],"author":[{"embeddable":true,"href":"https:\/\/talkpal.ai\/bs\/wp-json\/wp\/v2\/users\/1"}],"replies":[{"embeddable":true,"href":"https:\/\/talkpal.ai\/bs\/wp-json\/wp\/v2\/comments?post=143682"}],"version-history":[{"count":0,"href":"https:\/\/talkpal.ai\/bs\/wp-json\/wp\/v2\/pages\/143682\/revisions"}],"wp:featuredmedia":[{"embeddable":true,"href":"https:\/\/talkpal.ai\/bs\/wp-json\/wp\/v2\/media\/110947"}],"wp:attachment":[{"href":"https:\/\/talkpal.ai\/bs\/wp-json\/wp\/v2\/media?parent=143682"}],"curies":[{"name":"wp","href":"https:\/\/api.w.org\/{rel}","templated":true}]}}