{"id":143345,"date":"2023-05-14T14:03:07","date_gmt":"2023-05-14T14:03:07","guid":{"rendered":"http:\/\/talkpal.ai\/ceska-gramatika\/"},"modified":"2025-12-13T15:24:09","modified_gmt":"2025-12-13T15:24:09","slug":"ceska-gramatika","status":"publish","type":"page","link":"https:\/\/talkpal.ai\/bs\/ceska-gramatika\/","title":{"rendered":"\u010ce\u0161ka gramatika"},"content":{"rendered":"\r\n\r\n\r\n<section class=\"languageChallengeSection\">\r\n    <div class=\"languageInfoWrapper\">\r\n        \r\n        <h1>\u010ce\u0161ka gramatika<\/h1>\r\n        <p>Istra\u017eite zamr\u0161enosti \u010de\u0161ke gramatike i otvorite vrata razumijevanju ovog srednjoevropskog jezika. Savladavanjem osnovnih pravila i obrazaca, efikasnije \u0107ete komunicirati i ste\u0107i dublji uvid u \u010de\u0161ku kulturu. Po\u010dnite u\u010diti \u010de\u0161ku gramatiku ve\u0107 danas i napravite prvi korak ka te\u010dnom govoru!<\/p>\r\n\r\n                            <a class=\"getStartedHidden\" href=\"https:\/\/app.talkpal.ai\/signup?lng=\">Kreni<\/a>\r\n        \r\n    <\/div>\r\n\r\n    <figure>\r\n    <img decoding=\"async\" width=\"768\" height=\"768\" src=\"https:\/\/talkpal.ai\/wp-content\/uploads\/2023\/06\/Czech-768x768.png\" class=\"languageImage no-lazy\" alt=\"Language learning for intellectual development\" fetchpriority=\"high\" sizes=\"(max-width: 768px) 150px, 768px\" srcset=\"https:\/\/talkpal.ai\/wp-content\/uploads\/2023\/06\/Czech-768x768.png 768w, https:\/\/talkpal.ai\/wp-content\/uploads\/2023\/06\/Czech-300x300.png 300w\" \/>\r\n    \r\n\r\n    <\/figure>\r\n\r\n            <a class=\"getStartedVisible\" href=\"https:\/\/app.talkpal.ai\/signup?lng=\">Kreni<\/a>\r\n    \r\n<\/section>\r\n<section class=\"promotionalBanner\">\r\n    <p class=\"promotionalText\">Najefikasniji na\u010din za u\u010denje jezika<\/p>\r\n    <a class=\"promotionalLink\" href=\"https:\/\/app.talkpal.ai\/signup?lng=\">Isprobajte Talkpal besplatno<\/a>\r\n<\/section>\n<div class=\"wp-block-group pageContainerStyle\"><div class=\"wp-block-group__inner-container is-layout-constrained wp-block-group-is-layout-constrained\">\n<h2 class=\"wp-block-heading\" id=\"h-czech-grammar-making-sense-of-the-czech-language-s-unique-structure\">\u010ce\u0161ka gramatika: Osmi\u0161ljavanje jedinstvene strukture \u010de\u0161kog jezika<\/h2>\n\n\n\n<p>Ako ste ikada poku\u0161ali da nau\u010dite <a href=\"https:\/\/talkpal.ai\/learn-czech\/\">\u010de\u0161ki<\/a> \u2013 ili \u010dak samo pregledali \u010de\u0161ki \u010dlanak ili knjigu \u2013 vjerovatno ste primijetili da njegova <a href=\"https:\/\/talkpal.ai\/sq\/gramatika\/\">gramatika<\/a> mo\u017ee biti prili\u010dno izazovna. \u0160iroko smatrana jednim od najslo\u017eenijih jezi\u010dkih sistema, <a href=\"https:\/\/talkpal.ai\/mt\/grammatika-ceka\/\">\u010de\u0161ka gramatika<\/a> je zbunila mnoge strane <a href=\"https:\/\/talkpal.ai\/talkpal-discount-for-students\/\">studente<\/a>. Ali ne dozvolite da vas to zastra\u0161i! Specifi\u010dnosti \u010de\u0161ke gramatike su <a href=\"https:\/\/talkpal.ai\/locations\/language-courses-in-ono\/\">ono<\/a> \u0161to je \u010dini fascinantnom i jedinstvenom. U ovom \u010dlanku \u0107emo demistificirati nekoliko klju\u010dnih elemenata \u010de\u0161ke gramatike na konverzacijski na\u010din, poma\u017eu\u0107i vam da dublje shvatite ovaj prekrasni jezik.<\/p>\n\n\n\n<h3 class=\"wp-block-heading\" id=\"h-1-nouns-declensions-and-cases-galore\">1. imenice \u2013 deklinacije i slu\u010dajevi galore!<\/h3>\n\n\n\n<p>Jedna od prvih stvari koje \u0107ete primijetiti o \u010de\u0161koj gramatici su njene imeni\u010dke deklinacije. Deklinacija je grupa imenica sa sli\u010dnim gramati\u010dkim karakteristikama, a \u010de\u0161ki ima do 14 razli\u010ditih deklinacija. Kako je to za raznolikost? Svaka deklinacija ima specifi\u010dan obrazac za predstavljanje jednine i mno\u017eine imenica.<\/p>\n\n\n\n<p>\u010ce\u0161ke imenice tako\u0111er imaju sedam razli\u010ditih slu\u010dajeva: nominativ, genitiv, dativ, akuzativ, vokativ, lokativ i instrumental. Iako se takav broj mo\u017ee \u010diniti zastra\u0161uju\u0107im, bitno je nau\u010diti o ovim slu\u010dajevima jer su oni klju\u010dni u preno\u0161enju zna\u010denja. Na primjer, u \u010de\u0161kom, red rije\u010di nije toliko kriti\u010dan kao u engleskom \u2013 pade\u017ei su koji ukazuju na odnose izme\u0111u rije\u010di.<\/p>\n\n\n\n<h3 class=\"wp-block-heading\" id=\"h-2-adjectives-agreeing-with-nouns\">2. pridjevi \u2013 slaganje s imenicama<\/h3>\n\n\n\n<p>\u010ce\u0161ki pridjevi imaju posebnu du\u017enost: moraju se slo\u017eiti s imenicama koje mijenjaju u spolu, broju i slu\u010daju. Razmi\u0161ljajte o tome kao o dinami\u010dnom dvojcu, gramati\u010dkom tangu, gdje se jedna polovica graciozno prilago\u0111ava kako bi upotpunila drugu. Ovaj sporazum poma\u017ee u stvaranju harmonije u re\u010denicama i pove\u0107ava jasno\u0107u.<\/p>\n\n\n\n<p>Na primjer, rije\u010d za &#8220;lijepo&#8221; na \u010de\u0161kom je &#8220;kr\u00e1sn\u00fd&#8221;. Ako opisujete prekrasnu ku\u0107u (d\u016fm), <a href=\"https:\/\/talkpal.ai\/locations\/language-courses-in-koja\/\">koja<\/a> je mu\u0161kog roda, upotrijebit \u0107ete \u201ckr\u00e1sn\u00fd d\u016fm\u201d. Za lijepu djevojku (d\u00edvka), koja je \u017eenstvena, to postaje \u201ekr\u00e1sn\u00e1 d\u00edvka\u201c. A za prekrasan dan (den), koji je srednji, re\u0107i \u0107ete \u201ckr\u00e1sn\u00fd den\u201d. Vidi\u0161 kako pridjev ple\u0161e zajedno sa imenicom?<\/p>\n\n\n\n<h3 class=\"wp-block-heading\" id=\"h-3-verbs-the-art-of-conjugation\">3. glagoli \u2013 Umjetnost konjugacije<\/h3>\n\n\n\n<p>U \u010ce\u0161koj, umjetnost konjugacije \u2013 to jest, mijenjanje glagolskih oblika zasnovanih na napetosti, raspolo\u017eenju i osobi \u2013 poprima svoj \u017eivot. \u010ce\u0161ki glagoli spadaju u dvije kategorije: savr\u0161eni i nesavr\u0161eni. Savr\u0161eni glagoli ukazuju na to da je radnja zavr\u0161ena, dok nesavr\u0161eni glagoli sugeriraju teku\u0107e ili uobi\u010dajene radnje.  <\/p>\n\n\n\n<p><a href=\"https:\/\/talkpal.ai\/mt\/grammatika-ceka\/\">\u010ce\u0161ka gramatika<\/a> ima neke uzbudljive hirove kada su u pitanju glagoli. Na primer, budu\u0107e vreme se formira samo redovno za nesavr\u0161ene glagole. Za savr\u0161ene glagole, spaja se sa sada\u0161njim vremenom! Tako\u0111er, umjesto da ima specifi\u010dan pasivni glas, \u010de\u0161ki uklju\u010duje pasivne konstrukcije koriste\u0107i pomo\u0107ne glagole. Ne zaboravimo na \u010de\u0161ke povratne glagole, gdje se radnje vra\u0107aju na subjekt, dodaju\u0107i jo\u0161 jedan sloj nijansi ovom intrigantnom jeziku.<\/p>\n\n\n\n<h3 class=\"wp-block-heading\" id=\"h-4-pronouns-the-mirror-of-linguistic-diversity\">Zamjenice: ogledalo jezi\u010dke raznolikosti<\/h3>\n\n\n\n<p>Zamenice u \u010de\u0161koj gramatici \u2013 govorimo o li\u010dnim, posesivnim, pokaznim, upitnim i relativnim zamenicama \u2013 sve pokazuju istu raznolikost kao i drugi delovi govora. Oni tako\u0111e moraju da se slo\u017ee u polu, broju i slu\u010daju sa imenicama koje zamenjuju ili na koje se odnose.<\/p>\n\n\n\n<p>Na primjer, ako govorite o knjizi koja vam se svi\u0111a, rekli biste \u201cM\u00e1m r\u00e1d tu knihu\u201d (svi\u0111a mi se ta knjiga). Ovdje je \u201ctu\u201d \u017eenski oblik pokazne zamjenice \u201cono\u201d, u skladu sa \u201ckniha\u201d (knjiga), koja je tako\u0111er \u017eenskog roda.<\/p>\n\n\n\n<h3 class=\"wp-block-heading\" id=\"h-5-embracing-the-challenge\">b) prihvatanje izazova<\/h3>\n\n\n\n<p>\u010ce\u0161ka gramatika mo\u017ee biti zbunjuju\u0107a i zastra\u0161uju\u0107a, ali to je ono \u0161to ovaj fascinantni jezik isti\u010de. Ne bje\u017eite od izazova! Zapamtite, ne radi se o savladavanju svega odjednom, ve\u0107 o napredovanju korak po korak. Odvojite vreme da razumete jedinstveni sistem \u010de\u0161ke gramatike i bi\u0107ete na dobrom putu da savladate ovaj prelep, slo\u017een jezik. I, dok prihvatate divnu nijansu koju \u010de\u0161ka gramatika mo\u017ee ponuditi, nesumnjivo \u0107ete otkriti novootkrivenu zahvalnost za njene zamr\u0161enosti. Sretno u\u010denje!<\/p>\n<\/div><\/div>\n\r\n<section class=\"learnNavigationSection\">\r\n            \r\n        <a href=\"https:\/\/talkpal.ai\/bs\/nauci-ceski\/\">\r\n            <div class=\"learnNavigationWrapper\">\r\n                <div class=\"learnNavigationContent\">\r\n                    <img decoding=\"async\" src=\"https:\/\/talkpal.ai\/wp-content\/uploads\/2024\/08\/Czech.jpg\" alt=\"Czech Flag\">\r\n                    <div>\r\n                        <h4>O u\u010denju \u010de\u0161kog<\/h4>\r\n                        <p>Saznaj sve o \u010de\u0161koj gramatici.<\/p>\r\n                    <\/div>\r\n                <\/div>\r\n            <\/div>\r\n        <\/a>\r\n\r\n        \r\n        <a href=\"https:\/\/talkpal.ai\/bs\/ceske-gramaticke-vezbe\/\">\r\n            <div class=\"learnNavigationWrapper\">\r\n                <div class=\"learnNavigationContent\">\r\n                    <img decoding=\"async\" src=\"https:\/\/talkpal.ai\/wp-content\/uploads\/2024\/08\/Czech.jpg\" alt=\"Czech Flag\">\r\n                    <div>\r\n                        <h4>Vje\u017eba iz \u010de\u0161ke gramatike<\/h4>\r\n                        <p>Vje\u017ebaj \u010de\u0161ku gramatiku.<\/p>\r\n                    <\/div>\r\n                <\/div>\r\n            <\/div>\r\n        <\/a>\r\n\r\n        \r\n        <a href=\"https:\/\/talkpal.ai\/vocabulary_language\/czech\/\">\r\n            <div class=\"learnNavigationWrapper\">\r\n                <div class=\"learnNavigationContent\">\r\n                    <img decoding=\"async\" src=\"https:\/\/talkpal.ai\/wp-content\/uploads\/2024\/08\/Czech.jpg\" alt=\"Czech Flag\">\r\n                    <div>\r\n                        <h4>\u010de\u0161ki vokabular<\/h4>\r\n                        <p>Pro\u0161irite svoj \u010de\u0161ki vokabular.<\/p>\r\n                    <\/div>\r\n                <\/div>\r\n            <\/div>\r\n        <\/a>\r\n\r\n            <\/section>","protected":false},"excerpt":{"rendered":"<p>\u010ce\u0161ka gramatika: Osmi\u0161ljavanje jedinstvene strukture \u010de\u0161kog jezika Ako ste ikada poku\u0161ali da nau\u010dite \u010de\u0161ki \u2013 ili \u010dak samo pregledali \u010de\u0161ki \u010dlanak ili knjigu \u2013 vjerovatno ste primijetili da njegova gramatika mo\u017ee biti prili\u010dno izazovna. \u0160iroko smatrana jednim od najslo\u017eenijih jezi\u010dkih sistema, \u010de\u0161ka gramatika je zbunila mnoge strane studente. Ali ne dozvolite da vas to zastra\u0161i! [&hellip;]<\/p>\n","protected":false},"author":1,"featured_media":111789,"parent":0,"menu_order":0,"comment_status":"closed","ping_status":"closed","template":"LearningContentPage.php","meta":{"_acf_changed":false,"footnotes":""},"class_list":["post-143345","page","type-page","status-publish","has-post-thumbnail","hentry"],"acf":[],"yoast_head":"<!-- This site is optimized with the Yoast SEO Premium plugin v27.2 (Yoast SEO v27.2) - https:\/\/yoast.com\/product\/yoast-seo-premium-wordpress\/ -->\n<title>\u010ce\u0161ka gramatika - Talkpal<\/title>\n<meta name=\"description\" content=\"Otkrijte tajne \u010de\u0161ke gramatike. Saznajte vi\u0161e o njegovoj jedinstvenoj slo\u017eenosti i kako efikasno savladati deklinacije imenica.\" \/>\n<meta name=\"robots\" content=\"index, follow, max-snippet:-1, max-image-preview:large, max-video-preview:-1\" \/>\n<link rel=\"canonical\" href=\"https:\/\/talkpal.ai\/bs\/ceska-gramatika\/\" \/>\n<meta property=\"og:locale\" content=\"bs_BA\" \/>\n<meta property=\"og:type\" content=\"article\" \/>\n<meta property=\"og:title\" content=\"\u010ce\u0161ka gramatika\" \/>\n<meta property=\"og:description\" content=\"\u010ce\u0161ka gramatika: Osmi\u0161ljavanje jedinstvene strukture \u010de\u0161kog jezika Ako ste ikada poku\u0161ali da nau\u010dite \u010de\u0161ki \u2013 ili \u010dak samo pregledali \u010de\u0161ki \u010dlanak ili\" \/>\n<meta property=\"og:url\" content=\"https:\/\/talkpal.ai\/bs\/ceska-gramatika\/\" \/>\n<meta property=\"og:site_name\" content=\"Talkpal\" \/>\n<meta property=\"article:publisher\" content=\"https:\/\/www.facebook.com\/profile.php?id=100090733639311\" \/>\n<meta property=\"article:modified_time\" content=\"2025-12-13T15:24:09+00:00\" \/>\n<meta property=\"og:image\" content=\"https:\/\/talkpal.ai\/wp-content\/uploads\/2023\/05\/czech-republic.png\" \/>\n\t<meta property=\"og:image:width\" content=\"512\" \/>\n\t<meta property=\"og:image:height\" content=\"512\" \/>\n\t<meta property=\"og:image:type\" content=\"image\/png\" \/>\n<meta name=\"twitter:card\" content=\"summary_large_image\" \/>\n<meta name=\"twitter:site\" content=\"@talkpalai\" \/>\n<meta name=\"twitter:label1\" content=\"Est. reading time\" \/>\n\t<meta name=\"twitter:data1\" content=\"3 minute\" \/>\n<script type=\"application\/ld+json\" class=\"yoast-schema-graph\">{\"@context\":\"https:\/\/schema.org\",\"@graph\":[{\"@type\":\"WebPage\",\"@id\":\"https:\/\/talkpal.ai\/bs\/ceska-gramatika\/\",\"url\":\"https:\/\/talkpal.ai\/bs\/ceska-gramatika\/\",\"name\":\"\u010ce\u0161ka gramatika - Talkpal\",\"isPartOf\":{\"@id\":\"https:\/\/talkpal.ai\/bs\/#website\"},\"primaryImageOfPage\":{\"@id\":\"https:\/\/talkpal.ai\/bs\/ceska-gramatika\/#primaryimage\"},\"image\":{\"@id\":\"https:\/\/talkpal.ai\/bs\/ceska-gramatika\/#primaryimage\"},\"thumbnailUrl\":\"https:\/\/talkpal.ai\/wp-content\/uploads\/2023\/05\/czech-republic.png\",\"datePublished\":\"2023-05-14T14:03:07+00:00\",\"dateModified\":\"2025-12-13T15:24:09+00:00\",\"description\":\"Otkrijte tajne \u010de\u0161ke gramatike. Saznajte vi\u0161e o njegovoj jedinstvenoj slo\u017eenosti i kako efikasno savladati deklinacije imenica.\",\"breadcrumb\":{\"@id\":\"https:\/\/talkpal.ai\/bs\/ceska-gramatika\/#breadcrumb\"},\"inLanguage\":\"bs-BA\",\"potentialAction\":[{\"@type\":\"ReadAction\",\"target\":[\"https:\/\/talkpal.ai\/bs\/ceska-gramatika\/\"]}]},{\"@type\":\"ImageObject\",\"inLanguage\":\"bs-BA\",\"@id\":\"https:\/\/talkpal.ai\/bs\/ceska-gramatika\/#primaryimage\",\"url\":\"https:\/\/talkpal.ai\/wp-content\/uploads\/2023\/05\/czech-republic.png\",\"contentUrl\":\"https:\/\/talkpal.ai\/wp-content\/uploads\/2023\/05\/czech-republic.png\",\"width\":512,\"height\":512},{\"@type\":\"BreadcrumbList\",\"@id\":\"https:\/\/talkpal.ai\/bs\/ceska-gramatika\/#breadcrumb\",\"itemListElement\":[{\"@type\":\"ListItem\",\"position\":1,\"name\":\"Homepage\",\"item\":\"https:\/\/talkpal.ai\/bs\/\"},{\"@type\":\"ListItem\",\"position\":2,\"name\":\"\u010ce\u0161ka gramatika\"}]},{\"@type\":\"WebSite\",\"@id\":\"https:\/\/talkpal.ai\/bs\/#website\",\"url\":\"https:\/\/talkpal.ai\/bs\/\",\"name\":\"Talkpal\",\"description\":\"AI Language Learning\",\"publisher\":{\"@id\":\"https:\/\/talkpal.ai\/bs\/#organization\"},\"alternateName\":\"Talkpal AI\",\"potentialAction\":[{\"@type\":\"SearchAction\",\"target\":{\"@type\":\"EntryPoint\",\"urlTemplate\":\"https:\/\/talkpal.ai\/bs\/?s={search_term_string}\"},\"query-input\":{\"@type\":\"PropertyValueSpecification\",\"valueRequired\":true,\"valueName\":\"search_term_string\"}}],\"inLanguage\":\"bs-BA\"},{\"@type\":\"Organization\",\"@id\":\"https:\/\/talkpal.ai\/bs\/#organization\",\"name\":\"Talkpal, Inc.\",\"alternateName\":\"Talkpal AI\",\"url\":\"https:\/\/talkpal.ai\/bs\/\",\"logo\":{\"@type\":\"ImageObject\",\"inLanguage\":\"bs-BA\",\"@id\":\"https:\/\/talkpal.ai\/bs\/#\/schema\/logo\/image\/\",\"url\":\"https:\/\/talkpal.ai\/wp-content\/uploads\/2024\/03\/Talkpal-Logo-Icon.png\",\"contentUrl\":\"https:\/\/talkpal.ai\/wp-content\/uploads\/2024\/03\/Talkpal-Logo-Icon.png\",\"width\":2880,\"height\":2880,\"caption\":\"Talkpal, Inc.\"},\"image\":{\"@id\":\"https:\/\/talkpal.ai\/bs\/#\/schema\/logo\/image\/\"},\"sameAs\":[\"https:\/\/www.facebook.com\/profile.php?id=100090733639311\",\"https:\/\/x.com\/talkpalai\",\"https:\/\/www.linkedin.com\/company\/talkpal\/\",\"https:\/\/www.youtube.com\/@TalkPal\/\",\"https:\/\/www.tiktok.com\/@talkpal\",\"https:\/\/www.instagram.com\/talkpal_ai\/\",\"https:\/\/www.crunchbase.com\/organization\/talkpal-9cde\",\"https:\/\/www.g2.com\/products\/talkpal-for-business\/\",\"https:\/\/www.trustpilot.com\/review\/talkpal.ai\",\"https:\/\/www.capterra.com\/p\/10006800\/TalkPal\/\"],\"description\":\"Talkpal is a language learning web and mobile education app, powered by the latest AI technologies, that provides engaging experiences to its customers in many different languages to help them improve their language skills. Users can chat about unlimited amount of topics with the app and use other modes to practice their language learning.\",\"email\":\"support@talkpal.ai\",\"legalName\":\"Talkpal, Inc.\",\"foundingDate\":\"2023-04-03\",\"duns\":\"118989042\",\"numberOfEmployees\":{\"@type\":\"QuantitativeValue\",\"minValue\":\"11\",\"maxValue\":\"50\"},\"publishingPrinciples\":\"https:\/\/talkpal.ai\/publishing-principles\/\",\"actionableFeedbackPolicy\":\"https:\/\/talkpal.ai\/actionable-feedback-policy\/\",\"correctionsPolicy\":\"https:\/\/talkpal.ai\/corrections-policy\/\",\"ethicsPolicy\":\"https:\/\/talkpal.ai\/ethics-policy\/\",\"diversityPolicy\":\"https:\/\/talkpal.ai\/diversity-policy\/\",\"diversityStaffingReport\":\"https:\/\/talkpal.ai\/diversity-policy\/\"}]}<\/script>\n<!-- \/ Yoast SEO Premium plugin. -->","yoast_head_json":{"title":"\u010ce\u0161ka gramatika - Talkpal","description":"Otkrijte tajne \u010de\u0161ke gramatike. Saznajte vi\u0161e o njegovoj jedinstvenoj slo\u017eenosti i kako efikasno savladati deklinacije imenica.","robots":{"index":"index","follow":"follow","max-snippet":"max-snippet:-1","max-image-preview":"max-image-preview:large","max-video-preview":"max-video-preview:-1"},"canonical":"https:\/\/talkpal.ai\/bs\/ceska-gramatika\/","og_locale":"bs_BA","og_type":"article","og_title":"\u010ce\u0161ka gramatika","og_description":"\u010ce\u0161ka gramatika: Osmi\u0161ljavanje jedinstvene strukture \u010de\u0161kog jezika Ako ste ikada poku\u0161ali da nau\u010dite \u010de\u0161ki \u2013 ili \u010dak samo pregledali \u010de\u0161ki \u010dlanak ili","og_url":"https:\/\/talkpal.ai\/bs\/ceska-gramatika\/","og_site_name":"Talkpal","article_publisher":"https:\/\/www.facebook.com\/profile.php?id=100090733639311","article_modified_time":"2025-12-13T15:24:09+00:00","og_image":[{"width":512,"height":512,"url":"https:\/\/talkpal.ai\/wp-content\/uploads\/2023\/05\/czech-republic.png","type":"image\/png"}],"twitter_card":"summary_large_image","twitter_site":"@talkpalai","twitter_misc":{"Est. reading time":"3 minute"},"schema":{"@context":"https:\/\/schema.org","@graph":[{"@type":"WebPage","@id":"https:\/\/talkpal.ai\/bs\/ceska-gramatika\/","url":"https:\/\/talkpal.ai\/bs\/ceska-gramatika\/","name":"\u010ce\u0161ka gramatika - Talkpal","isPartOf":{"@id":"https:\/\/talkpal.ai\/bs\/#website"},"primaryImageOfPage":{"@id":"https:\/\/talkpal.ai\/bs\/ceska-gramatika\/#primaryimage"},"image":{"@id":"https:\/\/talkpal.ai\/bs\/ceska-gramatika\/#primaryimage"},"thumbnailUrl":"https:\/\/talkpal.ai\/wp-content\/uploads\/2023\/05\/czech-republic.png","datePublished":"2023-05-14T14:03:07+00:00","dateModified":"2025-12-13T15:24:09+00:00","description":"Otkrijte tajne \u010de\u0161ke gramatike. Saznajte vi\u0161e o njegovoj jedinstvenoj slo\u017eenosti i kako efikasno savladati deklinacije imenica.","breadcrumb":{"@id":"https:\/\/talkpal.ai\/bs\/ceska-gramatika\/#breadcrumb"},"inLanguage":"bs-BA","potentialAction":[{"@type":"ReadAction","target":["https:\/\/talkpal.ai\/bs\/ceska-gramatika\/"]}]},{"@type":"ImageObject","inLanguage":"bs-BA","@id":"https:\/\/talkpal.ai\/bs\/ceska-gramatika\/#primaryimage","url":"https:\/\/talkpal.ai\/wp-content\/uploads\/2023\/05\/czech-republic.png","contentUrl":"https:\/\/talkpal.ai\/wp-content\/uploads\/2023\/05\/czech-republic.png","width":512,"height":512},{"@type":"BreadcrumbList","@id":"https:\/\/talkpal.ai\/bs\/ceska-gramatika\/#breadcrumb","itemListElement":[{"@type":"ListItem","position":1,"name":"Homepage","item":"https:\/\/talkpal.ai\/bs\/"},{"@type":"ListItem","position":2,"name":"\u010ce\u0161ka gramatika"}]},{"@type":"WebSite","@id":"https:\/\/talkpal.ai\/bs\/#website","url":"https:\/\/talkpal.ai\/bs\/","name":"Talkpal","description":"AI Language Learning","publisher":{"@id":"https:\/\/talkpal.ai\/bs\/#organization"},"alternateName":"Talkpal AI","potentialAction":[{"@type":"SearchAction","target":{"@type":"EntryPoint","urlTemplate":"https:\/\/talkpal.ai\/bs\/?s={search_term_string}"},"query-input":{"@type":"PropertyValueSpecification","valueRequired":true,"valueName":"search_term_string"}}],"inLanguage":"bs-BA"},{"@type":"Organization","@id":"https:\/\/talkpal.ai\/bs\/#organization","name":"Talkpal, Inc.","alternateName":"Talkpal AI","url":"https:\/\/talkpal.ai\/bs\/","logo":{"@type":"ImageObject","inLanguage":"bs-BA","@id":"https:\/\/talkpal.ai\/bs\/#\/schema\/logo\/image\/","url":"https:\/\/talkpal.ai\/wp-content\/uploads\/2024\/03\/Talkpal-Logo-Icon.png","contentUrl":"https:\/\/talkpal.ai\/wp-content\/uploads\/2024\/03\/Talkpal-Logo-Icon.png","width":2880,"height":2880,"caption":"Talkpal, Inc."},"image":{"@id":"https:\/\/talkpal.ai\/bs\/#\/schema\/logo\/image\/"},"sameAs":["https:\/\/www.facebook.com\/profile.php?id=100090733639311","https:\/\/x.com\/talkpalai","https:\/\/www.linkedin.com\/company\/talkpal\/","https:\/\/www.youtube.com\/@TalkPal\/","https:\/\/www.tiktok.com\/@talkpal","https:\/\/www.instagram.com\/talkpal_ai\/","https:\/\/www.crunchbase.com\/organization\/talkpal-9cde","https:\/\/www.g2.com\/products\/talkpal-for-business\/","https:\/\/www.trustpilot.com\/review\/talkpal.ai","https:\/\/www.capterra.com\/p\/10006800\/TalkPal\/"],"description":"Talkpal is a language learning web and mobile education app, powered by the latest AI technologies, that provides engaging experiences to its customers in many different languages to help them improve their language skills. Users can chat about unlimited amount of topics with the app and use other modes to practice their language learning.","email":"support@talkpal.ai","legalName":"Talkpal, Inc.","foundingDate":"2023-04-03","duns":"118989042","numberOfEmployees":{"@type":"QuantitativeValue","minValue":"11","maxValue":"50"},"publishingPrinciples":"https:\/\/talkpal.ai\/publishing-principles\/","actionableFeedbackPolicy":"https:\/\/talkpal.ai\/actionable-feedback-policy\/","correctionsPolicy":"https:\/\/talkpal.ai\/corrections-policy\/","ethicsPolicy":"https:\/\/talkpal.ai\/ethics-policy\/","diversityPolicy":"https:\/\/talkpal.ai\/diversity-policy\/","diversityStaffingReport":"https:\/\/talkpal.ai\/diversity-policy\/"}]}},"_links":{"self":[{"href":"https:\/\/talkpal.ai\/bs\/wp-json\/wp\/v2\/pages\/143345","targetHints":{"allow":["GET"]}}],"collection":[{"href":"https:\/\/talkpal.ai\/bs\/wp-json\/wp\/v2\/pages"}],"about":[{"href":"https:\/\/talkpal.ai\/bs\/wp-json\/wp\/v2\/types\/page"}],"author":[{"embeddable":true,"href":"https:\/\/talkpal.ai\/bs\/wp-json\/wp\/v2\/users\/1"}],"replies":[{"embeddable":true,"href":"https:\/\/talkpal.ai\/bs\/wp-json\/wp\/v2\/comments?post=143345"}],"version-history":[{"count":0,"href":"https:\/\/talkpal.ai\/bs\/wp-json\/wp\/v2\/pages\/143345\/revisions"}],"wp:featuredmedia":[{"embeddable":true,"href":"https:\/\/talkpal.ai\/bs\/wp-json\/wp\/v2\/media\/111789"}],"wp:attachment":[{"href":"https:\/\/talkpal.ai\/bs\/wp-json\/wp\/v2\/media?parent=143345"}],"curies":[{"name":"wp","href":"https:\/\/api.w.org\/{rel}","templated":true}]}}