{"id":143014,"date":"2023-05-14T14:02:30","date_gmt":"2023-05-14T14:02:30","guid":{"rendered":"http:\/\/talkpal.ai\/grcka-gramatika\/"},"modified":"2025-12-13T15:14:17","modified_gmt":"2025-12-13T15:14:17","slug":"grcka-gramatika","status":"publish","type":"page","link":"https:\/\/talkpal.ai\/bs\/grcka-gramatika\/","title":{"rendered":"grcka gramatika"},"content":{"rendered":"\r\n\r\n\r\n<section class=\"languageChallengeSection\">\r\n    <div class=\"languageInfoWrapper\">\r\n        \r\n        <h1>grcka gramatika<\/h1>\r\n        <p>Nau\u010dite gr\u010dku gramatiku i zakora\u010dite u svijet jednog od najstarijih i najutjecajnijih jezika \u010dovje\u010danstva. <a href=\"https:\/\/talkpal.ai\/learn-greek\/\">Gr\u010dki<\/a> vas upoznaje sa svojim jedinstvenim alfabetom, ekspresivnim konjugacijama glagola i sistemom pade\u017ea imenica koji oblikuju zna\u010denje. Dok istra\u017eujete, otkrit \u0107ete korijene mnogih engleskih rije\u010di i povezati se s bogatim kulturnim naslije\u0111em. Zaronite i u\u017eivajte u korisnom izazovu u\u010denja gr\u010dke gramatike!<\/p>\r\n\r\n                            <a class=\"getStartedHidden\" href=\"https:\/\/app.talkpal.ai\/signup?lng=\">Kreni<\/a>\r\n        \r\n    <\/div>\r\n\r\n    <figure>\r\n    <img decoding=\"async\" width=\"768\" height=\"768\" src=\"https:\/\/talkpal.ai\/wp-content\/uploads\/2023\/06\/greek-768x768.png\" class=\"languageImage no-lazy\" alt=\"Language learning to boost personal capability\" fetchpriority=\"high\" sizes=\"(max-width: 768px) 150px, 768px\" srcset=\"https:\/\/talkpal.ai\/wp-content\/uploads\/2023\/06\/greek-768x768.png 768w, https:\/\/talkpal.ai\/wp-content\/uploads\/2023\/06\/greek-300x300.png 300w\" \/>\r\n    \r\n\r\n    <\/figure>\r\n\r\n            <a class=\"getStartedVisible\" href=\"https:\/\/app.talkpal.ai\/signup?lng=\">Kreni<\/a>\r\n    \r\n<\/section>\r\n<section class=\"promotionalBanner\">\r\n    <p class=\"promotionalText\">Najefikasniji na\u010din za u\u010denje jezika<\/p>\r\n    <a class=\"promotionalLink\" href=\"https:\/\/app.talkpal.ai\/signup?lng=\">Isprobajte Talkpal besplatno<\/a>\r\n<\/section>\n<div class=\"wp-block-group pageContainerStyle\"><div class=\"wp-block-group__inner-container is-layout-constrained wp-block-group-is-layout-constrained\">\n<h2 class=\"wp-block-heading\" id=\"h-demystifying-greek-grammar-a-comprehensive-guide\">Demistifikacija gr\u010dke gramatike: sveobuhvatan vodi\u010d<\/h2>\n\n\n\n<p><a href=\"https:\/\/talkpal.ai\/learn-greek\/\">Gr\u010dki<\/a>, elegantan i drevni jezik, zauzima posebno mesto u jezi\u010dkoj istoriji i ostaje uticajan i danas. Sa snazhnom osnovom u grchko\u0458 gramatici, dobi\u045bete pristup bogatstvu kulturnih i istori\u0458skih resursa dok \u045bete otklju\u010dati drugi sloj znachenja u engleskom rechniku. Suprotno uvrije\u017eenom mi\u0161ljenju, <a href=\"https:\/\/talkpal.ai\/greek-grammar\/\">gr\u010dka gramatika<\/a> nije tako zastra\u0161uju\u0107a kao \u0161to se u po\u010detku \u010dini. U ovom \u010dlanku \u0107emo vam pomo\u0107i da se kre\u0107ete kroz osnovne komponente gr\u010dke gramatike kako bismo vam omogu\u0107ili da pristupite ovom jeziku s povjerenjem i entuzijazmom.<\/p>\n\n\n\n<h3 class=\"wp-block-heading\" id=\"h-1-understanding-greek-nouns-cases-and-articles\">1. razumijevanje gr\u010dkih imenica, slu\u010dajeva i \u010dlanaka<\/h3>\n\n\n\n<p>Gr\u010dke imenice se klasifikuju u tri roda: mu\u0161ki, \u017eenski i kauterski. Svaka imenica pripada jednoj od tri deklinacije, koje odre\u0111uju zavr\u0161etak imenice na osnovu njenog roda, broja (jednine ili mno\u017eine) i pade\u017ea. U gr\u010dkom jeziku postoji pet slu\u010dajeva: nominativ, genitiv, dativ, akuzativ i vokativ.<\/p>\n\n\n\n<p>Bitan aspekt gr\u010dke gramatike vrti se oko \u010dlanka. Sli\u010dno engleskom &#8216;the&#8217;, gr\u010dki odre\u0111eni \u010dlan je klju\u010dan za razumijevanje gr\u010dkih tekstova. Gr\u010dki \u010dlanak <a href=\"https:\/\/talkpal.ai\/locations\/language-courses-in-mora\/\">mora<\/a> se slo\u017eiti sa imenicom u spolu, broju i slu\u010daju. Gr\u010dki tako\u0111er ima neodre\u0111eni \u010dlan koji u engleskom funkcionira kao &#8216;a&#8217; ili &#8216;an&#8217;.<\/p>\n\n\n\n<h3 class=\"wp-block-heading\" id=\"h-2-tackling-greek-verbs-conjugation-and-moods\">Gr\u010dki glagoli: konjugacija i raspolo\u017eenje<\/h3>\n\n\n\n<p>Gr\u010dki glagoli karakteri\u0161u napetost, glas, raspolo\u017eenje, li\u010dnost i broj. Glagoli u gr\u010dkom jeziku konjugiraju se prema njihovom vremenu, \u0161to ukazuje na to kada se dogodi neka akcija. Postoji sedam glavnih dijelova gr\u010dkog glagola, od kojih svaki odgovara vremenu:<\/p>\n\n\n\n<p><strong>\u2013 Prisutno<\/strong><\/p>\n\n\n\n<p><strong>\u2013 Budu\u0107nost<\/strong><\/p>\n\n\n\n<p><strong>\u2013 Aorist (jednostavna pro\u0161lost)<\/strong><\/p>\n\n\n\n<p><strong>\u2013 Savr\u0161eno<\/strong><\/p>\n\n\n\n<p><strong>\u2013 Budu\u0107nost savr\u0161ena<\/strong><\/p>\n\n\n\n<p><strong>\u2013 Savr\u0161eno<\/strong><\/p>\n\n\n\n<p><strong>\u2013 Aorist pasiv<\/strong><\/p>\n\n\n\n<p>Osim toga, gr\u010dki glagoli imaju razli\u010dita raspolo\u017eenja <a href=\"https:\/\/talkpal.ai\/locations\/language-courses-in-koja\/\">koja<\/a> izra\u017eavaju govornikov stav prema radnji. Ova raspolo\u017eenja su imperativna, indikativna i konjuktivna.<\/p>\n\n\n\n<h3 class=\"wp-block-heading\" id=\"h-3-crafting-expressive-sentences-with-greek-adjectives-and-adverbs\">3. izrada izra\u017eajnih re\u010denica s gr\u010dkim pridjevima i prilozima<\/h3>\n\n\n\n<p>Gr\u010dki pridjevi dodaju boju i opis va\u0161im re\u010denicama. Sli\u010dno imenicama, pridjevi na gr\u010dkom jeziku moraju se slo\u017eiti u spolu, broju i slu\u010daju s imenicom koju opisuju. Nadalje, pridjevi pripadaju jednoj od tri deklinacije, koja odre\u0111uje njihove zavr\u0161etke.<\/p>\n\n\n\n<p>Gr\u010dki prilozi modifikuju glagole, pridjeve ili druge priloge. Oni izra\u017eavaju kako, kada, gde i u kojoj meri se radnja izvodi. Za razliku od pridjeva, prilozi se ne moraju slagati s imenicama u spolu, broju ili slu\u010daju. U mnogim slu\u010dajevima, prilozi se formiraju dodavanjem specifi\u010dnih zavr\u0161etaka pridjevskim korijenima.<\/p>\n\n\n\n<h3 class=\"wp-block-heading\" id=\"h-4-exploring-greek-pronouns-and-greek-sentence-structure\">4. istra\u017eivanje gr\u010dkih zamjenica i gr\u010dke strukture re\u010denice<\/h3>\n\n\n\n<p>Zamenice igraju zna\u010dajnu ulogu u gr\u010dkoj gramatici, jer zamenjuju imenice i moraju se slo\u017eiti sa imenicom koju predstavljaju po polu, broju i slu\u010daju. Postoje li\u010dne, refleksivne, demonstrativne, relativne, ispitiva\u010dke i <a href=\"https:\/\/talkpal.ai\/sr\/grammar_exercises\/%d0%b2%d0%b5%d0%b6%d0%b1%d0%b5-%d0%b7%d0%b0-%d0%bd%d0%b5%d0%be%d0%b4%d1%80%d0%b5%d1%92%d0%b5%d0%bd%d0%b5-%d0%b7%d0%b0%d0%bc%d0%b5%d0%bd%d0%b8%d1%86%d0%b5-%d0%b7%d0%b0-%d0%b5%d0%bd%d0%b3%d0%bb%d0%b5\/\">neodre\u0111ene zamenice<\/a> na gr\u010dkom.<\/p>\n\n\n\n<p>Gr\u010dka struktura re\u010denice prvenstveno slijedi redoslijed subjekt-glagol-objekt (SVO). Me\u0111utim, zbog svoje veoma naru\u0161ene prirode, gr\u010dki nudi ve\u0107u fleksibilnost u redosledu re\u010di, \u0161to omogu\u0107ava naglasak i poetsko izra\u017eavanje. Ova fleksibilnost u po\u010detku mo\u017ee izgledati kao izazovna, ali postaje pristupa\u010dnija kako se upoznate sa nijansama jezika.<\/p>\n\n\n\n<h3 class=\"wp-block-heading\" id=\"h-conclusion\">Zaklju\u010dak<\/h3>\n\n\n\n<p>Dok krenete na put ka savladavanju gr\u010dke gramatike, zapamtite da su praksa i upornost klju\u010dni za uspeh. Odvojite vreme za otkrivanje slo\u017eenosti gr\u010dkih imenica, glagola, prideva, priloga i strukture re\u010denica. Dok dublje zalazite u ovaj fascinantni jezik, otkri\u0107ete da gr\u010dka gramatika postaje poznatija i manje zastra\u0161uju\u0107a. Sretno i sretno!<\/p>\n<\/div><\/div>\n\r\n<section class=\"learnNavigationSection\">\r\n            \r\n        <a href=\"https:\/\/talkpal.ai\/bs\/nauci-grcki\/\">\r\n            <div class=\"learnNavigationWrapper\">\r\n                <div class=\"learnNavigationContent\">\r\n                    <img decoding=\"async\" src=\"https:\/\/talkpal.ai\/wp-content\/uploads\/2024\/08\/Greek.jpg\" alt=\"Greek Flag\">\r\n                    <div>\r\n                        <h4>O u\u010denju gr\u010dkog<\/h4>\r\n                        <p>Saznajte sve o gr\u010dkoj gramatici.<\/p>\r\n                    <\/div>\r\n                <\/div>\r\n            <\/div>\r\n        <\/a>\r\n\r\n        \r\n        <a href=\"https:\/\/talkpal.ai\/bs\/grcke-gramaticke-vezbe\/\">\r\n            <div class=\"learnNavigationWrapper\">\r\n                <div class=\"learnNavigationContent\">\r\n                    <img decoding=\"async\" src=\"https:\/\/talkpal.ai\/wp-content\/uploads\/2024\/08\/Greek.jpg\" alt=\"Greek Flag\">\r\n                    <div>\r\n                        <h4>Vje\u017eba iz gr\u010dke gramatike<\/h4>\r\n                        <p>Praktikuj gr\u010dku gramatiku.<\/p>\r\n                    <\/div>\r\n                <\/div>\r\n            <\/div>\r\n        <\/a>\r\n\r\n        \r\n        <a href=\"https:\/\/talkpal.ai\/vocabulary_language\/greek\/\">\r\n            <div class=\"learnNavigationWrapper\">\r\n                <div class=\"learnNavigationContent\">\r\n                    <img decoding=\"async\" src=\"https:\/\/talkpal.ai\/wp-content\/uploads\/2024\/08\/Greek.jpg\" alt=\"Greek Flag\">\r\n                    <div>\r\n                        <h4>gr\u010dki vokabular<\/h4>\r\n                        <p>Pro\u0161irite svoj gr\u010dki vokabular.<\/p>\r\n                    <\/div>\r\n                <\/div>\r\n            <\/div>\r\n        <\/a>\r\n\r\n            <\/section>","protected":false},"excerpt":{"rendered":"<p>Demistifikacija gr\u010dke gramatike: sveobuhvatan vodi\u010d Gr\u010dki, elegantan i drevni jezik, zauzima posebno mesto u jezi\u010dkoj istoriji i ostaje uticajan i danas. Sa snazhnom osnovom u grchko\u0458 gramatici, dobi\u045bete pristup bogatstvu kulturnih i istori\u0458skih resursa dok \u045bete otklju\u010dati drugi sloj znachenja u engleskom rechniku. Suprotno uvrije\u017eenom mi\u0161ljenju, gr\u010dka gramatika nije tako zastra\u0161uju\u0107a kao \u0161to se u [&hellip;]<\/p>\n","protected":false},"author":1,"featured_media":112712,"parent":0,"menu_order":0,"comment_status":"closed","ping_status":"closed","template":"LearningContentPage.php","meta":{"_acf_changed":false,"footnotes":""},"class_list":["post-143014","page","type-page","status-publish","has-post-thumbnail","hentry"],"acf":[],"yoast_head":"<!-- This site is optimized with the Yoast SEO Premium plugin v27.2 (Yoast SEO v27.2) - https:\/\/yoast.com\/product\/yoast-seo-premium-wordpress\/ -->\n<title>grcka gramatika - Talkpal<\/title>\n<meta name=\"description\" content=\"Savladajte gr\u010dku gramatiku s povjerenjem - nau\u010dite va\u017ena pravila, vje\u017ebajte formiranje re\u010denica i brzo oja\u010dajte svoje vje\u0161tine uz Talkpal AI.\" \/>\n<meta name=\"robots\" content=\"index, follow, max-snippet:-1, max-image-preview:large, max-video-preview:-1\" \/>\n<link rel=\"canonical\" href=\"https:\/\/talkpal.ai\/bs\/grcka-gramatika\/\" \/>\n<meta property=\"og:locale\" content=\"bs_BA\" \/>\n<meta property=\"og:type\" content=\"article\" \/>\n<meta property=\"og:title\" content=\"grcka gramatika\" \/>\n<meta property=\"og:description\" content=\"Demistifikacija gr\u010dke gramatike: sveobuhvatan vodi\u010d Gr\u010dki, elegantan i drevni jezik, zauzima posebno mesto u jezi\u010dkoj istoriji i ostaje uticajan i danas.\" \/>\n<meta property=\"og:url\" content=\"https:\/\/talkpal.ai\/bs\/grcka-gramatika\/\" \/>\n<meta property=\"og:site_name\" content=\"Talkpal\" \/>\n<meta property=\"article:publisher\" content=\"https:\/\/www.facebook.com\/profile.php?id=100090733639311\" \/>\n<meta property=\"article:modified_time\" content=\"2025-12-13T15:14:17+00:00\" \/>\n<meta property=\"og:image\" content=\"https:\/\/talkpal.ai\/wp-content\/uploads\/2023\/05\/greece.png\" \/>\n\t<meta property=\"og:image:width\" content=\"512\" \/>\n\t<meta property=\"og:image:height\" content=\"512\" \/>\n\t<meta property=\"og:image:type\" content=\"image\/png\" \/>\n<meta name=\"twitter:card\" content=\"summary_large_image\" \/>\n<meta name=\"twitter:site\" content=\"@talkpalai\" \/>\n<meta name=\"twitter:label1\" content=\"Est. reading time\" \/>\n\t<meta name=\"twitter:data1\" content=\"3 minute\" \/>\n<script type=\"application\/ld+json\" class=\"yoast-schema-graph\">{\"@context\":\"https:\/\/schema.org\",\"@graph\":[{\"@type\":\"WebPage\",\"@id\":\"https:\/\/talkpal.ai\/bs\/grcka-gramatika\/\",\"url\":\"https:\/\/talkpal.ai\/bs\/grcka-gramatika\/\",\"name\":\"grcka gramatika - Talkpal\",\"isPartOf\":{\"@id\":\"https:\/\/talkpal.ai\/bs\/#website\"},\"primaryImageOfPage\":{\"@id\":\"https:\/\/talkpal.ai\/bs\/grcka-gramatika\/#primaryimage\"},\"image\":{\"@id\":\"https:\/\/talkpal.ai\/bs\/grcka-gramatika\/#primaryimage\"},\"thumbnailUrl\":\"https:\/\/talkpal.ai\/wp-content\/uploads\/2023\/05\/greece.png\",\"datePublished\":\"2023-05-14T14:02:30+00:00\",\"dateModified\":\"2025-12-13T15:14:17+00:00\",\"description\":\"Savladajte gr\u010dku gramatiku s povjerenjem - nau\u010dite va\u017ena pravila, vje\u017ebajte formiranje re\u010denica i brzo oja\u010dajte svoje vje\u0161tine uz Talkpal AI.\",\"breadcrumb\":{\"@id\":\"https:\/\/talkpal.ai\/bs\/grcka-gramatika\/#breadcrumb\"},\"inLanguage\":\"bs-BA\",\"potentialAction\":[{\"@type\":\"ReadAction\",\"target\":[\"https:\/\/talkpal.ai\/bs\/grcka-gramatika\/\"]}]},{\"@type\":\"ImageObject\",\"inLanguage\":\"bs-BA\",\"@id\":\"https:\/\/talkpal.ai\/bs\/grcka-gramatika\/#primaryimage\",\"url\":\"https:\/\/talkpal.ai\/wp-content\/uploads\/2023\/05\/greece.png\",\"contentUrl\":\"https:\/\/talkpal.ai\/wp-content\/uploads\/2023\/05\/greece.png\",\"width\":512,\"height\":512},{\"@type\":\"BreadcrumbList\",\"@id\":\"https:\/\/talkpal.ai\/bs\/grcka-gramatika\/#breadcrumb\",\"itemListElement\":[{\"@type\":\"ListItem\",\"position\":1,\"name\":\"Homepage\",\"item\":\"https:\/\/talkpal.ai\/bs\/\"},{\"@type\":\"ListItem\",\"position\":2,\"name\":\"grcka gramatika\"}]},{\"@type\":\"WebSite\",\"@id\":\"https:\/\/talkpal.ai\/bs\/#website\",\"url\":\"https:\/\/talkpal.ai\/bs\/\",\"name\":\"Talkpal\",\"description\":\"AI Language Learning\",\"publisher\":{\"@id\":\"https:\/\/talkpal.ai\/bs\/#organization\"},\"alternateName\":\"Talkpal AI\",\"potentialAction\":[{\"@type\":\"SearchAction\",\"target\":{\"@type\":\"EntryPoint\",\"urlTemplate\":\"https:\/\/talkpal.ai\/bs\/?s={search_term_string}\"},\"query-input\":{\"@type\":\"PropertyValueSpecification\",\"valueRequired\":true,\"valueName\":\"search_term_string\"}}],\"inLanguage\":\"bs-BA\"},{\"@type\":\"Organization\",\"@id\":\"https:\/\/talkpal.ai\/bs\/#organization\",\"name\":\"Talkpal, Inc.\",\"alternateName\":\"Talkpal AI\",\"url\":\"https:\/\/talkpal.ai\/bs\/\",\"logo\":{\"@type\":\"ImageObject\",\"inLanguage\":\"bs-BA\",\"@id\":\"https:\/\/talkpal.ai\/bs\/#\/schema\/logo\/image\/\",\"url\":\"https:\/\/talkpal.ai\/wp-content\/uploads\/2024\/03\/Talkpal-Logo-Icon.png\",\"contentUrl\":\"https:\/\/talkpal.ai\/wp-content\/uploads\/2024\/03\/Talkpal-Logo-Icon.png\",\"width\":2880,\"height\":2880,\"caption\":\"Talkpal, Inc.\"},\"image\":{\"@id\":\"https:\/\/talkpal.ai\/bs\/#\/schema\/logo\/image\/\"},\"sameAs\":[\"https:\/\/www.facebook.com\/profile.php?id=100090733639311\",\"https:\/\/x.com\/talkpalai\",\"https:\/\/www.linkedin.com\/company\/talkpal\/\",\"https:\/\/www.youtube.com\/@TalkPal\/\",\"https:\/\/www.tiktok.com\/@talkpal\",\"https:\/\/www.instagram.com\/talkpal_ai\/\",\"https:\/\/www.crunchbase.com\/organization\/talkpal-9cde\",\"https:\/\/www.g2.com\/products\/talkpal-for-business\/\",\"https:\/\/www.trustpilot.com\/review\/talkpal.ai\",\"https:\/\/www.capterra.com\/p\/10006800\/TalkPal\/\"],\"description\":\"Talkpal is a language learning web and mobile education app, powered by the latest AI technologies, that provides engaging experiences to its customers in many different languages to help them improve their language skills. Users can chat about unlimited amount of topics with the app and use other modes to practice their language learning.\",\"email\":\"support@talkpal.ai\",\"legalName\":\"Talkpal, Inc.\",\"foundingDate\":\"2023-04-03\",\"duns\":\"118989042\",\"numberOfEmployees\":{\"@type\":\"QuantitativeValue\",\"minValue\":\"11\",\"maxValue\":\"50\"},\"publishingPrinciples\":\"https:\/\/talkpal.ai\/publishing-principles\/\",\"actionableFeedbackPolicy\":\"https:\/\/talkpal.ai\/actionable-feedback-policy\/\",\"correctionsPolicy\":\"https:\/\/talkpal.ai\/corrections-policy\/\",\"ethicsPolicy\":\"https:\/\/talkpal.ai\/ethics-policy\/\",\"diversityPolicy\":\"https:\/\/talkpal.ai\/diversity-policy\/\",\"diversityStaffingReport\":\"https:\/\/talkpal.ai\/diversity-policy\/\"}]}<\/script>\n<!-- \/ Yoast SEO Premium plugin. -->","yoast_head_json":{"title":"grcka gramatika - Talkpal","description":"Savladajte gr\u010dku gramatiku s povjerenjem - nau\u010dite va\u017ena pravila, vje\u017ebajte formiranje re\u010denica i brzo oja\u010dajte svoje vje\u0161tine uz Talkpal AI.","robots":{"index":"index","follow":"follow","max-snippet":"max-snippet:-1","max-image-preview":"max-image-preview:large","max-video-preview":"max-video-preview:-1"},"canonical":"https:\/\/talkpal.ai\/bs\/grcka-gramatika\/","og_locale":"bs_BA","og_type":"article","og_title":"grcka gramatika","og_description":"Demistifikacija gr\u010dke gramatike: sveobuhvatan vodi\u010d Gr\u010dki, elegantan i drevni jezik, zauzima posebno mesto u jezi\u010dkoj istoriji i ostaje uticajan i danas.","og_url":"https:\/\/talkpal.ai\/bs\/grcka-gramatika\/","og_site_name":"Talkpal","article_publisher":"https:\/\/www.facebook.com\/profile.php?id=100090733639311","article_modified_time":"2025-12-13T15:14:17+00:00","og_image":[{"width":512,"height":512,"url":"https:\/\/talkpal.ai\/wp-content\/uploads\/2023\/05\/greece.png","type":"image\/png"}],"twitter_card":"summary_large_image","twitter_site":"@talkpalai","twitter_misc":{"Est. reading time":"3 minute"},"schema":{"@context":"https:\/\/schema.org","@graph":[{"@type":"WebPage","@id":"https:\/\/talkpal.ai\/bs\/grcka-gramatika\/","url":"https:\/\/talkpal.ai\/bs\/grcka-gramatika\/","name":"grcka gramatika - Talkpal","isPartOf":{"@id":"https:\/\/talkpal.ai\/bs\/#website"},"primaryImageOfPage":{"@id":"https:\/\/talkpal.ai\/bs\/grcka-gramatika\/#primaryimage"},"image":{"@id":"https:\/\/talkpal.ai\/bs\/grcka-gramatika\/#primaryimage"},"thumbnailUrl":"https:\/\/talkpal.ai\/wp-content\/uploads\/2023\/05\/greece.png","datePublished":"2023-05-14T14:02:30+00:00","dateModified":"2025-12-13T15:14:17+00:00","description":"Savladajte gr\u010dku gramatiku s povjerenjem - nau\u010dite va\u017ena pravila, vje\u017ebajte formiranje re\u010denica i brzo oja\u010dajte svoje vje\u0161tine uz Talkpal AI.","breadcrumb":{"@id":"https:\/\/talkpal.ai\/bs\/grcka-gramatika\/#breadcrumb"},"inLanguage":"bs-BA","potentialAction":[{"@type":"ReadAction","target":["https:\/\/talkpal.ai\/bs\/grcka-gramatika\/"]}]},{"@type":"ImageObject","inLanguage":"bs-BA","@id":"https:\/\/talkpal.ai\/bs\/grcka-gramatika\/#primaryimage","url":"https:\/\/talkpal.ai\/wp-content\/uploads\/2023\/05\/greece.png","contentUrl":"https:\/\/talkpal.ai\/wp-content\/uploads\/2023\/05\/greece.png","width":512,"height":512},{"@type":"BreadcrumbList","@id":"https:\/\/talkpal.ai\/bs\/grcka-gramatika\/#breadcrumb","itemListElement":[{"@type":"ListItem","position":1,"name":"Homepage","item":"https:\/\/talkpal.ai\/bs\/"},{"@type":"ListItem","position":2,"name":"grcka gramatika"}]},{"@type":"WebSite","@id":"https:\/\/talkpal.ai\/bs\/#website","url":"https:\/\/talkpal.ai\/bs\/","name":"Talkpal","description":"AI Language Learning","publisher":{"@id":"https:\/\/talkpal.ai\/bs\/#organization"},"alternateName":"Talkpal AI","potentialAction":[{"@type":"SearchAction","target":{"@type":"EntryPoint","urlTemplate":"https:\/\/talkpal.ai\/bs\/?s={search_term_string}"},"query-input":{"@type":"PropertyValueSpecification","valueRequired":true,"valueName":"search_term_string"}}],"inLanguage":"bs-BA"},{"@type":"Organization","@id":"https:\/\/talkpal.ai\/bs\/#organization","name":"Talkpal, Inc.","alternateName":"Talkpal AI","url":"https:\/\/talkpal.ai\/bs\/","logo":{"@type":"ImageObject","inLanguage":"bs-BA","@id":"https:\/\/talkpal.ai\/bs\/#\/schema\/logo\/image\/","url":"https:\/\/talkpal.ai\/wp-content\/uploads\/2024\/03\/Talkpal-Logo-Icon.png","contentUrl":"https:\/\/talkpal.ai\/wp-content\/uploads\/2024\/03\/Talkpal-Logo-Icon.png","width":2880,"height":2880,"caption":"Talkpal, Inc."},"image":{"@id":"https:\/\/talkpal.ai\/bs\/#\/schema\/logo\/image\/"},"sameAs":["https:\/\/www.facebook.com\/profile.php?id=100090733639311","https:\/\/x.com\/talkpalai","https:\/\/www.linkedin.com\/company\/talkpal\/","https:\/\/www.youtube.com\/@TalkPal\/","https:\/\/www.tiktok.com\/@talkpal","https:\/\/www.instagram.com\/talkpal_ai\/","https:\/\/www.crunchbase.com\/organization\/talkpal-9cde","https:\/\/www.g2.com\/products\/talkpal-for-business\/","https:\/\/www.trustpilot.com\/review\/talkpal.ai","https:\/\/www.capterra.com\/p\/10006800\/TalkPal\/"],"description":"Talkpal is a language learning web and mobile education app, powered by the latest AI technologies, that provides engaging experiences to its customers in many different languages to help them improve their language skills. Users can chat about unlimited amount of topics with the app and use other modes to practice their language learning.","email":"support@talkpal.ai","legalName":"Talkpal, Inc.","foundingDate":"2023-04-03","duns":"118989042","numberOfEmployees":{"@type":"QuantitativeValue","minValue":"11","maxValue":"50"},"publishingPrinciples":"https:\/\/talkpal.ai\/publishing-principles\/","actionableFeedbackPolicy":"https:\/\/talkpal.ai\/actionable-feedback-policy\/","correctionsPolicy":"https:\/\/talkpal.ai\/corrections-policy\/","ethicsPolicy":"https:\/\/talkpal.ai\/ethics-policy\/","diversityPolicy":"https:\/\/talkpal.ai\/diversity-policy\/","diversityStaffingReport":"https:\/\/talkpal.ai\/diversity-policy\/"}]}},"_links":{"self":[{"href":"https:\/\/talkpal.ai\/bs\/wp-json\/wp\/v2\/pages\/143014","targetHints":{"allow":["GET"]}}],"collection":[{"href":"https:\/\/talkpal.ai\/bs\/wp-json\/wp\/v2\/pages"}],"about":[{"href":"https:\/\/talkpal.ai\/bs\/wp-json\/wp\/v2\/types\/page"}],"author":[{"embeddable":true,"href":"https:\/\/talkpal.ai\/bs\/wp-json\/wp\/v2\/users\/1"}],"replies":[{"embeddable":true,"href":"https:\/\/talkpal.ai\/bs\/wp-json\/wp\/v2\/comments?post=143014"}],"version-history":[{"count":0,"href":"https:\/\/talkpal.ai\/bs\/wp-json\/wp\/v2\/pages\/143014\/revisions"}],"wp:featuredmedia":[{"embeddable":true,"href":"https:\/\/talkpal.ai\/bs\/wp-json\/wp\/v2\/media\/112712"}],"wp:attachment":[{"href":"https:\/\/talkpal.ai\/bs\/wp-json\/wp\/v2\/media?parent=143014"}],"curies":[{"name":"wp","href":"https:\/\/api.w.org\/{rel}","templated":true}]}}