{"id":142712,"date":"2023-05-14T14:01:53","date_gmt":"2023-05-14T14:01:53","guid":{"rendered":"http:\/\/talkpal.ai\/estonska-gramatika\/"},"modified":"2025-12-13T15:32:37","modified_gmt":"2025-12-13T15:32:37","slug":"estonska-gramatika","status":"publish","type":"page","link":"https:\/\/talkpal.ai\/bs\/estonska-gramatika\/","title":{"rendered":"estonska gramatika"},"content":{"rendered":"\r\n\r\n\r\n<section class=\"languageChallengeSection\">\r\n    <div class=\"languageInfoWrapper\">\r\n        \r\n        <h1>estonska gramatika<\/h1>\r\n        <p>Razmi\u0161ljate o u\u010denju estonskog jezika? Zakora\u010dite u svijet estonske gramatike, gdje aglutinacija, samoglasni\u010dka harmonija i \u0161irok raspon pade\u017ea imenica stvaraju zaista jedinstveno jezi\u010dko iskustvo. Po\u010dnite istra\u017eivati \u200b\u200bve\u0107 danas &#8211; savladavanje estonske gramatike ne samo da \u0107e pobolj\u0161ati va\u0161u te\u010dnost, ve\u0107 \u0107e vas i povezati s bogatom kulturom i historijom Estonije!<\/p>\r\n\r\n                            <a class=\"getStartedHidden\" href=\"https:\/\/app.talkpal.ai\/signup?lng=\">Kreni<\/a>\r\n        \r\n    <\/div>\r\n\r\n    <figure>\r\n    <img decoding=\"async\" width=\"768\" height=\"768\" src=\"https:\/\/talkpal.ai\/wp-content\/uploads\/2023\/06\/Estonian-768x768.png\" class=\"languageImage no-lazy\" alt=\"Secret tricks of language learning\" fetchpriority=\"high\" sizes=\"(max-width: 768px) 150px, 768px\" srcset=\"https:\/\/talkpal.ai\/wp-content\/uploads\/2023\/06\/Estonian-768x768.png 768w, https:\/\/talkpal.ai\/wp-content\/uploads\/2023\/06\/Estonian-300x300.png 300w\" \/>\r\n    \r\n\r\n    <\/figure>\r\n\r\n            <a class=\"getStartedVisible\" href=\"https:\/\/app.talkpal.ai\/signup?lng=\">Kreni<\/a>\r\n    \r\n<\/section>\r\n<section class=\"promotionalBanner\">\r\n    <p class=\"promotionalText\">Najefikasniji na\u010din za u\u010denje jezika<\/p>\r\n    <a class=\"promotionalLink\" href=\"https:\/\/app.talkpal.ai\/signup?lng=\">Isprobajte Talkpal besplatno<\/a>\r\n<\/section>\n<div class=\"wp-block-group pageContainerStyle\"><div class=\"wp-block-group__inner-container is-layout-constrained wp-block-group-is-layout-constrained\">\n<h2 class=\"wp-block-heading\" id=\"h-estonian-grammar-the-gateway-to-a-unique-language-journey\">Estonska gramatika: kapija ka jedinstvenom jezi\u010dkom putovanju<\/h2>\n\n\n\n<p>Dobro do\u0161li u nevjerovatan svijet Srbije! Sa preko milion izvornih govornika, <a href=\"https:\/\/talkpal.ai\/learn-estonian\/\">estonski<\/a> vam nudi jedinstvenu priliku da pro\u0161irite svoje jezi\u010dke <a href=\"https:\/\/talkpal.ai\/locations\/language-courses-in-horizonte\/\">horizonte<\/a> i otkrijete \u017eivu kulturu. Iako zamr\u0161enosti estonske gramatike na prvi pogled mogu izgledati zastra\u0161uju\u0107e, ovaj prijateljski vodi\u010d za po\u010detnike je tu da razbije osnove estonske gramatike na jednostavan i zanimljiv na\u010din.<\/p>\n\n\n\n<h3 class=\"wp-block-heading\" id=\"h-1-embracing-the-estonian-alphabet\">Estonski alfabet<\/h3>\n\n\n\n<p>Put do savladavanja estonskog po\u010dinje njegovim alfabetom. <a href=\"https:\/\/talkpal.ai\/learn-estonian\/\">Estonski<\/a> koristi latinicu, dopunjenu sa devet posebnih znakova: \u00c4, \u00d6, \u00dc, \u00d5, \u0160, \u017d, i njihovim malim kolegama. Upoznavanje sa ovim likovima stvori\u0107e sna\u017enu osnovu za va\u0161e estonsko iskustvo u\u010denja.<\/p>\n\n\n\n<h3 class=\"wp-block-heading\" id=\"h-2-getting-a-grip-on-estonian-nouns\">2. hvatanje estonskih imenica<\/h3>\n\n\n\n<p>Za razliku od mnogih evropskih jezika, estonski ne pravi razliku izme\u0111u mu\u0161kog i \u017eenskog roda. Imenice se umjesto toga klasificiraju kao jednina ili mno\u017eina, a svaka imenica ima 14 slu\u010dajeva. Iako ovo mo\u017ee izgledati neodoljivo, bitno je razumjeti da je morfolo\u0161ka struktura imenica prili\u010dno pravilna, \u0161to olak\u0161ava u\u010denje. Za po\u010detak, fokusirajte se na savladavanje naj\u010de\u0161\u0107ih slu\u010dajeva: nominativnih, genitivnih i partitivnih.<\/p>\n\n\n\n<h3 class=\"wp-block-heading\" id=\"h-3-conquering-estonian-verb-conjugation\">3. osvajanje estonskog glagola konjugacija<\/h3>\n\n\n\n<p>Estonski glagoli su konjugirani na osnovu napetosti, osobe i broja. Postoje samo tri vremena: sada\u0161njost, pro\u0161lost (kodirana pro\u0161lim participom) i budu\u0107nost (izra\u017eena sada\u0161njim oblikom glagola, u kombinaciji sa budu\u0107im pomo\u0107nim elementom).<\/p>\n\n\n\n<p>Na primjer, evo konjugacija za glagol &#8220;lugema&#8221; (\u010ditati):<\/p>\n\n\n\n<p><strong>\u2013 Prisutno: Ma loen (\u010ditam)<\/strong><\/p>\n\n\n\n<p><strong>\u2013 Pro\u0161lost: Ma lugesin (\u010ditao\/pro\u010ditao sam)<\/strong><\/p>\n\n\n\n<p><strong>\u2013 Budu\u0107nost: Ma loen raamatuid (\u010dita\u0107u knjige)<\/strong><\/p>\n\n\n\n<h3 class=\"wp-block-heading\" id=\"h-4-unraveling-the-mystery-of-estonian-pronouns\">4. razotkrivanje misterije estonskih zamjenica<\/h3>\n\n\n\n<p>Zamjenice na estonskom slu\u017ee za zamjenu imenica i olak\u0161avanje govora i dinami\u010dnije. Fokusirajte se na u\u010denje li\u010dnih i posesivnih zamenica:<\/p>\n\n\n\n<p><strong>\u2013 Li\u010dne zamenice: mina (ja), sina (ti, neformalno), tema (on\/ona), meie (mi), teie (ti, mno\u017eina\/formalno), nemad (oni)<\/strong><\/p>\n\n\n\n<p><strong>\u2013 Prisvojne zamjenice: minu (moj), sinu (tvoj, neformalni), tema (njegova\/njena), meie (na\u0161), teie (tvoj, mno\u017eina\/formalno), nende (njihov)<\/strong><\/p>\n\n\n\n<h3 class=\"wp-block-heading\" id=\"h-5-no-articles-no-problem\">5. nema \u010dlanaka, nema problema!<\/h3>\n\n\n\n<p>Estonski ne koristi odre\u0111ene ili neodre\u0111ene \u010dlanke, \u0161to vam omogu\u0107ava da udahnete uzdah. Na primjer:<\/p>\n\n\n\n<p><strong>\u2013 Koer \u2013 \u201cpas\u201d ili \u201cpas\u201d<\/strong><\/p>\n\n\n\n<p><strong>\u2013 Maja \u2013 \u201cku\u0107a\u201d ili \u201cku\u0107a\u201d<\/strong><\/p>\n\n\n\n<p>Savladavanje estonske gramatike je uzbudljiv i oboga\u0107uju\u0107i proces, koji otvara vrata bogatom kulturnom iskustvu. Zapamtite da je praksa klju\u010dna, pa uronite u estonsku gramatiku, uklju\u010dite se u izvorne govornike i izgradite sna\u017enu osnovu za svoje jezi\u010dko putovanje. Edu! (Sretno!)<\/p>\n<\/div><\/div>\n\r\n<section class=\"learnNavigationSection\">\r\n            \r\n        <a href=\"https:\/\/talkpal.ai\/bs\/nauci-estonski\/\">\r\n            <div class=\"learnNavigationWrapper\">\r\n                <div class=\"learnNavigationContent\">\r\n                    <img decoding=\"async\" src=\"https:\/\/talkpal.ai\/wp-content\/uploads\/2024\/08\/Estonian.jpg\" alt=\"Estonian Flag\">\r\n                    <div>\r\n                        <h4>O u\u010denju estonskog<\/h4>\r\n                        <p>Saznaj sve o estonskoj gramatici.<\/p>\r\n                    <\/div>\r\n                <\/div>\r\n            <\/div>\r\n        <\/a>\r\n\r\n        \r\n        <a href=\"https:\/\/talkpal.ai\/bs\/estonske-gramaticke-vezbe\/\">\r\n            <div class=\"learnNavigationWrapper\">\r\n                <div class=\"learnNavigationContent\">\r\n                    <img decoding=\"async\" src=\"https:\/\/talkpal.ai\/wp-content\/uploads\/2024\/08\/Estonian.jpg\" alt=\"Estonian Flag\">\r\n                    <div>\r\n                        <h4>Vje\u017eba iz estonske gramatike<\/h4>\r\n                        <p>Praktikuj estonsku gramatiku.<\/p>\r\n                    <\/div>\r\n                <\/div>\r\n            <\/div>\r\n        <\/a>\r\n\r\n        \r\n        <a href=\"https:\/\/talkpal.ai\/vocabulary_language\/estonian\/\">\r\n            <div class=\"learnNavigationWrapper\">\r\n                <div class=\"learnNavigationContent\">\r\n                    <img decoding=\"async\" src=\"https:\/\/talkpal.ai\/wp-content\/uploads\/2024\/08\/Estonian.jpg\" alt=\"Estonian Flag\">\r\n                    <div>\r\n                        <h4>Estonski vokabular<\/h4>\r\n                        <p>Pro\u0161irite svoj estonski vokabular.<\/p>\r\n                    <\/div>\r\n                <\/div>\r\n            <\/div>\r\n        <\/a>\r\n\r\n            <\/section>","protected":false},"excerpt":{"rendered":"<p>Estonska gramatika: kapija ka jedinstvenom jezi\u010dkom putovanju Dobro do\u0161li u nevjerovatan svijet Srbije! Sa preko milion izvornih govornika, estonski vam nudi jedinstvenu priliku da pro\u0161irite svoje jezi\u010dke horizonte i otkrijete \u017eivu kulturu. Iako zamr\u0161enosti estonske gramatike na prvi pogled mogu izgledati zastra\u0161uju\u0107e, ovaj prijateljski vodi\u010d za po\u010detnike je tu da razbije osnove estonske gramatike na [&hellip;]<\/p>\n","protected":false},"author":1,"featured_media":112468,"parent":0,"menu_order":0,"comment_status":"closed","ping_status":"closed","template":"LearningContentPage.php","meta":{"_acf_changed":false,"footnotes":""},"class_list":["post-142712","page","type-page","status-publish","has-post-thumbnail","hentry"],"acf":[],"yoast_head":"<!-- This site is optimized with the Yoast SEO Premium plugin v27.2 (Yoast SEO v27.2) - https:\/\/yoast.com\/product\/yoast-seo-premium-wordpress\/ -->\n<title>estonska gramatika - Talkpal<\/title>\n<meta name=\"description\" content=\"Istra\u017eite osnovne koncepte estonske gramatike, uklju\u010duju\u0107i pade\u017e, glagole, strukturu re\u010denica, izgovor i savjete.\" \/>\n<meta name=\"robots\" content=\"index, follow, max-snippet:-1, max-image-preview:large, max-video-preview:-1\" \/>\n<link rel=\"canonical\" href=\"https:\/\/talkpal.ai\/bs\/estonska-gramatika\/\" \/>\n<meta property=\"og:locale\" content=\"bs_BA\" \/>\n<meta property=\"og:type\" content=\"article\" \/>\n<meta property=\"og:title\" content=\"estonska gramatika\" \/>\n<meta property=\"og:description\" content=\"Estonska gramatika: kapija ka jedinstvenom jezi\u010dkom putovanju Dobro do\u0161li u nevjerovatan svijet Srbije! Sa preko milion izvornih govornika, estonski vam\" \/>\n<meta property=\"og:url\" content=\"https:\/\/talkpal.ai\/bs\/estonska-gramatika\/\" \/>\n<meta property=\"og:site_name\" content=\"Talkpal\" \/>\n<meta property=\"article:publisher\" content=\"https:\/\/www.facebook.com\/profile.php?id=100090733639311\" \/>\n<meta property=\"article:modified_time\" content=\"2025-12-13T15:32:37+00:00\" \/>\n<meta property=\"og:image\" content=\"https:\/\/talkpal.ai\/wp-content\/uploads\/2023\/05\/estonia.png\" \/>\n\t<meta property=\"og:image:width\" content=\"512\" \/>\n\t<meta property=\"og:image:height\" content=\"512\" \/>\n\t<meta property=\"og:image:type\" content=\"image\/png\" \/>\n<meta name=\"twitter:card\" content=\"summary_large_image\" \/>\n<meta name=\"twitter:site\" content=\"@talkpalai\" \/>\n<meta name=\"twitter:label1\" content=\"Est. reading time\" \/>\n\t<meta name=\"twitter:data1\" content=\"2 minute\" \/>\n<script type=\"application\/ld+json\" class=\"yoast-schema-graph\">{\"@context\":\"https:\/\/schema.org\",\"@graph\":[{\"@type\":\"WebPage\",\"@id\":\"https:\/\/talkpal.ai\/bs\/estonska-gramatika\/\",\"url\":\"https:\/\/talkpal.ai\/bs\/estonska-gramatika\/\",\"name\":\"estonska gramatika - Talkpal\",\"isPartOf\":{\"@id\":\"https:\/\/talkpal.ai\/bs\/#website\"},\"primaryImageOfPage\":{\"@id\":\"https:\/\/talkpal.ai\/bs\/estonska-gramatika\/#primaryimage\"},\"image\":{\"@id\":\"https:\/\/talkpal.ai\/bs\/estonska-gramatika\/#primaryimage\"},\"thumbnailUrl\":\"https:\/\/talkpal.ai\/wp-content\/uploads\/2023\/05\/estonia.png\",\"datePublished\":\"2023-05-14T14:01:53+00:00\",\"dateModified\":\"2025-12-13T15:32:37+00:00\",\"description\":\"Istra\u017eite osnovne koncepte estonske gramatike, uklju\u010duju\u0107i pade\u017e, glagole, strukturu re\u010denica, izgovor i savjete.\",\"breadcrumb\":{\"@id\":\"https:\/\/talkpal.ai\/bs\/estonska-gramatika\/#breadcrumb\"},\"inLanguage\":\"bs-BA\",\"potentialAction\":[{\"@type\":\"ReadAction\",\"target\":[\"https:\/\/talkpal.ai\/bs\/estonska-gramatika\/\"]}]},{\"@type\":\"ImageObject\",\"inLanguage\":\"bs-BA\",\"@id\":\"https:\/\/talkpal.ai\/bs\/estonska-gramatika\/#primaryimage\",\"url\":\"https:\/\/talkpal.ai\/wp-content\/uploads\/2023\/05\/estonia.png\",\"contentUrl\":\"https:\/\/talkpal.ai\/wp-content\/uploads\/2023\/05\/estonia.png\",\"width\":512,\"height\":512},{\"@type\":\"BreadcrumbList\",\"@id\":\"https:\/\/talkpal.ai\/bs\/estonska-gramatika\/#breadcrumb\",\"itemListElement\":[{\"@type\":\"ListItem\",\"position\":1,\"name\":\"Homepage\",\"item\":\"https:\/\/talkpal.ai\/bs\/\"},{\"@type\":\"ListItem\",\"position\":2,\"name\":\"estonska gramatika\"}]},{\"@type\":\"WebSite\",\"@id\":\"https:\/\/talkpal.ai\/bs\/#website\",\"url\":\"https:\/\/talkpal.ai\/bs\/\",\"name\":\"Talkpal\",\"description\":\"AI Language Learning\",\"publisher\":{\"@id\":\"https:\/\/talkpal.ai\/bs\/#organization\"},\"alternateName\":\"Talkpal AI\",\"potentialAction\":[{\"@type\":\"SearchAction\",\"target\":{\"@type\":\"EntryPoint\",\"urlTemplate\":\"https:\/\/talkpal.ai\/bs\/?s={search_term_string}\"},\"query-input\":{\"@type\":\"PropertyValueSpecification\",\"valueRequired\":true,\"valueName\":\"search_term_string\"}}],\"inLanguage\":\"bs-BA\"},{\"@type\":\"Organization\",\"@id\":\"https:\/\/talkpal.ai\/bs\/#organization\",\"name\":\"Talkpal, Inc.\",\"alternateName\":\"Talkpal AI\",\"url\":\"https:\/\/talkpal.ai\/bs\/\",\"logo\":{\"@type\":\"ImageObject\",\"inLanguage\":\"bs-BA\",\"@id\":\"https:\/\/talkpal.ai\/bs\/#\/schema\/logo\/image\/\",\"url\":\"https:\/\/talkpal.ai\/wp-content\/uploads\/2024\/03\/Talkpal-Logo-Icon.png\",\"contentUrl\":\"https:\/\/talkpal.ai\/wp-content\/uploads\/2024\/03\/Talkpal-Logo-Icon.png\",\"width\":2880,\"height\":2880,\"caption\":\"Talkpal, Inc.\"},\"image\":{\"@id\":\"https:\/\/talkpal.ai\/bs\/#\/schema\/logo\/image\/\"},\"sameAs\":[\"https:\/\/www.facebook.com\/profile.php?id=100090733639311\",\"https:\/\/x.com\/talkpalai\",\"https:\/\/www.linkedin.com\/company\/talkpal\/\",\"https:\/\/www.youtube.com\/@TalkPal\/\",\"https:\/\/www.tiktok.com\/@talkpal\",\"https:\/\/www.instagram.com\/talkpal_ai\/\",\"https:\/\/www.crunchbase.com\/organization\/talkpal-9cde\",\"https:\/\/www.g2.com\/products\/talkpal-for-business\/\",\"https:\/\/www.trustpilot.com\/review\/talkpal.ai\",\"https:\/\/www.capterra.com\/p\/10006800\/TalkPal\/\"],\"description\":\"Talkpal is a language learning web and mobile education app, powered by the latest AI technologies, that provides engaging experiences to its customers in many different languages to help them improve their language skills. Users can chat about unlimited amount of topics with the app and use other modes to practice their language learning.\",\"email\":\"support@talkpal.ai\",\"legalName\":\"Talkpal, Inc.\",\"foundingDate\":\"2023-04-03\",\"duns\":\"118989042\",\"numberOfEmployees\":{\"@type\":\"QuantitativeValue\",\"minValue\":\"11\",\"maxValue\":\"50\"},\"publishingPrinciples\":\"https:\/\/talkpal.ai\/publishing-principles\/\",\"actionableFeedbackPolicy\":\"https:\/\/talkpal.ai\/actionable-feedback-policy\/\",\"correctionsPolicy\":\"https:\/\/talkpal.ai\/corrections-policy\/\",\"ethicsPolicy\":\"https:\/\/talkpal.ai\/ethics-policy\/\",\"diversityPolicy\":\"https:\/\/talkpal.ai\/diversity-policy\/\",\"diversityStaffingReport\":\"https:\/\/talkpal.ai\/diversity-policy\/\"}]}<\/script>\n<!-- \/ Yoast SEO Premium plugin. -->","yoast_head_json":{"title":"estonska gramatika - Talkpal","description":"Istra\u017eite osnovne koncepte estonske gramatike, uklju\u010duju\u0107i pade\u017e, glagole, strukturu re\u010denica, izgovor i savjete.","robots":{"index":"index","follow":"follow","max-snippet":"max-snippet:-1","max-image-preview":"max-image-preview:large","max-video-preview":"max-video-preview:-1"},"canonical":"https:\/\/talkpal.ai\/bs\/estonska-gramatika\/","og_locale":"bs_BA","og_type":"article","og_title":"estonska gramatika","og_description":"Estonska gramatika: kapija ka jedinstvenom jezi\u010dkom putovanju Dobro do\u0161li u nevjerovatan svijet Srbije! Sa preko milion izvornih govornika, estonski vam","og_url":"https:\/\/talkpal.ai\/bs\/estonska-gramatika\/","og_site_name":"Talkpal","article_publisher":"https:\/\/www.facebook.com\/profile.php?id=100090733639311","article_modified_time":"2025-12-13T15:32:37+00:00","og_image":[{"width":512,"height":512,"url":"https:\/\/talkpal.ai\/wp-content\/uploads\/2023\/05\/estonia.png","type":"image\/png"}],"twitter_card":"summary_large_image","twitter_site":"@talkpalai","twitter_misc":{"Est. reading time":"2 minute"},"schema":{"@context":"https:\/\/schema.org","@graph":[{"@type":"WebPage","@id":"https:\/\/talkpal.ai\/bs\/estonska-gramatika\/","url":"https:\/\/talkpal.ai\/bs\/estonska-gramatika\/","name":"estonska gramatika - Talkpal","isPartOf":{"@id":"https:\/\/talkpal.ai\/bs\/#website"},"primaryImageOfPage":{"@id":"https:\/\/talkpal.ai\/bs\/estonska-gramatika\/#primaryimage"},"image":{"@id":"https:\/\/talkpal.ai\/bs\/estonska-gramatika\/#primaryimage"},"thumbnailUrl":"https:\/\/talkpal.ai\/wp-content\/uploads\/2023\/05\/estonia.png","datePublished":"2023-05-14T14:01:53+00:00","dateModified":"2025-12-13T15:32:37+00:00","description":"Istra\u017eite osnovne koncepte estonske gramatike, uklju\u010duju\u0107i pade\u017e, glagole, strukturu re\u010denica, izgovor i savjete.","breadcrumb":{"@id":"https:\/\/talkpal.ai\/bs\/estonska-gramatika\/#breadcrumb"},"inLanguage":"bs-BA","potentialAction":[{"@type":"ReadAction","target":["https:\/\/talkpal.ai\/bs\/estonska-gramatika\/"]}]},{"@type":"ImageObject","inLanguage":"bs-BA","@id":"https:\/\/talkpal.ai\/bs\/estonska-gramatika\/#primaryimage","url":"https:\/\/talkpal.ai\/wp-content\/uploads\/2023\/05\/estonia.png","contentUrl":"https:\/\/talkpal.ai\/wp-content\/uploads\/2023\/05\/estonia.png","width":512,"height":512},{"@type":"BreadcrumbList","@id":"https:\/\/talkpal.ai\/bs\/estonska-gramatika\/#breadcrumb","itemListElement":[{"@type":"ListItem","position":1,"name":"Homepage","item":"https:\/\/talkpal.ai\/bs\/"},{"@type":"ListItem","position":2,"name":"estonska gramatika"}]},{"@type":"WebSite","@id":"https:\/\/talkpal.ai\/bs\/#website","url":"https:\/\/talkpal.ai\/bs\/","name":"Talkpal","description":"AI Language Learning","publisher":{"@id":"https:\/\/talkpal.ai\/bs\/#organization"},"alternateName":"Talkpal AI","potentialAction":[{"@type":"SearchAction","target":{"@type":"EntryPoint","urlTemplate":"https:\/\/talkpal.ai\/bs\/?s={search_term_string}"},"query-input":{"@type":"PropertyValueSpecification","valueRequired":true,"valueName":"search_term_string"}}],"inLanguage":"bs-BA"},{"@type":"Organization","@id":"https:\/\/talkpal.ai\/bs\/#organization","name":"Talkpal, Inc.","alternateName":"Talkpal AI","url":"https:\/\/talkpal.ai\/bs\/","logo":{"@type":"ImageObject","inLanguage":"bs-BA","@id":"https:\/\/talkpal.ai\/bs\/#\/schema\/logo\/image\/","url":"https:\/\/talkpal.ai\/wp-content\/uploads\/2024\/03\/Talkpal-Logo-Icon.png","contentUrl":"https:\/\/talkpal.ai\/wp-content\/uploads\/2024\/03\/Talkpal-Logo-Icon.png","width":2880,"height":2880,"caption":"Talkpal, Inc."},"image":{"@id":"https:\/\/talkpal.ai\/bs\/#\/schema\/logo\/image\/"},"sameAs":["https:\/\/www.facebook.com\/profile.php?id=100090733639311","https:\/\/x.com\/talkpalai","https:\/\/www.linkedin.com\/company\/talkpal\/","https:\/\/www.youtube.com\/@TalkPal\/","https:\/\/www.tiktok.com\/@talkpal","https:\/\/www.instagram.com\/talkpal_ai\/","https:\/\/www.crunchbase.com\/organization\/talkpal-9cde","https:\/\/www.g2.com\/products\/talkpal-for-business\/","https:\/\/www.trustpilot.com\/review\/talkpal.ai","https:\/\/www.capterra.com\/p\/10006800\/TalkPal\/"],"description":"Talkpal is a language learning web and mobile education app, powered by the latest AI technologies, that provides engaging experiences to its customers in many different languages to help them improve their language skills. Users can chat about unlimited amount of topics with the app and use other modes to practice their language learning.","email":"support@talkpal.ai","legalName":"Talkpal, Inc.","foundingDate":"2023-04-03","duns":"118989042","numberOfEmployees":{"@type":"QuantitativeValue","minValue":"11","maxValue":"50"},"publishingPrinciples":"https:\/\/talkpal.ai\/publishing-principles\/","actionableFeedbackPolicy":"https:\/\/talkpal.ai\/actionable-feedback-policy\/","correctionsPolicy":"https:\/\/talkpal.ai\/corrections-policy\/","ethicsPolicy":"https:\/\/talkpal.ai\/ethics-policy\/","diversityPolicy":"https:\/\/talkpal.ai\/diversity-policy\/","diversityStaffingReport":"https:\/\/talkpal.ai\/diversity-policy\/"}]}},"_links":{"self":[{"href":"https:\/\/talkpal.ai\/bs\/wp-json\/wp\/v2\/pages\/142712","targetHints":{"allow":["GET"]}}],"collection":[{"href":"https:\/\/talkpal.ai\/bs\/wp-json\/wp\/v2\/pages"}],"about":[{"href":"https:\/\/talkpal.ai\/bs\/wp-json\/wp\/v2\/types\/page"}],"author":[{"embeddable":true,"href":"https:\/\/talkpal.ai\/bs\/wp-json\/wp\/v2\/users\/1"}],"replies":[{"embeddable":true,"href":"https:\/\/talkpal.ai\/bs\/wp-json\/wp\/v2\/comments?post=142712"}],"version-history":[{"count":0,"href":"https:\/\/talkpal.ai\/bs\/wp-json\/wp\/v2\/pages\/142712\/revisions"}],"wp:featuredmedia":[{"embeddable":true,"href":"https:\/\/talkpal.ai\/bs\/wp-json\/wp\/v2\/media\/112468"}],"wp:attachment":[{"href":"https:\/\/talkpal.ai\/bs\/wp-json\/wp\/v2\/media?parent=142712"}],"curies":[{"name":"wp","href":"https:\/\/api.w.org\/{rel}","templated":true}]}}