{"id":142419,"date":"2023-05-14T14:01:16","date_gmt":"2023-05-14T14:01:16","guid":{"rendered":"http:\/\/talkpal.ai\/hrvatska-gramatika\/"},"modified":"2025-12-11T16:22:01","modified_gmt":"2025-12-11T16:22:01","slug":"hrvatska-gramatika","status":"publish","type":"page","link":"https:\/\/talkpal.ai\/bs\/hrvatska-gramatika\/","title":{"rendered":"hrvatska gramatika"},"content":{"rendered":"\r\n\r\n\r\n<section class=\"languageChallengeSection\">\r\n    <div class=\"languageInfoWrapper\">\r\n        \r\n        <h1>hrvatska gramatika<\/h1>\r\n        <p>Otkrijte fascinantnu strukturu hrvatskog jezika u\u010de\u0107i njegova osnovna gramati\u010dka pravila. Savladavanje hrvatske gramatike otvorit \u0107e vam nove mogu\u0107nosti komunikacije i pomo\u0107i \u0107e vam da bolje do\u017eivite kulturu i ba\u0161tinu zemlje. Po\u010dnite u\u010diti hrvatsku gramatiku ve\u0107 danas i napravite prvi korak ka te\u010dnom govoru!<\/p>\r\n\r\n                            <a class=\"getStartedHidden\" href=\"https:\/\/app.talkpal.ai\/signup?lng=\">Kreni<\/a>\r\n        \r\n    <\/div>\r\n\r\n    <figure>\r\n    <img decoding=\"async\" width=\"768\" height=\"768\" src=\"https:\/\/talkpal.ai\/wp-content\/uploads\/2023\/06\/croatian-768x768.png\" class=\"languageImage no-lazy\" alt=\"Language learning for successful interaction\" fetchpriority=\"high\" sizes=\"(max-width: 768px) 150px, 768px\" srcset=\"https:\/\/talkpal.ai\/wp-content\/uploads\/2023\/06\/croatian-768x768.png 768w, https:\/\/talkpal.ai\/wp-content\/uploads\/2023\/06\/croatian-300x300.png 300w\" \/>\r\n    \r\n\r\n    <\/figure>\r\n\r\n            <a class=\"getStartedVisible\" href=\"https:\/\/app.talkpal.ai\/signup?lng=\">Kreni<\/a>\r\n    \r\n<\/section>\r\n<section class=\"promotionalBanner\">\r\n    <p class=\"promotionalText\">Najefikasniji na\u010din za u\u010denje jezika<\/p>\r\n    <a class=\"promotionalLink\" href=\"https:\/\/app.talkpal.ai\/signup?lng=\">Isprobajte Talkpal besplatno<\/a>\r\n<\/section>\n<div class=\"wp-block-group pageContainerStyle\"><div class=\"wp-block-group__inner-container is-layout-constrained wp-block-group-is-layout-constrained\">\n<h2 class=\"wp-block-heading\" id=\"h-a-journey-through-croatian-grammar-unraveling-the-complexities-made-easy\">Putovanje kroz hrvatsku gramatiku: razotkrivanje slo\u017eenosti olak\u0161alo<\/h2>\n\n\n\n<p><a href=\"https:\/\/talkpal.ai\/sv\/grammar\/bestamda-artiklar-i-kroatisk-grammatik\/\">Hrvatska gramatika<\/a>: primamljiva i zastra\u0161uju\u0107a, jednostavna i zamr\u0161ena, tajanstvena i fascinantna. Dok kre\u0107ete na put u\u010denja hrvatskog jezika, mo\u017eda \u0107ete se osje\u0107ati preplavljeni mi\u0161lju da shvatite njegove gramati\u010dke zamr\u0161enosti. Ali ne boj se, neustra\u0161ivi lingvistu, jer mi smo tu da te vodimo na svakom koraku!<\/p>\n\n\n\n<p>U ovom \u0107emo \u010dlanku pru\u017eiti osnovno razumijevanje hrvatskih gramati\u010dkih koncepata i pru\u017eiti savjete i trikove za savladavanje ovog lijepog slavenskog jezika. Samo se zavalite, opustite se i pojednostavimo ovu naizgled kompliciranu aferu!<\/p>\n\n\n\n<h3 class=\"wp-block-heading\" id=\"h-1-heavenly-nouns-declining-in-style\">1. nebeske imenice: opadanje u stilu<\/h3>\n\n\n\n<p>Ako ste upoznati s jezicima poput latinskog ili njema\u010dkog, <a href=\"https:\/\/talkpal.ai\/locations\/language-courses-in-onda\/\">onda<\/a> vam koncept deklinacije imenica ne\u0107e biti nov. Hrvatska gramatika izgra\u0111ena <a href=\"https:\/\/talkpal.ai\/culture\/what-is-the-difference-between-je-and-na-for-i\/\">je na<\/a> temelju deklinacije, sa ukupno sedam ku\u0107i\u0161ta. Da, dobro ste \u010duli! Svaka imenica na hrvatskom jeziku mo\u017ee imati do sedam razli\u010ditih oblika, ovisno o svojoj ulozi u re\u010denici. Ali \u010demu frka, pitate se? Pa, smanjuje potrebu za prijedlozima, \u010dine\u0107i jezik preciznijim.  <\/p>\n\n\n\n<p>Evo kratkog pregleda ovih slu\u010dajeva:<\/p>\n\n\n\n<p><strong>\u2013 Nominativ:<\/strong> Subjekt re\u010denice<\/p>\n\n\n\n<p><strong>\u2013 Genitiv:<\/strong> Ukazuje na posjedovanje ili porijeklo<\/p>\n\n\n\n<p><strong>\u2013 Dativ:<\/strong> indirektni objekat ili odredi\u0161te<\/p>\n\n\n\n<p><strong>\u2013 Akuzativ:<\/strong> Direktan objekat ili cilj<\/p>\n\n\n\n<p><strong>\u2013 Vokativ:<\/strong> Koristi se za obra\u0107anje ili pozivanje nekoga<\/p>\n\n\n\n<p><strong>\u2013 Lokativ:<\/strong> Ozna\u010dava lokaciju<\/p>\n\n\n\n<p><strong>\u2013 Instrumental:<\/strong> opisuje sredstva, na\u010din ili pratnju<\/p>\n\n\n\n<p>Prije nego po\u010dne\u0161 pani\u010dariti, sjeti se da je vje\u017eba savr\u0161ena. Redovna izlo\u017eenost i upotreba jezika pomo\u0107i \u0107e vam da postepeno savladate ove deklinacije i postanete <a href=\"https:\/\/talkpal.ai\/learn-croatian\/\">hrvatski<\/a> gramati\u010dki genije!<\/p>\n\n\n\n<h3 class=\"wp-block-heading\" id=\"h-2-adorable-adjectives-agreements-galore\">Originalni naziv: Agreements Galore<\/h3>\n\n\n\n<p>U svijetu hrvatske gramatike pridjevi vole biti ugodni. Mijenjaju se prema spolu, broju i slu\u010daju imenice koju mijenjaju. To zna\u010di da \u0107ete morati prilagoditi oblik pridjeva u zavisnosti od toga <a href=\"https:\/\/talkpal.ai\/culture\/what-is-the-difference-between-da-li-and-je-li-in-forming-questions\/\">da li<\/a> je imenica mu\u0161kog, \u017eenskog ili srednjeg roda, kao i da li je u jednini ili mno\u017eini.<\/p>\n\n\n\n<p>Borba sa dogovorom? Evo malog savjeta: fokusirajte se na u\u010denje korijena pridjeva, a ostalo \u0107e do\u0107i na svoje mjesto. Na primjer, korijenski pridjev za &#8220;lijep&#8221; je &#8220;lijep-&#8220;, i mo\u017eete stvoriti oblike poput &#8220;lijepa&#8221; (\u017eenski, nominativ) ili &#8220;lijepim&#8221; (mu\u0161ki\/srednji, instrumentalni) koriste\u0107i razli\u010dite nastavke.<\/p>\n\n\n\n<h3 class=\"wp-block-heading\" id=\"h-3-vibrant-verbs-conjugating-to-perfection\">Originalni naziv: Conjugating to Perfection<\/h3>\n\n\n\n<p>Po\u010dinje\u0161 li da vidi\u0161 \u0161ablon ovde? Ba\u0161 kao i imenice i pridjevi, <a href=\"https:\/\/talkpal.ai\/sv\/grammar\/datid-i-kroatisk-grammatik\/\">hrvatski glagoli<\/a> su tako\u0111er puni varijacija. U ovom jeziku, glagoli prolaze kroz konjugaciju zasnovanu na napetosti, raspolo\u017eenju, aspektu, osobi i broju.<\/p>\n\n\n\n<p>Na hrvatskom jeziku postoje tri glavna vremena: pro\u0161lost, sada\u0161njost i budu\u0107nost. Iako se sada\u0161nje vreme mo\u017ee \u010diniti relativno lakim za razumevanje, pro\u0161la i budu\u0107a vremena mogu biti zamr\u0161ena. Ali ne brini! Ve\u017ebanje i izlaganje jeziku pomo\u0107i \u0107e vam da prevazi\u0111ete ove prepreke za kratko vreme.<\/p>\n\n\n\n<h3 class=\"wp-block-heading\" id=\"h-4-prepositions-cases-dynamic-duo\">4. prijedlozi + slu\u010dajevi = dinami\u010dki duo!<\/h3>\n\n\n\n<p><a href=\"https:\/\/talkpal.ai\/learn-croatian\/\">Hrvatski<\/a> prijedlozi mogu biti malo zeznuti, jer su usko povezani s imenicama. Na primjer, prijedlog &#8220;u&#8221; (u, u) koristi se s akuzativom ako ozna\u010dava kretanje ili smjer, ali ako prikazuje lokaciju, onda radi s lokativom.<\/p>\n\n\n\n<p>Da bi se izbegla konfuzija, pove\u017eite predlog sa slu\u010dajem koji je potreban. Na primjer, zapamtite \u201cu + lokativ = u\u201d i \u201cu + akuzativ = u\u201d.<\/p>\n\n\n\n<h3 class=\"wp-block-heading\" id=\"h-5-tame-the-complexities-practice-makes-perfect\">5. ukrotiti slo\u017eenost: praksa \u010dini savr\u0161enim<\/h3>\n\n\n\n<p>Hrvatska gramatika na prvi pogled mo\u017ee izgledati kao lavirint, ali imajte na umu da je praksa tajni sastojak uspjeha. Uronite u jezik kroz \u010ditanje, pisanje, slu\u0161anje i konverzaciju. Pretvorite izazove u trijumfe tako \u0161to \u0107ete omogu\u0107iti mozgu da apsorbuje i prilagodi se novom jezi\u010dkom okru\u017eenju.<\/p>\n\n\n\n<p>Dakle, sada kada ste uronili prste u o\u010daravaju\u0107e vode hrvatske gramatike, jeste li spremni zaroniti dublje? Prigrlite slo\u017eenosti, u\u017eivajte u nijansama, i sjetite se da uporno\u0161\u0107u i stra\u0161\u0107u mo\u017eete otklju\u010dati pravu ljepotu hrvatskog jezika. Sretno! (Sretno!)<\/p>\n<\/div><\/div>\n\r\n<section class=\"learnNavigationSection\">\r\n            \r\n        <a href=\"https:\/\/talkpal.ai\/bs\/nauci-hrvatski\/\">\r\n            <div class=\"learnNavigationWrapper\">\r\n                <div class=\"learnNavigationContent\">\r\n                    <img decoding=\"async\" src=\"https:\/\/talkpal.ai\/wp-content\/uploads\/2024\/08\/Croatian.jpg\" alt=\"Croatian Flag\">\r\n                    <div>\r\n                        <h4>O hrvatskom u\u010denju<\/h4>\r\n                        <p>Saznaj sve o hrvatskoj gramatici.<\/p>\r\n                    <\/div>\r\n                <\/div>\r\n            <\/div>\r\n        <\/a>\r\n\r\n        \r\n        <a href=\"https:\/\/talkpal.ai\/bs\/hrvatske-gramaticke-vjezbe\/\">\r\n            <div class=\"learnNavigationWrapper\">\r\n                <div class=\"learnNavigationContent\">\r\n                    <img decoding=\"async\" src=\"https:\/\/talkpal.ai\/wp-content\/uploads\/2024\/08\/Croatian.jpg\" alt=\"Croatian Flag\">\r\n                    <div>\r\n                        <h4>Vje\u017eba iz hrvatske gramatike<\/h4>\r\n                        <p>Vje\u017ebaj hrvatsku gramatiku.<\/p>\r\n                    <\/div>\r\n                <\/div>\r\n            <\/div>\r\n        <\/a>\r\n\r\n        \r\n        <a href=\"https:\/\/talkpal.ai\/vocabulary_language\/croatian\/\">\r\n            <div class=\"learnNavigationWrapper\">\r\n                <div class=\"learnNavigationContent\">\r\n                    <img decoding=\"async\" src=\"https:\/\/talkpal.ai\/wp-content\/uploads\/2024\/08\/Croatian.jpg\" alt=\"Croatian Flag\">\r\n                    <div>\r\n                        <h4>Hrvatski rje\u010dnik<\/h4>\r\n                        <p>Pro\u0161irite svoj hrvatski vokabular.<\/p>\r\n                    <\/div>\r\n                <\/div>\r\n            <\/div>\r\n        <\/a>\r\n\r\n            <\/section>","protected":false},"excerpt":{"rendered":"<p>Putovanje kroz hrvatsku gramatiku: razotkrivanje slo\u017eenosti olak\u0161alo Hrvatska gramatika: primamljiva i zastra\u0161uju\u0107a, jednostavna i zamr\u0161ena, tajanstvena i fascinantna. Dok kre\u0107ete na put u\u010denja hrvatskog jezika, mo\u017eda \u0107ete se osje\u0107ati preplavljeni mi\u0161lju da shvatite njegove gramati\u010dke zamr\u0161enosti. Ali ne boj se, neustra\u0161ivi lingvistu, jer mi smo tu da te vodimo na svakom koraku! U ovom \u0107emo [&hellip;]<\/p>\n","protected":false},"author":1,"featured_media":110255,"parent":0,"menu_order":0,"comment_status":"closed","ping_status":"closed","template":"LearningContentPage.php","meta":{"_acf_changed":false,"footnotes":""},"class_list":["post-142419","page","type-page","status-publish","has-post-thumbnail","hentry"],"acf":[],"yoast_head":"<!-- This site is optimized with the Yoast SEO Premium plugin v27.2 (Yoast SEO v27.2) - https:\/\/yoast.com\/product\/yoast-seo-premium-wordpress\/ -->\n<title>hrvatska gramatika - Talkpal<\/title>\n<meta name=\"description\" content=\"Istra\u017eite hrvatsku gramatiku i pobolj\u0161ajte svoje razumijevanje jezika uz pomo\u0107 bitnih savjeta i resursa.\" \/>\n<meta name=\"robots\" content=\"index, follow, max-snippet:-1, max-image-preview:large, max-video-preview:-1\" \/>\n<link rel=\"canonical\" href=\"https:\/\/talkpal.ai\/bs\/hrvatska-gramatika\/\" \/>\n<meta property=\"og:locale\" content=\"bs_BA\" \/>\n<meta property=\"og:type\" content=\"article\" \/>\n<meta property=\"og:title\" content=\"hrvatska gramatika\" \/>\n<meta property=\"og:description\" content=\"Putovanje kroz hrvatsku gramatiku: razotkrivanje slo\u017eenosti olak\u0161alo Hrvatska gramatika: primamljiva i zastra\u0161uju\u0107a, jednostavna i zamr\u0161ena, tajanstvena i\" \/>\n<meta property=\"og:url\" content=\"https:\/\/talkpal.ai\/bs\/hrvatska-gramatika\/\" \/>\n<meta property=\"og:site_name\" content=\"Talkpal\" \/>\n<meta property=\"article:publisher\" content=\"https:\/\/www.facebook.com\/profile.php?id=100090733639311\" \/>\n<meta property=\"article:modified_time\" content=\"2025-12-11T16:22:01+00:00\" \/>\n<meta property=\"og:image\" content=\"https:\/\/talkpal.ai\/wp-content\/uploads\/2023\/05\/croatia.png\" \/>\n\t<meta property=\"og:image:width\" content=\"512\" \/>\n\t<meta property=\"og:image:height\" content=\"512\" \/>\n\t<meta property=\"og:image:type\" content=\"image\/png\" \/>\n<meta name=\"twitter:card\" content=\"summary_large_image\" \/>\n<meta name=\"twitter:site\" content=\"@talkpalai\" \/>\n<meta name=\"twitter:label1\" content=\"Est. reading time\" \/>\n\t<meta name=\"twitter:data1\" content=\"3 minute\" \/>\n<script type=\"application\/ld+json\" class=\"yoast-schema-graph\">{\"@context\":\"https:\/\/schema.org\",\"@graph\":[{\"@type\":\"WebPage\",\"@id\":\"https:\/\/talkpal.ai\/bs\/hrvatska-gramatika\/\",\"url\":\"https:\/\/talkpal.ai\/bs\/hrvatska-gramatika\/\",\"name\":\"hrvatska gramatika - Talkpal\",\"isPartOf\":{\"@id\":\"https:\/\/talkpal.ai\/bs\/#website\"},\"primaryImageOfPage\":{\"@id\":\"https:\/\/talkpal.ai\/bs\/hrvatska-gramatika\/#primaryimage\"},\"image\":{\"@id\":\"https:\/\/talkpal.ai\/bs\/hrvatska-gramatika\/#primaryimage\"},\"thumbnailUrl\":\"https:\/\/talkpal.ai\/wp-content\/uploads\/2023\/05\/croatia.png\",\"datePublished\":\"2023-05-14T14:01:16+00:00\",\"dateModified\":\"2025-12-11T16:22:01+00:00\",\"description\":\"Istra\u017eite hrvatsku gramatiku i pobolj\u0161ajte svoje razumijevanje jezika uz pomo\u0107 bitnih savjeta i resursa.\",\"breadcrumb\":{\"@id\":\"https:\/\/talkpal.ai\/bs\/hrvatska-gramatika\/#breadcrumb\"},\"inLanguage\":\"bs-BA\",\"potentialAction\":[{\"@type\":\"ReadAction\",\"target\":[\"https:\/\/talkpal.ai\/bs\/hrvatska-gramatika\/\"]}]},{\"@type\":\"ImageObject\",\"inLanguage\":\"bs-BA\",\"@id\":\"https:\/\/talkpal.ai\/bs\/hrvatska-gramatika\/#primaryimage\",\"url\":\"https:\/\/talkpal.ai\/wp-content\/uploads\/2023\/05\/croatia.png\",\"contentUrl\":\"https:\/\/talkpal.ai\/wp-content\/uploads\/2023\/05\/croatia.png\",\"width\":512,\"height\":512},{\"@type\":\"BreadcrumbList\",\"@id\":\"https:\/\/talkpal.ai\/bs\/hrvatska-gramatika\/#breadcrumb\",\"itemListElement\":[{\"@type\":\"ListItem\",\"position\":1,\"name\":\"Homepage\",\"item\":\"https:\/\/talkpal.ai\/bs\/\"},{\"@type\":\"ListItem\",\"position\":2,\"name\":\"hrvatska gramatika\"}]},{\"@type\":\"WebSite\",\"@id\":\"https:\/\/talkpal.ai\/bs\/#website\",\"url\":\"https:\/\/talkpal.ai\/bs\/\",\"name\":\"Talkpal\",\"description\":\"AI Language Learning\",\"publisher\":{\"@id\":\"https:\/\/talkpal.ai\/bs\/#organization\"},\"alternateName\":\"Talkpal AI\",\"potentialAction\":[{\"@type\":\"SearchAction\",\"target\":{\"@type\":\"EntryPoint\",\"urlTemplate\":\"https:\/\/talkpal.ai\/bs\/?s={search_term_string}\"},\"query-input\":{\"@type\":\"PropertyValueSpecification\",\"valueRequired\":true,\"valueName\":\"search_term_string\"}}],\"inLanguage\":\"bs-BA\"},{\"@type\":\"Organization\",\"@id\":\"https:\/\/talkpal.ai\/bs\/#organization\",\"name\":\"Talkpal, Inc.\",\"alternateName\":\"Talkpal AI\",\"url\":\"https:\/\/talkpal.ai\/bs\/\",\"logo\":{\"@type\":\"ImageObject\",\"inLanguage\":\"bs-BA\",\"@id\":\"https:\/\/talkpal.ai\/bs\/#\/schema\/logo\/image\/\",\"url\":\"https:\/\/talkpal.ai\/wp-content\/uploads\/2024\/03\/Talkpal-Logo-Icon.png\",\"contentUrl\":\"https:\/\/talkpal.ai\/wp-content\/uploads\/2024\/03\/Talkpal-Logo-Icon.png\",\"width\":2880,\"height\":2880,\"caption\":\"Talkpal, Inc.\"},\"image\":{\"@id\":\"https:\/\/talkpal.ai\/bs\/#\/schema\/logo\/image\/\"},\"sameAs\":[\"https:\/\/www.facebook.com\/profile.php?id=100090733639311\",\"https:\/\/x.com\/talkpalai\",\"https:\/\/www.linkedin.com\/company\/talkpal\/\",\"https:\/\/www.youtube.com\/@TalkPal\/\",\"https:\/\/www.tiktok.com\/@talkpal\",\"https:\/\/www.instagram.com\/talkpal_ai\/\",\"https:\/\/www.crunchbase.com\/organization\/talkpal-9cde\",\"https:\/\/www.g2.com\/products\/talkpal-for-business\/\",\"https:\/\/www.trustpilot.com\/review\/talkpal.ai\",\"https:\/\/www.capterra.com\/p\/10006800\/TalkPal\/\"],\"description\":\"Talkpal is a language learning web and mobile education app, powered by the latest AI technologies, that provides engaging experiences to its customers in many different languages to help them improve their language skills. Users can chat about unlimited amount of topics with the app and use other modes to practice their language learning.\",\"email\":\"support@talkpal.ai\",\"legalName\":\"Talkpal, Inc.\",\"foundingDate\":\"2023-04-03\",\"duns\":\"118989042\",\"numberOfEmployees\":{\"@type\":\"QuantitativeValue\",\"minValue\":\"11\",\"maxValue\":\"50\"},\"publishingPrinciples\":\"https:\/\/talkpal.ai\/publishing-principles\/\",\"actionableFeedbackPolicy\":\"https:\/\/talkpal.ai\/actionable-feedback-policy\/\",\"correctionsPolicy\":\"https:\/\/talkpal.ai\/corrections-policy\/\",\"ethicsPolicy\":\"https:\/\/talkpal.ai\/ethics-policy\/\",\"diversityPolicy\":\"https:\/\/talkpal.ai\/diversity-policy\/\",\"diversityStaffingReport\":\"https:\/\/talkpal.ai\/diversity-policy\/\"}]}<\/script>\n<!-- \/ Yoast SEO Premium plugin. -->","yoast_head_json":{"title":"hrvatska gramatika - Talkpal","description":"Istra\u017eite hrvatsku gramatiku i pobolj\u0161ajte svoje razumijevanje jezika uz pomo\u0107 bitnih savjeta i resursa.","robots":{"index":"index","follow":"follow","max-snippet":"max-snippet:-1","max-image-preview":"max-image-preview:large","max-video-preview":"max-video-preview:-1"},"canonical":"https:\/\/talkpal.ai\/bs\/hrvatska-gramatika\/","og_locale":"bs_BA","og_type":"article","og_title":"hrvatska gramatika","og_description":"Putovanje kroz hrvatsku gramatiku: razotkrivanje slo\u017eenosti olak\u0161alo Hrvatska gramatika: primamljiva i zastra\u0161uju\u0107a, jednostavna i zamr\u0161ena, tajanstvena i","og_url":"https:\/\/talkpal.ai\/bs\/hrvatska-gramatika\/","og_site_name":"Talkpal","article_publisher":"https:\/\/www.facebook.com\/profile.php?id=100090733639311","article_modified_time":"2025-12-11T16:22:01+00:00","og_image":[{"width":512,"height":512,"url":"https:\/\/talkpal.ai\/wp-content\/uploads\/2023\/05\/croatia.png","type":"image\/png"}],"twitter_card":"summary_large_image","twitter_site":"@talkpalai","twitter_misc":{"Est. reading time":"3 minute"},"schema":{"@context":"https:\/\/schema.org","@graph":[{"@type":"WebPage","@id":"https:\/\/talkpal.ai\/bs\/hrvatska-gramatika\/","url":"https:\/\/talkpal.ai\/bs\/hrvatska-gramatika\/","name":"hrvatska gramatika - Talkpal","isPartOf":{"@id":"https:\/\/talkpal.ai\/bs\/#website"},"primaryImageOfPage":{"@id":"https:\/\/talkpal.ai\/bs\/hrvatska-gramatika\/#primaryimage"},"image":{"@id":"https:\/\/talkpal.ai\/bs\/hrvatska-gramatika\/#primaryimage"},"thumbnailUrl":"https:\/\/talkpal.ai\/wp-content\/uploads\/2023\/05\/croatia.png","datePublished":"2023-05-14T14:01:16+00:00","dateModified":"2025-12-11T16:22:01+00:00","description":"Istra\u017eite hrvatsku gramatiku i pobolj\u0161ajte svoje razumijevanje jezika uz pomo\u0107 bitnih savjeta i resursa.","breadcrumb":{"@id":"https:\/\/talkpal.ai\/bs\/hrvatska-gramatika\/#breadcrumb"},"inLanguage":"bs-BA","potentialAction":[{"@type":"ReadAction","target":["https:\/\/talkpal.ai\/bs\/hrvatska-gramatika\/"]}]},{"@type":"ImageObject","inLanguage":"bs-BA","@id":"https:\/\/talkpal.ai\/bs\/hrvatska-gramatika\/#primaryimage","url":"https:\/\/talkpal.ai\/wp-content\/uploads\/2023\/05\/croatia.png","contentUrl":"https:\/\/talkpal.ai\/wp-content\/uploads\/2023\/05\/croatia.png","width":512,"height":512},{"@type":"BreadcrumbList","@id":"https:\/\/talkpal.ai\/bs\/hrvatska-gramatika\/#breadcrumb","itemListElement":[{"@type":"ListItem","position":1,"name":"Homepage","item":"https:\/\/talkpal.ai\/bs\/"},{"@type":"ListItem","position":2,"name":"hrvatska gramatika"}]},{"@type":"WebSite","@id":"https:\/\/talkpal.ai\/bs\/#website","url":"https:\/\/talkpal.ai\/bs\/","name":"Talkpal","description":"AI Language Learning","publisher":{"@id":"https:\/\/talkpal.ai\/bs\/#organization"},"alternateName":"Talkpal AI","potentialAction":[{"@type":"SearchAction","target":{"@type":"EntryPoint","urlTemplate":"https:\/\/talkpal.ai\/bs\/?s={search_term_string}"},"query-input":{"@type":"PropertyValueSpecification","valueRequired":true,"valueName":"search_term_string"}}],"inLanguage":"bs-BA"},{"@type":"Organization","@id":"https:\/\/talkpal.ai\/bs\/#organization","name":"Talkpal, Inc.","alternateName":"Talkpal AI","url":"https:\/\/talkpal.ai\/bs\/","logo":{"@type":"ImageObject","inLanguage":"bs-BA","@id":"https:\/\/talkpal.ai\/bs\/#\/schema\/logo\/image\/","url":"https:\/\/talkpal.ai\/wp-content\/uploads\/2024\/03\/Talkpal-Logo-Icon.png","contentUrl":"https:\/\/talkpal.ai\/wp-content\/uploads\/2024\/03\/Talkpal-Logo-Icon.png","width":2880,"height":2880,"caption":"Talkpal, Inc."},"image":{"@id":"https:\/\/talkpal.ai\/bs\/#\/schema\/logo\/image\/"},"sameAs":["https:\/\/www.facebook.com\/profile.php?id=100090733639311","https:\/\/x.com\/talkpalai","https:\/\/www.linkedin.com\/company\/talkpal\/","https:\/\/www.youtube.com\/@TalkPal\/","https:\/\/www.tiktok.com\/@talkpal","https:\/\/www.instagram.com\/talkpal_ai\/","https:\/\/www.crunchbase.com\/organization\/talkpal-9cde","https:\/\/www.g2.com\/products\/talkpal-for-business\/","https:\/\/www.trustpilot.com\/review\/talkpal.ai","https:\/\/www.capterra.com\/p\/10006800\/TalkPal\/"],"description":"Talkpal is a language learning web and mobile education app, powered by the latest AI technologies, that provides engaging experiences to its customers in many different languages to help them improve their language skills. Users can chat about unlimited amount of topics with the app and use other modes to practice their language learning.","email":"support@talkpal.ai","legalName":"Talkpal, Inc.","foundingDate":"2023-04-03","duns":"118989042","numberOfEmployees":{"@type":"QuantitativeValue","minValue":"11","maxValue":"50"},"publishingPrinciples":"https:\/\/talkpal.ai\/publishing-principles\/","actionableFeedbackPolicy":"https:\/\/talkpal.ai\/actionable-feedback-policy\/","correctionsPolicy":"https:\/\/talkpal.ai\/corrections-policy\/","ethicsPolicy":"https:\/\/talkpal.ai\/ethics-policy\/","diversityPolicy":"https:\/\/talkpal.ai\/diversity-policy\/","diversityStaffingReport":"https:\/\/talkpal.ai\/diversity-policy\/"}]}},"_links":{"self":[{"href":"https:\/\/talkpal.ai\/bs\/wp-json\/wp\/v2\/pages\/142419","targetHints":{"allow":["GET"]}}],"collection":[{"href":"https:\/\/talkpal.ai\/bs\/wp-json\/wp\/v2\/pages"}],"about":[{"href":"https:\/\/talkpal.ai\/bs\/wp-json\/wp\/v2\/types\/page"}],"author":[{"embeddable":true,"href":"https:\/\/talkpal.ai\/bs\/wp-json\/wp\/v2\/users\/1"}],"replies":[{"embeddable":true,"href":"https:\/\/talkpal.ai\/bs\/wp-json\/wp\/v2\/comments?post=142419"}],"version-history":[{"count":0,"href":"https:\/\/talkpal.ai\/bs\/wp-json\/wp\/v2\/pages\/142419\/revisions"}],"wp:featuredmedia":[{"embeddable":true,"href":"https:\/\/talkpal.ai\/bs\/wp-json\/wp\/v2\/media\/110255"}],"wp:attachment":[{"href":"https:\/\/talkpal.ai\/bs\/wp-json\/wp\/v2\/media?parent=142419"}],"curies":[{"name":"wp","href":"https:\/\/api.w.org\/{rel}","templated":true}]}}