{"id":142106,"date":"2023-05-14T14:00:56","date_gmt":"2023-05-14T14:00:56","guid":{"rendered":"http:\/\/talkpal.ai\/katalonska-gramatika\/"},"modified":"2025-05-22T18:36:41","modified_gmt":"2025-05-22T18:36:41","slug":"katalonska-gramatika","status":"publish","type":"page","link":"https:\/\/talkpal.ai\/bs\/katalonska-gramatika\/","title":{"rendered":"Katalonska gramatika"},"content":{"rendered":"\r\n\r\n\r\n<section class=\"languageChallengeSection\">\r\n    <div class=\"languageInfoWrapper\">\r\n        \r\n        <h1>Katalonska gramatika<\/h1>\r\n        <p>Zaronite u svijet katalonske gramatike i otkrijte jedinstvenu strukturu ovog \u017eivopisnog romanskog jezika. Savladavanje osnova \u0107e vam pomo\u0107i da efikasnije komunicirate i dublje se pove\u017eete s katalonskom kulturom. Po\u010dnite u\u010diti katalonsku gramatiku ve\u0107 danas i napravite prvi korak ka te\u010dnom govoru!\n\n<\/p>\r\n\r\n                            <a class=\"getStartedHidden\" href=\"https:\/\/app.talkpal.ai\/signup?lng=\">Kreni<\/a>\r\n        \r\n    <\/div>\r\n\r\n    <figure>\r\n    <img decoding=\"async\" width=\"768\" height=\"768\" src=\"https:\/\/talkpal.ai\/wp-content\/uploads\/2023\/06\/catalan-768x768.png\" class=\"languageImage no-lazy\" alt=\"Language learning techniques for fast learning\" fetchpriority=\"high\" sizes=\"(max-width: 768px) 150px, 768px\" srcset=\"https:\/\/talkpal.ai\/wp-content\/uploads\/2023\/06\/catalan-768x768.png 768w, https:\/\/talkpal.ai\/wp-content\/uploads\/2023\/06\/catalan-300x300.png 300w\" \/>\r\n    \r\n\r\n    <\/figure>\r\n\r\n            <a class=\"getStartedVisible\" href=\"https:\/\/app.talkpal.ai\/signup?lng=\">Kreni<\/a>\r\n    \r\n<\/section>\r\n<section class=\"promotionalBanner\">\r\n    <p class=\"promotionalText\">Najefikasniji na\u010din za u\u010denje jezika<\/p>\r\n    <a class=\"promotionalLink\" href=\"https:\/\/app.talkpal.ai\/signup?lng=\">Isprobajte Talkpal besplatno<\/a>\r\n<\/section>\n<div class=\"wp-block-group pageContainerStyle\"><div class=\"wp-block-group__inner-container is-layout-constrained wp-block-group-is-layout-constrained\">\n<h2 class=\"wp-block-heading\" id=\"h-catalan-grammar-a-quick-guide-for-language-enthusiasts\">Katalonska gramatika: brzi vodi\u010d za jezi\u010dke entuzijaste<\/h2>\n\n\n\n<p><a href=\"https:\/\/talkpal.ai\/culture\/what-is-the-difference-between-da-li-and-je-li-in-forming-questions\/\">Da li<\/a> planirate da <a href=\"https:\/\/talkpal.ai\/learn-catalan\/\">nau\u010dite katalonski<\/a> ili ste samo radoznali o ovom divnom romanskom jeziku? Ne tra\u017eite dalje! Ovdje smo da vas odvedemo u kratki obilazak katalonske gramatike i opremimo vas osnovama. Zaronimo u ovaj \u0161armantni jezik i istra\u017eimo kako funkcionira na gramati\u010dkom nivou.<\/p>\n\n\n\n<p><a href=\"https:\/\/talkpal.ai\/learn-catalan\/\">Katalonski<\/a>, kojim govori oko 10 miliona ljudi, uglavnom u Kataloniji, Valensiji i Balearskim ostrvima, ima jedinstvenu me\u0161avinu uticaja iz latinskog, \u0161panskog i francuskog. Ba\u0161 kao i ti i ja, jezici se dodatno oboga\u0107uju pozajmljuju\u0107i razli\u010dite nijanse jedni od drugih tokom vremena. Kako uzbudljivo!<\/p>\n\n\n\n<p><strong>Sada, nau\u010dimo neke osnovne aspekte katalonske gramatike:<\/strong><\/p>\n\n\n\n<h3 class=\"wp-block-heading\" id=\"h-1-nouns-and-gender\">1. imenice i spol:<\/h3>\n\n\n\n<p>Otpjevaj sa mnom \u2013 &#8216;Svaka imenica ima mo\u0107!&#8217; Kao iu drugim romanskim jezicima, katalonske imenice su mu\u0161kog ili \u017eenskog roda, a ovaj &#8216;rod&#8217; uti\u010de na na\u010din na koji se koriste sa \u010dlancima i pridevima. Ipak, ne brini! Ve\u0107inu vremena, imenice koje se zavr\u0161avaju na &#8216;-a&#8217; su \u017eenskog roda, dok su one koje zavr\u0161avaju na &#8216;-o&#8217; (ili druge suglasnike) mu\u0161kog roda. Me\u0111utim, pazite na izuzetke \u2013 oni vam se vole pri\u0161unjati!<\/p>\n\n\n\n<h3 class=\"wp-block-heading\" id=\"h-2-articles\">2. \u010dlanci:<\/h3>\n\n\n\n<p>\u017divot bi bio dosadan bez \u010dlanaka, <a href=\"https:\/\/talkpal.ai\/culture\/how-do-you-use-the-phrase-zar-ne-at-the-end-of-a-sentence\/\">zar ne<\/a>? Kada je u pitanju katalonski, imamo odre\u0111ene \u010dlanove koji ukazuju na odre\u0111ene stvari ili osobe (kao \u0161to su \u201dpas\u201d ili \u201dknjiga\u201d) i neodre\u0111ene \u010dlanove za op\u0161te reference (kao \u0161to su \u201dpas\u201d ili \u201dknjiga\u201d).  <\/p>\n\n\n\n<p>Odre\u0111eni \u010dlanovi u katalonskom su &#8220;el&#8221; za imenice u jednini mu\u0161kog roda, &#8220;la&#8221; za imenice \u017eenskog roda u jednini, &#8220;els&#8221; za imenice u mno\u017eini mu\u0161kog roda i &#8220;les&#8221; za imenice \u017eenskog roda u mno\u017eini. Neodre\u0111eni \u010dlanovi, s druge strane, su \u201cun\u201d za imenice mu\u0161kog roda jednine i \u201cuna\u201d za imenice \u017eenskog roda u jednini. U mno\u017eini ne postoje specifi\u010dni neodre\u0111eni \u010dlanci. Polako-peasy, zar ne?<\/p>\n\n\n\n<h3 class=\"wp-block-heading\" id=\"h-3-adjectives\">3. pridjevi:<\/h3>\n\n\n\n<p>Pridjevi dodaju okus va\u0161im re\u010denicama opisuju\u0107i imenice, a na katalonskom se sla\u017eu u spolu i broju s imenicama koje mijenjaju. U ve\u0107ini slu\u010dajeva, pridjevi koji zavr\u0161avaju na \u201c-o\u201d su mu\u0161kog roda, a oni koji zavr\u0161avaju na \u201c-a\u201d su \u017eenskog roda. Da biste formirali mno\u017einu, promijenite \u201c-o\u201d u \u201c-os\u201d (mu\u0161ki rod) i \u201c-a\u201d u \u201c-es\u201d (\u017eenski rod). Imajte na umu da neki pridjevi imaju jedinstven oblik za oba spola i samo se mno\u017eina markera mijenja. Zvu\u010di zabavno, zar ne?<\/p>\n\n\n\n<h3 class=\"wp-block-heading\" id=\"h-4-verbs-and-conjugation\">4. glagoli i konjugacija:<\/h3>\n\n\n\n<p>Srce svakog jezika! Glagoli na katalonskom klasifikovani su u tri grupe na osnovu njihovih infinitivnih zavr\u0161etaka: \u201c-ar\u201d, \u201c-er\u201d i \u201c-ir\u201d. Svaka grupa ima svoj poseban obrazac konjugacije za razli\u010dita vremena, raspolo\u017eenja i zamjenice \u2013 ba\u0161 kao ples u razli\u010ditim ritmovima. Katalonski tako\u0111e ima pomo\u0107ne glagole (kao \u0161to su &#8216;imati&#8217; i &#8216;biti&#8217;) koji se kombinuju sa drugim glagolima kako bi stvorili slo\u017eena vremena i pasiv. Dakle, obucite svoje plesne cipele i po\u010dnite istra\u017eivati \u017eivahni svijet katalonskih glagola.<\/p>\n\n\n\n<h3 class=\"wp-block-heading\" id=\"h-5-word-order\">5. redoslijed rije\u010di:<\/h3>\n\n\n\n<p>Postavimo te rije\u010di u pravi red! Katalonski obi\u010dno slijedi redoslijed rije\u010di subjekt-glagol-objekt (SVO), ba\u0161 kao i <a href=\"https:\/\/talkpal.ai\/learn-english-with-ai\/\">engleski<\/a>. Me\u0111utim, fleksibilnost u redoslijedu rije\u010di je dozvoljena za nagla\u0161avanje ili stilske svrhe. Pridjevi obi\u010dno dolaze nakon imenice koju opisuju, ali ih mo\u017eete vidjeti prije imenice kako biste naglasili njihovu va\u017enost. Zapamtite, praksa je savr\u0161ena kada je u pitanju savladavanje <a href=\"https:\/\/talkpal.ai\/locations\/learn-english-in-reda\/\">reda<\/a> re\u010di na katalonskom.<\/p>\n\n\n\n<h3 class=\"wp-block-heading\" id=\"h-6-pronouns-and-prepositions\">6. zamjenice i prijedlozi:<\/h3>\n\n\n\n<p>Poslednje ali ne i manje va\u017eno! Katalonski ima zamjenice (ja, ti, on, ona, itd.) i zamjenice objekata (ja, ti, on, ona, itd.), koje mogu pretrpjeti razli\u010dite promjene ovisno o njihovoj funkciji unutar re\u010denice. Osim toga, katalonski prijedlozi (kao \u0161to su &#8220;a&#8221;, &#8220;de&#8221;, &#8220;en&#8221;, &#8220;amb&#8221;) poma\u017eu vam da pove\u017eete rije\u010di i fraze i poka\u017eete odnose izme\u0111u njih.<\/p>\n\n\n\n<p>Whew! Sada imate osnove katalonske gramatike ispod pojasa. Nastavite da istra\u017eujete, postavljate pitanja i ve\u017ebate ovaj divan jezik. Zapamtite, u\u010denje novog jezika je kao krenuti na uzbudljivo putovanje. Imat \u0107ete uspone i padove, ali nagrade su vrijedne truda. Bon viatge!<\/p>\n<\/div><\/div>\n\r\n<section class=\"learnNavigationSection\">\r\n            \r\n        <a href=\"https:\/\/talkpal.ai\/bs\/nauci-katalonski\/\">\r\n            <div class=\"learnNavigationWrapper\">\r\n                <div class=\"learnNavigationContent\">\r\n                    <img decoding=\"async\" src=\"https:\/\/talkpal.ai\/wp-content\/uploads\/2024\/08\/Catalan.jpg\" alt=\"Catalan Flag\">\r\n                    <div>\r\n                        <h4>O u\u010denju katalonskog<\/h4>\r\n                        <p>Saznaj sve o katalonskoj gramatici.<\/p>\r\n                    <\/div>\r\n                <\/div>\r\n            <\/div>\r\n        <\/a>\r\n\r\n        \r\n        <a href=\"https:\/\/talkpal.ai\/bs\/katalonske-gramaticke-vezbe\/\">\r\n            <div class=\"learnNavigationWrapper\">\r\n                <div class=\"learnNavigationContent\">\r\n                    <img decoding=\"async\" src=\"https:\/\/talkpal.ai\/wp-content\/uploads\/2024\/08\/Catalan.jpg\" alt=\"Catalan Flag\">\r\n                    <div>\r\n                        <h4>Vje\u017eba iz katalonske gramatike<\/h4>\r\n                        <p>Praktikuj katalonsku gramatiku.<\/p>\r\n                    <\/div>\r\n                <\/div>\r\n            <\/div>\r\n        <\/a>\r\n\r\n        \r\n        <a href=\"https:\/\/talkpal.ai\/vocabulary_language\/catalan\/\">\r\n            <div class=\"learnNavigationWrapper\">\r\n                <div class=\"learnNavigationContent\">\r\n                    <img decoding=\"async\" src=\"https:\/\/talkpal.ai\/wp-content\/uploads\/2024\/08\/Catalan.jpg\" alt=\"Catalan Flag\">\r\n                    <div>\r\n                        <h4>Katalonski vokabular<\/h4>\r\n                        <p>Pro\u0161irite svoj katalonski vokabular.<\/p>\r\n                    <\/div>\r\n                <\/div>\r\n            <\/div>\r\n        <\/a>\r\n\r\n            <\/section>","protected":false},"excerpt":{"rendered":"<p>Katalonska gramatika: brzi vodi\u010d za jezi\u010dke entuzijaste Da li planirate da nau\u010dite katalonski ili ste samo radoznali o ovom divnom romanskom jeziku? Ne tra\u017eite dalje! Ovdje smo da vas odvedemo u kratki obilazak katalonske gramatike i opremimo vas osnovama. Zaronimo u ovaj \u0161armantni jezik i istra\u017eimo kako funkcionira na gramati\u010dkom nivou. Katalonski, kojim govori oko [&hellip;]<\/p>\n","protected":false},"author":1,"featured_media":142115,"parent":0,"menu_order":0,"comment_status":"closed","ping_status":"closed","template":"LearningContentPage.php","meta":{"_acf_changed":false,"footnotes":""},"class_list":["post-142106","page","type-page","status-publish","has-post-thumbnail","hentry"],"acf":[],"yoast_head":"<!-- This site is optimized with the Yoast SEO Premium plugin v27.2 (Yoast SEO v27.2) - https:\/\/yoast.com\/product\/yoast-seo-premium-wordpress\/ -->\n<title>Katalonska gramatika - Talkpal<\/title>\n<meta name=\"description\" content=\"Otkrijte osnove katalonske gramatike i zapo\u010dnite svoje putovanje kroz ovaj prekrasni romanski jezik ve\u0107 danas!\" \/>\n<meta name=\"robots\" content=\"index, follow, max-snippet:-1, max-image-preview:large, max-video-preview:-1\" \/>\n<link rel=\"canonical\" href=\"https:\/\/talkpal.ai\/bs\/katalonska-gramatika\/\" \/>\n<meta property=\"og:locale\" content=\"bs_BA\" \/>\n<meta property=\"og:type\" content=\"article\" \/>\n<meta property=\"og:title\" content=\"Katalonska gramatika\" \/>\n<meta property=\"og:description\" content=\"Katalonska gramatika: brzi vodi\u010d za jezi\u010dke entuzijaste Da li planirate da nau\u010dite katalonski ili ste samo radoznali o ovom divnom romanskom jeziku? Ne\" \/>\n<meta property=\"og:url\" content=\"https:\/\/talkpal.ai\/bs\/katalonska-gramatika\/\" \/>\n<meta property=\"og:site_name\" content=\"Talkpal\" \/>\n<meta property=\"article:publisher\" content=\"https:\/\/www.facebook.com\/profile.php?id=100090733639311\" \/>\n<meta property=\"article:modified_time\" content=\"2025-05-22T18:36:41+00:00\" \/>\n<meta property=\"og:image\" content=\"https:\/\/talkpal.ai\/wp-content\/uploads\/2023\/08\/Catalan.png\" \/>\n\t<meta property=\"og:image:width\" content=\"479\" \/>\n\t<meta property=\"og:image:height\" content=\"479\" \/>\n\t<meta property=\"og:image:type\" content=\"image\/png\" \/>\n<meta name=\"twitter:card\" content=\"summary_large_image\" \/>\n<meta name=\"twitter:site\" content=\"@talkpalai\" \/>\n<meta name=\"twitter:label1\" content=\"Est. reading time\" \/>\n\t<meta name=\"twitter:data1\" content=\"3 minute\" \/>\n<script type=\"application\/ld+json\" class=\"yoast-schema-graph\">{\"@context\":\"https:\/\/schema.org\",\"@graph\":[{\"@type\":\"WebPage\",\"@id\":\"https:\/\/talkpal.ai\/bs\/katalonska-gramatika\/\",\"url\":\"https:\/\/talkpal.ai\/bs\/katalonska-gramatika\/\",\"name\":\"Katalonska gramatika - Talkpal\",\"isPartOf\":{\"@id\":\"https:\/\/talkpal.ai\/bs\/#website\"},\"primaryImageOfPage\":{\"@id\":\"https:\/\/talkpal.ai\/bs\/katalonska-gramatika\/#primaryimage\"},\"image\":{\"@id\":\"https:\/\/talkpal.ai\/bs\/katalonska-gramatika\/#primaryimage\"},\"thumbnailUrl\":\"https:\/\/talkpal.ai\/wp-content\/uploads\/2023\/08\/Catalan.png\",\"datePublished\":\"2023-05-14T14:00:56+00:00\",\"dateModified\":\"2025-05-22T18:36:41+00:00\",\"description\":\"Otkrijte osnove katalonske gramatike i zapo\u010dnite svoje putovanje kroz ovaj prekrasni romanski jezik ve\u0107 danas!\",\"breadcrumb\":{\"@id\":\"https:\/\/talkpal.ai\/bs\/katalonska-gramatika\/#breadcrumb\"},\"inLanguage\":\"bs-BA\",\"potentialAction\":[{\"@type\":\"ReadAction\",\"target\":[\"https:\/\/talkpal.ai\/bs\/katalonska-gramatika\/\"]}]},{\"@type\":\"ImageObject\",\"inLanguage\":\"bs-BA\",\"@id\":\"https:\/\/talkpal.ai\/bs\/katalonska-gramatika\/#primaryimage\",\"url\":\"https:\/\/talkpal.ai\/wp-content\/uploads\/2023\/08\/Catalan.png\",\"contentUrl\":\"https:\/\/talkpal.ai\/wp-content\/uploads\/2023\/08\/Catalan.png\",\"width\":479,\"height\":479},{\"@type\":\"BreadcrumbList\",\"@id\":\"https:\/\/talkpal.ai\/bs\/katalonska-gramatika\/#breadcrumb\",\"itemListElement\":[{\"@type\":\"ListItem\",\"position\":1,\"name\":\"Homepage\",\"item\":\"https:\/\/talkpal.ai\/bs\/\"},{\"@type\":\"ListItem\",\"position\":2,\"name\":\"Katalonska gramatika\"}]},{\"@type\":\"WebSite\",\"@id\":\"https:\/\/talkpal.ai\/bs\/#website\",\"url\":\"https:\/\/talkpal.ai\/bs\/\",\"name\":\"Talkpal\",\"description\":\"AI Language Learning\",\"publisher\":{\"@id\":\"https:\/\/talkpal.ai\/bs\/#organization\"},\"alternateName\":\"Talkpal AI\",\"potentialAction\":[{\"@type\":\"SearchAction\",\"target\":{\"@type\":\"EntryPoint\",\"urlTemplate\":\"https:\/\/talkpal.ai\/bs\/?s={search_term_string}\"},\"query-input\":{\"@type\":\"PropertyValueSpecification\",\"valueRequired\":true,\"valueName\":\"search_term_string\"}}],\"inLanguage\":\"bs-BA\"},{\"@type\":\"Organization\",\"@id\":\"https:\/\/talkpal.ai\/bs\/#organization\",\"name\":\"Talkpal, Inc.\",\"alternateName\":\"Talkpal AI\",\"url\":\"https:\/\/talkpal.ai\/bs\/\",\"logo\":{\"@type\":\"ImageObject\",\"inLanguage\":\"bs-BA\",\"@id\":\"https:\/\/talkpal.ai\/bs\/#\/schema\/logo\/image\/\",\"url\":\"https:\/\/talkpal.ai\/wp-content\/uploads\/2024\/03\/Talkpal-Logo-Icon.png\",\"contentUrl\":\"https:\/\/talkpal.ai\/wp-content\/uploads\/2024\/03\/Talkpal-Logo-Icon.png\",\"width\":2880,\"height\":2880,\"caption\":\"Talkpal, Inc.\"},\"image\":{\"@id\":\"https:\/\/talkpal.ai\/bs\/#\/schema\/logo\/image\/\"},\"sameAs\":[\"https:\/\/www.facebook.com\/profile.php?id=100090733639311\",\"https:\/\/x.com\/talkpalai\",\"https:\/\/www.linkedin.com\/company\/talkpal\/\",\"https:\/\/www.youtube.com\/@TalkPal\/\",\"https:\/\/www.tiktok.com\/@talkpal\",\"https:\/\/www.instagram.com\/talkpal_ai\/\",\"https:\/\/www.crunchbase.com\/organization\/talkpal-9cde\",\"https:\/\/www.g2.com\/products\/talkpal-for-business\/\",\"https:\/\/www.trustpilot.com\/review\/talkpal.ai\",\"https:\/\/www.capterra.com\/p\/10006800\/TalkPal\/\"],\"description\":\"Talkpal is a language learning web and mobile education app, powered by the latest AI technologies, that provides engaging experiences to its customers in many different languages to help them improve their language skills. Users can chat about unlimited amount of topics with the app and use other modes to practice their language learning.\",\"email\":\"support@talkpal.ai\",\"legalName\":\"Talkpal, Inc.\",\"foundingDate\":\"2023-04-03\",\"duns\":\"118989042\",\"numberOfEmployees\":{\"@type\":\"QuantitativeValue\",\"minValue\":\"11\",\"maxValue\":\"50\"},\"publishingPrinciples\":\"https:\/\/talkpal.ai\/publishing-principles\/\",\"actionableFeedbackPolicy\":\"https:\/\/talkpal.ai\/actionable-feedback-policy\/\",\"correctionsPolicy\":\"https:\/\/talkpal.ai\/corrections-policy\/\",\"ethicsPolicy\":\"https:\/\/talkpal.ai\/ethics-policy\/\",\"diversityPolicy\":\"https:\/\/talkpal.ai\/diversity-policy\/\",\"diversityStaffingReport\":\"https:\/\/talkpal.ai\/diversity-policy\/\"}]}<\/script>\n<!-- \/ Yoast SEO Premium plugin. -->","yoast_head_json":{"title":"Katalonska gramatika - Talkpal","description":"Otkrijte osnove katalonske gramatike i zapo\u010dnite svoje putovanje kroz ovaj prekrasni romanski jezik ve\u0107 danas!","robots":{"index":"index","follow":"follow","max-snippet":"max-snippet:-1","max-image-preview":"max-image-preview:large","max-video-preview":"max-video-preview:-1"},"canonical":"https:\/\/talkpal.ai\/bs\/katalonska-gramatika\/","og_locale":"bs_BA","og_type":"article","og_title":"Katalonska gramatika","og_description":"Katalonska gramatika: brzi vodi\u010d za jezi\u010dke entuzijaste Da li planirate da nau\u010dite katalonski ili ste samo radoznali o ovom divnom romanskom jeziku? Ne","og_url":"https:\/\/talkpal.ai\/bs\/katalonska-gramatika\/","og_site_name":"Talkpal","article_publisher":"https:\/\/www.facebook.com\/profile.php?id=100090733639311","article_modified_time":"2025-05-22T18:36:41+00:00","og_image":[{"width":479,"height":479,"url":"https:\/\/talkpal.ai\/wp-content\/uploads\/2023\/08\/Catalan.png","type":"image\/png"}],"twitter_card":"summary_large_image","twitter_site":"@talkpalai","twitter_misc":{"Est. reading time":"3 minute"},"schema":{"@context":"https:\/\/schema.org","@graph":[{"@type":"WebPage","@id":"https:\/\/talkpal.ai\/bs\/katalonska-gramatika\/","url":"https:\/\/talkpal.ai\/bs\/katalonska-gramatika\/","name":"Katalonska gramatika - Talkpal","isPartOf":{"@id":"https:\/\/talkpal.ai\/bs\/#website"},"primaryImageOfPage":{"@id":"https:\/\/talkpal.ai\/bs\/katalonska-gramatika\/#primaryimage"},"image":{"@id":"https:\/\/talkpal.ai\/bs\/katalonska-gramatika\/#primaryimage"},"thumbnailUrl":"https:\/\/talkpal.ai\/wp-content\/uploads\/2023\/08\/Catalan.png","datePublished":"2023-05-14T14:00:56+00:00","dateModified":"2025-05-22T18:36:41+00:00","description":"Otkrijte osnove katalonske gramatike i zapo\u010dnite svoje putovanje kroz ovaj prekrasni romanski jezik ve\u0107 danas!","breadcrumb":{"@id":"https:\/\/talkpal.ai\/bs\/katalonska-gramatika\/#breadcrumb"},"inLanguage":"bs-BA","potentialAction":[{"@type":"ReadAction","target":["https:\/\/talkpal.ai\/bs\/katalonska-gramatika\/"]}]},{"@type":"ImageObject","inLanguage":"bs-BA","@id":"https:\/\/talkpal.ai\/bs\/katalonska-gramatika\/#primaryimage","url":"https:\/\/talkpal.ai\/wp-content\/uploads\/2023\/08\/Catalan.png","contentUrl":"https:\/\/talkpal.ai\/wp-content\/uploads\/2023\/08\/Catalan.png","width":479,"height":479},{"@type":"BreadcrumbList","@id":"https:\/\/talkpal.ai\/bs\/katalonska-gramatika\/#breadcrumb","itemListElement":[{"@type":"ListItem","position":1,"name":"Homepage","item":"https:\/\/talkpal.ai\/bs\/"},{"@type":"ListItem","position":2,"name":"Katalonska gramatika"}]},{"@type":"WebSite","@id":"https:\/\/talkpal.ai\/bs\/#website","url":"https:\/\/talkpal.ai\/bs\/","name":"Talkpal","description":"AI Language Learning","publisher":{"@id":"https:\/\/talkpal.ai\/bs\/#organization"},"alternateName":"Talkpal AI","potentialAction":[{"@type":"SearchAction","target":{"@type":"EntryPoint","urlTemplate":"https:\/\/talkpal.ai\/bs\/?s={search_term_string}"},"query-input":{"@type":"PropertyValueSpecification","valueRequired":true,"valueName":"search_term_string"}}],"inLanguage":"bs-BA"},{"@type":"Organization","@id":"https:\/\/talkpal.ai\/bs\/#organization","name":"Talkpal, Inc.","alternateName":"Talkpal AI","url":"https:\/\/talkpal.ai\/bs\/","logo":{"@type":"ImageObject","inLanguage":"bs-BA","@id":"https:\/\/talkpal.ai\/bs\/#\/schema\/logo\/image\/","url":"https:\/\/talkpal.ai\/wp-content\/uploads\/2024\/03\/Talkpal-Logo-Icon.png","contentUrl":"https:\/\/talkpal.ai\/wp-content\/uploads\/2024\/03\/Talkpal-Logo-Icon.png","width":2880,"height":2880,"caption":"Talkpal, Inc."},"image":{"@id":"https:\/\/talkpal.ai\/bs\/#\/schema\/logo\/image\/"},"sameAs":["https:\/\/www.facebook.com\/profile.php?id=100090733639311","https:\/\/x.com\/talkpalai","https:\/\/www.linkedin.com\/company\/talkpal\/","https:\/\/www.youtube.com\/@TalkPal\/","https:\/\/www.tiktok.com\/@talkpal","https:\/\/www.instagram.com\/talkpal_ai\/","https:\/\/www.crunchbase.com\/organization\/talkpal-9cde","https:\/\/www.g2.com\/products\/talkpal-for-business\/","https:\/\/www.trustpilot.com\/review\/talkpal.ai","https:\/\/www.capterra.com\/p\/10006800\/TalkPal\/"],"description":"Talkpal is a language learning web and mobile education app, powered by the latest AI technologies, that provides engaging experiences to its customers in many different languages to help them improve their language skills. Users can chat about unlimited amount of topics with the app and use other modes to practice their language learning.","email":"support@talkpal.ai","legalName":"Talkpal, Inc.","foundingDate":"2023-04-03","duns":"118989042","numberOfEmployees":{"@type":"QuantitativeValue","minValue":"11","maxValue":"50"},"publishingPrinciples":"https:\/\/talkpal.ai\/publishing-principles\/","actionableFeedbackPolicy":"https:\/\/talkpal.ai\/actionable-feedback-policy\/","correctionsPolicy":"https:\/\/talkpal.ai\/corrections-policy\/","ethicsPolicy":"https:\/\/talkpal.ai\/ethics-policy\/","diversityPolicy":"https:\/\/talkpal.ai\/diversity-policy\/","diversityStaffingReport":"https:\/\/talkpal.ai\/diversity-policy\/"}]}},"_links":{"self":[{"href":"https:\/\/talkpal.ai\/bs\/wp-json\/wp\/v2\/pages\/142106","targetHints":{"allow":["GET"]}}],"collection":[{"href":"https:\/\/talkpal.ai\/bs\/wp-json\/wp\/v2\/pages"}],"about":[{"href":"https:\/\/talkpal.ai\/bs\/wp-json\/wp\/v2\/types\/page"}],"author":[{"embeddable":true,"href":"https:\/\/talkpal.ai\/bs\/wp-json\/wp\/v2\/users\/1"}],"replies":[{"embeddable":true,"href":"https:\/\/talkpal.ai\/bs\/wp-json\/wp\/v2\/comments?post=142106"}],"version-history":[{"count":0,"href":"https:\/\/talkpal.ai\/bs\/wp-json\/wp\/v2\/pages\/142106\/revisions"}],"wp:featuredmedia":[{"embeddable":true,"href":"https:\/\/talkpal.ai\/bs\/wp-json\/wp\/v2\/media\/142115"}],"wp:attachment":[{"href":"https:\/\/talkpal.ai\/bs\/wp-json\/wp\/v2\/media?parent=142106"}],"curies":[{"name":"wp","href":"https:\/\/api.w.org\/{rel}","templated":true}]}}