{"id":141105,"date":"2023-05-14T13:59:42","date_gmt":"2023-05-14T13:59:42","guid":{"rendered":"http:\/\/talkpal.ai\/bjeloruska-gramatika\/"},"modified":"2025-05-22T13:50:26","modified_gmt":"2025-05-22T13:50:26","slug":"bjeloruska-gramatika","status":"publish","type":"page","link":"https:\/\/talkpal.ai\/bs\/bjeloruska-gramatika\/","title":{"rendered":"bjeloruska gramatika"},"content":{"rendered":"\r\n\r\n\r\n<section class=\"languageChallengeSection\">\r\n    <div class=\"languageInfoWrapper\">\r\n        \r\n        <h1>bjeloruska gramatika<\/h1>\r\n        <p>Otkrijte ljepotu i bogatstvo bjeloruskog jezika u\u010de\u0107i njegova osnovna gramati\u010dka pravila. Izgradnja solidnog razumijevanja bjeloruske gramatike pomo\u0107i \u0107e vam da komunicirate s povjerenjem i pove\u017eete se s bjeloruskom kulturom. Zaronite odmah i zapo\u010dnite svoje putovanje ka savladavanju bjeloruskog jezika ve\u0107 danas!<\/p>\r\n\r\n                            <a class=\"getStartedHidden\" href=\"https:\/\/app.talkpal.ai\/signup?lng=\">Kreni<\/a>\r\n        \r\n    <\/div>\r\n\r\n    <figure>\r\n    <img decoding=\"async\" width=\"768\" height=\"768\" src=\"https:\/\/talkpal.ai\/wp-content\/uploads\/2023\/06\/belarusian-768x768.png\" class=\"languageImage no-lazy\" alt=\"Language learning for academic excellence\" fetchpriority=\"high\" sizes=\"(max-width: 768px) 150px, 768px\" srcset=\"https:\/\/talkpal.ai\/wp-content\/uploads\/2023\/06\/belarusian-768x768.png 768w, https:\/\/talkpal.ai\/wp-content\/uploads\/2023\/06\/belarusian-300x300.png 300w\" \/>\r\n    \r\n\r\n    <\/figure>\r\n\r\n            <a class=\"getStartedVisible\" href=\"https:\/\/app.talkpal.ai\/signup?lng=\">Kreni<\/a>\r\n    \r\n<\/section>\r\n<section class=\"promotionalBanner\">\r\n    <p class=\"promotionalText\">Najefikasniji na\u010din za u\u010denje jezika<\/p>\r\n    <a class=\"promotionalLink\" href=\"https:\/\/app.talkpal.ai\/signup?lng=\">Isprobajte Talkpal besplatno<\/a>\r\n<\/section>\n<div class=\"wp-block-group pageContainerStyle\"><div class=\"wp-block-group__inner-container is-layout-constrained wp-block-group-is-layout-constrained\">\n<h2 class=\"wp-block-heading\" id=\"h-belarusian-grammar-a-closer-look-at-the-slavic-language-s-intricacies\">Bjeloruska gramatika: bli\u017ei pogled na zamr\u0161enosti slovenskog jezika<\/h2>\n\n\n\n<p><a href=\"https:\/\/talkpal.ai\/culture\/what-is-the-difference-between-da-li-and-je-li-in-forming-questions\/\">Da li<\/a> ste vi ambiciozna poliglota sa fascinacijom slovenskim jezicima? Ili ste mo\u017eda samo znati\u017eeljni o gramati\u010dkim zamr\u0161enostima jezika ovog zanimljivog regiona? Ako je tako, ve\u017eite se! U ovom \u010dlanku \u0107emo istra\u017eiti \u010dudesni svijet bjeloruske gramatike, manje poznatog, ali fascinantnog \u010dlana porodice slavenskih jezika.<\/p>\n\n\n\n<p>Hajde da zaronimo, ho\u0107emo li?<\/p>\n\n\n\n<h3 class=\"wp-block-heading\" id=\"h-first-things-first-what-is-belarusian\">Prvo, \u0161ta je Belorusija?<\/h3>\n\n\n\n<p><a href=\"https:\/\/talkpal.ai\/learn-belarusian\/\">Bjeloruski<\/a> je slu\u017ebeni jezik Bjelorusije, zemlje bez izlaza na more <a href=\"https:\/\/talkpal.ai\/locations\/language-courses-in-koja\/\">koja<\/a> se nalazi u isto\u010dnoj Evropi izme\u0111u Rusije, Ukrajine, Poljske, Litvanije i Letonije. Sa oko 7,9 miliona govornika, beloruski ima o\u010daravaju\u0107i \u0161arm kako za lingviste, tako i za jezi\u010dke entuzijaste. Kao slavenski jezik, <a href=\"https:\/\/talkpal.ai\/learn-belarusian\/\">bjeloruski<\/a> ima mnogo sli\u010dnosti sa ruskim, ukrajinskim i poljskim; me\u0111utim , tako\u0111er prihvata svoje jedinstvene karakteristike koje ga izdvajaju od brace i sestara .<\/p>\n\n\n\n<h3 class=\"wp-block-heading\" id=\"h-the-building-blocks-nouns-pronouns-and-cases\">Gra\u0111evinski blokovi: imenice, zamjenice i slu\u010dajevi<\/h3>\n\n\n\n<p>Kao i drugi slavenski jezici, <a href=\"https:\/\/talkpal.ai\/belarusian-grammar\/\">bjeloruska gramatika<\/a> vrti se oko pregiba rije\u010di. To zna\u010di da se zavr\u0161eci rije\u010di mijenjaju u skladu sa njihovom gramati\u010dkom funkcijom u re\u010denici. To je najo\u010ditije u imenicama, zamjenicama i pridevima kada se koriste u razli\u010ditim pade\u017eima. Belorusija ima \u0161est slu\u010dajeva, a to su:<\/p>\n\n\n\n<p><strong>1. Nominativ \u2013 ozna\u010dava subjekat re\u010denice<\/strong><\/p>\n\n\n\n<p><strong>2. Genitiv \u2013 pokazuje posjedovanje ili objekt negacije<\/strong><\/p>\n\n\n\n<p><strong>3. Dativ \u2013 ozna\u010dava indirektni objekat re\u010denice<\/strong><\/p>\n\n\n\n<p><strong>4. Akuzativ \u2013 ozna\u010dava direktni objekat re\u010denice<\/strong><\/p>\n\n\n\n<p><strong>5. Instrumental \u2013 izra\u017eava sredstvo ili metod kojim se neka radnja izvodi<\/strong><\/p>\n\n\n\n<p><strong>6. Predlo\u0161ki ili lokativ \u2013 odre\u0111uje lokaciju ili objekt prijedloga<\/strong><\/p>\n\n\n\n<p>Pored slu\u010dajeva, beloruske imenice imaju i tri pola (mu\u0161ki, \u017eenski i neuterski) i dva broja (jednina i mno\u017eina). Svaka kombinacija roda i brojeva ima specifi\u010dne zavr\u0161etke u svakom slu\u010daju, \u0161to zna\u010di da je klju\u010dno zapamtiti ih kako bi se konstruisale gramati\u010dki ispravne re\u010denice.<\/p>\n\n\n\n<h3 class=\"wp-block-heading\" id=\"h-let-s-talk-verbs-tenses-aspects-and-moods\">Pri\u010dajmo glagoli: vremena, aspekti i raspolo\u017eenja<\/h3>\n\n\n\n<p>Bjeloruski glagoli su predivno slo\u017eeni, puni nijansi i zamr\u0161enosti. Imaju tri vremena (pro\u0161lost, sada\u0161njost i budu\u0107nost), dva aspekta (savr\u0161ena i nesavr\u0161ena), kao i tri raspolo\u017eenja (indikativna, imperativna i uslovna). <a href=\"https:\/\/talkpal.ai\/locations\/language-courses-in-ono\/\">Ono<\/a> po \u010demu se bjeloruski glagoli izdvajaju od ostalih slavenskih jezika je njihova \u0161iroka upotreba aspekta.<\/p>\n\n\n\n<p>Aspekt se odnosi na to <a href=\"https:\/\/talkpal.ai\/culture\/what-is-the-difference-between-da-li-and-je-li-in-forming-questions\/\">da li<\/a> se radnja posmatra kao zavr\u0161ena (savr\u0161ena) ili teku\u0107a (nesavr\u0161ena). Mnogi glagoli dolaze u parovima koji ukazuju na razli\u010dite aspekte, \u010desto koriste\u0107i jedinstveni prefiks ili sufiks. Ovladavanje aspektima je od su\u0161tinskog zna\u010daja za razumevanje suptilnosti beloruskog jezika.<\/p>\n\n\n\n<h3 class=\"wp-block-heading\" id=\"h-adjectives-adverbs-and-other-delights\">Pridjevi, prilozi i drugi u\u017eici<\/h3>\n\n\n\n<p>Bjeloruski pridjevi se sla\u017eu sa imenicama koje mijenjaju u pogledu spola, broja i slu\u010daja. Oni tako\u0111e imaju komparativne i superlativne oblike za izra\u017eavanje razli\u010ditih stepena kvaliteta. Osim toga, mnogi prilozi su izvedeni od prideva jednostavnim dodavanjem sufiksa &#8216;-a&#8217; za mu\u0161ki i &#8216;-y&#8217; za \u017eenski rod.<\/p>\n\n\n\n<p><a href=\"https:\/\/talkpal.ai\/sl\/naucite-se-beloruscine\/\">Beloruski jezik<\/a> tako\u0111e sadr\u017ei fascinantan niz veznika, predloga, brojeva i \u010destica koji vam poma\u017eu da kreirate razra\u0111ene i izra\u017eajne re\u010denice. Uz dovoljno ve\u017ebe, uskoro \u0107ete mo\u0107i da isprepletete svoje re\u010di kao pravi beloruski majstor re\u010di.<\/p>\n\n\n\n<h3 class=\"wp-block-heading\" id=\"h-in-closing-the-magic-of-belarusian-grammar\">Commons ima datoteke na temu: Magija bjeloruske gramatike<\/h3>\n\n\n\n<p>Na prvi pogled, beogradska <a href=\"https:\/\/talkpal.ai\/sq\/gramatika\/\">gramatika<\/a> mo\u017ee izgledati zastra\u0161uju\u0107e. Me\u0111utim, kako dublje zadubite u njegovu bogatu tapiseriju pade\u017ea, aspekata i drugih jezi\u010dkih \u010duda, otkrit \u0107ete jezik pun dubine, nijansi i izra\u017eajnosti. Prihvatanje izazova beloruske gramatike ne samo da \u0107e vam omogu\u0107iti bolje razumevanje slovenske porodice u celini, ve\u0107 \u0107e vam omogu\u0107iti pristup prelepoj i \u017eivahnoj kulturi koja \u010deka va\u0161e istra\u017eivanje.<\/p>\n\n\n\n<p>Sada, naoru\u017ean novootkrivenim razumijevanjem bjeloruske gramatike, za\u0161to ne zaroniti dublje u ovaj fascinantni jezik? Ko zna\u2014mo\u017eda \u0107ete se jednog dana zate\u0107i kako \u0161etate ulicama Minska, bez napora \u0107askaju\u0107i s lokalnim stanovni\u0161tvom na njihovom maternjem jeziku. Sretno u\u010denje!<\/p>\n<\/div><\/div>\n\r\n<section class=\"learnNavigationSection\">\r\n            \r\n        <a href=\"https:\/\/talkpal.ai\/bs\/nauci-bjeloruski\/\">\r\n            <div class=\"learnNavigationWrapper\">\r\n                <div class=\"learnNavigationContent\">\r\n                    <img decoding=\"async\" src=\"https:\/\/talkpal.ai\/wp-content\/uploads\/2024\/08\/Belarusian.jpg\" alt=\"Belarusian Flag\">\r\n                    <div>\r\n                        <h4>O bjeloruskom u\u010denju<\/h4>\r\n                        <p>Saznaj sve o srpskoj gramatici.<\/p>\r\n                    <\/div>\r\n                <\/div>\r\n            <\/div>\r\n        <\/a>\r\n\r\n        \r\n        <a href=\"https:\/\/talkpal.ai\/bs\/beogradske-gramaticke-vezbe\/\">\r\n            <div class=\"learnNavigationWrapper\">\r\n                <div class=\"learnNavigationContent\">\r\n                    <img decoding=\"async\" src=\"https:\/\/talkpal.ai\/wp-content\/uploads\/2024\/08\/Belarusian.jpg\" alt=\"Belarusian Flag\">\r\n                    <div>\r\n                        <h4>Vje\u017eba iz bjeloruske gramatike<\/h4>\r\n                        <p>Praktikuj belorusku gramatiku.<\/p>\r\n                    <\/div>\r\n                <\/div>\r\n            <\/div>\r\n        <\/a>\r\n\r\n        \r\n        <a href=\"https:\/\/talkpal.ai\/vocabulary_language\/belarusian\/\">\r\n            <div class=\"learnNavigationWrapper\">\r\n                <div class=\"learnNavigationContent\">\r\n                    <img decoding=\"async\" src=\"https:\/\/talkpal.ai\/wp-content\/uploads\/2024\/08\/Belarusian.jpg\" alt=\"Belarusian Flag\">\r\n                    <div>\r\n                        <h4>bjeloruski vokabular<\/h4>\r\n                        <p>Pro\u0161irite svoj bjeloruski vokabular.<\/p>\r\n                    <\/div>\r\n                <\/div>\r\n            <\/div>\r\n        <\/a>\r\n\r\n            <\/section>","protected":false},"excerpt":{"rendered":"<p>Bjeloruska gramatika: bli\u017ei pogled na zamr\u0161enosti slovenskog jezika Da li ste vi ambiciozna poliglota sa fascinacijom slovenskim jezicima? Ili ste mo\u017eda samo znati\u017eeljni o gramati\u010dkim zamr\u0161enostima jezika ovog zanimljivog regiona? Ako je tako, ve\u017eite se! U ovom \u010dlanku \u0107emo istra\u017eiti \u010dudesni svijet bjeloruske gramatike, manje poznatog, ali fascinantnog \u010dlana porodice slavenskih jezika. Hajde da zaronimo, [&hellip;]<\/p>\n","protected":false},"author":1,"featured_media":110643,"parent":0,"menu_order":0,"comment_status":"closed","ping_status":"closed","template":"LearningContentPage.php","meta":{"_acf_changed":false,"footnotes":""},"class_list":["post-141105","page","type-page","status-publish","has-post-thumbnail","hentry"],"acf":[],"yoast_head":"<!-- This site is optimized with the Yoast SEO Premium plugin v27.2 (Yoast SEO v27.2) - https:\/\/yoast.com\/product\/yoast-seo-premium-wordpress\/ -->\n<title>bjeloruska gramatika - Talkpal<\/title>\n<meta name=\"description\" content=\"Savladajte bjelorusku gramatiku bez napora uz Talkpal , va\u0161eg jezi\u010dkog tutora pokretanog umjetnom inteligencijom. Dobijte jasna obja\u0161njenja, korisne savjete i interaktivne vje\u017ebe!\" \/>\n<meta name=\"robots\" content=\"index, follow, max-snippet:-1, max-image-preview:large, max-video-preview:-1\" \/>\n<link rel=\"canonical\" href=\"https:\/\/talkpal.ai\/bs\/bjeloruska-gramatika\/\" \/>\n<meta property=\"og:locale\" content=\"bs_BA\" \/>\n<meta property=\"og:type\" content=\"article\" \/>\n<meta property=\"og:title\" content=\"bjeloruska gramatika\" \/>\n<meta property=\"og:description\" content=\"Bjeloruska gramatika: bli\u017ei pogled na zamr\u0161enosti slovenskog jezika Da li ste vi ambiciozna poliglota sa fascinacijom slovenskim jezicima? Ili ste mo\u017eda\" \/>\n<meta property=\"og:url\" content=\"https:\/\/talkpal.ai\/bs\/bjeloruska-gramatika\/\" \/>\n<meta property=\"og:site_name\" content=\"Talkpal\" \/>\n<meta property=\"article:publisher\" content=\"https:\/\/www.facebook.com\/profile.php?id=100090733639311\" \/>\n<meta property=\"article:modified_time\" content=\"2025-05-22T13:50:26+00:00\" \/>\n<meta property=\"og:image\" content=\"https:\/\/talkpal.ai\/wp-content\/uploads\/2023\/05\/belarus.png\" \/>\n\t<meta property=\"og:image:width\" content=\"512\" \/>\n\t<meta property=\"og:image:height\" content=\"512\" \/>\n\t<meta property=\"og:image:type\" content=\"image\/png\" \/>\n<meta name=\"twitter:card\" content=\"summary_large_image\" \/>\n<meta name=\"twitter:site\" content=\"@talkpalai\" \/>\n<meta name=\"twitter:label1\" content=\"Est. reading time\" \/>\n\t<meta name=\"twitter:data1\" content=\"3 minute\" \/>\n<script type=\"application\/ld+json\" class=\"yoast-schema-graph\">{\"@context\":\"https:\/\/schema.org\",\"@graph\":[{\"@type\":\"WebPage\",\"@id\":\"https:\/\/talkpal.ai\/bs\/bjeloruska-gramatika\/\",\"url\":\"https:\/\/talkpal.ai\/bs\/bjeloruska-gramatika\/\",\"name\":\"bjeloruska gramatika - Talkpal\",\"isPartOf\":{\"@id\":\"https:\/\/talkpal.ai\/bs\/#website\"},\"primaryImageOfPage\":{\"@id\":\"https:\/\/talkpal.ai\/bs\/bjeloruska-gramatika\/#primaryimage\"},\"image\":{\"@id\":\"https:\/\/talkpal.ai\/bs\/bjeloruska-gramatika\/#primaryimage\"},\"thumbnailUrl\":\"https:\/\/talkpal.ai\/wp-content\/uploads\/2023\/05\/belarus.png\",\"datePublished\":\"2023-05-14T13:59:42+00:00\",\"dateModified\":\"2025-05-22T13:50:26+00:00\",\"description\":\"Savladajte bjelorusku gramatiku bez napora uz Talkpal , va\u0161eg jezi\u010dkog tutora pokretanog umjetnom inteligencijom. Dobijte jasna obja\u0161njenja, korisne savjete i interaktivne vje\u017ebe!\",\"breadcrumb\":{\"@id\":\"https:\/\/talkpal.ai\/bs\/bjeloruska-gramatika\/#breadcrumb\"},\"inLanguage\":\"bs-BA\",\"potentialAction\":[{\"@type\":\"ReadAction\",\"target\":[\"https:\/\/talkpal.ai\/bs\/bjeloruska-gramatika\/\"]}]},{\"@type\":\"ImageObject\",\"inLanguage\":\"bs-BA\",\"@id\":\"https:\/\/talkpal.ai\/bs\/bjeloruska-gramatika\/#primaryimage\",\"url\":\"https:\/\/talkpal.ai\/wp-content\/uploads\/2023\/05\/belarus.png\",\"contentUrl\":\"https:\/\/talkpal.ai\/wp-content\/uploads\/2023\/05\/belarus.png\",\"width\":512,\"height\":512},{\"@type\":\"BreadcrumbList\",\"@id\":\"https:\/\/talkpal.ai\/bs\/bjeloruska-gramatika\/#breadcrumb\",\"itemListElement\":[{\"@type\":\"ListItem\",\"position\":1,\"name\":\"Homepage\",\"item\":\"https:\/\/talkpal.ai\/bs\/\"},{\"@type\":\"ListItem\",\"position\":2,\"name\":\"bjeloruska gramatika\"}]},{\"@type\":\"WebSite\",\"@id\":\"https:\/\/talkpal.ai\/bs\/#website\",\"url\":\"https:\/\/talkpal.ai\/bs\/\",\"name\":\"Talkpal\",\"description\":\"AI Language Learning\",\"publisher\":{\"@id\":\"https:\/\/talkpal.ai\/bs\/#organization\"},\"alternateName\":\"Talkpal AI\",\"potentialAction\":[{\"@type\":\"SearchAction\",\"target\":{\"@type\":\"EntryPoint\",\"urlTemplate\":\"https:\/\/talkpal.ai\/bs\/?s={search_term_string}\"},\"query-input\":{\"@type\":\"PropertyValueSpecification\",\"valueRequired\":true,\"valueName\":\"search_term_string\"}}],\"inLanguage\":\"bs-BA\"},{\"@type\":\"Organization\",\"@id\":\"https:\/\/talkpal.ai\/bs\/#organization\",\"name\":\"Talkpal, Inc.\",\"alternateName\":\"Talkpal AI\",\"url\":\"https:\/\/talkpal.ai\/bs\/\",\"logo\":{\"@type\":\"ImageObject\",\"inLanguage\":\"bs-BA\",\"@id\":\"https:\/\/talkpal.ai\/bs\/#\/schema\/logo\/image\/\",\"url\":\"https:\/\/talkpal.ai\/wp-content\/uploads\/2024\/03\/Talkpal-Logo-Icon.png\",\"contentUrl\":\"https:\/\/talkpal.ai\/wp-content\/uploads\/2024\/03\/Talkpal-Logo-Icon.png\",\"width\":2880,\"height\":2880,\"caption\":\"Talkpal, Inc.\"},\"image\":{\"@id\":\"https:\/\/talkpal.ai\/bs\/#\/schema\/logo\/image\/\"},\"sameAs\":[\"https:\/\/www.facebook.com\/profile.php?id=100090733639311\",\"https:\/\/x.com\/talkpalai\",\"https:\/\/www.linkedin.com\/company\/talkpal\/\",\"https:\/\/www.youtube.com\/@TalkPal\/\",\"https:\/\/www.tiktok.com\/@talkpal\",\"https:\/\/www.instagram.com\/talkpal_ai\/\",\"https:\/\/www.crunchbase.com\/organization\/talkpal-9cde\",\"https:\/\/www.g2.com\/products\/talkpal-for-business\/\",\"https:\/\/www.trustpilot.com\/review\/talkpal.ai\",\"https:\/\/www.capterra.com\/p\/10006800\/TalkPal\/\"],\"description\":\"Talkpal is a language learning web and mobile education app, powered by the latest AI technologies, that provides engaging experiences to its customers in many different languages to help them improve their language skills. Users can chat about unlimited amount of topics with the app and use other modes to practice their language learning.\",\"email\":\"support@talkpal.ai\",\"legalName\":\"Talkpal, Inc.\",\"foundingDate\":\"2023-04-03\",\"duns\":\"118989042\",\"numberOfEmployees\":{\"@type\":\"QuantitativeValue\",\"minValue\":\"11\",\"maxValue\":\"50\"},\"publishingPrinciples\":\"https:\/\/talkpal.ai\/publishing-principles\/\",\"actionableFeedbackPolicy\":\"https:\/\/talkpal.ai\/actionable-feedback-policy\/\",\"correctionsPolicy\":\"https:\/\/talkpal.ai\/corrections-policy\/\",\"ethicsPolicy\":\"https:\/\/talkpal.ai\/ethics-policy\/\",\"diversityPolicy\":\"https:\/\/talkpal.ai\/diversity-policy\/\",\"diversityStaffingReport\":\"https:\/\/talkpal.ai\/diversity-policy\/\"}]}<\/script>\n<!-- \/ Yoast SEO Premium plugin. -->","yoast_head_json":{"title":"bjeloruska gramatika - Talkpal","description":"Savladajte bjelorusku gramatiku bez napora uz Talkpal , va\u0161eg jezi\u010dkog tutora pokretanog umjetnom inteligencijom. Dobijte jasna obja\u0161njenja, korisne savjete i interaktivne vje\u017ebe!","robots":{"index":"index","follow":"follow","max-snippet":"max-snippet:-1","max-image-preview":"max-image-preview:large","max-video-preview":"max-video-preview:-1"},"canonical":"https:\/\/talkpal.ai\/bs\/bjeloruska-gramatika\/","og_locale":"bs_BA","og_type":"article","og_title":"bjeloruska gramatika","og_description":"Bjeloruska gramatika: bli\u017ei pogled na zamr\u0161enosti slovenskog jezika Da li ste vi ambiciozna poliglota sa fascinacijom slovenskim jezicima? Ili ste mo\u017eda","og_url":"https:\/\/talkpal.ai\/bs\/bjeloruska-gramatika\/","og_site_name":"Talkpal","article_publisher":"https:\/\/www.facebook.com\/profile.php?id=100090733639311","article_modified_time":"2025-05-22T13:50:26+00:00","og_image":[{"width":512,"height":512,"url":"https:\/\/talkpal.ai\/wp-content\/uploads\/2023\/05\/belarus.png","type":"image\/png"}],"twitter_card":"summary_large_image","twitter_site":"@talkpalai","twitter_misc":{"Est. reading time":"3 minute"},"schema":{"@context":"https:\/\/schema.org","@graph":[{"@type":"WebPage","@id":"https:\/\/talkpal.ai\/bs\/bjeloruska-gramatika\/","url":"https:\/\/talkpal.ai\/bs\/bjeloruska-gramatika\/","name":"bjeloruska gramatika - Talkpal","isPartOf":{"@id":"https:\/\/talkpal.ai\/bs\/#website"},"primaryImageOfPage":{"@id":"https:\/\/talkpal.ai\/bs\/bjeloruska-gramatika\/#primaryimage"},"image":{"@id":"https:\/\/talkpal.ai\/bs\/bjeloruska-gramatika\/#primaryimage"},"thumbnailUrl":"https:\/\/talkpal.ai\/wp-content\/uploads\/2023\/05\/belarus.png","datePublished":"2023-05-14T13:59:42+00:00","dateModified":"2025-05-22T13:50:26+00:00","description":"Savladajte bjelorusku gramatiku bez napora uz Talkpal , va\u0161eg jezi\u010dkog tutora pokretanog umjetnom inteligencijom. Dobijte jasna obja\u0161njenja, korisne savjete i interaktivne vje\u017ebe!","breadcrumb":{"@id":"https:\/\/talkpal.ai\/bs\/bjeloruska-gramatika\/#breadcrumb"},"inLanguage":"bs-BA","potentialAction":[{"@type":"ReadAction","target":["https:\/\/talkpal.ai\/bs\/bjeloruska-gramatika\/"]}]},{"@type":"ImageObject","inLanguage":"bs-BA","@id":"https:\/\/talkpal.ai\/bs\/bjeloruska-gramatika\/#primaryimage","url":"https:\/\/talkpal.ai\/wp-content\/uploads\/2023\/05\/belarus.png","contentUrl":"https:\/\/talkpal.ai\/wp-content\/uploads\/2023\/05\/belarus.png","width":512,"height":512},{"@type":"BreadcrumbList","@id":"https:\/\/talkpal.ai\/bs\/bjeloruska-gramatika\/#breadcrumb","itemListElement":[{"@type":"ListItem","position":1,"name":"Homepage","item":"https:\/\/talkpal.ai\/bs\/"},{"@type":"ListItem","position":2,"name":"bjeloruska gramatika"}]},{"@type":"WebSite","@id":"https:\/\/talkpal.ai\/bs\/#website","url":"https:\/\/talkpal.ai\/bs\/","name":"Talkpal","description":"AI Language Learning","publisher":{"@id":"https:\/\/talkpal.ai\/bs\/#organization"},"alternateName":"Talkpal AI","potentialAction":[{"@type":"SearchAction","target":{"@type":"EntryPoint","urlTemplate":"https:\/\/talkpal.ai\/bs\/?s={search_term_string}"},"query-input":{"@type":"PropertyValueSpecification","valueRequired":true,"valueName":"search_term_string"}}],"inLanguage":"bs-BA"},{"@type":"Organization","@id":"https:\/\/talkpal.ai\/bs\/#organization","name":"Talkpal, Inc.","alternateName":"Talkpal AI","url":"https:\/\/talkpal.ai\/bs\/","logo":{"@type":"ImageObject","inLanguage":"bs-BA","@id":"https:\/\/talkpal.ai\/bs\/#\/schema\/logo\/image\/","url":"https:\/\/talkpal.ai\/wp-content\/uploads\/2024\/03\/Talkpal-Logo-Icon.png","contentUrl":"https:\/\/talkpal.ai\/wp-content\/uploads\/2024\/03\/Talkpal-Logo-Icon.png","width":2880,"height":2880,"caption":"Talkpal, Inc."},"image":{"@id":"https:\/\/talkpal.ai\/bs\/#\/schema\/logo\/image\/"},"sameAs":["https:\/\/www.facebook.com\/profile.php?id=100090733639311","https:\/\/x.com\/talkpalai","https:\/\/www.linkedin.com\/company\/talkpal\/","https:\/\/www.youtube.com\/@TalkPal\/","https:\/\/www.tiktok.com\/@talkpal","https:\/\/www.instagram.com\/talkpal_ai\/","https:\/\/www.crunchbase.com\/organization\/talkpal-9cde","https:\/\/www.g2.com\/products\/talkpal-for-business\/","https:\/\/www.trustpilot.com\/review\/talkpal.ai","https:\/\/www.capterra.com\/p\/10006800\/TalkPal\/"],"description":"Talkpal is a language learning web and mobile education app, powered by the latest AI technologies, that provides engaging experiences to its customers in many different languages to help them improve their language skills. Users can chat about unlimited amount of topics with the app and use other modes to practice their language learning.","email":"support@talkpal.ai","legalName":"Talkpal, Inc.","foundingDate":"2023-04-03","duns":"118989042","numberOfEmployees":{"@type":"QuantitativeValue","minValue":"11","maxValue":"50"},"publishingPrinciples":"https:\/\/talkpal.ai\/publishing-principles\/","actionableFeedbackPolicy":"https:\/\/talkpal.ai\/actionable-feedback-policy\/","correctionsPolicy":"https:\/\/talkpal.ai\/corrections-policy\/","ethicsPolicy":"https:\/\/talkpal.ai\/ethics-policy\/","diversityPolicy":"https:\/\/talkpal.ai\/diversity-policy\/","diversityStaffingReport":"https:\/\/talkpal.ai\/diversity-policy\/"}]}},"_links":{"self":[{"href":"https:\/\/talkpal.ai\/bs\/wp-json\/wp\/v2\/pages\/141105","targetHints":{"allow":["GET"]}}],"collection":[{"href":"https:\/\/talkpal.ai\/bs\/wp-json\/wp\/v2\/pages"}],"about":[{"href":"https:\/\/talkpal.ai\/bs\/wp-json\/wp\/v2\/types\/page"}],"author":[{"embeddable":true,"href":"https:\/\/talkpal.ai\/bs\/wp-json\/wp\/v2\/users\/1"}],"replies":[{"embeddable":true,"href":"https:\/\/talkpal.ai\/bs\/wp-json\/wp\/v2\/comments?post=141105"}],"version-history":[{"count":0,"href":"https:\/\/talkpal.ai\/bs\/wp-json\/wp\/v2\/pages\/141105\/revisions"}],"wp:featuredmedia":[{"embeddable":true,"href":"https:\/\/talkpal.ai\/bs\/wp-json\/wp\/v2\/media\/110643"}],"wp:attachment":[{"href":"https:\/\/talkpal.ai\/bs\/wp-json\/wp\/v2\/media?parent=141105"}],"curies":[{"name":"wp","href":"https:\/\/api.w.org\/{rel}","templated":true}]}}