{"id":140783,"date":"2023-05-14T13:59:24","date_gmt":"2023-05-14T13:59:24","guid":{"rendered":"http:\/\/talkpal.ai\/afrikaans-gramatika\/"},"modified":"2025-05-22T19:05:26","modified_gmt":"2025-05-22T19:05:26","slug":"afrikaans-gramatika","status":"publish","type":"page","link":"https:\/\/talkpal.ai\/bs\/afrikaans-gramatika\/","title":{"rendered":"Afrikaans gramatika"},"content":{"rendered":"\r\n\r\n\r\n<section class=\"languageChallengeSection\">\r\n    <div class=\"languageInfoWrapper\">\r\n        \r\n        <h1>Afrikaans gramatika<\/h1>\r\n        <p>Otkrijte jednostavnu ljepotu afrikanskog jezika u\u010de\u0107i njegova osnovna gramati\u010dka pravila. Savladavanje gramatike afrikanskog jezika omogu\u0107it \u0107e vam efikasnu komunikaciju i u\u017eivanje u bogatoj kulturi njegovih govornika. Zapo\u010dnite svoje putovanje u afrikanskoj gramatici ve\u0107 danas i napravite prvi korak ka te\u010dnom govoru!<\/p>\r\n\r\n                            <a class=\"getStartedHidden\" href=\"https:\/\/app.talkpal.ai\/signup?lng=\">Kreni<\/a>\r\n        \r\n    <\/div>\r\n\r\n    <figure>\r\n    <img decoding=\"async\" width=\"768\" height=\"768\" src=\"https:\/\/talkpal.ai\/wp-content\/uploads\/2023\/06\/TalkPal-Afrikaans-768x768.png\" class=\"languageImage no-lazy\" alt=\"Language learning for global awareness\" fetchpriority=\"high\" sizes=\"(max-width: 768px) 150px, 768px\" srcset=\"https:\/\/talkpal.ai\/wp-content\/uploads\/2023\/06\/TalkPal-Afrikaans-768x768.png 768w, https:\/\/talkpal.ai\/wp-content\/uploads\/2023\/06\/TalkPal-Afrikaans-300x300.png 300w\" \/>\r\n    \r\n\r\n    <\/figure>\r\n\r\n            <a class=\"getStartedVisible\" href=\"https:\/\/app.talkpal.ai\/signup?lng=\">Kreni<\/a>\r\n    \r\n<\/section>\r\n<section class=\"promotionalBanner\">\r\n    <p class=\"promotionalText\">Najefikasniji na\u010din za u\u010denje jezika<\/p>\r\n    <a class=\"promotionalLink\" href=\"https:\/\/app.talkpal.ai\/signup?lng=\">Isprobajte Talkpal besplatno<\/a>\r\n<\/section>\n<div class=\"wp-block-group pageContainerStyle\"><div class=\"wp-block-group__inner-container is-layout-constrained wp-block-group-is-layout-constrained\">\n<h2 class=\"wp-block-heading\" id=\"h-mastering-afrikaans-grammar-your-ultimate-guide\">Mastering Afrikaans Grammar: Your Ultimate Guide<\/h2>\n\n\n\n<p><strong>Goeie dag<\/strong>, jezi\u010dki entuzijasti! <a href=\"https:\/\/talkpal.ai\/culture\/what-is-the-difference-between-da-li-and-je-li-in-forming-questions\/\">Da li<\/a> ste spremni da krenete na put u svet afri\u010dke gramatike? Do\u0161li ste na pravo mjesto. Ispunjen lako razumljivim informacijama i konverzacijskim tonom, ovaj \u010dlanak \u0107e vas voditi kroz fascinantno carstvo afri\u010dke gramatike. Uskoro \u0107ete mo\u0107i da konstrui\u0161ete re\u010denice i da vodite smislene razgovore sa izvornim govornicima. Dakle, po\u010dnimo!<\/p>\n\n\n\n<p><strong>Ali prvo, za\u0161to afrikaans gramatika?<\/strong><\/p>\n\n\n\n<p>Ako u\u010dite <a href=\"https:\/\/talkpal.ai\/learn-afrikaans\/\">afrikaans<\/a>, \u010dvrsta osnova u gramatici je klju\u010dna za te\u010dno govor, \u010ditanje i pisanje. Dok se <a href=\"https:\/\/talkpal.ai\/sq\/gramatika\/\">gramatika<\/a> afrikaansa u po\u010detku mo\u017ee \u010diniti slo\u017eenom, relativno je jednostavna kada je razbijete na manje dijelove, kojima je lak\u0161e upravljati. Dakle, zapo\u010dnimo va\u0161e putovanje ka savladavanju gramatike Afrikaansa!<\/p>\n\n\n\n<h3 class=\"wp-block-heading\" id=\"h-1-nouns-gender-and-articles\">1. imenice, spol i \u010dlanci<\/h3>\n\n\n\n<p>Za razliku od mnogih drugih jezika, imenice Afrikaans nemaju spol, \u0161to ih \u010dini lak\u0161im za u\u010denje. Odre\u0111eni \u010dlan &#8220;die&#8221; (the) se koristi za sve imenice, dok su neodre\u0111eni \u010dlanovi &#8220;&#8216;n&#8221; ili &#8220;een&#8221; (a\/an) tako\u0111er rodno neutralni.  <\/p>\n\n\n\n<p>Na primjer:<\/p>\n\n\n\n<p>\u2013 die hond (pas)<\/p>\n\n\n\n<p>\u2013 &#8216;n hond (pas)<\/p>\n\n\n\n<h3 class=\"wp-block-heading\" id=\"h-2-adjectives\">2. pridjevi<\/h3>\n\n\n\n<p>U afrikanskom, pridjevi obi\u010dno prethode imenici koju mijenjaju i sla\u017eu se sa imenicom u broju. Pridjevi nemaju rodni sporazum. Na primjer:<\/p>\n\n\n\n<p>\u2013 &#8216;n groot huis (velika ku\u0107a)<\/p>\n\n\n\n<p>\u2013 twee groot huise (dve velike ku\u0107e)<\/p>\n\n\n\n<p>Neki pridjevi zahtijevaju dodatno &#8220;-e&#8221; kada opisuju imenicu u mno\u017eini:<\/p>\n\n\n\n<p>\u2013 &#8216;n na\u0161 \u010dovjek (stari \u010dovjek)<\/p>\n\n\n\n<p>\u2013 twee ou manne (dva starca)<\/p>\n\n\n\n<h3 class=\"wp-block-heading\" id=\"h-3-verbs-and-tense\">3. glagoli i napetost<\/h3>\n\n\n\n<p>Afrikaans glagoli su relativno jednostavni za u\u010denje jer nisu konjugirani na osnovu teme re\u010denice. Tako\u0111e, Afrikaans ima manje vremena od mnogih drugih jezika. Da bismo vam dali okus afri\u010dkih glagola, razgovarajmo o regularnim glagolima u sada\u0161njem vremenu:<\/p>\n\n\n\n<p>\u2013 Ek <a href=\"https:\/\/talkpal.ai\/locations\/language-courses-in-leer\/\">leer<\/a> (u\u010dim)<\/p>\n\n\n\n<p>\u2013 Jy\/u leer (u\u010di\u0161, neformalno\/formalno)<\/p>\n\n\n\n<p>\u2013 Hy\/sy\/dit leer (on\/ona\/to u\u010di)<\/p>\n\n\n\n<p>\u2013 Ons\/julle leer (mi\/vi svi u\u010dite)<\/p>\n\n\n\n<p>\u2013 Hulle leer (oni u\u010de)<\/p>\n\n\n\n<p>Zapamtite, ovo je samo vrh ledenog brijega! Kako napredujete u u\u010denju, susrest \u0107ete se s raznim drugim vremenima i nekim nepravilnim glagolima.<\/p>\n\n\n\n<h3 class=\"wp-block-heading\" id=\"h-4-pronouns-prepositions-and-more\">4. zamjenice, prijedlozi, i jo\u0161 mnogo toga!<\/h3>\n\n\n\n<p>Afrikaans gramatika obuhvata i druge komponente kao \u0161to su zamjenice (ek, jy, hy, sy, itd.), prijedlozi (in, op, met, itd.), i idiomatski izrazi. Dok budete u\u010dili jezik, mora\u0107ete da savladate svaki od ovih elemenata za dobro zaokru\u017eenu te\u010dnost.<\/p>\n\n\n\n<p>U zaklju\u010dku, savladavanje afrikans gramatike zahteva upornost, praksu i strpljenje. Ali kada shvatite zamr\u0161enost jezika, bi\u0107ete na dobrom putu da razgovarate sa izvornim govornicima, iskusite bogatu kulturu i istoriju sveta afri\u010dkog govornog podru\u010dja i produbite svoju ljubav prema jeziku. Sterkte (sretno)!<\/p>\n<\/div><\/div>\n\r\n<section class=\"learnNavigationSection\">\r\n            \r\n        <a href=\"https:\/\/talkpal.ai\/bs\/nauci-afrikans\/\">\r\n            <div class=\"learnNavigationWrapper\">\r\n                <div class=\"learnNavigationContent\">\r\n                    <img decoding=\"async\" src=\"https:\/\/talkpal.ai\/wp-content\/uploads\/2024\/08\/Afrikaans.jpg\" alt=\"South Africa Flag\">\r\n                    <div>\r\n                        <h4>O u\u010denju afrikaansa<\/h4>\r\n                        <p>Saznaj sve o afrikans gramatici.<\/p>\r\n                    <\/div>\r\n                <\/div>\r\n            <\/div>\r\n        <\/a>\r\n\r\n        \r\n        <a href=\"https:\/\/talkpal.ai\/bs\/afrikans-gramaticke-vezbe\/\">\r\n            <div class=\"learnNavigationWrapper\">\r\n                <div class=\"learnNavigationContent\">\r\n                    <img decoding=\"async\" src=\"https:\/\/talkpal.ai\/wp-content\/uploads\/2024\/08\/Afrikaans.jpg\" alt=\"South Africa Flag\">\r\n                    <div>\r\n                        <h4>Afrikaans gramati\u010dka vje\u017eba<\/h4>\r\n                        <p>Praktikuj afrikans gramatiku.<\/p>\r\n                    <\/div>\r\n                <\/div>\r\n            <\/div>\r\n        <\/a>\r\n\r\n        \r\n        <a href=\"https:\/\/talkpal.ai\/vocabulary_language\/afrikaans\/\">\r\n            <div class=\"learnNavigationWrapper\">\r\n                <div class=\"learnNavigationContent\">\r\n                    <img decoding=\"async\" src=\"https:\/\/talkpal.ai\/wp-content\/uploads\/2024\/08\/Afrikaans.jpg\" alt=\"South Africa Flag\">\r\n                    <div>\r\n                        <h4>Afrikaans Vocabulary<\/h4>\r\n                        <p>Pro\u0161irite svoj afrikaans vokabular.<\/p>\r\n                    <\/div>\r\n                <\/div>\r\n            <\/div>\r\n        <\/a>\r\n\r\n            <\/section>","protected":false},"excerpt":{"rendered":"<p>Mastering Afrikaans Grammar: Your Ultimate Guide Goeie dag, jezi\u010dki entuzijasti! Da li ste spremni da krenete na put u svet afri\u010dke gramatike? Do\u0161li ste na pravo mjesto. Ispunjen lako razumljivim informacijama i konverzacijskim tonom, ovaj \u010dlanak \u0107e vas voditi kroz fascinantno carstvo afri\u010dke gramatike. Uskoro \u0107ete mo\u0107i da konstrui\u0161ete re\u010denice i da vodite smislene razgovore [&hellip;]<\/p>\n","protected":false},"author":1,"featured_media":108903,"parent":0,"menu_order":0,"comment_status":"closed","ping_status":"closed","template":"LearningContentPage.php","meta":{"_acf_changed":false,"footnotes":""},"class_list":["post-140783","page","type-page","status-publish","has-post-thumbnail","hentry"],"acf":[],"yoast_head":"<!-- This site is optimized with the Yoast SEO Premium plugin v27.2 (Yoast SEO v27.2) - https:\/\/yoast.com\/product\/yoast-seo-premium-wordpress\/ -->\n<title>Afrikaans gramatika - Talkpal<\/title>\n<meta name=\"description\" content=\"Istra\u017eite gramatiku afrikanskog jezika uz na\u0161 vodi\u010d prilago\u0111en po\u010detnicima. Savladajte konstrukciju re\u010denica i pobolj\u0161ajte svoje konverzacijske vje\u0161tine.\" \/>\n<meta name=\"robots\" content=\"index, follow, max-snippet:-1, max-image-preview:large, max-video-preview:-1\" \/>\n<link rel=\"canonical\" href=\"https:\/\/talkpal.ai\/bs\/afrikaans-gramatika\/\" \/>\n<meta property=\"og:locale\" content=\"bs_BA\" \/>\n<meta property=\"og:type\" content=\"article\" \/>\n<meta property=\"og:title\" content=\"Afrikaans gramatika\" \/>\n<meta property=\"og:description\" content=\"Mastering Afrikaans Grammar: Your Ultimate Guide Goeie dag, jezi\u010dki entuzijasti! Da li ste spremni da krenete na put u svet afri\u010dke gramatike? Do\u0161li ste\" \/>\n<meta property=\"og:url\" content=\"https:\/\/talkpal.ai\/bs\/afrikaans-gramatika\/\" \/>\n<meta property=\"og:site_name\" content=\"Talkpal\" \/>\n<meta property=\"article:publisher\" content=\"https:\/\/www.facebook.com\/profile.php?id=100090733639311\" \/>\n<meta property=\"article:modified_time\" content=\"2025-05-22T19:05:26+00:00\" \/>\n<meta property=\"og:image\" content=\"https:\/\/talkpal.ai\/wp-content\/uploads\/2023\/05\/south-africa.png\" \/>\n\t<meta property=\"og:image:width\" content=\"512\" \/>\n\t<meta property=\"og:image:height\" content=\"512\" \/>\n\t<meta property=\"og:image:type\" content=\"image\/png\" \/>\n<meta name=\"twitter:card\" content=\"summary_large_image\" \/>\n<meta name=\"twitter:site\" content=\"@talkpalai\" \/>\n<meta name=\"twitter:label1\" content=\"Est. reading time\" \/>\n\t<meta name=\"twitter:data1\" content=\"2 minute\" \/>\n<script type=\"application\/ld+json\" class=\"yoast-schema-graph\">{\"@context\":\"https:\/\/schema.org\",\"@graph\":[{\"@type\":\"WebPage\",\"@id\":\"https:\/\/talkpal.ai\/bs\/afrikaans-gramatika\/\",\"url\":\"https:\/\/talkpal.ai\/bs\/afrikaans-gramatika\/\",\"name\":\"Afrikaans gramatika - Talkpal\",\"isPartOf\":{\"@id\":\"https:\/\/talkpal.ai\/bs\/#website\"},\"primaryImageOfPage\":{\"@id\":\"https:\/\/talkpal.ai\/bs\/afrikaans-gramatika\/#primaryimage\"},\"image\":{\"@id\":\"https:\/\/talkpal.ai\/bs\/afrikaans-gramatika\/#primaryimage\"},\"thumbnailUrl\":\"https:\/\/talkpal.ai\/wp-content\/uploads\/2023\/05\/south-africa.png\",\"datePublished\":\"2023-05-14T13:59:24+00:00\",\"dateModified\":\"2025-05-22T19:05:26+00:00\",\"description\":\"Istra\u017eite gramatiku afrikanskog jezika uz na\u0161 vodi\u010d prilago\u0111en po\u010detnicima. Savladajte konstrukciju re\u010denica i pobolj\u0161ajte svoje konverzacijske vje\u0161tine.\",\"breadcrumb\":{\"@id\":\"https:\/\/talkpal.ai\/bs\/afrikaans-gramatika\/#breadcrumb\"},\"inLanguage\":\"bs-BA\",\"potentialAction\":[{\"@type\":\"ReadAction\",\"target\":[\"https:\/\/talkpal.ai\/bs\/afrikaans-gramatika\/\"]}]},{\"@type\":\"ImageObject\",\"inLanguage\":\"bs-BA\",\"@id\":\"https:\/\/talkpal.ai\/bs\/afrikaans-gramatika\/#primaryimage\",\"url\":\"https:\/\/talkpal.ai\/wp-content\/uploads\/2023\/05\/south-africa.png\",\"contentUrl\":\"https:\/\/talkpal.ai\/wp-content\/uploads\/2023\/05\/south-africa.png\",\"width\":512,\"height\":512},{\"@type\":\"BreadcrumbList\",\"@id\":\"https:\/\/talkpal.ai\/bs\/afrikaans-gramatika\/#breadcrumb\",\"itemListElement\":[{\"@type\":\"ListItem\",\"position\":1,\"name\":\"Homepage\",\"item\":\"https:\/\/talkpal.ai\/bs\/\"},{\"@type\":\"ListItem\",\"position\":2,\"name\":\"Afrikaans gramatika\"}]},{\"@type\":\"WebSite\",\"@id\":\"https:\/\/talkpal.ai\/bs\/#website\",\"url\":\"https:\/\/talkpal.ai\/bs\/\",\"name\":\"Talkpal\",\"description\":\"AI Language Learning\",\"publisher\":{\"@id\":\"https:\/\/talkpal.ai\/bs\/#organization\"},\"alternateName\":\"Talkpal AI\",\"potentialAction\":[{\"@type\":\"SearchAction\",\"target\":{\"@type\":\"EntryPoint\",\"urlTemplate\":\"https:\/\/talkpal.ai\/bs\/?s={search_term_string}\"},\"query-input\":{\"@type\":\"PropertyValueSpecification\",\"valueRequired\":true,\"valueName\":\"search_term_string\"}}],\"inLanguage\":\"bs-BA\"},{\"@type\":\"Organization\",\"@id\":\"https:\/\/talkpal.ai\/bs\/#organization\",\"name\":\"Talkpal, Inc.\",\"alternateName\":\"Talkpal AI\",\"url\":\"https:\/\/talkpal.ai\/bs\/\",\"logo\":{\"@type\":\"ImageObject\",\"inLanguage\":\"bs-BA\",\"@id\":\"https:\/\/talkpal.ai\/bs\/#\/schema\/logo\/image\/\",\"url\":\"https:\/\/talkpal.ai\/wp-content\/uploads\/2024\/03\/Talkpal-Logo-Icon.png\",\"contentUrl\":\"https:\/\/talkpal.ai\/wp-content\/uploads\/2024\/03\/Talkpal-Logo-Icon.png\",\"width\":2880,\"height\":2880,\"caption\":\"Talkpal, Inc.\"},\"image\":{\"@id\":\"https:\/\/talkpal.ai\/bs\/#\/schema\/logo\/image\/\"},\"sameAs\":[\"https:\/\/www.facebook.com\/profile.php?id=100090733639311\",\"https:\/\/x.com\/talkpalai\",\"https:\/\/www.linkedin.com\/company\/talkpal\/\",\"https:\/\/www.youtube.com\/@TalkPal\/\",\"https:\/\/www.tiktok.com\/@talkpal\",\"https:\/\/www.instagram.com\/talkpal_ai\/\",\"https:\/\/www.crunchbase.com\/organization\/talkpal-9cde\",\"https:\/\/www.g2.com\/products\/talkpal-for-business\/\",\"https:\/\/www.trustpilot.com\/review\/talkpal.ai\",\"https:\/\/www.capterra.com\/p\/10006800\/TalkPal\/\"],\"description\":\"Talkpal is a language learning web and mobile education app, powered by the latest AI technologies, that provides engaging experiences to its customers in many different languages to help them improve their language skills. Users can chat about unlimited amount of topics with the app and use other modes to practice their language learning.\",\"email\":\"support@talkpal.ai\",\"legalName\":\"Talkpal, Inc.\",\"foundingDate\":\"2023-04-03\",\"duns\":\"118989042\",\"numberOfEmployees\":{\"@type\":\"QuantitativeValue\",\"minValue\":\"11\",\"maxValue\":\"50\"},\"publishingPrinciples\":\"https:\/\/talkpal.ai\/publishing-principles\/\",\"actionableFeedbackPolicy\":\"https:\/\/talkpal.ai\/actionable-feedback-policy\/\",\"correctionsPolicy\":\"https:\/\/talkpal.ai\/corrections-policy\/\",\"ethicsPolicy\":\"https:\/\/talkpal.ai\/ethics-policy\/\",\"diversityPolicy\":\"https:\/\/talkpal.ai\/diversity-policy\/\",\"diversityStaffingReport\":\"https:\/\/talkpal.ai\/diversity-policy\/\"}]}<\/script>\n<!-- \/ Yoast SEO Premium plugin. -->","yoast_head_json":{"title":"Afrikaans gramatika - Talkpal","description":"Istra\u017eite gramatiku afrikanskog jezika uz na\u0161 vodi\u010d prilago\u0111en po\u010detnicima. Savladajte konstrukciju re\u010denica i pobolj\u0161ajte svoje konverzacijske vje\u0161tine.","robots":{"index":"index","follow":"follow","max-snippet":"max-snippet:-1","max-image-preview":"max-image-preview:large","max-video-preview":"max-video-preview:-1"},"canonical":"https:\/\/talkpal.ai\/bs\/afrikaans-gramatika\/","og_locale":"bs_BA","og_type":"article","og_title":"Afrikaans gramatika","og_description":"Mastering Afrikaans Grammar: Your Ultimate Guide Goeie dag, jezi\u010dki entuzijasti! Da li ste spremni da krenete na put u svet afri\u010dke gramatike? Do\u0161li ste","og_url":"https:\/\/talkpal.ai\/bs\/afrikaans-gramatika\/","og_site_name":"Talkpal","article_publisher":"https:\/\/www.facebook.com\/profile.php?id=100090733639311","article_modified_time":"2025-05-22T19:05:26+00:00","og_image":[{"width":512,"height":512,"url":"https:\/\/talkpal.ai\/wp-content\/uploads\/2023\/05\/south-africa.png","type":"image\/png"}],"twitter_card":"summary_large_image","twitter_site":"@talkpalai","twitter_misc":{"Est. reading time":"2 minute"},"schema":{"@context":"https:\/\/schema.org","@graph":[{"@type":"WebPage","@id":"https:\/\/talkpal.ai\/bs\/afrikaans-gramatika\/","url":"https:\/\/talkpal.ai\/bs\/afrikaans-gramatika\/","name":"Afrikaans gramatika - Talkpal","isPartOf":{"@id":"https:\/\/talkpal.ai\/bs\/#website"},"primaryImageOfPage":{"@id":"https:\/\/talkpal.ai\/bs\/afrikaans-gramatika\/#primaryimage"},"image":{"@id":"https:\/\/talkpal.ai\/bs\/afrikaans-gramatika\/#primaryimage"},"thumbnailUrl":"https:\/\/talkpal.ai\/wp-content\/uploads\/2023\/05\/south-africa.png","datePublished":"2023-05-14T13:59:24+00:00","dateModified":"2025-05-22T19:05:26+00:00","description":"Istra\u017eite gramatiku afrikanskog jezika uz na\u0161 vodi\u010d prilago\u0111en po\u010detnicima. Savladajte konstrukciju re\u010denica i pobolj\u0161ajte svoje konverzacijske vje\u0161tine.","breadcrumb":{"@id":"https:\/\/talkpal.ai\/bs\/afrikaans-gramatika\/#breadcrumb"},"inLanguage":"bs-BA","potentialAction":[{"@type":"ReadAction","target":["https:\/\/talkpal.ai\/bs\/afrikaans-gramatika\/"]}]},{"@type":"ImageObject","inLanguage":"bs-BA","@id":"https:\/\/talkpal.ai\/bs\/afrikaans-gramatika\/#primaryimage","url":"https:\/\/talkpal.ai\/wp-content\/uploads\/2023\/05\/south-africa.png","contentUrl":"https:\/\/talkpal.ai\/wp-content\/uploads\/2023\/05\/south-africa.png","width":512,"height":512},{"@type":"BreadcrumbList","@id":"https:\/\/talkpal.ai\/bs\/afrikaans-gramatika\/#breadcrumb","itemListElement":[{"@type":"ListItem","position":1,"name":"Homepage","item":"https:\/\/talkpal.ai\/bs\/"},{"@type":"ListItem","position":2,"name":"Afrikaans gramatika"}]},{"@type":"WebSite","@id":"https:\/\/talkpal.ai\/bs\/#website","url":"https:\/\/talkpal.ai\/bs\/","name":"Talkpal","description":"AI Language Learning","publisher":{"@id":"https:\/\/talkpal.ai\/bs\/#organization"},"alternateName":"Talkpal AI","potentialAction":[{"@type":"SearchAction","target":{"@type":"EntryPoint","urlTemplate":"https:\/\/talkpal.ai\/bs\/?s={search_term_string}"},"query-input":{"@type":"PropertyValueSpecification","valueRequired":true,"valueName":"search_term_string"}}],"inLanguage":"bs-BA"},{"@type":"Organization","@id":"https:\/\/talkpal.ai\/bs\/#organization","name":"Talkpal, Inc.","alternateName":"Talkpal AI","url":"https:\/\/talkpal.ai\/bs\/","logo":{"@type":"ImageObject","inLanguage":"bs-BA","@id":"https:\/\/talkpal.ai\/bs\/#\/schema\/logo\/image\/","url":"https:\/\/talkpal.ai\/wp-content\/uploads\/2024\/03\/Talkpal-Logo-Icon.png","contentUrl":"https:\/\/talkpal.ai\/wp-content\/uploads\/2024\/03\/Talkpal-Logo-Icon.png","width":2880,"height":2880,"caption":"Talkpal, Inc."},"image":{"@id":"https:\/\/talkpal.ai\/bs\/#\/schema\/logo\/image\/"},"sameAs":["https:\/\/www.facebook.com\/profile.php?id=100090733639311","https:\/\/x.com\/talkpalai","https:\/\/www.linkedin.com\/company\/talkpal\/","https:\/\/www.youtube.com\/@TalkPal\/","https:\/\/www.tiktok.com\/@talkpal","https:\/\/www.instagram.com\/talkpal_ai\/","https:\/\/www.crunchbase.com\/organization\/talkpal-9cde","https:\/\/www.g2.com\/products\/talkpal-for-business\/","https:\/\/www.trustpilot.com\/review\/talkpal.ai","https:\/\/www.capterra.com\/p\/10006800\/TalkPal\/"],"description":"Talkpal is a language learning web and mobile education app, powered by the latest AI technologies, that provides engaging experiences to its customers in many different languages to help them improve their language skills. Users can chat about unlimited amount of topics with the app and use other modes to practice their language learning.","email":"support@talkpal.ai","legalName":"Talkpal, Inc.","foundingDate":"2023-04-03","duns":"118989042","numberOfEmployees":{"@type":"QuantitativeValue","minValue":"11","maxValue":"50"},"publishingPrinciples":"https:\/\/talkpal.ai\/publishing-principles\/","actionableFeedbackPolicy":"https:\/\/talkpal.ai\/actionable-feedback-policy\/","correctionsPolicy":"https:\/\/talkpal.ai\/corrections-policy\/","ethicsPolicy":"https:\/\/talkpal.ai\/ethics-policy\/","diversityPolicy":"https:\/\/talkpal.ai\/diversity-policy\/","diversityStaffingReport":"https:\/\/talkpal.ai\/diversity-policy\/"}]}},"_links":{"self":[{"href":"https:\/\/talkpal.ai\/bs\/wp-json\/wp\/v2\/pages\/140783","targetHints":{"allow":["GET"]}}],"collection":[{"href":"https:\/\/talkpal.ai\/bs\/wp-json\/wp\/v2\/pages"}],"about":[{"href":"https:\/\/talkpal.ai\/bs\/wp-json\/wp\/v2\/types\/page"}],"author":[{"embeddable":true,"href":"https:\/\/talkpal.ai\/bs\/wp-json\/wp\/v2\/users\/1"}],"replies":[{"embeddable":true,"href":"https:\/\/talkpal.ai\/bs\/wp-json\/wp\/v2\/comments?post=140783"}],"version-history":[{"count":0,"href":"https:\/\/talkpal.ai\/bs\/wp-json\/wp\/v2\/pages\/140783\/revisions"}],"wp:featuredmedia":[{"embeddable":true,"href":"https:\/\/talkpal.ai\/bs\/wp-json\/wp\/v2\/media\/108903"}],"wp:attachment":[{"href":"https:\/\/talkpal.ai\/bs\/wp-json\/wp\/v2\/media?parent=140783"}],"curies":[{"name":"wp","href":"https:\/\/api.w.org\/{rel}","templated":true}]}}