{"id":140435,"date":"2023-05-14T13:54:14","date_gmt":"2023-05-14T13:54:14","guid":{"rendered":"http:\/\/talkpal.ai\/armenska-gramatika\/"},"modified":"2025-05-21T10:56:13","modified_gmt":"2025-05-21T10:56:13","slug":"armenska-gramatika","status":"publish","type":"page","link":"https:\/\/talkpal.ai\/bs\/armenska-gramatika\/","title":{"rendered":"Armenska gramatika"},"content":{"rendered":"\r\n\r\n\r\n<section class=\"languageChallengeSection\">\r\n    <div class=\"languageInfoWrapper\">\r\n        \r\n        <h1>Armenska gramatika<\/h1>\r\n        <p>Spremni za istra\u017eivanje novog jezika? <a href=\"https:\/\/talkpal.ai\/armenian-grammar\/\">Armenska gramatika<\/a> je va\u0161a kapija u svijet fascinantnih obrazaca i jedinstvenih tradicija! Dok u\u010dite armensku gramatiku, ne samo da \u0107ete savladati jezik, ve\u0107 \u0107ete se i povezati s dubokim kulturnim naslije\u0111em Armenije. Zaronimo zajedno i u\u017eivajmo u putovanju u Jermenski jezik!<\/p>\r\n\r\n                            <a class=\"getStartedHidden\" href=\"https:\/\/app.talkpal.ai\/signup?lng=\">Kreni<\/a>\r\n        \r\n    <\/div>\r\n\r\n    <figure>\r\n    <img decoding=\"async\" width=\"768\" height=\"768\" src=\"https:\/\/talkpal.ai\/wp-content\/uploads\/2023\/06\/armenian-768x768.png\" class=\"languageImage no-lazy\" alt=\"Language learning for higher cognition\" fetchpriority=\"high\" sizes=\"(max-width: 768px) 150px, 768px\" srcset=\"https:\/\/talkpal.ai\/wp-content\/uploads\/2023\/06\/armenian-768x768.png 768w, https:\/\/talkpal.ai\/wp-content\/uploads\/2023\/06\/armenian-300x300.png 300w\" \/>\r\n    \r\n\r\n    <\/figure>\r\n\r\n            <a class=\"getStartedVisible\" href=\"https:\/\/app.talkpal.ai\/signup?lng=\">Kreni<\/a>\r\n    \r\n<\/section>\r\n<section class=\"promotionalBanner\">\r\n    <p class=\"promotionalText\">Najefikasniji na\u010din za u\u010denje jezika<\/p>\r\n    <a class=\"promotionalLink\" href=\"https:\/\/app.talkpal.ai\/signup?lng=\">Isprobajte Talkpal besplatno<\/a>\r\n<\/section>\n<div class=\"wp-block-group pageContainerStyle\"><div class=\"wp-block-group__inner-container is-layout-constrained wp-block-group-is-layout-constrained\">\n<h2 class=\"wp-block-heading\" id=\"h-discovering-the-richness-of-armenian-grammar\">Otkri\u0107e bogatstva armenske gramatike<\/h2>\n\n\n\n<p>Jermenski, jedinstven i fascinantan jezik, zauzima posebno mesto u indoevropskoj porodici. U\u010denje armenskog ne samo da oboga\u0107uje va\u0161 jezi\u010dki repertoar, ve\u0107 vam omogu\u0107ava i da zaronite u bogatu istoriju i kulturu Jermenije. Iako <a href=\"https:\/\/talkpal.ai\/learn-armenian\/\">armenska<\/a> gramatika na prvi pogled mo\u017ee izgledati zastra\u0161uju\u0107e, njeno razbijanje na njene bitne komponente pojednostavljuje proces. U ovom \u010dlanku \u0107emo vas upoznati sa zadivljuju\u0107im svijetom jermenske gramatike i dati savjete kako da savladate njene zamr\u0161enosti.<\/p>\n\n\n\n<h3 class=\"wp-block-heading\" id=\"h-1-the-armenian-alphabet\">armenska abeceda<\/h3>\n\n\n\n<p><a href=\"https:\/\/talkpal.ai\/learn-armenian\/\">Armenski<\/a> alfabet ima svoju posebnu abecedu, <a href=\"https:\/\/talkpal.ai\/locations\/language-courses-in-koja\/\">koja<\/a> se sastoji od 39 slova, od kojih svako predstavlja specifi\u010dnu fonemu ili kombinaciju fonema. Da biste nau\u010dili jermensku gramatiku, klju\u010dno je da se upoznate sa ovim jedinstvenim sistemom pisanja ve\u017ebaju\u0107i \u010ditanje i pisanje jermenskih tekstova.<\/p>\n\n\n\n<h3 class=\"wp-block-heading\" id=\"h-2-nouns-gender-and-cases\">2. imenice: spol i slu\u010dajevi<\/h3>\n\n\n\n<p>Armenske imenice nemaju gramati\u010dki rod kao mnogi drugi jezici. Me\u0111utim, oni imaju nekoliko slu\u010dajeva, uklju\u010duju\u0107i nominativ, akuzativ, dativ, genitiv, instrumental, ablativ i lokativ. U\u010denje pravila za formiranje ovih slu\u010dajeva omogu\u0107i\u0107e vam da bolje razumete i strukturi\u0161ete jermenske re\u010denice.<\/p>\n\n\n\n<h3 class=\"wp-block-heading\" id=\"h-3-verbs-conjugation-and-tense\">Glagoli: konjugacija i napetost<\/h3>\n\n\n\n<p>Jermenski glagoli su konjugovani u skladu sa njihovim napeto\u0161\u0107u, raspolo\u017eenjem i aspektom. Postoji sedam osnovnih vremena u Jermeniji, uklju\u010duju\u0107i sada\u0161nje, nesavr\u0161ene, savr\u0161ene, aoristi\u010dke, budu\u0107e, pluperfectne i budu\u0107e savr\u0161ene. Redovni glagoli prate specifi\u010dne obrasce konjugacije, \u0161to ih \u010dini relativno lakim za u\u010denje kada shvatite pravila.<\/p>\n\n\n\n<h3 class=\"wp-block-heading\" id=\"h-4-adjectives-agreement-and-placement\">Pridjevi: Sporazum i smje\u0161taj<\/h3>\n\n\n\n<p>U armenskoj gramatici, pridjevi uglavnom dolaze prije imenice koju mijenjaju, i ne moraju se slo\u017eiti u slu\u010daju imenice. Me\u0111utim, pridjevi se mogu odbiti ako se koriste su\u0161tinski (kao imenica) ili im prethode odre\u0111ene demonstrativne i posesivne zamjenice.<\/p>\n\n\n\n<p><strong>Primjeri:<\/strong><\/p>\n\n\n\n<p>\u2013 \u057d\u0578\u0582\u0580\u0562 \u057f\u0561\u0573\u0561\u0580 (surb tachar) \u2013 sveti hram<\/p>\n\n\n\n<p>\u2013 \u0561\u0575\u057d \u0574\u0565\u056e \u057f\u0578\u0582\u0576 (ays <a href=\"https:\/\/talkpal.ai\/locations\/language-courses-in-metz\/\">metz<\/a> tun) \u2013 ova velika ku\u0107a<\/p>\n\n\n\n<h3 class=\"wp-block-heading\" id=\"h-5-evidentiality-in-verbs\">5. evidentnost u glagolima<\/h3>\n\n\n\n<p>Jedan od jedinstvenih aspekata armenske gramatike je upotreba dokaznih glagola. Ova karakteristika pokazuje izvor govornikovog znanja (li\u010dno iskustvo, pri\u010da iz druge ruke ili zaklju\u010dak) o radnji u re\u010denici. Obra\u0107anje pa\u017enje na ove nijanse mo\u017ee vam pomo\u0107i da obezbedite kontekst i jasno\u0107u u svom razgovoru.<\/p>\n\n\n\n<h3 class=\"wp-block-heading\" id=\"h-6-engaging-with-the-language\">b) Povezivanje sa jezikom<\/h3>\n\n\n\n<p>Najefikasniji na\u010din razumevanja i internalizacije jermenske gramatike je redovna interakcija sa jezikom. \u010citaju\u0107i jermensku knji\u017eevnost, gledaju\u0107i filmove ili televizijske serije i aktivno komuniciraju\u0107i sa izvornim govornicima, oja\u010da\u0107ete svoje razumevanje gramatike i istovremeno pro\u0161iriti svoj re\u010dnik.<\/p>\n\n\n\n<h3 class=\"wp-block-heading\" id=\"h-conclusion\">Zaklju\u010dak<\/h3>\n\n\n\n<p>Iako armenska gramatika mo\u017ee izgledati komplikovano, pribli\u017eavanje joj korak po korak i dosledno ve\u017ebanje pomo\u0107i \u0107e vam da postanete ve\u0161ti u ovom prelepom jeziku. Prihvatite izazov dok se upu\u0161tate u svoju avanturu jermenskog jezika i uskoro \u0107ete se na\u0107i u kretanju u nijansama njegove gramatike sa sve ve\u0107im samopouzdanjem. Sre\u0107no studiranje i u\u017eivanje u istra\u017eivanju bogatstva jermenske gramatike!<\/p>\n<\/div><\/div>\n\r\n<section class=\"learnNavigationSection\">\r\n            \r\n        <a href=\"https:\/\/talkpal.ai\/bs\/nauci-armenski\/\">\r\n            <div class=\"learnNavigationWrapper\">\r\n                <div class=\"learnNavigationContent\">\r\n                    <img decoding=\"async\" src=\"https:\/\/talkpal.ai\/wp-content\/uploads\/2024\/08\/Armenian.jpg\" alt=\"Armenian Flag\">\r\n                    <div>\r\n                        <h4>O u\u010denju armenskog<\/h4>\r\n                        <p>Saznaj sve o armenskoj gramatici.<\/p>\r\n                    <\/div>\r\n                <\/div>\r\n            <\/div>\r\n        <\/a>\r\n\r\n        \r\n        <a href=\"https:\/\/talkpal.ai\/bs\/armenske-gramaticke-vezbe\/\">\r\n            <div class=\"learnNavigationWrapper\">\r\n                <div class=\"learnNavigationContent\">\r\n                    <img decoding=\"async\" src=\"https:\/\/talkpal.ai\/wp-content\/uploads\/2024\/08\/Armenian.jpg\" alt=\"Armenian Flag\">\r\n                    <div>\r\n                        <h4>Vje\u017eba iz armenske gramatike<\/h4>\r\n                        <p>Vje\u017ebaj armensku gramatiku.<\/p>\r\n                    <\/div>\r\n                <\/div>\r\n            <\/div>\r\n        <\/a>\r\n\r\n        \r\n        <a href=\"https:\/\/talkpal.ai\/vocabulary_language\/armenian\/\">\r\n            <div class=\"learnNavigationWrapper\">\r\n                <div class=\"learnNavigationContent\">\r\n                    <img decoding=\"async\" src=\"https:\/\/talkpal.ai\/wp-content\/uploads\/2024\/08\/Armenian.jpg\" alt=\"Armenian Flag\">\r\n                    <div>\r\n                        <h4>Jermenski vokabular<\/h4>\r\n                        <p>Pro\u0161irite svoj armenski vokabular.<\/p>\r\n                    <\/div>\r\n                <\/div>\r\n            <\/div>\r\n        <\/a>\r\n\r\n            <\/section>","protected":false},"excerpt":{"rendered":"<p>Otkri\u0107e bogatstva armenske gramatike Jermenski, jedinstven i fascinantan jezik, zauzima posebno mesto u indoevropskoj porodici. U\u010denje armenskog ne samo da oboga\u0107uje va\u0161 jezi\u010dki repertoar, ve\u0107 vam omogu\u0107ava i da zaronite u bogatu istoriju i kulturu Jermenije. Iako armenska gramatika na prvi pogled mo\u017ee izgledati zastra\u0161uju\u0107e, njeno razbijanje na njene bitne komponente pojednostavljuje proces. U ovom [&hellip;]<\/p>\n","protected":false},"author":1,"featured_media":109115,"parent":0,"menu_order":0,"comment_status":"closed","ping_status":"closed","template":"LearningContentPage.php","meta":{"_acf_changed":false,"footnotes":""},"class_list":["post-140435","page","type-page","status-publish","has-post-thumbnail","hentry"],"acf":[],"yoast_head":"<!-- This site is optimized with the Yoast SEO Premium plugin v27.2 (Yoast SEO v27.2) - https:\/\/yoast.com\/product\/yoast-seo-premium-wordpress\/ -->\n<title>Armenska gramatika - Talkpal<\/title>\n<meta name=\"description\" content=\"Otkrijte tajne armenske gramatike i istra\u017eite bogatu kulturu Armenije dok istovremeno savladavate ovaj fascinantni jezik.\" \/>\n<meta name=\"robots\" content=\"index, follow, max-snippet:-1, max-image-preview:large, max-video-preview:-1\" \/>\n<link rel=\"canonical\" href=\"https:\/\/talkpal.ai\/bs\/armenska-gramatika\/\" \/>\n<meta property=\"og:locale\" content=\"bs_BA\" \/>\n<meta property=\"og:type\" content=\"article\" \/>\n<meta property=\"og:title\" content=\"Armenska gramatika\" \/>\n<meta property=\"og:description\" content=\"Otkri\u0107e bogatstva armenske gramatike Jermenski, jedinstven i fascinantan jezik, zauzima posebno mesto u indoevropskoj porodici. U\u010denje armenskog ne samo\" \/>\n<meta property=\"og:url\" content=\"https:\/\/talkpal.ai\/bs\/armenska-gramatika\/\" \/>\n<meta property=\"og:site_name\" content=\"Talkpal\" \/>\n<meta property=\"article:publisher\" content=\"https:\/\/www.facebook.com\/profile.php?id=100090733639311\" \/>\n<meta property=\"article:modified_time\" content=\"2025-05-21T10:56:13+00:00\" \/>\n<meta property=\"og:image\" content=\"https:\/\/talkpal.ai\/wp-content\/uploads\/2023\/05\/armenia.png\" \/>\n\t<meta property=\"og:image:width\" content=\"512\" \/>\n\t<meta property=\"og:image:height\" content=\"512\" \/>\n\t<meta property=\"og:image:type\" content=\"image\/png\" \/>\n<meta name=\"twitter:card\" content=\"summary_large_image\" \/>\n<meta name=\"twitter:site\" content=\"@talkpalai\" \/>\n<meta name=\"twitter:label1\" content=\"Est. reading time\" \/>\n\t<meta name=\"twitter:data1\" content=\"2 minute\" \/>\n<script type=\"application\/ld+json\" class=\"yoast-schema-graph\">{\"@context\":\"https:\/\/schema.org\",\"@graph\":[{\"@type\":\"WebPage\",\"@id\":\"https:\/\/talkpal.ai\/bs\/armenska-gramatika\/\",\"url\":\"https:\/\/talkpal.ai\/bs\/armenska-gramatika\/\",\"name\":\"Armenska gramatika - Talkpal\",\"isPartOf\":{\"@id\":\"https:\/\/talkpal.ai\/bs\/#website\"},\"primaryImageOfPage\":{\"@id\":\"https:\/\/talkpal.ai\/bs\/armenska-gramatika\/#primaryimage\"},\"image\":{\"@id\":\"https:\/\/talkpal.ai\/bs\/armenska-gramatika\/#primaryimage\"},\"thumbnailUrl\":\"https:\/\/talkpal.ai\/wp-content\/uploads\/2023\/05\/armenia.png\",\"datePublished\":\"2023-05-14T13:54:14+00:00\",\"dateModified\":\"2025-05-21T10:56:13+00:00\",\"description\":\"Otkrijte tajne armenske gramatike i istra\u017eite bogatu kulturu Armenije dok istovremeno savladavate ovaj fascinantni jezik.\",\"breadcrumb\":{\"@id\":\"https:\/\/talkpal.ai\/bs\/armenska-gramatika\/#breadcrumb\"},\"inLanguage\":\"bs-BA\",\"potentialAction\":[{\"@type\":\"ReadAction\",\"target\":[\"https:\/\/talkpal.ai\/bs\/armenska-gramatika\/\"]}]},{\"@type\":\"ImageObject\",\"inLanguage\":\"bs-BA\",\"@id\":\"https:\/\/talkpal.ai\/bs\/armenska-gramatika\/#primaryimage\",\"url\":\"https:\/\/talkpal.ai\/wp-content\/uploads\/2023\/05\/armenia.png\",\"contentUrl\":\"https:\/\/talkpal.ai\/wp-content\/uploads\/2023\/05\/armenia.png\",\"width\":512,\"height\":512},{\"@type\":\"BreadcrumbList\",\"@id\":\"https:\/\/talkpal.ai\/bs\/armenska-gramatika\/#breadcrumb\",\"itemListElement\":[{\"@type\":\"ListItem\",\"position\":1,\"name\":\"Homepage\",\"item\":\"https:\/\/talkpal.ai\/bs\/\"},{\"@type\":\"ListItem\",\"position\":2,\"name\":\"Armenska gramatika\"}]},{\"@type\":\"WebSite\",\"@id\":\"https:\/\/talkpal.ai\/bs\/#website\",\"url\":\"https:\/\/talkpal.ai\/bs\/\",\"name\":\"Talkpal\",\"description\":\"AI Language Learning\",\"publisher\":{\"@id\":\"https:\/\/talkpal.ai\/bs\/#organization\"},\"alternateName\":\"Talkpal AI\",\"potentialAction\":[{\"@type\":\"SearchAction\",\"target\":{\"@type\":\"EntryPoint\",\"urlTemplate\":\"https:\/\/talkpal.ai\/bs\/?s={search_term_string}\"},\"query-input\":{\"@type\":\"PropertyValueSpecification\",\"valueRequired\":true,\"valueName\":\"search_term_string\"}}],\"inLanguage\":\"bs-BA\"},{\"@type\":\"Organization\",\"@id\":\"https:\/\/talkpal.ai\/bs\/#organization\",\"name\":\"Talkpal, Inc.\",\"alternateName\":\"Talkpal AI\",\"url\":\"https:\/\/talkpal.ai\/bs\/\",\"logo\":{\"@type\":\"ImageObject\",\"inLanguage\":\"bs-BA\",\"@id\":\"https:\/\/talkpal.ai\/bs\/#\/schema\/logo\/image\/\",\"url\":\"https:\/\/talkpal.ai\/wp-content\/uploads\/2024\/03\/Talkpal-Logo-Icon.png\",\"contentUrl\":\"https:\/\/talkpal.ai\/wp-content\/uploads\/2024\/03\/Talkpal-Logo-Icon.png\",\"width\":2880,\"height\":2880,\"caption\":\"Talkpal, Inc.\"},\"image\":{\"@id\":\"https:\/\/talkpal.ai\/bs\/#\/schema\/logo\/image\/\"},\"sameAs\":[\"https:\/\/www.facebook.com\/profile.php?id=100090733639311\",\"https:\/\/x.com\/talkpalai\",\"https:\/\/www.linkedin.com\/company\/talkpal\/\",\"https:\/\/www.youtube.com\/@TalkPal\/\",\"https:\/\/www.tiktok.com\/@talkpal\",\"https:\/\/www.instagram.com\/talkpal_ai\/\",\"https:\/\/www.crunchbase.com\/organization\/talkpal-9cde\",\"https:\/\/www.g2.com\/products\/talkpal-for-business\/\",\"https:\/\/www.trustpilot.com\/review\/talkpal.ai\",\"https:\/\/www.capterra.com\/p\/10006800\/TalkPal\/\"],\"description\":\"Talkpal is a language learning web and mobile education app, powered by the latest AI technologies, that provides engaging experiences to its customers in many different languages to help them improve their language skills. Users can chat about unlimited amount of topics with the app and use other modes to practice their language learning.\",\"email\":\"support@talkpal.ai\",\"legalName\":\"Talkpal, Inc.\",\"foundingDate\":\"2023-04-03\",\"duns\":\"118989042\",\"numberOfEmployees\":{\"@type\":\"QuantitativeValue\",\"minValue\":\"11\",\"maxValue\":\"50\"},\"publishingPrinciples\":\"https:\/\/talkpal.ai\/publishing-principles\/\",\"actionableFeedbackPolicy\":\"https:\/\/talkpal.ai\/actionable-feedback-policy\/\",\"correctionsPolicy\":\"https:\/\/talkpal.ai\/corrections-policy\/\",\"ethicsPolicy\":\"https:\/\/talkpal.ai\/ethics-policy\/\",\"diversityPolicy\":\"https:\/\/talkpal.ai\/diversity-policy\/\",\"diversityStaffingReport\":\"https:\/\/talkpal.ai\/diversity-policy\/\"}]}<\/script>\n<!-- \/ Yoast SEO Premium plugin. -->","yoast_head_json":{"title":"Armenska gramatika - Talkpal","description":"Otkrijte tajne armenske gramatike i istra\u017eite bogatu kulturu Armenije dok istovremeno savladavate ovaj fascinantni jezik.","robots":{"index":"index","follow":"follow","max-snippet":"max-snippet:-1","max-image-preview":"max-image-preview:large","max-video-preview":"max-video-preview:-1"},"canonical":"https:\/\/talkpal.ai\/bs\/armenska-gramatika\/","og_locale":"bs_BA","og_type":"article","og_title":"Armenska gramatika","og_description":"Otkri\u0107e bogatstva armenske gramatike Jermenski, jedinstven i fascinantan jezik, zauzima posebno mesto u indoevropskoj porodici. U\u010denje armenskog ne samo","og_url":"https:\/\/talkpal.ai\/bs\/armenska-gramatika\/","og_site_name":"Talkpal","article_publisher":"https:\/\/www.facebook.com\/profile.php?id=100090733639311","article_modified_time":"2025-05-21T10:56:13+00:00","og_image":[{"width":512,"height":512,"url":"https:\/\/talkpal.ai\/wp-content\/uploads\/2023\/05\/armenia.png","type":"image\/png"}],"twitter_card":"summary_large_image","twitter_site":"@talkpalai","twitter_misc":{"Est. reading time":"2 minute"},"schema":{"@context":"https:\/\/schema.org","@graph":[{"@type":"WebPage","@id":"https:\/\/talkpal.ai\/bs\/armenska-gramatika\/","url":"https:\/\/talkpal.ai\/bs\/armenska-gramatika\/","name":"Armenska gramatika - Talkpal","isPartOf":{"@id":"https:\/\/talkpal.ai\/bs\/#website"},"primaryImageOfPage":{"@id":"https:\/\/talkpal.ai\/bs\/armenska-gramatika\/#primaryimage"},"image":{"@id":"https:\/\/talkpal.ai\/bs\/armenska-gramatika\/#primaryimage"},"thumbnailUrl":"https:\/\/talkpal.ai\/wp-content\/uploads\/2023\/05\/armenia.png","datePublished":"2023-05-14T13:54:14+00:00","dateModified":"2025-05-21T10:56:13+00:00","description":"Otkrijte tajne armenske gramatike i istra\u017eite bogatu kulturu Armenije dok istovremeno savladavate ovaj fascinantni jezik.","breadcrumb":{"@id":"https:\/\/talkpal.ai\/bs\/armenska-gramatika\/#breadcrumb"},"inLanguage":"bs-BA","potentialAction":[{"@type":"ReadAction","target":["https:\/\/talkpal.ai\/bs\/armenska-gramatika\/"]}]},{"@type":"ImageObject","inLanguage":"bs-BA","@id":"https:\/\/talkpal.ai\/bs\/armenska-gramatika\/#primaryimage","url":"https:\/\/talkpal.ai\/wp-content\/uploads\/2023\/05\/armenia.png","contentUrl":"https:\/\/talkpal.ai\/wp-content\/uploads\/2023\/05\/armenia.png","width":512,"height":512},{"@type":"BreadcrumbList","@id":"https:\/\/talkpal.ai\/bs\/armenska-gramatika\/#breadcrumb","itemListElement":[{"@type":"ListItem","position":1,"name":"Homepage","item":"https:\/\/talkpal.ai\/bs\/"},{"@type":"ListItem","position":2,"name":"Armenska gramatika"}]},{"@type":"WebSite","@id":"https:\/\/talkpal.ai\/bs\/#website","url":"https:\/\/talkpal.ai\/bs\/","name":"Talkpal","description":"AI Language Learning","publisher":{"@id":"https:\/\/talkpal.ai\/bs\/#organization"},"alternateName":"Talkpal AI","potentialAction":[{"@type":"SearchAction","target":{"@type":"EntryPoint","urlTemplate":"https:\/\/talkpal.ai\/bs\/?s={search_term_string}"},"query-input":{"@type":"PropertyValueSpecification","valueRequired":true,"valueName":"search_term_string"}}],"inLanguage":"bs-BA"},{"@type":"Organization","@id":"https:\/\/talkpal.ai\/bs\/#organization","name":"Talkpal, Inc.","alternateName":"Talkpal AI","url":"https:\/\/talkpal.ai\/bs\/","logo":{"@type":"ImageObject","inLanguage":"bs-BA","@id":"https:\/\/talkpal.ai\/bs\/#\/schema\/logo\/image\/","url":"https:\/\/talkpal.ai\/wp-content\/uploads\/2024\/03\/Talkpal-Logo-Icon.png","contentUrl":"https:\/\/talkpal.ai\/wp-content\/uploads\/2024\/03\/Talkpal-Logo-Icon.png","width":2880,"height":2880,"caption":"Talkpal, Inc."},"image":{"@id":"https:\/\/talkpal.ai\/bs\/#\/schema\/logo\/image\/"},"sameAs":["https:\/\/www.facebook.com\/profile.php?id=100090733639311","https:\/\/x.com\/talkpalai","https:\/\/www.linkedin.com\/company\/talkpal\/","https:\/\/www.youtube.com\/@TalkPal\/","https:\/\/www.tiktok.com\/@talkpal","https:\/\/www.instagram.com\/talkpal_ai\/","https:\/\/www.crunchbase.com\/organization\/talkpal-9cde","https:\/\/www.g2.com\/products\/talkpal-for-business\/","https:\/\/www.trustpilot.com\/review\/talkpal.ai","https:\/\/www.capterra.com\/p\/10006800\/TalkPal\/"],"description":"Talkpal is a language learning web and mobile education app, powered by the latest AI technologies, that provides engaging experiences to its customers in many different languages to help them improve their language skills. Users can chat about unlimited amount of topics with the app and use other modes to practice their language learning.","email":"support@talkpal.ai","legalName":"Talkpal, Inc.","foundingDate":"2023-04-03","duns":"118989042","numberOfEmployees":{"@type":"QuantitativeValue","minValue":"11","maxValue":"50"},"publishingPrinciples":"https:\/\/talkpal.ai\/publishing-principles\/","actionableFeedbackPolicy":"https:\/\/talkpal.ai\/actionable-feedback-policy\/","correctionsPolicy":"https:\/\/talkpal.ai\/corrections-policy\/","ethicsPolicy":"https:\/\/talkpal.ai\/ethics-policy\/","diversityPolicy":"https:\/\/talkpal.ai\/diversity-policy\/","diversityStaffingReport":"https:\/\/talkpal.ai\/diversity-policy\/"}]}},"_links":{"self":[{"href":"https:\/\/talkpal.ai\/bs\/wp-json\/wp\/v2\/pages\/140435","targetHints":{"allow":["GET"]}}],"collection":[{"href":"https:\/\/talkpal.ai\/bs\/wp-json\/wp\/v2\/pages"}],"about":[{"href":"https:\/\/talkpal.ai\/bs\/wp-json\/wp\/v2\/types\/page"}],"author":[{"embeddable":true,"href":"https:\/\/talkpal.ai\/bs\/wp-json\/wp\/v2\/users\/1"}],"replies":[{"embeddable":true,"href":"https:\/\/talkpal.ai\/bs\/wp-json\/wp\/v2\/comments?post=140435"}],"version-history":[{"count":0,"href":"https:\/\/talkpal.ai\/bs\/wp-json\/wp\/v2\/pages\/140435\/revisions"}],"wp:featuredmedia":[{"embeddable":true,"href":"https:\/\/talkpal.ai\/bs\/wp-json\/wp\/v2\/media\/109115"}],"wp:attachment":[{"href":"https:\/\/talkpal.ai\/bs\/wp-json\/wp\/v2\/media?parent=140435"}],"curies":[{"name":"wp","href":"https:\/\/api.w.org\/{rel}","templated":true}]}}