{"id":140142,"date":"2023-05-14T13:53:48","date_gmt":"2023-05-14T13:53:48","guid":{"rendered":"http:\/\/talkpal.ai\/azerbejdzanska-gramatika\/"},"modified":"2025-05-22T08:23:00","modified_gmt":"2025-05-22T08:23:00","slug":"azerbejdzanska-gramatika","status":"publish","type":"page","link":"https:\/\/talkpal.ai\/bs\/azerbejdzanska-gramatika\/","title":{"rendered":"Azerbejd\u017eanska gramatika"},"content":{"rendered":"\r\n\r\n\r\n<section class=\"languageChallengeSection\">\r\n    <div class=\"languageInfoWrapper\">\r\n        \r\n        <h1>Azerbejd\u017eanska gramatika<\/h1>\r\n        <p>Spremni da otkrijete ljepotu azerbejd\u017eanskog jezika? Zaronite u azerbejd\u017eansku gramatiku i otkrijte njenu jedinstvenu strukturu, od samoglasni\u010dke harmonije do ekspresivnih glagolskih oblika. Po\u010dnite u\u010diti ve\u0107 danas i iskusite kako vam savladavanje gramatike zaista otvara put ka te\u010dnom razgovoru i dubljem razumijevanju azerbejd\u017eanske kulture!<\/p>\r\n\r\n                            <a class=\"getStartedHidden\" href=\"https:\/\/app.talkpal.ai\/signup?lng=\">Kreni<\/a>\r\n        \r\n    <\/div>\r\n\r\n    <figure>\r\n    <img decoding=\"async\" width=\"768\" height=\"768\" src=\"https:\/\/talkpal.ai\/wp-content\/uploads\/2023\/06\/azerbaijani-768x768.png\" class=\"languageImage no-lazy\" alt=\"Language learning for enhanced cognitive skills\" fetchpriority=\"high\" sizes=\"(max-width: 768px) 150px, 768px\" srcset=\"https:\/\/talkpal.ai\/wp-content\/uploads\/2023\/06\/azerbaijani-768x768.png 768w, https:\/\/talkpal.ai\/wp-content\/uploads\/2023\/06\/azerbaijani-300x300.png 300w\" \/>\r\n    \r\n\r\n    <\/figure>\r\n\r\n            <a class=\"getStartedVisible\" href=\"https:\/\/app.talkpal.ai\/signup?lng=\">Kreni<\/a>\r\n    \r\n<\/section>\r\n<section class=\"promotionalBanner\">\r\n    <p class=\"promotionalText\">Najefikasniji na\u010din za u\u010denje jezika<\/p>\r\n    <a class=\"promotionalLink\" href=\"https:\/\/app.talkpal.ai\/signup?lng=\">Isprobajte Talkpal besplatno<\/a>\r\n<\/section>\n<div class=\"wp-block-group pageContainerStyle\"><div class=\"wp-block-group__inner-container is-layout-constrained wp-block-group-is-layout-constrained\">\n<h2 class=\"wp-block-heading\" id=\"h-a-comprehensive-guide-to-azerbaijani-grammar\">Sveobuhvatni vodi\u010d za azerbejd\u017eansku gramatiku<\/h2>\n\n\n\n<p><a href=\"https:\/\/talkpal.ai\/culture\/what-is-the-difference-between-da-li-and-je-li-in-forming-questions\/\">Da li<\/a> ste ikada razmi\u0161ljali o u\u010denju azerbejd\u017eanskog jezika? Kao zvani\u010dni jezik Azerbejd\u017eana i kojim govore milioni ljudi u regionu Kavkaza, <a href=\"https:\/\/talkpal.ai\/learn-azerbaijani\/\">azerbejd\u017eanski<\/a> je jedinstven i fascinantan jezik. Sa bogatom istorijom, raznolikom kulturom i me\u0161avinom uticaja iz turskog, ruskog i persijskog jezika, azerbejd\u017eanski pru\u017ea jedinstveno jezi\u010dko iskustvo. Ali ne boj se, prijatelju! U ovom \u010dlanku \u0107emo otkriti \u010duda azerbejd\u017eanske gramatike, \u010dine\u0107i je dostupnom, i usu\u0111ujem se re\u0107i, ugodna za jezi\u010dke entuzijaste poput vas.<\/p>\n\n\n\n<p><strong>Po\u010dnimo, ho\u0107emo li?<\/strong><\/p>\n\n\n\n<h3 class=\"wp-block-heading\" id=\"h-1-the-azerbaijani-alphabet-a-fusion-of-beauty-and-simplicity\">Azerbejd\u017eanska abeceda: spoj ljepote i jednostavnosti<\/h3>\n\n\n\n<p>Azerbejd\u017eanska abeceda je bazirana na latinici, <a href=\"https:\/\/talkpal.ai\/locations\/language-courses-in-koja\/\">koja<\/a> se sastoji od 32 slova. Ne brinite, ne\u0107ete morati da de\u0161ifrujete zagonetne znakove, jer veoma podse\u0107a na englesku abecedu. Neka slova, me\u0111utim, imaju jedinstvene akcente i dijakriti\u010dke oznake koje predstavljaju specifi\u010dne azerbejd\u017eanske zvukove. \u0160ta je klju\u010dno? Savladavanje abecede je prvi mali, ali su\u0161tinski korak u u\u010denju jezika.<\/p>\n\n\n\n<h3 class=\"wp-block-heading\" id=\"h-2-word-order-simple-as-s-o-v\">Redoslijed rije\u010di: jednostavan kao S-O-V!<\/h3>\n\n\n\n<p>Za razliku od engleskog, koji slijedi redoslijed rije\u010di subjekt-glagol-objekt (SVO), azerbejd\u017eanski je SOV jezik. To zna\u010di da \u0107ete obi\u010dno na\u0107i subjekat na po\u010detku re\u010denice, zatim objekt, a zavr\u0161ava glagolom. Ovo bi u po\u010detku moglo izgledati malo \u010dudno, ali vjerujte mi, brzo \u0107ete se sna\u0107i! Na primjer, na engleskom ka\u017eemo \u201cVolim Azerbejd\u017ean\u201d. Na azerbejd\u017eanskom, re\u010denica bi bila \u201cM\u0259n Az\u0259rbaycan\u0131 sevir\u0259m\u201d (bukvalno, \u201cVolim Azerbejd\u017ean\u201d). Ma\u010dji ka\u0161alj, <a href=\"https:\/\/talkpal.ai\/culture\/how-do-you-use-the-phrase-zar-ne-at-the-end-of-a-sentence\/\">zar ne<\/a>?<\/p>\n\n\n\n<h3 class=\"wp-block-heading\" id=\"h-3-noun-cases-a-colorful-display-of-linguistic-variety\">3. noun cases: a colorful display of linguistic variety<\/h3>\n\n\n\n<p>Jedna od najupe\u010datljivijih karakteristika azerbejd\u017eanske gramatike su njeni imenici. Jezik se mo\u017ee pohvaliti sa \u0161est razli\u010ditih slu\u010dajeva, od kojih svaki slu\u017ei odre\u0111enoj funkciji. To su: nominativ, genitiv, dativ, akuzativ, lokativ i ablativ. To mo\u017ee zvu\u010dati zastra\u0161uju\u0107e, ali ne boj se! Ba\u0161 kao i slikanje slike razli\u010ditim bojama, ovi slu\u010dajevi dodaju dubinu i zna\u010denje va\u0161im re\u010denicama. Na primjer, &#8220;kitab&#8221; (knjiga) se mo\u017ee transformirati u &#8220;kitab\u0131n&#8221; (knjige) kako bi se prenijelo posjedovanje. Kako se postepeno budete upoznavali sa ovim pade\u017eima, po\u010de\u0107ete da cenite njihov zna\u010daj u jeziku.<\/p>\n\n\n\n<h3 class=\"wp-block-heading\" id=\"h-4-verb-conjugation-express-yourself-with-ease\">4. glagol konjugacija: izrazite se s lako\u0107om<\/h3>\n\n\n\n<p>Azerbejd\u017eanski glagoli su bogati i izra\u017eajni, \u0161to vam omogu\u0107ava da prenesete \u0161irok spektar akcija, emocija, namera i jo\u0161 mnogo toga. Klju\u010d za savladavanje konjugacije azerbejd\u017eanskog glagola le\u017ei u razumijevanju infinitivnog oblika (osnovnog, nekonjugiranog oblika glagola) i razli\u010ditih sufiksa koji ukazuju na napetost, osobu i broj. Na primjer, infinitiv \u201cg\u00f6rm\u0259k\u201d (vidjeti) mo\u017ee postati \u201cg\u00f6r\u00fcr\u0259m\u201d (vidim) ili \u201cg\u00f6rd\u00fcm\u201d (vidio sam) kroz magiju konjugacije. Vje\u017eba je savr\u0161ena, stoga nastavite s tim i brzo \u0107ete postati \u010darobnjak za konjugaciju glagola!<\/p>\n\n\n\n<h3 class=\"wp-block-heading\" id=\"h-5-it-s-all-about-the-context-dig-deep-into-the-azerbaijani-mindset\">5. Sve je u kontekstu: Kopajte duboko u azerbejd\u017eanski na\u010din razmi\u0161ljanja!<\/h3>\n\n\n\n<p>Kada po\u010dnete da sastavljate re\u010denice i uronite u azerbejd\u017eanski jezik, uvek imajte na umu da je kontekst klju\u010dan. Azerbejd\u017eanska kultura, istorija i pogled na svet igraju veliku ulogu u oblikovanju jezika. Stoga, kako ka\u017eu, \u201ekad si u Rimu, radi kao Rimljani\u201c. Zaronite u azerbejd\u017eanski mentalni sklop da biste stekli pravi smisao za jezik. Uklju\u010dite se sa izvornim govornicima, istra\u017eite lokalnu knji\u017eevnost i prihvatite idiosinkrazije jezika. Vjerujte mi, ne samo da \u0107ete pobolj\u0161ati svoje znanje jezika, ve\u0107 \u0107ete ste\u0107i i nezaboravna iskustva i uspomene.<\/p>\n\n\n\n<p>U zaklju\u010dku, azerbejd\u017eanska <a href=\"https:\/\/talkpal.ai\/sq\/gramatika\/\">gramatika<\/a> mo\u017ee izgledati kao izazovna u po\u010detku, ali uz posve\u0107enost, praksu i veliko interesovanje za kulturu, brzo \u0107ete postati profesionalac! Pa, za\u0161to \u010dekati? Zaronite i krenite u ovu uzbudljivu jezi\u010dku avanturu koja \u0107e vas ostaviti u strahopo\u0161tovanju prema ljepoti i dubini azerbejd\u017eanskog jezika.<\/p>\n<\/div><\/div>\n\r\n<section class=\"learnNavigationSection\">\r\n            \r\n        <a href=\"https:\/\/talkpal.ai\/bs\/nauci-azerbejdzanski\/\">\r\n            <div class=\"learnNavigationWrapper\">\r\n                <div class=\"learnNavigationContent\">\r\n                    <img decoding=\"async\" src=\"https:\/\/talkpal.ai\/wp-content\/uploads\/2024\/08\/Azerbaijani.jpg\" alt=\"Azerbaijani Flag\">\r\n                    <div>\r\n                        <h4>O u\u010denju azerbejd\u017eanskog<\/h4>\r\n                        <p>Saznajte sve o azerbejd\u017eanskoj gramatici.<\/p>\r\n                    <\/div>\r\n                <\/div>\r\n            <\/div>\r\n        <\/a>\r\n\r\n        \r\n        <a href=\"https:\/\/talkpal.ai\/bs\/azerbejdzanske-gramaticke-vjezbe\/\">\r\n            <div class=\"learnNavigationWrapper\">\r\n                <div class=\"learnNavigationContent\">\r\n                    <img decoding=\"async\" src=\"https:\/\/talkpal.ai\/wp-content\/uploads\/2024\/08\/Azerbaijani.jpg\" alt=\"Azerbaijani Flag\">\r\n                    <div>\r\n                        <h4>Azerbejd\u017eanska gramati\u010dka vje\u017eba<\/h4>\r\n                        <p>Vje\u017ebaj azerbejd\u017eansku gramatiku.<\/p>\r\n                    <\/div>\r\n                <\/div>\r\n            <\/div>\r\n        <\/a>\r\n\r\n        \r\n        <a href=\"https:\/\/talkpal.ai\/vocabulary_language\/azerbaijani\/\">\r\n            <div class=\"learnNavigationWrapper\">\r\n                <div class=\"learnNavigationContent\">\r\n                    <img decoding=\"async\" src=\"https:\/\/talkpal.ai\/wp-content\/uploads\/2024\/08\/Azerbaijani.jpg\" alt=\"Azerbaijani Flag\">\r\n                    <div>\r\n                        <h4>Azerbejd\u017eanski vokabular<\/h4>\r\n                        <p>Pro\u0161irite svoj azerbejd\u017eanski vokabular.<\/p>\r\n                    <\/div>\r\n                <\/div>\r\n            <\/div>\r\n        <\/a>\r\n\r\n            <\/section>","protected":false},"excerpt":{"rendered":"<p>Sveobuhvatni vodi\u010d za azerbejd\u017eansku gramatiku Da li ste ikada razmi\u0161ljali o u\u010denju azerbejd\u017eanskog jezika? Kao zvani\u010dni jezik Azerbejd\u017eana i kojim govore milioni ljudi u regionu Kavkaza, azerbejd\u017eanski je jedinstven i fascinantan jezik. Sa bogatom istorijom, raznolikom kulturom i me\u0161avinom uticaja iz turskog, ruskog i persijskog jezika, azerbejd\u017eanski pru\u017ea jedinstveno jezi\u010dko iskustvo. Ali ne boj se, [&hellip;]<\/p>\n","protected":false},"author":1,"featured_media":109399,"parent":0,"menu_order":0,"comment_status":"closed","ping_status":"closed","template":"LearningContentPage.php","meta":{"_acf_changed":false,"footnotes":""},"class_list":["post-140142","page","type-page","status-publish","has-post-thumbnail","hentry"],"acf":[],"yoast_head":"<!-- This site is optimized with the Yoast SEO Premium plugin v27.2 (Yoast SEO v27.2) - https:\/\/yoast.com\/product\/yoast-seo-premium-wordpress\/ -->\n<title>Azerbejd\u017eanska gramatika - Talkpal<\/title>\n<meta name=\"description\" content=\"Savladajte azerbejd\u017eansku gramatiku bez napora uz Talkpal , va\u0161eg tutora pokretanog umjetnom inteligencijom. Otkrijte jednostavna obja\u0161njenja, interaktivne vje\u017ebe i prakti\u010dne savjete\" \/>\n<meta name=\"robots\" content=\"index, follow, max-snippet:-1, max-image-preview:large, max-video-preview:-1\" \/>\n<link rel=\"canonical\" href=\"https:\/\/talkpal.ai\/bs\/azerbejdzanska-gramatika\/\" \/>\n<meta property=\"og:locale\" content=\"bs_BA\" \/>\n<meta property=\"og:type\" content=\"article\" \/>\n<meta property=\"og:title\" content=\"Azerbejd\u017eanska gramatika\" \/>\n<meta property=\"og:description\" content=\"Sveobuhvatni vodi\u010d za azerbejd\u017eansku gramatiku Da li ste ikada razmi\u0161ljali o u\u010denju azerbejd\u017eanskog jezika? Kao zvani\u010dni jezik Azerbejd\u017eana i kojim govore\" \/>\n<meta property=\"og:url\" content=\"https:\/\/talkpal.ai\/bs\/azerbejdzanska-gramatika\/\" \/>\n<meta property=\"og:site_name\" content=\"Talkpal\" \/>\n<meta property=\"article:publisher\" content=\"https:\/\/www.facebook.com\/profile.php?id=100090733639311\" \/>\n<meta property=\"article:modified_time\" content=\"2025-05-22T08:23:00+00:00\" \/>\n<meta property=\"og:image\" content=\"https:\/\/talkpal.ai\/wp-content\/uploads\/2023\/05\/azerbaijan.png\" \/>\n\t<meta property=\"og:image:width\" content=\"512\" \/>\n\t<meta property=\"og:image:height\" content=\"512\" \/>\n\t<meta property=\"og:image:type\" content=\"image\/png\" \/>\n<meta name=\"twitter:card\" content=\"summary_large_image\" \/>\n<meta name=\"twitter:site\" content=\"@talkpalai\" \/>\n<meta name=\"twitter:label1\" content=\"Est. reading time\" \/>\n\t<meta name=\"twitter:data1\" content=\"3 minute\" \/>\n<script type=\"application\/ld+json\" class=\"yoast-schema-graph\">{\"@context\":\"https:\/\/schema.org\",\"@graph\":[{\"@type\":\"WebPage\",\"@id\":\"https:\/\/talkpal.ai\/bs\/azerbejdzanska-gramatika\/\",\"url\":\"https:\/\/talkpal.ai\/bs\/azerbejdzanska-gramatika\/\",\"name\":\"Azerbejd\u017eanska gramatika - Talkpal\",\"isPartOf\":{\"@id\":\"https:\/\/talkpal.ai\/bs\/#website\"},\"primaryImageOfPage\":{\"@id\":\"https:\/\/talkpal.ai\/bs\/azerbejdzanska-gramatika\/#primaryimage\"},\"image\":{\"@id\":\"https:\/\/talkpal.ai\/bs\/azerbejdzanska-gramatika\/#primaryimage\"},\"thumbnailUrl\":\"https:\/\/talkpal.ai\/wp-content\/uploads\/2023\/05\/azerbaijan.png\",\"datePublished\":\"2023-05-14T13:53:48+00:00\",\"dateModified\":\"2025-05-22T08:23:00+00:00\",\"description\":\"Savladajte azerbejd\u017eansku gramatiku bez napora uz Talkpal , va\u0161eg tutora pokretanog umjetnom inteligencijom. Otkrijte jednostavna obja\u0161njenja, interaktivne vje\u017ebe i prakti\u010dne savjete\",\"breadcrumb\":{\"@id\":\"https:\/\/talkpal.ai\/bs\/azerbejdzanska-gramatika\/#breadcrumb\"},\"inLanguage\":\"bs-BA\",\"potentialAction\":[{\"@type\":\"ReadAction\",\"target\":[\"https:\/\/talkpal.ai\/bs\/azerbejdzanska-gramatika\/\"]}]},{\"@type\":\"ImageObject\",\"inLanguage\":\"bs-BA\",\"@id\":\"https:\/\/talkpal.ai\/bs\/azerbejdzanska-gramatika\/#primaryimage\",\"url\":\"https:\/\/talkpal.ai\/wp-content\/uploads\/2023\/05\/azerbaijan.png\",\"contentUrl\":\"https:\/\/talkpal.ai\/wp-content\/uploads\/2023\/05\/azerbaijan.png\",\"width\":512,\"height\":512},{\"@type\":\"BreadcrumbList\",\"@id\":\"https:\/\/talkpal.ai\/bs\/azerbejdzanska-gramatika\/#breadcrumb\",\"itemListElement\":[{\"@type\":\"ListItem\",\"position\":1,\"name\":\"Homepage\",\"item\":\"https:\/\/talkpal.ai\/bs\/\"},{\"@type\":\"ListItem\",\"position\":2,\"name\":\"Azerbejd\u017eanska gramatika\"}]},{\"@type\":\"WebSite\",\"@id\":\"https:\/\/talkpal.ai\/bs\/#website\",\"url\":\"https:\/\/talkpal.ai\/bs\/\",\"name\":\"Talkpal\",\"description\":\"AI Language Learning\",\"publisher\":{\"@id\":\"https:\/\/talkpal.ai\/bs\/#organization\"},\"alternateName\":\"Talkpal AI\",\"potentialAction\":[{\"@type\":\"SearchAction\",\"target\":{\"@type\":\"EntryPoint\",\"urlTemplate\":\"https:\/\/talkpal.ai\/bs\/?s={search_term_string}\"},\"query-input\":{\"@type\":\"PropertyValueSpecification\",\"valueRequired\":true,\"valueName\":\"search_term_string\"}}],\"inLanguage\":\"bs-BA\"},{\"@type\":\"Organization\",\"@id\":\"https:\/\/talkpal.ai\/bs\/#organization\",\"name\":\"Talkpal, Inc.\",\"alternateName\":\"Talkpal AI\",\"url\":\"https:\/\/talkpal.ai\/bs\/\",\"logo\":{\"@type\":\"ImageObject\",\"inLanguage\":\"bs-BA\",\"@id\":\"https:\/\/talkpal.ai\/bs\/#\/schema\/logo\/image\/\",\"url\":\"https:\/\/talkpal.ai\/wp-content\/uploads\/2024\/03\/Talkpal-Logo-Icon.png\",\"contentUrl\":\"https:\/\/talkpal.ai\/wp-content\/uploads\/2024\/03\/Talkpal-Logo-Icon.png\",\"width\":2880,\"height\":2880,\"caption\":\"Talkpal, Inc.\"},\"image\":{\"@id\":\"https:\/\/talkpal.ai\/bs\/#\/schema\/logo\/image\/\"},\"sameAs\":[\"https:\/\/www.facebook.com\/profile.php?id=100090733639311\",\"https:\/\/x.com\/talkpalai\",\"https:\/\/www.linkedin.com\/company\/talkpal\/\",\"https:\/\/www.youtube.com\/@TalkPal\/\",\"https:\/\/www.tiktok.com\/@talkpal\",\"https:\/\/www.instagram.com\/talkpal_ai\/\",\"https:\/\/www.crunchbase.com\/organization\/talkpal-9cde\",\"https:\/\/www.g2.com\/products\/talkpal-for-business\/\",\"https:\/\/www.trustpilot.com\/review\/talkpal.ai\",\"https:\/\/www.capterra.com\/p\/10006800\/TalkPal\/\"],\"description\":\"Talkpal is a language learning web and mobile education app, powered by the latest AI technologies, that provides engaging experiences to its customers in many different languages to help them improve their language skills. Users can chat about unlimited amount of topics with the app and use other modes to practice their language learning.\",\"email\":\"support@talkpal.ai\",\"legalName\":\"Talkpal, Inc.\",\"foundingDate\":\"2023-04-03\",\"duns\":\"118989042\",\"numberOfEmployees\":{\"@type\":\"QuantitativeValue\",\"minValue\":\"11\",\"maxValue\":\"50\"},\"publishingPrinciples\":\"https:\/\/talkpal.ai\/publishing-principles\/\",\"actionableFeedbackPolicy\":\"https:\/\/talkpal.ai\/actionable-feedback-policy\/\",\"correctionsPolicy\":\"https:\/\/talkpal.ai\/corrections-policy\/\",\"ethicsPolicy\":\"https:\/\/talkpal.ai\/ethics-policy\/\",\"diversityPolicy\":\"https:\/\/talkpal.ai\/diversity-policy\/\",\"diversityStaffingReport\":\"https:\/\/talkpal.ai\/diversity-policy\/\"}]}<\/script>\n<!-- \/ Yoast SEO Premium plugin. -->","yoast_head_json":{"title":"Azerbejd\u017eanska gramatika - Talkpal","description":"Savladajte azerbejd\u017eansku gramatiku bez napora uz Talkpal , va\u0161eg tutora pokretanog umjetnom inteligencijom. Otkrijte jednostavna obja\u0161njenja, interaktivne vje\u017ebe i prakti\u010dne savjete","robots":{"index":"index","follow":"follow","max-snippet":"max-snippet:-1","max-image-preview":"max-image-preview:large","max-video-preview":"max-video-preview:-1"},"canonical":"https:\/\/talkpal.ai\/bs\/azerbejdzanska-gramatika\/","og_locale":"bs_BA","og_type":"article","og_title":"Azerbejd\u017eanska gramatika","og_description":"Sveobuhvatni vodi\u010d za azerbejd\u017eansku gramatiku Da li ste ikada razmi\u0161ljali o u\u010denju azerbejd\u017eanskog jezika? Kao zvani\u010dni jezik Azerbejd\u017eana i kojim govore","og_url":"https:\/\/talkpal.ai\/bs\/azerbejdzanska-gramatika\/","og_site_name":"Talkpal","article_publisher":"https:\/\/www.facebook.com\/profile.php?id=100090733639311","article_modified_time":"2025-05-22T08:23:00+00:00","og_image":[{"width":512,"height":512,"url":"https:\/\/talkpal.ai\/wp-content\/uploads\/2023\/05\/azerbaijan.png","type":"image\/png"}],"twitter_card":"summary_large_image","twitter_site":"@talkpalai","twitter_misc":{"Est. reading time":"3 minute"},"schema":{"@context":"https:\/\/schema.org","@graph":[{"@type":"WebPage","@id":"https:\/\/talkpal.ai\/bs\/azerbejdzanska-gramatika\/","url":"https:\/\/talkpal.ai\/bs\/azerbejdzanska-gramatika\/","name":"Azerbejd\u017eanska gramatika - Talkpal","isPartOf":{"@id":"https:\/\/talkpal.ai\/bs\/#website"},"primaryImageOfPage":{"@id":"https:\/\/talkpal.ai\/bs\/azerbejdzanska-gramatika\/#primaryimage"},"image":{"@id":"https:\/\/talkpal.ai\/bs\/azerbejdzanska-gramatika\/#primaryimage"},"thumbnailUrl":"https:\/\/talkpal.ai\/wp-content\/uploads\/2023\/05\/azerbaijan.png","datePublished":"2023-05-14T13:53:48+00:00","dateModified":"2025-05-22T08:23:00+00:00","description":"Savladajte azerbejd\u017eansku gramatiku bez napora uz Talkpal , va\u0161eg tutora pokretanog umjetnom inteligencijom. Otkrijte jednostavna obja\u0161njenja, interaktivne vje\u017ebe i prakti\u010dne savjete","breadcrumb":{"@id":"https:\/\/talkpal.ai\/bs\/azerbejdzanska-gramatika\/#breadcrumb"},"inLanguage":"bs-BA","potentialAction":[{"@type":"ReadAction","target":["https:\/\/talkpal.ai\/bs\/azerbejdzanska-gramatika\/"]}]},{"@type":"ImageObject","inLanguage":"bs-BA","@id":"https:\/\/talkpal.ai\/bs\/azerbejdzanska-gramatika\/#primaryimage","url":"https:\/\/talkpal.ai\/wp-content\/uploads\/2023\/05\/azerbaijan.png","contentUrl":"https:\/\/talkpal.ai\/wp-content\/uploads\/2023\/05\/azerbaijan.png","width":512,"height":512},{"@type":"BreadcrumbList","@id":"https:\/\/talkpal.ai\/bs\/azerbejdzanska-gramatika\/#breadcrumb","itemListElement":[{"@type":"ListItem","position":1,"name":"Homepage","item":"https:\/\/talkpal.ai\/bs\/"},{"@type":"ListItem","position":2,"name":"Azerbejd\u017eanska gramatika"}]},{"@type":"WebSite","@id":"https:\/\/talkpal.ai\/bs\/#website","url":"https:\/\/talkpal.ai\/bs\/","name":"Talkpal","description":"AI Language Learning","publisher":{"@id":"https:\/\/talkpal.ai\/bs\/#organization"},"alternateName":"Talkpal AI","potentialAction":[{"@type":"SearchAction","target":{"@type":"EntryPoint","urlTemplate":"https:\/\/talkpal.ai\/bs\/?s={search_term_string}"},"query-input":{"@type":"PropertyValueSpecification","valueRequired":true,"valueName":"search_term_string"}}],"inLanguage":"bs-BA"},{"@type":"Organization","@id":"https:\/\/talkpal.ai\/bs\/#organization","name":"Talkpal, Inc.","alternateName":"Talkpal AI","url":"https:\/\/talkpal.ai\/bs\/","logo":{"@type":"ImageObject","inLanguage":"bs-BA","@id":"https:\/\/talkpal.ai\/bs\/#\/schema\/logo\/image\/","url":"https:\/\/talkpal.ai\/wp-content\/uploads\/2024\/03\/Talkpal-Logo-Icon.png","contentUrl":"https:\/\/talkpal.ai\/wp-content\/uploads\/2024\/03\/Talkpal-Logo-Icon.png","width":2880,"height":2880,"caption":"Talkpal, Inc."},"image":{"@id":"https:\/\/talkpal.ai\/bs\/#\/schema\/logo\/image\/"},"sameAs":["https:\/\/www.facebook.com\/profile.php?id=100090733639311","https:\/\/x.com\/talkpalai","https:\/\/www.linkedin.com\/company\/talkpal\/","https:\/\/www.youtube.com\/@TalkPal\/","https:\/\/www.tiktok.com\/@talkpal","https:\/\/www.instagram.com\/talkpal_ai\/","https:\/\/www.crunchbase.com\/organization\/talkpal-9cde","https:\/\/www.g2.com\/products\/talkpal-for-business\/","https:\/\/www.trustpilot.com\/review\/talkpal.ai","https:\/\/www.capterra.com\/p\/10006800\/TalkPal\/"],"description":"Talkpal is a language learning web and mobile education app, powered by the latest AI technologies, that provides engaging experiences to its customers in many different languages to help them improve their language skills. Users can chat about unlimited amount of topics with the app and use other modes to practice their language learning.","email":"support@talkpal.ai","legalName":"Talkpal, Inc.","foundingDate":"2023-04-03","duns":"118989042","numberOfEmployees":{"@type":"QuantitativeValue","minValue":"11","maxValue":"50"},"publishingPrinciples":"https:\/\/talkpal.ai\/publishing-principles\/","actionableFeedbackPolicy":"https:\/\/talkpal.ai\/actionable-feedback-policy\/","correctionsPolicy":"https:\/\/talkpal.ai\/corrections-policy\/","ethicsPolicy":"https:\/\/talkpal.ai\/ethics-policy\/","diversityPolicy":"https:\/\/talkpal.ai\/diversity-policy\/","diversityStaffingReport":"https:\/\/talkpal.ai\/diversity-policy\/"}]}},"_links":{"self":[{"href":"https:\/\/talkpal.ai\/bs\/wp-json\/wp\/v2\/pages\/140142","targetHints":{"allow":["GET"]}}],"collection":[{"href":"https:\/\/talkpal.ai\/bs\/wp-json\/wp\/v2\/pages"}],"about":[{"href":"https:\/\/talkpal.ai\/bs\/wp-json\/wp\/v2\/types\/page"}],"author":[{"embeddable":true,"href":"https:\/\/talkpal.ai\/bs\/wp-json\/wp\/v2\/users\/1"}],"replies":[{"embeddable":true,"href":"https:\/\/talkpal.ai\/bs\/wp-json\/wp\/v2\/comments?post=140142"}],"version-history":[{"count":0,"href":"https:\/\/talkpal.ai\/bs\/wp-json\/wp\/v2\/pages\/140142\/revisions"}],"wp:featuredmedia":[{"embeddable":true,"href":"https:\/\/talkpal.ai\/bs\/wp-json\/wp\/v2\/media\/109399"}],"wp:attachment":[{"href":"https:\/\/talkpal.ai\/bs\/wp-json\/wp\/v2\/media?parent=140142"}],"curies":[{"name":"wp","href":"https:\/\/api.w.org\/{rel}","templated":true}]}}