{"id":139867,"date":"2023-05-14T13:52:49","date_gmt":"2023-05-14T13:52:49","guid":{"rendered":"http:\/\/talkpal.ai\/ruska-gramatika\/"},"modified":"2025-12-13T15:18:47","modified_gmt":"2025-12-13T15:18:47","slug":"ruska-gramatika","status":"publish","type":"page","link":"https:\/\/talkpal.ai\/bs\/ruska-gramatika\/","title":{"rendered":"Ruska gramatika"},"content":{"rendered":"\r\n\r\n\r\n<section class=\"languageChallengeSection\">\r\n    <div class=\"languageInfoWrapper\">\r\n        \r\n        <h1>Ruska gramatika<\/h1>\r\n        <p>Zapo\u010dnite svoju avanturu s ruskim jezikom i otvorite vrata bogatoj kulturi i historiji. Savladavanje ruske gramatike i vokabulara \u0107e pobolj\u0161ati va\u0161e mogu\u0107nosti putovanja, karijere i komunikacije. Po\u010dnite u\u010diti <a href=\"https:\/\/talkpal.ai\/learn-russian\/\">ruski<\/a> ve\u0107 danas i napravite prvi korak ka te\u010dnom govoru!\n\n<\/p>\r\n\r\n                            <a class=\"getStartedHidden\" href=\"https:\/\/app.talkpal.ai\/signup?lng=\">Kreni<\/a>\r\n        \r\n    <\/div>\r\n\r\n    <figure>\r\n    <img decoding=\"async\" width=\"768\" height=\"768\" src=\"https:\/\/talkpal.ai\/wp-content\/uploads\/2023\/06\/russian-768x768.png\" class=\"languageImage no-lazy\" alt=\"Language learning for multicultural understanding\" fetchpriority=\"high\" sizes=\"(max-width: 768px) 150px, 768px\" srcset=\"https:\/\/talkpal.ai\/wp-content\/uploads\/2023\/06\/russian-768x768.png 768w, https:\/\/talkpal.ai\/wp-content\/uploads\/2023\/06\/russian-300x300.png 300w\" \/>\r\n    \r\n\r\n    <\/figure>\r\n\r\n            <a class=\"getStartedVisible\" href=\"https:\/\/app.talkpal.ai\/signup?lng=\">Kreni<\/a>\r\n    \r\n<\/section>\r\n<section class=\"promotionalBanner\">\r\n    <p class=\"promotionalText\">Najefikasniji na\u010din za u\u010denje jezika<\/p>\r\n    <a class=\"promotionalLink\" href=\"https:\/\/app.talkpal.ai\/signup?lng=\">Isprobajte Talkpal besplatno<\/a>\r\n<\/section>\n<div class=\"wp-block-group pageContainerStyle\"><div class=\"wp-block-group__inner-container is-layout-constrained wp-block-group-is-layout-constrained\">\n<h1 class=\"wp-block-heading\" id=\"h-russian-grammar-unlock-the-secrets-to-mastering-russian\">Ruska gramatika: Otklju\u010dajte tajne za savladavanje ruskog jezika<\/h1>\n\n\n\n<p>\u010cestitam na hrabrom koraku ka u\u010denju ruskog jezika! Sa vi\u0161e od 258 miliona govornika \u0161irom sveta, <a href=\"https:\/\/talkpal.ai\/learn-russian\/\">ruski<\/a> je fascinantan i nagra\u0111uju\u0107i jezik koji nudi uvid u bogatu kulturu i istoriju. Kada je u pitanju <a href=\"https:\/\/talkpal.ai\/sq\/gramatika-ruse\/\">ruska gramatika<\/a>, to mo\u017ee izgledati zastra\u0161uju\u0107e, ali ne bojte se! Ovaj prijateljski, po\u010detni\u010dki vodi\u010d je tu da razbije osnove ruske gramatike na jednostavan i privla\u010dan na\u010din.<\/p>\n\n\n\n<h3 class=\"wp-block-heading\" id=\"h-1-the-russian-alphabet-your-starting-point\">Ruska abeceda: Va\u0161a po\u010detna ta\u010dka<\/h3>\n\n\n\n<p>Klju\u010d za navigaciju ruskom gramatikom je savladavanje \u0107irilice. Sa 33 slova, 10 samoglasnika i 21 suglasnikom, \u010dini osnovu za \u010ditanje, pisanje i razumevanje jezika. Upoznavanje sa abecedom stvori\u0107e solidnu osnovu za izgradnju ruskih gramati\u010dkih ve\u0161tina.<\/p>\n\n\n\n<h3 class=\"wp-block-heading\" id=\"h-2-nouns-and-cases-the-core-of-russian-grammar\">Imenice i slu\u010dajevi: sr\u017e ruske gramatike<\/h3>\n\n\n\n<p><a href=\"https:\/\/talkpal.ai\/sq\/gramatika-ruse\/\">Ruska gramatika<\/a> nagla\u0161ava upotrebu slu\u010dajeva za preno\u0161enje zna\u010denja i konteksta. Sa \u0161est slu\u010dajeva &#8211; nominativni, genitivni, dativski, akuzativni, instrumentalni i prepozicionalni, ruske imenice mijenjaju svoje zavr\u0161etke kako bi prikazale svoju funkciju u re\u010denici. Dakle, redoslijed rije\u010di postaje manje kriti\u010dan nego u engleskom jeziku. Na primjer:<\/p>\n\n\n\n<p><a href=\"https:\/\/talkpal.ai\/learn-bosnian\/\">Bosanski<\/a>: dajem knjigu prijatelju.<\/p>\n\n\n\n<p>Ruski: \u042f \u0434\u0430\u044e \u0434\u0440\u0443\u0433\u0443 \u043a\u043d\u0438\u0433\u0443 (Ya dayu drugi knigu)<\/p>\n\n\n\n<p>Ovdje su \u201cdrugu\u201d (prijatelju) i \u201cknigu\u201d (knjiga) u dativu i akuzativu, respektivno.<\/p>\n\n\n\n<h3 class=\"wp-block-heading\" id=\"h-3-mastering-gender-and-plurals\">Ovladavanje spolom i mno\u017einom<\/h3>\n\n\n\n<p>U ruskoj gramatici, imenicama se dodjeljuje jedan od tri spola: mu\u0161ki, \u017eenski ili kauterski. Zavr\u0161etak imenice obi\u010dno ozna\u010dava njen spol:<\/p>\n\n\n\n<p>\u2013 Mu\u0161ki rod: zavr\u0161ava se suglasnikom ili \u201c-j\u201d<\/p>\n\n\n\n<p>\u2013 \u017denski rod: zavr\u0161ava se sa \u201c-a\u201d ili \u201c-\u00e2\u201d<\/p>\n\n\n\n<p>\u2013 Srednji rod: zavr\u0161ava sa \u201c-o\u201d ili \u201c-e\u201d<\/p>\n\n\n\n<p>Da bi se formirala mno\u017eina, zavr\u0161eci imenica se menjaju na osnovu njihovog pola i slu\u010daja u kojem se nalaze.<\/p>\n\n\n\n<h3 class=\"wp-block-heading\" id=\"h-4-conquer-verb-conjugation\">4. osvajanje glagola konjugacija<\/h3>\n\n\n\n<p>Kao i mnogi jezici, ruski glagoli mijenjaju oblik (konjugaciju) na osnovu napetosti, osobe i broja. Ruski glagoli tako\u0111er dolaze u dva aspekta: savr\u0161eni i nesavr\u0161eni. Savr\u0161en aspekt signalizira zavr\u0161enu akciju, dok se nesavr\u0161eni aspekt odnosi na teku\u0107e ili uobi\u010dajene radnje.<\/p>\n\n\n\n<p>Za po\u010detak, fokusirajte se na razumevanje konjugacije sada\u0161njeg vremena za nesavr\u0161ene glagole i pro\u0161lo vreme za oba aspekta. Na primjer:<\/p>\n\n\n\n<p>Sada\u0161nje vrijeme (imperfektiv): \u00c2 \u010dita\u00fb (Ya chitayu) \u2013 \u201e\u010ditam\u201c ili \u201e\u010ditam\u201c<\/p>\n\n\n\n<p>Pro\u0161lo vrijeme (imperfektivno): \u00c2 \u010dital (Ya chital) \u2013 \u201c\u010ditao sam\u201d<\/p>\n\n\n\n<p>Pro\u0161lo vrijeme (perfektivno): \u00c2 pro\u010dital (Ya prochital) \u2013 \u201cPro\u010ditao sam\u201d ili \u201cPro\u010ditao sam (i zavr\u0161io)\u201d<\/p>\n\n\n\n<h3 class=\"wp-block-heading\" id=\"h-5-embrace-russian-pronouns\">5. prigrli ruske zamjenice<\/h3>\n\n\n\n<p>Zamenice u ruskoj gramatici zamenjuju imenice i klju\u010dne su za fluidan govor. Zaronite u u\u010denje li\u010dnih i posesivnih zamjenica, kao \u0161to su:<\/p>\n\n\n\n<p>Li\u010dne zamenice: \u044f (I), \u0442\u044b (vi, neformalni), \u043e\u043d\/\u043e\u043d\u0430\/\u043e\u043d\u043e (on\/ona\/to), \u0432\u044b (vi, formalni ili mno\u017eina), \u043c\u044b (mi), \u043e\u043d\u0438 (oni)<\/p>\n\n\n\n<p>Posesivne zamjenice: \u043c\u043e\u0439\/\u043c\u043e\u044f\/\u043c\u043e\u0451 (moj), \u0442\u0432\u043e\u0439\/\u0442\u0432\u043e\u044f\/\u0442\u0432\u043e\u0451 (va\u0161a, neformalna), \u0435\u0433\u043e\/\u0435\u0451\/\u0438\u0445 (njegova\/ona\/njihova), \u0432\u0430\u0448\/\u0432\u0430\u0448\u0430\/\u0432\u0430\u0448\u0430\/\u0432\u0430\u0448\u0435 (va\u0161a, formalna ili mno\u017eina),<\/p>\n\n\n\n<p>Ne zaboravite da se ruske zamjenice moraju slagati s rodom i pade\u017eom imenice koju zamjenjuju.<\/p>\n\n\n\n<p>\u010cestitam! Napravili ste prve korake ka savladavanju zamr\u0161enosti ruske gramatike. Zapamtite, praksa je klju\u010dna, pa zaronite dublje u jezik, uklju\u010dite se sa izvornim govornicima i oja\u010dajte svoju osnovu za u\u010denje. \u0423\u0434\u0430\u0447\u0438! (Sretno!)<\/p>\n<\/div><\/div>\n\r\n<section class=\"learnNavigationSection\">\r\n            \r\n        <a href=\"https:\/\/talkpal.ai\/bs\/nauci-ruski\/\">\r\n            <div class=\"learnNavigationWrapper\">\r\n                <div class=\"learnNavigationContent\">\r\n                    <img decoding=\"async\" src=\"https:\/\/talkpal.ai\/wp-content\/uploads\/2024\/08\/Russian.jpg\" alt=\"Russian Flag\">\r\n                    <div>\r\n                        <h4>O u\u010denju ruskog<\/h4>\r\n                        <p>Saznaj sve o ruskoj gramatici.<\/p>\r\n                    <\/div>\r\n                <\/div>\r\n            <\/div>\r\n        <\/a>\r\n\r\n        \r\n        <a href=\"https:\/\/talkpal.ai\/bs\/ruske-gramaticke-vezbe\/\">\r\n            <div class=\"learnNavigationWrapper\">\r\n                <div class=\"learnNavigationContent\">\r\n                    <img decoding=\"async\" src=\"https:\/\/talkpal.ai\/wp-content\/uploads\/2024\/08\/Russian.jpg\" alt=\"Russian Flag\">\r\n                    <div>\r\n                        <h4>Ruska gramati\u010dka ve\u017eba<\/h4>\r\n                        <p>Vje\u017ebaj rusku gramatiku.<\/p>\r\n                    <\/div>\r\n                <\/div>\r\n            <\/div>\r\n        <\/a>\r\n\r\n        \r\n        <a href=\"https:\/\/talkpal.ai\/vocabulary_language\/russian\/\">\r\n            <div class=\"learnNavigationWrapper\">\r\n                <div class=\"learnNavigationContent\">\r\n                    <img decoding=\"async\" src=\"https:\/\/talkpal.ai\/wp-content\/uploads\/2024\/08\/Russian.jpg\" alt=\"Russian Flag\">\r\n                    <div>\r\n                        <h4>Ruski vokabular<\/h4>\r\n                        <p>Pro\u0161irite svoj ruski vokabular.<\/p>\r\n                    <\/div>\r\n                <\/div>\r\n            <\/div>\r\n        <\/a>\r\n\r\n            <\/section>","protected":false},"excerpt":{"rendered":"<p>Ruska gramatika: Otklju\u010dajte tajne za savladavanje ruskog jezika \u010cestitam na hrabrom koraku ka u\u010denju ruskog jezika! Sa vi\u0161e od 258 miliona govornika \u0161irom sveta, ruski je fascinantan i nagra\u0111uju\u0107i jezik koji nudi uvid u bogatu kulturu i istoriju. Kada je u pitanju ruska gramatika, to mo\u017ee izgledati zastra\u0161uju\u0107e, ali ne bojte se! Ovaj prijateljski, po\u010detni\u010dki [&hellip;]<\/p>\n","protected":false},"author":1,"featured_media":108040,"parent":0,"menu_order":0,"comment_status":"closed","ping_status":"closed","template":"LearningContentPage.php","meta":{"_acf_changed":false,"footnotes":""},"class_list":["post-139867","page","type-page","status-publish","has-post-thumbnail","hentry"],"acf":[],"yoast_head":"<!-- This site is optimized with the Yoast SEO Premium plugin v27.2 (Yoast SEO v27.2) - https:\/\/yoast.com\/product\/yoast-seo-premium-wordpress\/ -->\n<title>Ruska gramatika - Talkpal<\/title>\n<meta name=\"description\" content=\"Otklju\u010dajte svijet ruske gramatike uz na\u0161 vodi\u010d za po\u010detnike. Savladajte \u0107irilicu i usavr\u0161ite svoje jezi\u010dke vje\u0161tine.\" \/>\n<meta name=\"robots\" content=\"index, follow, max-snippet:-1, max-image-preview:large, max-video-preview:-1\" \/>\n<link rel=\"canonical\" href=\"https:\/\/talkpal.ai\/bs\/ruska-gramatika\/\" \/>\n<meta property=\"og:locale\" content=\"bs_BA\" \/>\n<meta property=\"og:type\" content=\"article\" \/>\n<meta property=\"og:title\" content=\"Ruska gramatika\" \/>\n<meta property=\"og:description\" content=\"Ruska gramatika: Otklju\u010dajte tajne za savladavanje ruskog jezika \u010cestitam na hrabrom koraku ka u\u010denju ruskog jezika! Sa vi\u0161e od 258 miliona govornika\" \/>\n<meta property=\"og:url\" content=\"https:\/\/talkpal.ai\/bs\/ruska-gramatika\/\" \/>\n<meta property=\"og:site_name\" content=\"Talkpal\" \/>\n<meta property=\"article:publisher\" content=\"https:\/\/www.facebook.com\/profile.php?id=100090733639311\" \/>\n<meta property=\"article:modified_time\" content=\"2025-12-13T15:18:47+00:00\" \/>\n<meta property=\"og:image\" content=\"https:\/\/talkpal.ai\/wp-content\/uploads\/2023\/04\/rusia.png\" \/>\n\t<meta property=\"og:image:width\" content=\"512\" \/>\n\t<meta property=\"og:image:height\" content=\"512\" \/>\n\t<meta property=\"og:image:type\" content=\"image\/png\" \/>\n<meta name=\"twitter:card\" content=\"summary_large_image\" \/>\n<meta name=\"twitter:site\" content=\"@talkpalai\" \/>\n<meta name=\"twitter:label1\" content=\"Est. reading time\" \/>\n\t<meta name=\"twitter:data1\" content=\"3 minute\" \/>\n<script type=\"application\/ld+json\" class=\"yoast-schema-graph\">{\"@context\":\"https:\/\/schema.org\",\"@graph\":[{\"@type\":\"WebPage\",\"@id\":\"https:\/\/talkpal.ai\/bs\/ruska-gramatika\/\",\"url\":\"https:\/\/talkpal.ai\/bs\/ruska-gramatika\/\",\"name\":\"Ruska gramatika - Talkpal\",\"isPartOf\":{\"@id\":\"https:\/\/talkpal.ai\/bs\/#website\"},\"primaryImageOfPage\":{\"@id\":\"https:\/\/talkpal.ai\/bs\/ruska-gramatika\/#primaryimage\"},\"image\":{\"@id\":\"https:\/\/talkpal.ai\/bs\/ruska-gramatika\/#primaryimage\"},\"thumbnailUrl\":\"https:\/\/talkpal.ai\/wp-content\/uploads\/2023\/04\/rusia.png\",\"datePublished\":\"2023-05-14T13:52:49+00:00\",\"dateModified\":\"2025-12-13T15:18:47+00:00\",\"description\":\"Otklju\u010dajte svijet ruske gramatike uz na\u0161 vodi\u010d za po\u010detnike. Savladajte \u0107irilicu i usavr\u0161ite svoje jezi\u010dke vje\u0161tine.\",\"breadcrumb\":{\"@id\":\"https:\/\/talkpal.ai\/bs\/ruska-gramatika\/#breadcrumb\"},\"inLanguage\":\"bs-BA\",\"potentialAction\":[{\"@type\":\"ReadAction\",\"target\":[\"https:\/\/talkpal.ai\/bs\/ruska-gramatika\/\"]}]},{\"@type\":\"ImageObject\",\"inLanguage\":\"bs-BA\",\"@id\":\"https:\/\/talkpal.ai\/bs\/ruska-gramatika\/#primaryimage\",\"url\":\"https:\/\/talkpal.ai\/wp-content\/uploads\/2023\/04\/rusia.png\",\"contentUrl\":\"https:\/\/talkpal.ai\/wp-content\/uploads\/2023\/04\/rusia.png\",\"width\":512,\"height\":512},{\"@type\":\"BreadcrumbList\",\"@id\":\"https:\/\/talkpal.ai\/bs\/ruska-gramatika\/#breadcrumb\",\"itemListElement\":[{\"@type\":\"ListItem\",\"position\":1,\"name\":\"Homepage\",\"item\":\"https:\/\/talkpal.ai\/bs\/\"},{\"@type\":\"ListItem\",\"position\":2,\"name\":\"Ruska gramatika\"}]},{\"@type\":\"WebSite\",\"@id\":\"https:\/\/talkpal.ai\/bs\/#website\",\"url\":\"https:\/\/talkpal.ai\/bs\/\",\"name\":\"Talkpal\",\"description\":\"AI Language Learning\",\"publisher\":{\"@id\":\"https:\/\/talkpal.ai\/bs\/#organization\"},\"alternateName\":\"Talkpal AI\",\"potentialAction\":[{\"@type\":\"SearchAction\",\"target\":{\"@type\":\"EntryPoint\",\"urlTemplate\":\"https:\/\/talkpal.ai\/bs\/?s={search_term_string}\"},\"query-input\":{\"@type\":\"PropertyValueSpecification\",\"valueRequired\":true,\"valueName\":\"search_term_string\"}}],\"inLanguage\":\"bs-BA\"},{\"@type\":\"Organization\",\"@id\":\"https:\/\/talkpal.ai\/bs\/#organization\",\"name\":\"Talkpal, Inc.\",\"alternateName\":\"Talkpal AI\",\"url\":\"https:\/\/talkpal.ai\/bs\/\",\"logo\":{\"@type\":\"ImageObject\",\"inLanguage\":\"bs-BA\",\"@id\":\"https:\/\/talkpal.ai\/bs\/#\/schema\/logo\/image\/\",\"url\":\"https:\/\/talkpal.ai\/wp-content\/uploads\/2024\/03\/Talkpal-Logo-Icon.png\",\"contentUrl\":\"https:\/\/talkpal.ai\/wp-content\/uploads\/2024\/03\/Talkpal-Logo-Icon.png\",\"width\":2880,\"height\":2880,\"caption\":\"Talkpal, Inc.\"},\"image\":{\"@id\":\"https:\/\/talkpal.ai\/bs\/#\/schema\/logo\/image\/\"},\"sameAs\":[\"https:\/\/www.facebook.com\/profile.php?id=100090733639311\",\"https:\/\/x.com\/talkpalai\",\"https:\/\/www.linkedin.com\/company\/talkpal\/\",\"https:\/\/www.youtube.com\/@TalkPal\/\",\"https:\/\/www.tiktok.com\/@talkpal\",\"https:\/\/www.instagram.com\/talkpal_ai\/\",\"https:\/\/www.crunchbase.com\/organization\/talkpal-9cde\",\"https:\/\/www.g2.com\/products\/talkpal-for-business\/\",\"https:\/\/www.trustpilot.com\/review\/talkpal.ai\",\"https:\/\/www.capterra.com\/p\/10006800\/TalkPal\/\"],\"description\":\"Talkpal is a language learning web and mobile education app, powered by the latest AI technologies, that provides engaging experiences to its customers in many different languages to help them improve their language skills. Users can chat about unlimited amount of topics with the app and use other modes to practice their language learning.\",\"email\":\"support@talkpal.ai\",\"legalName\":\"Talkpal, Inc.\",\"foundingDate\":\"2023-04-03\",\"duns\":\"118989042\",\"numberOfEmployees\":{\"@type\":\"QuantitativeValue\",\"minValue\":\"11\",\"maxValue\":\"50\"},\"publishingPrinciples\":\"https:\/\/talkpal.ai\/publishing-principles\/\",\"actionableFeedbackPolicy\":\"https:\/\/talkpal.ai\/actionable-feedback-policy\/\",\"correctionsPolicy\":\"https:\/\/talkpal.ai\/corrections-policy\/\",\"ethicsPolicy\":\"https:\/\/talkpal.ai\/ethics-policy\/\",\"diversityPolicy\":\"https:\/\/talkpal.ai\/diversity-policy\/\",\"diversityStaffingReport\":\"https:\/\/talkpal.ai\/diversity-policy\/\"}]}<\/script>\n<!-- \/ Yoast SEO Premium plugin. -->","yoast_head_json":{"title":"Ruska gramatika - Talkpal","description":"Otklju\u010dajte svijet ruske gramatike uz na\u0161 vodi\u010d za po\u010detnike. Savladajte \u0107irilicu i usavr\u0161ite svoje jezi\u010dke vje\u0161tine.","robots":{"index":"index","follow":"follow","max-snippet":"max-snippet:-1","max-image-preview":"max-image-preview:large","max-video-preview":"max-video-preview:-1"},"canonical":"https:\/\/talkpal.ai\/bs\/ruska-gramatika\/","og_locale":"bs_BA","og_type":"article","og_title":"Ruska gramatika","og_description":"Ruska gramatika: Otklju\u010dajte tajne za savladavanje ruskog jezika \u010cestitam na hrabrom koraku ka u\u010denju ruskog jezika! Sa vi\u0161e od 258 miliona govornika","og_url":"https:\/\/talkpal.ai\/bs\/ruska-gramatika\/","og_site_name":"Talkpal","article_publisher":"https:\/\/www.facebook.com\/profile.php?id=100090733639311","article_modified_time":"2025-12-13T15:18:47+00:00","og_image":[{"width":512,"height":512,"url":"https:\/\/talkpal.ai\/wp-content\/uploads\/2023\/04\/rusia.png","type":"image\/png"}],"twitter_card":"summary_large_image","twitter_site":"@talkpalai","twitter_misc":{"Est. reading time":"3 minute"},"schema":{"@context":"https:\/\/schema.org","@graph":[{"@type":"WebPage","@id":"https:\/\/talkpal.ai\/bs\/ruska-gramatika\/","url":"https:\/\/talkpal.ai\/bs\/ruska-gramatika\/","name":"Ruska gramatika - Talkpal","isPartOf":{"@id":"https:\/\/talkpal.ai\/bs\/#website"},"primaryImageOfPage":{"@id":"https:\/\/talkpal.ai\/bs\/ruska-gramatika\/#primaryimage"},"image":{"@id":"https:\/\/talkpal.ai\/bs\/ruska-gramatika\/#primaryimage"},"thumbnailUrl":"https:\/\/talkpal.ai\/wp-content\/uploads\/2023\/04\/rusia.png","datePublished":"2023-05-14T13:52:49+00:00","dateModified":"2025-12-13T15:18:47+00:00","description":"Otklju\u010dajte svijet ruske gramatike uz na\u0161 vodi\u010d za po\u010detnike. Savladajte \u0107irilicu i usavr\u0161ite svoje jezi\u010dke vje\u0161tine.","breadcrumb":{"@id":"https:\/\/talkpal.ai\/bs\/ruska-gramatika\/#breadcrumb"},"inLanguage":"bs-BA","potentialAction":[{"@type":"ReadAction","target":["https:\/\/talkpal.ai\/bs\/ruska-gramatika\/"]}]},{"@type":"ImageObject","inLanguage":"bs-BA","@id":"https:\/\/talkpal.ai\/bs\/ruska-gramatika\/#primaryimage","url":"https:\/\/talkpal.ai\/wp-content\/uploads\/2023\/04\/rusia.png","contentUrl":"https:\/\/talkpal.ai\/wp-content\/uploads\/2023\/04\/rusia.png","width":512,"height":512},{"@type":"BreadcrumbList","@id":"https:\/\/talkpal.ai\/bs\/ruska-gramatika\/#breadcrumb","itemListElement":[{"@type":"ListItem","position":1,"name":"Homepage","item":"https:\/\/talkpal.ai\/bs\/"},{"@type":"ListItem","position":2,"name":"Ruska gramatika"}]},{"@type":"WebSite","@id":"https:\/\/talkpal.ai\/bs\/#website","url":"https:\/\/talkpal.ai\/bs\/","name":"Talkpal","description":"AI Language Learning","publisher":{"@id":"https:\/\/talkpal.ai\/bs\/#organization"},"alternateName":"Talkpal AI","potentialAction":[{"@type":"SearchAction","target":{"@type":"EntryPoint","urlTemplate":"https:\/\/talkpal.ai\/bs\/?s={search_term_string}"},"query-input":{"@type":"PropertyValueSpecification","valueRequired":true,"valueName":"search_term_string"}}],"inLanguage":"bs-BA"},{"@type":"Organization","@id":"https:\/\/talkpal.ai\/bs\/#organization","name":"Talkpal, Inc.","alternateName":"Talkpal AI","url":"https:\/\/talkpal.ai\/bs\/","logo":{"@type":"ImageObject","inLanguage":"bs-BA","@id":"https:\/\/talkpal.ai\/bs\/#\/schema\/logo\/image\/","url":"https:\/\/talkpal.ai\/wp-content\/uploads\/2024\/03\/Talkpal-Logo-Icon.png","contentUrl":"https:\/\/talkpal.ai\/wp-content\/uploads\/2024\/03\/Talkpal-Logo-Icon.png","width":2880,"height":2880,"caption":"Talkpal, Inc."},"image":{"@id":"https:\/\/talkpal.ai\/bs\/#\/schema\/logo\/image\/"},"sameAs":["https:\/\/www.facebook.com\/profile.php?id=100090733639311","https:\/\/x.com\/talkpalai","https:\/\/www.linkedin.com\/company\/talkpal\/","https:\/\/www.youtube.com\/@TalkPal\/","https:\/\/www.tiktok.com\/@talkpal","https:\/\/www.instagram.com\/talkpal_ai\/","https:\/\/www.crunchbase.com\/organization\/talkpal-9cde","https:\/\/www.g2.com\/products\/talkpal-for-business\/","https:\/\/www.trustpilot.com\/review\/talkpal.ai","https:\/\/www.capterra.com\/p\/10006800\/TalkPal\/"],"description":"Talkpal is a language learning web and mobile education app, powered by the latest AI technologies, that provides engaging experiences to its customers in many different languages to help them improve their language skills. Users can chat about unlimited amount of topics with the app and use other modes to practice their language learning.","email":"support@talkpal.ai","legalName":"Talkpal, Inc.","foundingDate":"2023-04-03","duns":"118989042","numberOfEmployees":{"@type":"QuantitativeValue","minValue":"11","maxValue":"50"},"publishingPrinciples":"https:\/\/talkpal.ai\/publishing-principles\/","actionableFeedbackPolicy":"https:\/\/talkpal.ai\/actionable-feedback-policy\/","correctionsPolicy":"https:\/\/talkpal.ai\/corrections-policy\/","ethicsPolicy":"https:\/\/talkpal.ai\/ethics-policy\/","diversityPolicy":"https:\/\/talkpal.ai\/diversity-policy\/","diversityStaffingReport":"https:\/\/talkpal.ai\/diversity-policy\/"}]}},"_links":{"self":[{"href":"https:\/\/talkpal.ai\/bs\/wp-json\/wp\/v2\/pages\/139867","targetHints":{"allow":["GET"]}}],"collection":[{"href":"https:\/\/talkpal.ai\/bs\/wp-json\/wp\/v2\/pages"}],"about":[{"href":"https:\/\/talkpal.ai\/bs\/wp-json\/wp\/v2\/types\/page"}],"author":[{"embeddable":true,"href":"https:\/\/talkpal.ai\/bs\/wp-json\/wp\/v2\/users\/1"}],"replies":[{"embeddable":true,"href":"https:\/\/talkpal.ai\/bs\/wp-json\/wp\/v2\/comments?post=139867"}],"version-history":[{"count":0,"href":"https:\/\/talkpal.ai\/bs\/wp-json\/wp\/v2\/pages\/139867\/revisions"}],"wp:featuredmedia":[{"embeddable":true,"href":"https:\/\/talkpal.ai\/bs\/wp-json\/wp\/v2\/media\/108040"}],"wp:attachment":[{"href":"https:\/\/talkpal.ai\/bs\/wp-json\/wp\/v2\/media?parent=139867"}],"curies":[{"name":"wp","href":"https:\/\/api.w.org\/{rel}","templated":true}]}}