{"id":135152,"date":"2023-06-16T10:27:33","date_gmt":"2023-06-16T10:27:33","guid":{"rendered":"http:\/\/talkpal.ai\/korejske-gramaticke-vezbe\/"},"modified":"2025-12-17T16:50:02","modified_gmt":"2025-12-17T16:50:02","slug":"korejske-gramaticke-vezbe","status":"publish","type":"page","link":"https:\/\/talkpal.ai\/bs\/korejske-gramaticke-vezbe\/","title":{"rendered":"Korejske gramati\u010dke ve\u017ebe"},"content":{"rendered":"\r\n\r\n\r\n<section class=\"languageChallengeSection\">\r\n    <div class=\"languageInfoWrapper\">\r\n        \r\n        <h1>Korejske gramati\u010dke ve\u017ebe<\/h1>\r\n        <p>\u017delite li unaprijediti svoje znanje korejskog jezika? Fokusiranje na gramati\u010dke vje\u017ebe odli\u010dan je na\u010din za savladavanje strukture re\u010denica, glagolskih zavr\u0161etaka i svakodnevnih fraza. Redovno se posvetite korejskoj gramatici \u2013 svaka vje\u017eba vas pribli\u017eava prirodnoj i samouvjerenoj komunikaciji. Po\u010dnite danas i gledajte kako va\u0161e znanje korejskog jezika napreduje korak po korak!<\/p>\r\n\r\n                            <a class=\"getStartedHidden\" href=\"https:\/\/app.talkpal.ai\/signup?lng=\">Kreni<\/a>\r\n        \r\n    <\/div>\r\n\r\n    <figure>\r\n    <img decoding=\"async\" width=\"768\" height=\"768\" src=\"https:\/\/talkpal.ai\/wp-content\/uploads\/2023\/06\/korean-768x768.png\" class=\"languageImage no-lazy\" alt=\"Line-by-line learning for language acquisition\" fetchpriority=\"high\" sizes=\"(max-width: 768px) 150px, 768px\" srcset=\"https:\/\/talkpal.ai\/wp-content\/uploads\/2023\/06\/korean-768x768.png 768w, https:\/\/talkpal.ai\/wp-content\/uploads\/2023\/06\/korean-300x300.png 300w\" \/>\r\n    \r\n\r\n    <\/figure>\r\n\r\n            <a class=\"getStartedVisible\" href=\"https:\/\/app.talkpal.ai\/signup?lng=\">Kreni<\/a>\r\n    \r\n<\/section>\r\n\r\n\r\n<!-- <section class=\"grammarSection\">\r\n    <div class=\"grammarLinks\">\r\n            <\/div>\r\n<\/section> -->\r\n\r\n\r\n\r\n\r\n<section class=\"promotionalBanner\">\r\n    <p class=\"promotionalText\">Najefikasniji na\u010din za u\u010denje jezika<\/p>\r\n    <a class=\"promotionalLink\" href=\"https:\/\/app.talkpal.ai\/signup?lng=\">Isprobajte Talkpal besplatno<\/a>\r\n<\/section>\n<div class=\"wp-block-group pageContainerStyle\"><div class=\"wp-block-group__inner-container is-layout-constrained wp-block-group-is-layout-constrained\">\n<h2 class=\"wp-block-heading\" id=\"h-korean-grammar-topics\">korejska gramatika topics<\/h2>\n\n\n\n<p>U\u010denje korejskog jezika mo\u017ee biti uzbudljivo i nagra\u0111ivano iskustvo jer otvara nove kulturne i profesionalne mogu\u0107nosti. <a href=\"https:\/\/talkpal.ai\/hr\/ucenje-korejskog-jezika\/\">Korejski jezik<\/a> ima bogatu istoriju i govore ga milioni ljudi \u0161irom sveta. Jedan od klju\u010dnih aspekata u\u010denja bilo kog jezika jeste razumevanje njegove gramatike. U slu\u010daju korejskog, <a href=\"https:\/\/talkpal.ai\/sq\/gramatika\/\">gramatika<\/a> se dosta razlikuje od mnogih zapadnih jezika, ali sa pravim pristupom, mo\u017ee se sistematski shvatiti. U ovom \u010dlanku \u0107emo istra\u017eiti razli\u010dite korejske gramati\u010dke teme, uklju\u010duju\u0107i vremena, glagole, imenice, \u010dlanke, zamjenice, pridjeve, priloge, prijedloge i strukturu re\u010denica. Razumevanjem i savladavanjem ovih koncepata, bi\u0107ete na dobrom putu da postanete ve\u0161ti u korejskom jeziku.<\/p>\n\n\n\n<h3 class=\"wp-block-heading\" id=\"h-1-nouns\">1. imenice:<\/h3>\n\n\n\n<p>U korejskom jeziku, imenice su osnovni gradivni blokovi re\u010denica. Oni predstavljaju ljude, mjesta, stvari ili ideje. Korejske imenice nemaju razlike u spolu ili broju, \u0161to ih \u010dini relativno jednostavnim za u\u010denje. Upoznavanje sa zajedni\u010dkim korejskim imenicama pomo\u0107i \u0107e vam da izgradite sna\u017enu vokabularnu osnovu.<\/p>\n\n\n\n<h3 class=\"wp-block-heading\" id=\"h-2-verbs\">2. glagoli:<\/h3>\n\n\n\n<p><a href=\"https:\/\/talkpal.ai\/learn-korean\/\">Korejski<\/a> glagoli su klju\u010dni za preno\u0161enje akcija i stanja postojanja. Obi\u010dno dolaze na kraju re\u010denice i imaju razli\u010dite oblike u zavisnosti od nivoa napetosti i u\u010dtivosti. Razumevanje pravila konjugacije za razli\u010dite oblike glagola je od su\u0161tinskog zna\u010daja za efikasnu komunikaciju na korejskom jeziku.<\/p>\n\n\n\n<h3 class=\"wp-block-heading\" id=\"h-3-adjectives\">3. pridjevi:<\/h3>\n\n\n\n<p>U korejskom jeziku, pridjevi se koriste za opisivanje imenica i imaju sli\u010dna pravila konjugacije kao glagoli. Mogu se koristiti pre ili posle imenice, a njihov oblik se mo\u017ee promeniti u zavisnosti od nivoa napetosti i u\u010dtivosti. U\u010denje zajedni\u010dkih pridjeva i njihova upotreba pobolj\u0161at \u0107e va\u0161e opisne sposobnosti na korejskom jeziku.<\/p>\n\n\n\n<h3 class=\"wp-block-heading\" id=\"h-4-adverbs\">4. prilozi:<\/h3>\n\n\n\n<p>Prilozi na korejskom jeziku pru\u017eaju dodatne informacije o glagolima, pridjevima ili drugim prilozima. Obi\u010dno dolaze prije rije\u010di koju mijenjaju i nemaju specifi\u010dna pravila konjugacije. Uklju\u010divanje priloga u korejske re\u010denice mo\u017ee dodati dubinu i nijansu va\u0161em izrazu.<\/p>\n\n\n\n<h3 class=\"wp-block-heading\" id=\"h-5-pronouns\">5. zamjenice:<\/h3>\n\n\n\n<p>Korejske zamjenice poma\u017eu u izbjegavanju vi\u0161ka i \u010dine re\u010denice sa\u017eetijim. Zamjenjuju imenice koje su ve\u0107 spomenute ili su shva\u0107ene u kontekstu. Korejske zamjenice imaju razli\u010dite oblike na osnovu dru\u0161tvenog statusa i spola subjekta, \u0161to ih \u010dini va\u017enim aspektom jezika koji treba savladati.<\/p>\n\n\n\n<h3 class=\"wp-block-heading\" id=\"h-6-prepositions\">6. prijedlozi:<\/h3>\n\n\n\n<p>U korejskom jeziku, predlozi se koriste za izra\u017eavanje odnosa izme\u0111u imenica u re\u010denici, kao \u0161to su lokacija, pravac ili posedovanje. Za razliku od engleskog, <a href=\"https:\/\/talkpal.ai\/learn-korean\/\">korejski<\/a> prijedlozi obi\u010dno dolaze nakon imenice koju mijenjaju, formiraju\u0107i jednu jedinicu <a href=\"https:\/\/talkpal.ai\/locations\/language-courses-in-koja\/\">koja<\/a> se naziva postpoziciona fraza. Razumevanje pravilne upotrebe ovih \u010destica je od klju\u010dnog zna\u010daja za izgradnju koherentnih korejskih re\u010denica.<\/p>\n\n\n\n<h3 class=\"wp-block-heading\" id=\"h-7-sentence-structure\">7. struktura re\u010denice:<\/h3>\n\n\n\n<p>Osnovna struktura korejske re\u010denice je subjekt-objekt-glagol (SOV). To zna\u010di da glagol obi\u010dno dolazi posljednji u re\u010denici, \u0161to mo\u017ee biti zna\u010dajna promjena za govornike engleskog jezika. U\u010denje pravilnog redoslijeda rije\u010di i strukture re\u010denica omogu\u0107it \u0107e vam da efikasnije komunicirate na korejskom jeziku.<\/p>\n\n\n\n<h3 class=\"wp-block-heading\" id=\"h-8-tenses-indicative-and-subjunctive\">8. napetost indikativna i konjuktivna:<\/h3>\n\n\n\n<p>Korejski ima razli\u010dite oblike glagola za izra\u017eavanje pro\u0161lih, sada\u0161njih i budu\u0107ih akcija ili dr\u017eava. Indikativno raspolo\u017eenje se koristi za izjave \u010dinjenica, dok konjuktivno raspolo\u017eenje prenosi neizvesnost, mogu\u0107nost ili hipoteti\u010dke situacije. Prepoznavanje i pravilno kori\u0161\u0107enje ovih glagolskih oblika je od su\u0161tinskog zna\u010daja za jasnu komunikaciju na korejskom jeziku.<\/p>\n\n\n\n<h3 class=\"wp-block-heading\" id=\"h-9-tense-comparison\">9. napeto pore\u0111enje:<\/h3>\n\n\n\n<p>Upore\u0111ivanje doga\u0111aja u razli\u010ditim vremenskim okvirima zahteva razumevanje nijansi korejske konjugacije glagola. U\u010de\u0107i kako da upore\u0111ujete pro\u0161lost, sada\u0161njost i budu\u0107e doga\u0111aje koriste\u0107i odgovaraju\u0107e glagolske oblike, mo\u017eete preneti slo\u017eene ideje i odnose na korejskom jeziku.<\/p>\n\n\n\n<h3 class=\"wp-block-heading\" id=\"h-10-articles\">10. \u010dlanci:<\/h3>\n\n\n\n<p>Za razliku od engleskog, korejski nema odre\u0111ene ili neodre\u0111ene \u010dlanke. Umjesto toga, jezik se oslanja na kontekst i upotrebu specifi\u010dnih \u010destica za preno\u0161enje odre\u0111enosti ili neodre\u0111enosti imenice. Savladavanje ovih \u010destica \u0107e vam omogu\u0107iti da se preciznije izrazite na korejskom.<\/p>\n<\/div><\/div>\n\r\n<section class=\"learnNavigationSection\">\r\n            \r\n        <a href=\"https:\/\/talkpal.ai\/bs\/nauci-korejski\/\">\r\n            <div class=\"learnNavigationWrapper\">\r\n                <div class=\"learnNavigationContent\">\r\n                    <img decoding=\"async\" src=\"https:\/\/talkpal.ai\/wp-content\/uploads\/2024\/08\/Korean.jpg\" alt=\"Korean Flag\">\r\n                    <div>\r\n                        <h4>O u\u010denju korejskog<\/h4>\r\n                        <p>Saznaj sve o korejskoj gramatici.<\/p>\r\n                    <\/div>\r\n                <\/div>\r\n            <\/div>\r\n        <\/a>\r\n\r\n        \r\n        <a href=\"https:\/\/talkpal.ai\/bs\/korejska-gramatika\/\">\r\n            <div class=\"learnNavigationWrapper\">\r\n                <div class=\"learnNavigationContent\">\r\n                    <img decoding=\"async\" src=\"https:\/\/talkpal.ai\/wp-content\/uploads\/2024\/08\/Korean.jpg\" alt=\"Korean Flag\">\r\n                    <div>\r\n                        <h4>Lekcije korejske gramatike<\/h4>\r\n                        <p>Vje\u017ebaj korejsku gramatiku.<\/p>\r\n                    <\/div>\r\n                <\/div>\r\n            <\/div>\r\n        <\/a>\r\n\r\n        \r\n        <a href=\"https:\/\/talkpal.ai\/vocabulary_language\/korean\/\">\r\n            <div class=\"learnNavigationWrapper\">\r\n                <div class=\"learnNavigationContent\">\r\n                    <img decoding=\"async\" src=\"https:\/\/talkpal.ai\/wp-content\/uploads\/2024\/08\/Korean.jpg\" alt=\"Korean Flag\">\r\n                    <div>\r\n                        <h4>Korean Vocabulary<\/h4>\r\n                        <p>Pro\u0161irite svoj korejski vokabular.<\/p>\r\n                    <\/div>\r\n                <\/div>\r\n            <\/div>\r\n        <\/a>\r\n\r\n            <\/section>","protected":false},"excerpt":{"rendered":"<p>korejska gramatika topics U\u010denje korejskog jezika mo\u017ee biti uzbudljivo i nagra\u0111ivano iskustvo jer otvara nove kulturne i profesionalne mogu\u0107nosti. Korejski jezik ima bogatu istoriju i govore ga milioni ljudi \u0161irom sveta. Jedan od klju\u010dnih aspekata u\u010denja bilo kog jezika jeste razumevanje njegove gramatike. U slu\u010daju korejskog, gramatika se dosta razlikuje od mnogih zapadnih jezika, ali [&hellip;]<\/p>\n","protected":false},"author":6,"featured_media":107574,"parent":0,"menu_order":0,"comment_status":"closed","ping_status":"closed","template":"LearningContentPage.php","meta":{"_acf_changed":false,"footnotes":""},"class_list":["post-135152","page","type-page","status-publish","has-post-thumbnail","hentry"],"acf":[],"yoast_head":"<!-- This site is optimized with the Yoast SEO Premium plugin v27.2 (Yoast SEO v27.2) - https:\/\/yoast.com\/product\/yoast-seo-premium-wordpress\/ -->\n<title>Korejske gramati\u010dke ve\u017ebe - Talkpal<\/title>\n<meta name=\"description\" content=\"Pobolj\u0161ajte svoju korejsku gramatiku lako - vje\u017ebajte s interaktivnim vje\u017ebama, ovladajte jezi\u010dnim obrascima i izgradite samopouzdanje\" \/>\n<meta name=\"robots\" content=\"index, follow, max-snippet:-1, max-image-preview:large, max-video-preview:-1\" \/>\n<link rel=\"canonical\" href=\"https:\/\/talkpal.ai\/bs\/korejske-gramaticke-vezbe\/\" \/>\n<meta property=\"og:locale\" content=\"bs_BA\" \/>\n<meta property=\"og:type\" content=\"article\" \/>\n<meta property=\"og:title\" content=\"Korejske gramati\u010dke ve\u017ebe\" \/>\n<meta property=\"og:description\" content=\"korejska gramatika topics U\u010denje korejskog jezika mo\u017ee biti uzbudljivo i nagra\u0111ivano iskustvo jer otvara nove kulturne i profesionalne mogu\u0107nosti.\" \/>\n<meta property=\"og:url\" content=\"https:\/\/talkpal.ai\/bs\/korejske-gramaticke-vezbe\/\" \/>\n<meta property=\"og:site_name\" content=\"Talkpal\" \/>\n<meta property=\"article:publisher\" content=\"https:\/\/www.facebook.com\/profile.php?id=100090733639311\" \/>\n<meta property=\"article:modified_time\" content=\"2025-12-17T16:50:02+00:00\" \/>\n<meta property=\"og:image\" content=\"https:\/\/talkpal.ai\/wp-content\/uploads\/2023\/04\/south-korea.png\" \/>\n\t<meta property=\"og:image:width\" content=\"512\" \/>\n\t<meta property=\"og:image:height\" content=\"512\" \/>\n\t<meta property=\"og:image:type\" content=\"image\/png\" \/>\n<meta name=\"twitter:card\" content=\"summary_large_image\" \/>\n<meta name=\"twitter:site\" content=\"@talkpalai\" \/>\n<meta name=\"twitter:label1\" content=\"Est. reading time\" \/>\n\t<meta name=\"twitter:data1\" content=\"3 minute\" \/>\n<script type=\"application\/ld+json\" class=\"yoast-schema-graph\">{\"@context\":\"https:\/\/schema.org\",\"@graph\":[{\"@type\":\"WebPage\",\"@id\":\"https:\/\/talkpal.ai\/bs\/korejske-gramaticke-vezbe\/\",\"url\":\"https:\/\/talkpal.ai\/bs\/korejske-gramaticke-vezbe\/\",\"name\":\"Korejske gramati\u010dke ve\u017ebe - Talkpal\",\"isPartOf\":{\"@id\":\"https:\/\/talkpal.ai\/bs\/#website\"},\"primaryImageOfPage\":{\"@id\":\"https:\/\/talkpal.ai\/bs\/korejske-gramaticke-vezbe\/#primaryimage\"},\"image\":{\"@id\":\"https:\/\/talkpal.ai\/bs\/korejske-gramaticke-vezbe\/#primaryimage\"},\"thumbnailUrl\":\"https:\/\/talkpal.ai\/wp-content\/uploads\/2023\/04\/south-korea.png\",\"datePublished\":\"2023-06-16T10:27:33+00:00\",\"dateModified\":\"2025-12-17T16:50:02+00:00\",\"description\":\"Pobolj\u0161ajte svoju korejsku gramatiku lako - vje\u017ebajte s interaktivnim vje\u017ebama, ovladajte jezi\u010dnim obrascima i izgradite samopouzdanje\",\"breadcrumb\":{\"@id\":\"https:\/\/talkpal.ai\/bs\/korejske-gramaticke-vezbe\/#breadcrumb\"},\"inLanguage\":\"bs-BA\",\"potentialAction\":[{\"@type\":\"ReadAction\",\"target\":[\"https:\/\/talkpal.ai\/bs\/korejske-gramaticke-vezbe\/\"]}]},{\"@type\":\"ImageObject\",\"inLanguage\":\"bs-BA\",\"@id\":\"https:\/\/talkpal.ai\/bs\/korejske-gramaticke-vezbe\/#primaryimage\",\"url\":\"https:\/\/talkpal.ai\/wp-content\/uploads\/2023\/04\/south-korea.png\",\"contentUrl\":\"https:\/\/talkpal.ai\/wp-content\/uploads\/2023\/04\/south-korea.png\",\"width\":512,\"height\":512},{\"@type\":\"BreadcrumbList\",\"@id\":\"https:\/\/talkpal.ai\/bs\/korejske-gramaticke-vezbe\/#breadcrumb\",\"itemListElement\":[{\"@type\":\"ListItem\",\"position\":1,\"name\":\"Homepage\",\"item\":\"https:\/\/talkpal.ai\/bs\/\"},{\"@type\":\"ListItem\",\"position\":2,\"name\":\"Korejske gramati\u010dke ve\u017ebe\"}]},{\"@type\":\"WebSite\",\"@id\":\"https:\/\/talkpal.ai\/bs\/#website\",\"url\":\"https:\/\/talkpal.ai\/bs\/\",\"name\":\"Talkpal\",\"description\":\"AI Language Learning\",\"publisher\":{\"@id\":\"https:\/\/talkpal.ai\/bs\/#organization\"},\"alternateName\":\"Talkpal AI\",\"potentialAction\":[{\"@type\":\"SearchAction\",\"target\":{\"@type\":\"EntryPoint\",\"urlTemplate\":\"https:\/\/talkpal.ai\/bs\/?s={search_term_string}\"},\"query-input\":{\"@type\":\"PropertyValueSpecification\",\"valueRequired\":true,\"valueName\":\"search_term_string\"}}],\"inLanguage\":\"bs-BA\"},{\"@type\":\"Organization\",\"@id\":\"https:\/\/talkpal.ai\/bs\/#organization\",\"name\":\"Talkpal, Inc.\",\"alternateName\":\"Talkpal AI\",\"url\":\"https:\/\/talkpal.ai\/bs\/\",\"logo\":{\"@type\":\"ImageObject\",\"inLanguage\":\"bs-BA\",\"@id\":\"https:\/\/talkpal.ai\/bs\/#\/schema\/logo\/image\/\",\"url\":\"https:\/\/talkpal.ai\/wp-content\/uploads\/2024\/03\/Talkpal-Logo-Icon.png\",\"contentUrl\":\"https:\/\/talkpal.ai\/wp-content\/uploads\/2024\/03\/Talkpal-Logo-Icon.png\",\"width\":2880,\"height\":2880,\"caption\":\"Talkpal, Inc.\"},\"image\":{\"@id\":\"https:\/\/talkpal.ai\/bs\/#\/schema\/logo\/image\/\"},\"sameAs\":[\"https:\/\/www.facebook.com\/profile.php?id=100090733639311\",\"https:\/\/x.com\/talkpalai\",\"https:\/\/www.linkedin.com\/company\/talkpal\/\",\"https:\/\/www.youtube.com\/@TalkPal\/\",\"https:\/\/www.tiktok.com\/@talkpal\",\"https:\/\/www.instagram.com\/talkpal_ai\/\",\"https:\/\/www.crunchbase.com\/organization\/talkpal-9cde\",\"https:\/\/www.g2.com\/products\/talkpal-for-business\/\",\"https:\/\/www.trustpilot.com\/review\/talkpal.ai\",\"https:\/\/www.capterra.com\/p\/10006800\/TalkPal\/\"],\"description\":\"Talkpal is a language learning web and mobile education app, powered by the latest AI technologies, that provides engaging experiences to its customers in many different languages to help them improve their language skills. Users can chat about unlimited amount of topics with the app and use other modes to practice their language learning.\",\"email\":\"support@talkpal.ai\",\"legalName\":\"Talkpal, Inc.\",\"foundingDate\":\"2023-04-03\",\"duns\":\"118989042\",\"numberOfEmployees\":{\"@type\":\"QuantitativeValue\",\"minValue\":\"11\",\"maxValue\":\"50\"},\"publishingPrinciples\":\"https:\/\/talkpal.ai\/publishing-principles\/\",\"actionableFeedbackPolicy\":\"https:\/\/talkpal.ai\/actionable-feedback-policy\/\",\"correctionsPolicy\":\"https:\/\/talkpal.ai\/corrections-policy\/\",\"ethicsPolicy\":\"https:\/\/talkpal.ai\/ethics-policy\/\",\"diversityPolicy\":\"https:\/\/talkpal.ai\/diversity-policy\/\",\"diversityStaffingReport\":\"https:\/\/talkpal.ai\/diversity-policy\/\"}]}<\/script>\n<!-- \/ Yoast SEO Premium plugin. -->","yoast_head_json":{"title":"Korejske gramati\u010dke ve\u017ebe - Talkpal","description":"Pobolj\u0161ajte svoju korejsku gramatiku lako - vje\u017ebajte s interaktivnim vje\u017ebama, ovladajte jezi\u010dnim obrascima i izgradite samopouzdanje","robots":{"index":"index","follow":"follow","max-snippet":"max-snippet:-1","max-image-preview":"max-image-preview:large","max-video-preview":"max-video-preview:-1"},"canonical":"https:\/\/talkpal.ai\/bs\/korejske-gramaticke-vezbe\/","og_locale":"bs_BA","og_type":"article","og_title":"Korejske gramati\u010dke ve\u017ebe","og_description":"korejska gramatika topics U\u010denje korejskog jezika mo\u017ee biti uzbudljivo i nagra\u0111ivano iskustvo jer otvara nove kulturne i profesionalne mogu\u0107nosti.","og_url":"https:\/\/talkpal.ai\/bs\/korejske-gramaticke-vezbe\/","og_site_name":"Talkpal","article_publisher":"https:\/\/www.facebook.com\/profile.php?id=100090733639311","article_modified_time":"2025-12-17T16:50:02+00:00","og_image":[{"width":512,"height":512,"url":"https:\/\/talkpal.ai\/wp-content\/uploads\/2023\/04\/south-korea.png","type":"image\/png"}],"twitter_card":"summary_large_image","twitter_site":"@talkpalai","twitter_misc":{"Est. reading time":"3 minute"},"schema":{"@context":"https:\/\/schema.org","@graph":[{"@type":"WebPage","@id":"https:\/\/talkpal.ai\/bs\/korejske-gramaticke-vezbe\/","url":"https:\/\/talkpal.ai\/bs\/korejske-gramaticke-vezbe\/","name":"Korejske gramati\u010dke ve\u017ebe - Talkpal","isPartOf":{"@id":"https:\/\/talkpal.ai\/bs\/#website"},"primaryImageOfPage":{"@id":"https:\/\/talkpal.ai\/bs\/korejske-gramaticke-vezbe\/#primaryimage"},"image":{"@id":"https:\/\/talkpal.ai\/bs\/korejske-gramaticke-vezbe\/#primaryimage"},"thumbnailUrl":"https:\/\/talkpal.ai\/wp-content\/uploads\/2023\/04\/south-korea.png","datePublished":"2023-06-16T10:27:33+00:00","dateModified":"2025-12-17T16:50:02+00:00","description":"Pobolj\u0161ajte svoju korejsku gramatiku lako - vje\u017ebajte s interaktivnim vje\u017ebama, ovladajte jezi\u010dnim obrascima i izgradite samopouzdanje","breadcrumb":{"@id":"https:\/\/talkpal.ai\/bs\/korejske-gramaticke-vezbe\/#breadcrumb"},"inLanguage":"bs-BA","potentialAction":[{"@type":"ReadAction","target":["https:\/\/talkpal.ai\/bs\/korejske-gramaticke-vezbe\/"]}]},{"@type":"ImageObject","inLanguage":"bs-BA","@id":"https:\/\/talkpal.ai\/bs\/korejske-gramaticke-vezbe\/#primaryimage","url":"https:\/\/talkpal.ai\/wp-content\/uploads\/2023\/04\/south-korea.png","contentUrl":"https:\/\/talkpal.ai\/wp-content\/uploads\/2023\/04\/south-korea.png","width":512,"height":512},{"@type":"BreadcrumbList","@id":"https:\/\/talkpal.ai\/bs\/korejske-gramaticke-vezbe\/#breadcrumb","itemListElement":[{"@type":"ListItem","position":1,"name":"Homepage","item":"https:\/\/talkpal.ai\/bs\/"},{"@type":"ListItem","position":2,"name":"Korejske gramati\u010dke ve\u017ebe"}]},{"@type":"WebSite","@id":"https:\/\/talkpal.ai\/bs\/#website","url":"https:\/\/talkpal.ai\/bs\/","name":"Talkpal","description":"AI Language Learning","publisher":{"@id":"https:\/\/talkpal.ai\/bs\/#organization"},"alternateName":"Talkpal AI","potentialAction":[{"@type":"SearchAction","target":{"@type":"EntryPoint","urlTemplate":"https:\/\/talkpal.ai\/bs\/?s={search_term_string}"},"query-input":{"@type":"PropertyValueSpecification","valueRequired":true,"valueName":"search_term_string"}}],"inLanguage":"bs-BA"},{"@type":"Organization","@id":"https:\/\/talkpal.ai\/bs\/#organization","name":"Talkpal, Inc.","alternateName":"Talkpal AI","url":"https:\/\/talkpal.ai\/bs\/","logo":{"@type":"ImageObject","inLanguage":"bs-BA","@id":"https:\/\/talkpal.ai\/bs\/#\/schema\/logo\/image\/","url":"https:\/\/talkpal.ai\/wp-content\/uploads\/2024\/03\/Talkpal-Logo-Icon.png","contentUrl":"https:\/\/talkpal.ai\/wp-content\/uploads\/2024\/03\/Talkpal-Logo-Icon.png","width":2880,"height":2880,"caption":"Talkpal, Inc."},"image":{"@id":"https:\/\/talkpal.ai\/bs\/#\/schema\/logo\/image\/"},"sameAs":["https:\/\/www.facebook.com\/profile.php?id=100090733639311","https:\/\/x.com\/talkpalai","https:\/\/www.linkedin.com\/company\/talkpal\/","https:\/\/www.youtube.com\/@TalkPal\/","https:\/\/www.tiktok.com\/@talkpal","https:\/\/www.instagram.com\/talkpal_ai\/","https:\/\/www.crunchbase.com\/organization\/talkpal-9cde","https:\/\/www.g2.com\/products\/talkpal-for-business\/","https:\/\/www.trustpilot.com\/review\/talkpal.ai","https:\/\/www.capterra.com\/p\/10006800\/TalkPal\/"],"description":"Talkpal is a language learning web and mobile education app, powered by the latest AI technologies, that provides engaging experiences to its customers in many different languages to help them improve their language skills. Users can chat about unlimited amount of topics with the app and use other modes to practice their language learning.","email":"support@talkpal.ai","legalName":"Talkpal, Inc.","foundingDate":"2023-04-03","duns":"118989042","numberOfEmployees":{"@type":"QuantitativeValue","minValue":"11","maxValue":"50"},"publishingPrinciples":"https:\/\/talkpal.ai\/publishing-principles\/","actionableFeedbackPolicy":"https:\/\/talkpal.ai\/actionable-feedback-policy\/","correctionsPolicy":"https:\/\/talkpal.ai\/corrections-policy\/","ethicsPolicy":"https:\/\/talkpal.ai\/ethics-policy\/","diversityPolicy":"https:\/\/talkpal.ai\/diversity-policy\/","diversityStaffingReport":"https:\/\/talkpal.ai\/diversity-policy\/"}]}},"_links":{"self":[{"href":"https:\/\/talkpal.ai\/bs\/wp-json\/wp\/v2\/pages\/135152","targetHints":{"allow":["GET"]}}],"collection":[{"href":"https:\/\/talkpal.ai\/bs\/wp-json\/wp\/v2\/pages"}],"about":[{"href":"https:\/\/talkpal.ai\/bs\/wp-json\/wp\/v2\/types\/page"}],"author":[{"embeddable":true,"href":"https:\/\/talkpal.ai\/bs\/wp-json\/wp\/v2\/users\/6"}],"replies":[{"embeddable":true,"href":"https:\/\/talkpal.ai\/bs\/wp-json\/wp\/v2\/comments?post=135152"}],"version-history":[{"count":0,"href":"https:\/\/talkpal.ai\/bs\/wp-json\/wp\/v2\/pages\/135152\/revisions"}],"wp:featuredmedia":[{"embeddable":true,"href":"https:\/\/talkpal.ai\/bs\/wp-json\/wp\/v2\/media\/107574"}],"wp:attachment":[{"href":"https:\/\/talkpal.ai\/bs\/wp-json\/wp\/v2\/media?parent=135152"}],"curies":[{"name":"wp","href":"https:\/\/api.w.org\/{rel}","templated":true}]}}