{"id":134745,"date":"2023-06-16T10:21:59","date_gmt":"2023-06-16T10:21:59","guid":{"rendered":"http:\/\/talkpal.ai\/japanske-gramaticke-vezbe\/"},"modified":"2025-12-17T16:57:37","modified_gmt":"2025-12-17T16:57:37","slug":"japanske-gramaticke-vezbe","status":"publish","type":"page","link":"https:\/\/talkpal.ai\/bs\/japanske-gramaticke-vezbe\/","title":{"rendered":"Japanske gramati\u010dke ve\u017ebe"},"content":{"rendered":"\r\n\r\n\r\n<section class=\"languageChallengeSection\">\r\n    <div class=\"languageInfoWrapper\">\r\n        \r\n        <h1>Japanske gramati\u010dke ve\u017ebe<\/h1>\r\n        <p>Spremni da podignete svoje znanje japanskog na vi\u0161i nivo? Vje\u017ebanje gramati\u010dkih vje\u017ebi je fantasti\u010dan na\u010din da razumijete re\u010deni\u010dne obrasce, pravilno koristite \u010destice i osje\u0107ate se kao kod ku\u0107e s jezikom. Uklju\u010dite se, isprobajte nove gramati\u010dke ta\u010dke i vidite kako vas svaka vje\u017eba pribli\u017eava te\u010dnosti \u2013 po\u010dnite vje\u017ebati japansku gramatiku ve\u0107 danas!<\/p>\r\n\r\n                            <a class=\"getStartedHidden\" href=\"https:\/\/app.talkpal.ai\/signup?lng=\">Kreni<\/a>\r\n        \r\n    <\/div>\r\n\r\n    <figure>\r\n    <img decoding=\"async\" width=\"768\" height=\"768\" src=\"https:\/\/talkpal.ai\/wp-content\/uploads\/2023\/06\/japanese-768x768.png\" class=\"languageImage no-lazy\" alt=\"Language learning for world travelers\" fetchpriority=\"high\" sizes=\"(max-width: 768px) 150px, 768px\" srcset=\"https:\/\/talkpal.ai\/wp-content\/uploads\/2023\/06\/japanese-768x768.png 768w, https:\/\/talkpal.ai\/wp-content\/uploads\/2023\/06\/japanese-300x300.png 300w\" \/>\r\n    \r\n\r\n    <\/figure>\r\n\r\n            <a class=\"getStartedVisible\" href=\"https:\/\/app.talkpal.ai\/signup?lng=\">Kreni<\/a>\r\n    \r\n<\/section>\r\n\r\n\r\n<!-- <section class=\"grammarSection\">\r\n    <div class=\"grammarLinks\">\r\n            <\/div>\r\n<\/section> -->\r\n\r\n\r\n\r\n\r\n<section class=\"promotionalBanner\">\r\n    <p class=\"promotionalText\">Najefikasniji na\u010din za u\u010denje jezika<\/p>\r\n    <a class=\"promotionalLink\" href=\"https:\/\/app.talkpal.ai\/signup?lng=\">Isprobajte Talkpal besplatno<\/a>\r\n<\/section>\n<div class=\"wp-block-group pageContainerStyle\"><div class=\"wp-block-group__inner-container is-layout-constrained wp-block-group-is-layout-constrained\">\n<h2 class=\"wp-block-heading\" id=\"h-japanese-grammar-topics\">Japanske gramati\u010dke teme<\/h2>\n\n\n\n<p>U\u010denje japanskog jezika mo\u017ee biti uzbudljivo i nagra\u0111ivano iskustvo, jer otvara potpuno <a href=\"https:\/\/talkpal.ai\/locations\/language-courses-in-novi\/\">novi<\/a> svet kulture, komunikacije i li\u010dnog rasta. <a href=\"https:\/\/talkpal.ai\/hr\/ucenje-japanskog-jezika\/\">Japanski jezik<\/a> ima jedinstvenu strukturu i gramati\u010dki sistem, koji se u po\u010detku mo\u017ee \u010diniti zastra\u0161uju\u0107im, ali se mo\u017ee savladati kroz konzistentnu praksu i dobro organizovan plan u\u010denja. Da bismo vam olak\u0161ali putovanje u svet japanskog jezika, grupisali smo su\u0161tinske gramati\u010dke teme u nizu koji \u0107e vam pomo\u0107i da izgradite sna\u017enu osnovu i glatko napredujete. Fokusiraju\u0107i se na ove gramati\u010dke elemente, bi\u0107ete na dobrom putu da postignete znanje japanskog jezika.<\/p>\n\n\n\n<h3 class=\"wp-block-heading\" id=\"h-1-particles\">1. \u010cestice:<\/h3>\n\n\n\n<p>\u010cestice su od su\u0161tinskog zna\u010daja na japanskom, jer ukazuju na odnos izme\u0111u re\u010di u re\u010denici. Oni funkcioni\u0161u kao predlozi i postpozicije na drugim jezicima. \u010cestice u\u010denja kao \u0161to su \u306f (wa), \u304c (ga), \u3092 (wo), \u306b (ni), \u3067 (de) i \u3068 (to) pomo\u0107i \u0107e vam da formirate osnovne re\u010denice i razumete funkciju svake re\u010di.<\/p>\n\n\n\n<h3 class=\"wp-block-heading\" id=\"h-2-nouns\">2. imenice:<\/h3>\n\n\n\n<p>Upoznavanje sa zajedni\u010dkim imenicama omogu\u0107i\u0107e vam da po\u010dnete da gradite svoj re\u010dnik. Japanske imenice nemaju spol, broj ili \u010dlanke, \u0161to pojednostavljuje proces u\u010denja.<\/p>\n\n\n\n<h3 class=\"wp-block-heading\" id=\"h-3-pronouns\">3. zamjenice:<\/h3>\n\n\n\n<p>Japanske zamjenice se koriste za ozna\u010davanje ljudi i stvari. Neke uobi\u010dajene zamjenice uklju\u010duju \u79c1 (watashi \u2013 ja), \u3042\u306a\u305f (anata \u2013 ti), \u5f7c (kare \u2013 on), \u5f7c\u5973 (kanojo \u2013 ona) i \u305d\u308c (bolno \u2013 to).<\/p>\n\n\n\n<h3 class=\"wp-block-heading\" id=\"h-4-verb-conjugation\">4. konjugacija glagola:<\/h3>\n\n\n\n<p><a href=\"https:\/\/talkpal.ai\/learn-japanese\/\">Japanski<\/a> glagoli imaju razli\u010dite konjugacije zasnovane na napetosti, u\u010dtivosti i drugim faktorima. U\u010denje osnovnih glagolskih oblika, kao \u0161to su oblik re\u010dnika, -masu forma i -te forma, pomo\u0107i \u0107e vam da izrazite razli\u010dite akcije i stanja.<\/p>\n\n\n\n<h3 class=\"wp-block-heading\" id=\"h-5-tenses\">5. napetosti:<\/h3>\n\n\n\n<p>Japanci imaju pro\u0161la i nepro\u0161la vremena, a ovaj drugi se koristi za sada\u0161nje i budu\u0107e akcije. Razumevanje kako da konjugujete glagole u ovim vremenima pomo\u0107i \u0107e vam da ta\u010dno izrazite vreme.<\/p>\n\n\n\n<h3 class=\"wp-block-heading\" id=\"h-6-adjectives\">6. pridjevi:<\/h3>\n\n\n\n<p>Japanski pridjevi su podijeljeni u dvije grupe: i-pridjevi i na-pridjevi. U\u010denje njihovih pravila konjugacije i kako ih koristiti u re\u010denicama pomo\u0107i \u0107e vam da opi\u0161ete predmete, ljude i situacije.<\/p>\n\n\n\n<h3 class=\"wp-block-heading\" id=\"h-7-adverbs\">7. prilozi:<\/h3>\n\n\n\n<p>Prilozi mijenjaju glagole, pridjeve i druge priloge, dodaju\u0107i nijanse va\u0161im re\u010denicama. Uobi\u010dajeni japanski prilozi uklju\u010duju \u901f\u304f (hayaku \u2013 brzo), \u3086\u3063\u304f\u308a (yukkuri \u2013 polako) i \u3068\u3066\u3082 (totemo \u2013 vrlo).<\/p>\n\n\n\n<h3 class=\"wp-block-heading\" id=\"h-8-prepositions\">8. prijedlozi:<\/h3>\n\n\n\n<p>Dok japanski nema prijedloge na isti na\u010din kao <a href=\"https:\/\/talkpal.ai\/learn-english-with-ai\/\">engleski<\/a>, neke partikule funkcioniraju sli\u010dno. U\u010denje ovih \u010destica i njihove upotrebe pomo\u0107i \u0107e vam da izrazite prostorne i vremenske odnose.<\/p>\n\n\n\n<h3 class=\"wp-block-heading\" id=\"h-9-conjunctions\">9. veznici:<\/h3>\n\n\n\n<p>Konjunkcije se koriste za povezivanje re\u010di, fraza i klauzula. Uobi\u010dajeni japanski veznici uklju\u010duju \u305d\u3057\u3066 (soshite \u2013 i), \u3057\u304b\u3057 (shikashi \u2013 me\u0111utim) i \u3060\u304b\u3089 (dakara \u2013 dakle).<\/p>\n\n\n\n<h3 class=\"wp-block-heading\" id=\"h-10-sentence-structure\">10. struktura re\u010denice:<\/h3>\n\n\n\n<p>Japanski jezik slijedi strukturu re\u010denice subjekt-objekt-glagol (SOV). Razumevanje ove strukture i drugih obrazaca re\u010denica pomo\u0107i \u0107e vam da kreirate ta\u010dne i slo\u017eene re\u010denice.<\/p>\n\n\n\n<h3 class=\"wp-block-heading\" id=\"h-11-honorifics\">11. po\u010dasti:<\/h3>\n\n\n\n<p>Japanci imaju slo\u017een sistem po\u010dasti koji izra\u017eava u\u010dtivost i po\u0161tovanje. U\u010denje osnova po\u010dasnog govora, kao \u0161to je upotreba \u3067\u3059 (desu) i \u307e\u3059 (masu), pomo\u0107i \u0107e vam da se kre\u0107ete kroz dru\u0161tvene situacije.<\/p>\n\n\n\n<h3 class=\"wp-block-heading\" id=\"h-12-expressions\">12. izrazi:<\/h3>\n\n\n\n<p>Upoznavanje sa uobi\u010dajenim japanskim izrazima i idiomima pomo\u0107i \u0107e vam da zvu\u010dite prirodnije i te\u010dnije u razgovoru.<\/p>\n\n\n\n<h3 class=\"wp-block-heading\" id=\"h-13-numbers\">13. brojevi:<\/h3>\n\n\n\n<p>Japanski ima jedinstven sistem brojeva, sa razli\u010ditim broja\u010dima za razli\u010dite objekte. U\u010denje brojanja i kori\u0161\u0107enja brojeva u kontekstu je od su\u0161tinskog zna\u010daja za svakodnevnu komunikaciju.<\/p>\n\n\n\n<h3 class=\"wp-block-heading\" id=\"h-14-verbs\">14. glagoli:<\/h3>\n\n\n\n<p>Kona\u010dno, pro\u0161irenje re\u010dnika glagola omogu\u0107i\u0107e vam da izrazite \u0161irok spektar akcija i stanja, omogu\u0107avaju\u0107i vam da efikasnije komunicirate na japanskom.<\/p>\n<\/div><\/div>\n\r\n<section class=\"learnNavigationSection\">\r\n            \r\n        <a href=\"https:\/\/talkpal.ai\/bs\/nauci-japanski\/\">\r\n            <div class=\"learnNavigationWrapper\">\r\n                <div class=\"learnNavigationContent\">\r\n                    <img decoding=\"async\" src=\"https:\/\/talkpal.ai\/wp-content\/uploads\/2024\/08\/Japanese.jpg\" alt=\"Japanese Flag\">\r\n                    <div>\r\n                        <h4>O u\u010denju japanskog<\/h4>\r\n                        <p>Saznaj sve o japanskoj gramatici<\/p>\r\n                    <\/div>\r\n                <\/div>\r\n            <\/div>\r\n        <\/a>\r\n\r\n        \r\n        <a href=\"https:\/\/talkpal.ai\/bs\/japanska-gramatika\/\">\r\n            <div class=\"learnNavigationWrapper\">\r\n                <div class=\"learnNavigationContent\">\r\n                    <img decoding=\"async\" src=\"https:\/\/talkpal.ai\/wp-content\/uploads\/2024\/08\/Japanese.jpg\" alt=\"Japanese Flag\">\r\n                    <div>\r\n                        <h4>Japanske gramatike<\/h4>\r\n                        <p>Japanska gramatika.<\/p>\r\n                    <\/div>\r\n                <\/div>\r\n            <\/div>\r\n        <\/a>\r\n\r\n        \r\n        <a href=\"https:\/\/talkpal.ai\/vocabulary_language\/japanese\/\">\r\n            <div class=\"learnNavigationWrapper\">\r\n                <div class=\"learnNavigationContent\">\r\n                    <img decoding=\"async\" src=\"https:\/\/talkpal.ai\/wp-content\/uploads\/2024\/08\/Japanese.jpg\" alt=\"Japanese Flag\">\r\n                    <div>\r\n                        <h4>Japanski vokabular<\/h4>\r\n                        <p>Pro\u0161irite svoj japanski vokabular.<\/p>\r\n                    <\/div>\r\n                <\/div>\r\n            <\/div>\r\n        <\/a>\r\n\r\n            <\/section>","protected":false},"excerpt":{"rendered":"<p>Japanske gramati\u010dke teme U\u010denje japanskog jezika mo\u017ee biti uzbudljivo i nagra\u0111ivano iskustvo, jer otvara potpuno novi svet kulture, komunikacije i li\u010dnog rasta. Japanski jezik ima jedinstvenu strukturu i gramati\u010dki sistem, koji se u po\u010detku mo\u017ee \u010diniti zastra\u0161uju\u0107im, ali se mo\u017ee savladati kroz konzistentnu praksu i dobro organizovan plan u\u010denja. Da bismo vam olak\u0161ali putovanje u [&hellip;]<\/p>\n","protected":false},"author":6,"featured_media":107255,"parent":0,"menu_order":0,"comment_status":"closed","ping_status":"closed","template":"LearningContentPage.php","meta":{"_acf_changed":false,"footnotes":""},"class_list":["post-134745","page","type-page","status-publish","has-post-thumbnail","hentry"],"acf":[],"yoast_head":"<!-- This site is optimized with the Yoast SEO Premium plugin v27.2 (Yoast SEO v27.2) - https:\/\/yoast.com\/product\/yoast-seo-premium-wordpress\/ -->\n<title>Japanske gramati\u010dke ve\u017ebe - Talkpal<\/title>\n<meta name=\"description\" content=\"Unaprijedite svoje znanje japanske gramatike - savladajte re\u010deni\u010dne strukture, vje\u017ebajte interaktivne aktivnosti i pobolj\u0161ajte te\u010dnost govora\" \/>\n<meta name=\"robots\" content=\"index, follow, max-snippet:-1, max-image-preview:large, max-video-preview:-1\" \/>\n<link rel=\"canonical\" href=\"https:\/\/talkpal.ai\/bs\/japanske-gramaticke-vezbe\/\" \/>\n<meta property=\"og:locale\" content=\"bs_BA\" \/>\n<meta property=\"og:type\" content=\"article\" \/>\n<meta property=\"og:title\" content=\"Japanske gramati\u010dke ve\u017ebe\" \/>\n<meta property=\"og:description\" content=\"Japanske gramati\u010dke teme U\u010denje japanskog jezika mo\u017ee biti uzbudljivo i nagra\u0111ivano iskustvo, jer otvara potpuno novi svet kulture, komunikacije i li\u010dnog\" \/>\n<meta property=\"og:url\" content=\"https:\/\/talkpal.ai\/bs\/japanske-gramaticke-vezbe\/\" \/>\n<meta property=\"og:site_name\" content=\"Talkpal\" \/>\n<meta property=\"article:publisher\" content=\"https:\/\/www.facebook.com\/profile.php?id=100090733639311\" \/>\n<meta property=\"article:modified_time\" content=\"2025-12-17T16:57:37+00:00\" \/>\n<meta property=\"og:image\" content=\"https:\/\/talkpal.ai\/wp-content\/uploads\/2023\/04\/japan.png\" \/>\n\t<meta property=\"og:image:width\" content=\"512\" \/>\n\t<meta property=\"og:image:height\" content=\"512\" \/>\n\t<meta property=\"og:image:type\" content=\"image\/png\" \/>\n<meta name=\"twitter:card\" content=\"summary_large_image\" \/>\n<meta name=\"twitter:site\" content=\"@talkpalai\" \/>\n<meta name=\"twitter:label1\" content=\"Est. reading time\" \/>\n\t<meta name=\"twitter:data1\" content=\"3 minute\" \/>\n<script type=\"application\/ld+json\" class=\"yoast-schema-graph\">{\"@context\":\"https:\/\/schema.org\",\"@graph\":[{\"@type\":\"WebPage\",\"@id\":\"https:\/\/talkpal.ai\/bs\/japanske-gramaticke-vezbe\/\",\"url\":\"https:\/\/talkpal.ai\/bs\/japanske-gramaticke-vezbe\/\",\"name\":\"Japanske gramati\u010dke ve\u017ebe - Talkpal\",\"isPartOf\":{\"@id\":\"https:\/\/talkpal.ai\/bs\/#website\"},\"primaryImageOfPage\":{\"@id\":\"https:\/\/talkpal.ai\/bs\/japanske-gramaticke-vezbe\/#primaryimage\"},\"image\":{\"@id\":\"https:\/\/talkpal.ai\/bs\/japanske-gramaticke-vezbe\/#primaryimage\"},\"thumbnailUrl\":\"https:\/\/talkpal.ai\/wp-content\/uploads\/2023\/04\/japan.png\",\"datePublished\":\"2023-06-16T10:21:59+00:00\",\"dateModified\":\"2025-12-17T16:57:37+00:00\",\"description\":\"Unaprijedite svoje znanje japanske gramatike - savladajte re\u010deni\u010dne strukture, vje\u017ebajte interaktivne aktivnosti i pobolj\u0161ajte te\u010dnost govora\",\"breadcrumb\":{\"@id\":\"https:\/\/talkpal.ai\/bs\/japanske-gramaticke-vezbe\/#breadcrumb\"},\"inLanguage\":\"bs-BA\",\"potentialAction\":[{\"@type\":\"ReadAction\",\"target\":[\"https:\/\/talkpal.ai\/bs\/japanske-gramaticke-vezbe\/\"]}]},{\"@type\":\"ImageObject\",\"inLanguage\":\"bs-BA\",\"@id\":\"https:\/\/talkpal.ai\/bs\/japanske-gramaticke-vezbe\/#primaryimage\",\"url\":\"https:\/\/talkpal.ai\/wp-content\/uploads\/2023\/04\/japan.png\",\"contentUrl\":\"https:\/\/talkpal.ai\/wp-content\/uploads\/2023\/04\/japan.png\",\"width\":512,\"height\":512},{\"@type\":\"BreadcrumbList\",\"@id\":\"https:\/\/talkpal.ai\/bs\/japanske-gramaticke-vezbe\/#breadcrumb\",\"itemListElement\":[{\"@type\":\"ListItem\",\"position\":1,\"name\":\"Homepage\",\"item\":\"https:\/\/talkpal.ai\/bs\/\"},{\"@type\":\"ListItem\",\"position\":2,\"name\":\"Japanske gramati\u010dke ve\u017ebe\"}]},{\"@type\":\"WebSite\",\"@id\":\"https:\/\/talkpal.ai\/bs\/#website\",\"url\":\"https:\/\/talkpal.ai\/bs\/\",\"name\":\"Talkpal\",\"description\":\"AI Language Learning\",\"publisher\":{\"@id\":\"https:\/\/talkpal.ai\/bs\/#organization\"},\"alternateName\":\"Talkpal AI\",\"potentialAction\":[{\"@type\":\"SearchAction\",\"target\":{\"@type\":\"EntryPoint\",\"urlTemplate\":\"https:\/\/talkpal.ai\/bs\/?s={search_term_string}\"},\"query-input\":{\"@type\":\"PropertyValueSpecification\",\"valueRequired\":true,\"valueName\":\"search_term_string\"}}],\"inLanguage\":\"bs-BA\"},{\"@type\":\"Organization\",\"@id\":\"https:\/\/talkpal.ai\/bs\/#organization\",\"name\":\"Talkpal, Inc.\",\"alternateName\":\"Talkpal AI\",\"url\":\"https:\/\/talkpal.ai\/bs\/\",\"logo\":{\"@type\":\"ImageObject\",\"inLanguage\":\"bs-BA\",\"@id\":\"https:\/\/talkpal.ai\/bs\/#\/schema\/logo\/image\/\",\"url\":\"https:\/\/talkpal.ai\/wp-content\/uploads\/2024\/03\/Talkpal-Logo-Icon.png\",\"contentUrl\":\"https:\/\/talkpal.ai\/wp-content\/uploads\/2024\/03\/Talkpal-Logo-Icon.png\",\"width\":2880,\"height\":2880,\"caption\":\"Talkpal, Inc.\"},\"image\":{\"@id\":\"https:\/\/talkpal.ai\/bs\/#\/schema\/logo\/image\/\"},\"sameAs\":[\"https:\/\/www.facebook.com\/profile.php?id=100090733639311\",\"https:\/\/x.com\/talkpalai\",\"https:\/\/www.linkedin.com\/company\/talkpal\/\",\"https:\/\/www.youtube.com\/@TalkPal\/\",\"https:\/\/www.tiktok.com\/@talkpal\",\"https:\/\/www.instagram.com\/talkpal_ai\/\",\"https:\/\/www.crunchbase.com\/organization\/talkpal-9cde\",\"https:\/\/www.g2.com\/products\/talkpal-for-business\/\",\"https:\/\/www.trustpilot.com\/review\/talkpal.ai\",\"https:\/\/www.capterra.com\/p\/10006800\/TalkPal\/\"],\"description\":\"Talkpal is a language learning web and mobile education app, powered by the latest AI technologies, that provides engaging experiences to its customers in many different languages to help them improve their language skills. Users can chat about unlimited amount of topics with the app and use other modes to practice their language learning.\",\"email\":\"support@talkpal.ai\",\"legalName\":\"Talkpal, Inc.\",\"foundingDate\":\"2023-04-03\",\"duns\":\"118989042\",\"numberOfEmployees\":{\"@type\":\"QuantitativeValue\",\"minValue\":\"11\",\"maxValue\":\"50\"},\"publishingPrinciples\":\"https:\/\/talkpal.ai\/publishing-principles\/\",\"actionableFeedbackPolicy\":\"https:\/\/talkpal.ai\/actionable-feedback-policy\/\",\"correctionsPolicy\":\"https:\/\/talkpal.ai\/corrections-policy\/\",\"ethicsPolicy\":\"https:\/\/talkpal.ai\/ethics-policy\/\",\"diversityPolicy\":\"https:\/\/talkpal.ai\/diversity-policy\/\",\"diversityStaffingReport\":\"https:\/\/talkpal.ai\/diversity-policy\/\"}]}<\/script>\n<!-- \/ Yoast SEO Premium plugin. -->","yoast_head_json":{"title":"Japanske gramati\u010dke ve\u017ebe - Talkpal","description":"Unaprijedite svoje znanje japanske gramatike - savladajte re\u010deni\u010dne strukture, vje\u017ebajte interaktivne aktivnosti i pobolj\u0161ajte te\u010dnost govora","robots":{"index":"index","follow":"follow","max-snippet":"max-snippet:-1","max-image-preview":"max-image-preview:large","max-video-preview":"max-video-preview:-1"},"canonical":"https:\/\/talkpal.ai\/bs\/japanske-gramaticke-vezbe\/","og_locale":"bs_BA","og_type":"article","og_title":"Japanske gramati\u010dke ve\u017ebe","og_description":"Japanske gramati\u010dke teme U\u010denje japanskog jezika mo\u017ee biti uzbudljivo i nagra\u0111ivano iskustvo, jer otvara potpuno novi svet kulture, komunikacije i li\u010dnog","og_url":"https:\/\/talkpal.ai\/bs\/japanske-gramaticke-vezbe\/","og_site_name":"Talkpal","article_publisher":"https:\/\/www.facebook.com\/profile.php?id=100090733639311","article_modified_time":"2025-12-17T16:57:37+00:00","og_image":[{"width":512,"height":512,"url":"https:\/\/talkpal.ai\/wp-content\/uploads\/2023\/04\/japan.png","type":"image\/png"}],"twitter_card":"summary_large_image","twitter_site":"@talkpalai","twitter_misc":{"Est. reading time":"3 minute"},"schema":{"@context":"https:\/\/schema.org","@graph":[{"@type":"WebPage","@id":"https:\/\/talkpal.ai\/bs\/japanske-gramaticke-vezbe\/","url":"https:\/\/talkpal.ai\/bs\/japanske-gramaticke-vezbe\/","name":"Japanske gramati\u010dke ve\u017ebe - Talkpal","isPartOf":{"@id":"https:\/\/talkpal.ai\/bs\/#website"},"primaryImageOfPage":{"@id":"https:\/\/talkpal.ai\/bs\/japanske-gramaticke-vezbe\/#primaryimage"},"image":{"@id":"https:\/\/talkpal.ai\/bs\/japanske-gramaticke-vezbe\/#primaryimage"},"thumbnailUrl":"https:\/\/talkpal.ai\/wp-content\/uploads\/2023\/04\/japan.png","datePublished":"2023-06-16T10:21:59+00:00","dateModified":"2025-12-17T16:57:37+00:00","description":"Unaprijedite svoje znanje japanske gramatike - savladajte re\u010deni\u010dne strukture, vje\u017ebajte interaktivne aktivnosti i pobolj\u0161ajte te\u010dnost govora","breadcrumb":{"@id":"https:\/\/talkpal.ai\/bs\/japanske-gramaticke-vezbe\/#breadcrumb"},"inLanguage":"bs-BA","potentialAction":[{"@type":"ReadAction","target":["https:\/\/talkpal.ai\/bs\/japanske-gramaticke-vezbe\/"]}]},{"@type":"ImageObject","inLanguage":"bs-BA","@id":"https:\/\/talkpal.ai\/bs\/japanske-gramaticke-vezbe\/#primaryimage","url":"https:\/\/talkpal.ai\/wp-content\/uploads\/2023\/04\/japan.png","contentUrl":"https:\/\/talkpal.ai\/wp-content\/uploads\/2023\/04\/japan.png","width":512,"height":512},{"@type":"BreadcrumbList","@id":"https:\/\/talkpal.ai\/bs\/japanske-gramaticke-vezbe\/#breadcrumb","itemListElement":[{"@type":"ListItem","position":1,"name":"Homepage","item":"https:\/\/talkpal.ai\/bs\/"},{"@type":"ListItem","position":2,"name":"Japanske gramati\u010dke ve\u017ebe"}]},{"@type":"WebSite","@id":"https:\/\/talkpal.ai\/bs\/#website","url":"https:\/\/talkpal.ai\/bs\/","name":"Talkpal","description":"AI Language Learning","publisher":{"@id":"https:\/\/talkpal.ai\/bs\/#organization"},"alternateName":"Talkpal AI","potentialAction":[{"@type":"SearchAction","target":{"@type":"EntryPoint","urlTemplate":"https:\/\/talkpal.ai\/bs\/?s={search_term_string}"},"query-input":{"@type":"PropertyValueSpecification","valueRequired":true,"valueName":"search_term_string"}}],"inLanguage":"bs-BA"},{"@type":"Organization","@id":"https:\/\/talkpal.ai\/bs\/#organization","name":"Talkpal, Inc.","alternateName":"Talkpal AI","url":"https:\/\/talkpal.ai\/bs\/","logo":{"@type":"ImageObject","inLanguage":"bs-BA","@id":"https:\/\/talkpal.ai\/bs\/#\/schema\/logo\/image\/","url":"https:\/\/talkpal.ai\/wp-content\/uploads\/2024\/03\/Talkpal-Logo-Icon.png","contentUrl":"https:\/\/talkpal.ai\/wp-content\/uploads\/2024\/03\/Talkpal-Logo-Icon.png","width":2880,"height":2880,"caption":"Talkpal, Inc."},"image":{"@id":"https:\/\/talkpal.ai\/bs\/#\/schema\/logo\/image\/"},"sameAs":["https:\/\/www.facebook.com\/profile.php?id=100090733639311","https:\/\/x.com\/talkpalai","https:\/\/www.linkedin.com\/company\/talkpal\/","https:\/\/www.youtube.com\/@TalkPal\/","https:\/\/www.tiktok.com\/@talkpal","https:\/\/www.instagram.com\/talkpal_ai\/","https:\/\/www.crunchbase.com\/organization\/talkpal-9cde","https:\/\/www.g2.com\/products\/talkpal-for-business\/","https:\/\/www.trustpilot.com\/review\/talkpal.ai","https:\/\/www.capterra.com\/p\/10006800\/TalkPal\/"],"description":"Talkpal is a language learning web and mobile education app, powered by the latest AI technologies, that provides engaging experiences to its customers in many different languages to help them improve their language skills. Users can chat about unlimited amount of topics with the app and use other modes to practice their language learning.","email":"support@talkpal.ai","legalName":"Talkpal, Inc.","foundingDate":"2023-04-03","duns":"118989042","numberOfEmployees":{"@type":"QuantitativeValue","minValue":"11","maxValue":"50"},"publishingPrinciples":"https:\/\/talkpal.ai\/publishing-principles\/","actionableFeedbackPolicy":"https:\/\/talkpal.ai\/actionable-feedback-policy\/","correctionsPolicy":"https:\/\/talkpal.ai\/corrections-policy\/","ethicsPolicy":"https:\/\/talkpal.ai\/ethics-policy\/","diversityPolicy":"https:\/\/talkpal.ai\/diversity-policy\/","diversityStaffingReport":"https:\/\/talkpal.ai\/diversity-policy\/"}]}},"_links":{"self":[{"href":"https:\/\/talkpal.ai\/bs\/wp-json\/wp\/v2\/pages\/134745","targetHints":{"allow":["GET"]}}],"collection":[{"href":"https:\/\/talkpal.ai\/bs\/wp-json\/wp\/v2\/pages"}],"about":[{"href":"https:\/\/talkpal.ai\/bs\/wp-json\/wp\/v2\/types\/page"}],"author":[{"embeddable":true,"href":"https:\/\/talkpal.ai\/bs\/wp-json\/wp\/v2\/users\/6"}],"replies":[{"embeddable":true,"href":"https:\/\/talkpal.ai\/bs\/wp-json\/wp\/v2\/comments?post=134745"}],"version-history":[{"count":0,"href":"https:\/\/talkpal.ai\/bs\/wp-json\/wp\/v2\/pages\/134745\/revisions"}],"wp:featuredmedia":[{"embeddable":true,"href":"https:\/\/talkpal.ai\/bs\/wp-json\/wp\/v2\/media\/107255"}],"wp:attachment":[{"href":"https:\/\/talkpal.ai\/bs\/wp-json\/wp\/v2\/media?parent=134745"}],"curies":[{"name":"wp","href":"https:\/\/api.w.org\/{rel}","templated":true}]}}