{"id":134416,"date":"2023-06-16T10:15:21","date_gmt":"2023-06-16T10:15:21","guid":{"rendered":"http:\/\/talkpal.ai\/hindi-gramaticke-vezbe\/"},"modified":"2025-12-17T16:19:06","modified_gmt":"2025-12-17T16:19:06","slug":"hindi-gramaticke-vezbe","status":"publish","type":"page","link":"https:\/\/talkpal.ai\/bs\/hindi-gramaticke-vezbe\/","title":{"rendered":"Hindi gramati\u010dke ve\u017ebe"},"content":{"rendered":"\r\n\r\n\r\n<section class=\"languageChallengeSection\">\r\n    <div class=\"languageInfoWrapper\">\r\n        \r\n        <h1>Hindi gramati\u010dke ve\u017ebe<\/h1>\r\n        <p>\u017delite li ste\u0107i ve\u0107e samopouzdanje u hindskom jeziku? Vje\u017ebanje gramati\u010dkih vje\u017ebi odli\u010dan je na\u010din za savladavanje re\u010deni\u010dne strukture, glagolskih oblika i jedinstvenih obrazaca hindskog jezika. Po\u010dnite raditi na hindskoj gramatici ve\u0107 danas i primje\u0107ujte da va\u0161e razumijevanje i te\u010dnost rastu sa svakom vje\u017ebom!\n\n<\/p>\r\n\r\n                            <a class=\"getStartedHidden\" href=\"https:\/\/app.talkpal.ai\/signup?lng=\">Kreni<\/a>\r\n        \r\n    <\/div>\r\n\r\n    <figure>\r\n    <img decoding=\"async\" width=\"768\" height=\"768\" src=\"https:\/\/talkpal.ai\/wp-content\/uploads\/2023\/06\/hindi-768x768.png\" class=\"languageImage no-lazy\" alt=\"Language learning for mental agility\" fetchpriority=\"high\" sizes=\"(max-width: 768px) 150px, 768px\" srcset=\"https:\/\/talkpal.ai\/wp-content\/uploads\/2023\/06\/hindi-768x768.png 768w, https:\/\/talkpal.ai\/wp-content\/uploads\/2023\/06\/hindi-300x300.png 300w\" \/>\r\n    \r\n\r\n    <\/figure>\r\n\r\n            <a class=\"getStartedVisible\" href=\"https:\/\/app.talkpal.ai\/signup?lng=\">Kreni<\/a>\r\n    \r\n<\/section>\r\n\r\n\r\n<!-- <section class=\"grammarSection\">\r\n    <div class=\"grammarLinks\">\r\n            <\/div>\r\n<\/section> -->\r\n\r\n\r\n\r\n\r\n<section class=\"promotionalBanner\">\r\n    <p class=\"promotionalText\">Najefikasniji na\u010din za u\u010denje jezika<\/p>\r\n    <a class=\"promotionalLink\" href=\"https:\/\/app.talkpal.ai\/signup?lng=\">Isprobajte Talkpal besplatno<\/a>\r\n<\/section>\n<div class=\"wp-block-group pageContainerStyle\"><div class=\"wp-block-group__inner-container is-layout-constrained wp-block-group-is-layout-constrained\">\n<h2 class=\"wp-block-heading\" id=\"h-hindi-grammar-topics\">Hindi Grammar Topics<\/h2>\n\n\n\n<p>U\u010denje novog jezika mo\u017ee biti uzbudljivo, ali izazovno iskustvo, posebno kada je re\u010d o razumevanju i savladavanju njegove gramatike. <a href=\"https:\/\/talkpal.ai\/learn-hindi\/\">Hindi<\/a>, koji je jedan od najrasprostranjenijih jezika na svetu, nudi jedinstveno i bogato lingvisti\u010dko iskustvo. Dok krenete na svoje putovanje da biste nau\u010dili <a href=\"https:\/\/talkpal.ai\/learn-hindi\/\">hindi<\/a>, neophodno je da razumete osnovne gramati\u010dke teme koje \u0107e postaviti sna\u017enu osnovu za va\u0161e jezi\u010dke ve\u0161tine. Ovaj vodi\u010d \u0107e vas upoznati sa klju\u010dnim hindi gramati\u010dkim temama, grupisanim u nizu koji \u0107e olak\u0161ati va\u0161 proces u\u010denja.<\/p>\n\n\n\n<h3 class=\"wp-block-heading\" id=\"h-1-nouns\">1. imenice:<\/h3>\n\n\n\n<p><a href=\"https:\/\/talkpal.ai\/ko\/ai-%ec%96%b8%ec%96%b4-%ea%b5%90%ec%82%ac\/\">Zapo\u010dnite<\/a> svoje hindi u\u010denje sa imenicama, jer su one gradivni blokovi bilo kog jezika. Na hindskom jeziku, imenice su kategorizirane u dva spola (mu\u0161ki i \u017eenski) i mogu biti jednine ili mno\u017eine. Razumevanje osnova hindi imenica \u0107e pomo\u0107i u formiranju jednostavnih re\u010denica i fraza.<\/p>\n\n\n\n<h3 class=\"wp-block-heading\" id=\"h-2-pronouns\">2. zamjenice:<\/h3>\n\n\n\n<p>Zamenice zamenjuju imenice u re\u010denici i poma\u017eu u izbegavanju ponavljanja. Hindi zamjenice su podijeljene u tri kategorije &#8211; li\u010dne, demonstrativne i upitne. Upoznajte se sa razli\u010ditim oblicima zamenica kako biste pobolj\u0161ali svoje komunikacione ve\u0161tine.<\/p>\n\n\n\n<h3 class=\"wp-block-heading\" id=\"h-3-adjectives\">3. pridjevi:<\/h3>\n\n\n\n<p>Pridjevi opisuju kvalitete imenica i zamjenica. Na hindskom se pridjevi sla\u017eu s imenicom koju opisuju spolom i brojem. U\u010denje pridjeva omogu\u0107it \u0107e vam da \u017eivlje izrazite svoje misli i mi\u0161ljenja.<\/p>\n\n\n\n<h3 class=\"wp-block-heading\" id=\"h-4-verbs\">4. glagoli:<\/h3>\n\n\n\n<p>Glagoli ozna\u010davaju akcije ili stanja postojanja. Hindi glagoli imaju tri glavna vremena &#8211; pro\u0161lost, sada\u0161njost i budu\u0107nost &#8211; i mogu biti indikativni ili konjuktivni. Sticanje solidnog razumevanja hindi glagola i njihovih konjugacija omogu\u0107i\u0107e vam da ta\u010dno izrazite akcije i doga\u0111aje.<\/p>\n\n\n\n<h3 class=\"wp-block-heading\" id=\"h-5-tenses-indicative\">5. Napetost indikativna:<\/h3>\n\n\n\n<p>Indikativna vremena na hindskom jeziku izra\u017eavaju \u010dinjenice ili sigurnost i koriste se u svakodnevnim razgovorima. Nauchite pravila i konjugatsi\u0458e za proshlost, sadashnja i budu\u045ba indikativna vremena kako biste jasno i efikasno komunitsirali.<\/p>\n\n\n\n<h3 class=\"wp-block-heading\" id=\"h-6-tenses-subjunctive\">6. napeti konjuktiv:<\/h3>\n\n\n\n<p>Konjuktivna vremena na hindskom jeziku predstavljaju akcije ili doga\u0111aje koji su neizvjesni, hipoteti\u010dki ili suprotni \u010dinjenicama. Ovladavanje konjuktivnim raspolo\u017eenjem omogu\u0107i\u0107e vam da izrazite sumnju, mogu\u0107nost i \u017eelje.<\/p>\n\n\n\n<h3 class=\"wp-block-heading\" id=\"h-7-tense-comparison\">7. napeto pore\u0111enje:<\/h3>\n\n\n\n<p>Pore\u0111enje razli\u010ditih vremena na hindskom jeziku poma\u017ee vam da razumete odnose izme\u0111u akcija i doga\u0111aja u vremenu. Praksa formiranja re\u010denica koriste\u0107i razli\u010dita vremena za razvoj sveobuhvatnog razumijevanja vremenskih odnosa.<\/p>\n\n\n\n<h3 class=\"wp-block-heading\" id=\"h-8-adverbs\">8. prilozi:<\/h3>\n\n\n\n<p>Prilozi modifikuju glagole, pridjeve ili druge priloge i pru\u017eaju dodatne informacije o radnjama ili kvalitetima. Nau\u010dite uobi\u010dajene hindi priloge i njihovo postavljanje u re\u010denice kako biste pobolj\u0161ali svoje opisne sposobnosti.<\/p>\n\n\n\n<h3 class=\"wp-block-heading\" id=\"h-9-prepositions\">9. prijedlozi:<\/h3>\n\n\n\n<p>Predlozi na hindskom jeziku povezuju imenice, zamenice ili fraze sa drugim re\u010dima u re\u010denici. Oni ozna\u010davaju odnose kao \u0161to su lokacija, vreme i pravac. Upoznajte se sa hindi predlozima i njihovom upotrebom za kreiranje slo\u017eenijih re\u010denica.<\/p>\n\n\n\n<h3 class=\"wp-block-heading\" id=\"h-10-articles\">10. \u010dlanci:<\/h3>\n\n\n\n<p>Hindi nema \u010dlanke kao \u0161to je <a href=\"https:\/\/talkpal.ai\/learn-english-with-ai\/\">engleski<\/a> (the, a, an), ali koristi postpozicije za preno\u0161enje sli\u010dnih zna\u010denja. Razumevanje upotrebe polo\u017eaja na hindskom jeziku pomo\u0107i \u0107e vam da pravilno prenesete odre\u0111enost i neodre\u0111enost u svojim re\u010denicama.<\/p>\n\n\n\n<h3 class=\"wp-block-heading\" id=\"h-11-sentence-structure\">11. struktura re\u010denice:<\/h3>\n\n\n\n<p>Na kraju, nau\u010dite osnovnu strukturu re\u010denice na hindskom jeziku, <a href=\"https:\/\/talkpal.ai\/locations\/language-courses-in-koja\/\">koja<\/a> prati obrazac subjekt-objekt-glagol (SOV). Razumevanje strukture re\u010denice na hindi jeziku omogu\u0107i\u0107e vam da komunicirate efikasno i jasno.<\/p>\n\n\n\n<p>Prate\u0107i ovaj niz tema hindi gramatike, bi\u0107ete dobro opremljeni da razumete, govorite i pi\u0161ete na hindskom jeziku, omogu\u0107avaju\u0107i vam da se u potpunosti uronite u bogatu kulturu i tradiciju regiona hindskog govornog podru\u010dja.<\/p>\n<\/div><\/div>\n\r\n<section class=\"learnNavigationSection\">\r\n            \r\n        <a href=\"https:\/\/talkpal.ai\/bs\/nauci-hindi\/\">\r\n            <div class=\"learnNavigationWrapper\">\r\n                <div class=\"learnNavigationContent\">\r\n                    <img decoding=\"async\" src=\"https:\/\/talkpal.ai\/wp-content\/uploads\/2024\/08\/Hindi.jpg\" alt=\"Indian Flag\">\r\n                    <div>\r\n                        <h4>O u\u010denju hindi<\/h4>\r\n                        <p>Saznaj sve o hindi gramatici.<\/p>\r\n                    <\/div>\r\n                <\/div>\r\n            <\/div>\r\n        <\/a>\r\n\r\n        \r\n        <a href=\"https:\/\/talkpal.ai\/bs\/hindi-gramatika\/\">\r\n            <div class=\"learnNavigationWrapper\">\r\n                <div class=\"learnNavigationContent\">\r\n                    <img decoding=\"async\" src=\"https:\/\/talkpal.ai\/wp-content\/uploads\/2024\/08\/Hindi.jpg\" alt=\"Indian Flag\">\r\n                    <div>\r\n                        <h4>Lekcije hindi gramatike<\/h4>\r\n                        <p>Praktikuj hindi gramatiku.<\/p>\r\n                    <\/div>\r\n                <\/div>\r\n            <\/div>\r\n        <\/a>\r\n\r\n        \r\n        <a href=\"https:\/\/talkpal.ai\/vocabulary_language\/hindi\/\">\r\n            <div class=\"learnNavigationWrapper\">\r\n                <div class=\"learnNavigationContent\">\r\n                    <img decoding=\"async\" src=\"https:\/\/talkpal.ai\/wp-content\/uploads\/2024\/08\/Hindi.jpg\" alt=\"Indian Flag\">\r\n                    <div>\r\n                        <h4>Hindi vokabular<\/h4>\r\n                        <p>Pro\u0161irite svoj hindski vokabular.<\/p>\r\n                    <\/div>\r\n                <\/div>\r\n            <\/div>\r\n        <\/a>\r\n\r\n            <\/section>","protected":false},"excerpt":{"rendered":"<p>Hindi Grammar Topics U\u010denje novog jezika mo\u017ee biti uzbudljivo, ali izazovno iskustvo, posebno kada je re\u010d o razumevanju i savladavanju njegove gramatike. Hindi, koji je jedan od najrasprostranjenijih jezika na svetu, nudi jedinstveno i bogato lingvisti\u010dko iskustvo. Dok krenete na svoje putovanje da biste nau\u010dili hindi, neophodno je da razumete osnovne gramati\u010dke teme koje \u0107e [&hellip;]<\/p>\n","protected":false},"author":6,"featured_media":188195,"parent":0,"menu_order":0,"comment_status":"closed","ping_status":"closed","template":"LearningContentPage.php","meta":{"_acf_changed":false,"footnotes":""},"class_list":["post-134416","page","type-page","status-publish","has-post-thumbnail","hentry"],"acf":[],"yoast_head":"<!-- This site is optimized with the Yoast SEO Premium plugin v27.2 (Yoast SEO v27.2) - https:\/\/yoast.com\/product\/yoast-seo-premium-wordpress\/ -->\n<title>Hindi gramati\u010dke ve\u017ebe - Talkpal<\/title>\n<meta name=\"description\" content=\"Vje\u017ebajte gramatiku hindskog jezika s lako\u0107om - isprobajte interaktivne vje\u017ebe kako biste pobolj\u0161ali svoje vje\u0161tine i br\u017ee u\u010dili uz Talkpal AI.\" \/>\n<meta name=\"robots\" content=\"index, follow, max-snippet:-1, max-image-preview:large, max-video-preview:-1\" \/>\n<link rel=\"canonical\" href=\"https:\/\/talkpal.ai\/bs\/hindi-gramaticke-vezbe\/\" \/>\n<meta property=\"og:locale\" content=\"bs_BA\" \/>\n<meta property=\"og:type\" content=\"article\" \/>\n<meta property=\"og:title\" content=\"Hindi gramati\u010dke ve\u017ebe\" \/>\n<meta property=\"og:description\" content=\"Hindi Grammar Topics U\u010denje novog jezika mo\u017ee biti uzbudljivo, ali izazovno iskustvo, posebno kada je re\u010d o razumevanju i savladavanju njegove gramatike.\" \/>\n<meta property=\"og:url\" content=\"https:\/\/talkpal.ai\/bs\/hindi-gramaticke-vezbe\/\" \/>\n<meta property=\"og:site_name\" content=\"Talkpal\" \/>\n<meta property=\"article:publisher\" content=\"https:\/\/www.facebook.com\/profile.php?id=100090733639311\" \/>\n<meta property=\"article:modified_time\" content=\"2025-12-17T16:19:06+00:00\" \/>\n<meta property=\"og:image\" content=\"https:\/\/talkpal.ai\/wp-content\/uploads\/2024\/02\/india.png\" \/>\n\t<meta property=\"og:image:width\" content=\"517\" \/>\n\t<meta property=\"og:image:height\" content=\"517\" \/>\n\t<meta property=\"og:image:type\" content=\"image\/png\" \/>\n<meta name=\"twitter:card\" content=\"summary_large_image\" \/>\n<meta name=\"twitter:site\" content=\"@talkpalai\" \/>\n<meta name=\"twitter:label1\" content=\"Est. reading time\" \/>\n\t<meta name=\"twitter:data1\" content=\"3 minute\" \/>\n<script type=\"application\/ld+json\" class=\"yoast-schema-graph\">{\"@context\":\"https:\/\/schema.org\",\"@graph\":[{\"@type\":\"WebPage\",\"@id\":\"https:\/\/talkpal.ai\/bs\/hindi-gramaticke-vezbe\/\",\"url\":\"https:\/\/talkpal.ai\/bs\/hindi-gramaticke-vezbe\/\",\"name\":\"Hindi gramati\u010dke ve\u017ebe - Talkpal\",\"isPartOf\":{\"@id\":\"https:\/\/talkpal.ai\/bs\/#website\"},\"primaryImageOfPage\":{\"@id\":\"https:\/\/talkpal.ai\/bs\/hindi-gramaticke-vezbe\/#primaryimage\"},\"image\":{\"@id\":\"https:\/\/talkpal.ai\/bs\/hindi-gramaticke-vezbe\/#primaryimage\"},\"thumbnailUrl\":\"https:\/\/talkpal.ai\/wp-content\/uploads\/2024\/02\/india.png\",\"datePublished\":\"2023-06-16T10:15:21+00:00\",\"dateModified\":\"2025-12-17T16:19:06+00:00\",\"description\":\"Vje\u017ebajte gramatiku hindskog jezika s lako\u0107om - isprobajte interaktivne vje\u017ebe kako biste pobolj\u0161ali svoje vje\u0161tine i br\u017ee u\u010dili uz Talkpal AI.\",\"breadcrumb\":{\"@id\":\"https:\/\/talkpal.ai\/bs\/hindi-gramaticke-vezbe\/#breadcrumb\"},\"inLanguage\":\"bs-BA\",\"potentialAction\":[{\"@type\":\"ReadAction\",\"target\":[\"https:\/\/talkpal.ai\/bs\/hindi-gramaticke-vezbe\/\"]}]},{\"@type\":\"ImageObject\",\"inLanguage\":\"bs-BA\",\"@id\":\"https:\/\/talkpal.ai\/bs\/hindi-gramaticke-vezbe\/#primaryimage\",\"url\":\"https:\/\/talkpal.ai\/wp-content\/uploads\/2024\/02\/india.png\",\"contentUrl\":\"https:\/\/talkpal.ai\/wp-content\/uploads\/2024\/02\/india.png\",\"width\":517,\"height\":517,\"caption\":\"TalkPal Indian Flag\"},{\"@type\":\"BreadcrumbList\",\"@id\":\"https:\/\/talkpal.ai\/bs\/hindi-gramaticke-vezbe\/#breadcrumb\",\"itemListElement\":[{\"@type\":\"ListItem\",\"position\":1,\"name\":\"Homepage\",\"item\":\"https:\/\/talkpal.ai\/bs\/\"},{\"@type\":\"ListItem\",\"position\":2,\"name\":\"Hindi gramati\u010dke ve\u017ebe\"}]},{\"@type\":\"WebSite\",\"@id\":\"https:\/\/talkpal.ai\/bs\/#website\",\"url\":\"https:\/\/talkpal.ai\/bs\/\",\"name\":\"Talkpal\",\"description\":\"AI Language Learning\",\"publisher\":{\"@id\":\"https:\/\/talkpal.ai\/bs\/#organization\"},\"alternateName\":\"Talkpal AI\",\"potentialAction\":[{\"@type\":\"SearchAction\",\"target\":{\"@type\":\"EntryPoint\",\"urlTemplate\":\"https:\/\/talkpal.ai\/bs\/?s={search_term_string}\"},\"query-input\":{\"@type\":\"PropertyValueSpecification\",\"valueRequired\":true,\"valueName\":\"search_term_string\"}}],\"inLanguage\":\"bs-BA\"},{\"@type\":\"Organization\",\"@id\":\"https:\/\/talkpal.ai\/bs\/#organization\",\"name\":\"Talkpal, Inc.\",\"alternateName\":\"Talkpal AI\",\"url\":\"https:\/\/talkpal.ai\/bs\/\",\"logo\":{\"@type\":\"ImageObject\",\"inLanguage\":\"bs-BA\",\"@id\":\"https:\/\/talkpal.ai\/bs\/#\/schema\/logo\/image\/\",\"url\":\"https:\/\/talkpal.ai\/wp-content\/uploads\/2024\/03\/Talkpal-Logo-Icon.png\",\"contentUrl\":\"https:\/\/talkpal.ai\/wp-content\/uploads\/2024\/03\/Talkpal-Logo-Icon.png\",\"width\":2880,\"height\":2880,\"caption\":\"Talkpal, Inc.\"},\"image\":{\"@id\":\"https:\/\/talkpal.ai\/bs\/#\/schema\/logo\/image\/\"},\"sameAs\":[\"https:\/\/www.facebook.com\/profile.php?id=100090733639311\",\"https:\/\/x.com\/talkpalai\",\"https:\/\/www.linkedin.com\/company\/talkpal\/\",\"https:\/\/www.youtube.com\/@TalkPal\/\",\"https:\/\/www.tiktok.com\/@talkpal\",\"https:\/\/www.instagram.com\/talkpal_ai\/\",\"https:\/\/www.crunchbase.com\/organization\/talkpal-9cde\",\"https:\/\/www.g2.com\/products\/talkpal-for-business\/\",\"https:\/\/www.trustpilot.com\/review\/talkpal.ai\",\"https:\/\/www.capterra.com\/p\/10006800\/TalkPal\/\"],\"description\":\"Talkpal is a language learning web and mobile education app, powered by the latest AI technologies, that provides engaging experiences to its customers in many different languages to help them improve their language skills. Users can chat about unlimited amount of topics with the app and use other modes to practice their language learning.\",\"email\":\"support@talkpal.ai\",\"legalName\":\"Talkpal, Inc.\",\"foundingDate\":\"2023-04-03\",\"duns\":\"118989042\",\"numberOfEmployees\":{\"@type\":\"QuantitativeValue\",\"minValue\":\"11\",\"maxValue\":\"50\"},\"publishingPrinciples\":\"https:\/\/talkpal.ai\/publishing-principles\/\",\"actionableFeedbackPolicy\":\"https:\/\/talkpal.ai\/actionable-feedback-policy\/\",\"correctionsPolicy\":\"https:\/\/talkpal.ai\/corrections-policy\/\",\"ethicsPolicy\":\"https:\/\/talkpal.ai\/ethics-policy\/\",\"diversityPolicy\":\"https:\/\/talkpal.ai\/diversity-policy\/\",\"diversityStaffingReport\":\"https:\/\/talkpal.ai\/diversity-policy\/\"}]}<\/script>\n<!-- \/ Yoast SEO Premium plugin. -->","yoast_head_json":{"title":"Hindi gramati\u010dke ve\u017ebe - Talkpal","description":"Vje\u017ebajte gramatiku hindskog jezika s lako\u0107om - isprobajte interaktivne vje\u017ebe kako biste pobolj\u0161ali svoje vje\u0161tine i br\u017ee u\u010dili uz Talkpal AI.","robots":{"index":"index","follow":"follow","max-snippet":"max-snippet:-1","max-image-preview":"max-image-preview:large","max-video-preview":"max-video-preview:-1"},"canonical":"https:\/\/talkpal.ai\/bs\/hindi-gramaticke-vezbe\/","og_locale":"bs_BA","og_type":"article","og_title":"Hindi gramati\u010dke ve\u017ebe","og_description":"Hindi Grammar Topics U\u010denje novog jezika mo\u017ee biti uzbudljivo, ali izazovno iskustvo, posebno kada je re\u010d o razumevanju i savladavanju njegove gramatike.","og_url":"https:\/\/talkpal.ai\/bs\/hindi-gramaticke-vezbe\/","og_site_name":"Talkpal","article_publisher":"https:\/\/www.facebook.com\/profile.php?id=100090733639311","article_modified_time":"2025-12-17T16:19:06+00:00","og_image":[{"width":517,"height":517,"url":"https:\/\/talkpal.ai\/wp-content\/uploads\/2024\/02\/india.png","type":"image\/png"}],"twitter_card":"summary_large_image","twitter_site":"@talkpalai","twitter_misc":{"Est. reading time":"3 minute"},"schema":{"@context":"https:\/\/schema.org","@graph":[{"@type":"WebPage","@id":"https:\/\/talkpal.ai\/bs\/hindi-gramaticke-vezbe\/","url":"https:\/\/talkpal.ai\/bs\/hindi-gramaticke-vezbe\/","name":"Hindi gramati\u010dke ve\u017ebe - Talkpal","isPartOf":{"@id":"https:\/\/talkpal.ai\/bs\/#website"},"primaryImageOfPage":{"@id":"https:\/\/talkpal.ai\/bs\/hindi-gramaticke-vezbe\/#primaryimage"},"image":{"@id":"https:\/\/talkpal.ai\/bs\/hindi-gramaticke-vezbe\/#primaryimage"},"thumbnailUrl":"https:\/\/talkpal.ai\/wp-content\/uploads\/2024\/02\/india.png","datePublished":"2023-06-16T10:15:21+00:00","dateModified":"2025-12-17T16:19:06+00:00","description":"Vje\u017ebajte gramatiku hindskog jezika s lako\u0107om - isprobajte interaktivne vje\u017ebe kako biste pobolj\u0161ali svoje vje\u0161tine i br\u017ee u\u010dili uz Talkpal AI.","breadcrumb":{"@id":"https:\/\/talkpal.ai\/bs\/hindi-gramaticke-vezbe\/#breadcrumb"},"inLanguage":"bs-BA","potentialAction":[{"@type":"ReadAction","target":["https:\/\/talkpal.ai\/bs\/hindi-gramaticke-vezbe\/"]}]},{"@type":"ImageObject","inLanguage":"bs-BA","@id":"https:\/\/talkpal.ai\/bs\/hindi-gramaticke-vezbe\/#primaryimage","url":"https:\/\/talkpal.ai\/wp-content\/uploads\/2024\/02\/india.png","contentUrl":"https:\/\/talkpal.ai\/wp-content\/uploads\/2024\/02\/india.png","width":517,"height":517,"caption":"TalkPal Indian Flag"},{"@type":"BreadcrumbList","@id":"https:\/\/talkpal.ai\/bs\/hindi-gramaticke-vezbe\/#breadcrumb","itemListElement":[{"@type":"ListItem","position":1,"name":"Homepage","item":"https:\/\/talkpal.ai\/bs\/"},{"@type":"ListItem","position":2,"name":"Hindi gramati\u010dke ve\u017ebe"}]},{"@type":"WebSite","@id":"https:\/\/talkpal.ai\/bs\/#website","url":"https:\/\/talkpal.ai\/bs\/","name":"Talkpal","description":"AI Language Learning","publisher":{"@id":"https:\/\/talkpal.ai\/bs\/#organization"},"alternateName":"Talkpal AI","potentialAction":[{"@type":"SearchAction","target":{"@type":"EntryPoint","urlTemplate":"https:\/\/talkpal.ai\/bs\/?s={search_term_string}"},"query-input":{"@type":"PropertyValueSpecification","valueRequired":true,"valueName":"search_term_string"}}],"inLanguage":"bs-BA"},{"@type":"Organization","@id":"https:\/\/talkpal.ai\/bs\/#organization","name":"Talkpal, Inc.","alternateName":"Talkpal AI","url":"https:\/\/talkpal.ai\/bs\/","logo":{"@type":"ImageObject","inLanguage":"bs-BA","@id":"https:\/\/talkpal.ai\/bs\/#\/schema\/logo\/image\/","url":"https:\/\/talkpal.ai\/wp-content\/uploads\/2024\/03\/Talkpal-Logo-Icon.png","contentUrl":"https:\/\/talkpal.ai\/wp-content\/uploads\/2024\/03\/Talkpal-Logo-Icon.png","width":2880,"height":2880,"caption":"Talkpal, Inc."},"image":{"@id":"https:\/\/talkpal.ai\/bs\/#\/schema\/logo\/image\/"},"sameAs":["https:\/\/www.facebook.com\/profile.php?id=100090733639311","https:\/\/x.com\/talkpalai","https:\/\/www.linkedin.com\/company\/talkpal\/","https:\/\/www.youtube.com\/@TalkPal\/","https:\/\/www.tiktok.com\/@talkpal","https:\/\/www.instagram.com\/talkpal_ai\/","https:\/\/www.crunchbase.com\/organization\/talkpal-9cde","https:\/\/www.g2.com\/products\/talkpal-for-business\/","https:\/\/www.trustpilot.com\/review\/talkpal.ai","https:\/\/www.capterra.com\/p\/10006800\/TalkPal\/"],"description":"Talkpal is a language learning web and mobile education app, powered by the latest AI technologies, that provides engaging experiences to its customers in many different languages to help them improve their language skills. Users can chat about unlimited amount of topics with the app and use other modes to practice their language learning.","email":"support@talkpal.ai","legalName":"Talkpal, Inc.","foundingDate":"2023-04-03","duns":"118989042","numberOfEmployees":{"@type":"QuantitativeValue","minValue":"11","maxValue":"50"},"publishingPrinciples":"https:\/\/talkpal.ai\/publishing-principles\/","actionableFeedbackPolicy":"https:\/\/talkpal.ai\/actionable-feedback-policy\/","correctionsPolicy":"https:\/\/talkpal.ai\/corrections-policy\/","ethicsPolicy":"https:\/\/talkpal.ai\/ethics-policy\/","diversityPolicy":"https:\/\/talkpal.ai\/diversity-policy\/","diversityStaffingReport":"https:\/\/talkpal.ai\/diversity-policy\/"}]}},"_links":{"self":[{"href":"https:\/\/talkpal.ai\/bs\/wp-json\/wp\/v2\/pages\/134416","targetHints":{"allow":["GET"]}}],"collection":[{"href":"https:\/\/talkpal.ai\/bs\/wp-json\/wp\/v2\/pages"}],"about":[{"href":"https:\/\/talkpal.ai\/bs\/wp-json\/wp\/v2\/types\/page"}],"author":[{"embeddable":true,"href":"https:\/\/talkpal.ai\/bs\/wp-json\/wp\/v2\/users\/6"}],"replies":[{"embeddable":true,"href":"https:\/\/talkpal.ai\/bs\/wp-json\/wp\/v2\/comments?post=134416"}],"version-history":[{"count":0,"href":"https:\/\/talkpal.ai\/bs\/wp-json\/wp\/v2\/pages\/134416\/revisions"}],"wp:featuredmedia":[{"embeddable":true,"href":"https:\/\/talkpal.ai\/bs\/wp-json\/wp\/v2\/media\/188195"}],"wp:attachment":[{"href":"https:\/\/talkpal.ai\/bs\/wp-json\/wp\/v2\/media?parent=134416"}],"curies":[{"name":"wp","href":"https:\/\/api.w.org\/{rel}","templated":true}]}}