{"id":132992,"date":"2023-06-16T09:39:29","date_gmt":"2023-06-16T09:39:29","guid":{"rendered":"http:\/\/talkpal.ai\/kineske-gramaticke-vezbe\/"},"modified":"2025-05-22T21:25:57","modified_gmt":"2025-05-22T21:25:57","slug":"kineske-gramaticke-vezbe","status":"publish","type":"page","link":"https:\/\/talkpal.ai\/bs\/kineske-gramaticke-vezbe\/","title":{"rendered":"Kineske gramati\u010dke ve\u017ebe"},"content":{"rendered":"\r\n\r\n\r\n<section class=\"languageChallengeSection\">\r\n    <div class=\"languageInfoWrapper\">\r\n        \r\n        <h1>Kineske gramati\u010dke ve\u017ebe<\/h1>\r\n        <p>\u017delite li unaprijediti svoje znanje kineskog jezika? Fokusiranje na gramati\u010dke vje\u017ebe pomo\u0107i \u0107e vam da razumijete strukturu re\u010denica, savladate bitne obrasce i izgradite samopouzdanje u svakodnevnim razgovorima. Po\u010dnite vje\u017ebati kinesku gramatiku ve\u0107 danas i sa svakom vje\u017ebom postepeno napredujte ka te\u010dnosti!<\/p>\r\n\r\n                            <a class=\"getStartedHidden\" href=\"https:\/\/app.talkpal.ai\/signup?lng=\">Kreni<\/a>\r\n        \r\n    <\/div>\r\n\r\n    <figure>\r\n    <img decoding=\"async\" width=\"768\" height=\"768\" src=\"https:\/\/talkpal.ai\/wp-content\/uploads\/2023\/06\/chinese-768x768.png\" class=\"languageImage no-lazy\" alt=\"Language learning for flexible communication\" fetchpriority=\"high\" sizes=\"(max-width: 768px) 150px, 768px\" srcset=\"https:\/\/talkpal.ai\/wp-content\/uploads\/2023\/06\/chinese-768x768.png 768w, https:\/\/talkpal.ai\/wp-content\/uploads\/2023\/06\/chinese-300x300.png 300w\" \/>\r\n    \r\n\r\n    <\/figure>\r\n\r\n            <a class=\"getStartedVisible\" href=\"https:\/\/app.talkpal.ai\/signup?lng=\">Kreni<\/a>\r\n    \r\n<\/section>\r\n\r\n\r\n<!-- <section class=\"grammarSection\">\r\n    <div class=\"grammarLinks\">\r\n            <\/div>\r\n<\/section> -->\r\n\r\n\r\n\r\n\r\n<section class=\"promotionalBanner\">\r\n    <p class=\"promotionalText\">Najefikasniji na\u010din za u\u010denje jezika<\/p>\r\n    <a class=\"promotionalLink\" href=\"https:\/\/app.talkpal.ai\/signup?lng=\">Isprobajte Talkpal besplatno<\/a>\r\n<\/section>\n<div class=\"wp-block-group pageContainerStyle\"><div class=\"wp-block-group__inner-container is-layout-constrained wp-block-group-is-layout-constrained\">\n<h2 class=\"wp-block-heading\" id=\"h-chinese-grammar-topics\">Kineske gramati\u010dke teme<\/h2>\n\n\n\n<p><a href=\"https:\/\/talkpal.ai\/sq\/gramatika-kineze\/\">Kineska gramatika<\/a> u po\u010detku mo\u017ee izgledati zastra\u0161uju\u0107e, ali je od su\u0161tinskog zna\u010daja za savladavanje jezika. Sa svojim jedinstvenim sistemom znakova i tonskom prirodom, <a href=\"https:\/\/talkpal.ai\/sq\/gramatika-kineze\/\">kineska gramatika<\/a> sledi druga\u010diji skup pravila od jezika kao \u0161to je <a href=\"https:\/\/talkpal.ai\/learn-english-with-ai\/\">engleski<\/a>. U\u010denje ovih pravila u pravilnom redosledu pomo\u0107i \u0107e vam da efikasnije napredujete u u\u010denju jezika. U preporu\u010denom redoslijedu u\u010denja raspravljat \u0107e se o sljede\u0107im temama: napetosti, glagoli, imenice, \u010dlanci, zamjenice, pridjevi, prilozi, prijedlozi i struktura re\u010denice. Ovaj vodi\u010d \u0107e vam pru\u017eiti kratka obja\u0161njenja svake teme kako bi vam pomogao da bolje razumete njihove funkcije na kineskom jeziku.<\/p>\n\n\n\n<h3 class=\"wp-block-heading\" id=\"h-1-tenses\">1. napetosti:<\/h3>\n\n\n\n<p>Za razliku od engleskog, <a href=\"https:\/\/talkpal.ai\/learn-chinese\/\">kineski<\/a> nema slo\u017eene konjugacije glagola koji ukazuju na napetost. Umesto toga, koristi vremenske re\u010di ili \u010destice da poka\u017ee kada se radnja de\u0161ava. Da biste izrazili pro\u0161le, sada\u0161nje ili budu\u0107e radnje, prvo se trebate upoznati s uobi\u010dajenim vremenskim rije\u010dima kao \u0161to su \u201eju\u010der\u201c, \u201edanas\u201c i \u201esutra\u201c.<\/p>\n\n\n\n<h3 class=\"wp-block-heading\" id=\"h-2-verbs\">2. glagoli:<\/h3>\n\n\n\n<p>Jednom kada razumete vremena, neophodno je da nau\u010dite osnovne glagole na kineskom. Glagoli su klju\u010dni jer izra\u017eavaju akcije i stanja, a \u010desto ostaju nepromijenjeni u razli\u010ditim vremenima. Fokusirajte se na u\u010denje naj\u010de\u0161\u0107ih glagola i njihovu odgovaraju\u0107u upotrebu.<\/p>\n\n\n\n<h3 class=\"wp-block-heading\" id=\"h-3-nouns\">3. imenice:<\/h3>\n\n\n\n<p>Imenice su gradivni blokovi jezika, koji predstavljaju ljude, mjesta, stvari ili ideje. U kineskom jeziku, imenice su uglavnom jednostavne, a mo\u017eete po\u010deti u\u010denjem naj\u010de\u0161\u0107ih i najkorisnijih za pro\u0161irenje vokabulara.<\/p>\n\n\n\n<h3 class=\"wp-block-heading\" id=\"h-4-articles\">4. \u010dlanci:<\/h3>\n\n\n\n<p><a href=\"https:\/\/talkpal.ai\/learn-chinese\/\">Kineski<\/a> nema \u010dlanke poput \u201ca\u201d ili \u201cthe\u201d na engleskom. Me\u0111utim, postoje mjerne rije\u010di koje prate imenice za ozna\u010davanje koli\u010dine. Ove mere su od su\u0161tinskog zna\u010daja kada se govori o iznosima ili brojevima odre\u0111enih stavki.<\/p>\n\n\n\n<h3 class=\"wp-block-heading\" id=\"h-5-pronouns\">5. zamjenice:<\/h3>\n\n\n\n<p>Zamenice se koriste za zamenu imenica u re\u010denici i klju\u010dne su za izbegavanje ponavljanja. U kineskom, zamenice se menjaju na osnovu njihove funkcije u re\u010denici, kao \u0161to su subjekt, objekat ili posesivnost. Nau\u010dite razli\u010dite zamjenice i njihovu pravilnu upotrebu kako biste pobolj\u0161ali konstrukciju re\u010denica.<\/p>\n\n\n\n<h3 class=\"wp-block-heading\" id=\"h-6-adjectives\">6. pridjevi:<\/h3>\n\n\n\n<p>Pridjevi se koriste za opisivanje ili modificiranje imenica, a igraju zna\u010dajnu ulogu u tome da va\u0161e re\u010denice budu izra\u017eajnije i privla\u010dnije. Nau\u010dite naj\u010de\u0161\u0107e pridjeve i njihovo postavljanje u odnosu na imenicu unutar re\u010denice.<\/p>\n\n\n\n<h3 class=\"wp-block-heading\" id=\"h-7-adverbs\">7. prilozi:<\/h3>\n\n\n\n<p>Prilozi su neophodni za pru\u017eanje dodatnih informacija o glagolima, pridjevima ili drugim prilozima. Oni mogu da opi\u0161u kako, kada ili gde se radnja de\u0161ava. Upoznajte se sa uobi\u010dajenim prilozima i njihovom upotrebom kako biste pobolj\u0161ali svoje opisne sposobnosti.<\/p>\n\n\n\n<h3 class=\"wp-block-heading\" id=\"h-8-prepositions\">8. prijedlozi:<\/h3>\n\n\n\n<p>Prijedlozi se koriste za ozna\u010davanje odnosa izme\u0111u imenica ili zamjenica unutar re\u010denice. \u010cesto izra\u017eavaju prostorne ili vremenske odnose, kao \u0161to su &#8220;u&#8221;, &#8220;na&#8221; ili &#8220;na&#8221;. U\u010denje naj\u010de\u0161\u0107ih predloga i njihova pravilna upotreba \u0107e u velikoj meri pobolj\u0161ati strukturu re\u010denice.<\/p>\n\n\n\n<h3 class=\"wp-block-heading\" id=\"h-9-sentence-structure\">9. struktura re\u010denice:<\/h3>\n\n\n\n<p>Kona\u010dno, razumevanje kineske strukture re\u010denica je klju\u010d za formiranje koherentnih i gramati\u010dki ispravnih re\u010denica. Kineski slijedi subjekt-glagol-objekt (SVO) strukturu, sli\u010dnu engleskom. Me\u0111utim, postoje razlike u redoslijedu rije\u010di i smje\u0161taju razli\u010ditih gramati\u010dkih elemenata. Nau\u010dite osnovne obrasce re\u010denica i praktikujte konstrukciju re\u010denica sa elementima koje ste nau\u010dili, kao \u0161to su vremena, glagoli, imenice, zamenice, pridjevi, prilozi i prijedlozi.<\/p>\n\n\n\n<p>Prate\u0107i ovu sekvencu i fokusiraju\u0107i se na svaku temu, razvi\u0107ete sna\u017enu osnovu u kineskoj gramatici i biti na dobrom putu da te\u010dno govorite jezik.<\/p>\n<\/div><\/div>\n\r\n<section class=\"learnNavigationSection\">\r\n            \r\n        <a href=\"https:\/\/talkpal.ai\/bs\/nauci-kineski\/\">\r\n            <div class=\"learnNavigationWrapper\">\r\n                <div class=\"learnNavigationContent\">\r\n                    <img decoding=\"async\" src=\"https:\/\/talkpal.ai\/wp-content\/uploads\/2024\/08\/Chinese.jpg\" alt=\"Chinese Flag\u00a0\">\r\n                    <div>\r\n                        <h4>O u\u010denju kineskog<\/h4>\r\n                        <p>Saznaj sve o kineskoj gramatici.<\/p>\r\n                    <\/div>\r\n                <\/div>\r\n            <\/div>\r\n        <\/a>\r\n\r\n        \r\n        <a href=\"https:\/\/talkpal.ai\/bs\/kineska-gramatika\/\">\r\n            <div class=\"learnNavigationWrapper\">\r\n                <div class=\"learnNavigationContent\">\r\n                    <img decoding=\"async\" src=\"https:\/\/talkpal.ai\/wp-content\/uploads\/2024\/08\/Chinese.jpg\" alt=\"Chinese Flag\u00a0\">\r\n                    <div>\r\n                        <h4>Kineske gramati\u010dke lekcije<\/h4>\r\n                        <p>Praktikuj kinesku gramatiku.<\/p>\r\n                    <\/div>\r\n                <\/div>\r\n            <\/div>\r\n        <\/a>\r\n\r\n        \r\n        <a href=\"https:\/\/talkpal.ai\/vocabulary_language\/chinese\/\">\r\n            <div class=\"learnNavigationWrapper\">\r\n                <div class=\"learnNavigationContent\">\r\n                    <img decoding=\"async\" src=\"https:\/\/talkpal.ai\/wp-content\/uploads\/2024\/08\/Chinese.jpg\" alt=\"Chinese Flag\u00a0\">\r\n                    <div>\r\n                        <h4>kineski vokabular<\/h4>\r\n                        <p>Pro\u0161irite svoj kineski vokabular.<\/p>\r\n                    <\/div>\r\n                <\/div>\r\n            <\/div>\r\n        <\/a>\r\n\r\n            <\/section>","protected":false},"excerpt":{"rendered":"<p>Kineske gramati\u010dke teme Kineska gramatika u po\u010detku mo\u017ee izgledati zastra\u0161uju\u0107e, ali je od su\u0161tinskog zna\u010daja za savladavanje jezika. Sa svojim jedinstvenim sistemom znakova i tonskom prirodom, kineska gramatika sledi druga\u010diji skup pravila od jezika kao \u0161to je engleski. U\u010denje ovih pravila u pravilnom redosledu pomo\u0107i \u0107e vam da efikasnije napredujete u u\u010denju jezika. U preporu\u010denom [&hellip;]<\/p>\n","protected":false},"author":6,"featured_media":106099,"parent":0,"menu_order":0,"comment_status":"closed","ping_status":"closed","template":"LearningContentPage.php","meta":{"_acf_changed":false,"footnotes":""},"class_list":["post-132992","page","type-page","status-publish","has-post-thumbnail","hentry"],"acf":[],"yoast_head":"<!-- This site is optimized with the Yoast SEO Premium plugin v27.2 (Yoast SEO v27.2) - https:\/\/yoast.com\/product\/yoast-seo-premium-wordpress\/ -->\n<title>Kineske gramati\u010dke ve\u017ebe - Talkpal<\/title>\n<meta name=\"description\" content=\"Savladajte kinesku gramatiku uz na\u0161 sveobuhvatni vodi\u010d koji pokriva vremena, glagole i jo\u0161 mnogo toga kako biste unaprijedili svoje jezi\u010dke vje\u0161tine.\" \/>\n<meta name=\"robots\" content=\"index, follow, max-snippet:-1, max-image-preview:large, max-video-preview:-1\" \/>\n<link rel=\"canonical\" href=\"https:\/\/talkpal.ai\/bs\/kineske-gramaticke-vezbe\/\" \/>\n<meta property=\"og:locale\" content=\"bs_BA\" \/>\n<meta property=\"og:type\" content=\"article\" \/>\n<meta property=\"og:title\" content=\"Kineske gramati\u010dke ve\u017ebe\" \/>\n<meta property=\"og:description\" content=\"Kineske gramati\u010dke teme Kineska gramatika u po\u010detku mo\u017ee izgledati zastra\u0161uju\u0107e, ali je od su\u0161tinskog zna\u010daja za savladavanje jezika. Sa svojim\" \/>\n<meta property=\"og:url\" content=\"https:\/\/talkpal.ai\/bs\/kineske-gramaticke-vezbe\/\" \/>\n<meta property=\"og:site_name\" content=\"Talkpal\" \/>\n<meta property=\"article:publisher\" content=\"https:\/\/www.facebook.com\/profile.php?id=100090733639311\" \/>\n<meta property=\"article:modified_time\" content=\"2025-05-22T21:25:57+00:00\" \/>\n<meta property=\"og:image\" content=\"https:\/\/talkpal.ai\/wp-content\/uploads\/2023\/04\/china.png\" \/>\n\t<meta property=\"og:image:width\" content=\"512\" \/>\n\t<meta property=\"og:image:height\" content=\"512\" \/>\n\t<meta property=\"og:image:type\" content=\"image\/png\" \/>\n<meta name=\"twitter:card\" content=\"summary_large_image\" \/>\n<meta name=\"twitter:site\" content=\"@talkpalai\" \/>\n<meta name=\"twitter:label1\" content=\"Est. reading time\" \/>\n\t<meta name=\"twitter:data1\" content=\"3 minute\" \/>\n<script type=\"application\/ld+json\" class=\"yoast-schema-graph\">{\"@context\":\"https:\/\/schema.org\",\"@graph\":[{\"@type\":\"WebPage\",\"@id\":\"https:\/\/talkpal.ai\/bs\/kineske-gramaticke-vezbe\/\",\"url\":\"https:\/\/talkpal.ai\/bs\/kineske-gramaticke-vezbe\/\",\"name\":\"Kineske gramati\u010dke ve\u017ebe - Talkpal\",\"isPartOf\":{\"@id\":\"https:\/\/talkpal.ai\/bs\/#website\"},\"primaryImageOfPage\":{\"@id\":\"https:\/\/talkpal.ai\/bs\/kineske-gramaticke-vezbe\/#primaryimage\"},\"image\":{\"@id\":\"https:\/\/talkpal.ai\/bs\/kineske-gramaticke-vezbe\/#primaryimage\"},\"thumbnailUrl\":\"https:\/\/talkpal.ai\/wp-content\/uploads\/2023\/04\/china.png\",\"datePublished\":\"2023-06-16T09:39:29+00:00\",\"dateModified\":\"2025-05-22T21:25:57+00:00\",\"description\":\"Savladajte kinesku gramatiku uz na\u0161 sveobuhvatni vodi\u010d koji pokriva vremena, glagole i jo\u0161 mnogo toga kako biste unaprijedili svoje jezi\u010dke vje\u0161tine.\",\"breadcrumb\":{\"@id\":\"https:\/\/talkpal.ai\/bs\/kineske-gramaticke-vezbe\/#breadcrumb\"},\"inLanguage\":\"bs-BA\",\"potentialAction\":[{\"@type\":\"ReadAction\",\"target\":[\"https:\/\/talkpal.ai\/bs\/kineske-gramaticke-vezbe\/\"]}]},{\"@type\":\"ImageObject\",\"inLanguage\":\"bs-BA\",\"@id\":\"https:\/\/talkpal.ai\/bs\/kineske-gramaticke-vezbe\/#primaryimage\",\"url\":\"https:\/\/talkpal.ai\/wp-content\/uploads\/2023\/04\/china.png\",\"contentUrl\":\"https:\/\/talkpal.ai\/wp-content\/uploads\/2023\/04\/china.png\",\"width\":512,\"height\":512},{\"@type\":\"BreadcrumbList\",\"@id\":\"https:\/\/talkpal.ai\/bs\/kineske-gramaticke-vezbe\/#breadcrumb\",\"itemListElement\":[{\"@type\":\"ListItem\",\"position\":1,\"name\":\"Homepage\",\"item\":\"https:\/\/talkpal.ai\/bs\/\"},{\"@type\":\"ListItem\",\"position\":2,\"name\":\"Kineske gramati\u010dke ve\u017ebe\"}]},{\"@type\":\"WebSite\",\"@id\":\"https:\/\/talkpal.ai\/bs\/#website\",\"url\":\"https:\/\/talkpal.ai\/bs\/\",\"name\":\"Talkpal\",\"description\":\"AI Language Learning\",\"publisher\":{\"@id\":\"https:\/\/talkpal.ai\/bs\/#organization\"},\"alternateName\":\"Talkpal AI\",\"potentialAction\":[{\"@type\":\"SearchAction\",\"target\":{\"@type\":\"EntryPoint\",\"urlTemplate\":\"https:\/\/talkpal.ai\/bs\/?s={search_term_string}\"},\"query-input\":{\"@type\":\"PropertyValueSpecification\",\"valueRequired\":true,\"valueName\":\"search_term_string\"}}],\"inLanguage\":\"bs-BA\"},{\"@type\":\"Organization\",\"@id\":\"https:\/\/talkpal.ai\/bs\/#organization\",\"name\":\"Talkpal, Inc.\",\"alternateName\":\"Talkpal AI\",\"url\":\"https:\/\/talkpal.ai\/bs\/\",\"logo\":{\"@type\":\"ImageObject\",\"inLanguage\":\"bs-BA\",\"@id\":\"https:\/\/talkpal.ai\/bs\/#\/schema\/logo\/image\/\",\"url\":\"https:\/\/talkpal.ai\/wp-content\/uploads\/2024\/03\/Talkpal-Logo-Icon.png\",\"contentUrl\":\"https:\/\/talkpal.ai\/wp-content\/uploads\/2024\/03\/Talkpal-Logo-Icon.png\",\"width\":2880,\"height\":2880,\"caption\":\"Talkpal, Inc.\"},\"image\":{\"@id\":\"https:\/\/talkpal.ai\/bs\/#\/schema\/logo\/image\/\"},\"sameAs\":[\"https:\/\/www.facebook.com\/profile.php?id=100090733639311\",\"https:\/\/x.com\/talkpalai\",\"https:\/\/www.linkedin.com\/company\/talkpal\/\",\"https:\/\/www.youtube.com\/@TalkPal\/\",\"https:\/\/www.tiktok.com\/@talkpal\",\"https:\/\/www.instagram.com\/talkpal_ai\/\",\"https:\/\/www.crunchbase.com\/organization\/talkpal-9cde\",\"https:\/\/www.g2.com\/products\/talkpal-for-business\/\",\"https:\/\/www.trustpilot.com\/review\/talkpal.ai\",\"https:\/\/www.capterra.com\/p\/10006800\/TalkPal\/\"],\"description\":\"Talkpal is a language learning web and mobile education app, powered by the latest AI technologies, that provides engaging experiences to its customers in many different languages to help them improve their language skills. Users can chat about unlimited amount of topics with the app and use other modes to practice their language learning.\",\"email\":\"support@talkpal.ai\",\"legalName\":\"Talkpal, Inc.\",\"foundingDate\":\"2023-04-03\",\"duns\":\"118989042\",\"numberOfEmployees\":{\"@type\":\"QuantitativeValue\",\"minValue\":\"11\",\"maxValue\":\"50\"},\"publishingPrinciples\":\"https:\/\/talkpal.ai\/publishing-principles\/\",\"actionableFeedbackPolicy\":\"https:\/\/talkpal.ai\/actionable-feedback-policy\/\",\"correctionsPolicy\":\"https:\/\/talkpal.ai\/corrections-policy\/\",\"ethicsPolicy\":\"https:\/\/talkpal.ai\/ethics-policy\/\",\"diversityPolicy\":\"https:\/\/talkpal.ai\/diversity-policy\/\",\"diversityStaffingReport\":\"https:\/\/talkpal.ai\/diversity-policy\/\"}]}<\/script>\n<!-- \/ Yoast SEO Premium plugin. -->","yoast_head_json":{"title":"Kineske gramati\u010dke ve\u017ebe - Talkpal","description":"Savladajte kinesku gramatiku uz na\u0161 sveobuhvatni vodi\u010d koji pokriva vremena, glagole i jo\u0161 mnogo toga kako biste unaprijedili svoje jezi\u010dke vje\u0161tine.","robots":{"index":"index","follow":"follow","max-snippet":"max-snippet:-1","max-image-preview":"max-image-preview:large","max-video-preview":"max-video-preview:-1"},"canonical":"https:\/\/talkpal.ai\/bs\/kineske-gramaticke-vezbe\/","og_locale":"bs_BA","og_type":"article","og_title":"Kineske gramati\u010dke ve\u017ebe","og_description":"Kineske gramati\u010dke teme Kineska gramatika u po\u010detku mo\u017ee izgledati zastra\u0161uju\u0107e, ali je od su\u0161tinskog zna\u010daja za savladavanje jezika. Sa svojim","og_url":"https:\/\/talkpal.ai\/bs\/kineske-gramaticke-vezbe\/","og_site_name":"Talkpal","article_publisher":"https:\/\/www.facebook.com\/profile.php?id=100090733639311","article_modified_time":"2025-05-22T21:25:57+00:00","og_image":[{"width":512,"height":512,"url":"https:\/\/talkpal.ai\/wp-content\/uploads\/2023\/04\/china.png","type":"image\/png"}],"twitter_card":"summary_large_image","twitter_site":"@talkpalai","twitter_misc":{"Est. reading time":"3 minute"},"schema":{"@context":"https:\/\/schema.org","@graph":[{"@type":"WebPage","@id":"https:\/\/talkpal.ai\/bs\/kineske-gramaticke-vezbe\/","url":"https:\/\/talkpal.ai\/bs\/kineske-gramaticke-vezbe\/","name":"Kineske gramati\u010dke ve\u017ebe - Talkpal","isPartOf":{"@id":"https:\/\/talkpal.ai\/bs\/#website"},"primaryImageOfPage":{"@id":"https:\/\/talkpal.ai\/bs\/kineske-gramaticke-vezbe\/#primaryimage"},"image":{"@id":"https:\/\/talkpal.ai\/bs\/kineske-gramaticke-vezbe\/#primaryimage"},"thumbnailUrl":"https:\/\/talkpal.ai\/wp-content\/uploads\/2023\/04\/china.png","datePublished":"2023-06-16T09:39:29+00:00","dateModified":"2025-05-22T21:25:57+00:00","description":"Savladajte kinesku gramatiku uz na\u0161 sveobuhvatni vodi\u010d koji pokriva vremena, glagole i jo\u0161 mnogo toga kako biste unaprijedili svoje jezi\u010dke vje\u0161tine.","breadcrumb":{"@id":"https:\/\/talkpal.ai\/bs\/kineske-gramaticke-vezbe\/#breadcrumb"},"inLanguage":"bs-BA","potentialAction":[{"@type":"ReadAction","target":["https:\/\/talkpal.ai\/bs\/kineske-gramaticke-vezbe\/"]}]},{"@type":"ImageObject","inLanguage":"bs-BA","@id":"https:\/\/talkpal.ai\/bs\/kineske-gramaticke-vezbe\/#primaryimage","url":"https:\/\/talkpal.ai\/wp-content\/uploads\/2023\/04\/china.png","contentUrl":"https:\/\/talkpal.ai\/wp-content\/uploads\/2023\/04\/china.png","width":512,"height":512},{"@type":"BreadcrumbList","@id":"https:\/\/talkpal.ai\/bs\/kineske-gramaticke-vezbe\/#breadcrumb","itemListElement":[{"@type":"ListItem","position":1,"name":"Homepage","item":"https:\/\/talkpal.ai\/bs\/"},{"@type":"ListItem","position":2,"name":"Kineske gramati\u010dke ve\u017ebe"}]},{"@type":"WebSite","@id":"https:\/\/talkpal.ai\/bs\/#website","url":"https:\/\/talkpal.ai\/bs\/","name":"Talkpal","description":"AI Language Learning","publisher":{"@id":"https:\/\/talkpal.ai\/bs\/#organization"},"alternateName":"Talkpal AI","potentialAction":[{"@type":"SearchAction","target":{"@type":"EntryPoint","urlTemplate":"https:\/\/talkpal.ai\/bs\/?s={search_term_string}"},"query-input":{"@type":"PropertyValueSpecification","valueRequired":true,"valueName":"search_term_string"}}],"inLanguage":"bs-BA"},{"@type":"Organization","@id":"https:\/\/talkpal.ai\/bs\/#organization","name":"Talkpal, Inc.","alternateName":"Talkpal AI","url":"https:\/\/talkpal.ai\/bs\/","logo":{"@type":"ImageObject","inLanguage":"bs-BA","@id":"https:\/\/talkpal.ai\/bs\/#\/schema\/logo\/image\/","url":"https:\/\/talkpal.ai\/wp-content\/uploads\/2024\/03\/Talkpal-Logo-Icon.png","contentUrl":"https:\/\/talkpal.ai\/wp-content\/uploads\/2024\/03\/Talkpal-Logo-Icon.png","width":2880,"height":2880,"caption":"Talkpal, Inc."},"image":{"@id":"https:\/\/talkpal.ai\/bs\/#\/schema\/logo\/image\/"},"sameAs":["https:\/\/www.facebook.com\/profile.php?id=100090733639311","https:\/\/x.com\/talkpalai","https:\/\/www.linkedin.com\/company\/talkpal\/","https:\/\/www.youtube.com\/@TalkPal\/","https:\/\/www.tiktok.com\/@talkpal","https:\/\/www.instagram.com\/talkpal_ai\/","https:\/\/www.crunchbase.com\/organization\/talkpal-9cde","https:\/\/www.g2.com\/products\/talkpal-for-business\/","https:\/\/www.trustpilot.com\/review\/talkpal.ai","https:\/\/www.capterra.com\/p\/10006800\/TalkPal\/"],"description":"Talkpal is a language learning web and mobile education app, powered by the latest AI technologies, that provides engaging experiences to its customers in many different languages to help them improve their language skills. Users can chat about unlimited amount of topics with the app and use other modes to practice their language learning.","email":"support@talkpal.ai","legalName":"Talkpal, Inc.","foundingDate":"2023-04-03","duns":"118989042","numberOfEmployees":{"@type":"QuantitativeValue","minValue":"11","maxValue":"50"},"publishingPrinciples":"https:\/\/talkpal.ai\/publishing-principles\/","actionableFeedbackPolicy":"https:\/\/talkpal.ai\/actionable-feedback-policy\/","correctionsPolicy":"https:\/\/talkpal.ai\/corrections-policy\/","ethicsPolicy":"https:\/\/talkpal.ai\/ethics-policy\/","diversityPolicy":"https:\/\/talkpal.ai\/diversity-policy\/","diversityStaffingReport":"https:\/\/talkpal.ai\/diversity-policy\/"}]}},"_links":{"self":[{"href":"https:\/\/talkpal.ai\/bs\/wp-json\/wp\/v2\/pages\/132992","targetHints":{"allow":["GET"]}}],"collection":[{"href":"https:\/\/talkpal.ai\/bs\/wp-json\/wp\/v2\/pages"}],"about":[{"href":"https:\/\/talkpal.ai\/bs\/wp-json\/wp\/v2\/types\/page"}],"author":[{"embeddable":true,"href":"https:\/\/talkpal.ai\/bs\/wp-json\/wp\/v2\/users\/6"}],"replies":[{"embeddable":true,"href":"https:\/\/talkpal.ai\/bs\/wp-json\/wp\/v2\/comments?post=132992"}],"version-history":[{"count":0,"href":"https:\/\/talkpal.ai\/bs\/wp-json\/wp\/v2\/pages\/132992\/revisions"}],"wp:featuredmedia":[{"embeddable":true,"href":"https:\/\/talkpal.ai\/bs\/wp-json\/wp\/v2\/media\/106099"}],"wp:attachment":[{"href":"https:\/\/talkpal.ai\/bs\/wp-json\/wp\/v2\/media?parent=132992"}],"curies":[{"name":"wp","href":"https:\/\/api.w.org\/{rel}","templated":true}]}}