{"id":132564,"date":"2023-06-16T09:31:38","date_gmt":"2023-06-16T09:31:38","guid":{"rendered":"http:\/\/talkpal.ai\/arapske-gramaticke-vezbe\/"},"modified":"2025-05-22T20:17:07","modified_gmt":"2025-05-22T20:17:07","slug":"arapske-gramaticke-vezbe","status":"publish","type":"page","link":"https:\/\/talkpal.ai\/bs\/arapske-gramaticke-vezbe\/","title":{"rendered":"Arapske gramati\u010dke ve\u017ebe"},"content":{"rendered":"\r\n\r\n\r\n<section class=\"languageChallengeSection\">\r\n    <div class=\"languageInfoWrapper\">\r\n        \r\n        <h1>Arapske gramati\u010dke ve\u017ebe<\/h1>\r\n        <p>Spremni da usavr\u0161ite svoje znanje arapskog jezika? Vje\u017ebanje gramati\u010dkih vje\u017ebi je klju\u010dno za savladavanje re\u010deni\u010dne strukture, glagolskih oblika i jedinstvenih obrazaca arapskog jezika. Fokusirajte se na ove vje\u017ebe kako biste pove\u0107ali samopouzdanje, pro\u0161irili vokabular i olak\u0161ali izra\u017eavanje na arapskom. Po\u010dnite vje\u017ebati ve\u0107 danas i gledajte kako vam se jezi\u010dke vje\u0161tine pobolj\u0161avaju!<\/p>\r\n\r\n                            <a class=\"getStartedHidden\" href=\"https:\/\/app.talkpal.ai\/signup?lng=\">Kreni<\/a>\r\n        \r\n    <\/div>\r\n\r\n    <figure>\r\n    <img decoding=\"async\" width=\"768\" height=\"768\" src=\"https:\/\/talkpal.ai\/wp-content\/uploads\/2023\/06\/arabic-768x768.png\" class=\"languageImage no-lazy\" alt=\"Language learning for linguistic diversity\" fetchpriority=\"high\" sizes=\"(max-width: 768px) 150px, 768px\" srcset=\"https:\/\/talkpal.ai\/wp-content\/uploads\/2023\/06\/arabic-768x768.png 768w, https:\/\/talkpal.ai\/wp-content\/uploads\/2023\/06\/arabic-300x300.png 300w\" \/>\r\n    \r\n\r\n    <\/figure>\r\n\r\n            <a class=\"getStartedVisible\" href=\"https:\/\/app.talkpal.ai\/signup?lng=\">Kreni<\/a>\r\n    \r\n<\/section>\r\n\r\n\r\n<!-- <section class=\"grammarSection\">\r\n    <div class=\"grammarLinks\">\r\n            <\/div>\r\n<\/section> -->\r\n\r\n\r\n\r\n\r\n<section class=\"promotionalBanner\">\r\n    <p class=\"promotionalText\">Najefikasniji na\u010din za u\u010denje jezika<\/p>\r\n    <a class=\"promotionalLink\" href=\"https:\/\/app.talkpal.ai\/signup?lng=\">Isprobajte Talkpal besplatno<\/a>\r\n<\/section>\n<div class=\"wp-block-group pageContainerStyle\"><div class=\"wp-block-group__inner-container is-layout-constrained wp-block-group-is-layout-constrained\">\n<h2 class=\"wp-block-heading\" id=\"h-arabic-grammar-topics\">Arapske gramati\u010dke teme<\/h2>\n\n\n\n<p><a href=\"https:\/\/talkpal.ai\/hr\/ucenje-arapskog-jezika\/\">Arapski jezik<\/a>, sa svojom bogatom istorijom i kulturnim zna\u010dajem, fascinantan je i nagra\u0111uju\u0107i poduhvat za u\u010denike jezika. Kao jedan od \u0161est zvani\u010dnih jezika Ujedinjenih nacija i kojim govori preko 420 miliona ljudi \u0161irom sveta, u\u010denje arapskog jezika otvara mogu\u0107nosti za globalnu komunikaciju i razumevanje. Me\u0111utim, savladavanje jezika zahteva temeljno razumevanje njegovih jedinstvenih gramati\u010dkih pravila i struktura. U ovom \u010dlanku \u0107emo istra\u017eiti su\u0161tinske teme arapske gramatike koje \u0107e vam pomo\u0107i da izgradite sna\u017enu osnovu u jeziku, od osnovnih vremena i konjugacija glagola do slo\u017eenijih nominalnih i verbalnih struktura re\u010denica.<\/p>\n\n\n\n<h3 class=\"wp-block-heading\" id=\"h-1-tenses-indicative\">1. Napetost indikativna:<\/h3>\n\n\n\n<p>Indikativno vreme se koristi za izra\u017eavanje akcija ili stanja u sada\u0161njosti, pro\u0161losti ili budu\u0107nosti. Na arapskom, konjugacija glagola se mijenja na osnovu napetosti. Po\u010dnite sa u\u010denjem osnovnih konjugacija za redovne glagole i upoznajte se sa razli\u010ditim obrascima za sada\u0161njost, pro\u0161lost i budu\u0107a vremena.<\/p>\n\n\n\n<h3 class=\"wp-block-heading\" id=\"h-2-tenses-subjunctive\">2. napeti konjuktiv:<\/h3>\n\n\n\n<p>Konjuktivno vrijeme se koristi za izra\u017eavanje neizvjesnosti, sumnje ili \u017eelje. Klju\u010dno je nau\u010diti specifi\u010dne glagolske konjugacije i kako se one razlikuju od indikativnog vremena. Ovo \u0107e vam pomo\u0107i da prenesete nijansirane misli i ose\u0107anja u svojoj komunikaciji.<\/p>\n\n\n\n<h3 class=\"wp-block-heading\" id=\"h-3-tense-comparison\">3. napeto pore\u0111enje:<\/h3>\n\n\n\n<p>Razumevanje razlika izme\u0111u indikativnog i konjuktivnog vremena je od vitalnog zna\u010daja. Fokusirajte se na to kako su konjugacije glagola modificirane i kontekst u kojem se koristi svako vrijeme.<\/p>\n\n\n\n<h3 class=\"wp-block-heading\" id=\"h-4-verbs\">4. glagoli:<\/h3>\n\n\n\n<p>Arapski glagoli su kategorizirani u razli\u010dite oblike na osnovu njihovih korijenskih slova i obrazaca. Nau\u010dite deset osnovnih oblika glagola i njihova pravila konjugacije, <a href=\"https:\/\/talkpal.ai\/locations\/language-courses-in-koja\/\">koja<\/a> \u0107e vam pomo\u0107i da pravilno prepoznate i koristite glagole u razli\u010ditim situacijama.<\/p>\n\n\n\n<h3 class=\"wp-block-heading\" id=\"h-5-nouns\">5. imenice:<\/h3>\n\n\n\n<p>Arapske imenice su ili mu\u0161ke ili \u017eenske, a njihovi zavr\u0161eci se mijenjaju na osnovu njihove gramati\u010dke uloge u re\u010denici. Nau\u010dite razli\u010dite obrasce imenica i kako na njih uti\u010du oznake slu\u010daja i drugi gramati\u010dki elementi.<\/p>\n\n\n\n<h3 class=\"wp-block-heading\" id=\"h-6-articles\">6. \u010dlanci:<\/h3>\n\n\n\n<p>Arapski jezik ima odre\u0111ene i neodre\u0111ene \u010dlanke, koji igraju klju\u010dnu ulogu u identifikaciji imenica. Nau\u010dite pravila i upotrebu odre\u0111enog \u010dlana \u201cal-\u201d i odsustva neodre\u0111enog \u010dlana u arapskom jeziku.<\/p>\n\n\n\n<h3 class=\"wp-block-heading\" id=\"h-7-definite-and-indefinite-articles\">Definitivni i neodre\u0111eni \u010dlanci:<\/h3>\n\n\n\n<p>Kao \u0161to je ranije pomenuto, razumevanje upotrebe odre\u0111enih i neodre\u0111enih \u010dlanaka na arapskom jeziku je od su\u0161tinskog zna\u010daja. Ve\u017ebajte ih u re\u010denicama sa razli\u010ditim imenicama kako biste oja\u010dali svoje shvatanje koncepta.<\/p>\n\n\n\n<h3 class=\"wp-block-heading\" id=\"h-8-pronouns\">8. zamjenice:<\/h3>\n\n\n\n<p>Arapske zamjenice su podijeljene na li\u010dne, demonstrativne i relativne zamjenice. Nau\u010dite njihove oblike i upotrebu, kao i pravila za njihovo pri\u010dvr\u0161\u0107ivanje na glagole, imenice i prijedloge.<\/p>\n\n\n\n<h3 class=\"wp-block-heading\" id=\"h-9-adjectives\">9. pridjevi:<\/h3>\n\n\n\n<p>Pridjevi na arapskom jeziku sla\u017eu se sa imenicama koje mijenjaju u spolu i broju. Nau\u010dite pravila za pridjevski sporazum i osnovne obrasce pridjeva.<\/p>\n\n\n\n<h3 class=\"wp-block-heading\" id=\"h-10-adverbs\">10. prilozi:<\/h3>\n\n\n\n<p>Upoznajte se sa uobi\u010dajenim arapskim prilozima i njihovim plasmanom u re\u010denice. Razumevanje funkcije priloga \u0107e vam pomo\u0107i da prenesete detaljnije informacije u svojoj komunikaciji.<\/p>\n\n\n\n<h3 class=\"wp-block-heading\" id=\"h-11-prepositions\">11. prijedlozi:<\/h3>\n\n\n\n<p>Arapski predlozi su od su\u0161tinskog zna\u010daja za povezivanje re\u010di i fraza i izra\u017eavanje odnosa izme\u0111u njih. Nau\u010dite razli\u010dite predloge i njihovu upotrebu u re\u010denicama.<\/p>\n\n\n\n<h3 class=\"wp-block-heading\" id=\"h-12-idaafa-genitive-construction\">12. Idaafa (Genitivna konstrukcija):<\/h3>\n\n\n\n<p>Idaafa konstrukcija se koristi za izra\u017eavanje posjedovanja ili odnosa izme\u0111u imenica. Nau\u010dite pravila i obrasce za formiranje Idaafa konstrukcija, koje su sastavni dio arapske gramatike.<\/p>\n\n\n\n<h3 class=\"wp-block-heading\" id=\"h-13-sentence-structure\">13. struktura re\u010denice:<\/h3>\n\n\n\n<p>Arapske re\u010denice mogu biti nominalne ili verbalne. Nau\u010dite osnovnu strukturu obe vrste re\u010denica i praksu formiranja re\u010denica sa razli\u010ditim komponentama.<\/p>\n\n\n\n<h3 class=\"wp-block-heading\" id=\"h-14-nominal-and-verbal-sentences\">14. nominalne i verbalne re\u010denice:<\/h3>\n\n\n\n<p>Zaronite dublje u razlike izme\u0111u nominalnih i verbalnih re\u010denica i nau\u010dite kako da ih efikasno koristite u razli\u010ditim kontekstima.<\/p>\n\n\n\n<h3 class=\"wp-block-heading\" id=\"h-15-subject-and-predicate-in-arabic\">15. predmet i predikat na arapskom:<\/h3>\n\n\n\n<p>Razumevanje uloge subjekta i predikata u arapskim re\u010denicama je od su\u0161tinskog zna\u010daja za efikasnu komunikaciju. Nau\u010dite pravila za identifikaciju i upotrebu predmeta i predikata u razli\u010ditim tipovima re\u010denica.<\/p>\n<\/div><\/div>\n\r\n<section class=\"learnNavigationSection\">\r\n            \r\n        <a href=\"https:\/\/talkpal.ai\/bs\/nauci-arapski\/\">\r\n            <div class=\"learnNavigationWrapper\">\r\n                <div class=\"learnNavigationContent\">\r\n                    <img decoding=\"async\" src=\"https:\/\/talkpal.ai\/wp-content\/uploads\/2024\/08\/Arabic.jpg\" alt=\"Arabic Flag\">\r\n                    <div>\r\n                        <h4>O u\u010denju arapskog<\/h4>\r\n                        <p>Saznaj sve o arapskoj gramatici.<\/p>\r\n                    <\/div>\r\n                <\/div>\r\n            <\/div>\r\n        <\/a>\r\n\r\n        \r\n        <a href=\"https:\/\/talkpal.ai\/bs\/arapska-gramatika\/\">\r\n            <div class=\"learnNavigationWrapper\">\r\n                <div class=\"learnNavigationContent\">\r\n                    <img decoding=\"async\" src=\"https:\/\/talkpal.ai\/wp-content\/uploads\/2024\/08\/Arabic.jpg\" alt=\"Arabic Flag\">\r\n                    <div>\r\n                        <h4>Lekcije arapske gramatike<\/h4>\r\n                        <p>Praktikuj arapsku gramatiku.<\/p>\r\n                    <\/div>\r\n                <\/div>\r\n            <\/div>\r\n        <\/a>\r\n\r\n        \r\n        <a href=\"https:\/\/talkpal.ai\/vocabulary_language\/arabic\/\">\r\n            <div class=\"learnNavigationWrapper\">\r\n                <div class=\"learnNavigationContent\">\r\n                    <img decoding=\"async\" src=\"https:\/\/talkpal.ai\/wp-content\/uploads\/2024\/08\/Arabic.jpg\" alt=\"Arabic Flag\">\r\n                    <div>\r\n                        <h4>arapski vokabular<\/h4>\r\n                        <p>Pro\u0161irite svoj arapski vokabular.<\/p>\r\n                    <\/div>\r\n                <\/div>\r\n            <\/div>\r\n        <\/a>\r\n\r\n            <\/section>","protected":false},"excerpt":{"rendered":"<p>Arapske gramati\u010dke teme Arapski jezik, sa svojom bogatom istorijom i kulturnim zna\u010dajem, fascinantan je i nagra\u0111uju\u0107i poduhvat za u\u010denike jezika. Kao jedan od \u0161est zvani\u010dnih jezika Ujedinjenih nacija i kojim govori preko 420 miliona ljudi \u0161irom sveta, u\u010denje arapskog jezika otvara mogu\u0107nosti za globalnu komunikaciju i razumevanje. Me\u0111utim, savladavanje jezika zahteva temeljno razumevanje njegovih jedinstvenih [&hellip;]<\/p>\n","protected":false},"author":6,"featured_media":105860,"parent":0,"menu_order":0,"comment_status":"closed","ping_status":"closed","template":"LearningContentPage.php","meta":{"_acf_changed":false,"footnotes":""},"class_list":["post-132564","page","type-page","status-publish","has-post-thumbnail","hentry"],"acf":[],"yoast_head":"<!-- This site is optimized with the Yoast SEO Premium plugin v27.2 (Yoast SEO v27.2) - https:\/\/yoast.com\/product\/yoast-seo-premium-wordpress\/ -->\n<title>Arapske gramati\u010dke ve\u017ebe - Talkpal<\/title>\n<meta name=\"description\" content=\"Unaprijedite svoje razumijevanje vje\u017ebama arapske gramatike koje pokrivaju osnovna pravila i strukture za savladavanje jezika.\" \/>\n<meta name=\"robots\" content=\"index, follow, max-snippet:-1, max-image-preview:large, max-video-preview:-1\" \/>\n<link rel=\"canonical\" href=\"https:\/\/talkpal.ai\/bs\/arapske-gramaticke-vezbe\/\" \/>\n<meta property=\"og:locale\" content=\"bs_BA\" \/>\n<meta property=\"og:type\" content=\"article\" \/>\n<meta property=\"og:title\" content=\"Arapske gramati\u010dke ve\u017ebe\" \/>\n<meta property=\"og:description\" content=\"Arapske gramati\u010dke teme Arapski jezik, sa svojom bogatom istorijom i kulturnim zna\u010dajem, fascinantan je i nagra\u0111uju\u0107i poduhvat za u\u010denike jezika. Kao\" \/>\n<meta property=\"og:url\" content=\"https:\/\/talkpal.ai\/bs\/arapske-gramaticke-vezbe\/\" \/>\n<meta property=\"og:site_name\" content=\"Talkpal\" \/>\n<meta property=\"article:publisher\" content=\"https:\/\/www.facebook.com\/profile.php?id=100090733639311\" \/>\n<meta property=\"article:modified_time\" content=\"2025-05-22T20:17:07+00:00\" \/>\n<meta property=\"og:image\" content=\"https:\/\/talkpal.ai\/wp-content\/uploads\/2023\/04\/arabic-united-arab-emirates.png\" \/>\n\t<meta property=\"og:image:width\" content=\"512\" \/>\n\t<meta property=\"og:image:height\" content=\"512\" \/>\n\t<meta property=\"og:image:type\" content=\"image\/png\" \/>\n<meta name=\"twitter:card\" content=\"summary_large_image\" \/>\n<meta name=\"twitter:site\" content=\"@talkpalai\" \/>\n<meta name=\"twitter:label1\" content=\"Est. reading time\" \/>\n\t<meta name=\"twitter:data1\" content=\"3 minute\" \/>\n<script type=\"application\/ld+json\" class=\"yoast-schema-graph\">{\"@context\":\"https:\/\/schema.org\",\"@graph\":[{\"@type\":\"WebPage\",\"@id\":\"https:\/\/talkpal.ai\/bs\/arapske-gramaticke-vezbe\/\",\"url\":\"https:\/\/talkpal.ai\/bs\/arapske-gramaticke-vezbe\/\",\"name\":\"Arapske gramati\u010dke ve\u017ebe - Talkpal\",\"isPartOf\":{\"@id\":\"https:\/\/talkpal.ai\/bs\/#website\"},\"primaryImageOfPage\":{\"@id\":\"https:\/\/talkpal.ai\/bs\/arapske-gramaticke-vezbe\/#primaryimage\"},\"image\":{\"@id\":\"https:\/\/talkpal.ai\/bs\/arapske-gramaticke-vezbe\/#primaryimage\"},\"thumbnailUrl\":\"https:\/\/talkpal.ai\/wp-content\/uploads\/2023\/04\/arabic-united-arab-emirates.png\",\"datePublished\":\"2023-06-16T09:31:38+00:00\",\"dateModified\":\"2025-05-22T20:17:07+00:00\",\"description\":\"Unaprijedite svoje razumijevanje vje\u017ebama arapske gramatike koje pokrivaju osnovna pravila i strukture za savladavanje jezika.\",\"breadcrumb\":{\"@id\":\"https:\/\/talkpal.ai\/bs\/arapske-gramaticke-vezbe\/#breadcrumb\"},\"inLanguage\":\"bs-BA\",\"potentialAction\":[{\"@type\":\"ReadAction\",\"target\":[\"https:\/\/talkpal.ai\/bs\/arapske-gramaticke-vezbe\/\"]}]},{\"@type\":\"ImageObject\",\"inLanguage\":\"bs-BA\",\"@id\":\"https:\/\/talkpal.ai\/bs\/arapske-gramaticke-vezbe\/#primaryimage\",\"url\":\"https:\/\/talkpal.ai\/wp-content\/uploads\/2023\/04\/arabic-united-arab-emirates.png\",\"contentUrl\":\"https:\/\/talkpal.ai\/wp-content\/uploads\/2023\/04\/arabic-united-arab-emirates.png\",\"width\":512,\"height\":512},{\"@type\":\"BreadcrumbList\",\"@id\":\"https:\/\/talkpal.ai\/bs\/arapske-gramaticke-vezbe\/#breadcrumb\",\"itemListElement\":[{\"@type\":\"ListItem\",\"position\":1,\"name\":\"Homepage\",\"item\":\"https:\/\/talkpal.ai\/bs\/\"},{\"@type\":\"ListItem\",\"position\":2,\"name\":\"Arapske gramati\u010dke ve\u017ebe\"}]},{\"@type\":\"WebSite\",\"@id\":\"https:\/\/talkpal.ai\/bs\/#website\",\"url\":\"https:\/\/talkpal.ai\/bs\/\",\"name\":\"Talkpal\",\"description\":\"AI Language Learning\",\"publisher\":{\"@id\":\"https:\/\/talkpal.ai\/bs\/#organization\"},\"alternateName\":\"Talkpal AI\",\"potentialAction\":[{\"@type\":\"SearchAction\",\"target\":{\"@type\":\"EntryPoint\",\"urlTemplate\":\"https:\/\/talkpal.ai\/bs\/?s={search_term_string}\"},\"query-input\":{\"@type\":\"PropertyValueSpecification\",\"valueRequired\":true,\"valueName\":\"search_term_string\"}}],\"inLanguage\":\"bs-BA\"},{\"@type\":\"Organization\",\"@id\":\"https:\/\/talkpal.ai\/bs\/#organization\",\"name\":\"Talkpal, Inc.\",\"alternateName\":\"Talkpal AI\",\"url\":\"https:\/\/talkpal.ai\/bs\/\",\"logo\":{\"@type\":\"ImageObject\",\"inLanguage\":\"bs-BA\",\"@id\":\"https:\/\/talkpal.ai\/bs\/#\/schema\/logo\/image\/\",\"url\":\"https:\/\/talkpal.ai\/wp-content\/uploads\/2024\/03\/Talkpal-Logo-Icon.png\",\"contentUrl\":\"https:\/\/talkpal.ai\/wp-content\/uploads\/2024\/03\/Talkpal-Logo-Icon.png\",\"width\":2880,\"height\":2880,\"caption\":\"Talkpal, Inc.\"},\"image\":{\"@id\":\"https:\/\/talkpal.ai\/bs\/#\/schema\/logo\/image\/\"},\"sameAs\":[\"https:\/\/www.facebook.com\/profile.php?id=100090733639311\",\"https:\/\/x.com\/talkpalai\",\"https:\/\/www.linkedin.com\/company\/talkpal\/\",\"https:\/\/www.youtube.com\/@TalkPal\/\",\"https:\/\/www.tiktok.com\/@talkpal\",\"https:\/\/www.instagram.com\/talkpal_ai\/\",\"https:\/\/www.crunchbase.com\/organization\/talkpal-9cde\",\"https:\/\/www.g2.com\/products\/talkpal-for-business\/\",\"https:\/\/www.trustpilot.com\/review\/talkpal.ai\",\"https:\/\/www.capterra.com\/p\/10006800\/TalkPal\/\"],\"description\":\"Talkpal is a language learning web and mobile education app, powered by the latest AI technologies, that provides engaging experiences to its customers in many different languages to help them improve their language skills. Users can chat about unlimited amount of topics with the app and use other modes to practice their language learning.\",\"email\":\"support@talkpal.ai\",\"legalName\":\"Talkpal, Inc.\",\"foundingDate\":\"2023-04-03\",\"duns\":\"118989042\",\"numberOfEmployees\":{\"@type\":\"QuantitativeValue\",\"minValue\":\"11\",\"maxValue\":\"50\"},\"publishingPrinciples\":\"https:\/\/talkpal.ai\/publishing-principles\/\",\"actionableFeedbackPolicy\":\"https:\/\/talkpal.ai\/actionable-feedback-policy\/\",\"correctionsPolicy\":\"https:\/\/talkpal.ai\/corrections-policy\/\",\"ethicsPolicy\":\"https:\/\/talkpal.ai\/ethics-policy\/\",\"diversityPolicy\":\"https:\/\/talkpal.ai\/diversity-policy\/\",\"diversityStaffingReport\":\"https:\/\/talkpal.ai\/diversity-policy\/\"}]}<\/script>\n<!-- \/ Yoast SEO Premium plugin. -->","yoast_head_json":{"title":"Arapske gramati\u010dke ve\u017ebe - Talkpal","description":"Unaprijedite svoje razumijevanje vje\u017ebama arapske gramatike koje pokrivaju osnovna pravila i strukture za savladavanje jezika.","robots":{"index":"index","follow":"follow","max-snippet":"max-snippet:-1","max-image-preview":"max-image-preview:large","max-video-preview":"max-video-preview:-1"},"canonical":"https:\/\/talkpal.ai\/bs\/arapske-gramaticke-vezbe\/","og_locale":"bs_BA","og_type":"article","og_title":"Arapske gramati\u010dke ve\u017ebe","og_description":"Arapske gramati\u010dke teme Arapski jezik, sa svojom bogatom istorijom i kulturnim zna\u010dajem, fascinantan je i nagra\u0111uju\u0107i poduhvat za u\u010denike jezika. Kao","og_url":"https:\/\/talkpal.ai\/bs\/arapske-gramaticke-vezbe\/","og_site_name":"Talkpal","article_publisher":"https:\/\/www.facebook.com\/profile.php?id=100090733639311","article_modified_time":"2025-05-22T20:17:07+00:00","og_image":[{"width":512,"height":512,"url":"https:\/\/talkpal.ai\/wp-content\/uploads\/2023\/04\/arabic-united-arab-emirates.png","type":"image\/png"}],"twitter_card":"summary_large_image","twitter_site":"@talkpalai","twitter_misc":{"Est. reading time":"3 minute"},"schema":{"@context":"https:\/\/schema.org","@graph":[{"@type":"WebPage","@id":"https:\/\/talkpal.ai\/bs\/arapske-gramaticke-vezbe\/","url":"https:\/\/talkpal.ai\/bs\/arapske-gramaticke-vezbe\/","name":"Arapske gramati\u010dke ve\u017ebe - Talkpal","isPartOf":{"@id":"https:\/\/talkpal.ai\/bs\/#website"},"primaryImageOfPage":{"@id":"https:\/\/talkpal.ai\/bs\/arapske-gramaticke-vezbe\/#primaryimage"},"image":{"@id":"https:\/\/talkpal.ai\/bs\/arapske-gramaticke-vezbe\/#primaryimage"},"thumbnailUrl":"https:\/\/talkpal.ai\/wp-content\/uploads\/2023\/04\/arabic-united-arab-emirates.png","datePublished":"2023-06-16T09:31:38+00:00","dateModified":"2025-05-22T20:17:07+00:00","description":"Unaprijedite svoje razumijevanje vje\u017ebama arapske gramatike koje pokrivaju osnovna pravila i strukture za savladavanje jezika.","breadcrumb":{"@id":"https:\/\/talkpal.ai\/bs\/arapske-gramaticke-vezbe\/#breadcrumb"},"inLanguage":"bs-BA","potentialAction":[{"@type":"ReadAction","target":["https:\/\/talkpal.ai\/bs\/arapske-gramaticke-vezbe\/"]}]},{"@type":"ImageObject","inLanguage":"bs-BA","@id":"https:\/\/talkpal.ai\/bs\/arapske-gramaticke-vezbe\/#primaryimage","url":"https:\/\/talkpal.ai\/wp-content\/uploads\/2023\/04\/arabic-united-arab-emirates.png","contentUrl":"https:\/\/talkpal.ai\/wp-content\/uploads\/2023\/04\/arabic-united-arab-emirates.png","width":512,"height":512},{"@type":"BreadcrumbList","@id":"https:\/\/talkpal.ai\/bs\/arapske-gramaticke-vezbe\/#breadcrumb","itemListElement":[{"@type":"ListItem","position":1,"name":"Homepage","item":"https:\/\/talkpal.ai\/bs\/"},{"@type":"ListItem","position":2,"name":"Arapske gramati\u010dke ve\u017ebe"}]},{"@type":"WebSite","@id":"https:\/\/talkpal.ai\/bs\/#website","url":"https:\/\/talkpal.ai\/bs\/","name":"Talkpal","description":"AI Language Learning","publisher":{"@id":"https:\/\/talkpal.ai\/bs\/#organization"},"alternateName":"Talkpal AI","potentialAction":[{"@type":"SearchAction","target":{"@type":"EntryPoint","urlTemplate":"https:\/\/talkpal.ai\/bs\/?s={search_term_string}"},"query-input":{"@type":"PropertyValueSpecification","valueRequired":true,"valueName":"search_term_string"}}],"inLanguage":"bs-BA"},{"@type":"Organization","@id":"https:\/\/talkpal.ai\/bs\/#organization","name":"Talkpal, Inc.","alternateName":"Talkpal AI","url":"https:\/\/talkpal.ai\/bs\/","logo":{"@type":"ImageObject","inLanguage":"bs-BA","@id":"https:\/\/talkpal.ai\/bs\/#\/schema\/logo\/image\/","url":"https:\/\/talkpal.ai\/wp-content\/uploads\/2024\/03\/Talkpal-Logo-Icon.png","contentUrl":"https:\/\/talkpal.ai\/wp-content\/uploads\/2024\/03\/Talkpal-Logo-Icon.png","width":2880,"height":2880,"caption":"Talkpal, Inc."},"image":{"@id":"https:\/\/talkpal.ai\/bs\/#\/schema\/logo\/image\/"},"sameAs":["https:\/\/www.facebook.com\/profile.php?id=100090733639311","https:\/\/x.com\/talkpalai","https:\/\/www.linkedin.com\/company\/talkpal\/","https:\/\/www.youtube.com\/@TalkPal\/","https:\/\/www.tiktok.com\/@talkpal","https:\/\/www.instagram.com\/talkpal_ai\/","https:\/\/www.crunchbase.com\/organization\/talkpal-9cde","https:\/\/www.g2.com\/products\/talkpal-for-business\/","https:\/\/www.trustpilot.com\/review\/talkpal.ai","https:\/\/www.capterra.com\/p\/10006800\/TalkPal\/"],"description":"Talkpal is a language learning web and mobile education app, powered by the latest AI technologies, that provides engaging experiences to its customers in many different languages to help them improve their language skills. Users can chat about unlimited amount of topics with the app and use other modes to practice their language learning.","email":"support@talkpal.ai","legalName":"Talkpal, Inc.","foundingDate":"2023-04-03","duns":"118989042","numberOfEmployees":{"@type":"QuantitativeValue","minValue":"11","maxValue":"50"},"publishingPrinciples":"https:\/\/talkpal.ai\/publishing-principles\/","actionableFeedbackPolicy":"https:\/\/talkpal.ai\/actionable-feedback-policy\/","correctionsPolicy":"https:\/\/talkpal.ai\/corrections-policy\/","ethicsPolicy":"https:\/\/talkpal.ai\/ethics-policy\/","diversityPolicy":"https:\/\/talkpal.ai\/diversity-policy\/","diversityStaffingReport":"https:\/\/talkpal.ai\/diversity-policy\/"}]}},"_links":{"self":[{"href":"https:\/\/talkpal.ai\/bs\/wp-json\/wp\/v2\/pages\/132564","targetHints":{"allow":["GET"]}}],"collection":[{"href":"https:\/\/talkpal.ai\/bs\/wp-json\/wp\/v2\/pages"}],"about":[{"href":"https:\/\/talkpal.ai\/bs\/wp-json\/wp\/v2\/types\/page"}],"author":[{"embeddable":true,"href":"https:\/\/talkpal.ai\/bs\/wp-json\/wp\/v2\/users\/6"}],"replies":[{"embeddable":true,"href":"https:\/\/talkpal.ai\/bs\/wp-json\/wp\/v2\/comments?post=132564"}],"version-history":[{"count":0,"href":"https:\/\/talkpal.ai\/bs\/wp-json\/wp\/v2\/pages\/132564\/revisions"}],"wp:featuredmedia":[{"embeddable":true,"href":"https:\/\/talkpal.ai\/bs\/wp-json\/wp\/v2\/media\/105860"}],"wp:attachment":[{"href":"https:\/\/talkpal.ai\/bs\/wp-json\/wp\/v2\/media?parent=132564"}],"curies":[{"name":"wp","href":"https:\/\/api.w.org\/{rel}","templated":true}]}}