{"id":132287,"date":"2023-06-16T09:22:36","date_gmt":"2023-06-16T09:22:36","guid":{"rendered":"http:\/\/talkpal.ai\/italijanske-gramaticke-vezbe\/"},"modified":"2025-12-17T16:15:10","modified_gmt":"2025-12-17T16:15:10","slug":"italijanske-gramaticke-vezbe","status":"publish","type":"page","link":"https:\/\/talkpal.ai\/bs\/italijanske-gramaticke-vezbe\/","title":{"rendered":"Italijanske gramati\u010dke ve\u017ebe"},"content":{"rendered":"\r\n\r\n\r\n<section class=\"languageChallengeSection\">\r\n    <div class=\"languageInfoWrapper\">\r\n        \r\n        <h1>Italijanske gramati\u010dke ve\u017ebe<\/h1>\r\n        <p>Spremni da izgradite svoje samopouzdanje u italijanskom jeziku? Vje\u017ebanje gramatike je najbolji na\u010din za savladavanje re\u010deni\u010dne strukture, konjugacija glagola i jedinstvenih karakteristika italijanskog jezika. Po\u010dnite raditi na svojoj italijanskoj gramatici ve\u0107 danas i primje\u0107ujte da se va\u0161e vje\u0161tine i te\u010dnost pobolj\u0161avaju sa svakim korakom!\n\n<\/p>\r\n\r\n                            <a class=\"getStartedHidden\" href=\"https:\/\/app.talkpal.ai\/signup?lng=\">Kreni<\/a>\r\n        \r\n    <\/div>\r\n\r\n    <figure>\r\n    <img decoding=\"async\" width=\"768\" height=\"768\" src=\"https:\/\/talkpal.ai\/wp-content\/uploads\/2023\/06\/italian-768x768.png\" class=\"languageImage no-lazy\" alt=\"Language learning for increased memory capacity\" fetchpriority=\"high\" sizes=\"(max-width: 768px) 150px, 768px\" srcset=\"https:\/\/talkpal.ai\/wp-content\/uploads\/2023\/06\/italian-768x768.png 768w, https:\/\/talkpal.ai\/wp-content\/uploads\/2023\/06\/italian-300x300.png 300w\" \/>\r\n    \r\n\r\n    <\/figure>\r\n\r\n            <a class=\"getStartedVisible\" href=\"https:\/\/app.talkpal.ai\/signup?lng=\">Kreni<\/a>\r\n    \r\n<\/section>\r\n\r\n\r\n<!-- <section class=\"grammarSection\">\r\n    <div class=\"grammarLinks\">\r\n            <\/div>\r\n<\/section> -->\r\n\r\n\r\n\r\n\r\n<section class=\"promotionalBanner\">\r\n    <p class=\"promotionalText\">Najefikasniji na\u010din za u\u010denje jezika<\/p>\r\n    <a class=\"promotionalLink\" href=\"https:\/\/app.talkpal.ai\/signup?lng=\">Isprobajte Talkpal besplatno<\/a>\r\n<\/section>\n<div class=\"wp-block-group pageContainerStyle\"><div class=\"wp-block-group__inner-container is-layout-constrained wp-block-group-is-layout-constrained\">\n<h2 class=\"wp-block-heading\" id=\"h-italian-grammar-topics\">Italijanske gramati\u010dke teme<\/h2>\n\n\n\n<p>U\u010denje novog jezika je uzbudljivo putovanje koje otvara nove mogu\u0107nosti i kulturna iskustva. Jedan od najlep\u0161ih i najrasprostranjenijih jezika je italijanski, poznat po svojoj muzikalnosti, izra\u017eajnosti i bogatoj istoriji. Da biste efikasno nau\u010dili italijanski, klju\u010dno je da imate jasno razumevanje njegove gramatike, <a href=\"https:\/\/talkpal.ai\/locations\/language-courses-in-koja\/\">koja<\/a> slu\u017ei kao osnova za izgradnju jezi\u010dkih ve\u0161tina. To uklju\u010duje savladavanje razli\u010ditih aspekata, kao \u0161to su vremena, glagoli, imenice, \u010dlanci i jo\u0161 mnogo toga. U ovom vodi\u010du \u0107emo istra\u017eiti niz gramati\u010dkih tema koje \u0107e vam pomo\u0107i da nau\u010dite italijanski na organizovan i efikasan na\u010din.<\/p>\n\n\n\n<h3 class=\"wp-block-heading\" id=\"h-1-nouns-and-articles\">1. imenice i \u010dlanci:<\/h3>\n\n\n\n<p><a href=\"https:\/\/talkpal.ai\/ko\/ai-%ec%96%b8%ec%96%b4-%ea%b5%90%ec%82%ac\/\">Zapo\u010dnite<\/a> svoje putovanje u\u010denja italijanskog jezika imenicama i \u010dlancima, jer su oni osnovni gradivni blokovi bilo koje re\u010denice. Imenice su re\u010di koje predstavljaju ljude, mesta, stvari ili ideje. Na italijanskom, imenice imaju rodove (mu\u0161ki i \u017eenski) i brojeve (jednina i mno\u017eina). \u010clanci su rije\u010di koje prate imenice, a imaju i spol i broj. Upoznajte se sa odre\u0111enim (il, la, itd.) i neodre\u0111enim \u010dlancima (un, una, itd.) da biste formirali jednostavne fraze.<\/p>\n\n\n\n<h3 class=\"wp-block-heading\" id=\"h-2-adjectives\">2. pridjevi:<\/h3>\n\n\n\n<p>Pridjevi pru\u017eaju informacije o imenicama, kao \u0161to su boja, veli\u010dina ili kvalitet. Na italijanskom se pridjevi sla\u017eu u spolu i broju sa imenicom koju opisuju. Nau\u010dite pravila za postavljanje pridjeva i saglasnost kako biste pobolj\u0161ali svoje deskriptivne jezi\u010dke vje\u0161tine.<\/p>\n\n\n\n<h3 class=\"wp-block-heading\" id=\"h-3-pronouns\">3. zamjenice:<\/h3>\n\n\n\n<p>Zamenice zamenjuju imenice u re\u010denicama da bi se izbeglo ponavljanje. Zamjenice predmeta (io, tu, lui, itd.), zamjenice direktnih i indirektnih objekata (lo, la, gli, itd.), i posesivne zamjenice (mio, tuo, suo, itd.) kako biste dodali vi\u0161e raznolikosti va\u0161em govoru.<\/p>\n\n\n\n<h3 class=\"wp-block-heading\" id=\"h-4-verbs-and-tenses-indicative\">4. glagoli i napetosti indikativno:<\/h3>\n\n\n\n<p>Glagoli izra\u017eavaju akcije, stanja ili pojave. Italijanski glagoli imaju razli\u010dite konjugacije na osnovu teme, napetosti i raspolo\u017eenja. Po\u010dnite sa redovnim glagolima u indikativu sada\u0161njeg vremena, kao \u0161to je parlare (govoriti), i postepeno u\u010dite druga vremena, kao \u0161to su pro\u0161lost (<a href=\"https:\/\/talkpal.ai\/ar\/grammar_exercises\/passato-prossimo-%d8%aa%d9%85%d8%a7%d8%b1%d9%8a%d9%86-%d9%84%d9%84%d9%82%d9%88%d8%a7%d8%b9%d8%af-%d8%a7%d9%84%d8%a5%d9%8a%d8%b7%d8%a7%d9%84%d9%8a%d8%a9\/\">passato prossimo<\/a>) i budu\u0107nost (<a href=\"https:\/\/talkpal.ai\/ar\/grammar_exercises\/futuro-semplice-%d8%aa%d9%85%d8%a7%d8%b1%d9%8a%d9%86-%d9%84%d9%84%d9%82%d9%88%d8%a7%d8%b9%d8%af-%d8%a7%d9%84%d8%a5%d9%8a%d8%b7%d8%a7%d9%84%d9%8a%d8%a9\/\">futuro semplice<\/a>).<\/p>\n\n\n\n<h3 class=\"wp-block-heading\" id=\"h-5-tenses-subjunctive\">5. napeti konjuktiv:<\/h3>\n\n\n\n<p>Konjuktivno raspolo\u017eenje izra\u017eava sumnju, neizvesnost ili li\u010dna mi\u0161ljenja. Nau\u010dite \u010detiri konjuktivna vremena (sada\u0161nja, pro\u0161lost, nesavr\u0161ena i pro\u0161la savr\u0161ena) i njihovu upotrebu u izra\u017eavanju \u017eelja, \u017eelja i hipoteti\u010dkih situacija.<\/p>\n\n\n\n<h3 class=\"wp-block-heading\" id=\"h-6-tense-comparison\">6. napeto pore\u0111enje:<\/h3>\n\n\n\n<p>Razvi\u0458te svo\u0458u sposobnost da uporedite aktsi\u0458e u razlichitim vremenskim okvirima uche\u045bi kako da koristite komparativne i superlativne oblike pridjeva i priloga. Ovo \u0107e vam omogu\u0107iti da napravite pore\u0111enje izme\u0111u ljudi, objekata ili situacija.<\/p>\n\n\n\n<h3 class=\"wp-block-heading\" id=\"h-7-adverbs\">7. prilozi:<\/h3>\n\n\n\n<p>Prilozi modifikuju glagole, pridjeve ili druge priloge pru\u017eaju\u0107i dodatne informacije o vremenu, na\u010dinu ili stepenu. Nau\u010dite uobi\u010dajene italijanske priloge i njihovo postavljanje u re\u010denice kako biste pobolj\u0161ali svoju te\u010dnost.<\/p>\n\n\n\n<h3 class=\"wp-block-heading\" id=\"h-8-prepositions\">8. prijedlozi:<\/h3>\n\n\n\n<p>Predlozi su neophodni za povezivanje re\u010di i fraza, ukazuju\u0107i na odnose kao \u0161to su lokacija, vreme ili uzrok. Savladajte zajedni\u010dke italijanske predloge (di, a, da, itd.) i njihovu upotrebu u razli\u010ditim kontekstima.<\/p>\n\n\n\n<h3 class=\"wp-block-heading\" id=\"h-9-sentence-structure\">9. struktura re\u010denice:<\/h3>\n\n\n\n<p>Na kraju, spojite sve gramati\u010dke komponente prou\u010davaju\u0107i italijansku strukturu re\u010denica. Saznajte vi\u0161e o redosledu subjekt-glagol-objekat, negaciji i formiranju pitanja za kreiranje ta\u010dnih i smislenih re\u010denica.<\/p>\n\n\n\n<p>Prate\u0107i ovaj niz gramati\u010dkih tema i posve\u0107uju\u0107i vreme ve\u017ebanju i pregledu, bi\u0107ete na dobrom putu da savladate <a href=\"https:\/\/talkpal.ai\/sl\/naucite-se-italijanskega-jezika\/\">italijanski jezik<\/a> i u\u017eivate u bogatim jezi\u010dkim i kulturnim iskustvima koja nudi.<\/p>\n<\/div><\/div>\n\r\n<section class=\"learnNavigationSection\">\r\n            \r\n        <a href=\"https:\/\/talkpal.ai\/bs\/naucite-italijanski\/\">\r\n            <div class=\"learnNavigationWrapper\">\r\n                <div class=\"learnNavigationContent\">\r\n                    <img decoding=\"async\" src=\"https:\/\/talkpal.ai\/wp-content\/uploads\/2024\/08\/Italian.jpg\" alt=\"Italian Flag\">\r\n                    <div>\r\n                        <h4>O u\u010denju italijanskog<\/h4>\r\n                        <p>Saznajte sve o italijanskoj gramatici.<\/p>\r\n                    <\/div>\r\n                <\/div>\r\n            <\/div>\r\n        <\/a>\r\n\r\n        \r\n        <a href=\"https:\/\/talkpal.ai\/bs\/italian-grammar\/\">\r\n            <div class=\"learnNavigationWrapper\">\r\n                <div class=\"learnNavigationContent\">\r\n                    <img decoding=\"async\" src=\"https:\/\/talkpal.ai\/wp-content\/uploads\/2024\/08\/Italian.jpg\" alt=\"Italian Flag\">\r\n                    <div>\r\n                        <h4>Lekcije italijanske gramatike<\/h4>\r\n                        <p>Ve\u017ebajte italijansku gramatiku.<\/p>\r\n                    <\/div>\r\n                <\/div>\r\n            <\/div>\r\n        <\/a>\r\n\r\n        \r\n        <a href=\"https:\/\/talkpal.ai\/vocabulary_language\/italian\/\">\r\n            <div class=\"learnNavigationWrapper\">\r\n                <div class=\"learnNavigationContent\">\r\n                    <img decoding=\"async\" src=\"https:\/\/talkpal.ai\/wp-content\/uploads\/2024\/08\/Italian.jpg\" alt=\"Italian Flag\">\r\n                    <div>\r\n                        <h4>Italian Vocabulary<\/h4>\r\n                        <p>Pro\u0161irite svoj italijanski vokabular.<\/p>\r\n                    <\/div>\r\n                <\/div>\r\n            <\/div>\r\n        <\/a>\r\n\r\n            <\/section>","protected":false},"excerpt":{"rendered":"<p>Italijanske gramati\u010dke teme U\u010denje novog jezika je uzbudljivo putovanje koje otvara nove mogu\u0107nosti i kulturna iskustva. Jedan od najlep\u0161ih i najrasprostranjenijih jezika je italijanski, poznat po svojoj muzikalnosti, izra\u017eajnosti i bogatoj istoriji. Da biste efikasno nau\u010dili italijanski, klju\u010dno je da imate jasno razumevanje njegove gramatike, koja slu\u017ei kao osnova za izgradnju jezi\u010dkih ve\u0161tina. To uklju\u010duje [&hellip;]<\/p>\n","protected":false},"author":6,"featured_media":76183,"parent":0,"menu_order":0,"comment_status":"closed","ping_status":"closed","template":"LearningContentPage.php","meta":{"_acf_changed":false,"footnotes":""},"class_list":["post-132287","page","type-page","status-publish","has-post-thumbnail","hentry"],"acf":[],"yoast_head":"<!-- This site is optimized with the Yoast SEO Premium plugin v27.2 (Yoast SEO v27.2) - https:\/\/yoast.com\/product\/yoast-seo-premium-wordpress\/ -->\n<title>Italijanske gramati\u010dke ve\u017ebe - Talkpal<\/title>\n<meta name=\"description\" content=\"Efikasno oja\u010dajte svoju italijansku gramatiku - pobolj\u0161ajte svoje vje\u0161tine prakti\u010dnim vje\u017ebama, interaktivnom praksom i trenutnim povratnim informacijama\" \/>\n<meta name=\"robots\" content=\"index, follow, max-snippet:-1, max-image-preview:large, max-video-preview:-1\" \/>\n<link rel=\"canonical\" href=\"https:\/\/talkpal.ai\/bs\/italijanske-gramaticke-vezbe\/\" \/>\n<meta property=\"og:locale\" content=\"bs_BA\" \/>\n<meta property=\"og:type\" content=\"article\" \/>\n<meta property=\"og:title\" content=\"Italijanske gramati\u010dke ve\u017ebe\" \/>\n<meta property=\"og:description\" content=\"Italijanske gramati\u010dke teme U\u010denje novog jezika je uzbudljivo putovanje koje otvara nove mogu\u0107nosti i kulturna iskustva. Jedan od najlep\u0161ih i\" \/>\n<meta property=\"og:url\" content=\"https:\/\/talkpal.ai\/bs\/italijanske-gramaticke-vezbe\/\" \/>\n<meta property=\"og:site_name\" content=\"Talkpal\" \/>\n<meta property=\"article:publisher\" content=\"https:\/\/www.facebook.com\/profile.php?id=100090733639311\" \/>\n<meta property=\"article:modified_time\" content=\"2025-12-17T16:15:10+00:00\" \/>\n<meta property=\"og:image\" content=\"https:\/\/talkpal.ai\/wp-content\/uploads\/2023\/03\/italy.png\" \/>\n\t<meta property=\"og:image:width\" content=\"512\" \/>\n\t<meta property=\"og:image:height\" content=\"512\" \/>\n\t<meta property=\"og:image:type\" content=\"image\/png\" \/>\n<meta name=\"twitter:card\" content=\"summary_large_image\" \/>\n<meta name=\"twitter:site\" content=\"@talkpalai\" \/>\n<meta name=\"twitter:label1\" content=\"Est. reading time\" \/>\n\t<meta name=\"twitter:data1\" content=\"3 minute\" \/>\n<script type=\"application\/ld+json\" class=\"yoast-schema-graph\">{\"@context\":\"https:\/\/schema.org\",\"@graph\":[{\"@type\":\"WebPage\",\"@id\":\"https:\/\/talkpal.ai\/bs\/italijanske-gramaticke-vezbe\/\",\"url\":\"https:\/\/talkpal.ai\/bs\/italijanske-gramaticke-vezbe\/\",\"name\":\"Italijanske gramati\u010dke ve\u017ebe - Talkpal\",\"isPartOf\":{\"@id\":\"https:\/\/talkpal.ai\/bs\/#website\"},\"primaryImageOfPage\":{\"@id\":\"https:\/\/talkpal.ai\/bs\/italijanske-gramaticke-vezbe\/#primaryimage\"},\"image\":{\"@id\":\"https:\/\/talkpal.ai\/bs\/italijanske-gramaticke-vezbe\/#primaryimage\"},\"thumbnailUrl\":\"https:\/\/talkpal.ai\/wp-content\/uploads\/2023\/03\/italy.png\",\"datePublished\":\"2023-06-16T09:22:36+00:00\",\"dateModified\":\"2025-12-17T16:15:10+00:00\",\"description\":\"Efikasno oja\u010dajte svoju italijansku gramatiku - pobolj\u0161ajte svoje vje\u0161tine prakti\u010dnim vje\u017ebama, interaktivnom praksom i trenutnim povratnim informacijama\",\"breadcrumb\":{\"@id\":\"https:\/\/talkpal.ai\/bs\/italijanske-gramaticke-vezbe\/#breadcrumb\"},\"inLanguage\":\"bs-BA\",\"potentialAction\":[{\"@type\":\"ReadAction\",\"target\":[\"https:\/\/talkpal.ai\/bs\/italijanske-gramaticke-vezbe\/\"]}]},{\"@type\":\"ImageObject\",\"inLanguage\":\"bs-BA\",\"@id\":\"https:\/\/talkpal.ai\/bs\/italijanske-gramaticke-vezbe\/#primaryimage\",\"url\":\"https:\/\/talkpal.ai\/wp-content\/uploads\/2023\/03\/italy.png\",\"contentUrl\":\"https:\/\/talkpal.ai\/wp-content\/uploads\/2023\/03\/italy.png\",\"width\":512,\"height\":512,\"caption\":\"TalkPal AI learn Italian\"},{\"@type\":\"BreadcrumbList\",\"@id\":\"https:\/\/talkpal.ai\/bs\/italijanske-gramaticke-vezbe\/#breadcrumb\",\"itemListElement\":[{\"@type\":\"ListItem\",\"position\":1,\"name\":\"Homepage\",\"item\":\"https:\/\/talkpal.ai\/bs\/\"},{\"@type\":\"ListItem\",\"position\":2,\"name\":\"Italijanske gramati\u010dke ve\u017ebe\"}]},{\"@type\":\"WebSite\",\"@id\":\"https:\/\/talkpal.ai\/bs\/#website\",\"url\":\"https:\/\/talkpal.ai\/bs\/\",\"name\":\"Talkpal\",\"description\":\"AI Language Learning\",\"publisher\":{\"@id\":\"https:\/\/talkpal.ai\/bs\/#organization\"},\"alternateName\":\"Talkpal AI\",\"potentialAction\":[{\"@type\":\"SearchAction\",\"target\":{\"@type\":\"EntryPoint\",\"urlTemplate\":\"https:\/\/talkpal.ai\/bs\/?s={search_term_string}\"},\"query-input\":{\"@type\":\"PropertyValueSpecification\",\"valueRequired\":true,\"valueName\":\"search_term_string\"}}],\"inLanguage\":\"bs-BA\"},{\"@type\":\"Organization\",\"@id\":\"https:\/\/talkpal.ai\/bs\/#organization\",\"name\":\"Talkpal, Inc.\",\"alternateName\":\"Talkpal AI\",\"url\":\"https:\/\/talkpal.ai\/bs\/\",\"logo\":{\"@type\":\"ImageObject\",\"inLanguage\":\"bs-BA\",\"@id\":\"https:\/\/talkpal.ai\/bs\/#\/schema\/logo\/image\/\",\"url\":\"https:\/\/talkpal.ai\/wp-content\/uploads\/2024\/03\/Talkpal-Logo-Icon.png\",\"contentUrl\":\"https:\/\/talkpal.ai\/wp-content\/uploads\/2024\/03\/Talkpal-Logo-Icon.png\",\"width\":2880,\"height\":2880,\"caption\":\"Talkpal, Inc.\"},\"image\":{\"@id\":\"https:\/\/talkpal.ai\/bs\/#\/schema\/logo\/image\/\"},\"sameAs\":[\"https:\/\/www.facebook.com\/profile.php?id=100090733639311\",\"https:\/\/x.com\/talkpalai\",\"https:\/\/www.linkedin.com\/company\/talkpal\/\",\"https:\/\/www.youtube.com\/@TalkPal\/\",\"https:\/\/www.tiktok.com\/@talkpal\",\"https:\/\/www.instagram.com\/talkpal_ai\/\",\"https:\/\/www.crunchbase.com\/organization\/talkpal-9cde\",\"https:\/\/www.g2.com\/products\/talkpal-for-business\/\",\"https:\/\/www.trustpilot.com\/review\/talkpal.ai\",\"https:\/\/www.capterra.com\/p\/10006800\/TalkPal\/\"],\"description\":\"Talkpal is a language learning web and mobile education app, powered by the latest AI technologies, that provides engaging experiences to its customers in many different languages to help them improve their language skills. Users can chat about unlimited amount of topics with the app and use other modes to practice their language learning.\",\"email\":\"support@talkpal.ai\",\"legalName\":\"Talkpal, Inc.\",\"foundingDate\":\"2023-04-03\",\"duns\":\"118989042\",\"numberOfEmployees\":{\"@type\":\"QuantitativeValue\",\"minValue\":\"11\",\"maxValue\":\"50\"},\"publishingPrinciples\":\"https:\/\/talkpal.ai\/publishing-principles\/\",\"actionableFeedbackPolicy\":\"https:\/\/talkpal.ai\/actionable-feedback-policy\/\",\"correctionsPolicy\":\"https:\/\/talkpal.ai\/corrections-policy\/\",\"ethicsPolicy\":\"https:\/\/talkpal.ai\/ethics-policy\/\",\"diversityPolicy\":\"https:\/\/talkpal.ai\/diversity-policy\/\",\"diversityStaffingReport\":\"https:\/\/talkpal.ai\/diversity-policy\/\"}]}<\/script>\n<!-- \/ Yoast SEO Premium plugin. -->","yoast_head_json":{"title":"Italijanske gramati\u010dke ve\u017ebe - Talkpal","description":"Efikasno oja\u010dajte svoju italijansku gramatiku - pobolj\u0161ajte svoje vje\u0161tine prakti\u010dnim vje\u017ebama, interaktivnom praksom i trenutnim povratnim informacijama","robots":{"index":"index","follow":"follow","max-snippet":"max-snippet:-1","max-image-preview":"max-image-preview:large","max-video-preview":"max-video-preview:-1"},"canonical":"https:\/\/talkpal.ai\/bs\/italijanske-gramaticke-vezbe\/","og_locale":"bs_BA","og_type":"article","og_title":"Italijanske gramati\u010dke ve\u017ebe","og_description":"Italijanske gramati\u010dke teme U\u010denje novog jezika je uzbudljivo putovanje koje otvara nove mogu\u0107nosti i kulturna iskustva. Jedan od najlep\u0161ih i","og_url":"https:\/\/talkpal.ai\/bs\/italijanske-gramaticke-vezbe\/","og_site_name":"Talkpal","article_publisher":"https:\/\/www.facebook.com\/profile.php?id=100090733639311","article_modified_time":"2025-12-17T16:15:10+00:00","og_image":[{"width":512,"height":512,"url":"https:\/\/talkpal.ai\/wp-content\/uploads\/2023\/03\/italy.png","type":"image\/png"}],"twitter_card":"summary_large_image","twitter_site":"@talkpalai","twitter_misc":{"Est. reading time":"3 minute"},"schema":{"@context":"https:\/\/schema.org","@graph":[{"@type":"WebPage","@id":"https:\/\/talkpal.ai\/bs\/italijanske-gramaticke-vezbe\/","url":"https:\/\/talkpal.ai\/bs\/italijanske-gramaticke-vezbe\/","name":"Italijanske gramati\u010dke ve\u017ebe - Talkpal","isPartOf":{"@id":"https:\/\/talkpal.ai\/bs\/#website"},"primaryImageOfPage":{"@id":"https:\/\/talkpal.ai\/bs\/italijanske-gramaticke-vezbe\/#primaryimage"},"image":{"@id":"https:\/\/talkpal.ai\/bs\/italijanske-gramaticke-vezbe\/#primaryimage"},"thumbnailUrl":"https:\/\/talkpal.ai\/wp-content\/uploads\/2023\/03\/italy.png","datePublished":"2023-06-16T09:22:36+00:00","dateModified":"2025-12-17T16:15:10+00:00","description":"Efikasno oja\u010dajte svoju italijansku gramatiku - pobolj\u0161ajte svoje vje\u0161tine prakti\u010dnim vje\u017ebama, interaktivnom praksom i trenutnim povratnim informacijama","breadcrumb":{"@id":"https:\/\/talkpal.ai\/bs\/italijanske-gramaticke-vezbe\/#breadcrumb"},"inLanguage":"bs-BA","potentialAction":[{"@type":"ReadAction","target":["https:\/\/talkpal.ai\/bs\/italijanske-gramaticke-vezbe\/"]}]},{"@type":"ImageObject","inLanguage":"bs-BA","@id":"https:\/\/talkpal.ai\/bs\/italijanske-gramaticke-vezbe\/#primaryimage","url":"https:\/\/talkpal.ai\/wp-content\/uploads\/2023\/03\/italy.png","contentUrl":"https:\/\/talkpal.ai\/wp-content\/uploads\/2023\/03\/italy.png","width":512,"height":512,"caption":"TalkPal AI learn Italian"},{"@type":"BreadcrumbList","@id":"https:\/\/talkpal.ai\/bs\/italijanske-gramaticke-vezbe\/#breadcrumb","itemListElement":[{"@type":"ListItem","position":1,"name":"Homepage","item":"https:\/\/talkpal.ai\/bs\/"},{"@type":"ListItem","position":2,"name":"Italijanske gramati\u010dke ve\u017ebe"}]},{"@type":"WebSite","@id":"https:\/\/talkpal.ai\/bs\/#website","url":"https:\/\/talkpal.ai\/bs\/","name":"Talkpal","description":"AI Language Learning","publisher":{"@id":"https:\/\/talkpal.ai\/bs\/#organization"},"alternateName":"Talkpal AI","potentialAction":[{"@type":"SearchAction","target":{"@type":"EntryPoint","urlTemplate":"https:\/\/talkpal.ai\/bs\/?s={search_term_string}"},"query-input":{"@type":"PropertyValueSpecification","valueRequired":true,"valueName":"search_term_string"}}],"inLanguage":"bs-BA"},{"@type":"Organization","@id":"https:\/\/talkpal.ai\/bs\/#organization","name":"Talkpal, Inc.","alternateName":"Talkpal AI","url":"https:\/\/talkpal.ai\/bs\/","logo":{"@type":"ImageObject","inLanguage":"bs-BA","@id":"https:\/\/talkpal.ai\/bs\/#\/schema\/logo\/image\/","url":"https:\/\/talkpal.ai\/wp-content\/uploads\/2024\/03\/Talkpal-Logo-Icon.png","contentUrl":"https:\/\/talkpal.ai\/wp-content\/uploads\/2024\/03\/Talkpal-Logo-Icon.png","width":2880,"height":2880,"caption":"Talkpal, Inc."},"image":{"@id":"https:\/\/talkpal.ai\/bs\/#\/schema\/logo\/image\/"},"sameAs":["https:\/\/www.facebook.com\/profile.php?id=100090733639311","https:\/\/x.com\/talkpalai","https:\/\/www.linkedin.com\/company\/talkpal\/","https:\/\/www.youtube.com\/@TalkPal\/","https:\/\/www.tiktok.com\/@talkpal","https:\/\/www.instagram.com\/talkpal_ai\/","https:\/\/www.crunchbase.com\/organization\/talkpal-9cde","https:\/\/www.g2.com\/products\/talkpal-for-business\/","https:\/\/www.trustpilot.com\/review\/talkpal.ai","https:\/\/www.capterra.com\/p\/10006800\/TalkPal\/"],"description":"Talkpal is a language learning web and mobile education app, powered by the latest AI technologies, that provides engaging experiences to its customers in many different languages to help them improve their language skills. Users can chat about unlimited amount of topics with the app and use other modes to practice their language learning.","email":"support@talkpal.ai","legalName":"Talkpal, Inc.","foundingDate":"2023-04-03","duns":"118989042","numberOfEmployees":{"@type":"QuantitativeValue","minValue":"11","maxValue":"50"},"publishingPrinciples":"https:\/\/talkpal.ai\/publishing-principles\/","actionableFeedbackPolicy":"https:\/\/talkpal.ai\/actionable-feedback-policy\/","correctionsPolicy":"https:\/\/talkpal.ai\/corrections-policy\/","ethicsPolicy":"https:\/\/talkpal.ai\/ethics-policy\/","diversityPolicy":"https:\/\/talkpal.ai\/diversity-policy\/","diversityStaffingReport":"https:\/\/talkpal.ai\/diversity-policy\/"}]}},"_links":{"self":[{"href":"https:\/\/talkpal.ai\/bs\/wp-json\/wp\/v2\/pages\/132287","targetHints":{"allow":["GET"]}}],"collection":[{"href":"https:\/\/talkpal.ai\/bs\/wp-json\/wp\/v2\/pages"}],"about":[{"href":"https:\/\/talkpal.ai\/bs\/wp-json\/wp\/v2\/types\/page"}],"author":[{"embeddable":true,"href":"https:\/\/talkpal.ai\/bs\/wp-json\/wp\/v2\/users\/6"}],"replies":[{"embeddable":true,"href":"https:\/\/talkpal.ai\/bs\/wp-json\/wp\/v2\/comments?post=132287"}],"version-history":[{"count":0,"href":"https:\/\/talkpal.ai\/bs\/wp-json\/wp\/v2\/pages\/132287\/revisions"}],"wp:featuredmedia":[{"embeddable":true,"href":"https:\/\/talkpal.ai\/bs\/wp-json\/wp\/v2\/media\/76183"}],"wp:attachment":[{"href":"https:\/\/talkpal.ai\/bs\/wp-json\/wp\/v2\/media?parent=132287"}],"curies":[{"name":"wp","href":"https:\/\/api.w.org\/{rel}","templated":true}]}}