{"id":132073,"date":"2023-06-16T09:14:18","date_gmt":"2023-06-16T09:14:18","guid":{"rendered":"http:\/\/talkpal.ai\/njemacke-gramaticke-vjezbe\/"},"modified":"2025-12-17T16:12:50","modified_gmt":"2025-12-17T16:12:50","slug":"njemacke-gramaticke-vjezbe","status":"publish","type":"page","link":"https:\/\/talkpal.ai\/bs\/njemacke-gramaticke-vjezbe\/","title":{"rendered":"Njema\u010dke gramati\u010dke vje\u017ebe"},"content":{"rendered":"\r\n\r\n\r\n<section class=\"languageChallengeSection\">\r\n    <div class=\"languageInfoWrapper\">\r\n        \r\n        <h1>Njema\u010dke gramati\u010dke vje\u017ebe<\/h1>\r\n        <p>Spremni da usavr\u0161ite svoju njema\u010dku gramatiku? Vje\u017ebanje gramati\u010dkih vje\u017ebi je savr\u0161en na\u010din za savladavanje njema\u010dkog jezika. Po\u010dnite raditi na tome ve\u0107 danas i vidjet \u0107ete kako vam samopouzdanje i te\u010dnost rastu sa svakom vje\u017ebom!\n\n<\/p>\r\n\r\n                            <a class=\"getStartedHidden\" href=\"https:\/\/app.talkpal.ai\/signup?lng=\">Kreni<\/a>\r\n        \r\n    <\/div>\r\n\r\n    <figure>\r\n    <img decoding=\"async\" width=\"768\" height=\"768\" src=\"https:\/\/talkpal.ai\/wp-content\/uploads\/2023\/06\/german-768x768.png\" class=\"languageImage no-lazy\" alt=\"Language learning for global networking\" fetchpriority=\"high\" sizes=\"(max-width: 768px) 150px, 768px\" srcset=\"https:\/\/talkpal.ai\/wp-content\/uploads\/2023\/06\/german-768x768.png 768w, https:\/\/talkpal.ai\/wp-content\/uploads\/2023\/06\/german-300x300.png 300w\" \/>\r\n    \r\n\r\n    <\/figure>\r\n\r\n            <a class=\"getStartedVisible\" href=\"https:\/\/app.talkpal.ai\/signup?lng=\">Kreni<\/a>\r\n    \r\n<\/section>\r\n\r\n\r\n<!-- <section class=\"grammarSection\">\r\n    <div class=\"grammarLinks\">\r\n            <\/div>\r\n<\/section> -->\r\n\r\n\r\n\r\n\r\n<section class=\"promotionalBanner\">\r\n    <p class=\"promotionalText\">Najefikasniji na\u010din za u\u010denje jezika<\/p>\r\n    <a class=\"promotionalLink\" href=\"https:\/\/app.talkpal.ai\/signup?lng=\">Isprobajte Talkpal besplatno<\/a>\r\n<\/section>\n<div class=\"wp-block-group pageContainerStyle\"><div class=\"wp-block-group__inner-container is-layout-constrained wp-block-group-is-layout-constrained\">\n<h2 class=\"wp-block-heading\" id=\"h-german-grammar-topics\">Njema\u010dka gramatika<\/h2>\n\n\n\n<p>U\u010denje novog jezika mo\u017ee biti zastra\u0161uju\u0107i zadatak, ali sa pravim pristupom, to mo\u017ee biti uzbudljivo i nagra\u0111uju\u0107e iskustvo. <a href=\"https:\/\/talkpal.ai\/learn-german\/\">Njema\u010dki<\/a> je visoko strukturiran i logi\u010dan jezik, \u0161to olak\u0161ava u\u010denje ako imate jasno razumijevanje njegovih gramati\u010dkih pravila. Ovaj vodi\u010d \u0107e vam pomo\u0107i da razumete klju\u010dne aspekte nema\u010dke gramatike, kao \u0161to su vremena, glagoli, imenice i \u010dlanci, zamenice, pridjevi, deklinacija, prilozi, prijedlozi i struktura re\u010denica. Prate\u0107i ovu sekvencu, mo\u0107i \u0107ete efikasno i efikasno napredovati na svom putu u\u010denja njema\u010dkog jezika.<\/p>\n\n\n\n<h3 class=\"wp-block-heading\" id=\"h-1-nouns-and-articles\">1. imenice i \u010dlanci:<\/h3>\n\n\n\n<p>Po\u010dnite sa u\u010denjem osnova nema\u010dkih imenica i njihovih prate\u0107ih \u010dlanaka. Njema\u010dki ima tri spola (mu\u0161ki, \u017eenski i kauterski) i \u010detiri slu\u010daja (nominativ, akuzativ, dativ i genitiv). Razumevanje ovih pravila \u0107e vam pomo\u0107i da odredite ta\u010dan \u010dlanak za svaku imenicu i postavite osnovu za va\u0161e znanje nema\u010dke gramatike.<\/p>\n\n\n\n<h3 class=\"wp-block-heading\" id=\"h-2-pronouns\">2. zamjenice:<\/h3>\n\n\n\n<p>Zamenice zamenjuju imenice u re\u010denici i imaju razli\u010dite oblike u zavisnosti od pola, broja i slu\u010daja. Upoznajte se sa nema\u010dkim zamenicama, kao \u0161to su li\u010dne, posesivne, refleksivne i relativne zamenice, kako biste kreirali slo\u017eenije re\u010denice i preciznije izrazili svoje misli.<\/p>\n\n\n\n<h3 class=\"wp-block-heading\" id=\"h-3-verbs\">3. glagoli:<\/h3>\n\n\n\n<p>Glagoli su klju\u010dni u formiranju re\u010denica, jer izra\u017eavaju akcije i stanja. Nau\u010dite razli\u010dite vrste nema\u010dkih glagola, kao \u0161to su redovni, nepravilni, modalni i refleksivni glagoli, zajedno sa njihovim konjugacijama u sada\u0161njosti, pro\u0161losti i budu\u0107im vremenima. Ovo \u0107e vam omogu\u0107iti da efikasno komunicirate u razli\u010ditim situacijama.<\/p>\n\n\n\n<h3 class=\"wp-block-heading\" id=\"h-4-tenses\">4. napetosti:<\/h3>\n\n\n\n<p>Vremena ozna\u010davaju vreme kada se radnja de\u0161ava. Na njema\u010dkom jeziku postoji \u0161est vremena: sada\u0161njost, jednostavna pro\u0161lost, sada\u0161njost savr\u0161ena, pro\u0161lost savr\u0161ena, budu\u0107nost i budu\u0107a savr\u0161ena vremena. Razumevanje pravila i upotrebe ovih vremena \u0107e vam pomo\u0107i da se jasno i precizno izrazite.<\/p>\n\n\n\n<h3 class=\"wp-block-heading\" id=\"h-5-adjectives\">5. pridjevi:<\/h3>\n\n\n\n<p>Pridjevi opisuju kvalitete imenica i zamjenica i sla\u017eu se u spolu, broju i slu\u010daju s imenicom koju mijenjaju. Nau\u010dite pravila za pridjevsku deklinaciju, kao i komparativne i superlativne oblike, kako biste pobolj\u0161ali svoje opise i u\u010dinili govor \u017eivopisnijim.<\/p>\n\n\n\n<h3 class=\"wp-block-heading\" id=\"h-6-declension\">6. deklinacija:<\/h3>\n\n\n\n<p>Deklinacija je proces promjene imenica, zamjenica i pridjeva kako bi se ukazala na njihovu gramati\u010dku funkciju u re\u010denici. Upoznajte se sa \u010detiri nema\u010dka slu\u010daja i kako oni uti\u010du na zavr\u0161etke re\u010di, \u0161to \u0107e vam omogu\u0107iti da konstrui\u0161ete gramati\u010dki ispravne re\u010denice.<\/p>\n\n\n\n<h3 class=\"wp-block-heading\" id=\"h-7-adverbs\">7. prilozi:<\/h3>\n\n\n\n<p>Prilozi pru\u017eaju dodatne informacije o glagolima, pridjevima ili drugim prilozima. Nau\u010dite razli\u010dite vrste nema\u010dkih priloga, kao \u0161to su oni koji ukazuju na vreme, na\u010din i mesto, i kako da ih efikasno koristite za dodavanje nijansi i preciznosti u govor.<\/p>\n\n\n\n<h3 class=\"wp-block-heading\" id=\"h-8-prepositions\">8. prijedlozi:<\/h3>\n\n\n\n<p>Prijedlozi se koriste za ozna\u010davanje odnosa izme\u0111u imenica ili zamjenica i drugih elemenata u re\u010denici. Prouchava\u0458te razlichite nemachke predloge i njihovu upotrebu u razlichitim slucha\u0458evima kako bi se razvilo bolje razumevanje kako se konstruishu kazne.<\/p>\n\n\n\n<h3 class=\"wp-block-heading\" id=\"h-9-sentence-structure\">9. struktura re\u010denice:<\/h3>\n\n\n\n<p>Na kraju, upoznajte se sa nema\u010dkom strukturom re\u010denica, uklju\u010duju\u0107i redosled re\u010di, podre\u0111ene klauzule i veznike. Razumevanje ovih pravila \u0107e vam pomo\u0107i da kreirate koherentne i dobro strukturirane re\u010denice, omogu\u0107avaju\u0107i vam da jasno i efikasno izrazite svoje misli na nema\u010dkom jeziku.<\/p>\n<\/div><\/div>\n\r\n<section class=\"learnNavigationSection\">\r\n            \r\n        <a href=\"https:\/\/talkpal.ai\/bs\/naucite-njemacki\/\">\r\n            <div class=\"learnNavigationWrapper\">\r\n                <div class=\"learnNavigationContent\">\r\n                    <img decoding=\"async\" src=\"https:\/\/talkpal.ai\/wp-content\/uploads\/2024\/08\/German.jpg\" alt=\"German Flag\">\r\n                    <div>\r\n                        <h4>O u\u010denju njema\u010dkog jezika<\/h4>\r\n                        <p>Saznaj sve o njema\u010dkoj gramatici.<\/p>\r\n                    <\/div>\r\n                <\/div>\r\n            <\/div>\r\n        <\/a>\r\n\r\n        \r\n        <a href=\"https:\/\/talkpal.ai\/bs\/german-grammar\/\">\r\n            <div class=\"learnNavigationWrapper\">\r\n                <div class=\"learnNavigationContent\">\r\n                    <img decoding=\"async\" src=\"https:\/\/talkpal.ai\/wp-content\/uploads\/2024\/08\/German.jpg\" alt=\"German Flag\">\r\n                    <div>\r\n                        <h4>Lekcije njema\u010dke gramatike<\/h4>\r\n                        <p>Praktikuj nema\u010dku gramatiku.<\/p>\r\n                    <\/div>\r\n                <\/div>\r\n            <\/div>\r\n        <\/a>\r\n\r\n        \r\n        <a href=\"https:\/\/talkpal.ai\/vocabulary_language\/german\/\">\r\n            <div class=\"learnNavigationWrapper\">\r\n                <div class=\"learnNavigationContent\">\r\n                    <img decoding=\"async\" src=\"https:\/\/talkpal.ai\/wp-content\/uploads\/2024\/08\/German.jpg\" alt=\"German Flag\">\r\n                    <div>\r\n                        <h4>njema\u010dki vokabular<\/h4>\r\n                        <p>Pro\u0161irite svoj njema\u010dki vokabular.<\/p>\r\n                    <\/div>\r\n                <\/div>\r\n            <\/div>\r\n        <\/a>\r\n\r\n            <\/section>","protected":false},"excerpt":{"rendered":"<p>Njema\u010dka gramatika U\u010denje novog jezika mo\u017ee biti zastra\u0161uju\u0107i zadatak, ali sa pravim pristupom, to mo\u017ee biti uzbudljivo i nagra\u0111uju\u0107e iskustvo. Njema\u010dki je visoko strukturiran i logi\u010dan jezik, \u0161to olak\u0161ava u\u010denje ako imate jasno razumijevanje njegovih gramati\u010dkih pravila. Ovaj vodi\u010d \u0107e vam pomo\u0107i da razumete klju\u010dne aspekte nema\u010dke gramatike, kao \u0161to su vremena, glagoli, imenice i [&hellip;]<\/p>\n","protected":false},"author":6,"featured_media":75569,"parent":0,"menu_order":0,"comment_status":"closed","ping_status":"closed","template":"LearningContentPage.php","meta":{"_acf_changed":false,"footnotes":""},"class_list":["post-132073","page","type-page","status-publish","has-post-thumbnail","hentry"],"acf":[],"yoast_head":"<!-- This site is optimized with the Yoast SEO Premium plugin v27.2 (Yoast SEO v27.2) - https:\/\/yoast.com\/product\/yoast-seo-premium-wordpress\/ -->\n<title>Njema\u010dke gramati\u010dke vje\u017ebe - Talkpal<\/title>\n<meta name=\"description\" content=\"Pobolj\u0161ajte svoju njema\u010dku gramatiku prakti\u010dnim vje\u017ebama - brzo se pobolj\u0161ajte, vje\u017ebajte interaktivno i steknite jezi\u010dko samopouzdanje koriste\u0107i Talkpal AI.\" \/>\n<meta name=\"robots\" content=\"index, follow, max-snippet:-1, max-image-preview:large, max-video-preview:-1\" \/>\n<link rel=\"canonical\" href=\"https:\/\/talkpal.ai\/bs\/njemacke-gramaticke-vjezbe\/\" \/>\n<meta property=\"og:locale\" content=\"bs_BA\" \/>\n<meta property=\"og:type\" content=\"article\" \/>\n<meta property=\"og:title\" content=\"Njema\u010dke gramati\u010dke vje\u017ebe\" \/>\n<meta property=\"og:description\" content=\"Njema\u010dka gramatika U\u010denje novog jezika mo\u017ee biti zastra\u0161uju\u0107i zadatak, ali sa pravim pristupom, to mo\u017ee biti uzbudljivo i nagra\u0111uju\u0107e iskustvo. Njema\u010dki\" \/>\n<meta property=\"og:url\" content=\"https:\/\/talkpal.ai\/bs\/njemacke-gramaticke-vjezbe\/\" \/>\n<meta property=\"og:site_name\" content=\"Talkpal\" \/>\n<meta property=\"article:publisher\" content=\"https:\/\/www.facebook.com\/profile.php?id=100090733639311\" \/>\n<meta property=\"article:modified_time\" content=\"2025-12-17T16:12:50+00:00\" \/>\n<meta property=\"og:image\" content=\"https:\/\/talkpal.ai\/wp-content\/uploads\/2023\/03\/germany.png\" \/>\n\t<meta property=\"og:image:width\" content=\"512\" \/>\n\t<meta property=\"og:image:height\" content=\"512\" \/>\n\t<meta property=\"og:image:type\" content=\"image\/png\" \/>\n<meta name=\"twitter:card\" content=\"summary_large_image\" \/>\n<meta name=\"twitter:site\" content=\"@talkpalai\" \/>\n<meta name=\"twitter:label1\" content=\"Est. reading time\" \/>\n\t<meta name=\"twitter:data1\" content=\"3 minute\" \/>\n<script type=\"application\/ld+json\" class=\"yoast-schema-graph\">{\"@context\":\"https:\/\/schema.org\",\"@graph\":[{\"@type\":\"WebPage\",\"@id\":\"https:\/\/talkpal.ai\/bs\/njemacke-gramaticke-vjezbe\/\",\"url\":\"https:\/\/talkpal.ai\/bs\/njemacke-gramaticke-vjezbe\/\",\"name\":\"Njema\u010dke gramati\u010dke vje\u017ebe - Talkpal\",\"isPartOf\":{\"@id\":\"https:\/\/talkpal.ai\/bs\/#website\"},\"primaryImageOfPage\":{\"@id\":\"https:\/\/talkpal.ai\/bs\/njemacke-gramaticke-vjezbe\/#primaryimage\"},\"image\":{\"@id\":\"https:\/\/talkpal.ai\/bs\/njemacke-gramaticke-vjezbe\/#primaryimage\"},\"thumbnailUrl\":\"https:\/\/talkpal.ai\/wp-content\/uploads\/2023\/03\/germany.png\",\"datePublished\":\"2023-06-16T09:14:18+00:00\",\"dateModified\":\"2025-12-17T16:12:50+00:00\",\"description\":\"Pobolj\u0161ajte svoju njema\u010dku gramatiku prakti\u010dnim vje\u017ebama - brzo se pobolj\u0161ajte, vje\u017ebajte interaktivno i steknite jezi\u010dko samopouzdanje koriste\u0107i Talkpal AI.\",\"breadcrumb\":{\"@id\":\"https:\/\/talkpal.ai\/bs\/njemacke-gramaticke-vjezbe\/#breadcrumb\"},\"inLanguage\":\"bs-BA\",\"potentialAction\":[{\"@type\":\"ReadAction\",\"target\":[\"https:\/\/talkpal.ai\/bs\/njemacke-gramaticke-vjezbe\/\"]}]},{\"@type\":\"ImageObject\",\"inLanguage\":\"bs-BA\",\"@id\":\"https:\/\/talkpal.ai\/bs\/njemacke-gramaticke-vjezbe\/#primaryimage\",\"url\":\"https:\/\/talkpal.ai\/wp-content\/uploads\/2023\/03\/germany.png\",\"contentUrl\":\"https:\/\/talkpal.ai\/wp-content\/uploads\/2023\/03\/germany.png\",\"width\":512,\"height\":512,\"caption\":\"TalkPal AI learn German\"},{\"@type\":\"BreadcrumbList\",\"@id\":\"https:\/\/talkpal.ai\/bs\/njemacke-gramaticke-vjezbe\/#breadcrumb\",\"itemListElement\":[{\"@type\":\"ListItem\",\"position\":1,\"name\":\"Homepage\",\"item\":\"https:\/\/talkpal.ai\/bs\/\"},{\"@type\":\"ListItem\",\"position\":2,\"name\":\"Njema\u010dke gramati\u010dke vje\u017ebe\"}]},{\"@type\":\"WebSite\",\"@id\":\"https:\/\/talkpal.ai\/bs\/#website\",\"url\":\"https:\/\/talkpal.ai\/bs\/\",\"name\":\"Talkpal\",\"description\":\"AI Language Learning\",\"publisher\":{\"@id\":\"https:\/\/talkpal.ai\/bs\/#organization\"},\"alternateName\":\"Talkpal AI\",\"potentialAction\":[{\"@type\":\"SearchAction\",\"target\":{\"@type\":\"EntryPoint\",\"urlTemplate\":\"https:\/\/talkpal.ai\/bs\/?s={search_term_string}\"},\"query-input\":{\"@type\":\"PropertyValueSpecification\",\"valueRequired\":true,\"valueName\":\"search_term_string\"}}],\"inLanguage\":\"bs-BA\"},{\"@type\":\"Organization\",\"@id\":\"https:\/\/talkpal.ai\/bs\/#organization\",\"name\":\"Talkpal, Inc.\",\"alternateName\":\"Talkpal AI\",\"url\":\"https:\/\/talkpal.ai\/bs\/\",\"logo\":{\"@type\":\"ImageObject\",\"inLanguage\":\"bs-BA\",\"@id\":\"https:\/\/talkpal.ai\/bs\/#\/schema\/logo\/image\/\",\"url\":\"https:\/\/talkpal.ai\/wp-content\/uploads\/2024\/03\/Talkpal-Logo-Icon.png\",\"contentUrl\":\"https:\/\/talkpal.ai\/wp-content\/uploads\/2024\/03\/Talkpal-Logo-Icon.png\",\"width\":2880,\"height\":2880,\"caption\":\"Talkpal, Inc.\"},\"image\":{\"@id\":\"https:\/\/talkpal.ai\/bs\/#\/schema\/logo\/image\/\"},\"sameAs\":[\"https:\/\/www.facebook.com\/profile.php?id=100090733639311\",\"https:\/\/x.com\/talkpalai\",\"https:\/\/www.linkedin.com\/company\/talkpal\/\",\"https:\/\/www.youtube.com\/@TalkPal\/\",\"https:\/\/www.tiktok.com\/@talkpal\",\"https:\/\/www.instagram.com\/talkpal_ai\/\",\"https:\/\/www.crunchbase.com\/organization\/talkpal-9cde\",\"https:\/\/www.g2.com\/products\/talkpal-for-business\/\",\"https:\/\/www.trustpilot.com\/review\/talkpal.ai\",\"https:\/\/www.capterra.com\/p\/10006800\/TalkPal\/\"],\"description\":\"Talkpal is a language learning web and mobile education app, powered by the latest AI technologies, that provides engaging experiences to its customers in many different languages to help them improve their language skills. Users can chat about unlimited amount of topics with the app and use other modes to practice their language learning.\",\"email\":\"support@talkpal.ai\",\"legalName\":\"Talkpal, Inc.\",\"foundingDate\":\"2023-04-03\",\"duns\":\"118989042\",\"numberOfEmployees\":{\"@type\":\"QuantitativeValue\",\"minValue\":\"11\",\"maxValue\":\"50\"},\"publishingPrinciples\":\"https:\/\/talkpal.ai\/publishing-principles\/\",\"actionableFeedbackPolicy\":\"https:\/\/talkpal.ai\/actionable-feedback-policy\/\",\"correctionsPolicy\":\"https:\/\/talkpal.ai\/corrections-policy\/\",\"ethicsPolicy\":\"https:\/\/talkpal.ai\/ethics-policy\/\",\"diversityPolicy\":\"https:\/\/talkpal.ai\/diversity-policy\/\",\"diversityStaffingReport\":\"https:\/\/talkpal.ai\/diversity-policy\/\"}]}<\/script>\n<!-- \/ Yoast SEO Premium plugin. -->","yoast_head_json":{"title":"Njema\u010dke gramati\u010dke vje\u017ebe - Talkpal","description":"Pobolj\u0161ajte svoju njema\u010dku gramatiku prakti\u010dnim vje\u017ebama - brzo se pobolj\u0161ajte, vje\u017ebajte interaktivno i steknite jezi\u010dko samopouzdanje koriste\u0107i Talkpal AI.","robots":{"index":"index","follow":"follow","max-snippet":"max-snippet:-1","max-image-preview":"max-image-preview:large","max-video-preview":"max-video-preview:-1"},"canonical":"https:\/\/talkpal.ai\/bs\/njemacke-gramaticke-vjezbe\/","og_locale":"bs_BA","og_type":"article","og_title":"Njema\u010dke gramati\u010dke vje\u017ebe","og_description":"Njema\u010dka gramatika U\u010denje novog jezika mo\u017ee biti zastra\u0161uju\u0107i zadatak, ali sa pravim pristupom, to mo\u017ee biti uzbudljivo i nagra\u0111uju\u0107e iskustvo. Njema\u010dki","og_url":"https:\/\/talkpal.ai\/bs\/njemacke-gramaticke-vjezbe\/","og_site_name":"Talkpal","article_publisher":"https:\/\/www.facebook.com\/profile.php?id=100090733639311","article_modified_time":"2025-12-17T16:12:50+00:00","og_image":[{"width":512,"height":512,"url":"https:\/\/talkpal.ai\/wp-content\/uploads\/2023\/03\/germany.png","type":"image\/png"}],"twitter_card":"summary_large_image","twitter_site":"@talkpalai","twitter_misc":{"Est. reading time":"3 minute"},"schema":{"@context":"https:\/\/schema.org","@graph":[{"@type":"WebPage","@id":"https:\/\/talkpal.ai\/bs\/njemacke-gramaticke-vjezbe\/","url":"https:\/\/talkpal.ai\/bs\/njemacke-gramaticke-vjezbe\/","name":"Njema\u010dke gramati\u010dke vje\u017ebe - Talkpal","isPartOf":{"@id":"https:\/\/talkpal.ai\/bs\/#website"},"primaryImageOfPage":{"@id":"https:\/\/talkpal.ai\/bs\/njemacke-gramaticke-vjezbe\/#primaryimage"},"image":{"@id":"https:\/\/talkpal.ai\/bs\/njemacke-gramaticke-vjezbe\/#primaryimage"},"thumbnailUrl":"https:\/\/talkpal.ai\/wp-content\/uploads\/2023\/03\/germany.png","datePublished":"2023-06-16T09:14:18+00:00","dateModified":"2025-12-17T16:12:50+00:00","description":"Pobolj\u0161ajte svoju njema\u010dku gramatiku prakti\u010dnim vje\u017ebama - brzo se pobolj\u0161ajte, vje\u017ebajte interaktivno i steknite jezi\u010dko samopouzdanje koriste\u0107i Talkpal AI.","breadcrumb":{"@id":"https:\/\/talkpal.ai\/bs\/njemacke-gramaticke-vjezbe\/#breadcrumb"},"inLanguage":"bs-BA","potentialAction":[{"@type":"ReadAction","target":["https:\/\/talkpal.ai\/bs\/njemacke-gramaticke-vjezbe\/"]}]},{"@type":"ImageObject","inLanguage":"bs-BA","@id":"https:\/\/talkpal.ai\/bs\/njemacke-gramaticke-vjezbe\/#primaryimage","url":"https:\/\/talkpal.ai\/wp-content\/uploads\/2023\/03\/germany.png","contentUrl":"https:\/\/talkpal.ai\/wp-content\/uploads\/2023\/03\/germany.png","width":512,"height":512,"caption":"TalkPal AI learn German"},{"@type":"BreadcrumbList","@id":"https:\/\/talkpal.ai\/bs\/njemacke-gramaticke-vjezbe\/#breadcrumb","itemListElement":[{"@type":"ListItem","position":1,"name":"Homepage","item":"https:\/\/talkpal.ai\/bs\/"},{"@type":"ListItem","position":2,"name":"Njema\u010dke gramati\u010dke vje\u017ebe"}]},{"@type":"WebSite","@id":"https:\/\/talkpal.ai\/bs\/#website","url":"https:\/\/talkpal.ai\/bs\/","name":"Talkpal","description":"AI Language Learning","publisher":{"@id":"https:\/\/talkpal.ai\/bs\/#organization"},"alternateName":"Talkpal AI","potentialAction":[{"@type":"SearchAction","target":{"@type":"EntryPoint","urlTemplate":"https:\/\/talkpal.ai\/bs\/?s={search_term_string}"},"query-input":{"@type":"PropertyValueSpecification","valueRequired":true,"valueName":"search_term_string"}}],"inLanguage":"bs-BA"},{"@type":"Organization","@id":"https:\/\/talkpal.ai\/bs\/#organization","name":"Talkpal, Inc.","alternateName":"Talkpal AI","url":"https:\/\/talkpal.ai\/bs\/","logo":{"@type":"ImageObject","inLanguage":"bs-BA","@id":"https:\/\/talkpal.ai\/bs\/#\/schema\/logo\/image\/","url":"https:\/\/talkpal.ai\/wp-content\/uploads\/2024\/03\/Talkpal-Logo-Icon.png","contentUrl":"https:\/\/talkpal.ai\/wp-content\/uploads\/2024\/03\/Talkpal-Logo-Icon.png","width":2880,"height":2880,"caption":"Talkpal, Inc."},"image":{"@id":"https:\/\/talkpal.ai\/bs\/#\/schema\/logo\/image\/"},"sameAs":["https:\/\/www.facebook.com\/profile.php?id=100090733639311","https:\/\/x.com\/talkpalai","https:\/\/www.linkedin.com\/company\/talkpal\/","https:\/\/www.youtube.com\/@TalkPal\/","https:\/\/www.tiktok.com\/@talkpal","https:\/\/www.instagram.com\/talkpal_ai\/","https:\/\/www.crunchbase.com\/organization\/talkpal-9cde","https:\/\/www.g2.com\/products\/talkpal-for-business\/","https:\/\/www.trustpilot.com\/review\/talkpal.ai","https:\/\/www.capterra.com\/p\/10006800\/TalkPal\/"],"description":"Talkpal is a language learning web and mobile education app, powered by the latest AI technologies, that provides engaging experiences to its customers in many different languages to help them improve their language skills. Users can chat about unlimited amount of topics with the app and use other modes to practice their language learning.","email":"support@talkpal.ai","legalName":"Talkpal, Inc.","foundingDate":"2023-04-03","duns":"118989042","numberOfEmployees":{"@type":"QuantitativeValue","minValue":"11","maxValue":"50"},"publishingPrinciples":"https:\/\/talkpal.ai\/publishing-principles\/","actionableFeedbackPolicy":"https:\/\/talkpal.ai\/actionable-feedback-policy\/","correctionsPolicy":"https:\/\/talkpal.ai\/corrections-policy\/","ethicsPolicy":"https:\/\/talkpal.ai\/ethics-policy\/","diversityPolicy":"https:\/\/talkpal.ai\/diversity-policy\/","diversityStaffingReport":"https:\/\/talkpal.ai\/diversity-policy\/"}]}},"_links":{"self":[{"href":"https:\/\/talkpal.ai\/bs\/wp-json\/wp\/v2\/pages\/132073","targetHints":{"allow":["GET"]}}],"collection":[{"href":"https:\/\/talkpal.ai\/bs\/wp-json\/wp\/v2\/pages"}],"about":[{"href":"https:\/\/talkpal.ai\/bs\/wp-json\/wp\/v2\/types\/page"}],"author":[{"embeddable":true,"href":"https:\/\/talkpal.ai\/bs\/wp-json\/wp\/v2\/users\/6"}],"replies":[{"embeddable":true,"href":"https:\/\/talkpal.ai\/bs\/wp-json\/wp\/v2\/comments?post=132073"}],"version-history":[{"count":0,"href":"https:\/\/talkpal.ai\/bs\/wp-json\/wp\/v2\/pages\/132073\/revisions"}],"wp:featuredmedia":[{"embeddable":true,"href":"https:\/\/talkpal.ai\/bs\/wp-json\/wp\/v2\/media\/75569"}],"wp:attachment":[{"href":"https:\/\/talkpal.ai\/bs\/wp-json\/wp\/v2\/media?parent=132073"}],"curies":[{"name":"wp","href":"https:\/\/api.w.org\/{rel}","templated":true}]}}