{"id":131807,"date":"2023-06-16T08:35:52","date_gmt":"2023-06-16T08:35:52","guid":{"rendered":"http:\/\/talkpal.ai\/francuske-gramaticke-vezbe\/"},"modified":"2025-12-17T16:47:52","modified_gmt":"2025-12-17T16:47:52","slug":"francuske-gramaticke-vezbe","status":"publish","type":"page","link":"https:\/\/talkpal.ai\/bs\/francuske-gramaticke-vezbe\/","title":{"rendered":"Francuske gramati\u010dke ve\u017ebe"},"content":{"rendered":"\r\n\r\n\r\n<section class=\"languageChallengeSection\">\r\n    <div class=\"languageInfoWrapper\">\r\n        \r\n        <h1>Francuske gramati\u010dke ve\u017ebe<\/h1>\r\n        <p>\u017delite li savladati <a href=\"https:\/\/talkpal.ai\/learn-french\/\">francuski<\/a>? Vje\u017ebanje gramati\u010dkih vje\u017ebi je fantasti\u010dan na\u010din za razumijevanje strukture re\u010denica, konjugacija glagola i jedinstvenih obrazaca francuskog jezika. Po\u010dnite raditi na francuskoj gramatici ve\u0107 danas i gledajte kako vam samopouzdanje i te\u010dnost rastu sa svakom vje\u017ebom!\n\n<\/p>\r\n\r\n                            <a class=\"getStartedHidden\" href=\"https:\/\/app.talkpal.ai\/signup?lng=\">Kreni<\/a>\r\n        \r\n    <\/div>\r\n\r\n    <figure>\r\n    <img decoding=\"async\" width=\"768\" height=\"768\" src=\"https:\/\/talkpal.ai\/wp-content\/uploads\/2023\/06\/french-768x768.png\" class=\"languageImage no-lazy\" alt=\"Language learning strategies for professionals\" fetchpriority=\"high\" sizes=\"(max-width: 768px) 150px, 768px\" srcset=\"https:\/\/talkpal.ai\/wp-content\/uploads\/2023\/06\/french-768x768.png 768w, https:\/\/talkpal.ai\/wp-content\/uploads\/2023\/06\/french-300x300.png 300w\" \/>\r\n    \r\n\r\n    <\/figure>\r\n\r\n            <a class=\"getStartedVisible\" href=\"https:\/\/app.talkpal.ai\/signup?lng=\">Kreni<\/a>\r\n    \r\n<\/section>\r\n\r\n\r\n<!-- <section class=\"grammarSection\">\r\n    <div class=\"grammarLinks\">\r\n            <\/div>\r\n<\/section> -->\r\n\r\n\r\n\r\n\r\n<section class=\"promotionalBanner\">\r\n    <p class=\"promotionalText\">Najefikasniji na\u010din za u\u010denje jezika<\/p>\r\n    <a class=\"promotionalLink\" href=\"https:\/\/app.talkpal.ai\/signup?lng=\">Isprobajte Talkpal besplatno<\/a>\r\n<\/section>\n<div class=\"wp-block-group pageContainerStyle\"><div class=\"wp-block-group__inner-container is-layout-constrained wp-block-group-is-layout-constrained\">\n<h2 class=\"wp-block-heading\" id=\"h-french-grammar-topics\">Francuska gramatika<\/h2>\n\n\n\n<p>U\u010denje francuskog jezika mo\u017ee da bude uzbudljivo i inspirativno iskustvo. Kao jezik bogat istorijom i kulturom, francuski nudi jedinstvenu perspektivu sveta i predstavlja su\u0161tinski komunikacioni alat u razli\u010ditim oblastima. Da biste efikasno nau\u010dili francuski, va\u017eno je dobro razumeti njegovu gramatiku, <a href=\"https:\/\/talkpal.ai\/locations\/language-courses-in-koja\/\">koja<\/a> je osnova svakog jezika. Sljede\u0107i slijed francuskih gramati\u010dkih tema, uklju\u010duju\u0107i pridjeve, priloge, \u010dlanke, imenice, prijedloge, zamjenice i odrednice, strukturu re\u010denice, vremena \u2013 indikativna i glagola, pomo\u0107i \u0107e vam da se uputite na va\u0161 put do savladavanja jezika.<\/p>\n\n\n\n<h3 class=\"wp-block-heading\" id=\"h-1-nouns\">1. imenice:<\/h3>\n\n\n\n<p>Imenice su glavni gradivni blokovi bilo kog jezika, jer predstavljaju ljude, mesta, stvari ili ideje. U francuskom, imenice imaju rodove (mu\u0161ki ili \u017eenski) i mogu biti jednine ili mno\u017eine. Razumevanje pola i broja imenica je od vitalnog zna\u010daja, jer uti\u010de na oblike drugih re\u010di u re\u010denici, kao \u0161to su pridjevi, \u010dlanci i zamjenice.<\/p>\n\n\n\n<h3 class=\"wp-block-heading\" id=\"h-2-articles\">2. \u010dlanci:<\/h3>\n\n\n\n<p>\u010clanci su neophodni u francuskoj gramatici, jer pru\u017eaju informacije o polu i broju imenice. Postoje tri vrste \u010dlanaka na francuskom: definite (le, la, les), indefinite (un, une, des) i partitivni (du, de la, des). Kori\u0161\u0107enje odgovaraju\u0107eg \u010dlanka poma\u017ee da se prenese nameravano zna\u010denje re\u010denice.<\/p>\n\n\n\n<h3 class=\"wp-block-heading\" id=\"h-3-adjectives\">3. pridjevi:<\/h3>\n\n\n\n<p>Pridjevi se koriste za opisivanje ili modificiranje imenica. Na francuskom, pridjevi se moraju slo\u017eiti sa imenicom koju mijenjaju u spolu i broju. Osim toga, polo\u017eaj pridjeva u re\u010denici mo\u017ee varirati, iako ve\u0107ina pridjeva slijedi imenicu koju opisuju.<\/p>\n\n\n\n<h3 class=\"wp-block-heading\" id=\"h-4-pronouns-and-determiners\">4. zamjenice i determinatori:<\/h3>\n\n\n\n<p>Zamjenice zamjenjuju imenice kako bi se izbjeglo ponavljanje, dok odreditelji odre\u0111uju ili kvantificiraju imenice. I zamjenice i determinatori moraju se slo\u017eiti s imenicom koju zamjenjuju ili prate u spolu i broju. Francuske zamjenice uklju\u010duju zamjenice predmeta (je, tu, il, itd.), zamjenice objekata (ja, te, lui, itd.), i refleksivne zamjenice (ja, te, se, itd.). Determinatori uklju\u010duju posesivne pridjeve (mon, ma, mes, itd.) i demonstrativne pridjeve (ce, cette, ces, itd.).<\/p>\n\n\n\n<h3 class=\"wp-block-heading\" id=\"h-5-verbs\">5. glagoli:<\/h3>\n\n\n\n<p>Glagoli izra\u017eavaju akcije, stanja ili pojave. Na francuskom, glagoli su konjugirani da se slo\u017ee sa temom li\u010dno i broj\u010dano i da izraze razli\u010dita vremena i raspolo\u017eenja. Redovni glagoli slijede predvidljiv obrazac, dok <a href=\"https:\/\/talkpal.ai\/sl\/grammar\/nepravilni-glagoli-v-angleski-slovnici\/\">nepravilni glagoli<\/a> zahtijevaju pam\u0107enje.<\/p>\n\n\n\n<h3 class=\"wp-block-heading\" id=\"h-6-tenses-indicative\">6. Vremena \u2013 Indikativni:<\/h3>\n\n\n\n<p>Indikativno raspolo\u017eenje se koristi za izra\u017eavanje \u010dinjenica i objektivnih izjava. U francuskom indikativu postoji osam tenzija: sada\u0161njost, budu\u0107nost, nesavr\u0161ena, jednostavna pro\u0161lost, plusavr\u0161ena, budu\u0107a savr\u0161ena, <a href=\"https:\/\/talkpal.ai\/nl\/grammar\/past-conditional-in-de-wit-russische-grammatica\/\">past conditional<\/a> i <a href=\"https:\/\/talkpal.ai\/fr\/grammar\/past-perfect-en-grammaire-ourdou\/\">past perfect<\/a>. Razumevanje i savladavanje ovih vremena je od klju\u010dnog zna\u010daja za izra\u017eavanje vremena i sekvence na francuskom jeziku.<\/p>\n\n\n\n<h3 class=\"wp-block-heading\" id=\"h-7-adverbs\">7. prilozi:<\/h3>\n\n\n\n<p>Prilozi modifikuju glagole, pridjeve ili druge priloge, pru\u017eaju\u0107i dodatne informacije o radnji, stanju ili kvalitetu. Na francuskom, ve\u0107ina priloga se formira dodavanjem -menta u \u017eenski oblik pridjeva. Prilozi obi\u010dno slijede glagol koji mijenjaju.<\/p>\n\n\n\n<h3 class=\"wp-block-heading\" id=\"h-8-prepositions\">8. prijedlozi:<\/h3>\n\n\n\n<p>Predlozi povezuju re\u010di ili grupe re\u010di, ozna\u010davaju\u0107i odnose kao \u0161to su lokacija, smer, vreme ili uzrok. Uobi\u010dajeni francuski prijedlozi uklju\u010duju \u00e0 (at, to), de (of, from), en (in, on) i pour (for). U\u010denje predloga i njihova upotreba su od su\u0161tinskog zna\u010daja za izgradnju koherentnih re\u010denica.<\/p>\n\n\n\n<h3 class=\"wp-block-heading\" id=\"h-9-sentence-structure\">9. struktura re\u010denice:<\/h3>\n\n\n\n<p>Francuske re\u010denice slijede strukturu subjekt-glagol-objekt (SVO), sli\u010dnu engleskom. Me\u0111utim, redosled re\u010di mo\u017ee da varira u zavisnosti od upotrebe zamenica, negacije i naglaska. Razumevanje strukture re\u010denice je od vitalnog zna\u010daja za formiranje jasnih i ta\u010dnih izjava i pitanja na francuskom jeziku.<\/p>\n<\/div><\/div>\n\r\n<section class=\"learnNavigationSection\">\r\n            \r\n        <a href=\"https:\/\/talkpal.ai\/bs\/naucite-francuski\/\">\r\n            <div class=\"learnNavigationWrapper\">\r\n                <div class=\"learnNavigationContent\">\r\n                    <img decoding=\"async\" src=\"https:\/\/talkpal.ai\/wp-content\/uploads\/2024\/08\/French.jpg\" alt=\"French Flag\">\r\n                    <div>\r\n                        <h4>O u\u010denju francuskog<\/h4>\r\n                        <p>Saznaj sve o francuskoj gramatici.<\/p>\r\n                    <\/div>\r\n                <\/div>\r\n            <\/div>\r\n        <\/a>\r\n\r\n        \r\n        <a href=\"https:\/\/talkpal.ai\/bs\/french-grammar\/\">\r\n            <div class=\"learnNavigationWrapper\">\r\n                <div class=\"learnNavigationContent\">\r\n                    <img decoding=\"async\" src=\"https:\/\/talkpal.ai\/wp-content\/uploads\/2024\/08\/French.jpg\" alt=\"French Flag\">\r\n                    <div>\r\n                        <h4>Lekcije francuske gramatike<\/h4>\r\n                        <p>Praktikuj francusku gramatiku.<\/p>\r\n                    <\/div>\r\n                <\/div>\r\n            <\/div>\r\n        <\/a>\r\n\r\n        \r\n        <a href=\"https:\/\/talkpal.ai\/vocabulary_language\/french\/\">\r\n            <div class=\"learnNavigationWrapper\">\r\n                <div class=\"learnNavigationContent\">\r\n                    <img decoding=\"async\" src=\"https:\/\/talkpal.ai\/wp-content\/uploads\/2024\/08\/French.jpg\" alt=\"French Flag\">\r\n                    <div>\r\n                        <h4>Francuski vokabular<\/h4>\r\n                        <p>Pro\u0161irite svoj francuski vokabular.<\/p>\r\n                    <\/div>\r\n                <\/div>\r\n            <\/div>\r\n        <\/a>\r\n\r\n            <\/section>","protected":false},"excerpt":{"rendered":"<p>Francuska gramatika U\u010denje francuskog jezika mo\u017ee da bude uzbudljivo i inspirativno iskustvo. Kao jezik bogat istorijom i kulturom, francuski nudi jedinstvenu perspektivu sveta i predstavlja su\u0161tinski komunikacioni alat u razli\u010ditim oblastima. Da biste efikasno nau\u010dili francuski, va\u017eno je dobro razumeti njegovu gramatiku, koja je osnova svakog jezika. Sljede\u0107i slijed francuskih gramati\u010dkih tema, uklju\u010duju\u0107i pridjeve, priloge, [&hellip;]<\/p>\n","protected":false},"author":6,"featured_media":75877,"parent":0,"menu_order":0,"comment_status":"closed","ping_status":"closed","template":"LearningContentPage.php","meta":{"_acf_changed":false,"footnotes":""},"class_list":["post-131807","page","type-page","status-publish","has-post-thumbnail","hentry"],"acf":[],"yoast_head":"<!-- This site is optimized with the Yoast SEO Premium plugin v27.2 (Yoast SEO v27.2) - https:\/\/yoast.com\/product\/yoast-seo-premium-wordpress\/ -->\n<title>Francuske gramati\u010dke ve\u017ebe - Talkpal<\/title>\n<meta name=\"description\" content=\"Vje\u017ebajte i pobolj\u0161ajte svoje gramati\u010dke vje\u0161tine francuskog jezika uz interaktivne vje\u017ebe osmi\u0161ljene za sve nivoe. Unapredite svoje jezi\u010dko znanje!\" \/>\n<meta name=\"robots\" content=\"index, follow, max-snippet:-1, max-image-preview:large, max-video-preview:-1\" \/>\n<link rel=\"canonical\" href=\"https:\/\/talkpal.ai\/bs\/francuske-gramaticke-vezbe\/\" \/>\n<meta property=\"og:locale\" content=\"bs_BA\" \/>\n<meta property=\"og:type\" content=\"article\" \/>\n<meta property=\"og:title\" content=\"Francuske gramati\u010dke ve\u017ebe\" \/>\n<meta property=\"og:description\" content=\"Francuska gramatika U\u010denje francuskog jezika mo\u017ee da bude uzbudljivo i inspirativno iskustvo. Kao jezik bogat istorijom i kulturom, francuski nudi\" \/>\n<meta property=\"og:url\" content=\"https:\/\/talkpal.ai\/bs\/francuske-gramaticke-vezbe\/\" \/>\n<meta property=\"og:site_name\" content=\"Talkpal\" \/>\n<meta property=\"article:publisher\" content=\"https:\/\/www.facebook.com\/profile.php?id=100090733639311\" \/>\n<meta property=\"article:modified_time\" content=\"2025-12-17T16:47:52+00:00\" \/>\n<meta property=\"og:image\" content=\"https:\/\/talkpal.ai\/wp-content\/uploads\/2023\/03\/france.png\" \/>\n\t<meta property=\"og:image:width\" content=\"512\" \/>\n\t<meta property=\"og:image:height\" content=\"512\" \/>\n\t<meta property=\"og:image:type\" content=\"image\/png\" \/>\n<meta name=\"twitter:card\" content=\"summary_large_image\" \/>\n<meta name=\"twitter:site\" content=\"@talkpalai\" \/>\n<meta name=\"twitter:label1\" content=\"Est. reading time\" \/>\n\t<meta name=\"twitter:data1\" content=\"3 minute\" \/>\n<script type=\"application\/ld+json\" class=\"yoast-schema-graph\">{\"@context\":\"https:\/\/schema.org\",\"@graph\":[{\"@type\":\"WebPage\",\"@id\":\"https:\/\/talkpal.ai\/bs\/francuske-gramaticke-vezbe\/\",\"url\":\"https:\/\/talkpal.ai\/bs\/francuske-gramaticke-vezbe\/\",\"name\":\"Francuske gramati\u010dke ve\u017ebe - Talkpal\",\"isPartOf\":{\"@id\":\"https:\/\/talkpal.ai\/bs\/#website\"},\"primaryImageOfPage\":{\"@id\":\"https:\/\/talkpal.ai\/bs\/francuske-gramaticke-vezbe\/#primaryimage\"},\"image\":{\"@id\":\"https:\/\/talkpal.ai\/bs\/francuske-gramaticke-vezbe\/#primaryimage\"},\"thumbnailUrl\":\"https:\/\/talkpal.ai\/wp-content\/uploads\/2023\/03\/france.png\",\"datePublished\":\"2023-06-16T08:35:52+00:00\",\"dateModified\":\"2025-12-17T16:47:52+00:00\",\"description\":\"Vje\u017ebajte i pobolj\u0161ajte svoje gramati\u010dke vje\u0161tine francuskog jezika uz interaktivne vje\u017ebe osmi\u0161ljene za sve nivoe. Unapredite svoje jezi\u010dko znanje!\",\"breadcrumb\":{\"@id\":\"https:\/\/talkpal.ai\/bs\/francuske-gramaticke-vezbe\/#breadcrumb\"},\"inLanguage\":\"bs-BA\",\"potentialAction\":[{\"@type\":\"ReadAction\",\"target\":[\"https:\/\/talkpal.ai\/bs\/francuske-gramaticke-vezbe\/\"]}]},{\"@type\":\"ImageObject\",\"inLanguage\":\"bs-BA\",\"@id\":\"https:\/\/talkpal.ai\/bs\/francuske-gramaticke-vezbe\/#primaryimage\",\"url\":\"https:\/\/talkpal.ai\/wp-content\/uploads\/2023\/03\/france.png\",\"contentUrl\":\"https:\/\/talkpal.ai\/wp-content\/uploads\/2023\/03\/france.png\",\"width\":512,\"height\":512,\"caption\":\"TalkPal AI learn French\"},{\"@type\":\"BreadcrumbList\",\"@id\":\"https:\/\/talkpal.ai\/bs\/francuske-gramaticke-vezbe\/#breadcrumb\",\"itemListElement\":[{\"@type\":\"ListItem\",\"position\":1,\"name\":\"Homepage\",\"item\":\"https:\/\/talkpal.ai\/bs\/\"},{\"@type\":\"ListItem\",\"position\":2,\"name\":\"Francuske gramati\u010dke ve\u017ebe\"}]},{\"@type\":\"WebSite\",\"@id\":\"https:\/\/talkpal.ai\/bs\/#website\",\"url\":\"https:\/\/talkpal.ai\/bs\/\",\"name\":\"Talkpal\",\"description\":\"AI Language Learning\",\"publisher\":{\"@id\":\"https:\/\/talkpal.ai\/bs\/#organization\"},\"alternateName\":\"Talkpal AI\",\"potentialAction\":[{\"@type\":\"SearchAction\",\"target\":{\"@type\":\"EntryPoint\",\"urlTemplate\":\"https:\/\/talkpal.ai\/bs\/?s={search_term_string}\"},\"query-input\":{\"@type\":\"PropertyValueSpecification\",\"valueRequired\":true,\"valueName\":\"search_term_string\"}}],\"inLanguage\":\"bs-BA\"},{\"@type\":\"Organization\",\"@id\":\"https:\/\/talkpal.ai\/bs\/#organization\",\"name\":\"Talkpal, Inc.\",\"alternateName\":\"Talkpal AI\",\"url\":\"https:\/\/talkpal.ai\/bs\/\",\"logo\":{\"@type\":\"ImageObject\",\"inLanguage\":\"bs-BA\",\"@id\":\"https:\/\/talkpal.ai\/bs\/#\/schema\/logo\/image\/\",\"url\":\"https:\/\/talkpal.ai\/wp-content\/uploads\/2024\/03\/Talkpal-Logo-Icon.png\",\"contentUrl\":\"https:\/\/talkpal.ai\/wp-content\/uploads\/2024\/03\/Talkpal-Logo-Icon.png\",\"width\":2880,\"height\":2880,\"caption\":\"Talkpal, Inc.\"},\"image\":{\"@id\":\"https:\/\/talkpal.ai\/bs\/#\/schema\/logo\/image\/\"},\"sameAs\":[\"https:\/\/www.facebook.com\/profile.php?id=100090733639311\",\"https:\/\/x.com\/talkpalai\",\"https:\/\/www.linkedin.com\/company\/talkpal\/\",\"https:\/\/www.youtube.com\/@TalkPal\/\",\"https:\/\/www.tiktok.com\/@talkpal\",\"https:\/\/www.instagram.com\/talkpal_ai\/\",\"https:\/\/www.crunchbase.com\/organization\/talkpal-9cde\",\"https:\/\/www.g2.com\/products\/talkpal-for-business\/\",\"https:\/\/www.trustpilot.com\/review\/talkpal.ai\",\"https:\/\/www.capterra.com\/p\/10006800\/TalkPal\/\"],\"description\":\"Talkpal is a language learning web and mobile education app, powered by the latest AI technologies, that provides engaging experiences to its customers in many different languages to help them improve their language skills. Users can chat about unlimited amount of topics with the app and use other modes to practice their language learning.\",\"email\":\"support@talkpal.ai\",\"legalName\":\"Talkpal, Inc.\",\"foundingDate\":\"2023-04-03\",\"duns\":\"118989042\",\"numberOfEmployees\":{\"@type\":\"QuantitativeValue\",\"minValue\":\"11\",\"maxValue\":\"50\"},\"publishingPrinciples\":\"https:\/\/talkpal.ai\/publishing-principles\/\",\"actionableFeedbackPolicy\":\"https:\/\/talkpal.ai\/actionable-feedback-policy\/\",\"correctionsPolicy\":\"https:\/\/talkpal.ai\/corrections-policy\/\",\"ethicsPolicy\":\"https:\/\/talkpal.ai\/ethics-policy\/\",\"diversityPolicy\":\"https:\/\/talkpal.ai\/diversity-policy\/\",\"diversityStaffingReport\":\"https:\/\/talkpal.ai\/diversity-policy\/\"}]}<\/script>\n<!-- \/ Yoast SEO Premium plugin. -->","yoast_head_json":{"title":"Francuske gramati\u010dke ve\u017ebe - Talkpal","description":"Vje\u017ebajte i pobolj\u0161ajte svoje gramati\u010dke vje\u0161tine francuskog jezika uz interaktivne vje\u017ebe osmi\u0161ljene za sve nivoe. Unapredite svoje jezi\u010dko znanje!","robots":{"index":"index","follow":"follow","max-snippet":"max-snippet:-1","max-image-preview":"max-image-preview:large","max-video-preview":"max-video-preview:-1"},"canonical":"https:\/\/talkpal.ai\/bs\/francuske-gramaticke-vezbe\/","og_locale":"bs_BA","og_type":"article","og_title":"Francuske gramati\u010dke ve\u017ebe","og_description":"Francuska gramatika U\u010denje francuskog jezika mo\u017ee da bude uzbudljivo i inspirativno iskustvo. Kao jezik bogat istorijom i kulturom, francuski nudi","og_url":"https:\/\/talkpal.ai\/bs\/francuske-gramaticke-vezbe\/","og_site_name":"Talkpal","article_publisher":"https:\/\/www.facebook.com\/profile.php?id=100090733639311","article_modified_time":"2025-12-17T16:47:52+00:00","og_image":[{"width":512,"height":512,"url":"https:\/\/talkpal.ai\/wp-content\/uploads\/2023\/03\/france.png","type":"image\/png"}],"twitter_card":"summary_large_image","twitter_site":"@talkpalai","twitter_misc":{"Est. reading time":"3 minute"},"schema":{"@context":"https:\/\/schema.org","@graph":[{"@type":"WebPage","@id":"https:\/\/talkpal.ai\/bs\/francuske-gramaticke-vezbe\/","url":"https:\/\/talkpal.ai\/bs\/francuske-gramaticke-vezbe\/","name":"Francuske gramati\u010dke ve\u017ebe - Talkpal","isPartOf":{"@id":"https:\/\/talkpal.ai\/bs\/#website"},"primaryImageOfPage":{"@id":"https:\/\/talkpal.ai\/bs\/francuske-gramaticke-vezbe\/#primaryimage"},"image":{"@id":"https:\/\/talkpal.ai\/bs\/francuske-gramaticke-vezbe\/#primaryimage"},"thumbnailUrl":"https:\/\/talkpal.ai\/wp-content\/uploads\/2023\/03\/france.png","datePublished":"2023-06-16T08:35:52+00:00","dateModified":"2025-12-17T16:47:52+00:00","description":"Vje\u017ebajte i pobolj\u0161ajte svoje gramati\u010dke vje\u0161tine francuskog jezika uz interaktivne vje\u017ebe osmi\u0161ljene za sve nivoe. Unapredite svoje jezi\u010dko znanje!","breadcrumb":{"@id":"https:\/\/talkpal.ai\/bs\/francuske-gramaticke-vezbe\/#breadcrumb"},"inLanguage":"bs-BA","potentialAction":[{"@type":"ReadAction","target":["https:\/\/talkpal.ai\/bs\/francuske-gramaticke-vezbe\/"]}]},{"@type":"ImageObject","inLanguage":"bs-BA","@id":"https:\/\/talkpal.ai\/bs\/francuske-gramaticke-vezbe\/#primaryimage","url":"https:\/\/talkpal.ai\/wp-content\/uploads\/2023\/03\/france.png","contentUrl":"https:\/\/talkpal.ai\/wp-content\/uploads\/2023\/03\/france.png","width":512,"height":512,"caption":"TalkPal AI learn French"},{"@type":"BreadcrumbList","@id":"https:\/\/talkpal.ai\/bs\/francuske-gramaticke-vezbe\/#breadcrumb","itemListElement":[{"@type":"ListItem","position":1,"name":"Homepage","item":"https:\/\/talkpal.ai\/bs\/"},{"@type":"ListItem","position":2,"name":"Francuske gramati\u010dke ve\u017ebe"}]},{"@type":"WebSite","@id":"https:\/\/talkpal.ai\/bs\/#website","url":"https:\/\/talkpal.ai\/bs\/","name":"Talkpal","description":"AI Language Learning","publisher":{"@id":"https:\/\/talkpal.ai\/bs\/#organization"},"alternateName":"Talkpal AI","potentialAction":[{"@type":"SearchAction","target":{"@type":"EntryPoint","urlTemplate":"https:\/\/talkpal.ai\/bs\/?s={search_term_string}"},"query-input":{"@type":"PropertyValueSpecification","valueRequired":true,"valueName":"search_term_string"}}],"inLanguage":"bs-BA"},{"@type":"Organization","@id":"https:\/\/talkpal.ai\/bs\/#organization","name":"Talkpal, Inc.","alternateName":"Talkpal AI","url":"https:\/\/talkpal.ai\/bs\/","logo":{"@type":"ImageObject","inLanguage":"bs-BA","@id":"https:\/\/talkpal.ai\/bs\/#\/schema\/logo\/image\/","url":"https:\/\/talkpal.ai\/wp-content\/uploads\/2024\/03\/Talkpal-Logo-Icon.png","contentUrl":"https:\/\/talkpal.ai\/wp-content\/uploads\/2024\/03\/Talkpal-Logo-Icon.png","width":2880,"height":2880,"caption":"Talkpal, Inc."},"image":{"@id":"https:\/\/talkpal.ai\/bs\/#\/schema\/logo\/image\/"},"sameAs":["https:\/\/www.facebook.com\/profile.php?id=100090733639311","https:\/\/x.com\/talkpalai","https:\/\/www.linkedin.com\/company\/talkpal\/","https:\/\/www.youtube.com\/@TalkPal\/","https:\/\/www.tiktok.com\/@talkpal","https:\/\/www.instagram.com\/talkpal_ai\/","https:\/\/www.crunchbase.com\/organization\/talkpal-9cde","https:\/\/www.g2.com\/products\/talkpal-for-business\/","https:\/\/www.trustpilot.com\/review\/talkpal.ai","https:\/\/www.capterra.com\/p\/10006800\/TalkPal\/"],"description":"Talkpal is a language learning web and mobile education app, powered by the latest AI technologies, that provides engaging experiences to its customers in many different languages to help them improve their language skills. Users can chat about unlimited amount of topics with the app and use other modes to practice their language learning.","email":"support@talkpal.ai","legalName":"Talkpal, Inc.","foundingDate":"2023-04-03","duns":"118989042","numberOfEmployees":{"@type":"QuantitativeValue","minValue":"11","maxValue":"50"},"publishingPrinciples":"https:\/\/talkpal.ai\/publishing-principles\/","actionableFeedbackPolicy":"https:\/\/talkpal.ai\/actionable-feedback-policy\/","correctionsPolicy":"https:\/\/talkpal.ai\/corrections-policy\/","ethicsPolicy":"https:\/\/talkpal.ai\/ethics-policy\/","diversityPolicy":"https:\/\/talkpal.ai\/diversity-policy\/","diversityStaffingReport":"https:\/\/talkpal.ai\/diversity-policy\/"}]}},"_links":{"self":[{"href":"https:\/\/talkpal.ai\/bs\/wp-json\/wp\/v2\/pages\/131807","targetHints":{"allow":["GET"]}}],"collection":[{"href":"https:\/\/talkpal.ai\/bs\/wp-json\/wp\/v2\/pages"}],"about":[{"href":"https:\/\/talkpal.ai\/bs\/wp-json\/wp\/v2\/types\/page"}],"author":[{"embeddable":true,"href":"https:\/\/talkpal.ai\/bs\/wp-json\/wp\/v2\/users\/6"}],"replies":[{"embeddable":true,"href":"https:\/\/talkpal.ai\/bs\/wp-json\/wp\/v2\/comments?post=131807"}],"version-history":[{"count":0,"href":"https:\/\/talkpal.ai\/bs\/wp-json\/wp\/v2\/pages\/131807\/revisions"}],"wp:featuredmedia":[{"embeddable":true,"href":"https:\/\/talkpal.ai\/bs\/wp-json\/wp\/v2\/media\/75877"}],"wp:attachment":[{"href":"https:\/\/talkpal.ai\/bs\/wp-json\/wp\/v2\/media?parent=131807"}],"curies":[{"name":"wp","href":"https:\/\/api.w.org\/{rel}","templated":true}]}}