{"id":131170,"date":"2023-05-14T13:53:24","date_gmt":"2023-05-14T13:53:24","guid":{"rendered":"http:\/\/talkpal.ai\/ukrajinska-gramatika\/"},"modified":"2025-12-11T16:38:11","modified_gmt":"2025-12-11T16:38:11","slug":"ukrajinska-gramatika","status":"publish","type":"page","link":"https:\/\/talkpal.ai\/bs\/ukrajinska-gramatika\/","title":{"rendered":"ukrajinska gramatika"},"content":{"rendered":"\r\n\r\n\r\n<section class=\"languageChallengeSection\">\r\n    <div class=\"languageInfoWrapper\">\r\n        \r\n        <h1>ukrajinska gramatika<\/h1>\r\n        <p>Istra\u017eite strukturu ukrajinskog jezika u\u010de\u0107i njegova osnovna gramati\u010dka pravila. Savladavanje ukrajinske gramatike pomo\u0107i \u0107e vam da samouvjereno komunicirate i dublje se pove\u017eete s ukrajinskom kulturom i ba\u0161tinom. Zapo\u010dnite svoje putovanje kroz ukrajinsku gramatiku ve\u0107 danas i napravite prvi korak ka te\u010dnom govoru!<\/p>\r\n\r\n                            <a class=\"getStartedHidden\" href=\"https:\/\/app.talkpal.ai\/signup?lng=\">Kreni<\/a>\r\n        \r\n    <\/div>\r\n\r\n    <figure>\r\n    <img decoding=\"async\" width=\"768\" height=\"768\" src=\"https:\/\/talkpal.ai\/wp-content\/uploads\/2023\/06\/Ukrainian-768x768.png\" class=\"languageImage no-lazy\" alt=\"Language learning - Your doorway to the world\" fetchpriority=\"high\" sizes=\"(max-width: 768px) 150px, 768px\" srcset=\"https:\/\/talkpal.ai\/wp-content\/uploads\/2023\/06\/Ukrainian-768x768.png 768w, https:\/\/talkpal.ai\/wp-content\/uploads\/2023\/06\/Ukrainian-300x300.png 300w\" \/>\r\n    \r\n\r\n    <\/figure>\r\n\r\n            <a class=\"getStartedVisible\" href=\"https:\/\/app.talkpal.ai\/signup?lng=\">Kreni<\/a>\r\n    \r\n<\/section>\r\n<section class=\"promotionalBanner\">\r\n    <p class=\"promotionalText\">Najefikasniji na\u010din za u\u010denje jezika<\/p>\r\n    <a class=\"promotionalLink\" href=\"https:\/\/app.talkpal.ai\/signup?lng=\">Isprobajte Talkpal besplatno<\/a>\r\n<\/section>\n<div class=\"wp-block-group pageContainerStyle\"><div class=\"wp-block-group__inner-container is-layout-constrained wp-block-group-is-layout-constrained\">\n<h2 class=\"wp-block-heading\" id=\"h-a-comprehensive-guide-to-mastering-ukrainian-grammar\">Sveobuhvatan vodi\u010d za savladavanje ukrajinske gramatike<\/h2>\n\n\n\n<p><a href=\"https:\/\/talkpal.ai\/learn-ukrainian\/\">Ukrajinski<\/a>, lijep i melodi\u010dan jezik, privukao je sve ve\u0107e interesovanje jezi\u010dkih entuzijasta \u0161irom svijeta. U\u010denje ukrajinskog vam omogu\u0107ava pristup bogatom kulturnom nasle\u0111u i omogu\u0107ava vam da komunicirate sa milionima ljudi u Ukrajini i susednim zemljama. Iako ronjenje u ukrajinskoj gramatici u po\u010detku mo\u017ee biti zastra\u0161uju\u0107e, imati sna\u017enu osnovu u njoj \u0107e vam omogu\u0107iti da istra\u017eite nijanse jezika i u potpunosti cenite njegovu lepotu. Ovaj \u010dlanak \u0107e vas voditi korak po korak kroz ukrajinske gramati\u010dke osnove, opremaju\u0107i vas da samouvereno zapo\u010dnete svoje jezi\u010dko putovanje.<\/p>\n\n\n\n<h3 class=\"wp-block-heading\" id=\"h-1-mastering-ukrainian-nouns-and-cases\">1. ovladavanje ukrajinskim imenicama i slu\u010dajevima<\/h3>\n\n\n\n<p>Osnovna karakteristika ukrajinske gramatike je njen sistem slu\u010dajeva. Kada koristite imenice, morate znati njihov pol (mu\u0161ki, \u017eenski ili neuterski), i biti svesni konteksta koji mo\u017ee zahtevati promenu njihovih zavr\u0161etaka. <a href=\"https:\/\/talkpal.ai\/hr\/ucenje-ukrajinskog-jezika\/\">Ukrajinski jezik<\/a> ima sedam slu\u010dajeva:<\/p>\n\n\n\n<p>\u2013 Nominativ: subjekat re\u010denice<\/p>\n\n\n\n<p>\u2013 Genitiv: ozna\u010dava posjedovanje, koli\u010dinu i negaciju<\/p>\n\n\n\n<p>\u2013 Dativ: indirektni objekt ili kretanje prema cilju<\/p>\n\n\n\n<p>\u2013 Akuzativ: direktan objekt ili pokret usmjeren na ne\u0161to<\/p>\n\n\n\n<p>\u2013 Instrumental: ozna\u010dava sredstvo ili instrument radnje<\/p>\n\n\n\n<p>\u2013 Lokativ: ozna\u010dava lokaciju<\/p>\n\n\n\n<p>\u2013 Vokativ: koristi se za obra\u0107anje ili dozivanje nekoga<\/p>\n\n\n\n<p>Morat \u0107ete obratiti pa\u017enju na nastavke i deklinacije imenica, jer se mijenjaju u zavisnosti od upotrijebljenog pade\u017ea, te roda i broja imenice.<\/p>\n\n\n\n<h3 class=\"wp-block-heading\" id=\"h-2-navigating-the-ukrainian-verb-system\">2. navigacija ukrajinskim glagolskim sistemom<\/h3>\n\n\n\n<p>Ukrajinski glagoli konjugiraju se na osnovu osobe, broja, napetosti, raspolo\u017eenja i glasa. U ukrajinskom jeziku postoje \u010detiri aspekta glagola \u2013 savr\u0161eni, nesavr\u0161eni, iterativni i inceptivni:<\/p>\n\n\n\n<p>\u2013 Savr\u0161eno: ozna\u010dava zavr\u0161ene radnje<\/p>\n\n\n\n<p>\u2013 Nesavr\u0161eno: opisuje teku\u0107e, uobi\u010dajene ili ponovljene radnje<\/p>\n\n\n\n<p>\u2013 Iterativno: prenosi radnje koje se ponavljaju u odre\u0111enom intervalu<\/p>\n\n\n\n<p>\u2013 Inceptivan: ozna\u010dava po\u010detak radnje<\/p>\n\n\n\n<p>Da biste se kretali ukrajinskim glagolskim sistemom, trebalo bi da se upoznate sa tri osnovne konjugacije glagola. Proces konjugacije uklju\u010duje promjenu zavr\u0161etaka korijena glagola prema napetosti, raspolo\u017eenju i subjektu.<\/p>\n\n\n\n<h3 class=\"wp-block-heading\" id=\"h-3-perfecting-ukrainian-adjectives-and-pronouns\">3. usavr\u0161avanje ukrajinskih pridjeva i zamjenica<\/h3>\n\n\n\n<p>Pridjevi na ukrajinskom jeziku moraju se slo\u017eiti s imenicom koju opisuju, po spolu, broju i slu\u010daju. To zna\u010di da kada koristite pridjev, morate biti pa\u017eljivi prema njegovim zavr\u0161ecima, jer \u0107e se oni promijeniti kako bi se uskladili sa imenicom. Pored toga, pridjevi na ukrajinskom jeziku mogu biti dugi ili kratki oblici, pri \u010demu svaki ima svoju upotrebu u zavisnosti od konteksta.<\/p>\n\n\n\n<p>Zamenice se koriste umesto imenica i tako\u0111e se moraju slo\u017eiti sa imenicom koju zamenjuju, po polu, broju i slu\u010daju. Li\u010dne zamjenice u ukrajinskom jeziku uklju\u010duju \u201c\u00e2\u201d (ja), \u201cti\u201d (ti, jednina), \u201cvin\/vona\/vono\u201d (on\/ona\/to), \u201cmi\u201d (mi), \u201cvi\u201d (ti, mno\u017eina ili formalno) i \u201evoni\u201c (oni). Postoje i posesivne, demonstrativne i relativne zamjenice na ukrajinskom jeziku.<\/p>\n\n\n\n<h3 class=\"wp-block-heading\" id=\"h-4-putting-it-all-together-sentence-structure\">Commons ima datoteke na temu: Struktura<\/h3>\n\n\n\n<p>Ukrajinski jezik slijedi strukturu re\u010denice subjekt-glagol-objekt (SVO), sli\u010dnu engleskoj. Me\u0111utim, za razliku od engleskog, ukrajinski ima ve\u0107u fleksibilnost u redoslijedu rije\u010di zbog svog sistema slu\u010daja. Ova fleksibilnost omogu\u0107ava govornicima da naglase odre\u0111ene re\u010di ili ideje stavljaju\u0107i ih u razli\u010dite pozicije u re\u010denici. Iako savladavanje ove svestranosti mo\u017ee potrajati neko vreme, omogu\u0107ava vam da se izrazite umetni\u010dkije i fluidnije na ukrajinskom jeziku.<\/p>\n\n\n\n<h3 class=\"wp-block-heading\" id=\"h-conclusion\">Zaklju\u010dak<\/h3>\n\n\n\n<p>Dok krenete na svoje putovanje ukrajinskim jezikom, zapamtite da te\u010dno poznavanje gramatike zahteva praksu i upornost. Upoznajte se sa razli\u010ditim aspektima ukrajinske gramatike postepeno, od imenica i slu\u010dajeva do glagola i strukture re\u010denica. U\u017eivajte u procesu u\u010denja i u\u017eivajte u ljepoti i izra\u017eajnosti ukrajinskog jezika. \u0412\u0434\u0430\u0447\u0456! (Sretno!)<\/p>\n<\/div><\/div>\n\r\n<section class=\"learnNavigationSection\">\r\n            \r\n        <a href=\"https:\/\/talkpal.ai\/bs\/nauci-ukrajinski\/\">\r\n            <div class=\"learnNavigationWrapper\">\r\n                <div class=\"learnNavigationContent\">\r\n                    <img decoding=\"async\" src=\"https:\/\/talkpal.ai\/wp-content\/uploads\/2024\/08\/Ukrainian.jpg\" alt=\"Ukrainian Flag\">\r\n                    <div>\r\n                        <h4>O ukrajinskom u\u010denju<\/h4>\r\n                        <p>Saznaj sve o ukrajinskoj gramatici.<\/p>\r\n                    <\/div>\r\n                <\/div>\r\n            <\/div>\r\n        <\/a>\r\n\r\n        \r\n        <a href=\"https:\/\/talkpal.ai\/bs\/ukrajinske-gramaticke-vezbe\/\">\r\n            <div class=\"learnNavigationWrapper\">\r\n                <div class=\"learnNavigationContent\">\r\n                    <img decoding=\"async\" src=\"https:\/\/talkpal.ai\/wp-content\/uploads\/2024\/08\/Ukrainian.jpg\" alt=\"Ukrainian Flag\">\r\n                    <div>\r\n                        <h4>Vje\u017eba iz ukrajinske gramatike<\/h4>\r\n                        <p>Vje\u017ebaj ukrajinsku gramatiku.<\/p>\r\n                    <\/div>\r\n                <\/div>\r\n            <\/div>\r\n        <\/a>\r\n\r\n        \r\n        <a href=\"https:\/\/talkpal.ai\/vocabulary_language\/ukrainian\/\">\r\n            <div class=\"learnNavigationWrapper\">\r\n                <div class=\"learnNavigationContent\">\r\n                    <img decoding=\"async\" src=\"https:\/\/talkpal.ai\/wp-content\/uploads\/2024\/08\/Ukrainian.jpg\" alt=\"Ukrainian Flag\">\r\n                    <div>\r\n                        <h4>ukrajinski vokabular<\/h4>\r\n                        <p>Pro\u0161irite svoj ukrajinski vokabular.<\/p>\r\n                    <\/div>\r\n                <\/div>\r\n            <\/div>\r\n        <\/a>\r\n\r\n            <\/section>","protected":false},"excerpt":{"rendered":"<p>Sveobuhvatan vodi\u010d za savladavanje ukrajinske gramatike Ukrajinski, lijep i melodi\u010dan jezik, privukao je sve ve\u0107e interesovanje jezi\u010dkih entuzijasta \u0161irom svijeta. U\u010denje ukrajinskog vam omogu\u0107ava pristup bogatom kulturnom nasle\u0111u i omogu\u0107ava vam da komunicirate sa milionima ljudi u Ukrajini i susednim zemljama. Iako ronjenje u ukrajinskoj gramatici u po\u010detku mo\u017ee biti zastra\u0161uju\u0107e, imati sna\u017enu osnovu u [&hellip;]<\/p>\n","protected":false},"author":1,"featured_media":108602,"parent":0,"menu_order":0,"comment_status":"closed","ping_status":"closed","template":"LearningContentPage.php","meta":{"_acf_changed":false,"footnotes":""},"class_list":["post-131170","page","type-page","status-publish","has-post-thumbnail","hentry"],"acf":[],"yoast_head":"<!-- This site is optimized with the Yoast SEO Premium plugin v27.2 (Yoast SEO v27.2) - https:\/\/yoast.com\/product\/yoast-seo-premium-wordpress\/ -->\n<title>ukrajinska gramatika - Talkpal<\/title>\n<meta name=\"description\" content=\"Otkrijte ljepotu ukrajinske gramatike uz esencijalne savjete i uvide koji \u0107e unaprijediti va\u0161e u\u010denje jezika.\" \/>\n<meta name=\"robots\" content=\"index, follow, max-snippet:-1, max-image-preview:large, max-video-preview:-1\" \/>\n<link rel=\"canonical\" href=\"https:\/\/talkpal.ai\/bs\/ukrajinska-gramatika\/\" \/>\n<meta property=\"og:locale\" content=\"bs_BA\" \/>\n<meta property=\"og:type\" content=\"article\" \/>\n<meta property=\"og:title\" content=\"ukrajinska gramatika\" \/>\n<meta property=\"og:description\" content=\"Sveobuhvatan vodi\u010d za savladavanje ukrajinske gramatike Ukrajinski, lijep i melodi\u010dan jezik, privukao je sve ve\u0107e interesovanje jezi\u010dkih entuzijasta \u0161irom\" \/>\n<meta property=\"og:url\" content=\"https:\/\/talkpal.ai\/bs\/ukrajinska-gramatika\/\" \/>\n<meta property=\"og:site_name\" content=\"Talkpal\" \/>\n<meta property=\"article:publisher\" content=\"https:\/\/www.facebook.com\/profile.php?id=100090733639311\" \/>\n<meta property=\"article:modified_time\" content=\"2025-12-11T16:38:11+00:00\" \/>\n<meta property=\"og:image\" content=\"https:\/\/talkpal.ai\/wp-content\/uploads\/2023\/04\/ukraine.png\" \/>\n\t<meta property=\"og:image:width\" content=\"512\" \/>\n\t<meta property=\"og:image:height\" content=\"512\" \/>\n\t<meta property=\"og:image:type\" content=\"image\/png\" \/>\n<meta name=\"twitter:card\" content=\"summary_large_image\" \/>\n<meta name=\"twitter:site\" content=\"@talkpalai\" \/>\n<meta name=\"twitter:label1\" content=\"Est. reading time\" \/>\n\t<meta name=\"twitter:data1\" content=\"3 minute\" \/>\n<script type=\"application\/ld+json\" class=\"yoast-schema-graph\">{\"@context\":\"https:\/\/schema.org\",\"@graph\":[{\"@type\":\"WebPage\",\"@id\":\"https:\/\/talkpal.ai\/bs\/ukrajinska-gramatika\/\",\"url\":\"https:\/\/talkpal.ai\/bs\/ukrajinska-gramatika\/\",\"name\":\"ukrajinska gramatika - Talkpal\",\"isPartOf\":{\"@id\":\"https:\/\/talkpal.ai\/bs\/#website\"},\"primaryImageOfPage\":{\"@id\":\"https:\/\/talkpal.ai\/bs\/ukrajinska-gramatika\/#primaryimage\"},\"image\":{\"@id\":\"https:\/\/talkpal.ai\/bs\/ukrajinska-gramatika\/#primaryimage\"},\"thumbnailUrl\":\"https:\/\/talkpal.ai\/wp-content\/uploads\/2023\/04\/ukraine.png\",\"datePublished\":\"2023-05-14T13:53:24+00:00\",\"dateModified\":\"2025-12-11T16:38:11+00:00\",\"description\":\"Otkrijte ljepotu ukrajinske gramatike uz esencijalne savjete i uvide koji \u0107e unaprijediti va\u0161e u\u010denje jezika.\",\"breadcrumb\":{\"@id\":\"https:\/\/talkpal.ai\/bs\/ukrajinska-gramatika\/#breadcrumb\"},\"inLanguage\":\"bs-BA\",\"potentialAction\":[{\"@type\":\"ReadAction\",\"target\":[\"https:\/\/talkpal.ai\/bs\/ukrajinska-gramatika\/\"]}]},{\"@type\":\"ImageObject\",\"inLanguage\":\"bs-BA\",\"@id\":\"https:\/\/talkpal.ai\/bs\/ukrajinska-gramatika\/#primaryimage\",\"url\":\"https:\/\/talkpal.ai\/wp-content\/uploads\/2023\/04\/ukraine.png\",\"contentUrl\":\"https:\/\/talkpal.ai\/wp-content\/uploads\/2023\/04\/ukraine.png\",\"width\":512,\"height\":512,\"caption\":\"TalkPal Ukrainian Flag\"},{\"@type\":\"BreadcrumbList\",\"@id\":\"https:\/\/talkpal.ai\/bs\/ukrajinska-gramatika\/#breadcrumb\",\"itemListElement\":[{\"@type\":\"ListItem\",\"position\":1,\"name\":\"Homepage\",\"item\":\"https:\/\/talkpal.ai\/bs\/\"},{\"@type\":\"ListItem\",\"position\":2,\"name\":\"ukrajinska gramatika\"}]},{\"@type\":\"WebSite\",\"@id\":\"https:\/\/talkpal.ai\/bs\/#website\",\"url\":\"https:\/\/talkpal.ai\/bs\/\",\"name\":\"Talkpal\",\"description\":\"AI Language Learning\",\"publisher\":{\"@id\":\"https:\/\/talkpal.ai\/bs\/#organization\"},\"alternateName\":\"Talkpal AI\",\"potentialAction\":[{\"@type\":\"SearchAction\",\"target\":{\"@type\":\"EntryPoint\",\"urlTemplate\":\"https:\/\/talkpal.ai\/bs\/?s={search_term_string}\"},\"query-input\":{\"@type\":\"PropertyValueSpecification\",\"valueRequired\":true,\"valueName\":\"search_term_string\"}}],\"inLanguage\":\"bs-BA\"},{\"@type\":\"Organization\",\"@id\":\"https:\/\/talkpal.ai\/bs\/#organization\",\"name\":\"Talkpal, Inc.\",\"alternateName\":\"Talkpal AI\",\"url\":\"https:\/\/talkpal.ai\/bs\/\",\"logo\":{\"@type\":\"ImageObject\",\"inLanguage\":\"bs-BA\",\"@id\":\"https:\/\/talkpal.ai\/bs\/#\/schema\/logo\/image\/\",\"url\":\"https:\/\/talkpal.ai\/wp-content\/uploads\/2024\/03\/Talkpal-Logo-Icon.png\",\"contentUrl\":\"https:\/\/talkpal.ai\/wp-content\/uploads\/2024\/03\/Talkpal-Logo-Icon.png\",\"width\":2880,\"height\":2880,\"caption\":\"Talkpal, Inc.\"},\"image\":{\"@id\":\"https:\/\/talkpal.ai\/bs\/#\/schema\/logo\/image\/\"},\"sameAs\":[\"https:\/\/www.facebook.com\/profile.php?id=100090733639311\",\"https:\/\/x.com\/talkpalai\",\"https:\/\/www.linkedin.com\/company\/talkpal\/\",\"https:\/\/www.youtube.com\/@TalkPal\/\",\"https:\/\/www.tiktok.com\/@talkpal\",\"https:\/\/www.instagram.com\/talkpal_ai\/\",\"https:\/\/www.crunchbase.com\/organization\/talkpal-9cde\",\"https:\/\/www.g2.com\/products\/talkpal-for-business\/\",\"https:\/\/www.trustpilot.com\/review\/talkpal.ai\",\"https:\/\/www.capterra.com\/p\/10006800\/TalkPal\/\"],\"description\":\"Talkpal is a language learning web and mobile education app, powered by the latest AI technologies, that provides engaging experiences to its customers in many different languages to help them improve their language skills. Users can chat about unlimited amount of topics with the app and use other modes to practice their language learning.\",\"email\":\"support@talkpal.ai\",\"legalName\":\"Talkpal, Inc.\",\"foundingDate\":\"2023-04-03\",\"duns\":\"118989042\",\"numberOfEmployees\":{\"@type\":\"QuantitativeValue\",\"minValue\":\"11\",\"maxValue\":\"50\"},\"publishingPrinciples\":\"https:\/\/talkpal.ai\/publishing-principles\/\",\"actionableFeedbackPolicy\":\"https:\/\/talkpal.ai\/actionable-feedback-policy\/\",\"correctionsPolicy\":\"https:\/\/talkpal.ai\/corrections-policy\/\",\"ethicsPolicy\":\"https:\/\/talkpal.ai\/ethics-policy\/\",\"diversityPolicy\":\"https:\/\/talkpal.ai\/diversity-policy\/\",\"diversityStaffingReport\":\"https:\/\/talkpal.ai\/diversity-policy\/\"}]}<\/script>\n<!-- \/ Yoast SEO Premium plugin. -->","yoast_head_json":{"title":"ukrajinska gramatika - Talkpal","description":"Otkrijte ljepotu ukrajinske gramatike uz esencijalne savjete i uvide koji \u0107e unaprijediti va\u0161e u\u010denje jezika.","robots":{"index":"index","follow":"follow","max-snippet":"max-snippet:-1","max-image-preview":"max-image-preview:large","max-video-preview":"max-video-preview:-1"},"canonical":"https:\/\/talkpal.ai\/bs\/ukrajinska-gramatika\/","og_locale":"bs_BA","og_type":"article","og_title":"ukrajinska gramatika","og_description":"Sveobuhvatan vodi\u010d za savladavanje ukrajinske gramatike Ukrajinski, lijep i melodi\u010dan jezik, privukao je sve ve\u0107e interesovanje jezi\u010dkih entuzijasta \u0161irom","og_url":"https:\/\/talkpal.ai\/bs\/ukrajinska-gramatika\/","og_site_name":"Talkpal","article_publisher":"https:\/\/www.facebook.com\/profile.php?id=100090733639311","article_modified_time":"2025-12-11T16:38:11+00:00","og_image":[{"width":512,"height":512,"url":"https:\/\/talkpal.ai\/wp-content\/uploads\/2023\/04\/ukraine.png","type":"image\/png"}],"twitter_card":"summary_large_image","twitter_site":"@talkpalai","twitter_misc":{"Est. reading time":"3 minute"},"schema":{"@context":"https:\/\/schema.org","@graph":[{"@type":"WebPage","@id":"https:\/\/talkpal.ai\/bs\/ukrajinska-gramatika\/","url":"https:\/\/talkpal.ai\/bs\/ukrajinska-gramatika\/","name":"ukrajinska gramatika - Talkpal","isPartOf":{"@id":"https:\/\/talkpal.ai\/bs\/#website"},"primaryImageOfPage":{"@id":"https:\/\/talkpal.ai\/bs\/ukrajinska-gramatika\/#primaryimage"},"image":{"@id":"https:\/\/talkpal.ai\/bs\/ukrajinska-gramatika\/#primaryimage"},"thumbnailUrl":"https:\/\/talkpal.ai\/wp-content\/uploads\/2023\/04\/ukraine.png","datePublished":"2023-05-14T13:53:24+00:00","dateModified":"2025-12-11T16:38:11+00:00","description":"Otkrijte ljepotu ukrajinske gramatike uz esencijalne savjete i uvide koji \u0107e unaprijediti va\u0161e u\u010denje jezika.","breadcrumb":{"@id":"https:\/\/talkpal.ai\/bs\/ukrajinska-gramatika\/#breadcrumb"},"inLanguage":"bs-BA","potentialAction":[{"@type":"ReadAction","target":["https:\/\/talkpal.ai\/bs\/ukrajinska-gramatika\/"]}]},{"@type":"ImageObject","inLanguage":"bs-BA","@id":"https:\/\/talkpal.ai\/bs\/ukrajinska-gramatika\/#primaryimage","url":"https:\/\/talkpal.ai\/wp-content\/uploads\/2023\/04\/ukraine.png","contentUrl":"https:\/\/talkpal.ai\/wp-content\/uploads\/2023\/04\/ukraine.png","width":512,"height":512,"caption":"TalkPal Ukrainian Flag"},{"@type":"BreadcrumbList","@id":"https:\/\/talkpal.ai\/bs\/ukrajinska-gramatika\/#breadcrumb","itemListElement":[{"@type":"ListItem","position":1,"name":"Homepage","item":"https:\/\/talkpal.ai\/bs\/"},{"@type":"ListItem","position":2,"name":"ukrajinska gramatika"}]},{"@type":"WebSite","@id":"https:\/\/talkpal.ai\/bs\/#website","url":"https:\/\/talkpal.ai\/bs\/","name":"Talkpal","description":"AI Language Learning","publisher":{"@id":"https:\/\/talkpal.ai\/bs\/#organization"},"alternateName":"Talkpal AI","potentialAction":[{"@type":"SearchAction","target":{"@type":"EntryPoint","urlTemplate":"https:\/\/talkpal.ai\/bs\/?s={search_term_string}"},"query-input":{"@type":"PropertyValueSpecification","valueRequired":true,"valueName":"search_term_string"}}],"inLanguage":"bs-BA"},{"@type":"Organization","@id":"https:\/\/talkpal.ai\/bs\/#organization","name":"Talkpal, Inc.","alternateName":"Talkpal AI","url":"https:\/\/talkpal.ai\/bs\/","logo":{"@type":"ImageObject","inLanguage":"bs-BA","@id":"https:\/\/talkpal.ai\/bs\/#\/schema\/logo\/image\/","url":"https:\/\/talkpal.ai\/wp-content\/uploads\/2024\/03\/Talkpal-Logo-Icon.png","contentUrl":"https:\/\/talkpal.ai\/wp-content\/uploads\/2024\/03\/Talkpal-Logo-Icon.png","width":2880,"height":2880,"caption":"Talkpal, Inc."},"image":{"@id":"https:\/\/talkpal.ai\/bs\/#\/schema\/logo\/image\/"},"sameAs":["https:\/\/www.facebook.com\/profile.php?id=100090733639311","https:\/\/x.com\/talkpalai","https:\/\/www.linkedin.com\/company\/talkpal\/","https:\/\/www.youtube.com\/@TalkPal\/","https:\/\/www.tiktok.com\/@talkpal","https:\/\/www.instagram.com\/talkpal_ai\/","https:\/\/www.crunchbase.com\/organization\/talkpal-9cde","https:\/\/www.g2.com\/products\/talkpal-for-business\/","https:\/\/www.trustpilot.com\/review\/talkpal.ai","https:\/\/www.capterra.com\/p\/10006800\/TalkPal\/"],"description":"Talkpal is a language learning web and mobile education app, powered by the latest AI technologies, that provides engaging experiences to its customers in many different languages to help them improve their language skills. Users can chat about unlimited amount of topics with the app and use other modes to practice their language learning.","email":"support@talkpal.ai","legalName":"Talkpal, Inc.","foundingDate":"2023-04-03","duns":"118989042","numberOfEmployees":{"@type":"QuantitativeValue","minValue":"11","maxValue":"50"},"publishingPrinciples":"https:\/\/talkpal.ai\/publishing-principles\/","actionableFeedbackPolicy":"https:\/\/talkpal.ai\/actionable-feedback-policy\/","correctionsPolicy":"https:\/\/talkpal.ai\/corrections-policy\/","ethicsPolicy":"https:\/\/talkpal.ai\/ethics-policy\/","diversityPolicy":"https:\/\/talkpal.ai\/diversity-policy\/","diversityStaffingReport":"https:\/\/talkpal.ai\/diversity-policy\/"}]}},"_links":{"self":[{"href":"https:\/\/talkpal.ai\/bs\/wp-json\/wp\/v2\/pages\/131170","targetHints":{"allow":["GET"]}}],"collection":[{"href":"https:\/\/talkpal.ai\/bs\/wp-json\/wp\/v2\/pages"}],"about":[{"href":"https:\/\/talkpal.ai\/bs\/wp-json\/wp\/v2\/types\/page"}],"author":[{"embeddable":true,"href":"https:\/\/talkpal.ai\/bs\/wp-json\/wp\/v2\/users\/1"}],"replies":[{"embeddable":true,"href":"https:\/\/talkpal.ai\/bs\/wp-json\/wp\/v2\/comments?post=131170"}],"version-history":[{"count":0,"href":"https:\/\/talkpal.ai\/bs\/wp-json\/wp\/v2\/pages\/131170\/revisions"}],"wp:featuredmedia":[{"embeddable":true,"href":"https:\/\/talkpal.ai\/bs\/wp-json\/wp\/v2\/media\/108602"}],"wp:attachment":[{"href":"https:\/\/talkpal.ai\/bs\/wp-json\/wp\/v2\/media?parent=131170"}],"curies":[{"name":"wp","href":"https:\/\/api.w.org\/{rel}","templated":true}]}}