{"id":130779,"date":"2023-05-14T13:53:07","date_gmt":"2023-05-14T13:53:07","guid":{"rendered":"http:\/\/talkpal.ai\/svedska-gramatika\/"},"modified":"2025-12-11T16:24:23","modified_gmt":"2025-12-11T16:24:23","slug":"svedska-gramatika","status":"publish","type":"page","link":"https:\/\/talkpal.ai\/bs\/svedska-gramatika\/","title":{"rendered":"\u0160vedska gramatika"},"content":{"rendered":"\r\n\r\n\r\n<section class=\"languageChallengeSection\">\r\n    <div class=\"languageInfoWrapper\">\r\n        \r\n        <h1>\u0160vedska gramatika<\/h1>\r\n        <p>Otkrijte ljepotu \u0161vedskog jezika savladavanjem njegovih osnovnih gramati\u010dkih pravila. Dobro razumijevanje \u0161vedske gramatike omogu\u0107it \u0107e vam samouvjerenu komunikaciju i povezivanje sa \u0161vedskom kulturom. Po\u010dnite u\u010diti \u0161vedsku gramatiku ve\u0107 danas i napravite prvi korak ka te\u010dnom govoru!<\/p>\r\n\r\n                            <a class=\"getStartedHidden\" href=\"https:\/\/app.talkpal.ai\/signup?lng=\">Kreni<\/a>\r\n        \r\n    <\/div>\r\n\r\n    <figure>\r\n    <img decoding=\"async\" width=\"768\" height=\"768\" src=\"https:\/\/talkpal.ai\/wp-content\/uploads\/2023\/06\/swedish-768x768.png\" class=\"languageImage no-lazy\" alt=\"Language learning for improved concentration\" fetchpriority=\"high\" sizes=\"(max-width: 768px) 150px, 768px\" srcset=\"https:\/\/talkpal.ai\/wp-content\/uploads\/2023\/06\/swedish-768x768.png 768w, https:\/\/talkpal.ai\/wp-content\/uploads\/2023\/06\/swedish-300x300.png 300w\" \/>\r\n    \r\n\r\n    <\/figure>\r\n\r\n            <a class=\"getStartedVisible\" href=\"https:\/\/app.talkpal.ai\/signup?lng=\">Kreni<\/a>\r\n    \r\n<\/section>\r\n<section class=\"promotionalBanner\">\r\n    <p class=\"promotionalText\">Najefikasniji na\u010din za u\u010denje jezika<\/p>\r\n    <a class=\"promotionalLink\" href=\"https:\/\/app.talkpal.ai\/signup?lng=\">Isprobajte Talkpal besplatno<\/a>\r\n<\/section>\n<div class=\"wp-block-group pageContainerStyle\"><div class=\"wp-block-group__inner-container is-layout-constrained wp-block-group-is-layout-constrained\">\n<h2 class=\"wp-block-heading\" id=\"h-demystifying-swedish-grammar-a-comprehensive-guide-to-master-its-rules-and-nuances\">Demystifying Swedish Grammar: A Comprehensive Guide to Master its Rules and Nuances<\/h2>\n\n\n\n<p><a href=\"https:\/\/talkpal.ai\/learn-swedish\/\">\u0160vedski<\/a>, kojim govori oko 10 miliona ljudi, je bogat i melodi\u010dan jezik koji pripada severnogermanskoj porodici. Iako je <a href=\"https:\/\/talkpal.ai\/swedish-grammar\/\">\u0161vedska gramatika<\/a> relativno jednostavna u pore\u0111enju sa nekim drugim jezicima, razumevanje njenih pravila i strukture je klju\u010dno za pobolj\u0161anje poznavanja jezika. U ovom \u010dlanku \u0107emo vas provesti kroz osnovne aspekte \u0161vedske gramatike i pru\u017eiti korisne savjete za pobolj\u0161anje va\u0161ih vje\u0161tina \u0161vedskog jezika.<\/p>\n\n\n\n<h3 class=\"wp-block-heading\" id=\"h-essential-components-of-swedish-grammar\">Osnovne komponente \u0161vedske gramatike:<\/h3>\n\n\n\n<p><a href=\"https:\/\/talkpal.ai\/swedish-grammar\/\">\u0160vedska gramatika<\/a> dijeli sli\u010dnosti sa engleskom gramatikom, \u0161to olak\u0161ava pokupiti govornike engleskog jezika. Evo nekoliko klju\u010dnih aspekata \u0161vedske gramatike koje vredi upoznati sa:<\/p>\n\n\n\n<p><strong>Imenice: \u0160vedske imenice<\/strong> su podijeljene u dva gramati\u010dka spola: zajedni\u010dki (en) i neuter (ett). Svaka imenica pripada jednoj od ovih kategorija, \u0161to je va\u017eno uzeti u obzir prilikom kori\u0161tenja neodre\u0111enih i odre\u0111enih \u010dlanaka. \u0160vedske imenice tako\u0111er imaju mno\u017einu oblika, sa nekoliko razli\u010ditih obrazaca za pam\u0107enje.<\/p>\n\n\n\n<p><strong>2. Pridjevi:<\/strong> Pridjevi u \u0161vedskom sla\u017eu se s rodom imenice. U zavisnosti od pola imenice, postoje tri oblika prideva: pozitivni, komparativni i superlativni. Pridjevi se tako\u0111er sla\u017eu u broju (jednina ili mno\u017eina).<\/p>\n\n\n\n<p><strong>Glagoli:<\/strong> \u0160vedski glagoli su svrstani u \u010detiri grupe, od kojih svaka ima svoj obrazac konjugacije. Glagoli se konjugiraju na osnovu vremena (sada\u0161njost, pro\u0161lost ili budu\u0107nost), ali se ne konjugiraju prema subjektu, kao na engleskom. Umjesto toga, \u0161vedski glagolski oblici ostaju dosljedni bez obzira na temu. Pored toga, \u0161vedski glagoli nemaju kontinuirane oblike (tj. -ing) kao u engleskom jeziku.<\/p>\n\n\n\n<p><strong>Struktura re\u010denice:<\/strong> Struktura re\u010denice na \u0161vedskom jeziku obi\u010dno je subjekt-glagol-objekt (SVO), sli\u010dno kao i <a href=\"https:\/\/talkpal.ai\/learn-english-with-ai\/\">engleski<\/a>. Me\u0111utim, \u0161vedski \u010desto koristi pravilo <a href=\"https:\/\/talkpal.ai\/locations\/learn-english-in-reda\/\">reda<\/a> rije\u010di V2, gdje se glagol pojavljuje u drugoj poziciji u deklarativnim re\u010denicama i pitanjima.<\/p>\n\n\n\n<h3 class=\"wp-block-heading\" id=\"h-tips-for-learning-swedish-grammar\">Saveti za u\u010denje \u0161vedske gramatike:<\/h3>\n\n\n\n<p>Da bi va\u0161 \u0161vedski gramati\u010darski put bio lak\u0161i, evo nekoliko prakti\u010dnih saveta koje treba slediti:<\/p>\n\n\n\n<p><strong>Redovno ve\u017ebajte:<\/strong> Konzistentnost je klju\u010dna. Izdvojite vreme svakog dana ili nedelje za ve\u017ebanje gramati\u010dkih ve\u017ebi, \u010ditanja i pisanja na \u0161vedskom jeziku.<\/p>\n\n\n\n<p>Koristite izvorne resurse: uronite u <strong>izvorne<\/strong> \u0161vedske materijale kao \u0161to su knji\u017eevnost, novinske \u010dlanke i podcasti. Ovo ne samo da \u0107e vam pomo\u0107i da razumete \u0161vedsku gramatiku u kontekstu, ve\u0107 i da pobolj\u0161ate svoje ve\u0161tine \u010ditanja i slu\u0161anja.<\/p>\n\n\n\n<p><strong>Nau\u010dite imenice rodova i mno\u017eina:<\/strong> Memorisanje roda (en ili ett) i mno\u017eina oblika \u0161vedskih imenica je od klju\u010dnog zna\u010daja. Ve\u017ebanje tokom vremena \u0107e vam na kraju pomo\u0107i da internalizujete ova pravila.<\/p>\n\n\n\n<p><strong>Pove\u017eite se<\/strong> sa izvornim govornicima: Uklju\u010divanje u razgovore sa izvornim \u0161vedskim govornicima omogu\u0107i\u0107e vam da praktikujete gramatiku i dobijate vredne <a href=\"https:\/\/talkpal.ai\/contact\/\">povratne informacije<\/a>. Razmislite o pridru\u017eivanju grupama za razmjenu jezika ili forumima na mre\u017ei kako biste se povezali sa pojedincima koji govore \u0161vedski.<\/p>\n\n\n\n<p><strong>Budite strpljivi i uporni:<\/strong> Zapamtite da je <a href=\"https:\/\/talkpal.ai\/sl\/ucenje-grscine-najhitrejsi-vodic-za-zacetnike\/\">u\u010denje gramatike<\/a> proces. Ostanite posve\u0107eni, nastavite sa ve\u017ebanjem i proslavite napredak tokom puta.<\/p>\n\n\n\n<h2 class=\"wp-block-heading\" id=\"h-conclusion\">Zaklju\u010dak:<\/h2>\n\n\n\n<p>\u0160vedska <a href=\"https:\/\/talkpal.ai\/sq\/gramatika\/\">gramatika<\/a>, iako naizgled slo\u017eena, mo\u017ee se savladati predano\u0161\u0107u i razumijevanjem njenih integralnih komponenti. Slijede\u0107i na\u0161e prijedloge i uronite u jezik, svjedo\u010dit \u0107ete stalnom pobolj\u0161anju svojih vje\u0161tina \u0161vedskog jezika. Prihvatite izazov i u\u017eivajte u putovanju prema \u0161vedskom gramati\u010dkom majstorstvu!<\/p>\n<\/div><\/div>\n\r\n<section class=\"learnNavigationSection\">\r\n            \r\n        <a href=\"https:\/\/talkpal.ai\/bs\/nauci-svedski\/\">\r\n            <div class=\"learnNavigationWrapper\">\r\n                <div class=\"learnNavigationContent\">\r\n                    <img decoding=\"async\" src=\"https:\/\/talkpal.ai\/wp-content\/uploads\/2024\/08\/Swedish.jpg\" alt=\"Swedish Flag\">\r\n                    <div>\r\n                        <h4>O u\u010denju \u0161vedskog jezika<\/h4>\r\n                        <p>Saznajte sve o \u0161vedskoj gramatici.<\/p>\r\n                    <\/div>\r\n                <\/div>\r\n            <\/div>\r\n        <\/a>\r\n\r\n        \r\n        <a href=\"https:\/\/talkpal.ai\/bs\/svedske-gramaticke-vezbe\/\">\r\n            <div class=\"learnNavigationWrapper\">\r\n                <div class=\"learnNavigationContent\">\r\n                    <img decoding=\"async\" src=\"https:\/\/talkpal.ai\/wp-content\/uploads\/2024\/08\/Swedish.jpg\" alt=\"Swedish Flag\">\r\n                    <div>\r\n                        <h4>Vje\u017eba iz \u0161vedske gramatike<\/h4>\r\n                        <p>\u0160vedska gramatika.<\/p>\r\n                    <\/div>\r\n                <\/div>\r\n            <\/div>\r\n        <\/a>\r\n\r\n        \r\n        <a href=\"https:\/\/talkpal.ai\/vocabulary_language\/swedish\/\">\r\n            <div class=\"learnNavigationWrapper\">\r\n                <div class=\"learnNavigationContent\">\r\n                    <img decoding=\"async\" src=\"https:\/\/talkpal.ai\/wp-content\/uploads\/2024\/08\/Swedish.jpg\" alt=\"Swedish Flag\">\r\n                    <div>\r\n                        <h4>\u0161vedski vokabular<\/h4>\r\n                        <p>Pro\u0161irite svoj \u0161vedski vokabular.<\/p>\r\n                    <\/div>\r\n                <\/div>\r\n            <\/div>\r\n        <\/a>\r\n\r\n            <\/section>","protected":false},"excerpt":{"rendered":"<p>Demystifying Swedish Grammar: A Comprehensive Guide to Master its Rules and Nuances \u0160vedski, kojim govori oko 10 miliona ljudi, je bogat i melodi\u010dan jezik koji pripada severnogermanskoj porodici. Iako je \u0161vedska gramatika relativno jednostavna u pore\u0111enju sa nekim drugim jezicima, razumevanje njenih pravila i strukture je klju\u010dno za pobolj\u0161anje poznavanja jezika. U ovom \u010dlanku \u0107emo [&hellip;]<\/p>\n","protected":false},"author":1,"featured_media":108314,"parent":0,"menu_order":0,"comment_status":"closed","ping_status":"closed","template":"LearningContentPage.php","meta":{"_acf_changed":false,"footnotes":""},"class_list":["post-130779","page","type-page","status-publish","has-post-thumbnail","hentry"],"acf":[],"yoast_head":"<!-- This site is optimized with the Yoast SEO Premium plugin v27.2 (Yoast SEO v27.2) - https:\/\/yoast.com\/product\/yoast-seo-premium-wordpress\/ -->\n<title>\u0160vedska gramatika - Talkpal<\/title>\n<meta name=\"description\" content=\"Otkrijte tajne \u0161vedske gramatike kako biste pobolj\u0161ali svoje jezi\u010dke vje\u0161tine uz osnovna pravila i korisne savjete.\" \/>\n<meta name=\"robots\" content=\"index, follow, max-snippet:-1, max-image-preview:large, max-video-preview:-1\" \/>\n<link rel=\"canonical\" href=\"https:\/\/talkpal.ai\/bs\/svedska-gramatika\/\" \/>\n<meta property=\"og:locale\" content=\"bs_BA\" \/>\n<meta property=\"og:type\" content=\"article\" \/>\n<meta property=\"og:title\" content=\"\u0160vedska gramatika\" \/>\n<meta property=\"og:description\" content=\"Demystifying Swedish Grammar: A Comprehensive Guide to Master its Rules and Nuances \u0160vedski, kojim govori oko 10 miliona ljudi, je bogat i melodi\u010dan jezik\" \/>\n<meta property=\"og:url\" content=\"https:\/\/talkpal.ai\/bs\/svedska-gramatika\/\" \/>\n<meta property=\"og:site_name\" content=\"Talkpal\" \/>\n<meta property=\"article:publisher\" content=\"https:\/\/www.facebook.com\/profile.php?id=100090733639311\" \/>\n<meta property=\"article:modified_time\" content=\"2025-12-11T16:24:23+00:00\" \/>\n<meta property=\"og:image\" content=\"https:\/\/talkpal.ai\/wp-content\/uploads\/2023\/04\/sweden.png\" \/>\n\t<meta property=\"og:image:width\" content=\"512\" \/>\n\t<meta property=\"og:image:height\" content=\"512\" \/>\n\t<meta property=\"og:image:type\" content=\"image\/png\" \/>\n<meta name=\"twitter:card\" content=\"summary_large_image\" \/>\n<meta name=\"twitter:site\" content=\"@talkpalai\" \/>\n<meta name=\"twitter:label1\" content=\"Est. reading time\" \/>\n\t<meta name=\"twitter:data1\" content=\"3 minute\" \/>\n<script type=\"application\/ld+json\" class=\"yoast-schema-graph\">{\"@context\":\"https:\/\/schema.org\",\"@graph\":[{\"@type\":\"WebPage\",\"@id\":\"https:\/\/talkpal.ai\/bs\/svedska-gramatika\/\",\"url\":\"https:\/\/talkpal.ai\/bs\/svedska-gramatika\/\",\"name\":\"\u0160vedska gramatika - Talkpal\",\"isPartOf\":{\"@id\":\"https:\/\/talkpal.ai\/bs\/#website\"},\"primaryImageOfPage\":{\"@id\":\"https:\/\/talkpal.ai\/bs\/svedska-gramatika\/#primaryimage\"},\"image\":{\"@id\":\"https:\/\/talkpal.ai\/bs\/svedska-gramatika\/#primaryimage\"},\"thumbnailUrl\":\"https:\/\/talkpal.ai\/wp-content\/uploads\/2023\/04\/sweden.png\",\"datePublished\":\"2023-05-14T13:53:07+00:00\",\"dateModified\":\"2025-12-11T16:24:23+00:00\",\"description\":\"Otkrijte tajne \u0161vedske gramatike kako biste pobolj\u0161ali svoje jezi\u010dke vje\u0161tine uz osnovna pravila i korisne savjete.\",\"breadcrumb\":{\"@id\":\"https:\/\/talkpal.ai\/bs\/svedska-gramatika\/#breadcrumb\"},\"inLanguage\":\"bs-BA\",\"potentialAction\":[{\"@type\":\"ReadAction\",\"target\":[\"https:\/\/talkpal.ai\/bs\/svedska-gramatika\/\"]}]},{\"@type\":\"ImageObject\",\"inLanguage\":\"bs-BA\",\"@id\":\"https:\/\/talkpal.ai\/bs\/svedska-gramatika\/#primaryimage\",\"url\":\"https:\/\/talkpal.ai\/wp-content\/uploads\/2023\/04\/sweden.png\",\"contentUrl\":\"https:\/\/talkpal.ai\/wp-content\/uploads\/2023\/04\/sweden.png\",\"width\":512,\"height\":512},{\"@type\":\"BreadcrumbList\",\"@id\":\"https:\/\/talkpal.ai\/bs\/svedska-gramatika\/#breadcrumb\",\"itemListElement\":[{\"@type\":\"ListItem\",\"position\":1,\"name\":\"Homepage\",\"item\":\"https:\/\/talkpal.ai\/bs\/\"},{\"@type\":\"ListItem\",\"position\":2,\"name\":\"\u0160vedska gramatika\"}]},{\"@type\":\"WebSite\",\"@id\":\"https:\/\/talkpal.ai\/bs\/#website\",\"url\":\"https:\/\/talkpal.ai\/bs\/\",\"name\":\"Talkpal\",\"description\":\"AI Language Learning\",\"publisher\":{\"@id\":\"https:\/\/talkpal.ai\/bs\/#organization\"},\"alternateName\":\"Talkpal AI\",\"potentialAction\":[{\"@type\":\"SearchAction\",\"target\":{\"@type\":\"EntryPoint\",\"urlTemplate\":\"https:\/\/talkpal.ai\/bs\/?s={search_term_string}\"},\"query-input\":{\"@type\":\"PropertyValueSpecification\",\"valueRequired\":true,\"valueName\":\"search_term_string\"}}],\"inLanguage\":\"bs-BA\"},{\"@type\":\"Organization\",\"@id\":\"https:\/\/talkpal.ai\/bs\/#organization\",\"name\":\"Talkpal, Inc.\",\"alternateName\":\"Talkpal AI\",\"url\":\"https:\/\/talkpal.ai\/bs\/\",\"logo\":{\"@type\":\"ImageObject\",\"inLanguage\":\"bs-BA\",\"@id\":\"https:\/\/talkpal.ai\/bs\/#\/schema\/logo\/image\/\",\"url\":\"https:\/\/talkpal.ai\/wp-content\/uploads\/2024\/03\/Talkpal-Logo-Icon.png\",\"contentUrl\":\"https:\/\/talkpal.ai\/wp-content\/uploads\/2024\/03\/Talkpal-Logo-Icon.png\",\"width\":2880,\"height\":2880,\"caption\":\"Talkpal, Inc.\"},\"image\":{\"@id\":\"https:\/\/talkpal.ai\/bs\/#\/schema\/logo\/image\/\"},\"sameAs\":[\"https:\/\/www.facebook.com\/profile.php?id=100090733639311\",\"https:\/\/x.com\/talkpalai\",\"https:\/\/www.linkedin.com\/company\/talkpal\/\",\"https:\/\/www.youtube.com\/@TalkPal\/\",\"https:\/\/www.tiktok.com\/@talkpal\",\"https:\/\/www.instagram.com\/talkpal_ai\/\",\"https:\/\/www.crunchbase.com\/organization\/talkpal-9cde\",\"https:\/\/www.g2.com\/products\/talkpal-for-business\/\",\"https:\/\/www.trustpilot.com\/review\/talkpal.ai\",\"https:\/\/www.capterra.com\/p\/10006800\/TalkPal\/\"],\"description\":\"Talkpal is a language learning web and mobile education app, powered by the latest AI technologies, that provides engaging experiences to its customers in many different languages to help them improve their language skills. Users can chat about unlimited amount of topics with the app and use other modes to practice their language learning.\",\"email\":\"support@talkpal.ai\",\"legalName\":\"Talkpal, Inc.\",\"foundingDate\":\"2023-04-03\",\"duns\":\"118989042\",\"numberOfEmployees\":{\"@type\":\"QuantitativeValue\",\"minValue\":\"11\",\"maxValue\":\"50\"},\"publishingPrinciples\":\"https:\/\/talkpal.ai\/publishing-principles\/\",\"actionableFeedbackPolicy\":\"https:\/\/talkpal.ai\/actionable-feedback-policy\/\",\"correctionsPolicy\":\"https:\/\/talkpal.ai\/corrections-policy\/\",\"ethicsPolicy\":\"https:\/\/talkpal.ai\/ethics-policy\/\",\"diversityPolicy\":\"https:\/\/talkpal.ai\/diversity-policy\/\",\"diversityStaffingReport\":\"https:\/\/talkpal.ai\/diversity-policy\/\"}]}<\/script>\n<!-- \/ Yoast SEO Premium plugin. -->","yoast_head_json":{"title":"\u0160vedska gramatika - Talkpal","description":"Otkrijte tajne \u0161vedske gramatike kako biste pobolj\u0161ali svoje jezi\u010dke vje\u0161tine uz osnovna pravila i korisne savjete.","robots":{"index":"index","follow":"follow","max-snippet":"max-snippet:-1","max-image-preview":"max-image-preview:large","max-video-preview":"max-video-preview:-1"},"canonical":"https:\/\/talkpal.ai\/bs\/svedska-gramatika\/","og_locale":"bs_BA","og_type":"article","og_title":"\u0160vedska gramatika","og_description":"Demystifying Swedish Grammar: A Comprehensive Guide to Master its Rules and Nuances \u0160vedski, kojim govori oko 10 miliona ljudi, je bogat i melodi\u010dan jezik","og_url":"https:\/\/talkpal.ai\/bs\/svedska-gramatika\/","og_site_name":"Talkpal","article_publisher":"https:\/\/www.facebook.com\/profile.php?id=100090733639311","article_modified_time":"2025-12-11T16:24:23+00:00","og_image":[{"width":512,"height":512,"url":"https:\/\/talkpal.ai\/wp-content\/uploads\/2023\/04\/sweden.png","type":"image\/png"}],"twitter_card":"summary_large_image","twitter_site":"@talkpalai","twitter_misc":{"Est. reading time":"3 minute"},"schema":{"@context":"https:\/\/schema.org","@graph":[{"@type":"WebPage","@id":"https:\/\/talkpal.ai\/bs\/svedska-gramatika\/","url":"https:\/\/talkpal.ai\/bs\/svedska-gramatika\/","name":"\u0160vedska gramatika - Talkpal","isPartOf":{"@id":"https:\/\/talkpal.ai\/bs\/#website"},"primaryImageOfPage":{"@id":"https:\/\/talkpal.ai\/bs\/svedska-gramatika\/#primaryimage"},"image":{"@id":"https:\/\/talkpal.ai\/bs\/svedska-gramatika\/#primaryimage"},"thumbnailUrl":"https:\/\/talkpal.ai\/wp-content\/uploads\/2023\/04\/sweden.png","datePublished":"2023-05-14T13:53:07+00:00","dateModified":"2025-12-11T16:24:23+00:00","description":"Otkrijte tajne \u0161vedske gramatike kako biste pobolj\u0161ali svoje jezi\u010dke vje\u0161tine uz osnovna pravila i korisne savjete.","breadcrumb":{"@id":"https:\/\/talkpal.ai\/bs\/svedska-gramatika\/#breadcrumb"},"inLanguage":"bs-BA","potentialAction":[{"@type":"ReadAction","target":["https:\/\/talkpal.ai\/bs\/svedska-gramatika\/"]}]},{"@type":"ImageObject","inLanguage":"bs-BA","@id":"https:\/\/talkpal.ai\/bs\/svedska-gramatika\/#primaryimage","url":"https:\/\/talkpal.ai\/wp-content\/uploads\/2023\/04\/sweden.png","contentUrl":"https:\/\/talkpal.ai\/wp-content\/uploads\/2023\/04\/sweden.png","width":512,"height":512},{"@type":"BreadcrumbList","@id":"https:\/\/talkpal.ai\/bs\/svedska-gramatika\/#breadcrumb","itemListElement":[{"@type":"ListItem","position":1,"name":"Homepage","item":"https:\/\/talkpal.ai\/bs\/"},{"@type":"ListItem","position":2,"name":"\u0160vedska gramatika"}]},{"@type":"WebSite","@id":"https:\/\/talkpal.ai\/bs\/#website","url":"https:\/\/talkpal.ai\/bs\/","name":"Talkpal","description":"AI Language Learning","publisher":{"@id":"https:\/\/talkpal.ai\/bs\/#organization"},"alternateName":"Talkpal AI","potentialAction":[{"@type":"SearchAction","target":{"@type":"EntryPoint","urlTemplate":"https:\/\/talkpal.ai\/bs\/?s={search_term_string}"},"query-input":{"@type":"PropertyValueSpecification","valueRequired":true,"valueName":"search_term_string"}}],"inLanguage":"bs-BA"},{"@type":"Organization","@id":"https:\/\/talkpal.ai\/bs\/#organization","name":"Talkpal, Inc.","alternateName":"Talkpal AI","url":"https:\/\/talkpal.ai\/bs\/","logo":{"@type":"ImageObject","inLanguage":"bs-BA","@id":"https:\/\/talkpal.ai\/bs\/#\/schema\/logo\/image\/","url":"https:\/\/talkpal.ai\/wp-content\/uploads\/2024\/03\/Talkpal-Logo-Icon.png","contentUrl":"https:\/\/talkpal.ai\/wp-content\/uploads\/2024\/03\/Talkpal-Logo-Icon.png","width":2880,"height":2880,"caption":"Talkpal, Inc."},"image":{"@id":"https:\/\/talkpal.ai\/bs\/#\/schema\/logo\/image\/"},"sameAs":["https:\/\/www.facebook.com\/profile.php?id=100090733639311","https:\/\/x.com\/talkpalai","https:\/\/www.linkedin.com\/company\/talkpal\/","https:\/\/www.youtube.com\/@TalkPal\/","https:\/\/www.tiktok.com\/@talkpal","https:\/\/www.instagram.com\/talkpal_ai\/","https:\/\/www.crunchbase.com\/organization\/talkpal-9cde","https:\/\/www.g2.com\/products\/talkpal-for-business\/","https:\/\/www.trustpilot.com\/review\/talkpal.ai","https:\/\/www.capterra.com\/p\/10006800\/TalkPal\/"],"description":"Talkpal is a language learning web and mobile education app, powered by the latest AI technologies, that provides engaging experiences to its customers in many different languages to help them improve their language skills. Users can chat about unlimited amount of topics with the app and use other modes to practice their language learning.","email":"support@talkpal.ai","legalName":"Talkpal, Inc.","foundingDate":"2023-04-03","duns":"118989042","numberOfEmployees":{"@type":"QuantitativeValue","minValue":"11","maxValue":"50"},"publishingPrinciples":"https:\/\/talkpal.ai\/publishing-principles\/","actionableFeedbackPolicy":"https:\/\/talkpal.ai\/actionable-feedback-policy\/","correctionsPolicy":"https:\/\/talkpal.ai\/corrections-policy\/","ethicsPolicy":"https:\/\/talkpal.ai\/ethics-policy\/","diversityPolicy":"https:\/\/talkpal.ai\/diversity-policy\/","diversityStaffingReport":"https:\/\/talkpal.ai\/diversity-policy\/"}]}},"_links":{"self":[{"href":"https:\/\/talkpal.ai\/bs\/wp-json\/wp\/v2\/pages\/130779","targetHints":{"allow":["GET"]}}],"collection":[{"href":"https:\/\/talkpal.ai\/bs\/wp-json\/wp\/v2\/pages"}],"about":[{"href":"https:\/\/talkpal.ai\/bs\/wp-json\/wp\/v2\/types\/page"}],"author":[{"embeddable":true,"href":"https:\/\/talkpal.ai\/bs\/wp-json\/wp\/v2\/users\/1"}],"replies":[{"embeddable":true,"href":"https:\/\/talkpal.ai\/bs\/wp-json\/wp\/v2\/comments?post=130779"}],"version-history":[{"count":0,"href":"https:\/\/talkpal.ai\/bs\/wp-json\/wp\/v2\/pages\/130779\/revisions"}],"wp:featuredmedia":[{"embeddable":true,"href":"https:\/\/talkpal.ai\/bs\/wp-json\/wp\/v2\/media\/108314"}],"wp:attachment":[{"href":"https:\/\/talkpal.ai\/bs\/wp-json\/wp\/v2\/media?parent=130779"}],"curies":[{"name":"wp","href":"https:\/\/api.w.org\/{rel}","templated":true}]}}