{"id":130607,"date":"2023-05-14T13:52:27","date_gmt":"2023-05-14T13:52:27","guid":{"rendered":"http:\/\/talkpal.ai\/korejska-gramatika\/"},"modified":"2025-12-11T16:30:25","modified_gmt":"2025-12-11T16:30:25","slug":"korejska-gramatika","status":"publish","type":"page","link":"https:\/\/talkpal.ai\/bs\/korejska-gramatika\/","title":{"rendered":"korejska gramatika"},"content":{"rendered":"\r\n\r\n\r\n<section class=\"languageChallengeSection\">\r\n    <div class=\"languageInfoWrapper\">\r\n        \r\n        <h1>korejska gramatika<\/h1>\r\n        <p>Po\u010dnite savladavati korejsku gramatiku uz jednostavne vodi\u010de i prakti\u010dne primjere. Nau\u010dite kako formirati re\u010denice, koristiti \u010destice i konjugirati glagole kako biste se precizno izrazili. Vje\u017ebajte svoje vje\u0161tine interaktivnim vje\u017ebama osmi\u0161ljenim da vam izgrade samopouzdanje. Napravite sljede\u0107i korak na svom putovanju u u\u010denju korejskog jezika i pobolj\u0161ajte svoje znanje ve\u0107 danas!<\/p>\r\n\r\n                            <a class=\"getStartedHidden\" href=\"https:\/\/app.talkpal.ai\/signup?lng=\">Kreni<\/a>\r\n        \r\n    <\/div>\r\n\r\n    <figure>\r\n    <img decoding=\"async\" width=\"768\" height=\"768\" src=\"https:\/\/talkpal.ai\/wp-content\/uploads\/2023\/06\/korean-768x768.png\" class=\"languageImage no-lazy\" alt=\"Line-by-line learning for language acquisition\" fetchpriority=\"high\" sizes=\"(max-width: 768px) 150px, 768px\" srcset=\"https:\/\/talkpal.ai\/wp-content\/uploads\/2023\/06\/korean-768x768.png 768w, https:\/\/talkpal.ai\/wp-content\/uploads\/2023\/06\/korean-300x300.png 300w\" \/>\r\n    \r\n\r\n    <\/figure>\r\n\r\n            <a class=\"getStartedVisible\" href=\"https:\/\/app.talkpal.ai\/signup?lng=\">Kreni<\/a>\r\n    \r\n<\/section>\r\n<section class=\"promotionalBanner\">\r\n    <p class=\"promotionalText\">Najefikasniji na\u010din za u\u010denje jezika<\/p>\r\n    <a class=\"promotionalLink\" href=\"https:\/\/app.talkpal.ai\/signup?lng=\">Isprobajte Talkpal besplatno<\/a>\r\n<\/section>\n<div class=\"wp-block-group pageContainerStyle\"><div class=\"wp-block-group__inner-container is-layout-constrained wp-block-group-is-layout-constrained\">\n<h2 class=\"wp-block-heading\" id=\"h-demystifying-korean-grammar-a-beginner-s-guide\">Demistifikacija korejske gramatike: Vodi\u010d za po\u010detnike<\/h2>\n\n\n\n<p>U\u010denje korejskog mo\u017ee otvoriti svijet mogu\u0107nosti, bilo da se radi o istra\u017eivanju korejske kuhinje, gledanju najnovijih K-drama ili radu s jednom od brojnih ju\u017enokorejskih inovativnih kompanija. Kao nematernji govornik koji roni u ovom fascinantnom jeziku, jedan od najizazovnijih aspekata mo\u017ee biti savladavanje njegove gramatike. <a href=\"https:\/\/talkpal.ai\/korean-grammar\/\">Korejska gramatika<\/a> mo\u017ee izgledati slo\u017eeno na prvi pogled, ali ima logiku i konzistentnost <a href=\"https:\/\/talkpal.ai\/locations\/language-courses-in-koja\/\">koja<\/a> mo\u017ee biti pristupa\u010dnija nego \u0161to mislite. U ovom \u010dlanku \u0107emo ra\u0161\u010dlaniti klju\u010dne karakteristike <a href=\"https:\/\/talkpal.ai\/sq\/gramatika-koreane\/\">korejske gramatike<\/a> i pru\u017eiti vrijedne uvide kako bi va\u0161 put do te\u010dnog govora bio glatki i ugodni.<\/p>\n\n\n\n<h3 class=\"wp-block-heading\" id=\"h-1-word-nbsp-order-nbsp-get-in-the-flow\"><b>1. redoslijed rije\u010di<\/b><b> \u2013 U\u0111ite u tok!<\/b><\/h3>\n\n\n\n<p>Prva stvar koju treba da znate o korejskoj gramatici je njen osnovni redosled re\u010di: <a href=\"https:\/\/talkpal.ai\/culture\/how-do-you-structure-a-sentence-using-subject-object-verb-order-in-uzbek\/\">Subject-Object-Verb<\/a> (SOV). To zna\u010di da glagoli dolaze na kraj re\u010denice, za razliku od engleskog <a href=\"https:\/\/talkpal.ai\/locations\/learn-english-in-reda\/\">reda<\/a> Subjekt-Glagol-Objekat (SVO). Ovo mo\u017ee potrajati neko navikavanje na, ali klju\u010d za te\u010dnost je da se udobno sa ovom novom strukturom.<\/p>\n\n\n\n<p>Savjet: Praksa formiranja jednostavnih korejskih re\u010denica prevo\u0111enjem engleskih fraza i preure\u0111ivanjem redoslijeda rije\u010di. Fokusirajte se na razumevanje logike koja stoji iza SOV strukture kako biste postali prijatniji sa njom.<\/p>\n\n\n\n<h3 class=\"wp-block-heading\" id=\"h-2-particles-attach-and-connect\">2. \u010cestice \u2013 Pri\u010dvrstite i pove\u017eite se!<\/h3>\n\n\n\n<p>Korejske re\u010denice koriste sitne gramati\u010dke informacije zvane \u010destice kako bi pomogle u odre\u0111ivanju funkcije rije\u010di u re\u010denici. Na primjer, \uc774\/\uac00 i \uc740\/\ub294 ozna\u010davaju predmet, dok \uc744\/\ub97c ozna\u010davaju objekt. \u010cestice su esencijalna komponenta korejske gramatike, ali njihova upotreba mo\u017ee u po\u010detku biti ogromna.<\/p>\n\n\n\n<p>Savet: Uhvatite se za jednu po jednu \u010desticu, da se ose\u0107ate prijatno sa njenom upotrebom i zna\u010denjem. Razvijte listu primjera re\u010denica koriste\u0107i svaku \u010desticu za stvaranje kolekcije referentnog materijala.<\/p>\n\n\n\n<h3 class=\"wp-block-heading\" id=\"h-3-verb-conjugation-keep-it-simple\">3. konjugacija glagola \u2013 Neka bude jednostavno!<\/h3>\n\n\n\n<p><a href=\"https:\/\/talkpal.ai\/learn-korean\/\">Korejski<\/a> glagoli su izuzetno dosledni, \u0161to ih mo\u017ee u\u010diniti lak\u0161im za u\u010denje od glagola na drugim jezicima. Svi <a href=\"https:\/\/talkpal.ai\/learn-korean\/\">korejski<\/a> glagoli zavr\u0161avaju na \ub2e4 (da) u svom osnovnom obliku, a da biste stvorili razli\u010dita vremena ili nivoe uljudnosti, jednostavno \u0107ete dodati razli\u010dite zavr\u0161etke. Naj\u010de\u0161\u0107i su -\uc694 (jo) za neformalnu uljudnost i -\uc2b5\ub2c8\ub2e4 (seumnida) za formalnije situacije.<\/p>\n\n\n\n<p>Savjet: Nau\u010dite konjugirati nekoliko osnovnih glagola na razli\u010ditim nivoima uljudnosti, kao \u0161to su \ud558\ub2e4 (raditi), \uba39\ub2e4 (jesti), \uc790\ub2e4 (spavati) i \uac00\ub2e4 (i\u0107i). Zatim, po\u010dnite da ih ugra\u0111ujete u re\u010denice kako biste postali poznatiji i prijatniji sa kori\u0161\u0107enjem razli\u010ditih konjugacija.<\/p>\n\n\n\n<h3 class=\"wp-block-heading\" id=\"h-4-adjectives-treat-them-like-verbs\">4. pridjevi \u2013 Tretirajte ih kao glagole!<\/h3>\n\n\n\n<p>U korejskoj gramatici, pridjevi funkcioniraju sli\u010dno glagolima i konjugiraju se pomo\u0107u <a href=\"https:\/\/talkpal.ai\/locations\/learn-english-in-istog\/\">istog<\/a> sistema. Mnogi pridjevi zavr\u0161avaju na ~\ud558\ub2e4 (-hada) i mogu se konjugirati na isti na\u010din kao \u0161to biste konjugirali glagole.<\/p>\n\n\n\n<p>Savjet: Vje\u017ebajte konjugaciju uobi\u010dajenih prideva poput \uc88b\ub2e4 (biti dobar), \uc608\uc058\ub2e4 (biti lijep), \ub192\ub2e4 (biti visok), \ub0ae\ub2e4 (biti nizak) i \ud06c\ub2e4 (biti velik). Njihovo uklju\u010divanje u re\u010denice \u0107e vam pomo\u0107i da u\u010dvrstite svoje razumijevanje.<\/p>\n\n\n\n<h3 class=\"wp-block-heading\" id=\"h-5-honorifics-show-your-respect\">5. po\u010dasni \u2013 Poka\u017eite po\u0161tovanje!<\/h3>\n\n\n\n<p>Korejska kultura nagla\u0161ava iskazivanje po\u0161tovanja prema starijima i onima na pozicijama autoriteta. To se ogleda u njegovom jeziku kroz po\u010dasne, koji su posebni oblici rije\u010di i gramati\u010dke strukture koje se koriste za pokazivanje u\u010dtivosti. Neki klju\u010dni primjeri uklju\u010duju kori\u0161tenje \u010destice -\uaed8\uc11c (-kkeseo) umjesto -\uc774\/\uac00 kada se nekome obra\u0107a s po\u0161tovanjem ili dodavanje -\uc2dc (-si) glagolima kao oznaka uljudnosti.<\/p>\n\n\n\n<p>Savjet: Nau\u010dite osnove kori\u0161tenja po\u010dasnih znakova, ali nemojte previ\u0161e brinuti o tome da odmah postanete stru\u010dnjak. Kao govornik engleskog jezika, Korejci \u0107e verovatno razumeti da li pravite gre\u0161ke, ali \u0107e pokazati napor da budete po\u0161tovani.<\/p>\n\n\n\n<h3 class=\"wp-block-heading\" id=\"h-conclusion\">Zaklju\u010dak:<\/h3>\n\n\n\n<p>Korejska gramatika se u po\u010detku mo\u017ee \u010diniti izazovnom, ali kako budete stekli iskustvo i razumijevanje, prona\u0107i \u0107ete logi\u010dan i dosljedan okvir. Fokusiraju\u0107i se na klju\u010dne koncepte kao \u0161to su red rije\u010di, \u010destice i konjugacija glagola, uskoro \u0107ete graditi re\u010denice kao profesionalac. Prigrlite ljubav prema ovom ekspresivnom jeziku i gledajte kako vas va\u0161e savladavanje korejske gramatike vodi u svijet bezbroj mogu\u0107nosti. \ud654\uc774\ud305 (\u010dekanje) \u2013 neka<\/p>\n<\/div><\/div>\n\r\n<section class=\"learnNavigationSection\">\r\n            \r\n        <a href=\"https:\/\/talkpal.ai\/bs\/nauci-korejski\/\">\r\n            <div class=\"learnNavigationWrapper\">\r\n                <div class=\"learnNavigationContent\">\r\n                    <img decoding=\"async\" src=\"https:\/\/talkpal.ai\/wp-content\/uploads\/2024\/08\/Korean.jpg\" alt=\"Korean Flag\">\r\n                    <div>\r\n                        <h4>O u\u010denju korejskog<\/h4>\r\n                        <p>Saznaj sve o korejskoj gramatici.<\/p>\r\n                    <\/div>\r\n                <\/div>\r\n            <\/div>\r\n        <\/a>\r\n\r\n        \r\n        <a href=\"https:\/\/talkpal.ai\/bs\/korejske-gramaticke-vezbe\/\">\r\n            <div class=\"learnNavigationWrapper\">\r\n                <div class=\"learnNavigationContent\">\r\n                    <img decoding=\"async\" src=\"https:\/\/talkpal.ai\/wp-content\/uploads\/2024\/08\/Korean.jpg\" alt=\"Korean Flag\">\r\n                    <div>\r\n                        <h4>Vje\u017eba iz korejske gramatike<\/h4>\r\n                        <p>Vje\u017ebaj korejsku gramatiku.<\/p>\r\n                    <\/div>\r\n                <\/div>\r\n            <\/div>\r\n        <\/a>\r\n\r\n        \r\n        <a href=\"https:\/\/talkpal.ai\/vocabulary_language\/korean\/\">\r\n            <div class=\"learnNavigationWrapper\">\r\n                <div class=\"learnNavigationContent\">\r\n                    <img decoding=\"async\" src=\"https:\/\/talkpal.ai\/wp-content\/uploads\/2024\/08\/Korean.jpg\" alt=\"Korean Flag\">\r\n                    <div>\r\n                        <h4>Korean Vocabulary<\/h4>\r\n                        <p>Pro\u0161irite svoj korejski vokabular.<\/p>\r\n                    <\/div>\r\n                <\/div>\r\n            <\/div>\r\n        <\/a>\r\n\r\n            <\/section>","protected":false},"excerpt":{"rendered":"<p>Demistifikacija korejske gramatike: Vodi\u010d za po\u010detnike U\u010denje korejskog mo\u017ee otvoriti svijet mogu\u0107nosti, bilo da se radi o istra\u017eivanju korejske kuhinje, gledanju najnovijih K-drama ili radu s jednom od brojnih ju\u017enokorejskih inovativnih kompanija. Kao nematernji govornik koji roni u ovom fascinantnom jeziku, jedan od najizazovnijih aspekata mo\u017ee biti savladavanje njegove gramatike. Korejska gramatika mo\u017ee izgledati slo\u017eeno [&hellip;]<\/p>\n","protected":false},"author":1,"featured_media":107574,"parent":0,"menu_order":0,"comment_status":"closed","ping_status":"closed","template":"LearningContentPage.php","meta":{"_acf_changed":false,"footnotes":""},"class_list":["post-130607","page","type-page","status-publish","has-post-thumbnail","hentry"],"acf":[],"yoast_head":"<!-- This site is optimized with the Yoast SEO Premium plugin v27.2 (Yoast SEO v27.2) - https:\/\/yoast.com\/product\/yoast-seo-premium-wordpress\/ -->\n<title>korejska gramatika - Talkpal<\/title>\n<meta name=\"description\" content=\"Savladajte korejsku gramatiku s povjerenjem - oja\u010dajte strukturu re\u010denica, razjasnite pravila i lako pobolj\u0161ajte te\u010dnost govora\" \/>\n<meta name=\"robots\" content=\"index, follow, max-snippet:-1, max-image-preview:large, max-video-preview:-1\" \/>\n<link rel=\"canonical\" href=\"https:\/\/talkpal.ai\/bs\/korejska-gramatika\/\" \/>\n<meta property=\"og:locale\" content=\"bs_BA\" \/>\n<meta property=\"og:type\" content=\"article\" \/>\n<meta property=\"og:title\" content=\"korejska gramatika\" \/>\n<meta property=\"og:description\" content=\"Demistifikacija korejske gramatike: Vodi\u010d za po\u010detnike U\u010denje korejskog mo\u017ee otvoriti svijet mogu\u0107nosti, bilo da se radi o istra\u017eivanju korejske kuhinje,\" \/>\n<meta property=\"og:url\" content=\"https:\/\/talkpal.ai\/bs\/korejska-gramatika\/\" \/>\n<meta property=\"og:site_name\" content=\"Talkpal\" \/>\n<meta property=\"article:publisher\" content=\"https:\/\/www.facebook.com\/profile.php?id=100090733639311\" \/>\n<meta property=\"article:modified_time\" content=\"2025-12-11T16:30:25+00:00\" \/>\n<meta property=\"og:image\" content=\"https:\/\/talkpal.ai\/wp-content\/uploads\/2023\/04\/south-korea.png\" \/>\n\t<meta property=\"og:image:width\" content=\"512\" \/>\n\t<meta property=\"og:image:height\" content=\"512\" \/>\n\t<meta property=\"og:image:type\" content=\"image\/png\" \/>\n<meta name=\"twitter:card\" content=\"summary_large_image\" \/>\n<meta name=\"twitter:site\" content=\"@talkpalai\" \/>\n<meta name=\"twitter:label1\" content=\"Est. reading time\" \/>\n\t<meta name=\"twitter:data1\" content=\"3 minute\" \/>\n<script type=\"application\/ld+json\" class=\"yoast-schema-graph\">{\"@context\":\"https:\/\/schema.org\",\"@graph\":[{\"@type\":\"WebPage\",\"@id\":\"https:\/\/talkpal.ai\/bs\/korejska-gramatika\/\",\"url\":\"https:\/\/talkpal.ai\/bs\/korejska-gramatika\/\",\"name\":\"korejska gramatika - Talkpal\",\"isPartOf\":{\"@id\":\"https:\/\/talkpal.ai\/bs\/#website\"},\"primaryImageOfPage\":{\"@id\":\"https:\/\/talkpal.ai\/bs\/korejska-gramatika\/#primaryimage\"},\"image\":{\"@id\":\"https:\/\/talkpal.ai\/bs\/korejska-gramatika\/#primaryimage\"},\"thumbnailUrl\":\"https:\/\/talkpal.ai\/wp-content\/uploads\/2023\/04\/south-korea.png\",\"datePublished\":\"2023-05-14T13:52:27+00:00\",\"dateModified\":\"2025-12-11T16:30:25+00:00\",\"description\":\"Savladajte korejsku gramatiku s povjerenjem - oja\u010dajte strukturu re\u010denica, razjasnite pravila i lako pobolj\u0161ajte te\u010dnost govora\",\"breadcrumb\":{\"@id\":\"https:\/\/talkpal.ai\/bs\/korejska-gramatika\/#breadcrumb\"},\"inLanguage\":\"bs-BA\",\"potentialAction\":[{\"@type\":\"ReadAction\",\"target\":[\"https:\/\/talkpal.ai\/bs\/korejska-gramatika\/\"]}]},{\"@type\":\"ImageObject\",\"inLanguage\":\"bs-BA\",\"@id\":\"https:\/\/talkpal.ai\/bs\/korejska-gramatika\/#primaryimage\",\"url\":\"https:\/\/talkpal.ai\/wp-content\/uploads\/2023\/04\/south-korea.png\",\"contentUrl\":\"https:\/\/talkpal.ai\/wp-content\/uploads\/2023\/04\/south-korea.png\",\"width\":512,\"height\":512},{\"@type\":\"BreadcrumbList\",\"@id\":\"https:\/\/talkpal.ai\/bs\/korejska-gramatika\/#breadcrumb\",\"itemListElement\":[{\"@type\":\"ListItem\",\"position\":1,\"name\":\"Homepage\",\"item\":\"https:\/\/talkpal.ai\/bs\/\"},{\"@type\":\"ListItem\",\"position\":2,\"name\":\"korejska gramatika\"}]},{\"@type\":\"WebSite\",\"@id\":\"https:\/\/talkpal.ai\/bs\/#website\",\"url\":\"https:\/\/talkpal.ai\/bs\/\",\"name\":\"Talkpal\",\"description\":\"AI Language Learning\",\"publisher\":{\"@id\":\"https:\/\/talkpal.ai\/bs\/#organization\"},\"alternateName\":\"Talkpal AI\",\"potentialAction\":[{\"@type\":\"SearchAction\",\"target\":{\"@type\":\"EntryPoint\",\"urlTemplate\":\"https:\/\/talkpal.ai\/bs\/?s={search_term_string}\"},\"query-input\":{\"@type\":\"PropertyValueSpecification\",\"valueRequired\":true,\"valueName\":\"search_term_string\"}}],\"inLanguage\":\"bs-BA\"},{\"@type\":\"Organization\",\"@id\":\"https:\/\/talkpal.ai\/bs\/#organization\",\"name\":\"Talkpal, Inc.\",\"alternateName\":\"Talkpal AI\",\"url\":\"https:\/\/talkpal.ai\/bs\/\",\"logo\":{\"@type\":\"ImageObject\",\"inLanguage\":\"bs-BA\",\"@id\":\"https:\/\/talkpal.ai\/bs\/#\/schema\/logo\/image\/\",\"url\":\"https:\/\/talkpal.ai\/wp-content\/uploads\/2024\/03\/Talkpal-Logo-Icon.png\",\"contentUrl\":\"https:\/\/talkpal.ai\/wp-content\/uploads\/2024\/03\/Talkpal-Logo-Icon.png\",\"width\":2880,\"height\":2880,\"caption\":\"Talkpal, Inc.\"},\"image\":{\"@id\":\"https:\/\/talkpal.ai\/bs\/#\/schema\/logo\/image\/\"},\"sameAs\":[\"https:\/\/www.facebook.com\/profile.php?id=100090733639311\",\"https:\/\/x.com\/talkpalai\",\"https:\/\/www.linkedin.com\/company\/talkpal\/\",\"https:\/\/www.youtube.com\/@TalkPal\/\",\"https:\/\/www.tiktok.com\/@talkpal\",\"https:\/\/www.instagram.com\/talkpal_ai\/\",\"https:\/\/www.crunchbase.com\/organization\/talkpal-9cde\",\"https:\/\/www.g2.com\/products\/talkpal-for-business\/\",\"https:\/\/www.trustpilot.com\/review\/talkpal.ai\",\"https:\/\/www.capterra.com\/p\/10006800\/TalkPal\/\"],\"description\":\"Talkpal is a language learning web and mobile education app, powered by the latest AI technologies, that provides engaging experiences to its customers in many different languages to help them improve their language skills. Users can chat about unlimited amount of topics with the app and use other modes to practice their language learning.\",\"email\":\"support@talkpal.ai\",\"legalName\":\"Talkpal, Inc.\",\"foundingDate\":\"2023-04-03\",\"duns\":\"118989042\",\"numberOfEmployees\":{\"@type\":\"QuantitativeValue\",\"minValue\":\"11\",\"maxValue\":\"50\"},\"publishingPrinciples\":\"https:\/\/talkpal.ai\/publishing-principles\/\",\"actionableFeedbackPolicy\":\"https:\/\/talkpal.ai\/actionable-feedback-policy\/\",\"correctionsPolicy\":\"https:\/\/talkpal.ai\/corrections-policy\/\",\"ethicsPolicy\":\"https:\/\/talkpal.ai\/ethics-policy\/\",\"diversityPolicy\":\"https:\/\/talkpal.ai\/diversity-policy\/\",\"diversityStaffingReport\":\"https:\/\/talkpal.ai\/diversity-policy\/\"}]}<\/script>\n<!-- \/ Yoast SEO Premium plugin. -->","yoast_head_json":{"title":"korejska gramatika - Talkpal","description":"Savladajte korejsku gramatiku s povjerenjem - oja\u010dajte strukturu re\u010denica, razjasnite pravila i lako pobolj\u0161ajte te\u010dnost govora","robots":{"index":"index","follow":"follow","max-snippet":"max-snippet:-1","max-image-preview":"max-image-preview:large","max-video-preview":"max-video-preview:-1"},"canonical":"https:\/\/talkpal.ai\/bs\/korejska-gramatika\/","og_locale":"bs_BA","og_type":"article","og_title":"korejska gramatika","og_description":"Demistifikacija korejske gramatike: Vodi\u010d za po\u010detnike U\u010denje korejskog mo\u017ee otvoriti svijet mogu\u0107nosti, bilo da se radi o istra\u017eivanju korejske kuhinje,","og_url":"https:\/\/talkpal.ai\/bs\/korejska-gramatika\/","og_site_name":"Talkpal","article_publisher":"https:\/\/www.facebook.com\/profile.php?id=100090733639311","article_modified_time":"2025-12-11T16:30:25+00:00","og_image":[{"width":512,"height":512,"url":"https:\/\/talkpal.ai\/wp-content\/uploads\/2023\/04\/south-korea.png","type":"image\/png"}],"twitter_card":"summary_large_image","twitter_site":"@talkpalai","twitter_misc":{"Est. reading time":"3 minute"},"schema":{"@context":"https:\/\/schema.org","@graph":[{"@type":"WebPage","@id":"https:\/\/talkpal.ai\/bs\/korejska-gramatika\/","url":"https:\/\/talkpal.ai\/bs\/korejska-gramatika\/","name":"korejska gramatika - Talkpal","isPartOf":{"@id":"https:\/\/talkpal.ai\/bs\/#website"},"primaryImageOfPage":{"@id":"https:\/\/talkpal.ai\/bs\/korejska-gramatika\/#primaryimage"},"image":{"@id":"https:\/\/talkpal.ai\/bs\/korejska-gramatika\/#primaryimage"},"thumbnailUrl":"https:\/\/talkpal.ai\/wp-content\/uploads\/2023\/04\/south-korea.png","datePublished":"2023-05-14T13:52:27+00:00","dateModified":"2025-12-11T16:30:25+00:00","description":"Savladajte korejsku gramatiku s povjerenjem - oja\u010dajte strukturu re\u010denica, razjasnite pravila i lako pobolj\u0161ajte te\u010dnost govora","breadcrumb":{"@id":"https:\/\/talkpal.ai\/bs\/korejska-gramatika\/#breadcrumb"},"inLanguage":"bs-BA","potentialAction":[{"@type":"ReadAction","target":["https:\/\/talkpal.ai\/bs\/korejska-gramatika\/"]}]},{"@type":"ImageObject","inLanguage":"bs-BA","@id":"https:\/\/talkpal.ai\/bs\/korejska-gramatika\/#primaryimage","url":"https:\/\/talkpal.ai\/wp-content\/uploads\/2023\/04\/south-korea.png","contentUrl":"https:\/\/talkpal.ai\/wp-content\/uploads\/2023\/04\/south-korea.png","width":512,"height":512},{"@type":"BreadcrumbList","@id":"https:\/\/talkpal.ai\/bs\/korejska-gramatika\/#breadcrumb","itemListElement":[{"@type":"ListItem","position":1,"name":"Homepage","item":"https:\/\/talkpal.ai\/bs\/"},{"@type":"ListItem","position":2,"name":"korejska gramatika"}]},{"@type":"WebSite","@id":"https:\/\/talkpal.ai\/bs\/#website","url":"https:\/\/talkpal.ai\/bs\/","name":"Talkpal","description":"AI Language Learning","publisher":{"@id":"https:\/\/talkpal.ai\/bs\/#organization"},"alternateName":"Talkpal AI","potentialAction":[{"@type":"SearchAction","target":{"@type":"EntryPoint","urlTemplate":"https:\/\/talkpal.ai\/bs\/?s={search_term_string}"},"query-input":{"@type":"PropertyValueSpecification","valueRequired":true,"valueName":"search_term_string"}}],"inLanguage":"bs-BA"},{"@type":"Organization","@id":"https:\/\/talkpal.ai\/bs\/#organization","name":"Talkpal, Inc.","alternateName":"Talkpal AI","url":"https:\/\/talkpal.ai\/bs\/","logo":{"@type":"ImageObject","inLanguage":"bs-BA","@id":"https:\/\/talkpal.ai\/bs\/#\/schema\/logo\/image\/","url":"https:\/\/talkpal.ai\/wp-content\/uploads\/2024\/03\/Talkpal-Logo-Icon.png","contentUrl":"https:\/\/talkpal.ai\/wp-content\/uploads\/2024\/03\/Talkpal-Logo-Icon.png","width":2880,"height":2880,"caption":"Talkpal, Inc."},"image":{"@id":"https:\/\/talkpal.ai\/bs\/#\/schema\/logo\/image\/"},"sameAs":["https:\/\/www.facebook.com\/profile.php?id=100090733639311","https:\/\/x.com\/talkpalai","https:\/\/www.linkedin.com\/company\/talkpal\/","https:\/\/www.youtube.com\/@TalkPal\/","https:\/\/www.tiktok.com\/@talkpal","https:\/\/www.instagram.com\/talkpal_ai\/","https:\/\/www.crunchbase.com\/organization\/talkpal-9cde","https:\/\/www.g2.com\/products\/talkpal-for-business\/","https:\/\/www.trustpilot.com\/review\/talkpal.ai","https:\/\/www.capterra.com\/p\/10006800\/TalkPal\/"],"description":"Talkpal is a language learning web and mobile education app, powered by the latest AI technologies, that provides engaging experiences to its customers in many different languages to help them improve their language skills. Users can chat about unlimited amount of topics with the app and use other modes to practice their language learning.","email":"support@talkpal.ai","legalName":"Talkpal, Inc.","foundingDate":"2023-04-03","duns":"118989042","numberOfEmployees":{"@type":"QuantitativeValue","minValue":"11","maxValue":"50"},"publishingPrinciples":"https:\/\/talkpal.ai\/publishing-principles\/","actionableFeedbackPolicy":"https:\/\/talkpal.ai\/actionable-feedback-policy\/","correctionsPolicy":"https:\/\/talkpal.ai\/corrections-policy\/","ethicsPolicy":"https:\/\/talkpal.ai\/ethics-policy\/","diversityPolicy":"https:\/\/talkpal.ai\/diversity-policy\/","diversityStaffingReport":"https:\/\/talkpal.ai\/diversity-policy\/"}]}},"_links":{"self":[{"href":"https:\/\/talkpal.ai\/bs\/wp-json\/wp\/v2\/pages\/130607","targetHints":{"allow":["GET"]}}],"collection":[{"href":"https:\/\/talkpal.ai\/bs\/wp-json\/wp\/v2\/pages"}],"about":[{"href":"https:\/\/talkpal.ai\/bs\/wp-json\/wp\/v2\/types\/page"}],"author":[{"embeddable":true,"href":"https:\/\/talkpal.ai\/bs\/wp-json\/wp\/v2\/users\/1"}],"replies":[{"embeddable":true,"href":"https:\/\/talkpal.ai\/bs\/wp-json\/wp\/v2\/comments?post=130607"}],"version-history":[{"count":0,"href":"https:\/\/talkpal.ai\/bs\/wp-json\/wp\/v2\/pages\/130607\/revisions"}],"wp:featuredmedia":[{"embeddable":true,"href":"https:\/\/talkpal.ai\/bs\/wp-json\/wp\/v2\/media\/107574"}],"wp:attachment":[{"href":"https:\/\/talkpal.ai\/bs\/wp-json\/wp\/v2\/media?parent=130607"}],"curies":[{"name":"wp","href":"https:\/\/api.w.org\/{rel}","templated":true}]}}