{"id":130120,"date":"2023-05-14T13:51:46","date_gmt":"2023-05-14T13:51:46","guid":{"rendered":"http:\/\/talkpal.ai\/portugalska-gramatika\/"},"modified":"2025-12-11T16:48:47","modified_gmt":"2025-12-11T16:48:47","slug":"portugalska-gramatika","status":"publish","type":"page","link":"https:\/\/talkpal.ai\/bs\/portugalska-gramatika\/","title":{"rendered":"Portugalska gramatika"},"content":{"rendered":"\r\n\r\n\r\n<section class=\"languageChallengeSection\">\r\n    <div class=\"languageInfoWrapper\">\r\n        \r\n        <h1>Portugalska gramatika<\/h1>\r\n        <p>Istra\u017eite osnove portugalske gramatike i otklju\u010dajte svijet mogu\u0107nosti za povezivanje s milionima govornika \u0161irom svijeta. Savladavanjem klju\u010dnih pravila i struktura, bit \u0107ete spremni komunicirati s povjerenjem i u potpunosti u\u017eivati \u200b\u200bu portugalskoj kulturi. Po\u010dnite u\u010diti portugalsku gramatiku ve\u0107 danas i napravite prvi korak ka te\u010dnom govoru!<\/p>\r\n\r\n                            <a class=\"getStartedHidden\" href=\"https:\/\/app.talkpal.ai\/signup?lng=\">Kreni<\/a>\r\n        \r\n    <\/div>\r\n\r\n    <figure>\r\n    <img decoding=\"async\" width=\"768\" height=\"768\" src=\"https:\/\/talkpal.ai\/wp-content\/uploads\/2023\/06\/portuguese-768x768.png\" class=\"languageImage no-lazy\" alt=\"Language learning for broader world view\" fetchpriority=\"high\" sizes=\"(max-width: 768px) 150px, 768px\" srcset=\"https:\/\/talkpal.ai\/wp-content\/uploads\/2023\/06\/portuguese-768x768.png 768w, https:\/\/talkpal.ai\/wp-content\/uploads\/2023\/06\/portuguese-300x300.png 300w\" \/>\r\n    \r\n\r\n    <\/figure>\r\n\r\n            <a class=\"getStartedVisible\" href=\"https:\/\/app.talkpal.ai\/signup?lng=\">Kreni<\/a>\r\n    \r\n<\/section>\r\n<section class=\"promotionalBanner\">\r\n    <p class=\"promotionalText\">Najefikasniji na\u010din za u\u010denje jezika<\/p>\r\n    <a class=\"promotionalLink\" href=\"https:\/\/app.talkpal.ai\/signup?lng=\">Isprobajte Talkpal besplatno<\/a>\r\n<\/section>\n<div class=\"wp-block-group pageContainerStyle\"><div class=\"wp-block-group__inner-container is-layout-constrained wp-block-group-is-layout-constrained\">\n<h2 class=\"wp-block-heading\" id=\"h-a-beginner-s-guide-to-understanding-portuguese-grammar\">Vodi\u010d za po\u010detnike za razumijevanje portugalske gramatike<\/h2>\n\n\n\n<p>Bilo da planirate putovanje u <a href=\"https:\/\/talkpal.ai\/locations\/language-courses-in-portugal\/\">Portugal<\/a> ili ste jednostavno zainteresirani za savladavanje novog jezika, u\u010denje portugalskog mo\u017ee biti uzbudljivo i korisno iskustvo. Jedan od osnovnih aspekata u\u010denja portugalskog jezika, kao i svaki drugi, jeste razumevanje njegove gramatike. Ovaj \u010dlanak \u0107e vas voditi kroz osnove portugalske gramatike, pru\u017eaju\u0107i vam osnovne savete i uvide koji \u0107e vam pomo\u0107i da se kre\u0107ete i komunicirate bez napora. Dakle, ako ste \u010dekali da zaronite u svijet portugalskog, dozvolite nam da po\u010dnemo!<\/p>\n\n\n\n<h3 class=\"wp-block-heading\" id=\"h-1-the-basics-nouns-pronouns-and-articles\">Osnove: imenice, zamjenice i \u010dlanci<\/h3>\n\n\n\n<p>Kao i u engleskom, <a href=\"https:\/\/talkpal.ai\/portuguese-grammar\/\">portugalska gramatika<\/a> je izgra\u0111ena oko imenica, zamjenica i \u010dlanaka. Imenice na portugalskom mogu biti mu\u0161kog ili \u017eenskog roda, a va\u017eno je utvrditi rod za pravilno formiranje re\u010denice. Na primjer, &#8220;o menino&#8221; se prevodi kao &#8220;dje\u010dak&#8221;, dok &#8220;a menina&#8221; zna\u010di &#8220;djevoj\u010dica&#8221;.<\/p>\n\n\n\n<p>Zamenice na portugalskom, kao i <a href=\"https:\/\/talkpal.ai\/learn-english-with-ai\/\">engleski<\/a>, deluju kao zamena za imenice. I oni imaju spol. Li\u010dne zamjenice uklju\u010duju EU (I), voc\u00ea\/tu (ti), ele\/ela (on\/ona), n\u00f3s (mi) i eles\/elas (oni).<\/p>\n\n\n\n<p>Odre\u0111eni \u010dlanci (the) i neodre\u0111eni \u010dlanci (a\/an) su tako\u0111e rodno specifi\u010dni i neophodni su za pravilnu konstrukciju re\u010denica. U portugalskom su odre\u0111eni \u010dlanovi \u201co\u201d (mu\u0161ki rod) i \u201ca\u201d (\u017eenski rod), a neodre\u0111eni \u010dlanovi su \u201cum\u201d (mu\u0161ki) i \u201cuma\u201d (\u017eenski rod).<\/p>\n\n\n\n<h3 class=\"wp-block-heading\" id=\"h-2-adjectives-and-adverbs-add-spice-to-your-sentences\">Pridjevi i prilozi: dodajte za\u010din svojim re\u010denicama<\/h3>\n\n\n\n<p>Pridjevi su rije\u010di koje opisuju ili mijenjaju imenice, a poput imenica, imaju spol. Obi\u010dno su pridjevi koji se zavr\u0161avaju na \u201co\u201d mu\u0161kog roda, dok su oni koji zavr\u0161avaju na \u201ca\u201d \u017eenskog roda. Neophodno je uskladiti rod prideva sa imenicom koju opisuje. Na primjer, \u201chomem alto\u201d se prevodi kao \u201cvisok mu\u0161karac\u201d, dok \u201cmulher alta\u201d zna\u010di \u201cvisoka \u017eena\u201d.<\/p>\n\n\n\n<p>Prilozi, s druge strane, mijenjaju glagole, pridjeve ili druge priloge. U portugalskom, prilozi obi\u010dno nemaju rodno specifi\u010dne oblike. Neki uobi\u010dajeni prilozi uklju\u010duju \u201crapidamente\u201d (brzo), \u201clentamente\u201d (polako) i \u201csempre\u201d (uvijek).<\/p>\n\n\n\n<h3 class=\"wp-block-heading\" id=\"h-3-verbs-the-action-words\">Originalni naziv: The Action Words<\/h3>\n\n\n\n<p><a href=\"https:\/\/talkpal.ai\/learn-portuguese\/\">Portugalski<\/a> glagoli svrstavaju se u tri konjugacijske grupe (-ar, -er, -ir), a njihovi oblici se mijenjaju ovisno o napetosti i subjektu. Ovo su neka bitna vremena <a href=\"https:\/\/talkpal.ai\/locations\/language-courses-in-koja\/\">koja<\/a> trebate znati:<\/p>\n\n\n\n<p>\u2013 Sada\u0161nje vrijeme (<a href=\"https:\/\/talkpal.ai\/zh-hans\/grammar_exercises\/presente-%e8%a5%bf%e7%8f%ad%e7%89%99%e8%af%ad%e6%b3%95%e7%bb%83%e4%b9%a0\/\">Presente<\/a>): opisuje radnje koje se sada de\u0161avaju ili uobi\u010dajene radnje.<br\/>\u2013 Pro\u0161lo vrijeme (Pret\u00e9rito): opisuje radnje koje su se dogodile u pro\u0161losti. Postoje dva tipa: <a href=\"https:\/\/talkpal.ai\/grammar\/preterite-perfect-in-portuguese-grammar\/\">Pret\u00e9rito Perfeito<\/a> (jednostavna pro\u0161lost) i <a href=\"https:\/\/talkpal.ai\/grammar\/preterito-imperfeito-in-portuguese-grammar\/\">Pret\u00e9rito Imperfeito<\/a> (pro\u0161lost kontinuirana).<br\/>\u2013 Budu\u0107e vrijeme (<a href=\"https:\/\/talkpal.ai\/ja\/grammar_exercises\/futuro-%e3%82%b9%e3%83%9a%e3%82%a4%e3%83%b3%e8%aa%9e%e3%81%ae%e6%96%87%e6%b3%95%e3%81%ae%e6%bc%94%e7%bf%92\/\">Futuro<\/a>): opisuje radnje koje \u0107e se dogoditi u budu\u0107nosti.<\/p>\n\n\n\n<p>Savladavanje konjugacije glagola mo\u017ee biti izazov na portugalskom, ali praksa i doslednost \u0107e vam pomo\u0107i da je efikasnije shvatite.<\/p>\n\n\n\n<h3 class=\"wp-block-heading\" id=\"h-4-word-order-building-understandable-sentences\">Redoslijed rije\u010di: izgradnja razumljivih re\u010denica<\/h3>\n\n\n\n<p>Tipi\u010dna portugalska struktura re\u010denica slijedi redoslijed subjekt-glagol-objekt (SVO). Na primjer, re\u010denica &#8220;Eu amo pizza&#8221; (&#8220;Volim pizzu&#8221;) slijedi ovaj obrazac. Me\u0111utim, portugalska gramatika mo\u017ee biti prili\u010dno fleksibilna i mo\u017eete nai\u0107i na varijacije u redoslijedu rije\u010di, posebno u knji\u017eevnosti ili neformalnim razgovorima. Kontekst i zdrav razum su klju\u010dni u razumevanju ovih varijacija.<\/p>\n\n\n\n<h3 class=\"wp-block-heading\" id=\"h-5-negation-and-interrogation-say-no-and-ask-questions\">Negacija i ispitivanje: reci ne i postavljaj pitanja<\/h3>\n\n\n\n<p>Da biste negirali re\u010denicu na portugalskom, jednostavno stavite rije\u010d \u201cn\u00e3o\u201d ispred glagola. Na primjer, \u201cEu n\u00e3o falo portugu\u00eas\u201d zna\u010di \u201cNe govorim portugalski\u201d.<\/p>\n\n\n\n<p>Da biste izjavu pretvorili u pitanje na portugalskom, mo\u017eete promijeniti red rije\u010di ili koristiti upitnu rije\u010d (kao \u0161to je &#8220;quem&#8221; za &#8220;ko&#8221;, &#8220;o que&#8221; za &#8220;\u0161ta&#8221; ili &#8220;onde&#8221; za &#8220;gdje&#8221;) . Na primjer, &#8220;Voc\u00ea fala ingl\u00eas?&#8221; prevodi kao &#8220;Govorite li engleski?&#8221;<\/p>\n\n\n\n<h3 class=\"wp-block-heading\" id=\"h-conclusion\">Zaklju\u010dak<\/h3>\n\n\n\n<p>U\u010denje portugalske gramatike mo\u017ee izgledati zastra\u0161uju\u0107e, ali nemojte se obeshrabriti! Svaki jezik ima svoje slo\u017eenosti, ali uz dosljednost, praksu i malo strpljenja, otkrit \u0107ete da komunicirate samopouzdano i efikasno. Imajte na umu da je u\u010denje gramatike samo jedan deo usvajanja jezika, a tako\u0111e treba da praktikujete slu\u0161anje, govor i \u010ditanje na portugalskom. Boa sorte! (Sretno!)<\/p>\n<\/div><\/div>\n\r\n<section class=\"learnNavigationSection\">\r\n            \r\n        <a href=\"https:\/\/talkpal.ai\/bs\/nauci-portugalski\/\">\r\n            <div class=\"learnNavigationWrapper\">\r\n                <div class=\"learnNavigationContent\">\r\n                    <img decoding=\"async\" src=\"https:\/\/talkpal.ai\/wp-content\/uploads\/2024\/08\/Portuguese.jpg\" alt=\"Portuguese Flag\">\r\n                    <div>\r\n                        <h4>O Portugalu Learning<\/h4>\r\n                        <p>Saznajte sve o portugalskoj gramatici.<\/p>\r\n                    <\/div>\r\n                <\/div>\r\n            <\/div>\r\n        <\/a>\r\n\r\n        \r\n        <a href=\"https:\/\/talkpal.ai\/bs\/portugalske-gramaticke-vezbe\/\">\r\n            <div class=\"learnNavigationWrapper\">\r\n                <div class=\"learnNavigationContent\">\r\n                    <img decoding=\"async\" src=\"https:\/\/talkpal.ai\/wp-content\/uploads\/2024\/08\/Portuguese.jpg\" alt=\"Portuguese Flag\">\r\n                    <div>\r\n                        <h4>Vje\u017eba portugalske gramatike<\/h4>\r\n                        <p>Vje\u017ebaj portugalsku gramatiku.<\/p>\r\n                    <\/div>\r\n                <\/div>\r\n            <\/div>\r\n        <\/a>\r\n\r\n        \r\n        <a href=\"https:\/\/talkpal.ai\/vocabulary_language\/portuguese\/\">\r\n            <div class=\"learnNavigationWrapper\">\r\n                <div class=\"learnNavigationContent\">\r\n                    <img decoding=\"async\" src=\"https:\/\/talkpal.ai\/wp-content\/uploads\/2024\/08\/Portuguese.jpg\" alt=\"Portuguese Flag\">\r\n                    <div>\r\n                        <h4>portugalski vokabular<\/h4>\r\n                        <p>Pro\u0161irite svoj portugalski vokabular.<\/p>\r\n                    <\/div>\r\n                <\/div>\r\n            <\/div>\r\n        <\/a>\r\n\r\n            <\/section>","protected":false},"excerpt":{"rendered":"<p>Vodi\u010d za po\u010detnike za razumijevanje portugalske gramatike Bilo da planirate putovanje u Portugal ili ste jednostavno zainteresirani za savladavanje novog jezika, u\u010denje portugalskog mo\u017ee biti uzbudljivo i korisno iskustvo. Jedan od osnovnih aspekata u\u010denja portugalskog jezika, kao i svaki drugi, jeste razumevanje njegove gramatike. Ovaj \u010dlanak \u0107e vas voditi kroz osnove portugalske gramatike, pru\u017eaju\u0107i vam [&hellip;]<\/p>\n","protected":false},"author":1,"featured_media":107804,"parent":0,"menu_order":0,"comment_status":"closed","ping_status":"closed","template":"LearningContentPage.php","meta":{"_acf_changed":false,"footnotes":""},"class_list":["post-130120","page","type-page","status-publish","has-post-thumbnail","hentry"],"acf":[],"yoast_head":"<!-- This site is optimized with the Yoast SEO Premium plugin v27.2 (Yoast SEO v27.2) - https:\/\/yoast.com\/product\/yoast-seo-premium-wordpress\/ -->\n<title>Portugalska gramatika - Talkpal<\/title>\n<meta name=\"description\" content=\"Savladajte portugalsku gramatiku uz interaktivne vje\u017ebe osmi\u0161ljene za sve nivoe znanja. Unapredite svoje jezi\u010dko znanje!\" \/>\n<meta name=\"robots\" content=\"index, follow, max-snippet:-1, max-image-preview:large, max-video-preview:-1\" \/>\n<link rel=\"canonical\" href=\"https:\/\/talkpal.ai\/bs\/portugalska-gramatika\/\" \/>\n<meta property=\"og:locale\" content=\"bs_BA\" \/>\n<meta property=\"og:type\" content=\"article\" \/>\n<meta property=\"og:title\" content=\"Portugalska gramatika\" \/>\n<meta property=\"og:description\" content=\"Vodi\u010d za po\u010detnike za razumijevanje portugalske gramatike Bilo da planirate putovanje u Portugal ili ste jednostavno zainteresirani za savladavanje novog\" \/>\n<meta property=\"og:url\" content=\"https:\/\/talkpal.ai\/bs\/portugalska-gramatika\/\" \/>\n<meta property=\"og:site_name\" content=\"Talkpal\" \/>\n<meta property=\"article:publisher\" content=\"https:\/\/www.facebook.com\/profile.php?id=100090733639311\" \/>\n<meta property=\"article:modified_time\" content=\"2025-12-11T16:48:47+00:00\" \/>\n<meta property=\"og:image\" content=\"https:\/\/talkpal.ai\/wp-content\/uploads\/2023\/04\/portugal.png\" \/>\n\t<meta property=\"og:image:width\" content=\"512\" \/>\n\t<meta property=\"og:image:height\" content=\"512\" \/>\n\t<meta property=\"og:image:type\" content=\"image\/png\" \/>\n<meta name=\"twitter:card\" content=\"summary_large_image\" \/>\n<meta name=\"twitter:site\" content=\"@talkpalai\" \/>\n<meta name=\"twitter:label1\" content=\"Est. reading time\" \/>\n\t<meta name=\"twitter:data1\" content=\"3 minute\" \/>\n<script type=\"application\/ld+json\" class=\"yoast-schema-graph\">{\"@context\":\"https:\/\/schema.org\",\"@graph\":[{\"@type\":\"WebPage\",\"@id\":\"https:\/\/talkpal.ai\/bs\/portugalska-gramatika\/\",\"url\":\"https:\/\/talkpal.ai\/bs\/portugalska-gramatika\/\",\"name\":\"Portugalska gramatika - Talkpal\",\"isPartOf\":{\"@id\":\"https:\/\/talkpal.ai\/bs\/#website\"},\"primaryImageOfPage\":{\"@id\":\"https:\/\/talkpal.ai\/bs\/portugalska-gramatika\/#primaryimage\"},\"image\":{\"@id\":\"https:\/\/talkpal.ai\/bs\/portugalska-gramatika\/#primaryimage\"},\"thumbnailUrl\":\"https:\/\/talkpal.ai\/wp-content\/uploads\/2023\/04\/portugal.png\",\"datePublished\":\"2023-05-14T13:51:46+00:00\",\"dateModified\":\"2025-12-11T16:48:47+00:00\",\"description\":\"Savladajte portugalsku gramatiku uz interaktivne vje\u017ebe osmi\u0161ljene za sve nivoe znanja. Unapredite svoje jezi\u010dko znanje!\",\"breadcrumb\":{\"@id\":\"https:\/\/talkpal.ai\/bs\/portugalska-gramatika\/#breadcrumb\"},\"inLanguage\":\"bs-BA\",\"potentialAction\":[{\"@type\":\"ReadAction\",\"target\":[\"https:\/\/talkpal.ai\/bs\/portugalska-gramatika\/\"]}]},{\"@type\":\"ImageObject\",\"inLanguage\":\"bs-BA\",\"@id\":\"https:\/\/talkpal.ai\/bs\/portugalska-gramatika\/#primaryimage\",\"url\":\"https:\/\/talkpal.ai\/wp-content\/uploads\/2023\/04\/portugal.png\",\"contentUrl\":\"https:\/\/talkpal.ai\/wp-content\/uploads\/2023\/04\/portugal.png\",\"width\":512,\"height\":512},{\"@type\":\"BreadcrumbList\",\"@id\":\"https:\/\/talkpal.ai\/bs\/portugalska-gramatika\/#breadcrumb\",\"itemListElement\":[{\"@type\":\"ListItem\",\"position\":1,\"name\":\"Homepage\",\"item\":\"https:\/\/talkpal.ai\/bs\/\"},{\"@type\":\"ListItem\",\"position\":2,\"name\":\"Portugalska gramatika\"}]},{\"@type\":\"WebSite\",\"@id\":\"https:\/\/talkpal.ai\/bs\/#website\",\"url\":\"https:\/\/talkpal.ai\/bs\/\",\"name\":\"Talkpal\",\"description\":\"AI Language Learning\",\"publisher\":{\"@id\":\"https:\/\/talkpal.ai\/bs\/#organization\"},\"alternateName\":\"Talkpal AI\",\"potentialAction\":[{\"@type\":\"SearchAction\",\"target\":{\"@type\":\"EntryPoint\",\"urlTemplate\":\"https:\/\/talkpal.ai\/bs\/?s={search_term_string}\"},\"query-input\":{\"@type\":\"PropertyValueSpecification\",\"valueRequired\":true,\"valueName\":\"search_term_string\"}}],\"inLanguage\":\"bs-BA\"},{\"@type\":\"Organization\",\"@id\":\"https:\/\/talkpal.ai\/bs\/#organization\",\"name\":\"Talkpal, Inc.\",\"alternateName\":\"Talkpal AI\",\"url\":\"https:\/\/talkpal.ai\/bs\/\",\"logo\":{\"@type\":\"ImageObject\",\"inLanguage\":\"bs-BA\",\"@id\":\"https:\/\/talkpal.ai\/bs\/#\/schema\/logo\/image\/\",\"url\":\"https:\/\/talkpal.ai\/wp-content\/uploads\/2024\/03\/Talkpal-Logo-Icon.png\",\"contentUrl\":\"https:\/\/talkpal.ai\/wp-content\/uploads\/2024\/03\/Talkpal-Logo-Icon.png\",\"width\":2880,\"height\":2880,\"caption\":\"Talkpal, Inc.\"},\"image\":{\"@id\":\"https:\/\/talkpal.ai\/bs\/#\/schema\/logo\/image\/\"},\"sameAs\":[\"https:\/\/www.facebook.com\/profile.php?id=100090733639311\",\"https:\/\/x.com\/talkpalai\",\"https:\/\/www.linkedin.com\/company\/talkpal\/\",\"https:\/\/www.youtube.com\/@TalkPal\/\",\"https:\/\/www.tiktok.com\/@talkpal\",\"https:\/\/www.instagram.com\/talkpal_ai\/\",\"https:\/\/www.crunchbase.com\/organization\/talkpal-9cde\",\"https:\/\/www.g2.com\/products\/talkpal-for-business\/\",\"https:\/\/www.trustpilot.com\/review\/talkpal.ai\",\"https:\/\/www.capterra.com\/p\/10006800\/TalkPal\/\"],\"description\":\"Talkpal is a language learning web and mobile education app, powered by the latest AI technologies, that provides engaging experiences to its customers in many different languages to help them improve their language skills. Users can chat about unlimited amount of topics with the app and use other modes to practice their language learning.\",\"email\":\"support@talkpal.ai\",\"legalName\":\"Talkpal, Inc.\",\"foundingDate\":\"2023-04-03\",\"duns\":\"118989042\",\"numberOfEmployees\":{\"@type\":\"QuantitativeValue\",\"minValue\":\"11\",\"maxValue\":\"50\"},\"publishingPrinciples\":\"https:\/\/talkpal.ai\/publishing-principles\/\",\"actionableFeedbackPolicy\":\"https:\/\/talkpal.ai\/actionable-feedback-policy\/\",\"correctionsPolicy\":\"https:\/\/talkpal.ai\/corrections-policy\/\",\"ethicsPolicy\":\"https:\/\/talkpal.ai\/ethics-policy\/\",\"diversityPolicy\":\"https:\/\/talkpal.ai\/diversity-policy\/\",\"diversityStaffingReport\":\"https:\/\/talkpal.ai\/diversity-policy\/\"}]}<\/script>\n<!-- \/ Yoast SEO Premium plugin. -->","yoast_head_json":{"title":"Portugalska gramatika - Talkpal","description":"Savladajte portugalsku gramatiku uz interaktivne vje\u017ebe osmi\u0161ljene za sve nivoe znanja. Unapredite svoje jezi\u010dko znanje!","robots":{"index":"index","follow":"follow","max-snippet":"max-snippet:-1","max-image-preview":"max-image-preview:large","max-video-preview":"max-video-preview:-1"},"canonical":"https:\/\/talkpal.ai\/bs\/portugalska-gramatika\/","og_locale":"bs_BA","og_type":"article","og_title":"Portugalska gramatika","og_description":"Vodi\u010d za po\u010detnike za razumijevanje portugalske gramatike Bilo da planirate putovanje u Portugal ili ste jednostavno zainteresirani za savladavanje novog","og_url":"https:\/\/talkpal.ai\/bs\/portugalska-gramatika\/","og_site_name":"Talkpal","article_publisher":"https:\/\/www.facebook.com\/profile.php?id=100090733639311","article_modified_time":"2025-12-11T16:48:47+00:00","og_image":[{"width":512,"height":512,"url":"https:\/\/talkpal.ai\/wp-content\/uploads\/2023\/04\/portugal.png","type":"image\/png"}],"twitter_card":"summary_large_image","twitter_site":"@talkpalai","twitter_misc":{"Est. reading time":"3 minute"},"schema":{"@context":"https:\/\/schema.org","@graph":[{"@type":"WebPage","@id":"https:\/\/talkpal.ai\/bs\/portugalska-gramatika\/","url":"https:\/\/talkpal.ai\/bs\/portugalska-gramatika\/","name":"Portugalska gramatika - Talkpal","isPartOf":{"@id":"https:\/\/talkpal.ai\/bs\/#website"},"primaryImageOfPage":{"@id":"https:\/\/talkpal.ai\/bs\/portugalska-gramatika\/#primaryimage"},"image":{"@id":"https:\/\/talkpal.ai\/bs\/portugalska-gramatika\/#primaryimage"},"thumbnailUrl":"https:\/\/talkpal.ai\/wp-content\/uploads\/2023\/04\/portugal.png","datePublished":"2023-05-14T13:51:46+00:00","dateModified":"2025-12-11T16:48:47+00:00","description":"Savladajte portugalsku gramatiku uz interaktivne vje\u017ebe osmi\u0161ljene za sve nivoe znanja. Unapredite svoje jezi\u010dko znanje!","breadcrumb":{"@id":"https:\/\/talkpal.ai\/bs\/portugalska-gramatika\/#breadcrumb"},"inLanguage":"bs-BA","potentialAction":[{"@type":"ReadAction","target":["https:\/\/talkpal.ai\/bs\/portugalska-gramatika\/"]}]},{"@type":"ImageObject","inLanguage":"bs-BA","@id":"https:\/\/talkpal.ai\/bs\/portugalska-gramatika\/#primaryimage","url":"https:\/\/talkpal.ai\/wp-content\/uploads\/2023\/04\/portugal.png","contentUrl":"https:\/\/talkpal.ai\/wp-content\/uploads\/2023\/04\/portugal.png","width":512,"height":512},{"@type":"BreadcrumbList","@id":"https:\/\/talkpal.ai\/bs\/portugalska-gramatika\/#breadcrumb","itemListElement":[{"@type":"ListItem","position":1,"name":"Homepage","item":"https:\/\/talkpal.ai\/bs\/"},{"@type":"ListItem","position":2,"name":"Portugalska gramatika"}]},{"@type":"WebSite","@id":"https:\/\/talkpal.ai\/bs\/#website","url":"https:\/\/talkpal.ai\/bs\/","name":"Talkpal","description":"AI Language Learning","publisher":{"@id":"https:\/\/talkpal.ai\/bs\/#organization"},"alternateName":"Talkpal AI","potentialAction":[{"@type":"SearchAction","target":{"@type":"EntryPoint","urlTemplate":"https:\/\/talkpal.ai\/bs\/?s={search_term_string}"},"query-input":{"@type":"PropertyValueSpecification","valueRequired":true,"valueName":"search_term_string"}}],"inLanguage":"bs-BA"},{"@type":"Organization","@id":"https:\/\/talkpal.ai\/bs\/#organization","name":"Talkpal, Inc.","alternateName":"Talkpal AI","url":"https:\/\/talkpal.ai\/bs\/","logo":{"@type":"ImageObject","inLanguage":"bs-BA","@id":"https:\/\/talkpal.ai\/bs\/#\/schema\/logo\/image\/","url":"https:\/\/talkpal.ai\/wp-content\/uploads\/2024\/03\/Talkpal-Logo-Icon.png","contentUrl":"https:\/\/talkpal.ai\/wp-content\/uploads\/2024\/03\/Talkpal-Logo-Icon.png","width":2880,"height":2880,"caption":"Talkpal, Inc."},"image":{"@id":"https:\/\/talkpal.ai\/bs\/#\/schema\/logo\/image\/"},"sameAs":["https:\/\/www.facebook.com\/profile.php?id=100090733639311","https:\/\/x.com\/talkpalai","https:\/\/www.linkedin.com\/company\/talkpal\/","https:\/\/www.youtube.com\/@TalkPal\/","https:\/\/www.tiktok.com\/@talkpal","https:\/\/www.instagram.com\/talkpal_ai\/","https:\/\/www.crunchbase.com\/organization\/talkpal-9cde","https:\/\/www.g2.com\/products\/talkpal-for-business\/","https:\/\/www.trustpilot.com\/review\/talkpal.ai","https:\/\/www.capterra.com\/p\/10006800\/TalkPal\/"],"description":"Talkpal is a language learning web and mobile education app, powered by the latest AI technologies, that provides engaging experiences to its customers in many different languages to help them improve their language skills. Users can chat about unlimited amount of topics with the app and use other modes to practice their language learning.","email":"support@talkpal.ai","legalName":"Talkpal, Inc.","foundingDate":"2023-04-03","duns":"118989042","numberOfEmployees":{"@type":"QuantitativeValue","minValue":"11","maxValue":"50"},"publishingPrinciples":"https:\/\/talkpal.ai\/publishing-principles\/","actionableFeedbackPolicy":"https:\/\/talkpal.ai\/actionable-feedback-policy\/","correctionsPolicy":"https:\/\/talkpal.ai\/corrections-policy\/","ethicsPolicy":"https:\/\/talkpal.ai\/ethics-policy\/","diversityPolicy":"https:\/\/talkpal.ai\/diversity-policy\/","diversityStaffingReport":"https:\/\/talkpal.ai\/diversity-policy\/"}]}},"_links":{"self":[{"href":"https:\/\/talkpal.ai\/bs\/wp-json\/wp\/v2\/pages\/130120","targetHints":{"allow":["GET"]}}],"collection":[{"href":"https:\/\/talkpal.ai\/bs\/wp-json\/wp\/v2\/pages"}],"about":[{"href":"https:\/\/talkpal.ai\/bs\/wp-json\/wp\/v2\/types\/page"}],"author":[{"embeddable":true,"href":"https:\/\/talkpal.ai\/bs\/wp-json\/wp\/v2\/users\/1"}],"replies":[{"embeddable":true,"href":"https:\/\/talkpal.ai\/bs\/wp-json\/wp\/v2\/comments?post=130120"}],"version-history":[{"count":0,"href":"https:\/\/talkpal.ai\/bs\/wp-json\/wp\/v2\/pages\/130120\/revisions"}],"wp:featuredmedia":[{"embeddable":true,"href":"https:\/\/talkpal.ai\/bs\/wp-json\/wp\/v2\/media\/107804"}],"wp:attachment":[{"href":"https:\/\/talkpal.ai\/bs\/wp-json\/wp\/v2\/media?parent=130120"}],"curies":[{"name":"wp","href":"https:\/\/api.w.org\/{rel}","templated":true}]}}