{"id":129737,"date":"2023-05-14T13:51:09","date_gmt":"2023-05-14T13:51:09","guid":{"rendered":"http:\/\/talkpal.ai\/japanska-gramatika\/"},"modified":"2025-12-11T16:44:59","modified_gmt":"2025-12-11T16:44:59","slug":"japanska-gramatika","status":"publish","type":"page","link":"https:\/\/talkpal.ai\/bs\/japanska-gramatika\/","title":{"rendered":"Japanska gramatika"},"content":{"rendered":"\r\n\r\n\r\n<section class=\"languageChallengeSection\">\r\n    <div class=\"languageInfoWrapper\">\r\n        \r\n        <h1>Japanska gramatika<\/h1>\r\n        <p>Unaprijedite svoje znanje japanskog jezika savladavanjem bitnih gramati\u010dkih ta\u010daka uz jasna obja\u0161njenja i primjere. Zapo\u010dnite svoje putovanje ka te\u010dnosti &#8211; zaronite u japansku gramatiku ve\u0107 danas!<\/p>\r\n\r\n                            <a class=\"getStartedHidden\" href=\"https:\/\/app.talkpal.ai\/signup?lng=\">Kreni<\/a>\r\n        \r\n    <\/div>\r\n\r\n    <figure>\r\n    <img decoding=\"async\" width=\"768\" height=\"768\" src=\"https:\/\/talkpal.ai\/wp-content\/uploads\/2023\/06\/japanese-768x768.png\" class=\"languageImage no-lazy\" alt=\"Language learning for world travelers\" fetchpriority=\"high\" sizes=\"(max-width: 768px) 150px, 768px\" srcset=\"https:\/\/talkpal.ai\/wp-content\/uploads\/2023\/06\/japanese-768x768.png 768w, https:\/\/talkpal.ai\/wp-content\/uploads\/2023\/06\/japanese-300x300.png 300w\" \/>\r\n    \r\n\r\n    <\/figure>\r\n\r\n            <a class=\"getStartedVisible\" href=\"https:\/\/app.talkpal.ai\/signup?lng=\">Kreni<\/a>\r\n    \r\n<\/section>\r\n<section class=\"promotionalBanner\">\r\n    <p class=\"promotionalText\">Najefikasniji na\u010din za u\u010denje jezika<\/p>\r\n    <a class=\"promotionalLink\" href=\"https:\/\/app.talkpal.ai\/signup?lng=\">Isprobajte Talkpal besplatno<\/a>\r\n<\/section>\n<div class=\"wp-block-group pageContainerStyle\"><div class=\"wp-block-group__inner-container is-layout-constrained wp-block-group-is-layout-constrained\">\n<h2 class=\"wp-block-heading\" id=\"h-mastering-the-intricacies-of-japanese-grammar\">Ovladavanje zamr\u0161eno\u0161\u0107u japanske gramatike<\/h2>\n\n\n\n<p>Lingvisti\u010dki entuzijasti \u010desto smatraju da je <a href=\"https:\/\/talkpal.ai\/learn-japanese\/\">japanski<\/a> fascinantan i izazovan jezik za u\u010denje, uglavnom zbog jedinstvenog gramati\u010dkog sistema. Uprkos tome, razumevanje japanske gramatike mo\u017ee zna\u010dajno pobolj\u0161ati va\u0161e komunikacijske ve\u0161tine i kulturno razumevanje. U ovom \u010dlanku \u0107emo diskutovati o nekoliko bitnih aspekata japanske gramatike koji \u0107e vam pomo\u0107i na putu u\u010denja jezika. Dakle, zakop\u010dajte se i uronimo u zadivljuju\u0107i svijet japanske gramatike.<\/p>\n\n\n\n<h3 class=\"wp-block-heading\" id=\"h-1-sentence-structure-sov\">1. struktura re\u010denice: SOV<\/h3>\n\n\n\n<p>Za razliku od engleskog (subjekt \u2013 glagol \u2013 objekt ili SVO), japanski slijedi strukturu re\u010denice subjekat \u2013 objekt \u2013 glagol (SOV). To zna\u010di da glagol obi\u010dno dolazi posljednji u re\u010denici. Prihvatanje ovog jedinstvenog <a href=\"https:\/\/talkpal.ai\/locations\/learn-english-in-reda\/\">reda<\/a> re\u010di je od vitalnog zna\u010daja za formiranje razumljivih re\u010denica na japanskom.<\/p>\n\n\n\n<p>Primjer:  <\/p>\n\n\n\n<p>\u2013 \u308f\u305f\u3057\u306f\u308a\u3093\u3054\u3092\u305f\u3079\u307e\u3059\u3002 (Jedem jabuku)<\/p>\n\n\n\n<p>\u2013 Watashi wa ringo o tabemasu. (lit. Ja jedem jabuku)<\/p>\n\n\n\n<h3 class=\"wp-block-heading\" id=\"h-2-particles-the-sentence-connectors\">2. \u010destice: Konektori re\u010denica<\/h3>\n\n\n\n<p>Partikule igraju klju\u010dnu ulogu u japanskoj gramatici tako \u0161to ozna\u010davaju funkciju rije\u010di unutar re\u010denice. Neke uobi\u010dajene \u010destice uklju\u010duju \u306f (wa), \u3092 (o), \u304c (ga), \u3067 (de) i \u306b (ni). Razumijevanjem na\u010dina na koji ove \u010destice funkcioniraju, otkrit \u0107ete da de\u0161ifriranje i konstruiranje japanskih re\u010denica postaje znatno lak\u0161e upravljati.<\/p>\n\n\n\n<h3 class=\"wp-block-heading\" id=\"h-3-verbs-an-introduction-to-conjugation\">Glagoli: Uvod u konjugaciju<\/h3>\n\n\n\n<p>Japanski glagoli imaju tri glavne grupe, identifikovane po zavr\u0161etku osnovnog oblika. Ove grupe se razmatraju kada se konjugiraju za napetost, u\u010dtivost i raspolo\u017eenje. Dobra vest je da se japanski glagoli ne menjaju na osnovu teme, \u0161to ih \u010dini manje slo\u017eenim od onih na nekim drugim jezicima.<\/p>\n\n\n\n<p>\u2013 Grupa 1: U-glagoli<\/p>\n\n\n\n<p>\u2013 Grupa 2: Ru-glagoli<\/p>\n\n\n\n<p>\u2013 Grupa 3: <a href=\"https:\/\/talkpal.ai\/sl\/grammar\/nepravilni-glagoli-v-angleski-slovnici\/\">Nepravilni glagoli<\/a> (samo dva glagola \u2013 \u3059\u308b (suru) i \u6765\u308b (kuru))<\/p>\n\n\n\n<h3 class=\"wp-block-heading\" id=\"h-4-politeness-levels\">4. nivoi u\u010dtivosti<\/h3>\n\n\n\n<p>Japanski je jezik bogat ljubazno\u0161\u0107u, a <a href=\"https:\/\/talkpal.ai\/sq\/gramatika\/\">gramatika<\/a> jezika to odra\u017eava. Postoje tri osnovna nivoa u\u010dtivosti: le\u017eerni, uljudni i po\u010dasni. Prepoznavanje i kori\u0161\u0107enje ovih sredstava na odgovaraju\u0107i na\u010din je od su\u0161tinskog zna\u010daja za prirodnu i respektabilnu komunikaciju.<\/p>\n\n\n\n<p>\u2013 Povremeni: prosti glagolski oblici (npr. \u98df\u3079\u308b \u2013 taberu \u2013 jesti)<\/p>\n\n\n\n<p>\u2013 U\u010dtivo: \u307e\u3059 (masu) konjugacija (npr. \u98df\u3079\u307e\u3059 \u2013 tabemasu \u2013 jesti (ljubazno))<\/p>\n\n\n\n<p>\u2013 Po\u010dasni: posebne konjugacije i prefiksi (npr. \u304a\u53ec\u3057\u4e0a\u304c\u308a\u306b\u306a\u308b \u2013 omeshiagari ni naru \u2013 jesti (po\u010dasno))<\/p>\n\n\n\n<h3 class=\"wp-block-heading\" id=\"h-5-japanese-adjectives\">Japanski pridjevi<\/h3>\n\n\n\n<p>Japanski pridjevi dolaze u dvije vrste: i-pridjevi i na-pridjevi. Oba tipa imaju jedinstvena pravila konjugacije i razli\u010dito komuniciraju sa imenicama. Ovladavanje upotrebom ove dve vrste prideva je od klju\u010dnog zna\u010daja za efikasnu komunikaciju na japanskom.<\/p>\n\n\n\n<h3 class=\"wp-block-heading\" id=\"h-6-engaging-with-the-language\">b) Povezivanje sa jezikom<\/h3>\n\n\n\n<p>Jedan od najefikasnijih na\u010dina za u\u010denje japanske gramatike je da se dosledno anga\u017eujete sa jezikom. Od gledanja japanskih filmova i animea do u\u010de\u0161\u0107a u razmeni razgovora sa izvornim govornicima, uranjanje u jezik \u0107e pomo\u0107i da se u\u010dvrste gramati\u010dki koncepti i pro\u0161iri va\u0161 re\u010dnik.<\/p>\n\n\n\n<h3 class=\"wp-block-heading\" id=\"h-conclusion\">Zaklju\u010dak<\/h3>\n\n\n\n<p>Iako se <a href=\"https:\/\/talkpal.ai\/japanese-grammar\/\">japanska gramatika<\/a> u po\u010detku mo\u017ee \u010diniti neodoljivom, uz posve\u0107enost i vrijeme, na\u0107i \u0107ete se kako se snalazite u njenoj slo\u017eenosti s lako\u0107om. Klju\u010d je ostati znati\u017eeljan i redovito vje\u017ebati. Sre\u0107no na putu ka savladavanju japanske gramatike i u\u017eivajte u jezi\u010dkoj avanturi!<\/p>\n<\/div><\/div>\n\r\n<section class=\"learnNavigationSection\">\r\n            \r\n        <a href=\"https:\/\/talkpal.ai\/bs\/nauci-japanski\/\">\r\n            <div class=\"learnNavigationWrapper\">\r\n                <div class=\"learnNavigationContent\">\r\n                    <img decoding=\"async\" src=\"https:\/\/talkpal.ai\/wp-content\/uploads\/2024\/08\/Japanese.jpg\" alt=\"Japanese Flag\">\r\n                    <div>\r\n                        <h4>O u\u010denju japanskog<\/h4>\r\n                        <p>Saznaj sve o japanskoj gramatici<\/p>\r\n                    <\/div>\r\n                <\/div>\r\n            <\/div>\r\n        <\/a>\r\n\r\n        \r\n        <a href=\"https:\/\/talkpal.ai\/bs\/japanske-gramaticke-vezbe\/\">\r\n            <div class=\"learnNavigationWrapper\">\r\n                <div class=\"learnNavigationContent\">\r\n                    <img decoding=\"async\" src=\"https:\/\/talkpal.ai\/wp-content\/uploads\/2024\/08\/Japanese.jpg\" alt=\"Japanese Flag\">\r\n                    <div>\r\n                        <h4>Vje\u017eba iz japanske gramatike<\/h4>\r\n                        <p>Japanska gramatika.<\/p>\r\n                    <\/div>\r\n                <\/div>\r\n            <\/div>\r\n        <\/a>\r\n\r\n        \r\n        <a href=\"https:\/\/talkpal.ai\/vocabulary_language\/japanese\/\">\r\n            <div class=\"learnNavigationWrapper\">\r\n                <div class=\"learnNavigationContent\">\r\n                    <img decoding=\"async\" src=\"https:\/\/talkpal.ai\/wp-content\/uploads\/2024\/08\/Japanese.jpg\" alt=\"Japanese Flag\">\r\n                    <div>\r\n                        <h4>Japanski vokabular<\/h4>\r\n                        <p>Pro\u0161irite svoj japanski vokabular.<\/p>\r\n                    <\/div>\r\n                <\/div>\r\n            <\/div>\r\n        <\/a>\r\n\r\n            <\/section>","protected":false},"excerpt":{"rendered":"<p>Ovladavanje zamr\u0161eno\u0161\u0107u japanske gramatike Lingvisti\u010dki entuzijasti \u010desto smatraju da je japanski fascinantan i izazovan jezik za u\u010denje, uglavnom zbog jedinstvenog gramati\u010dkog sistema. Uprkos tome, razumevanje japanske gramatike mo\u017ee zna\u010dajno pobolj\u0161ati va\u0161e komunikacijske ve\u0161tine i kulturno razumevanje. U ovom \u010dlanku \u0107emo diskutovati o nekoliko bitnih aspekata japanske gramatike koji \u0107e vam pomo\u0107i na putu u\u010denja jezika. [&hellip;]<\/p>\n","protected":false},"author":1,"featured_media":107255,"parent":0,"menu_order":0,"comment_status":"closed","ping_status":"closed","template":"LearningContentPage.php","meta":{"_acf_changed":false,"footnotes":""},"class_list":["post-129737","page","type-page","status-publish","has-post-thumbnail","hentry"],"acf":[],"yoast_head":"<!-- This site is optimized with the Yoast SEO Premium plugin v27.2 (Yoast SEO v27.2) - https:\/\/yoast.com\/product\/yoast-seo-premium-wordpress\/ -->\n<title>Japanska gramatika - Talkpal<\/title>\n<meta name=\"description\" content=\"Savladajte japansku gramatiku pomo\u0107u na\u0161e aplikacije za u\u010denje jezika s umjetnom inteligencijom. Lako pobolj\u0161ajte svoje jezi\u010dke vje\u0161tine uz podr\u0161ku umjetne inteligencije na Talkpal -u.\" \/>\n<meta name=\"robots\" content=\"index, follow, max-snippet:-1, max-image-preview:large, max-video-preview:-1\" \/>\n<link rel=\"canonical\" href=\"https:\/\/talkpal.ai\/bs\/japanska-gramatika\/\" \/>\n<meta property=\"og:locale\" content=\"bs_BA\" \/>\n<meta property=\"og:type\" content=\"article\" \/>\n<meta property=\"og:title\" content=\"Japanska gramatika\" \/>\n<meta property=\"og:description\" content=\"Ovladavanje zamr\u0161eno\u0161\u0107u japanske gramatike Lingvisti\u010dki entuzijasti \u010desto smatraju da je japanski fascinantan i izazovan jezik za u\u010denje, uglavnom zbog\" \/>\n<meta property=\"og:url\" content=\"https:\/\/talkpal.ai\/bs\/japanska-gramatika\/\" \/>\n<meta property=\"og:site_name\" content=\"Talkpal\" \/>\n<meta property=\"article:publisher\" content=\"https:\/\/www.facebook.com\/profile.php?id=100090733639311\" \/>\n<meta property=\"article:modified_time\" content=\"2025-12-11T16:44:59+00:00\" \/>\n<meta property=\"og:image\" content=\"https:\/\/talkpal.ai\/wp-content\/uploads\/2023\/04\/japan.png\" \/>\n\t<meta property=\"og:image:width\" content=\"512\" \/>\n\t<meta property=\"og:image:height\" content=\"512\" \/>\n\t<meta property=\"og:image:type\" content=\"image\/png\" \/>\n<meta name=\"twitter:card\" content=\"summary_large_image\" \/>\n<meta name=\"twitter:site\" content=\"@talkpalai\" \/>\n<meta name=\"twitter:label1\" content=\"Est. reading time\" \/>\n\t<meta name=\"twitter:data1\" content=\"2 minute\" \/>\n<script type=\"application\/ld+json\" class=\"yoast-schema-graph\">{\"@context\":\"https:\/\/schema.org\",\"@graph\":[{\"@type\":\"WebPage\",\"@id\":\"https:\/\/talkpal.ai\/bs\/japanska-gramatika\/\",\"url\":\"https:\/\/talkpal.ai\/bs\/japanska-gramatika\/\",\"name\":\"Japanska gramatika - Talkpal\",\"isPartOf\":{\"@id\":\"https:\/\/talkpal.ai\/bs\/#website\"},\"primaryImageOfPage\":{\"@id\":\"https:\/\/talkpal.ai\/bs\/japanska-gramatika\/#primaryimage\"},\"image\":{\"@id\":\"https:\/\/talkpal.ai\/bs\/japanska-gramatika\/#primaryimage\"},\"thumbnailUrl\":\"https:\/\/talkpal.ai\/wp-content\/uploads\/2023\/04\/japan.png\",\"datePublished\":\"2023-05-14T13:51:09+00:00\",\"dateModified\":\"2025-12-11T16:44:59+00:00\",\"description\":\"Savladajte japansku gramatiku pomo\u0107u na\u0161e aplikacije za u\u010denje jezika s umjetnom inteligencijom. Lako pobolj\u0161ajte svoje jezi\u010dke vje\u0161tine uz podr\u0161ku umjetne inteligencije na Talkpal -u.\",\"breadcrumb\":{\"@id\":\"https:\/\/talkpal.ai\/bs\/japanska-gramatika\/#breadcrumb\"},\"inLanguage\":\"bs-BA\",\"potentialAction\":[{\"@type\":\"ReadAction\",\"target\":[\"https:\/\/talkpal.ai\/bs\/japanska-gramatika\/\"]}]},{\"@type\":\"ImageObject\",\"inLanguage\":\"bs-BA\",\"@id\":\"https:\/\/talkpal.ai\/bs\/japanska-gramatika\/#primaryimage\",\"url\":\"https:\/\/talkpal.ai\/wp-content\/uploads\/2023\/04\/japan.png\",\"contentUrl\":\"https:\/\/talkpal.ai\/wp-content\/uploads\/2023\/04\/japan.png\",\"width\":512,\"height\":512},{\"@type\":\"BreadcrumbList\",\"@id\":\"https:\/\/talkpal.ai\/bs\/japanska-gramatika\/#breadcrumb\",\"itemListElement\":[{\"@type\":\"ListItem\",\"position\":1,\"name\":\"Homepage\",\"item\":\"https:\/\/talkpal.ai\/bs\/\"},{\"@type\":\"ListItem\",\"position\":2,\"name\":\"Japanska gramatika\"}]},{\"@type\":\"WebSite\",\"@id\":\"https:\/\/talkpal.ai\/bs\/#website\",\"url\":\"https:\/\/talkpal.ai\/bs\/\",\"name\":\"Talkpal\",\"description\":\"AI Language Learning\",\"publisher\":{\"@id\":\"https:\/\/talkpal.ai\/bs\/#organization\"},\"alternateName\":\"Talkpal AI\",\"potentialAction\":[{\"@type\":\"SearchAction\",\"target\":{\"@type\":\"EntryPoint\",\"urlTemplate\":\"https:\/\/talkpal.ai\/bs\/?s={search_term_string}\"},\"query-input\":{\"@type\":\"PropertyValueSpecification\",\"valueRequired\":true,\"valueName\":\"search_term_string\"}}],\"inLanguage\":\"bs-BA\"},{\"@type\":\"Organization\",\"@id\":\"https:\/\/talkpal.ai\/bs\/#organization\",\"name\":\"Talkpal, Inc.\",\"alternateName\":\"Talkpal AI\",\"url\":\"https:\/\/talkpal.ai\/bs\/\",\"logo\":{\"@type\":\"ImageObject\",\"inLanguage\":\"bs-BA\",\"@id\":\"https:\/\/talkpal.ai\/bs\/#\/schema\/logo\/image\/\",\"url\":\"https:\/\/talkpal.ai\/wp-content\/uploads\/2024\/03\/Talkpal-Logo-Icon.png\",\"contentUrl\":\"https:\/\/talkpal.ai\/wp-content\/uploads\/2024\/03\/Talkpal-Logo-Icon.png\",\"width\":2880,\"height\":2880,\"caption\":\"Talkpal, Inc.\"},\"image\":{\"@id\":\"https:\/\/talkpal.ai\/bs\/#\/schema\/logo\/image\/\"},\"sameAs\":[\"https:\/\/www.facebook.com\/profile.php?id=100090733639311\",\"https:\/\/x.com\/talkpalai\",\"https:\/\/www.linkedin.com\/company\/talkpal\/\",\"https:\/\/www.youtube.com\/@TalkPal\/\",\"https:\/\/www.tiktok.com\/@talkpal\",\"https:\/\/www.instagram.com\/talkpal_ai\/\",\"https:\/\/www.crunchbase.com\/organization\/talkpal-9cde\",\"https:\/\/www.g2.com\/products\/talkpal-for-business\/\",\"https:\/\/www.trustpilot.com\/review\/talkpal.ai\",\"https:\/\/www.capterra.com\/p\/10006800\/TalkPal\/\"],\"description\":\"Talkpal is a language learning web and mobile education app, powered by the latest AI technologies, that provides engaging experiences to its customers in many different languages to help them improve their language skills. Users can chat about unlimited amount of topics with the app and use other modes to practice their language learning.\",\"email\":\"support@talkpal.ai\",\"legalName\":\"Talkpal, Inc.\",\"foundingDate\":\"2023-04-03\",\"duns\":\"118989042\",\"numberOfEmployees\":{\"@type\":\"QuantitativeValue\",\"minValue\":\"11\",\"maxValue\":\"50\"},\"publishingPrinciples\":\"https:\/\/talkpal.ai\/publishing-principles\/\",\"actionableFeedbackPolicy\":\"https:\/\/talkpal.ai\/actionable-feedback-policy\/\",\"correctionsPolicy\":\"https:\/\/talkpal.ai\/corrections-policy\/\",\"ethicsPolicy\":\"https:\/\/talkpal.ai\/ethics-policy\/\",\"diversityPolicy\":\"https:\/\/talkpal.ai\/diversity-policy\/\",\"diversityStaffingReport\":\"https:\/\/talkpal.ai\/diversity-policy\/\"}]}<\/script>\n<!-- \/ Yoast SEO Premium plugin. -->","yoast_head_json":{"title":"Japanska gramatika - Talkpal","description":"Savladajte japansku gramatiku pomo\u0107u na\u0161e aplikacije za u\u010denje jezika s umjetnom inteligencijom. Lako pobolj\u0161ajte svoje jezi\u010dke vje\u0161tine uz podr\u0161ku umjetne inteligencije na Talkpal -u.","robots":{"index":"index","follow":"follow","max-snippet":"max-snippet:-1","max-image-preview":"max-image-preview:large","max-video-preview":"max-video-preview:-1"},"canonical":"https:\/\/talkpal.ai\/bs\/japanska-gramatika\/","og_locale":"bs_BA","og_type":"article","og_title":"Japanska gramatika","og_description":"Ovladavanje zamr\u0161eno\u0161\u0107u japanske gramatike Lingvisti\u010dki entuzijasti \u010desto smatraju da je japanski fascinantan i izazovan jezik za u\u010denje, uglavnom zbog","og_url":"https:\/\/talkpal.ai\/bs\/japanska-gramatika\/","og_site_name":"Talkpal","article_publisher":"https:\/\/www.facebook.com\/profile.php?id=100090733639311","article_modified_time":"2025-12-11T16:44:59+00:00","og_image":[{"width":512,"height":512,"url":"https:\/\/talkpal.ai\/wp-content\/uploads\/2023\/04\/japan.png","type":"image\/png"}],"twitter_card":"summary_large_image","twitter_site":"@talkpalai","twitter_misc":{"Est. reading time":"2 minute"},"schema":{"@context":"https:\/\/schema.org","@graph":[{"@type":"WebPage","@id":"https:\/\/talkpal.ai\/bs\/japanska-gramatika\/","url":"https:\/\/talkpal.ai\/bs\/japanska-gramatika\/","name":"Japanska gramatika - Talkpal","isPartOf":{"@id":"https:\/\/talkpal.ai\/bs\/#website"},"primaryImageOfPage":{"@id":"https:\/\/talkpal.ai\/bs\/japanska-gramatika\/#primaryimage"},"image":{"@id":"https:\/\/talkpal.ai\/bs\/japanska-gramatika\/#primaryimage"},"thumbnailUrl":"https:\/\/talkpal.ai\/wp-content\/uploads\/2023\/04\/japan.png","datePublished":"2023-05-14T13:51:09+00:00","dateModified":"2025-12-11T16:44:59+00:00","description":"Savladajte japansku gramatiku pomo\u0107u na\u0161e aplikacije za u\u010denje jezika s umjetnom inteligencijom. Lako pobolj\u0161ajte svoje jezi\u010dke vje\u0161tine uz podr\u0161ku umjetne inteligencije na Talkpal -u.","breadcrumb":{"@id":"https:\/\/talkpal.ai\/bs\/japanska-gramatika\/#breadcrumb"},"inLanguage":"bs-BA","potentialAction":[{"@type":"ReadAction","target":["https:\/\/talkpal.ai\/bs\/japanska-gramatika\/"]}]},{"@type":"ImageObject","inLanguage":"bs-BA","@id":"https:\/\/talkpal.ai\/bs\/japanska-gramatika\/#primaryimage","url":"https:\/\/talkpal.ai\/wp-content\/uploads\/2023\/04\/japan.png","contentUrl":"https:\/\/talkpal.ai\/wp-content\/uploads\/2023\/04\/japan.png","width":512,"height":512},{"@type":"BreadcrumbList","@id":"https:\/\/talkpal.ai\/bs\/japanska-gramatika\/#breadcrumb","itemListElement":[{"@type":"ListItem","position":1,"name":"Homepage","item":"https:\/\/talkpal.ai\/bs\/"},{"@type":"ListItem","position":2,"name":"Japanska gramatika"}]},{"@type":"WebSite","@id":"https:\/\/talkpal.ai\/bs\/#website","url":"https:\/\/talkpal.ai\/bs\/","name":"Talkpal","description":"AI Language Learning","publisher":{"@id":"https:\/\/talkpal.ai\/bs\/#organization"},"alternateName":"Talkpal AI","potentialAction":[{"@type":"SearchAction","target":{"@type":"EntryPoint","urlTemplate":"https:\/\/talkpal.ai\/bs\/?s={search_term_string}"},"query-input":{"@type":"PropertyValueSpecification","valueRequired":true,"valueName":"search_term_string"}}],"inLanguage":"bs-BA"},{"@type":"Organization","@id":"https:\/\/talkpal.ai\/bs\/#organization","name":"Talkpal, Inc.","alternateName":"Talkpal AI","url":"https:\/\/talkpal.ai\/bs\/","logo":{"@type":"ImageObject","inLanguage":"bs-BA","@id":"https:\/\/talkpal.ai\/bs\/#\/schema\/logo\/image\/","url":"https:\/\/talkpal.ai\/wp-content\/uploads\/2024\/03\/Talkpal-Logo-Icon.png","contentUrl":"https:\/\/talkpal.ai\/wp-content\/uploads\/2024\/03\/Talkpal-Logo-Icon.png","width":2880,"height":2880,"caption":"Talkpal, Inc."},"image":{"@id":"https:\/\/talkpal.ai\/bs\/#\/schema\/logo\/image\/"},"sameAs":["https:\/\/www.facebook.com\/profile.php?id=100090733639311","https:\/\/x.com\/talkpalai","https:\/\/www.linkedin.com\/company\/talkpal\/","https:\/\/www.youtube.com\/@TalkPal\/","https:\/\/www.tiktok.com\/@talkpal","https:\/\/www.instagram.com\/talkpal_ai\/","https:\/\/www.crunchbase.com\/organization\/talkpal-9cde","https:\/\/www.g2.com\/products\/talkpal-for-business\/","https:\/\/www.trustpilot.com\/review\/talkpal.ai","https:\/\/www.capterra.com\/p\/10006800\/TalkPal\/"],"description":"Talkpal is a language learning web and mobile education app, powered by the latest AI technologies, that provides engaging experiences to its customers in many different languages to help them improve their language skills. Users can chat about unlimited amount of topics with the app and use other modes to practice their language learning.","email":"support@talkpal.ai","legalName":"Talkpal, Inc.","foundingDate":"2023-04-03","duns":"118989042","numberOfEmployees":{"@type":"QuantitativeValue","minValue":"11","maxValue":"50"},"publishingPrinciples":"https:\/\/talkpal.ai\/publishing-principles\/","actionableFeedbackPolicy":"https:\/\/talkpal.ai\/actionable-feedback-policy\/","correctionsPolicy":"https:\/\/talkpal.ai\/corrections-policy\/","ethicsPolicy":"https:\/\/talkpal.ai\/ethics-policy\/","diversityPolicy":"https:\/\/talkpal.ai\/diversity-policy\/","diversityStaffingReport":"https:\/\/talkpal.ai\/diversity-policy\/"}]}},"_links":{"self":[{"href":"https:\/\/talkpal.ai\/bs\/wp-json\/wp\/v2\/pages\/129737","targetHints":{"allow":["GET"]}}],"collection":[{"href":"https:\/\/talkpal.ai\/bs\/wp-json\/wp\/v2\/pages"}],"about":[{"href":"https:\/\/talkpal.ai\/bs\/wp-json\/wp\/v2\/types\/page"}],"author":[{"embeddable":true,"href":"https:\/\/talkpal.ai\/bs\/wp-json\/wp\/v2\/users\/1"}],"replies":[{"embeddable":true,"href":"https:\/\/talkpal.ai\/bs\/wp-json\/wp\/v2\/comments?post=129737"}],"version-history":[{"count":0,"href":"https:\/\/talkpal.ai\/bs\/wp-json\/wp\/v2\/pages\/129737\/revisions"}],"wp:featuredmedia":[{"embeddable":true,"href":"https:\/\/talkpal.ai\/bs\/wp-json\/wp\/v2\/media\/107255"}],"wp:attachment":[{"href":"https:\/\/talkpal.ai\/bs\/wp-json\/wp\/v2\/media?parent=129737"}],"curies":[{"name":"wp","href":"https:\/\/api.w.org\/{rel}","templated":true}]}}