{"id":129488,"date":"2023-05-14T13:50:44","date_gmt":"2023-05-14T13:50:44","guid":{"rendered":"http:\/\/talkpal.ai\/hindi-gramatika\/"},"modified":"2025-12-13T15:01:09","modified_gmt":"2025-12-13T15:01:09","slug":"hindi-gramatika","status":"publish","type":"page","link":"https:\/\/talkpal.ai\/bs\/hindi-gramatika\/","title":{"rendered":"Hindi gramatika"},"content":{"rendered":"\r\n\r\n\r\n<section class=\"languageChallengeSection\">\r\n    <div class=\"languageInfoWrapper\">\r\n        \r\n        <h1>Hindi gramatika<\/h1>\r\n        <p>Spremni za u\u010denje hindskog jezika? Zaronite u gramatiku hindskog jezika, gdje imenice odre\u0111ene rodom, re\u010deni\u010dna struktura subjekt-objekt-glagol i ekspresivne konjugacije glagola o\u017eivljavaju jezik. Zapo\u010dnite svoje putovanje kroz hindski jezik ve\u0107 danas \u2013 savladavanje gramatike hindskog jezika omogu\u0107it \u0107e vam da samouvjereno komunicirate i pove\u017eete se sa \u017eivopisnom kulturom i tradicijama Indije!<\/p>\r\n\r\n                            <a class=\"getStartedHidden\" href=\"https:\/\/app.talkpal.ai\/signup?lng=\">Kreni<\/a>\r\n        \r\n    <\/div>\r\n\r\n    <figure>\r\n    <img decoding=\"async\" width=\"768\" height=\"768\" src=\"https:\/\/talkpal.ai\/wp-content\/uploads\/2023\/06\/hindi-768x768.png\" class=\"languageImage no-lazy\" alt=\"Language learning for mental agility\" fetchpriority=\"high\" sizes=\"(max-width: 768px) 150px, 768px\" srcset=\"https:\/\/talkpal.ai\/wp-content\/uploads\/2023\/06\/hindi-768x768.png 768w, https:\/\/talkpal.ai\/wp-content\/uploads\/2023\/06\/hindi-300x300.png 300w\" \/>\r\n    \r\n\r\n    <\/figure>\r\n\r\n            <a class=\"getStartedVisible\" href=\"https:\/\/app.talkpal.ai\/signup?lng=\">Kreni<\/a>\r\n    \r\n<\/section>\r\n<section class=\"promotionalBanner\">\r\n    <p class=\"promotionalText\">Najefikasniji na\u010din za u\u010denje jezika<\/p>\r\n    <a class=\"promotionalLink\" href=\"https:\/\/app.talkpal.ai\/signup?lng=\">Isprobajte Talkpal besplatno<\/a>\r\n<\/section>\n<div class=\"wp-block-group pageContainerStyle\"><div class=\"wp-block-group__inner-container is-layout-constrained wp-block-group-is-layout-constrained\">\n<h2 class=\"wp-block-heading\" id=\"h-mastering-hindi-grammar-your-ultimate-guide\">Hindi gramatika: Va\u0161 ultimativni vodi\u010d<\/h2>\n\n\n\n<p>Namaste, jezi\u010dki entuzijasti! <a href=\"https:\/\/talkpal.ai\/culture\/what-is-the-difference-between-da-li-and-je-li-in-forming-questions\/\">Da li<\/a> ste spremni da istra\u017eite svet <a href=\"https:\/\/talkpal.ai\/learn-hindi\/\">hindi<\/a> gramatike? Do\u0161li ste na pravo mjesto. Ispunjen lako razumljivim informacijama i konverzacijskim tonom, ovaj \u010dlanak \u0107e vas voditi kroz fascinantno carstvo hindi gramatike. Uskoro \u0107ete mo\u0107i da konstrui\u0161ete re\u010denice i da vodite smislene razgovore sa izvornim govornicima. Dakle, zaronimo odmah!<\/p>\n\n\n\n<p><strong>Ali prvo, za\u0161to hindi gramatika?<\/strong><\/p>\n\n\n\n<p>Ako u\u010dite hindi, \u010dvrsta osnova u gramatici je klju\u010dna za te\u010dno govor, \u010ditanje i pisanje. Iako <a href=\"https:\/\/talkpal.ai\/hindi-grammar\/\">hindi gramatika<\/a> u po\u010detku mo\u017ee izgledati slo\u017eeno, ona postaje pristupa\u010dnija kada se podeli na manje, upravljive segmente. Ovaj \u010dlanak \u0107e biti savr\u0161eno mjesto za po\u010detak va\u0161eg putovanja ka savladavanju hindi gramatike!<\/p>\n\n\n\n<h3 class=\"wp-block-heading\" id=\"h-1-nouns-gender-and-cases\">1. imenice, spol i slu\u010dajevi<\/h3>\n\n\n\n<p>Hindi imenice dolaze u dva spola: mu\u0161kom i \u017eenskom. Va\u017eno je odrediti rod imenica jer to uti\u010de na druge vrste rije\u010di, kao \u0161to su pridjevi i glagoli.  <\/p>\n\n\n\n<p>Jednostavno pravilo: ako imenica zavr\u0161ava na \u201d-aa\u201d (\u201d\u0906\u201d), ona je uglavnom mu\u0161kog roda, dok je imenica <a href=\"https:\/\/talkpal.ai\/locations\/language-courses-in-koja\/\">koja<\/a> zavr\u0161ava na \u201d-ii\u201d (\u201d\u0908\u201d) obi\u010dno \u017eenskog roda. Ali zapamtite &#8211; kao i uvijek, postoje izuzeci!  <\/p>\n\n\n\n<p>Hindi imenice imaju razli\u010dite oblike u zavisnosti od njihove uloge u re\u010denici (subjekt, objekat, posesivnost itd.). Ovi slu\u010dajevi se nazivaju slu\u010dajevi. Primarni pade\u017ei na hindiju su direktni (\u201d\u0906\u092e \u0915\u094d\u0930\u092e\u201d), kosi (\u201d\u0909\u092a \u0935\u093f\u0932\u094b\u092e\u201d) i vokativ (\u201d\u0938\u0902\u092c\u094b\u0927\u0928\u201d).<\/p>\n\n\n\n<h3 class=\"wp-block-heading\" id=\"h-2-pronouns-and-agreement\">2. zamjenice i sporazumi<\/h3>\n\n\n\n<p>Hindi zamjenice (ja, ti, on, ona, itd.) mijenjaju se prema spolu i hijerarhiji. Na primjer: \u092e\u0948\u0902 (glavni \u2013 ja), \u0924\u0941\u092e (tum \u2013 ti, neformalno), \u0906\u092a (aap \u2013 ti, formalno), \u0935\u0939 (vah \u2013 on\/ona), \u0939\u092e (hum \u2013 mi) i \u0935\u0947 (ve \u2013 oni).  <\/p>\n\n\n\n<p>Bitno je biti svjestan hijerarhije kada koristite zamjenice. Na primjer, dok bi \u201d\u0924\u0941\u092e\u201d moglo biti prikladno me\u0111u prijateljima, kori\u0161tenje \u201d\u0906\u092a\u201d pokazuje po\u0161tovanje kada se obra\u0107ate starijima ili strancima.<\/p>\n\n\n\n<h3 class=\"wp-block-heading\" id=\"h-3-verbs-tense-and-conjugation\">3. Glagoli, vrijeme i konjugacija<\/h3>\n\n\n\n<p>Glagoli \u010dine okosnicu hindi gramatike, a njihovo razumevanje je od vitalnog zna\u010daja za izgradnju re\u010denica. Hindski glagoli se \u0161iroko kategoriziraju kao tranzitivni (\u201d\u0938\u0915\u0930\u094d\u092e\u0915\u201d) i neprelazni (\u201d\u0905\u0915\u0930\u094d\u092e\u0915\u201d), s razli\u010ditim pravilima konjugacije za svaki od njih.  <\/p>\n\n\n\n<p>Da bismo vam dali brzi pregled, razgovarajmo o konjugaciji regularnih glagola u sada\u0161njem vremenu:<\/p>\n\n\n\n<p>\u2013 \u092e\u0948\u0902 \u092a\u0922\u093c\u0924\u093e \u0939\u0942\u0901 (glavni padhta hoon \u2013 \u010ditam, mu\u0161ki rod)<\/p>\n\n\n\n<p>\u2013 \u092e\u0948\u0902 \u092a\u0922\u093c\u0924\u0940 \u0939\u0942\u0901 (glavni padhti hoon \u2013 \u010ditam, \u017eenski rod)<\/p>\n\n\n\n<p>\u2013 \u0924\u0941\u092e \u092a\u0922\u093c\u0924\u0947 \u0939\u094b (tum pahte ho \u2013 \u010dita\u0161, neformalno, mu\u0161ko)<\/p>\n\n\n\n<p>\u2013 \u0924\u0941\u092e \u092a\u0922\u093c\u0924\u0940 \u0939\u094b (tum padhti ho \u2013 \u010dita\u0161, neformalno, \u017eensko)<\/p>\n\n\n\n<p>Zapamtite, ovo je samo po\u010detak! Postoji mnogo napetosti i nepravilnih glagola za savladati, ali svaki <a href=\"https:\/\/talkpal.ai\/locations\/language-courses-in-novi\/\">novi<\/a> korak vas pribli\u017eava fluentnosti.<\/p>\n\n\n\n<h3 class=\"wp-block-heading\" id=\"h-4-adjectives-adverbs-and-more\">Pridjevi, prilozi i jo\u0161 mnogo toga!<\/h3>\n\n\n\n<p><a href=\"https:\/\/talkpal.ai\/hindi-grammar\/\">Hindi gramatika<\/a> uklju\u010duje i druge komponente kao \u0161to su pridjevi (koji se moraju slo\u017eiti s imenicama u spolu i broju), prilozi, prijedlozi i idiomatski izrazi. Svaki element je klju\u010dan za te\u010dno znanje hindi, pa ih savladajte korak po korak.<\/p>\n\n\n\n<p>U zaklju\u010dku, ne postoji pre\u010dica za savladavanje gramatike hindskog jezika. Zahtijeva upornost, vje\u017ebu i strpljenje. Me\u0111utim, kada to shvatite, mo\u0107i \u0107ete cijeniti nijanse razgovora na hindskom jeziku, otkrivati \u200b\u200bbogatu kulturu i historiju i produbljivati \u200b\u200bsvoju ljubav prema jeziku. \u0936\u0941\u092d\u0915\u093e\u092e\u0928\u093e\u090f\u0901 (shubhkaamnaayein \u2013 najbolje \u017eelje)!<\/p>\n<\/div><\/div>\n\r\n<section class=\"learnNavigationSection\">\r\n            \r\n        <a href=\"https:\/\/talkpal.ai\/bs\/nauci-hindi\/\">\r\n            <div class=\"learnNavigationWrapper\">\r\n                <div class=\"learnNavigationContent\">\r\n                    <img decoding=\"async\" src=\"https:\/\/talkpal.ai\/wp-content\/uploads\/2024\/08\/Hindi.jpg\" alt=\"Indian Flag\">\r\n                    <div>\r\n                        <h4>O u\u010denju hindi<\/h4>\r\n                        <p>Saznaj sve o hindi gramatici.<\/p>\r\n                    <\/div>\r\n                <\/div>\r\n            <\/div>\r\n        <\/a>\r\n\r\n        \r\n        <a href=\"https:\/\/talkpal.ai\/bs\/hindi-gramaticke-vezbe\/\">\r\n            <div class=\"learnNavigationWrapper\">\r\n                <div class=\"learnNavigationContent\">\r\n                    <img decoding=\"async\" src=\"https:\/\/talkpal.ai\/wp-content\/uploads\/2024\/08\/Hindi.jpg\" alt=\"Indian Flag\">\r\n                    <div>\r\n                        <h4>Vje\u017eba iz gramatike hindskog jezika<\/h4>\r\n                        <p>Praktikuj hindi gramatiku.<\/p>\r\n                    <\/div>\r\n                <\/div>\r\n            <\/div>\r\n        <\/a>\r\n\r\n        \r\n        <a href=\"https:\/\/talkpal.ai\/vocabulary_language\/hindi\/\">\r\n            <div class=\"learnNavigationWrapper\">\r\n                <div class=\"learnNavigationContent\">\r\n                    <img decoding=\"async\" src=\"https:\/\/talkpal.ai\/wp-content\/uploads\/2024\/08\/Hindi.jpg\" alt=\"Indian Flag\">\r\n                    <div>\r\n                        <h4>Hindi vokabular<\/h4>\r\n                        <p>Pro\u0161irite svoj hindski vokabular.<\/p>\r\n                    <\/div>\r\n                <\/div>\r\n            <\/div>\r\n        <\/a>\r\n\r\n            <\/section>","protected":false},"excerpt":{"rendered":"<p>Hindi gramatika: Va\u0161 ultimativni vodi\u010d Namaste, jezi\u010dki entuzijasti! Da li ste spremni da istra\u017eite svet hindi gramatike? Do\u0161li ste na pravo mjesto. Ispunjen lako razumljivim informacijama i konverzacijskim tonom, ovaj \u010dlanak \u0107e vas voditi kroz fascinantno carstvo hindi gramatike. Uskoro \u0107ete mo\u0107i da konstrui\u0161ete re\u010denice i da vodite smislene razgovore sa izvornim govornicima. Dakle, zaronimo [&hellip;]<\/p>\n","protected":false},"author":1,"featured_media":188195,"parent":0,"menu_order":0,"comment_status":"closed","ping_status":"closed","template":"LearningContentPage.php","meta":{"_acf_changed":false,"footnotes":""},"class_list":["post-129488","page","type-page","status-publish","has-post-thumbnail","hentry"],"acf":[],"yoast_head":"<!-- This site is optimized with the Yoast SEO Premium plugin v27.2 (Yoast SEO v27.2) - https:\/\/yoast.com\/product\/yoast-seo-premium-wordpress\/ -->\n<title>Hindi gramatika - Talkpal<\/title>\n<meta name=\"description\" content=\"Savladajte gramatiku hindskog jezika s pouzdanjem - nau\u010dite jasna pravila, formirajte ispravne re\u010denice i govorite bolje uz jednostavno vodstvo Talkpal AI-a.\" \/>\n<meta name=\"robots\" content=\"index, follow, max-snippet:-1, max-image-preview:large, max-video-preview:-1\" \/>\n<link rel=\"canonical\" href=\"https:\/\/talkpal.ai\/bs\/hindi-gramatika\/\" \/>\n<meta property=\"og:locale\" content=\"bs_BA\" \/>\n<meta property=\"og:type\" content=\"article\" \/>\n<meta property=\"og:title\" content=\"Hindi gramatika\" \/>\n<meta property=\"og:description\" content=\"Hindi gramatika: Va\u0161 ultimativni vodi\u010d Namaste, jezi\u010dki entuzijasti! Da li ste spremni da istra\u017eite svet hindi gramatike? Do\u0161li ste na pravo mjesto.\" \/>\n<meta property=\"og:url\" content=\"https:\/\/talkpal.ai\/bs\/hindi-gramatika\/\" \/>\n<meta property=\"og:site_name\" content=\"Talkpal\" \/>\n<meta property=\"article:publisher\" content=\"https:\/\/www.facebook.com\/profile.php?id=100090733639311\" \/>\n<meta property=\"article:modified_time\" content=\"2025-12-13T15:01:09+00:00\" \/>\n<meta property=\"og:image\" content=\"https:\/\/talkpal.ai\/wp-content\/uploads\/2024\/02\/india.png\" \/>\n\t<meta property=\"og:image:width\" content=\"517\" \/>\n\t<meta property=\"og:image:height\" content=\"517\" \/>\n\t<meta property=\"og:image:type\" content=\"image\/png\" \/>\n<meta name=\"twitter:card\" content=\"summary_large_image\" \/>\n<meta name=\"twitter:site\" content=\"@talkpalai\" \/>\n<meta name=\"twitter:label1\" content=\"Est. reading time\" \/>\n\t<meta name=\"twitter:data1\" content=\"2 minute\" \/>\n<script type=\"application\/ld+json\" class=\"yoast-schema-graph\">{\"@context\":\"https:\/\/schema.org\",\"@graph\":[{\"@type\":\"WebPage\",\"@id\":\"https:\/\/talkpal.ai\/bs\/hindi-gramatika\/\",\"url\":\"https:\/\/talkpal.ai\/bs\/hindi-gramatika\/\",\"name\":\"Hindi gramatika - Talkpal\",\"isPartOf\":{\"@id\":\"https:\/\/talkpal.ai\/bs\/#website\"},\"primaryImageOfPage\":{\"@id\":\"https:\/\/talkpal.ai\/bs\/hindi-gramatika\/#primaryimage\"},\"image\":{\"@id\":\"https:\/\/talkpal.ai\/bs\/hindi-gramatika\/#primaryimage\"},\"thumbnailUrl\":\"https:\/\/talkpal.ai\/wp-content\/uploads\/2024\/02\/india.png\",\"datePublished\":\"2023-05-14T13:50:44+00:00\",\"dateModified\":\"2025-12-13T15:01:09+00:00\",\"description\":\"Savladajte gramatiku hindskog jezika s pouzdanjem - nau\u010dite jasna pravila, formirajte ispravne re\u010denice i govorite bolje uz jednostavno vodstvo Talkpal AI-a.\",\"breadcrumb\":{\"@id\":\"https:\/\/talkpal.ai\/bs\/hindi-gramatika\/#breadcrumb\"},\"inLanguage\":\"bs-BA\",\"potentialAction\":[{\"@type\":\"ReadAction\",\"target\":[\"https:\/\/talkpal.ai\/bs\/hindi-gramatika\/\"]}]},{\"@type\":\"ImageObject\",\"inLanguage\":\"bs-BA\",\"@id\":\"https:\/\/talkpal.ai\/bs\/hindi-gramatika\/#primaryimage\",\"url\":\"https:\/\/talkpal.ai\/wp-content\/uploads\/2024\/02\/india.png\",\"contentUrl\":\"https:\/\/talkpal.ai\/wp-content\/uploads\/2024\/02\/india.png\",\"width\":517,\"height\":517,\"caption\":\"TalkPal Indian Flag\"},{\"@type\":\"BreadcrumbList\",\"@id\":\"https:\/\/talkpal.ai\/bs\/hindi-gramatika\/#breadcrumb\",\"itemListElement\":[{\"@type\":\"ListItem\",\"position\":1,\"name\":\"Homepage\",\"item\":\"https:\/\/talkpal.ai\/bs\/\"},{\"@type\":\"ListItem\",\"position\":2,\"name\":\"Hindi gramatika\"}]},{\"@type\":\"WebSite\",\"@id\":\"https:\/\/talkpal.ai\/bs\/#website\",\"url\":\"https:\/\/talkpal.ai\/bs\/\",\"name\":\"Talkpal\",\"description\":\"AI Language Learning\",\"publisher\":{\"@id\":\"https:\/\/talkpal.ai\/bs\/#organization\"},\"alternateName\":\"Talkpal AI\",\"potentialAction\":[{\"@type\":\"SearchAction\",\"target\":{\"@type\":\"EntryPoint\",\"urlTemplate\":\"https:\/\/talkpal.ai\/bs\/?s={search_term_string}\"},\"query-input\":{\"@type\":\"PropertyValueSpecification\",\"valueRequired\":true,\"valueName\":\"search_term_string\"}}],\"inLanguage\":\"bs-BA\"},{\"@type\":\"Organization\",\"@id\":\"https:\/\/talkpal.ai\/bs\/#organization\",\"name\":\"Talkpal, Inc.\",\"alternateName\":\"Talkpal AI\",\"url\":\"https:\/\/talkpal.ai\/bs\/\",\"logo\":{\"@type\":\"ImageObject\",\"inLanguage\":\"bs-BA\",\"@id\":\"https:\/\/talkpal.ai\/bs\/#\/schema\/logo\/image\/\",\"url\":\"https:\/\/talkpal.ai\/wp-content\/uploads\/2024\/03\/Talkpal-Logo-Icon.png\",\"contentUrl\":\"https:\/\/talkpal.ai\/wp-content\/uploads\/2024\/03\/Talkpal-Logo-Icon.png\",\"width\":2880,\"height\":2880,\"caption\":\"Talkpal, Inc.\"},\"image\":{\"@id\":\"https:\/\/talkpal.ai\/bs\/#\/schema\/logo\/image\/\"},\"sameAs\":[\"https:\/\/www.facebook.com\/profile.php?id=100090733639311\",\"https:\/\/x.com\/talkpalai\",\"https:\/\/www.linkedin.com\/company\/talkpal\/\",\"https:\/\/www.youtube.com\/@TalkPal\/\",\"https:\/\/www.tiktok.com\/@talkpal\",\"https:\/\/www.instagram.com\/talkpal_ai\/\",\"https:\/\/www.crunchbase.com\/organization\/talkpal-9cde\",\"https:\/\/www.g2.com\/products\/talkpal-for-business\/\",\"https:\/\/www.trustpilot.com\/review\/talkpal.ai\",\"https:\/\/www.capterra.com\/p\/10006800\/TalkPal\/\"],\"description\":\"Talkpal is a language learning web and mobile education app, powered by the latest AI technologies, that provides engaging experiences to its customers in many different languages to help them improve their language skills. Users can chat about unlimited amount of topics with the app and use other modes to practice their language learning.\",\"email\":\"support@talkpal.ai\",\"legalName\":\"Talkpal, Inc.\",\"foundingDate\":\"2023-04-03\",\"duns\":\"118989042\",\"numberOfEmployees\":{\"@type\":\"QuantitativeValue\",\"minValue\":\"11\",\"maxValue\":\"50\"},\"publishingPrinciples\":\"https:\/\/talkpal.ai\/publishing-principles\/\",\"actionableFeedbackPolicy\":\"https:\/\/talkpal.ai\/actionable-feedback-policy\/\",\"correctionsPolicy\":\"https:\/\/talkpal.ai\/corrections-policy\/\",\"ethicsPolicy\":\"https:\/\/talkpal.ai\/ethics-policy\/\",\"diversityPolicy\":\"https:\/\/talkpal.ai\/diversity-policy\/\",\"diversityStaffingReport\":\"https:\/\/talkpal.ai\/diversity-policy\/\"}]}<\/script>\n<!-- \/ Yoast SEO Premium plugin. -->","yoast_head_json":{"title":"Hindi gramatika - Talkpal","description":"Savladajte gramatiku hindskog jezika s pouzdanjem - nau\u010dite jasna pravila, formirajte ispravne re\u010denice i govorite bolje uz jednostavno vodstvo Talkpal AI-a.","robots":{"index":"index","follow":"follow","max-snippet":"max-snippet:-1","max-image-preview":"max-image-preview:large","max-video-preview":"max-video-preview:-1"},"canonical":"https:\/\/talkpal.ai\/bs\/hindi-gramatika\/","og_locale":"bs_BA","og_type":"article","og_title":"Hindi gramatika","og_description":"Hindi gramatika: Va\u0161 ultimativni vodi\u010d Namaste, jezi\u010dki entuzijasti! Da li ste spremni da istra\u017eite svet hindi gramatike? Do\u0161li ste na pravo mjesto.","og_url":"https:\/\/talkpal.ai\/bs\/hindi-gramatika\/","og_site_name":"Talkpal","article_publisher":"https:\/\/www.facebook.com\/profile.php?id=100090733639311","article_modified_time":"2025-12-13T15:01:09+00:00","og_image":[{"width":517,"height":517,"url":"https:\/\/talkpal.ai\/wp-content\/uploads\/2024\/02\/india.png","type":"image\/png"}],"twitter_card":"summary_large_image","twitter_site":"@talkpalai","twitter_misc":{"Est. reading time":"2 minute"},"schema":{"@context":"https:\/\/schema.org","@graph":[{"@type":"WebPage","@id":"https:\/\/talkpal.ai\/bs\/hindi-gramatika\/","url":"https:\/\/talkpal.ai\/bs\/hindi-gramatika\/","name":"Hindi gramatika - Talkpal","isPartOf":{"@id":"https:\/\/talkpal.ai\/bs\/#website"},"primaryImageOfPage":{"@id":"https:\/\/talkpal.ai\/bs\/hindi-gramatika\/#primaryimage"},"image":{"@id":"https:\/\/talkpal.ai\/bs\/hindi-gramatika\/#primaryimage"},"thumbnailUrl":"https:\/\/talkpal.ai\/wp-content\/uploads\/2024\/02\/india.png","datePublished":"2023-05-14T13:50:44+00:00","dateModified":"2025-12-13T15:01:09+00:00","description":"Savladajte gramatiku hindskog jezika s pouzdanjem - nau\u010dite jasna pravila, formirajte ispravne re\u010denice i govorite bolje uz jednostavno vodstvo Talkpal AI-a.","breadcrumb":{"@id":"https:\/\/talkpal.ai\/bs\/hindi-gramatika\/#breadcrumb"},"inLanguage":"bs-BA","potentialAction":[{"@type":"ReadAction","target":["https:\/\/talkpal.ai\/bs\/hindi-gramatika\/"]}]},{"@type":"ImageObject","inLanguage":"bs-BA","@id":"https:\/\/talkpal.ai\/bs\/hindi-gramatika\/#primaryimage","url":"https:\/\/talkpal.ai\/wp-content\/uploads\/2024\/02\/india.png","contentUrl":"https:\/\/talkpal.ai\/wp-content\/uploads\/2024\/02\/india.png","width":517,"height":517,"caption":"TalkPal Indian Flag"},{"@type":"BreadcrumbList","@id":"https:\/\/talkpal.ai\/bs\/hindi-gramatika\/#breadcrumb","itemListElement":[{"@type":"ListItem","position":1,"name":"Homepage","item":"https:\/\/talkpal.ai\/bs\/"},{"@type":"ListItem","position":2,"name":"Hindi gramatika"}]},{"@type":"WebSite","@id":"https:\/\/talkpal.ai\/bs\/#website","url":"https:\/\/talkpal.ai\/bs\/","name":"Talkpal","description":"AI Language Learning","publisher":{"@id":"https:\/\/talkpal.ai\/bs\/#organization"},"alternateName":"Talkpal AI","potentialAction":[{"@type":"SearchAction","target":{"@type":"EntryPoint","urlTemplate":"https:\/\/talkpal.ai\/bs\/?s={search_term_string}"},"query-input":{"@type":"PropertyValueSpecification","valueRequired":true,"valueName":"search_term_string"}}],"inLanguage":"bs-BA"},{"@type":"Organization","@id":"https:\/\/talkpal.ai\/bs\/#organization","name":"Talkpal, Inc.","alternateName":"Talkpal AI","url":"https:\/\/talkpal.ai\/bs\/","logo":{"@type":"ImageObject","inLanguage":"bs-BA","@id":"https:\/\/talkpal.ai\/bs\/#\/schema\/logo\/image\/","url":"https:\/\/talkpal.ai\/wp-content\/uploads\/2024\/03\/Talkpal-Logo-Icon.png","contentUrl":"https:\/\/talkpal.ai\/wp-content\/uploads\/2024\/03\/Talkpal-Logo-Icon.png","width":2880,"height":2880,"caption":"Talkpal, Inc."},"image":{"@id":"https:\/\/talkpal.ai\/bs\/#\/schema\/logo\/image\/"},"sameAs":["https:\/\/www.facebook.com\/profile.php?id=100090733639311","https:\/\/x.com\/talkpalai","https:\/\/www.linkedin.com\/company\/talkpal\/","https:\/\/www.youtube.com\/@TalkPal\/","https:\/\/www.tiktok.com\/@talkpal","https:\/\/www.instagram.com\/talkpal_ai\/","https:\/\/www.crunchbase.com\/organization\/talkpal-9cde","https:\/\/www.g2.com\/products\/talkpal-for-business\/","https:\/\/www.trustpilot.com\/review\/talkpal.ai","https:\/\/www.capterra.com\/p\/10006800\/TalkPal\/"],"description":"Talkpal is a language learning web and mobile education app, powered by the latest AI technologies, that provides engaging experiences to its customers in many different languages to help them improve their language skills. Users can chat about unlimited amount of topics with the app and use other modes to practice their language learning.","email":"support@talkpal.ai","legalName":"Talkpal, Inc.","foundingDate":"2023-04-03","duns":"118989042","numberOfEmployees":{"@type":"QuantitativeValue","minValue":"11","maxValue":"50"},"publishingPrinciples":"https:\/\/talkpal.ai\/publishing-principles\/","actionableFeedbackPolicy":"https:\/\/talkpal.ai\/actionable-feedback-policy\/","correctionsPolicy":"https:\/\/talkpal.ai\/corrections-policy\/","ethicsPolicy":"https:\/\/talkpal.ai\/ethics-policy\/","diversityPolicy":"https:\/\/talkpal.ai\/diversity-policy\/","diversityStaffingReport":"https:\/\/talkpal.ai\/diversity-policy\/"}]}},"_links":{"self":[{"href":"https:\/\/talkpal.ai\/bs\/wp-json\/wp\/v2\/pages\/129488","targetHints":{"allow":["GET"]}}],"collection":[{"href":"https:\/\/talkpal.ai\/bs\/wp-json\/wp\/v2\/pages"}],"about":[{"href":"https:\/\/talkpal.ai\/bs\/wp-json\/wp\/v2\/types\/page"}],"author":[{"embeddable":true,"href":"https:\/\/talkpal.ai\/bs\/wp-json\/wp\/v2\/users\/1"}],"replies":[{"embeddable":true,"href":"https:\/\/talkpal.ai\/bs\/wp-json\/wp\/v2\/comments?post=129488"}],"version-history":[{"count":0,"href":"https:\/\/talkpal.ai\/bs\/wp-json\/wp\/v2\/pages\/129488\/revisions"}],"wp:featuredmedia":[{"embeddable":true,"href":"https:\/\/talkpal.ai\/bs\/wp-json\/wp\/v2\/media\/188195"}],"wp:attachment":[{"href":"https:\/\/talkpal.ai\/bs\/wp-json\/wp\/v2\/media?parent=129488"}],"curies":[{"name":"wp","href":"https:\/\/api.w.org\/{rel}","templated":true}]}}