{"id":129143,"date":"2023-05-14T13:50:21","date_gmt":"2023-05-14T13:50:21","guid":{"rendered":"http:\/\/talkpal.ai\/finska-gramatika\/"},"modified":"2025-12-11T17:00:56","modified_gmt":"2025-12-11T17:00:56","slug":"finska-gramatika","status":"publish","type":"page","link":"https:\/\/talkpal.ai\/bs\/finska-gramatika\/","title":{"rendered":"finska gramatika"},"content":{"rendered":"\r\n\r\n\r\n<section class=\"languageChallengeSection\">\r\n    <div class=\"languageInfoWrapper\">\r\n        \r\n        <h1>finska gramatika<\/h1>\r\n        <p>Spremni da otkrijete tajne finskog jezika? Zaronite u finsku gramatiku, poznatu po svojoj logi\u010dkoj strukturi, samoglasni\u010dkoj harmoniji i impresivnom nizu pade\u017ea. Po\u010dnite u\u010diti ve\u0107 danas &#8211; savladavanje finske gramatike dat \u0107e vam samopouzdanje za govor i povezivanje, a istovremeno \u0107e vam otvoriti vrata bogatoj finskoj kulturi i tradiciji!<\/p>\r\n\r\n                            <a class=\"getStartedHidden\" href=\"https:\/\/app.talkpal.ai\/signup?lng=\">Kreni<\/a>\r\n        \r\n    <\/div>\r\n\r\n    <figure>\r\n    <img decoding=\"async\" width=\"768\" height=\"768\" src=\"https:\/\/talkpal.ai\/wp-content\/uploads\/2023\/06\/Finnish-768x768.png\" class=\"languageImage no-lazy\" alt=\"Develop your language aptitude learning\" fetchpriority=\"high\" sizes=\"(max-width: 768px) 150px, 768px\" srcset=\"https:\/\/talkpal.ai\/wp-content\/uploads\/2023\/06\/Finnish-768x768.png 768w, https:\/\/talkpal.ai\/wp-content\/uploads\/2023\/06\/Finnish-300x300.png 300w\" \/>\r\n    \r\n\r\n    <\/figure>\r\n\r\n            <a class=\"getStartedVisible\" href=\"https:\/\/app.talkpal.ai\/signup?lng=\">Kreni<\/a>\r\n    \r\n<\/section>\r\n<section class=\"promotionalBanner\">\r\n    <p class=\"promotionalText\">Najefikasniji na\u010din za u\u010denje jezika<\/p>\r\n    <a class=\"promotionalLink\" href=\"https:\/\/app.talkpal.ai\/signup?lng=\">Isprobajte Talkpal besplatno<\/a>\r\n<\/section>\n<div class=\"wp-block-group pageContainerStyle\"><div class=\"wp-block-group__inner-container is-layout-constrained wp-block-group-is-layout-constrained\">\n<h2 class=\"wp-block-heading\" id=\"h-finnish-grammar-a-guide-to-mastering-the-complexities-of-the-finnish-language\">Finska gramatika: vodi\u010d za savladavanje slo\u017eenosti finskog jezika<\/h2>\n\n\n\n<p><a href=\"https:\/\/talkpal.ai\/learn-finnish\/\">Finski<\/a>, jedinstven i fascinantan jezik kojim govori oko 5 miliona ljudi, poznat je po svojoj slo\u017eenosti i prepoznatljivom gramati\u010dkom sistemu. Na prvi pogled, pravila i strukture u finskoj gramatici mogu izgledati zastra\u0161uju\u0107e, ali se ne bojte! Uz strpljenje, praksu i vo\u0111stvo, mo\u017eete otkriti misterije finske gramatike i pobolj\u0161ati svoje jezi\u010dke ve\u0161tine. U ovom \u010dlanku \u0107emo dati pregled finske gramatike i podijeliti nekoliko savjeta kako bi va\u0161e putovanje u\u010denja bilo lak\u0161im.<\/p>\n\n\n\n<h3 class=\"wp-block-heading\" id=\"h-the-basics-of-finnish-grammar\">Osnove finske gramatike:<\/h3>\n\n\n\n<p><a href=\"https:\/\/talkpal.ai\/finnish-grammar\/\">Finska gramatika<\/a>, sasvim druga\u010dija od engleske gramatike, odlikuje se bogatom upotrebom slu\u010dajeva, nedostatkom gramati\u010dkog roda i jedinstvenim sistemom konjugacije glagola. Evo nekoliko osnovnih aspekata finske gramatike koje treba da znate:<\/p>\n\n\n\n<p>1. Slu\u010dajevi imenica: Finski ima 15 imenica, \u0161to ozna\u010dava odnos izme\u0111u <strong>imenice<\/strong> i drugih sastojaka re\u010denice. Svaki slu\u010daj imenice ima specifi\u010dan zavr\u0161etak koji se pri\u010dvr\u0161\u0107uje na stabljiku imenice. Nekoliko primjera slu\u010dajeva imenica uklju\u010duju nominativ, genitiv, akuzativ i partitiv.<\/p>\n\n\n\n<p><strong>2. Nema gramati\u010dkog spola:<\/strong> Za razliku od mnogih jezika, finski ne dodjeljuje spol imenicama. Umjesto toga, jezik koristi jednu rije\u010d \u2013 h\u00e4n \u2013 za ozna\u010davanje i &#8216;on&#8217; i &#8216;ona&#8217;. Ova funkcija pojednostavljuje proces u\u010denja finskog i elimini\u0161e potrebu za pam\u0107enjem \u010dlanova ili oblika zamjenica.<\/p>\n\n\n\n<p><strong>Konjugacija glagola: finski glagoli<\/strong> konjugiraju se na osnovu napetosti, raspolo\u017eenja i glasa. Na finskom jeziku postoje \u010detiri glagolska vremena: sada\u0161njost, pro\u0161lost, savr\u0161ena i plusavr\u0161ena. Pored toga, finski glagoli imaju pet raspolo\u017eenja: indikativna, uslovna, potencijalna, imperativna i eventivna.<\/p>\n\n\n\n<p><strong>Harmonija samoglasnika<\/strong> : Na finskom su samoglasnici podijeljeni u tri grupe: prednji (\u00e4, \u00f6, y), stra\u017enji (a, o, u) i neutralni (i, e). Zbog harmonije samoglasnika, prednji i zadnji samoglasnici se obi\u010dno ne mogu pojaviti u istoj rije\u010di, osim slo\u017eenih rije\u010di i nekih pozajmljenih rije\u010di.<\/p>\n\n\n\n<h3 class=\"wp-block-heading\" id=\"h-strategies-for-learning-finnish-grammar\">Strategije za u\u010denje finske gramatike<\/h3>\n\n\n\n<p>Razumijevanje finske gramatike mo\u017ee se \u010diniti neodoljivim, ali s pravim na\u010dinom razmi\u0161ljanja i strategijama u\u010denja, mo\u0107i \u0107ete se sna\u0107i u tome. Evo nekoliko korisnih saveta za vo\u0111enje studija:<\/p>\n\n\n\n<p><strong>1. Napravite bebine korake:<\/strong> Po\u010dnite sa osnovama finske gramatike, kao \u0161to su slu\u010dajevi imenica i konjugacija glagola. Rastavljaju\u0107i slo\u017eena pravila na manje, probavljive dijelove, mo\u0107i \u0107ete postojano napredovati i izgraditi jaku osnovu.<\/p>\n\n\n\n<p><strong>Redovno ve\u017ebanje:<\/strong> Doslednost je klju\u010dna prilikom u\u010denja jezika. Izdvojite vreme svakog dana ili nedelje za ve\u017ebanje gramatike kroz ve\u017ebe, \u010ditanje i pisanje na finskom jeziku.<\/p>\n\n\n\n<p>Koristite izvorne resurse: Da biste stekli bolje razumevanje finske gramatike u kontekstu, uronite u <strong>izvorne<\/strong> materijale, kao \u0161to su knji\u017eevnost, novinske \u010dlanke i podkaste. Ovo \u0107e vam pomo\u0107i da internalizujete pravila i pobolj\u0161ate svoje ve\u0161tine slu\u0161anja i \u010ditanja.<\/p>\n\n\n\n<p><strong>Pove\u017eite se<\/strong> sa izvornim govornicima: Uklju\u010divanje u razgovor sa izvornim finskim govornicima je odli\u010dan na\u010din da praktikujete gramatiku i dobijete vredne <a href=\"https:\/\/talkpal.ai\/contact\/\">povratne informacije<\/a>. Razmislite o pridru\u017eivanju grupama za razmenu jezika ili forumima na mre\u017ei gde mo\u017eete da se pove\u017eete sa ljudima koji govore finski.<\/p>\n\n\n\n<p><strong>5. Budite strpljivi i uporni:<\/strong> U\u010denje finske gramatike je izazovno putovanje, ali uz strpljenje i posve\u0107enost otkri\u0107ete njene zamr\u0161enosti i postati ve\u0161ti jezik.<\/p>\n\n\n\n<h3 class=\"wp-block-heading\" id=\"h-conclusion\">Zaklju\u010dak:<\/h3>\n\n\n\n<p>Svet finske gramatike, iako kompleksan, intrigantan je koji se mo\u017ee razotkriti odlu\u010dno\u0161\u0107u i praksom. Upoznavanjem sa osnovnim elementima finske gramatike i pra\u0107enjem na\u0161ih strategija u\u010denja, utrt \u0107ete put ka te\u010dnosti i dubljem uva\u017eavanju ovog zadivljuju\u0107eg jezika. Dakle, zaronite u zamr\u0161enosti finske gramatike s pozitivnim na\u010dinom razmi\u0161ljanja, i prije nego \u0161to to shvatite, sigurno \u0107ete se kretati jezi\u010dkim pejza\u017eom Suomija!<\/p>\n<\/div><\/div>\n\r\n<section class=\"learnNavigationSection\">\r\n            \r\n        <a href=\"https:\/\/talkpal.ai\/bs\/nauci-finski\/\">\r\n            <div class=\"learnNavigationWrapper\">\r\n                <div class=\"learnNavigationContent\">\r\n                    <img decoding=\"async\" src=\"https:\/\/talkpal.ai\/wp-content\/uploads\/2024\/08\/Finnish.jpg\" alt=\"Finnish Flag\">\r\n                    <div>\r\n                        <h4>O u\u010denju finskog<\/h4>\r\n                        <p>Saznaj sve o finskoj gramatici.<\/p>\r\n                    <\/div>\r\n                <\/div>\r\n            <\/div>\r\n        <\/a>\r\n\r\n        \r\n        <a href=\"https:\/\/talkpal.ai\/bs\/finske-gramaticke-vezbe\/\">\r\n            <div class=\"learnNavigationWrapper\">\r\n                <div class=\"learnNavigationContent\">\r\n                    <img decoding=\"async\" src=\"https:\/\/talkpal.ai\/wp-content\/uploads\/2024\/08\/Finnish.jpg\" alt=\"Finnish Flag\">\r\n                    <div>\r\n                        <h4>Vje\u017eba finske gramatike<\/h4>\r\n                        <p>Finska gramatika.<\/p>\r\n                    <\/div>\r\n                <\/div>\r\n            <\/div>\r\n        <\/a>\r\n\r\n        \r\n        <a href=\"https:\/\/talkpal.ai\/vocabulary_language\/finnish\/\">\r\n            <div class=\"learnNavigationWrapper\">\r\n                <div class=\"learnNavigationContent\">\r\n                    <img decoding=\"async\" src=\"https:\/\/talkpal.ai\/wp-content\/uploads\/2024\/08\/Finnish.jpg\" alt=\"Finnish Flag\">\r\n                    <div>\r\n                        <h4>Finski vokabular<\/h4>\r\n                        <p>Pro\u0161irite svoj finski vokabular.<\/p>\r\n                    <\/div>\r\n                <\/div>\r\n            <\/div>\r\n        <\/a>\r\n\r\n            <\/section>","protected":false},"excerpt":{"rendered":"<p>Finska gramatika: vodi\u010d za savladavanje slo\u017eenosti finskog jezika Finski, jedinstven i fascinantan jezik kojim govori oko 5 miliona ljudi, poznat je po svojoj slo\u017eenosti i prepoznatljivom gramati\u010dkom sistemu. Na prvi pogled, pravila i strukture u finskoj gramatici mogu izgledati zastra\u0161uju\u0107e, ali se ne bojte! Uz strpljenje, praksu i vo\u0111stvo, mo\u017eete otkriti misterije finske gramatike i [&hellip;]<\/p>\n","protected":false},"author":1,"featured_media":106666,"parent":0,"menu_order":0,"comment_status":"closed","ping_status":"closed","template":"LearningContentPage.php","meta":{"_acf_changed":false,"footnotes":""},"class_list":["post-129143","page","type-page","status-publish","has-post-thumbnail","hentry"],"acf":[],"yoast_head":"<!-- This site is optimized with the Yoast SEO Premium plugin v27.2 (Yoast SEO v27.2) - https:\/\/yoast.com\/product\/yoast-seo-premium-wordpress\/ -->\n<title>finska gramatika - Talkpal<\/title>\n<meta name=\"description\" content=\"Nau\u010dite osnovne aspekte finske gramatike, uklju\u010duju\u0107i pade\u017ee, glagole, strukturu re\u010denica i savjete za izgovor kako biste savladali finski jezik.\" \/>\n<meta name=\"robots\" content=\"index, follow, max-snippet:-1, max-image-preview:large, max-video-preview:-1\" \/>\n<link rel=\"canonical\" href=\"https:\/\/talkpal.ai\/bs\/finska-gramatika\/\" \/>\n<meta property=\"og:locale\" content=\"bs_BA\" \/>\n<meta property=\"og:type\" content=\"article\" \/>\n<meta property=\"og:title\" content=\"finska gramatika\" \/>\n<meta property=\"og:description\" content=\"Finska gramatika: vodi\u010d za savladavanje slo\u017eenosti finskog jezika Finski, jedinstven i fascinantan jezik kojim govori oko 5 miliona ljudi, poznat je po\" \/>\n<meta property=\"og:url\" content=\"https:\/\/talkpal.ai\/bs\/finska-gramatika\/\" \/>\n<meta property=\"og:site_name\" content=\"Talkpal\" \/>\n<meta property=\"article:publisher\" content=\"https:\/\/www.facebook.com\/profile.php?id=100090733639311\" \/>\n<meta property=\"article:modified_time\" content=\"2025-12-11T17:00:56+00:00\" \/>\n<meta property=\"og:image\" content=\"https:\/\/talkpal.ai\/wp-content\/uploads\/2023\/04\/finland.png\" \/>\n\t<meta property=\"og:image:width\" content=\"512\" \/>\n\t<meta property=\"og:image:height\" content=\"512\" \/>\n\t<meta property=\"og:image:type\" content=\"image\/png\" \/>\n<meta name=\"twitter:card\" content=\"summary_large_image\" \/>\n<meta name=\"twitter:site\" content=\"@talkpalai\" \/>\n<meta name=\"twitter:label1\" content=\"Est. reading time\" \/>\n\t<meta name=\"twitter:data1\" content=\"3 minute\" \/>\n<script type=\"application\/ld+json\" class=\"yoast-schema-graph\">{\"@context\":\"https:\/\/schema.org\",\"@graph\":[{\"@type\":\"WebPage\",\"@id\":\"https:\/\/talkpal.ai\/bs\/finska-gramatika\/\",\"url\":\"https:\/\/talkpal.ai\/bs\/finska-gramatika\/\",\"name\":\"finska gramatika - Talkpal\",\"isPartOf\":{\"@id\":\"https:\/\/talkpal.ai\/bs\/#website\"},\"primaryImageOfPage\":{\"@id\":\"https:\/\/talkpal.ai\/bs\/finska-gramatika\/#primaryimage\"},\"image\":{\"@id\":\"https:\/\/talkpal.ai\/bs\/finska-gramatika\/#primaryimage\"},\"thumbnailUrl\":\"https:\/\/talkpal.ai\/wp-content\/uploads\/2023\/04\/finland.png\",\"datePublished\":\"2023-05-14T13:50:21+00:00\",\"dateModified\":\"2025-12-11T17:00:56+00:00\",\"description\":\"Nau\u010dite osnovne aspekte finske gramatike, uklju\u010duju\u0107i pade\u017ee, glagole, strukturu re\u010denica i savjete za izgovor kako biste savladali finski jezik.\",\"breadcrumb\":{\"@id\":\"https:\/\/talkpal.ai\/bs\/finska-gramatika\/#breadcrumb\"},\"inLanguage\":\"bs-BA\",\"potentialAction\":[{\"@type\":\"ReadAction\",\"target\":[\"https:\/\/talkpal.ai\/bs\/finska-gramatika\/\"]}]},{\"@type\":\"ImageObject\",\"inLanguage\":\"bs-BA\",\"@id\":\"https:\/\/talkpal.ai\/bs\/finska-gramatika\/#primaryimage\",\"url\":\"https:\/\/talkpal.ai\/wp-content\/uploads\/2023\/04\/finland.png\",\"contentUrl\":\"https:\/\/talkpal.ai\/wp-content\/uploads\/2023\/04\/finland.png\",\"width\":512,\"height\":512,\"caption\":\"TalkPal finland Flag\"},{\"@type\":\"BreadcrumbList\",\"@id\":\"https:\/\/talkpal.ai\/bs\/finska-gramatika\/#breadcrumb\",\"itemListElement\":[{\"@type\":\"ListItem\",\"position\":1,\"name\":\"Homepage\",\"item\":\"https:\/\/talkpal.ai\/bs\/\"},{\"@type\":\"ListItem\",\"position\":2,\"name\":\"finska gramatika\"}]},{\"@type\":\"WebSite\",\"@id\":\"https:\/\/talkpal.ai\/bs\/#website\",\"url\":\"https:\/\/talkpal.ai\/bs\/\",\"name\":\"Talkpal\",\"description\":\"AI Language Learning\",\"publisher\":{\"@id\":\"https:\/\/talkpal.ai\/bs\/#organization\"},\"alternateName\":\"Talkpal AI\",\"potentialAction\":[{\"@type\":\"SearchAction\",\"target\":{\"@type\":\"EntryPoint\",\"urlTemplate\":\"https:\/\/talkpal.ai\/bs\/?s={search_term_string}\"},\"query-input\":{\"@type\":\"PropertyValueSpecification\",\"valueRequired\":true,\"valueName\":\"search_term_string\"}}],\"inLanguage\":\"bs-BA\"},{\"@type\":\"Organization\",\"@id\":\"https:\/\/talkpal.ai\/bs\/#organization\",\"name\":\"Talkpal, Inc.\",\"alternateName\":\"Talkpal AI\",\"url\":\"https:\/\/talkpal.ai\/bs\/\",\"logo\":{\"@type\":\"ImageObject\",\"inLanguage\":\"bs-BA\",\"@id\":\"https:\/\/talkpal.ai\/bs\/#\/schema\/logo\/image\/\",\"url\":\"https:\/\/talkpal.ai\/wp-content\/uploads\/2024\/03\/Talkpal-Logo-Icon.png\",\"contentUrl\":\"https:\/\/talkpal.ai\/wp-content\/uploads\/2024\/03\/Talkpal-Logo-Icon.png\",\"width\":2880,\"height\":2880,\"caption\":\"Talkpal, Inc.\"},\"image\":{\"@id\":\"https:\/\/talkpal.ai\/bs\/#\/schema\/logo\/image\/\"},\"sameAs\":[\"https:\/\/www.facebook.com\/profile.php?id=100090733639311\",\"https:\/\/x.com\/talkpalai\",\"https:\/\/www.linkedin.com\/company\/talkpal\/\",\"https:\/\/www.youtube.com\/@TalkPal\/\",\"https:\/\/www.tiktok.com\/@talkpal\",\"https:\/\/www.instagram.com\/talkpal_ai\/\",\"https:\/\/www.crunchbase.com\/organization\/talkpal-9cde\",\"https:\/\/www.g2.com\/products\/talkpal-for-business\/\",\"https:\/\/www.trustpilot.com\/review\/talkpal.ai\",\"https:\/\/www.capterra.com\/p\/10006800\/TalkPal\/\"],\"description\":\"Talkpal is a language learning web and mobile education app, powered by the latest AI technologies, that provides engaging experiences to its customers in many different languages to help them improve their language skills. Users can chat about unlimited amount of topics with the app and use other modes to practice their language learning.\",\"email\":\"support@talkpal.ai\",\"legalName\":\"Talkpal, Inc.\",\"foundingDate\":\"2023-04-03\",\"duns\":\"118989042\",\"numberOfEmployees\":{\"@type\":\"QuantitativeValue\",\"minValue\":\"11\",\"maxValue\":\"50\"},\"publishingPrinciples\":\"https:\/\/talkpal.ai\/publishing-principles\/\",\"actionableFeedbackPolicy\":\"https:\/\/talkpal.ai\/actionable-feedback-policy\/\",\"correctionsPolicy\":\"https:\/\/talkpal.ai\/corrections-policy\/\",\"ethicsPolicy\":\"https:\/\/talkpal.ai\/ethics-policy\/\",\"diversityPolicy\":\"https:\/\/talkpal.ai\/diversity-policy\/\",\"diversityStaffingReport\":\"https:\/\/talkpal.ai\/diversity-policy\/\"}]}<\/script>\n<!-- \/ Yoast SEO Premium plugin. -->","yoast_head_json":{"title":"finska gramatika - Talkpal","description":"Nau\u010dite osnovne aspekte finske gramatike, uklju\u010duju\u0107i pade\u017ee, glagole, strukturu re\u010denica i savjete za izgovor kako biste savladali finski jezik.","robots":{"index":"index","follow":"follow","max-snippet":"max-snippet:-1","max-image-preview":"max-image-preview:large","max-video-preview":"max-video-preview:-1"},"canonical":"https:\/\/talkpal.ai\/bs\/finska-gramatika\/","og_locale":"bs_BA","og_type":"article","og_title":"finska gramatika","og_description":"Finska gramatika: vodi\u010d za savladavanje slo\u017eenosti finskog jezika Finski, jedinstven i fascinantan jezik kojim govori oko 5 miliona ljudi, poznat je po","og_url":"https:\/\/talkpal.ai\/bs\/finska-gramatika\/","og_site_name":"Talkpal","article_publisher":"https:\/\/www.facebook.com\/profile.php?id=100090733639311","article_modified_time":"2025-12-11T17:00:56+00:00","og_image":[{"width":512,"height":512,"url":"https:\/\/talkpal.ai\/wp-content\/uploads\/2023\/04\/finland.png","type":"image\/png"}],"twitter_card":"summary_large_image","twitter_site":"@talkpalai","twitter_misc":{"Est. reading time":"3 minute"},"schema":{"@context":"https:\/\/schema.org","@graph":[{"@type":"WebPage","@id":"https:\/\/talkpal.ai\/bs\/finska-gramatika\/","url":"https:\/\/talkpal.ai\/bs\/finska-gramatika\/","name":"finska gramatika - Talkpal","isPartOf":{"@id":"https:\/\/talkpal.ai\/bs\/#website"},"primaryImageOfPage":{"@id":"https:\/\/talkpal.ai\/bs\/finska-gramatika\/#primaryimage"},"image":{"@id":"https:\/\/talkpal.ai\/bs\/finska-gramatika\/#primaryimage"},"thumbnailUrl":"https:\/\/talkpal.ai\/wp-content\/uploads\/2023\/04\/finland.png","datePublished":"2023-05-14T13:50:21+00:00","dateModified":"2025-12-11T17:00:56+00:00","description":"Nau\u010dite osnovne aspekte finske gramatike, uklju\u010duju\u0107i pade\u017ee, glagole, strukturu re\u010denica i savjete za izgovor kako biste savladali finski jezik.","breadcrumb":{"@id":"https:\/\/talkpal.ai\/bs\/finska-gramatika\/#breadcrumb"},"inLanguage":"bs-BA","potentialAction":[{"@type":"ReadAction","target":["https:\/\/talkpal.ai\/bs\/finska-gramatika\/"]}]},{"@type":"ImageObject","inLanguage":"bs-BA","@id":"https:\/\/talkpal.ai\/bs\/finska-gramatika\/#primaryimage","url":"https:\/\/talkpal.ai\/wp-content\/uploads\/2023\/04\/finland.png","contentUrl":"https:\/\/talkpal.ai\/wp-content\/uploads\/2023\/04\/finland.png","width":512,"height":512,"caption":"TalkPal finland Flag"},{"@type":"BreadcrumbList","@id":"https:\/\/talkpal.ai\/bs\/finska-gramatika\/#breadcrumb","itemListElement":[{"@type":"ListItem","position":1,"name":"Homepage","item":"https:\/\/talkpal.ai\/bs\/"},{"@type":"ListItem","position":2,"name":"finska gramatika"}]},{"@type":"WebSite","@id":"https:\/\/talkpal.ai\/bs\/#website","url":"https:\/\/talkpal.ai\/bs\/","name":"Talkpal","description":"AI Language Learning","publisher":{"@id":"https:\/\/talkpal.ai\/bs\/#organization"},"alternateName":"Talkpal AI","potentialAction":[{"@type":"SearchAction","target":{"@type":"EntryPoint","urlTemplate":"https:\/\/talkpal.ai\/bs\/?s={search_term_string}"},"query-input":{"@type":"PropertyValueSpecification","valueRequired":true,"valueName":"search_term_string"}}],"inLanguage":"bs-BA"},{"@type":"Organization","@id":"https:\/\/talkpal.ai\/bs\/#organization","name":"Talkpal, Inc.","alternateName":"Talkpal AI","url":"https:\/\/talkpal.ai\/bs\/","logo":{"@type":"ImageObject","inLanguage":"bs-BA","@id":"https:\/\/talkpal.ai\/bs\/#\/schema\/logo\/image\/","url":"https:\/\/talkpal.ai\/wp-content\/uploads\/2024\/03\/Talkpal-Logo-Icon.png","contentUrl":"https:\/\/talkpal.ai\/wp-content\/uploads\/2024\/03\/Talkpal-Logo-Icon.png","width":2880,"height":2880,"caption":"Talkpal, Inc."},"image":{"@id":"https:\/\/talkpal.ai\/bs\/#\/schema\/logo\/image\/"},"sameAs":["https:\/\/www.facebook.com\/profile.php?id=100090733639311","https:\/\/x.com\/talkpalai","https:\/\/www.linkedin.com\/company\/talkpal\/","https:\/\/www.youtube.com\/@TalkPal\/","https:\/\/www.tiktok.com\/@talkpal","https:\/\/www.instagram.com\/talkpal_ai\/","https:\/\/www.crunchbase.com\/organization\/talkpal-9cde","https:\/\/www.g2.com\/products\/talkpal-for-business\/","https:\/\/www.trustpilot.com\/review\/talkpal.ai","https:\/\/www.capterra.com\/p\/10006800\/TalkPal\/"],"description":"Talkpal is a language learning web and mobile education app, powered by the latest AI technologies, that provides engaging experiences to its customers in many different languages to help them improve their language skills. Users can chat about unlimited amount of topics with the app and use other modes to practice their language learning.","email":"support@talkpal.ai","legalName":"Talkpal, Inc.","foundingDate":"2023-04-03","duns":"118989042","numberOfEmployees":{"@type":"QuantitativeValue","minValue":"11","maxValue":"50"},"publishingPrinciples":"https:\/\/talkpal.ai\/publishing-principles\/","actionableFeedbackPolicy":"https:\/\/talkpal.ai\/actionable-feedback-policy\/","correctionsPolicy":"https:\/\/talkpal.ai\/corrections-policy\/","ethicsPolicy":"https:\/\/talkpal.ai\/ethics-policy\/","diversityPolicy":"https:\/\/talkpal.ai\/diversity-policy\/","diversityStaffingReport":"https:\/\/talkpal.ai\/diversity-policy\/"}]}},"_links":{"self":[{"href":"https:\/\/talkpal.ai\/bs\/wp-json\/wp\/v2\/pages\/129143","targetHints":{"allow":["GET"]}}],"collection":[{"href":"https:\/\/talkpal.ai\/bs\/wp-json\/wp\/v2\/pages"}],"about":[{"href":"https:\/\/talkpal.ai\/bs\/wp-json\/wp\/v2\/types\/page"}],"author":[{"embeddable":true,"href":"https:\/\/talkpal.ai\/bs\/wp-json\/wp\/v2\/users\/1"}],"replies":[{"embeddable":true,"href":"https:\/\/talkpal.ai\/bs\/wp-json\/wp\/v2\/comments?post=129143"}],"version-history":[{"count":0,"href":"https:\/\/talkpal.ai\/bs\/wp-json\/wp\/v2\/pages\/129143\/revisions"}],"wp:featuredmedia":[{"embeddable":true,"href":"https:\/\/talkpal.ai\/bs\/wp-json\/wp\/v2\/media\/106666"}],"wp:attachment":[{"href":"https:\/\/talkpal.ai\/bs\/wp-json\/wp\/v2\/media?parent=129143"}],"curies":[{"name":"wp","href":"https:\/\/api.w.org\/{rel}","templated":true}]}}