{"id":128797,"date":"2023-05-14T13:49:38","date_gmt":"2023-05-14T13:49:38","guid":{"rendered":"http:\/\/talkpal.ai\/holandska-gramatika\/"},"modified":"2025-12-11T17:04:55","modified_gmt":"2025-12-11T17:04:55","slug":"holandska-gramatika","status":"publish","type":"page","link":"https:\/\/talkpal.ai\/bs\/holandska-gramatika\/","title":{"rendered":"Holandska gramatika"},"content":{"rendered":"\r\n\r\n\r\n<section class=\"languageChallengeSection\">\r\n    <div class=\"languageInfoWrapper\">\r\n        \r\n        <h1>Holandska gramatika<\/h1>\r\n        <p>Istra\u017eite osnove holandskog jezika u\u010de\u0107i njegova osnovna gramati\u010dka pravila. Savladavanje holandske gramatike pomo\u0107i \u0107e vam da efikasno komunicirate i steknete dublji uvid u holandsku kulturu. Po\u010dnite u\u010diti holandsku gramatiku ve\u0107 danas i napravite prvi korak ka te\u010dnom govoru!\n<\/p>\r\n\r\n                            <a class=\"getStartedHidden\" href=\"https:\/\/app.talkpal.ai\/signup?lng=\">Kreni<\/a>\r\n        \r\n    <\/div>\r\n\r\n    <figure>\r\n    <img decoding=\"async\" width=\"768\" height=\"768\" src=\"https:\/\/talkpal.ai\/wp-content\/uploads\/2023\/06\/Dutch-768x768.png\" class=\"languageImage no-lazy\" alt=\"Developing skills through language learning\" fetchpriority=\"high\" sizes=\"(max-width: 768px) 150px, 768px\" srcset=\"https:\/\/talkpal.ai\/wp-content\/uploads\/2023\/06\/Dutch-768x768.png 768w, https:\/\/talkpal.ai\/wp-content\/uploads\/2023\/06\/Dutch-300x300.png 300w\" \/>\r\n    \r\n\r\n    <\/figure>\r\n\r\n            <a class=\"getStartedVisible\" href=\"https:\/\/app.talkpal.ai\/signup?lng=\">Kreni<\/a>\r\n    \r\n<\/section>\r\n<section class=\"promotionalBanner\">\r\n    <p class=\"promotionalText\">Najefikasniji na\u010din za u\u010denje jezika<\/p>\r\n    <a class=\"promotionalLink\" href=\"https:\/\/app.talkpal.ai\/signup?lng=\">Isprobajte Talkpal besplatno<\/a>\r\n<\/section>\n<div class=\"wp-block-group pageContainerStyle\"><div class=\"wp-block-group__inner-container is-layout-constrained wp-block-group-is-layout-constrained\">\n<h2 class=\"wp-block-heading\" id=\"h-dutch-grammar-master-the-mechanics-of-the-dutch-language\">Holandska gramatika: Savladajte mehaniku holandskog jezika<\/h2>\n\n\n\n<p>Ako ste napravili korak da nau\u010dite <a href=\"https:\/\/talkpal.ai\/learn-dutch\/\">holandski<\/a>, \u010deka vas uzbudljiva vo\u017enja! Sa preko 23 miliona govornika \u0161irom sveta, holandski je fantasti\u010dan jezik koji ja\u010da va\u0161u jezi\u010dku snagu i pro\u0161iruje va\u0161e vidike. Mo\u017eda ste \u010duli glasine o slo\u017eenosti holandske gramatike, ali se ne pla\u0161ite! Ovaj \u010dlanak slu\u017ei kao prijateljski vodi\u010d za po\u010detnike koji \u0107e razlo\u017eiti holandsku gramatiku na zabavan, ali sveobuhvatan na\u010din.<\/p>\n\n\n\n<h3 class=\"wp-block-heading\" id=\"h-1-the-pillar-of-dutch-grammar-word-order\">Stub holandske gramatike: redoslijed rije\u010di<\/h3>\n\n\n\n<p><a href=\"https:\/\/talkpal.ai\/dutch-grammar\/\">Holandska gramatika<\/a> se u velikoj meri oslanja na redosled re\u010di. Generalno, prati strukturu \u201esubjekat-glagol-objekat\u201d sli\u010dnu engleskom jeziku. Me\u0111utim, holandski ima jedinstvenu karakteristiku: Verb Second (V2) redoslijed rije\u010di. U re\u010denici sa vi\u0161e od jednog glagola, drugi glagol se gura do kraja. Na primjer:<\/p>\n\n\n\n<p><a href=\"https:\/\/talkpal.ai\/learn-english-with-ai\/\">Engleski<\/a>: Danas moram da radim.<\/p>\n\n\n\n<p>Holandski: Ik moet vandaag werken. (bukvalno: \u201eMoram danas da radim.\u201d)<\/p>\n\n\n\n<p>Savladavanje redoslijeda rije\u010di V2 je od su\u0161tinskog zna\u010daja za u\u010denje holandske gramatike.<\/p>\n\n\n\n<h3 class=\"wp-block-heading\" id=\"h-2-get-to-know-your-articles\">2. upoznaj se sa svojim artiklima<\/h3>\n\n\n\n<p>Holandski ima dva odre\u0111ena \u010dlana (&#8220;de&#8221; i &#8220;het&#8221;), i neodre\u0111eni \u010dlan (&#8220;een&#8221;). Izbor izme\u0111u dva odre\u0111ena \u010dlanka mo\u017ee biti zeznut, bez odre\u0111enog pravila koje treba slijediti. Kao po\u010detnik, najbolji na\u010din da ih nau\u010dite je kroz praksu i kontekst. Na primjer:<\/p>\n\n\n\n<p>De man \u2013 \u010covek<\/p>\n\n\n\n<p>Het meisje \u2013 Djevojka<\/p>\n\n\n\n<p>Een hond \u2013 Pas<\/p>\n\n\n\n<h3 class=\"wp-block-heading\" id=\"h-3-the-dance-of-dutch-conjugations\">Ples holandskih konjugacija<\/h3>\n\n\n\n<p>Kao i <a href=\"https:\/\/talkpal.ai\/learn-english-with-ai\/\">engleski<\/a>, holandski glagoli mijenjaju oblik kako bi prenijeli napetost i raspolo\u017eenje. U holandskom jeziku postoje tri osnovne grupe konjugacija glagola: slabi glagoli, jaki glagoli i <a href=\"https:\/\/talkpal.ai\/sl\/grammar\/nepravilni-glagoli-v-angleski-slovnici\/\">nepravilni glagoli<\/a>.<\/p>\n\n\n\n<p>Slabi glagoli slijede utvr\u0111ena pravila konjugacije, \u0161to ih \u010dini prili\u010dno lakim za u\u010denje.  <\/p>\n\n\n\n<p>Primjer (Present tense): Ik werk, jij werkt, hij\/zij\/u werkt, wij\/jullie\/zij werken<\/p>\n\n\n\n<p>Sna\u017eni glagoli uklju\u010duju promjene samoglasnika, \u0161to \u010desto navodi u\u010denike da ih pojedina\u010dno pamte.<\/p>\n\n\n\n<p>Primjer (Present tense): Ik zing, jij zingt, hij\/zij\/u zingt, wij\/jullie\/zij zingen<\/p>\n\n\n\n<p><a href=\"https:\/\/talkpal.ai\/sl\/grammar\/nepravilni-glagoli-v-angleski-slovnici\/\">Nepravilni glagoli<\/a>, kao \u0161to im ime govori, ne prate nikakav postavljeni obrazac za konjugaciju i moraju se u\u010diti samostalno.<\/p>\n\n\n\n<p>Primjer (Present tense): Ik ben, jij bent, hij\/zij\/u is, wij\/jullie\/zij zijn<\/p>\n\n\n\n<h3 class=\"wp-block-heading\" id=\"h-4-a-flair-for-pronouns\">4. \u0161ljokice za zamjenice<\/h3>\n\n\n\n<p>Zamenice u holandskoj gramatici zamenjuju imenice i neophodne su za dinami\u010dniji i fluidniji govor. Postoje li\u010dne zamenice, posesivne zamenice, demonstrativne zamenice i refleksivne zamenice. Kao po\u010detnik, razumevanje li\u010dnih i posesivnih zamenica je od klju\u010dnog zna\u010daja.<\/p>\n\n\n\n<p>Li\u010dne zamjenice: ik (I), jij\/je (ti), hij\/zij\/ze (on\/ona), wij\/we (mi), jullie (svi vi), zij\/ze (oni)<\/p>\n\n\n\n<p>Posesivne zamjenice: mijn (moj), jouw\/je (tvoj), zijn\/haar (njegov\/ona), ons\/onze (na\u0161), jullie (tvoja), hun\/hen (njihova)<\/p>\n\n\n\n<h3 class=\"wp-block-heading\" id=\"h-5-cases-no-more-mostly\">5. slu\u010dajevi vi\u0161e ne (uglavnom)<\/h3>\n\n\n\n<p>Za razliku od njema\u010dkog, holandski vi\u0161e ne koristi sistem slu\u010dajeva u svakodnevnom \u017eivotu, pru\u017eaju\u0107i odre\u0111eno olak\u0161anje od jezi\u010dkih blokada puteva. Jedini izuzetak je kada se radi o holandskim varijantama izraza \u201dko\u201d i \u201dkoga\u201d (wie i wie, respektivno), i nekoliko fiksnih izraza (kao \u0161to je te <a href=\"https:\/\/talkpal.ai\/locations\/learn-english-in-allen\/\">allen<\/a> tijde, \u0161to zna\u010di \u201du svakom trenutku\u201d).  <\/p>\n\n\n\n<p>\u010cestitam! Napravili ste prve korake da savladate holandsku gramatiku. Zapamtite da je praksa klju\u010dna, stoga nemojte oklijevati da zadubite dublje, komunicirate s izvornim govornicima i izgradite jaku osnovu. Veel uspjeh! (Sretno!)<\/p>\n<\/div><\/div>\n\r\n<section class=\"learnNavigationSection\">\r\n            \r\n        <a href=\"https:\/\/talkpal.ai\/bs\/nauci-holandski\/\">\r\n            <div class=\"learnNavigationWrapper\">\r\n                <div class=\"learnNavigationContent\">\r\n                    <img decoding=\"async\" src=\"https:\/\/talkpal.ai\/wp-content\/uploads\/2024\/08\/Dutch.jpg\" alt=\"Netherlands Flag\">\r\n                    <div>\r\n                        <h4>O u\u010denju holandskog<\/h4>\r\n                        <p>Saznajte sve o holandskoj gramatici.<\/p>\r\n                    <\/div>\r\n                <\/div>\r\n            <\/div>\r\n        <\/a>\r\n\r\n        \r\n        <a href=\"https:\/\/talkpal.ai\/bs\/holandske-gramaticke-vezbe\/\">\r\n            <div class=\"learnNavigationWrapper\">\r\n                <div class=\"learnNavigationContent\">\r\n                    <img decoding=\"async\" src=\"https:\/\/talkpal.ai\/wp-content\/uploads\/2024\/08\/Dutch.jpg\" alt=\"Netherlands Flag\">\r\n                    <div>\r\n                        <h4>Vje\u017eba nizozemske gramatike<\/h4>\r\n                        <p>Ve\u017ebajte holandsku gramatiku.<\/p>\r\n                    <\/div>\r\n                <\/div>\r\n            <\/div>\r\n        <\/a>\r\n\r\n        \r\n        <a href=\"https:\/\/talkpal.ai\/vocabulary_language\/dutch\/\">\r\n            <div class=\"learnNavigationWrapper\">\r\n                <div class=\"learnNavigationContent\">\r\n                    <img decoding=\"async\" src=\"https:\/\/talkpal.ai\/wp-content\/uploads\/2024\/08\/Dutch.jpg\" alt=\"Netherlands Flag\">\r\n                    <div>\r\n                        <h4>Holandski vokabular<\/h4>\r\n                        <p>Pro\u0161irite svoj vokabular holandskog.<\/p>\r\n                    <\/div>\r\n                <\/div>\r\n            <\/div>\r\n        <\/a>\r\n\r\n            <\/section>","protected":false},"excerpt":{"rendered":"<p>Holandska gramatika: Savladajte mehaniku holandskog jezika Ako ste napravili korak da nau\u010dite holandski, \u010deka vas uzbudljiva vo\u017enja! Sa preko 23 miliona govornika \u0161irom sveta, holandski je fantasti\u010dan jezik koji ja\u010da va\u0161u jezi\u010dku snagu i pro\u0161iruje va\u0161e vidike. Mo\u017eda ste \u010duli glasine o slo\u017eenosti holandske gramatike, ali se ne pla\u0161ite! Ovaj \u010dlanak slu\u017ei kao prijateljski vodi\u010d [&hellip;]<\/p>\n","protected":false},"author":1,"featured_media":106329,"parent":0,"menu_order":0,"comment_status":"closed","ping_status":"closed","template":"LearningContentPage.php","meta":{"_acf_changed":false,"footnotes":""},"class_list":["post-128797","page","type-page","status-publish","has-post-thumbnail","hentry"],"acf":[],"yoast_head":"<!-- This site is optimized with the Yoast SEO Premium plugin v27.2 (Yoast SEO v27.2) - https:\/\/yoast.com\/product\/yoast-seo-premium-wordpress\/ -->\n<title>Holandska gramatika - Talkpal<\/title>\n<meta name=\"description\" content=\"Savladajte holandsku gramatiku uz Talkpal , va\u0161eg tutora jezika pokretanog vje\u0161ta\u010dkom inteligencijom. Pristupite jasnim obja\u0161njenjima, prakti\u010dnim primjerima i interaktivnim vje\u017ebama!\" \/>\n<meta name=\"robots\" content=\"index, follow, max-snippet:-1, max-image-preview:large, max-video-preview:-1\" \/>\n<link rel=\"canonical\" href=\"https:\/\/talkpal.ai\/bs\/holandska-gramatika\/\" \/>\n<meta property=\"og:locale\" content=\"bs_BA\" \/>\n<meta property=\"og:type\" content=\"article\" \/>\n<meta property=\"og:title\" content=\"Holandska gramatika\" \/>\n<meta property=\"og:description\" content=\"Holandska gramatika: Savladajte mehaniku holandskog jezika Ako ste napravili korak da nau\u010dite holandski, \u010deka vas uzbudljiva vo\u017enja! Sa preko 23 miliona\" \/>\n<meta property=\"og:url\" content=\"https:\/\/talkpal.ai\/bs\/holandska-gramatika\/\" \/>\n<meta property=\"og:site_name\" content=\"Talkpal\" \/>\n<meta property=\"article:publisher\" content=\"https:\/\/www.facebook.com\/profile.php?id=100090733639311\" \/>\n<meta property=\"article:modified_time\" content=\"2025-12-11T17:04:55+00:00\" \/>\n<meta property=\"og:image\" content=\"https:\/\/talkpal.ai\/wp-content\/uploads\/2023\/04\/netherlands-dutch.png\" \/>\n\t<meta property=\"og:image:width\" content=\"512\" \/>\n\t<meta property=\"og:image:height\" content=\"512\" \/>\n\t<meta property=\"og:image:type\" content=\"image\/png\" \/>\n<meta name=\"twitter:card\" content=\"summary_large_image\" \/>\n<meta name=\"twitter:site\" content=\"@talkpalai\" \/>\n<meta name=\"twitter:label1\" content=\"Est. reading time\" \/>\n\t<meta name=\"twitter:data1\" content=\"3 minute\" \/>\n<script type=\"application\/ld+json\" class=\"yoast-schema-graph\">{\"@context\":\"https:\/\/schema.org\",\"@graph\":[{\"@type\":\"WebPage\",\"@id\":\"https:\/\/talkpal.ai\/bs\/holandska-gramatika\/\",\"url\":\"https:\/\/talkpal.ai\/bs\/holandska-gramatika\/\",\"name\":\"Holandska gramatika - Talkpal\",\"isPartOf\":{\"@id\":\"https:\/\/talkpal.ai\/bs\/#website\"},\"primaryImageOfPage\":{\"@id\":\"https:\/\/talkpal.ai\/bs\/holandska-gramatika\/#primaryimage\"},\"image\":{\"@id\":\"https:\/\/talkpal.ai\/bs\/holandska-gramatika\/#primaryimage\"},\"thumbnailUrl\":\"https:\/\/talkpal.ai\/wp-content\/uploads\/2023\/04\/netherlands-dutch.png\",\"datePublished\":\"2023-05-14T13:49:38+00:00\",\"dateModified\":\"2025-12-11T17:04:55+00:00\",\"description\":\"Savladajte holandsku gramatiku uz Talkpal , va\u0161eg tutora jezika pokretanog vje\u0161ta\u010dkom inteligencijom. Pristupite jasnim obja\u0161njenjima, prakti\u010dnim primjerima i interaktivnim vje\u017ebama!\",\"breadcrumb\":{\"@id\":\"https:\/\/talkpal.ai\/bs\/holandska-gramatika\/#breadcrumb\"},\"inLanguage\":\"bs-BA\",\"potentialAction\":[{\"@type\":\"ReadAction\",\"target\":[\"https:\/\/talkpal.ai\/bs\/holandska-gramatika\/\"]}]},{\"@type\":\"ImageObject\",\"inLanguage\":\"bs-BA\",\"@id\":\"https:\/\/talkpal.ai\/bs\/holandska-gramatika\/#primaryimage\",\"url\":\"https:\/\/talkpal.ai\/wp-content\/uploads\/2023\/04\/netherlands-dutch.png\",\"contentUrl\":\"https:\/\/talkpal.ai\/wp-content\/uploads\/2023\/04\/netherlands-dutch.png\",\"width\":512,\"height\":512},{\"@type\":\"BreadcrumbList\",\"@id\":\"https:\/\/talkpal.ai\/bs\/holandska-gramatika\/#breadcrumb\",\"itemListElement\":[{\"@type\":\"ListItem\",\"position\":1,\"name\":\"Homepage\",\"item\":\"https:\/\/talkpal.ai\/bs\/\"},{\"@type\":\"ListItem\",\"position\":2,\"name\":\"Holandska gramatika\"}]},{\"@type\":\"WebSite\",\"@id\":\"https:\/\/talkpal.ai\/bs\/#website\",\"url\":\"https:\/\/talkpal.ai\/bs\/\",\"name\":\"Talkpal\",\"description\":\"AI Language Learning\",\"publisher\":{\"@id\":\"https:\/\/talkpal.ai\/bs\/#organization\"},\"alternateName\":\"Talkpal AI\",\"potentialAction\":[{\"@type\":\"SearchAction\",\"target\":{\"@type\":\"EntryPoint\",\"urlTemplate\":\"https:\/\/talkpal.ai\/bs\/?s={search_term_string}\"},\"query-input\":{\"@type\":\"PropertyValueSpecification\",\"valueRequired\":true,\"valueName\":\"search_term_string\"}}],\"inLanguage\":\"bs-BA\"},{\"@type\":\"Organization\",\"@id\":\"https:\/\/talkpal.ai\/bs\/#organization\",\"name\":\"Talkpal, Inc.\",\"alternateName\":\"Talkpal AI\",\"url\":\"https:\/\/talkpal.ai\/bs\/\",\"logo\":{\"@type\":\"ImageObject\",\"inLanguage\":\"bs-BA\",\"@id\":\"https:\/\/talkpal.ai\/bs\/#\/schema\/logo\/image\/\",\"url\":\"https:\/\/talkpal.ai\/wp-content\/uploads\/2024\/03\/Talkpal-Logo-Icon.png\",\"contentUrl\":\"https:\/\/talkpal.ai\/wp-content\/uploads\/2024\/03\/Talkpal-Logo-Icon.png\",\"width\":2880,\"height\":2880,\"caption\":\"Talkpal, Inc.\"},\"image\":{\"@id\":\"https:\/\/talkpal.ai\/bs\/#\/schema\/logo\/image\/\"},\"sameAs\":[\"https:\/\/www.facebook.com\/profile.php?id=100090733639311\",\"https:\/\/x.com\/talkpalai\",\"https:\/\/www.linkedin.com\/company\/talkpal\/\",\"https:\/\/www.youtube.com\/@TalkPal\/\",\"https:\/\/www.tiktok.com\/@talkpal\",\"https:\/\/www.instagram.com\/talkpal_ai\/\",\"https:\/\/www.crunchbase.com\/organization\/talkpal-9cde\",\"https:\/\/www.g2.com\/products\/talkpal-for-business\/\",\"https:\/\/www.trustpilot.com\/review\/talkpal.ai\",\"https:\/\/www.capterra.com\/p\/10006800\/TalkPal\/\"],\"description\":\"Talkpal is a language learning web and mobile education app, powered by the latest AI technologies, that provides engaging experiences to its customers in many different languages to help them improve their language skills. Users can chat about unlimited amount of topics with the app and use other modes to practice their language learning.\",\"email\":\"support@talkpal.ai\",\"legalName\":\"Talkpal, Inc.\",\"foundingDate\":\"2023-04-03\",\"duns\":\"118989042\",\"numberOfEmployees\":{\"@type\":\"QuantitativeValue\",\"minValue\":\"11\",\"maxValue\":\"50\"},\"publishingPrinciples\":\"https:\/\/talkpal.ai\/publishing-principles\/\",\"actionableFeedbackPolicy\":\"https:\/\/talkpal.ai\/actionable-feedback-policy\/\",\"correctionsPolicy\":\"https:\/\/talkpal.ai\/corrections-policy\/\",\"ethicsPolicy\":\"https:\/\/talkpal.ai\/ethics-policy\/\",\"diversityPolicy\":\"https:\/\/talkpal.ai\/diversity-policy\/\",\"diversityStaffingReport\":\"https:\/\/talkpal.ai\/diversity-policy\/\"}]}<\/script>\n<!-- \/ Yoast SEO Premium plugin. -->","yoast_head_json":{"title":"Holandska gramatika - Talkpal","description":"Savladajte holandsku gramatiku uz Talkpal , va\u0161eg tutora jezika pokretanog vje\u0161ta\u010dkom inteligencijom. Pristupite jasnim obja\u0161njenjima, prakti\u010dnim primjerima i interaktivnim vje\u017ebama!","robots":{"index":"index","follow":"follow","max-snippet":"max-snippet:-1","max-image-preview":"max-image-preview:large","max-video-preview":"max-video-preview:-1"},"canonical":"https:\/\/talkpal.ai\/bs\/holandska-gramatika\/","og_locale":"bs_BA","og_type":"article","og_title":"Holandska gramatika","og_description":"Holandska gramatika: Savladajte mehaniku holandskog jezika Ako ste napravili korak da nau\u010dite holandski, \u010deka vas uzbudljiva vo\u017enja! Sa preko 23 miliona","og_url":"https:\/\/talkpal.ai\/bs\/holandska-gramatika\/","og_site_name":"Talkpal","article_publisher":"https:\/\/www.facebook.com\/profile.php?id=100090733639311","article_modified_time":"2025-12-11T17:04:55+00:00","og_image":[{"width":512,"height":512,"url":"https:\/\/talkpal.ai\/wp-content\/uploads\/2023\/04\/netherlands-dutch.png","type":"image\/png"}],"twitter_card":"summary_large_image","twitter_site":"@talkpalai","twitter_misc":{"Est. reading time":"3 minute"},"schema":{"@context":"https:\/\/schema.org","@graph":[{"@type":"WebPage","@id":"https:\/\/talkpal.ai\/bs\/holandska-gramatika\/","url":"https:\/\/talkpal.ai\/bs\/holandska-gramatika\/","name":"Holandska gramatika - Talkpal","isPartOf":{"@id":"https:\/\/talkpal.ai\/bs\/#website"},"primaryImageOfPage":{"@id":"https:\/\/talkpal.ai\/bs\/holandska-gramatika\/#primaryimage"},"image":{"@id":"https:\/\/talkpal.ai\/bs\/holandska-gramatika\/#primaryimage"},"thumbnailUrl":"https:\/\/talkpal.ai\/wp-content\/uploads\/2023\/04\/netherlands-dutch.png","datePublished":"2023-05-14T13:49:38+00:00","dateModified":"2025-12-11T17:04:55+00:00","description":"Savladajte holandsku gramatiku uz Talkpal , va\u0161eg tutora jezika pokretanog vje\u0161ta\u010dkom inteligencijom. Pristupite jasnim obja\u0161njenjima, prakti\u010dnim primjerima i interaktivnim vje\u017ebama!","breadcrumb":{"@id":"https:\/\/talkpal.ai\/bs\/holandska-gramatika\/#breadcrumb"},"inLanguage":"bs-BA","potentialAction":[{"@type":"ReadAction","target":["https:\/\/talkpal.ai\/bs\/holandska-gramatika\/"]}]},{"@type":"ImageObject","inLanguage":"bs-BA","@id":"https:\/\/talkpal.ai\/bs\/holandska-gramatika\/#primaryimage","url":"https:\/\/talkpal.ai\/wp-content\/uploads\/2023\/04\/netherlands-dutch.png","contentUrl":"https:\/\/talkpal.ai\/wp-content\/uploads\/2023\/04\/netherlands-dutch.png","width":512,"height":512},{"@type":"BreadcrumbList","@id":"https:\/\/talkpal.ai\/bs\/holandska-gramatika\/#breadcrumb","itemListElement":[{"@type":"ListItem","position":1,"name":"Homepage","item":"https:\/\/talkpal.ai\/bs\/"},{"@type":"ListItem","position":2,"name":"Holandska gramatika"}]},{"@type":"WebSite","@id":"https:\/\/talkpal.ai\/bs\/#website","url":"https:\/\/talkpal.ai\/bs\/","name":"Talkpal","description":"AI Language Learning","publisher":{"@id":"https:\/\/talkpal.ai\/bs\/#organization"},"alternateName":"Talkpal AI","potentialAction":[{"@type":"SearchAction","target":{"@type":"EntryPoint","urlTemplate":"https:\/\/talkpal.ai\/bs\/?s={search_term_string}"},"query-input":{"@type":"PropertyValueSpecification","valueRequired":true,"valueName":"search_term_string"}}],"inLanguage":"bs-BA"},{"@type":"Organization","@id":"https:\/\/talkpal.ai\/bs\/#organization","name":"Talkpal, Inc.","alternateName":"Talkpal AI","url":"https:\/\/talkpal.ai\/bs\/","logo":{"@type":"ImageObject","inLanguage":"bs-BA","@id":"https:\/\/talkpal.ai\/bs\/#\/schema\/logo\/image\/","url":"https:\/\/talkpal.ai\/wp-content\/uploads\/2024\/03\/Talkpal-Logo-Icon.png","contentUrl":"https:\/\/talkpal.ai\/wp-content\/uploads\/2024\/03\/Talkpal-Logo-Icon.png","width":2880,"height":2880,"caption":"Talkpal, Inc."},"image":{"@id":"https:\/\/talkpal.ai\/bs\/#\/schema\/logo\/image\/"},"sameAs":["https:\/\/www.facebook.com\/profile.php?id=100090733639311","https:\/\/x.com\/talkpalai","https:\/\/www.linkedin.com\/company\/talkpal\/","https:\/\/www.youtube.com\/@TalkPal\/","https:\/\/www.tiktok.com\/@talkpal","https:\/\/www.instagram.com\/talkpal_ai\/","https:\/\/www.crunchbase.com\/organization\/talkpal-9cde","https:\/\/www.g2.com\/products\/talkpal-for-business\/","https:\/\/www.trustpilot.com\/review\/talkpal.ai","https:\/\/www.capterra.com\/p\/10006800\/TalkPal\/"],"description":"Talkpal is a language learning web and mobile education app, powered by the latest AI technologies, that provides engaging experiences to its customers in many different languages to help them improve their language skills. Users can chat about unlimited amount of topics with the app and use other modes to practice their language learning.","email":"support@talkpal.ai","legalName":"Talkpal, Inc.","foundingDate":"2023-04-03","duns":"118989042","numberOfEmployees":{"@type":"QuantitativeValue","minValue":"11","maxValue":"50"},"publishingPrinciples":"https:\/\/talkpal.ai\/publishing-principles\/","actionableFeedbackPolicy":"https:\/\/talkpal.ai\/actionable-feedback-policy\/","correctionsPolicy":"https:\/\/talkpal.ai\/corrections-policy\/","ethicsPolicy":"https:\/\/talkpal.ai\/ethics-policy\/","diversityPolicy":"https:\/\/talkpal.ai\/diversity-policy\/","diversityStaffingReport":"https:\/\/talkpal.ai\/diversity-policy\/"}]}},"_links":{"self":[{"href":"https:\/\/talkpal.ai\/bs\/wp-json\/wp\/v2\/pages\/128797","targetHints":{"allow":["GET"]}}],"collection":[{"href":"https:\/\/talkpal.ai\/bs\/wp-json\/wp\/v2\/pages"}],"about":[{"href":"https:\/\/talkpal.ai\/bs\/wp-json\/wp\/v2\/types\/page"}],"author":[{"embeddable":true,"href":"https:\/\/talkpal.ai\/bs\/wp-json\/wp\/v2\/users\/1"}],"replies":[{"embeddable":true,"href":"https:\/\/talkpal.ai\/bs\/wp-json\/wp\/v2\/comments?post=128797"}],"version-history":[{"count":0,"href":"https:\/\/talkpal.ai\/bs\/wp-json\/wp\/v2\/pages\/128797\/revisions"}],"wp:featuredmedia":[{"embeddable":true,"href":"https:\/\/talkpal.ai\/bs\/wp-json\/wp\/v2\/media\/106329"}],"wp:attachment":[{"href":"https:\/\/talkpal.ai\/bs\/wp-json\/wp\/v2\/media?parent=128797"}],"curies":[{"name":"wp","href":"https:\/\/api.w.org\/{rel}","templated":true}]}}