{"id":127902,"date":"2023-05-14T13:43:38","date_gmt":"2023-05-14T13:43:38","guid":{"rendered":"http:\/\/talkpal.ai\/arapska-gramatika\/"},"modified":"2025-05-21T11:49:08","modified_gmt":"2025-05-21T11:49:08","slug":"arapska-gramatika","status":"publish","type":"page","link":"https:\/\/talkpal.ai\/bs\/arapska-gramatika\/","title":{"rendered":"Arapska gramatika"},"content":{"rendered":"\r\n\r\n\r\n<section class=\"languageChallengeSection\">\r\n    <div class=\"languageInfoWrapper\">\r\n        \r\n        <h1>Arapska gramatika<\/h1>\r\n        <p>Unaprijedite svoje znanje arapskog jezika istra\u017eivanjem osnovnih gramati\u010dkih koncepata i jasnih, detaljnih obja\u0161njenja. Po\u010dnite savladavati arapsku gramatiku odmah i komunicirajte s ve\u0107om te\u010dno\u0161\u0107u i samopouzdanjem!<\/p>\r\n\r\n                            <a class=\"getStartedHidden\" href=\"https:\/\/app.talkpal.ai\/signup?lng=\">Kreni<\/a>\r\n        \r\n    <\/div>\r\n\r\n    <figure>\r\n    <img decoding=\"async\" width=\"768\" height=\"768\" src=\"https:\/\/talkpal.ai\/wp-content\/uploads\/2023\/06\/arabic-768x768.png\" class=\"languageImage no-lazy\" alt=\"Language learning for linguistic diversity\" fetchpriority=\"high\" sizes=\"(max-width: 768px) 150px, 768px\" srcset=\"https:\/\/talkpal.ai\/wp-content\/uploads\/2023\/06\/arabic-768x768.png 768w, https:\/\/talkpal.ai\/wp-content\/uploads\/2023\/06\/arabic-300x300.png 300w\" \/>\r\n    \r\n\r\n    <\/figure>\r\n\r\n            <a class=\"getStartedVisible\" href=\"https:\/\/app.talkpal.ai\/signup?lng=\">Kreni<\/a>\r\n    \r\n<\/section>\r\n<section class=\"promotionalBanner\">\r\n    <p class=\"promotionalText\">Najefikasniji na\u010din za u\u010denje jezika<\/p>\r\n    <a class=\"promotionalLink\" href=\"https:\/\/app.talkpal.ai\/signup?lng=\">Isprobajte Talkpal besplatno<\/a>\r\n<\/section>\n<div class=\"wp-block-group pageContainerStyle\"><div class=\"wp-block-group__inner-container is-layout-constrained wp-block-group-is-layout-constrained\">\n<h2 class=\"wp-block-heading\" id=\"h-the-intricacies-of-arabic-grammar-a-journey-through-its-roots-and-beauty\">Zamr\u0161enost arapske gramatike: putovanje kroz njene korene i lepotu<\/h2>\n\n\n\n<p><strong>Da li se se\u0107ate kada ste po\u010deli da u\u010dite engleski jezik?<\/strong>  Naizgled beskrajna pravila, izuzeci i terminologije mo\u017eda su vas ponekad ostavili preoptere\u0107enim. Ako razmi\u0161ljate o u\u010denju arapskog jezika, budite sigurni da i on ima jedinstven i zamr\u0161en gramati\u010dki sistem. Dakle, krenimo na kratko, ali pou\u010dno putovanje kroz korijene i ljepotu arapske gramatike.<\/p>\n\n\n\n<p>Za po\u010detak, ustanovimo neke <strong>klju\u010dne razlike izme\u0111u arapske i engleske gramatike.<\/strong> U arapskom jeziku rije\u010di su podijeljene u tri kategorije: imenice, glagoli i \u010destice. Za razliku od engleskog, arapske rije\u010di slijede korijenski sistem, \u0161to zna\u010di da mo\u017eete pratiti osnovno zna\u010denje rije\u010di identificiraju\u0107i njen korijen. Ovaj korenski sistem daje arapskom izuzetan nivo dubine i bogatstva. Neverovatna stvar u vezi sa arapskom gramatikom je njeno oslanjanje na obrasce, \u0161to \u010desto omogu\u0107ava govornicima da kreiraju nove re\u010di prate\u0107i odre\u0111ene strukture.<\/p>\n\n\n\n<p>Jo\u0161 jedan va\u017ean aspekt <strong>arapske gramatike je da je to rodno odre\u0111en jezik<\/strong> , \u0161to zna\u010di da imenice i pridjevi imaju rodno specifi\u010dne oblike. <a href=\"https:\/\/talkpal.ai\/culture\/what-is-the-difference-between-da-li-and-je-li-in-forming-questions\/\">Da li<\/a> ste znali da arapski \u010dak ima i dvostruki oblik pored jednine i mno\u017eine? Istina je! Arapski dvostruki oblik se koristi za ozna\u010davanje parova, kao \u0161to su o\u010di, ruke ili roditelji. Dodaje dodatni sloj specifi\u010dnosti koji nedostaje engleskom jeziku.<\/p>\n\n\n\n<p>Hajde sada da razgovaramo o <strong>konjugaciji glagola u arapskom jeziku<\/strong> , koji je sam po sebi potpuno <a href=\"https:\/\/talkpal.ai\/locations\/language-courses-in-novi\/\">novi<\/a> svijet. Arapski glagoli su zasnovani na sistemu korijena, koji se obi\u010dno sastoji od tri jezgra suglasnika. Korijen odre\u0111uje osnovno zna\u010denje glagola, a dodavanjem samoglasnika stvarate razli\u010dite oblike glagola koji izra\u017eavaju razli\u010dita zna\u010denja i vremena. Na primer, promena samoglasnika u korenu mo\u017ee promeniti napetost iz pro\u0161losti u sada\u0161njost, ili pretvoriti aktivni glagol u pasivni. Prili\u010dno neverovatno, <a href=\"https:\/\/talkpal.ai\/culture\/how-do-you-use-the-phrase-zar-ne-at-the-end-of-a-sentence\/\">zar ne<\/a>?<\/p>\n\n\n\n<p>Jo\u0161 jedan fascinantan aspekt arapske gramatike o kojem moramo razgovarati je <strong>odre\u0111enost<\/strong>. U engleskom jeziku koristimo rije\u010d \u201cthe\u201d da ozna\u010dimo da je imenica odre\u0111ena. Na arapskom, ovaj koncept je ugra\u0111en u jezik kroz malu \u010desticu pod nazivom \u201cAl-\u201d <a href=\"https:\/\/talkpal.ai\/locations\/language-courses-in-koja\/\">koja<\/a> se dodaje na po\u010detak rije\u010di. Kada ispred imenice stoji \u201eAl-\u201c, ona postaje odre\u0111ena bez ikakvih dodatnih kvalifikatora. Dakle, umjesto da ka\u017eete \u201cku\u0107a je velika\u201d na arapskom, rekli biste \u201cAl-baytu kabir\u201d, gdje \u201cAl-baytu\u201d zna\u010di \u201cku\u0107a\u201d.<\/p>\n\n\n\n<p><strong>Konverzacijski arapski<\/strong> je dinami\u010dniji i fluidniji od formalnog arapskog, kao \u0161to je slu\u010daj sa bilo kojim jezikom. Me\u0111utim, savladavanje osnovnih principa arapske gramatike ostaje od su\u0161tinskog zna\u010daja za istinsko razumevanje i uva\u017eavanje jezika. Jednom kada savladate korenove obrasce, rodne forme i konjugacije glagola, posta\u0107e mnogo lak\u0161e prepoznati i nau\u010diti nove re\u010di.<\/p>\n\n\n\n<p><strong>U\u010denje arapske gramatike<\/strong> u po\u010detku mo\u017ee izgledati zastra\u0161uju\u0107e, ali uz upornost i predanost mo\u0107i \u0107ete cijeniti ljepotu ovog zamr\u0161enog jezika. Ba\u0161 kao i re\u0161avanje slo\u017eene zagonetke ili de\u0161ifrovanje \u0161ifrovanog koda, nagrada le\u017ei u zadovoljstvu otklju\u010davanja misterija arapskog jezika i uranjanja u njegovu bogatu kulturu, istoriju i knji\u017eevnost. Pa, \u0161ta \u010deka\u0161? Zaronite u o\u010daravaju\u0107i svet arapske gramatike i otkrijte njenu pravu su\u0161tinu za sebe.<\/p>\n<\/div><\/div>\n\r\n<section class=\"learnNavigationSection\">\r\n            \r\n        <a href=\"https:\/\/talkpal.ai\/bs\/nauci-arapski\/\">\r\n            <div class=\"learnNavigationWrapper\">\r\n                <div class=\"learnNavigationContent\">\r\n                    <img decoding=\"async\" src=\"https:\/\/talkpal.ai\/wp-content\/uploads\/2024\/08\/Arabic.jpg\" alt=\"Arabic Flag\">\r\n                    <div>\r\n                        <h4>O u\u010denju arapskog<\/h4>\r\n                        <p>Saznaj sve o arapskoj gramatici.<\/p>\r\n                    <\/div>\r\n                <\/div>\r\n            <\/div>\r\n        <\/a>\r\n\r\n        \r\n        <a href=\"https:\/\/talkpal.ai\/bs\/arapske-gramaticke-vezbe\/\">\r\n            <div class=\"learnNavigationWrapper\">\r\n                <div class=\"learnNavigationContent\">\r\n                    <img decoding=\"async\" src=\"https:\/\/talkpal.ai\/wp-content\/uploads\/2024\/08\/Arabic.jpg\" alt=\"Arabic Flag\">\r\n                    <div>\r\n                        <h4>Vje\u017eba iz arapske gramatike<\/h4>\r\n                        <p>Praktikuj arapsku gramatiku.<\/p>\r\n                    <\/div>\r\n                <\/div>\r\n            <\/div>\r\n        <\/a>\r\n\r\n        \r\n        <a href=\"https:\/\/talkpal.ai\/vocabulary_language\/arabic\/\">\r\n            <div class=\"learnNavigationWrapper\">\r\n                <div class=\"learnNavigationContent\">\r\n                    <img decoding=\"async\" src=\"https:\/\/talkpal.ai\/wp-content\/uploads\/2024\/08\/Arabic.jpg\" alt=\"Arabic Flag\">\r\n                    <div>\r\n                        <h4>arapski vokabular<\/h4>\r\n                        <p>Pro\u0161irite svoj arapski vokabular.<\/p>\r\n                    <\/div>\r\n                <\/div>\r\n            <\/div>\r\n        <\/a>\r\n\r\n            <\/section>","protected":false},"excerpt":{"rendered":"<p>Zamr\u0161enost arapske gramatike: putovanje kroz njene korene i lepotu Da li se se\u0107ate kada ste po\u010deli da u\u010dite engleski jezik? Naizgled beskrajna pravila, izuzeci i terminologije mo\u017eda su vas ponekad ostavili preoptere\u0107enim. Ako razmi\u0161ljate o u\u010denju arapskog jezika, budite sigurni da i on ima jedinstven i zamr\u0161en gramati\u010dki sistem. Dakle, krenimo na kratko, ali pou\u010dno [&hellip;]<\/p>\n","protected":false},"author":1,"featured_media":105860,"parent":0,"menu_order":0,"comment_status":"closed","ping_status":"closed","template":"LearningContentPage.php","meta":{"_acf_changed":false,"footnotes":""},"class_list":["post-127902","page","type-page","status-publish","has-post-thumbnail","hentry"],"acf":[],"yoast_head":"<!-- This site is optimized with the Yoast SEO Premium plugin v27.2 (Yoast SEO v27.2) - https:\/\/yoast.com\/product\/yoast-seo-premium-wordpress\/ -->\n<title>Arapska gramatika - Talkpal<\/title>\n<meta name=\"description\" content=\"Istra\u017eite zamr\u0161enosti arapske gramatike i otkrijte njenu jedinstvenu strukturu u pore\u0111enju s engleskom gramatikom.\" \/>\n<meta name=\"robots\" content=\"index, follow, max-snippet:-1, max-image-preview:large, max-video-preview:-1\" \/>\n<link rel=\"canonical\" href=\"https:\/\/talkpal.ai\/bs\/arapska-gramatika\/\" \/>\n<meta property=\"og:locale\" content=\"bs_BA\" \/>\n<meta property=\"og:type\" content=\"article\" \/>\n<meta property=\"og:title\" content=\"Arapska gramatika\" \/>\n<meta property=\"og:description\" content=\"Zamr\u0161enost arapske gramatike: putovanje kroz njene korene i lepotu Da li se se\u0107ate kada ste po\u010deli da u\u010dite engleski jezik? Naizgled beskrajna pravila,\" \/>\n<meta property=\"og:url\" content=\"https:\/\/talkpal.ai\/bs\/arapska-gramatika\/\" \/>\n<meta property=\"og:site_name\" content=\"Talkpal\" \/>\n<meta property=\"article:publisher\" content=\"https:\/\/www.facebook.com\/profile.php?id=100090733639311\" \/>\n<meta property=\"article:modified_time\" content=\"2025-05-21T11:49:08+00:00\" \/>\n<meta property=\"og:image\" content=\"https:\/\/talkpal.ai\/wp-content\/uploads\/2023\/04\/arabic-united-arab-emirates.png\" \/>\n\t<meta property=\"og:image:width\" content=\"512\" \/>\n\t<meta property=\"og:image:height\" content=\"512\" \/>\n\t<meta property=\"og:image:type\" content=\"image\/png\" \/>\n<meta name=\"twitter:card\" content=\"summary_large_image\" \/>\n<meta name=\"twitter:site\" content=\"@talkpalai\" \/>\n<meta name=\"twitter:label1\" content=\"Est. reading time\" \/>\n\t<meta name=\"twitter:data1\" content=\"3 minute\" \/>\n<script type=\"application\/ld+json\" class=\"yoast-schema-graph\">{\"@context\":\"https:\/\/schema.org\",\"@graph\":[{\"@type\":\"WebPage\",\"@id\":\"https:\/\/talkpal.ai\/bs\/arapska-gramatika\/\",\"url\":\"https:\/\/talkpal.ai\/bs\/arapska-gramatika\/\",\"name\":\"Arapska gramatika - Talkpal\",\"isPartOf\":{\"@id\":\"https:\/\/talkpal.ai\/bs\/#website\"},\"primaryImageOfPage\":{\"@id\":\"https:\/\/talkpal.ai\/bs\/arapska-gramatika\/#primaryimage\"},\"image\":{\"@id\":\"https:\/\/talkpal.ai\/bs\/arapska-gramatika\/#primaryimage\"},\"thumbnailUrl\":\"https:\/\/talkpal.ai\/wp-content\/uploads\/2023\/04\/arabic-united-arab-emirates.png\",\"datePublished\":\"2023-05-14T13:43:38+00:00\",\"dateModified\":\"2025-05-21T11:49:08+00:00\",\"description\":\"Istra\u017eite zamr\u0161enosti arapske gramatike i otkrijte njenu jedinstvenu strukturu u pore\u0111enju s engleskom gramatikom.\",\"breadcrumb\":{\"@id\":\"https:\/\/talkpal.ai\/bs\/arapska-gramatika\/#breadcrumb\"},\"inLanguage\":\"bs-BA\",\"potentialAction\":[{\"@type\":\"ReadAction\",\"target\":[\"https:\/\/talkpal.ai\/bs\/arapska-gramatika\/\"]}]},{\"@type\":\"ImageObject\",\"inLanguage\":\"bs-BA\",\"@id\":\"https:\/\/talkpal.ai\/bs\/arapska-gramatika\/#primaryimage\",\"url\":\"https:\/\/talkpal.ai\/wp-content\/uploads\/2023\/04\/arabic-united-arab-emirates.png\",\"contentUrl\":\"https:\/\/talkpal.ai\/wp-content\/uploads\/2023\/04\/arabic-united-arab-emirates.png\",\"width\":512,\"height\":512},{\"@type\":\"BreadcrumbList\",\"@id\":\"https:\/\/talkpal.ai\/bs\/arapska-gramatika\/#breadcrumb\",\"itemListElement\":[{\"@type\":\"ListItem\",\"position\":1,\"name\":\"Homepage\",\"item\":\"https:\/\/talkpal.ai\/bs\/\"},{\"@type\":\"ListItem\",\"position\":2,\"name\":\"Arapska gramatika\"}]},{\"@type\":\"WebSite\",\"@id\":\"https:\/\/talkpal.ai\/bs\/#website\",\"url\":\"https:\/\/talkpal.ai\/bs\/\",\"name\":\"Talkpal\",\"description\":\"AI Language Learning\",\"publisher\":{\"@id\":\"https:\/\/talkpal.ai\/bs\/#organization\"},\"alternateName\":\"Talkpal AI\",\"potentialAction\":[{\"@type\":\"SearchAction\",\"target\":{\"@type\":\"EntryPoint\",\"urlTemplate\":\"https:\/\/talkpal.ai\/bs\/?s={search_term_string}\"},\"query-input\":{\"@type\":\"PropertyValueSpecification\",\"valueRequired\":true,\"valueName\":\"search_term_string\"}}],\"inLanguage\":\"bs-BA\"},{\"@type\":\"Organization\",\"@id\":\"https:\/\/talkpal.ai\/bs\/#organization\",\"name\":\"Talkpal, Inc.\",\"alternateName\":\"Talkpal AI\",\"url\":\"https:\/\/talkpal.ai\/bs\/\",\"logo\":{\"@type\":\"ImageObject\",\"inLanguage\":\"bs-BA\",\"@id\":\"https:\/\/talkpal.ai\/bs\/#\/schema\/logo\/image\/\",\"url\":\"https:\/\/talkpal.ai\/wp-content\/uploads\/2024\/03\/Talkpal-Logo-Icon.png\",\"contentUrl\":\"https:\/\/talkpal.ai\/wp-content\/uploads\/2024\/03\/Talkpal-Logo-Icon.png\",\"width\":2880,\"height\":2880,\"caption\":\"Talkpal, Inc.\"},\"image\":{\"@id\":\"https:\/\/talkpal.ai\/bs\/#\/schema\/logo\/image\/\"},\"sameAs\":[\"https:\/\/www.facebook.com\/profile.php?id=100090733639311\",\"https:\/\/x.com\/talkpalai\",\"https:\/\/www.linkedin.com\/company\/talkpal\/\",\"https:\/\/www.youtube.com\/@TalkPal\/\",\"https:\/\/www.tiktok.com\/@talkpal\",\"https:\/\/www.instagram.com\/talkpal_ai\/\",\"https:\/\/www.crunchbase.com\/organization\/talkpal-9cde\",\"https:\/\/www.g2.com\/products\/talkpal-for-business\/\",\"https:\/\/www.trustpilot.com\/review\/talkpal.ai\",\"https:\/\/www.capterra.com\/p\/10006800\/TalkPal\/\"],\"description\":\"Talkpal is a language learning web and mobile education app, powered by the latest AI technologies, that provides engaging experiences to its customers in many different languages to help them improve their language skills. Users can chat about unlimited amount of topics with the app and use other modes to practice their language learning.\",\"email\":\"support@talkpal.ai\",\"legalName\":\"Talkpal, Inc.\",\"foundingDate\":\"2023-04-03\",\"duns\":\"118989042\",\"numberOfEmployees\":{\"@type\":\"QuantitativeValue\",\"minValue\":\"11\",\"maxValue\":\"50\"},\"publishingPrinciples\":\"https:\/\/talkpal.ai\/publishing-principles\/\",\"actionableFeedbackPolicy\":\"https:\/\/talkpal.ai\/actionable-feedback-policy\/\",\"correctionsPolicy\":\"https:\/\/talkpal.ai\/corrections-policy\/\",\"ethicsPolicy\":\"https:\/\/talkpal.ai\/ethics-policy\/\",\"diversityPolicy\":\"https:\/\/talkpal.ai\/diversity-policy\/\",\"diversityStaffingReport\":\"https:\/\/talkpal.ai\/diversity-policy\/\"}]}<\/script>\n<!-- \/ Yoast SEO Premium plugin. -->","yoast_head_json":{"title":"Arapska gramatika - Talkpal","description":"Istra\u017eite zamr\u0161enosti arapske gramatike i otkrijte njenu jedinstvenu strukturu u pore\u0111enju s engleskom gramatikom.","robots":{"index":"index","follow":"follow","max-snippet":"max-snippet:-1","max-image-preview":"max-image-preview:large","max-video-preview":"max-video-preview:-1"},"canonical":"https:\/\/talkpal.ai\/bs\/arapska-gramatika\/","og_locale":"bs_BA","og_type":"article","og_title":"Arapska gramatika","og_description":"Zamr\u0161enost arapske gramatike: putovanje kroz njene korene i lepotu Da li se se\u0107ate kada ste po\u010deli da u\u010dite engleski jezik? Naizgled beskrajna pravila,","og_url":"https:\/\/talkpal.ai\/bs\/arapska-gramatika\/","og_site_name":"Talkpal","article_publisher":"https:\/\/www.facebook.com\/profile.php?id=100090733639311","article_modified_time":"2025-05-21T11:49:08+00:00","og_image":[{"width":512,"height":512,"url":"https:\/\/talkpal.ai\/wp-content\/uploads\/2023\/04\/arabic-united-arab-emirates.png","type":"image\/png"}],"twitter_card":"summary_large_image","twitter_site":"@talkpalai","twitter_misc":{"Est. reading time":"3 minute"},"schema":{"@context":"https:\/\/schema.org","@graph":[{"@type":"WebPage","@id":"https:\/\/talkpal.ai\/bs\/arapska-gramatika\/","url":"https:\/\/talkpal.ai\/bs\/arapska-gramatika\/","name":"Arapska gramatika - Talkpal","isPartOf":{"@id":"https:\/\/talkpal.ai\/bs\/#website"},"primaryImageOfPage":{"@id":"https:\/\/talkpal.ai\/bs\/arapska-gramatika\/#primaryimage"},"image":{"@id":"https:\/\/talkpal.ai\/bs\/arapska-gramatika\/#primaryimage"},"thumbnailUrl":"https:\/\/talkpal.ai\/wp-content\/uploads\/2023\/04\/arabic-united-arab-emirates.png","datePublished":"2023-05-14T13:43:38+00:00","dateModified":"2025-05-21T11:49:08+00:00","description":"Istra\u017eite zamr\u0161enosti arapske gramatike i otkrijte njenu jedinstvenu strukturu u pore\u0111enju s engleskom gramatikom.","breadcrumb":{"@id":"https:\/\/talkpal.ai\/bs\/arapska-gramatika\/#breadcrumb"},"inLanguage":"bs-BA","potentialAction":[{"@type":"ReadAction","target":["https:\/\/talkpal.ai\/bs\/arapska-gramatika\/"]}]},{"@type":"ImageObject","inLanguage":"bs-BA","@id":"https:\/\/talkpal.ai\/bs\/arapska-gramatika\/#primaryimage","url":"https:\/\/talkpal.ai\/wp-content\/uploads\/2023\/04\/arabic-united-arab-emirates.png","contentUrl":"https:\/\/talkpal.ai\/wp-content\/uploads\/2023\/04\/arabic-united-arab-emirates.png","width":512,"height":512},{"@type":"BreadcrumbList","@id":"https:\/\/talkpal.ai\/bs\/arapska-gramatika\/#breadcrumb","itemListElement":[{"@type":"ListItem","position":1,"name":"Homepage","item":"https:\/\/talkpal.ai\/bs\/"},{"@type":"ListItem","position":2,"name":"Arapska gramatika"}]},{"@type":"WebSite","@id":"https:\/\/talkpal.ai\/bs\/#website","url":"https:\/\/talkpal.ai\/bs\/","name":"Talkpal","description":"AI Language Learning","publisher":{"@id":"https:\/\/talkpal.ai\/bs\/#organization"},"alternateName":"Talkpal AI","potentialAction":[{"@type":"SearchAction","target":{"@type":"EntryPoint","urlTemplate":"https:\/\/talkpal.ai\/bs\/?s={search_term_string}"},"query-input":{"@type":"PropertyValueSpecification","valueRequired":true,"valueName":"search_term_string"}}],"inLanguage":"bs-BA"},{"@type":"Organization","@id":"https:\/\/talkpal.ai\/bs\/#organization","name":"Talkpal, Inc.","alternateName":"Talkpal AI","url":"https:\/\/talkpal.ai\/bs\/","logo":{"@type":"ImageObject","inLanguage":"bs-BA","@id":"https:\/\/talkpal.ai\/bs\/#\/schema\/logo\/image\/","url":"https:\/\/talkpal.ai\/wp-content\/uploads\/2024\/03\/Talkpal-Logo-Icon.png","contentUrl":"https:\/\/talkpal.ai\/wp-content\/uploads\/2024\/03\/Talkpal-Logo-Icon.png","width":2880,"height":2880,"caption":"Talkpal, Inc."},"image":{"@id":"https:\/\/talkpal.ai\/bs\/#\/schema\/logo\/image\/"},"sameAs":["https:\/\/www.facebook.com\/profile.php?id=100090733639311","https:\/\/x.com\/talkpalai","https:\/\/www.linkedin.com\/company\/talkpal\/","https:\/\/www.youtube.com\/@TalkPal\/","https:\/\/www.tiktok.com\/@talkpal","https:\/\/www.instagram.com\/talkpal_ai\/","https:\/\/www.crunchbase.com\/organization\/talkpal-9cde","https:\/\/www.g2.com\/products\/talkpal-for-business\/","https:\/\/www.trustpilot.com\/review\/talkpal.ai","https:\/\/www.capterra.com\/p\/10006800\/TalkPal\/"],"description":"Talkpal is a language learning web and mobile education app, powered by the latest AI technologies, that provides engaging experiences to its customers in many different languages to help them improve their language skills. Users can chat about unlimited amount of topics with the app and use other modes to practice their language learning.","email":"support@talkpal.ai","legalName":"Talkpal, Inc.","foundingDate":"2023-04-03","duns":"118989042","numberOfEmployees":{"@type":"QuantitativeValue","minValue":"11","maxValue":"50"},"publishingPrinciples":"https:\/\/talkpal.ai\/publishing-principles\/","actionableFeedbackPolicy":"https:\/\/talkpal.ai\/actionable-feedback-policy\/","correctionsPolicy":"https:\/\/talkpal.ai\/corrections-policy\/","ethicsPolicy":"https:\/\/talkpal.ai\/ethics-policy\/","diversityPolicy":"https:\/\/talkpal.ai\/diversity-policy\/","diversityStaffingReport":"https:\/\/talkpal.ai\/diversity-policy\/"}]}},"_links":{"self":[{"href":"https:\/\/talkpal.ai\/bs\/wp-json\/wp\/v2\/pages\/127902","targetHints":{"allow":["GET"]}}],"collection":[{"href":"https:\/\/talkpal.ai\/bs\/wp-json\/wp\/v2\/pages"}],"about":[{"href":"https:\/\/talkpal.ai\/bs\/wp-json\/wp\/v2\/types\/page"}],"author":[{"embeddable":true,"href":"https:\/\/talkpal.ai\/bs\/wp-json\/wp\/v2\/users\/1"}],"replies":[{"embeddable":true,"href":"https:\/\/talkpal.ai\/bs\/wp-json\/wp\/v2\/comments?post=127902"}],"version-history":[{"count":0,"href":"https:\/\/talkpal.ai\/bs\/wp-json\/wp\/v2\/pages\/127902\/revisions"}],"wp:featuredmedia":[{"embeddable":true,"href":"https:\/\/talkpal.ai\/bs\/wp-json\/wp\/v2\/media\/105860"}],"wp:attachment":[{"href":"https:\/\/talkpal.ai\/bs\/wp-json\/wp\/v2\/media?parent=127902"}],"curies":[{"name":"wp","href":"https:\/\/api.w.org\/{rel}","templated":true}]}}