{"id":126794,"date":"2023-03-26T12:27:22","date_gmt":"2023-03-26T12:27:22","guid":{"rendered":"http:\/\/talkpal.ai\/italian-grammar\/"},"modified":"2025-05-22T18:42:35","modified_gmt":"2025-05-22T18:42:35","slug":"italian-grammar","status":"publish","type":"page","link":"https:\/\/talkpal.ai\/bs\/italian-grammar\/","title":{"rendered":"Italian Grammar"},"content":{"rendered":"\r\n\r\n\r\n<section class=\"languageChallengeSection\">\r\n    <div class=\"languageInfoWrapper\">\r\n        \r\n        <h1>Italian Grammar<\/h1>\r\n        <p>Otkrijte osnove italijanskog jezika u\u010de\u0107i njegova osnovna gramati\u010dka pravila. Savladavanje italijanske gramatike pomo\u0107i \u0107e vam da se izra\u017eavate sa samopouzdanjem i da se dublje pove\u017eete s bogatom italijanskom kulturom. Po\u010dnite u\u010diti italijansku gramatiku ve\u0107 danas i napravite prvi korak ka te\u010dnom govoru!<\/p>\r\n\r\n                            <a class=\"getStartedHidden\" href=\"https:\/\/app.talkpal.ai\/signup?lng=\">Kreni<\/a>\r\n        \r\n    <\/div>\r\n\r\n    <figure>\r\n    <img decoding=\"async\" width=\"768\" height=\"768\" src=\"https:\/\/talkpal.ai\/wp-content\/uploads\/2023\/06\/italian-768x768.png\" class=\"languageImage no-lazy\" alt=\"Language learning for increased memory capacity\" fetchpriority=\"high\" sizes=\"(max-width: 768px) 150px, 768px\" srcset=\"https:\/\/talkpal.ai\/wp-content\/uploads\/2023\/06\/italian-768x768.png 768w, https:\/\/talkpal.ai\/wp-content\/uploads\/2023\/06\/italian-300x300.png 300w\" \/>\r\n    \r\n\r\n    <\/figure>\r\n\r\n            <a class=\"getStartedVisible\" href=\"https:\/\/app.talkpal.ai\/signup?lng=\">Kreni<\/a>\r\n    \r\n<\/section>\r\n<section class=\"promotionalBanner\">\r\n    <p class=\"promotionalText\">Najefikasniji na\u010din za u\u010denje jezika<\/p>\r\n    <a class=\"promotionalLink\" href=\"https:\/\/app.talkpal.ai\/signup?lng=\">Isprobajte Talkpal besplatno<\/a>\r\n<\/section>\n<div class=\"wp-block-group pageContainerStyle\"><div class=\"wp-block-group__inner-container is-layout-constrained wp-block-group-is-layout-constrained\">\n<h2 class=\"wp-block-heading\" id=\"h-mastering-the-art-of-italian-grammar-your-ultimate-guide\">Ovladavanje umije\u0107em italijanske gramatike: Va\u0161 vrhunski vodi\u010d<\/h2>\n\n\n\n<p>Cao, jezi\u010dki entuzijasti! Spremni da zaronite glavom u svijet italijanske gramatike? Do\u0161li ste na pravo mjesto. Prepun informacija koje se lako probavljaju i imaju konverzacijski ton, ovaj \u0107e vas \u010dlanak voditi kroz fascinantan (i ponekad lukav) svijet italijanske gramatike kako biste sa sigurno\u0161\u0107u mogli konstruirati re\u010denice i imati smislene razgovore s izvornim govornicima. Dakle, ve\u017eite se i po\u010dnimo!<\/p>\n\n\n\n<h3 class=\"wp-block-heading\" id=\"h-but-first-why-italian-grammar\">Ali prvo, za\u0161to italijanska gramatika?<\/h3>\n\n\n\n<p>Ako u\u010dite italijanski, \u010dvrsta osnova u gramatici je klju\u010dna za te\u010dno govor, \u010ditanje i pisanje. <a href=\"https:\/\/talkpal.ai\/sr\/grammar\/%d0%b3%d0%b5%d0%bd%d0%b5%d1%80%d0%b5-%d1%83-%d0%b8%d1%82%d0%b0%d0%bb%d0%b8%d1%98%d0%b0%d0%bd%d1%81%d0%ba%d0%be%d1%98-%d0%b3%d1%80%d0%b0%d0%bc%d0%b0%d1%82%d0%b8%d1%86%d0%b8\/\">Italijanska gramatika<\/a> u po\u010detku se mo\u017ee \u010diniti slo\u017eenom, ali je relativno jednostavna kada je razbijete na manje dijelove, kojima je lak\u0161e upravljati. Dakle, zapo\u010dnimo va\u0161e putovanje ka savladavanju italijanske gramatike!<\/p>\n\n\n\n<h3 class=\"wp-block-heading\" id=\"h-1-nouns-articles-and-gender\">1. Imenice, \u010dlanci i rod<\/h3>\n\n\n\n<p>Italijanske imenice dolaze u dva roda: mu\u0161ki i \u017eenski. Za razliku od engleskog, gdje je rod imenice nebitan, <a href=\"https:\/\/talkpal.ai\/learn-italian\/\">talijanski<\/a> zahtijeva ispravan rod za pravilnu konstrukciju re\u010denice. Mo\u017eete li pogoditi rod imenica poput \u201ctavolo\u201d (sto) ili \u201ccasa\u201d (ku\u0107a)? Ako ste pogodili mu\u0161ko za &#8220;tavolo&#8221; i \u017eensko za &#8220;casa&#8221;, bravo!<\/p>\n\n\n\n<p>U italijanskom, imenice obi\u010dno zavr\u0161avaju sa &#8220;-o&#8221; za mu\u0161ki rod i &#8220;-a&#8221; za \u017eenski rod. Postoje izuzeci \u2013 neke rije\u010di zavr\u0161avaju sa \u201c-e\u201d i mogu biti bilo kojeg spola \u2013 ali za sada, imajmo na umu ovaj osnovni princip.<\/p>\n\n\n\n<p>Sada, hajde da pri\u010damo o \u010dlancima. Kao i na engleskom, potrebni su nam \u010dlanovi prije imenica. Italijanski ima odre\u0111ene (il, lo, la, i, gli, le) i neodre\u0111ene \u010dlanove (un, uno, una).<\/p>\n\n\n\n<p>Dakle, kako da odaberemo koji odre\u0111eni \u010dlan \u0107emo koristiti?<\/p>\n\n\n\n<p>\u2013 \u201cil\u201d i \u201ci\u201d za imenice mu\u0161kog roda koje po\u010dinju na suglasnik, npr. il libro (knjiga), i libri (knjige)<br\/>\u2013 \u201clo\u201d i \u201cgli\u201d za imenice mu\u0161kog roda koje po\u010dinju sa \u201cs\u201d iza koje slijedi suglasnik, samoglasnik (osim \u201cu\u201d) ili \u201cz\u201d, npr. lo <a href=\"https:\/\/talkpal.ai\/talkpal-discount-for-students\/\">studente<\/a> (student), gli <a href=\"https:\/\/talkpal.ai\/talkpal-discount-for-students\/\">studenti<\/a> ( studenti)<br\/>\u2013 \u201cla\u201d i \u201cle\u201d za imenice \u017eenskog roda, npr. la casa (ku\u0107a), le case (ku\u0107e)<\/p>\n\n\n\n<h3 class=\"wp-block-heading\" id=\"h-2-adjectives-and-agreement\">2. Pridjevi i dogovor<\/h3>\n\n\n\n<p>Pridjevi u italijanskom moraju se slagati s imenicom koju mijenjaju u rodu i broju. Na primjer, da opi\u0161ete ukusnu picu, rekli biste \u201cuna pizza deliziosa\u201d, a ne \u201cdelizioso\u201d. Zapamtite, pridjev obi\u010dno slijedi imenicu na italijanskom.<\/p>\n\n\n\n<h3 class=\"wp-block-heading\" id=\"h-3-verbs-tense-and-conjugation\">3. Glagoli, vrijeme i konjugacija<\/h3>\n\n\n\n<p>Italijanski glagoli su glavni dio gramatike. Postoje tri kategorije glagola (-are, -ere i -ire) i mno\u0161tvo nepravilnih glagola, tako da imamo posla koji je za nas! Da bismo vam dali brzi pregled, hajde da pokrijemo sada\u0161nje vreme regularnih glagola.<\/p>\n\n\n\n<p>\u2013 \u201c-are\u201d glagoli: npr. parlare (govoriti): io parlo, tu parli, lui\/lei <a href=\"https:\/\/talkpal.ai\/locations\/language-courses-in-parla\/\">parla<\/a>, noi parliamo, voi parlate, loro parlano<br\/>\u2013 \u201c-ere\u201d glagoli: npr. leggere (\u010ditati): io leggo, tu leggi, lui\/lei legge, noi leggiamo, voi leggete, loro leggono<br\/>\u2013 \u201c-ire\u201d glagoli: npr. finire (zavr\u0161iti): io finisco, tu finisci, lui\/lei finisce, noi finiamo, voi finite, loro finiscono<\/p>\n\n\n\n<p>Imajte na umu, ovo je samo vrh ledenog brega! Postoji mnogo drugih vremena i nepravilnih glagola za u\u010denje, ali svako putovanje po\u010dinje jednim korakom.<\/p>\n\n\n\n<h3 class=\"wp-block-heading\" id=\"h-4-prepositions-pronouns-and-more\">4. Prijedlozi, zamjenice i jo\u0161 mnogo toga!<\/h3>\n\n\n\n<p><a href=\"https:\/\/talkpal.ai\/sr\/grammar\/%d0%b3%d0%b5%d0%bd%d0%b5%d1%80%d0%b5-%d1%83-%d0%b8%d1%82%d0%b0%d0%bb%d0%b8%d1%98%d0%b0%d0%bd%d1%81%d0%ba%d0%be%d1%98-%d0%b3%d1%80%d0%b0%d0%bc%d0%b0%d1%82%d0%b8%d1%86%d0%b8\/\">Italijanska gramatika<\/a> ima mnoge druge komponente kao \u0161to su prijedlozi (di, a, da, in, su, itd.), zamjenice (io, tu, lui\/lei, itd.), povratni glagoli i idiomatski izrazi. Svaka komponenta je klju\u010dna za otklju\u010davanje va\u0161e te\u010dnosti, stoga idite korak po korak.<\/p>\n\n\n\n<p>Zaklju\u010dno, ne postoji pre\u010dica za savladavanje italijanske gramatike. Zahtijeva upornost, vje\u017ebu i strpljenje. Ali kada se naviknete na to, mo\u0107i \u0107ete iskusiti ljepotu razgovora na italijanskom, otkriti bogatu kulturu i istoriju i produbiti svoju zahvalnost za jezik. <a href=\"https:\/\/talkpal.ai\/culture\/why-is-the-phrase-buona-fortuna-traditionally-considered-bad-luck-in-italian-theatre\/\">Buona fortuna<\/a>!<\/p>\n<\/div><\/div>\n\r\n<section class=\"learnNavigationSection\">\r\n            \r\n        <a href=\"https:\/\/talkpal.ai\/bs\/naucite-italijanski\/\">\r\n            <div class=\"learnNavigationWrapper\">\r\n                <div class=\"learnNavigationContent\">\r\n                    <img decoding=\"async\" src=\"https:\/\/talkpal.ai\/wp-content\/uploads\/2024\/08\/Italian.jpg\" alt=\"Italian Flag\">\r\n                    <div>\r\n                        <h4>O u\u010denju italijanskog<\/h4>\r\n                        <p>Saznajte sve o italijanskoj gramatici.<\/p>\r\n                    <\/div>\r\n                <\/div>\r\n            <\/div>\r\n        <\/a>\r\n\r\n        \r\n        <a href=\"https:\/\/talkpal.ai\/bs\/italijanske-gramaticke-vezbe\/\">\r\n            <div class=\"learnNavigationWrapper\">\r\n                <div class=\"learnNavigationContent\">\r\n                    <img decoding=\"async\" src=\"https:\/\/talkpal.ai\/wp-content\/uploads\/2024\/08\/Italian.jpg\" alt=\"Italian Flag\">\r\n                    <div>\r\n                        <h4>Vje\u017eba iz italijanske gramatike<\/h4>\r\n                        <p>Ve\u017ebajte italijansku gramatiku.<\/p>\r\n                    <\/div>\r\n                <\/div>\r\n            <\/div>\r\n        <\/a>\r\n\r\n        \r\n        <a href=\"https:\/\/talkpal.ai\/vocabulary_language\/italian\/\">\r\n            <div class=\"learnNavigationWrapper\">\r\n                <div class=\"learnNavigationContent\">\r\n                    <img decoding=\"async\" src=\"https:\/\/talkpal.ai\/wp-content\/uploads\/2024\/08\/Italian.jpg\" alt=\"Italian Flag\">\r\n                    <div>\r\n                        <h4>Italian Vocabulary<\/h4>\r\n                        <p>Pro\u0161irite svoj italijanski vokabular.<\/p>\r\n                    <\/div>\r\n                <\/div>\r\n            <\/div>\r\n        <\/a>\r\n\r\n            <\/section>","protected":false},"excerpt":{"rendered":"<p>Ovladavanje umije\u0107em italijanske gramatike: Va\u0161 vrhunski vodi\u010d Cao, jezi\u010dki entuzijasti! Spremni da zaronite glavom u svijet italijanske gramatike? Do\u0161li ste na pravo mjesto. Prepun informacija koje se lako probavljaju i imaju konverzacijski ton, ovaj \u0107e vas \u010dlanak voditi kroz fascinantan (i ponekad lukav) svijet italijanske gramatike kako biste sa sigurno\u0161\u0107u mogli konstruirati re\u010denice i imati [&hellip;]<\/p>\n","protected":false},"author":1,"featured_media":76183,"parent":0,"menu_order":0,"comment_status":"closed","ping_status":"closed","template":"LearningContentPage.php","meta":{"_acf_changed":false,"footnotes":""},"class_list":["post-126794","page","type-page","status-publish","has-post-thumbnail","hentry"],"acf":[],"yoast_head":"<!-- This site is optimized with the Yoast SEO Premium plugin v27.2 (Yoast SEO v27.2) - https:\/\/yoast.com\/product\/yoast-seo-premium-wordpress\/ -->\n<title>Italian Grammar - Talkpal<\/title>\n<meta name=\"description\" content=\"Nau\u010dite italijansku gramatiku lako - vje\u017ebajte jasno, razumite pravila i govorite bolje uz jednostavno vodstvo Talkpal AI-a.\" \/>\n<meta name=\"robots\" content=\"index, follow, max-snippet:-1, max-image-preview:large, max-video-preview:-1\" \/>\n<link rel=\"canonical\" href=\"https:\/\/talkpal.ai\/bs\/italian-grammar\/\" \/>\n<meta property=\"og:locale\" content=\"bs_BA\" \/>\n<meta property=\"og:type\" content=\"article\" \/>\n<meta property=\"og:title\" content=\"Italian Grammar\" \/>\n<meta property=\"og:description\" content=\"Ovladavanje umije\u0107em italijanske gramatike: Va\u0161 vrhunski vodi\u010d Cao, jezi\u010dki entuzijasti! Spremni da zaronite glavom u svijet italijanske gramatike? Do\u0161li\" \/>\n<meta property=\"og:url\" content=\"https:\/\/talkpal.ai\/bs\/italian-grammar\/\" \/>\n<meta property=\"og:site_name\" content=\"Talkpal\" \/>\n<meta property=\"article:publisher\" content=\"https:\/\/www.facebook.com\/profile.php?id=100090733639311\" \/>\n<meta property=\"article:modified_time\" content=\"2025-05-22T18:42:35+00:00\" \/>\n<meta property=\"og:image\" content=\"https:\/\/talkpal.ai\/wp-content\/uploads\/2023\/03\/italy.png\" \/>\n\t<meta property=\"og:image:width\" content=\"512\" \/>\n\t<meta property=\"og:image:height\" content=\"512\" \/>\n\t<meta property=\"og:image:type\" content=\"image\/png\" \/>\n<meta name=\"twitter:card\" content=\"summary_large_image\" \/>\n<meta name=\"twitter:site\" content=\"@talkpalai\" \/>\n<meta name=\"twitter:label1\" content=\"Est. reading time\" \/>\n\t<meta name=\"twitter:data1\" content=\"3 minute\" \/>\n<script type=\"application\/ld+json\" class=\"yoast-schema-graph\">{\"@context\":\"https:\/\/schema.org\",\"@graph\":[{\"@type\":\"WebPage\",\"@id\":\"https:\/\/talkpal.ai\/bs\/italian-grammar\/\",\"url\":\"https:\/\/talkpal.ai\/bs\/italian-grammar\/\",\"name\":\"Italian Grammar - Talkpal\",\"isPartOf\":{\"@id\":\"https:\/\/talkpal.ai\/bs\/#website\"},\"primaryImageOfPage\":{\"@id\":\"https:\/\/talkpal.ai\/bs\/italian-grammar\/#primaryimage\"},\"image\":{\"@id\":\"https:\/\/talkpal.ai\/bs\/italian-grammar\/#primaryimage\"},\"thumbnailUrl\":\"https:\/\/talkpal.ai\/wp-content\/uploads\/2023\/03\/italy.png\",\"datePublished\":\"2023-03-26T12:27:22+00:00\",\"dateModified\":\"2025-05-22T18:42:35+00:00\",\"description\":\"Nau\u010dite italijansku gramatiku lako - vje\u017ebajte jasno, razumite pravila i govorite bolje uz jednostavno vodstvo Talkpal AI-a.\",\"breadcrumb\":{\"@id\":\"https:\/\/talkpal.ai\/bs\/italian-grammar\/#breadcrumb\"},\"inLanguage\":\"bs-BA\",\"potentialAction\":[{\"@type\":\"ReadAction\",\"target\":[\"https:\/\/talkpal.ai\/bs\/italian-grammar\/\"]}]},{\"@type\":\"ImageObject\",\"inLanguage\":\"bs-BA\",\"@id\":\"https:\/\/talkpal.ai\/bs\/italian-grammar\/#primaryimage\",\"url\":\"https:\/\/talkpal.ai\/wp-content\/uploads\/2023\/03\/italy.png\",\"contentUrl\":\"https:\/\/talkpal.ai\/wp-content\/uploads\/2023\/03\/italy.png\",\"width\":512,\"height\":512,\"caption\":\"TalkPal AI learn Italian\"},{\"@type\":\"BreadcrumbList\",\"@id\":\"https:\/\/talkpal.ai\/bs\/italian-grammar\/#breadcrumb\",\"itemListElement\":[{\"@type\":\"ListItem\",\"position\":1,\"name\":\"Homepage\",\"item\":\"https:\/\/talkpal.ai\/bs\/\"},{\"@type\":\"ListItem\",\"position\":2,\"name\":\"Italian Grammar\"}]},{\"@type\":\"WebSite\",\"@id\":\"https:\/\/talkpal.ai\/bs\/#website\",\"url\":\"https:\/\/talkpal.ai\/bs\/\",\"name\":\"Talkpal\",\"description\":\"AI Language Learning\",\"publisher\":{\"@id\":\"https:\/\/talkpal.ai\/bs\/#organization\"},\"alternateName\":\"Talkpal AI\",\"potentialAction\":[{\"@type\":\"SearchAction\",\"target\":{\"@type\":\"EntryPoint\",\"urlTemplate\":\"https:\/\/talkpal.ai\/bs\/?s={search_term_string}\"},\"query-input\":{\"@type\":\"PropertyValueSpecification\",\"valueRequired\":true,\"valueName\":\"search_term_string\"}}],\"inLanguage\":\"bs-BA\"},{\"@type\":\"Organization\",\"@id\":\"https:\/\/talkpal.ai\/bs\/#organization\",\"name\":\"Talkpal, Inc.\",\"alternateName\":\"Talkpal AI\",\"url\":\"https:\/\/talkpal.ai\/bs\/\",\"logo\":{\"@type\":\"ImageObject\",\"inLanguage\":\"bs-BA\",\"@id\":\"https:\/\/talkpal.ai\/bs\/#\/schema\/logo\/image\/\",\"url\":\"https:\/\/talkpal.ai\/wp-content\/uploads\/2024\/03\/Talkpal-Logo-Icon.png\",\"contentUrl\":\"https:\/\/talkpal.ai\/wp-content\/uploads\/2024\/03\/Talkpal-Logo-Icon.png\",\"width\":2880,\"height\":2880,\"caption\":\"Talkpal, Inc.\"},\"image\":{\"@id\":\"https:\/\/talkpal.ai\/bs\/#\/schema\/logo\/image\/\"},\"sameAs\":[\"https:\/\/www.facebook.com\/profile.php?id=100090733639311\",\"https:\/\/x.com\/talkpalai\",\"https:\/\/www.linkedin.com\/company\/talkpal\/\",\"https:\/\/www.youtube.com\/@TalkPal\/\",\"https:\/\/www.tiktok.com\/@talkpal\",\"https:\/\/www.instagram.com\/talkpal_ai\/\",\"https:\/\/www.crunchbase.com\/organization\/talkpal-9cde\",\"https:\/\/www.g2.com\/products\/talkpal-for-business\/\",\"https:\/\/www.trustpilot.com\/review\/talkpal.ai\",\"https:\/\/www.capterra.com\/p\/10006800\/TalkPal\/\"],\"description\":\"Talkpal is a language learning web and mobile education app, powered by the latest AI technologies, that provides engaging experiences to its customers in many different languages to help them improve their language skills. Users can chat about unlimited amount of topics with the app and use other modes to practice their language learning.\",\"email\":\"support@talkpal.ai\",\"legalName\":\"Talkpal, Inc.\",\"foundingDate\":\"2023-04-03\",\"duns\":\"118989042\",\"numberOfEmployees\":{\"@type\":\"QuantitativeValue\",\"minValue\":\"11\",\"maxValue\":\"50\"},\"publishingPrinciples\":\"https:\/\/talkpal.ai\/publishing-principles\/\",\"actionableFeedbackPolicy\":\"https:\/\/talkpal.ai\/actionable-feedback-policy\/\",\"correctionsPolicy\":\"https:\/\/talkpal.ai\/corrections-policy\/\",\"ethicsPolicy\":\"https:\/\/talkpal.ai\/ethics-policy\/\",\"diversityPolicy\":\"https:\/\/talkpal.ai\/diversity-policy\/\",\"diversityStaffingReport\":\"https:\/\/talkpal.ai\/diversity-policy\/\"}]}<\/script>\n<!-- \/ Yoast SEO Premium plugin. -->","yoast_head_json":{"title":"Italian Grammar - Talkpal","description":"Nau\u010dite italijansku gramatiku lako - vje\u017ebajte jasno, razumite pravila i govorite bolje uz jednostavno vodstvo Talkpal AI-a.","robots":{"index":"index","follow":"follow","max-snippet":"max-snippet:-1","max-image-preview":"max-image-preview:large","max-video-preview":"max-video-preview:-1"},"canonical":"https:\/\/talkpal.ai\/bs\/italian-grammar\/","og_locale":"bs_BA","og_type":"article","og_title":"Italian Grammar","og_description":"Ovladavanje umije\u0107em italijanske gramatike: Va\u0161 vrhunski vodi\u010d Cao, jezi\u010dki entuzijasti! Spremni da zaronite glavom u svijet italijanske gramatike? Do\u0161li","og_url":"https:\/\/talkpal.ai\/bs\/italian-grammar\/","og_site_name":"Talkpal","article_publisher":"https:\/\/www.facebook.com\/profile.php?id=100090733639311","article_modified_time":"2025-05-22T18:42:35+00:00","og_image":[{"width":512,"height":512,"url":"https:\/\/talkpal.ai\/wp-content\/uploads\/2023\/03\/italy.png","type":"image\/png"}],"twitter_card":"summary_large_image","twitter_site":"@talkpalai","twitter_misc":{"Est. reading time":"3 minute"},"schema":{"@context":"https:\/\/schema.org","@graph":[{"@type":"WebPage","@id":"https:\/\/talkpal.ai\/bs\/italian-grammar\/","url":"https:\/\/talkpal.ai\/bs\/italian-grammar\/","name":"Italian Grammar - Talkpal","isPartOf":{"@id":"https:\/\/talkpal.ai\/bs\/#website"},"primaryImageOfPage":{"@id":"https:\/\/talkpal.ai\/bs\/italian-grammar\/#primaryimage"},"image":{"@id":"https:\/\/talkpal.ai\/bs\/italian-grammar\/#primaryimage"},"thumbnailUrl":"https:\/\/talkpal.ai\/wp-content\/uploads\/2023\/03\/italy.png","datePublished":"2023-03-26T12:27:22+00:00","dateModified":"2025-05-22T18:42:35+00:00","description":"Nau\u010dite italijansku gramatiku lako - vje\u017ebajte jasno, razumite pravila i govorite bolje uz jednostavno vodstvo Talkpal AI-a.","breadcrumb":{"@id":"https:\/\/talkpal.ai\/bs\/italian-grammar\/#breadcrumb"},"inLanguage":"bs-BA","potentialAction":[{"@type":"ReadAction","target":["https:\/\/talkpal.ai\/bs\/italian-grammar\/"]}]},{"@type":"ImageObject","inLanguage":"bs-BA","@id":"https:\/\/talkpal.ai\/bs\/italian-grammar\/#primaryimage","url":"https:\/\/talkpal.ai\/wp-content\/uploads\/2023\/03\/italy.png","contentUrl":"https:\/\/talkpal.ai\/wp-content\/uploads\/2023\/03\/italy.png","width":512,"height":512,"caption":"TalkPal AI learn Italian"},{"@type":"BreadcrumbList","@id":"https:\/\/talkpal.ai\/bs\/italian-grammar\/#breadcrumb","itemListElement":[{"@type":"ListItem","position":1,"name":"Homepage","item":"https:\/\/talkpal.ai\/bs\/"},{"@type":"ListItem","position":2,"name":"Italian Grammar"}]},{"@type":"WebSite","@id":"https:\/\/talkpal.ai\/bs\/#website","url":"https:\/\/talkpal.ai\/bs\/","name":"Talkpal","description":"AI Language Learning","publisher":{"@id":"https:\/\/talkpal.ai\/bs\/#organization"},"alternateName":"Talkpal AI","potentialAction":[{"@type":"SearchAction","target":{"@type":"EntryPoint","urlTemplate":"https:\/\/talkpal.ai\/bs\/?s={search_term_string}"},"query-input":{"@type":"PropertyValueSpecification","valueRequired":true,"valueName":"search_term_string"}}],"inLanguage":"bs-BA"},{"@type":"Organization","@id":"https:\/\/talkpal.ai\/bs\/#organization","name":"Talkpal, Inc.","alternateName":"Talkpal AI","url":"https:\/\/talkpal.ai\/bs\/","logo":{"@type":"ImageObject","inLanguage":"bs-BA","@id":"https:\/\/talkpal.ai\/bs\/#\/schema\/logo\/image\/","url":"https:\/\/talkpal.ai\/wp-content\/uploads\/2024\/03\/Talkpal-Logo-Icon.png","contentUrl":"https:\/\/talkpal.ai\/wp-content\/uploads\/2024\/03\/Talkpal-Logo-Icon.png","width":2880,"height":2880,"caption":"Talkpal, Inc."},"image":{"@id":"https:\/\/talkpal.ai\/bs\/#\/schema\/logo\/image\/"},"sameAs":["https:\/\/www.facebook.com\/profile.php?id=100090733639311","https:\/\/x.com\/talkpalai","https:\/\/www.linkedin.com\/company\/talkpal\/","https:\/\/www.youtube.com\/@TalkPal\/","https:\/\/www.tiktok.com\/@talkpal","https:\/\/www.instagram.com\/talkpal_ai\/","https:\/\/www.crunchbase.com\/organization\/talkpal-9cde","https:\/\/www.g2.com\/products\/talkpal-for-business\/","https:\/\/www.trustpilot.com\/review\/talkpal.ai","https:\/\/www.capterra.com\/p\/10006800\/TalkPal\/"],"description":"Talkpal is a language learning web and mobile education app, powered by the latest AI technologies, that provides engaging experiences to its customers in many different languages to help them improve their language skills. Users can chat about unlimited amount of topics with the app and use other modes to practice their language learning.","email":"support@talkpal.ai","legalName":"Talkpal, Inc.","foundingDate":"2023-04-03","duns":"118989042","numberOfEmployees":{"@type":"QuantitativeValue","minValue":"11","maxValue":"50"},"publishingPrinciples":"https:\/\/talkpal.ai\/publishing-principles\/","actionableFeedbackPolicy":"https:\/\/talkpal.ai\/actionable-feedback-policy\/","correctionsPolicy":"https:\/\/talkpal.ai\/corrections-policy\/","ethicsPolicy":"https:\/\/talkpal.ai\/ethics-policy\/","diversityPolicy":"https:\/\/talkpal.ai\/diversity-policy\/","diversityStaffingReport":"https:\/\/talkpal.ai\/diversity-policy\/"}]}},"_links":{"self":[{"href":"https:\/\/talkpal.ai\/bs\/wp-json\/wp\/v2\/pages\/126794","targetHints":{"allow":["GET"]}}],"collection":[{"href":"https:\/\/talkpal.ai\/bs\/wp-json\/wp\/v2\/pages"}],"about":[{"href":"https:\/\/talkpal.ai\/bs\/wp-json\/wp\/v2\/types\/page"}],"author":[{"embeddable":true,"href":"https:\/\/talkpal.ai\/bs\/wp-json\/wp\/v2\/users\/1"}],"replies":[{"embeddable":true,"href":"https:\/\/talkpal.ai\/bs\/wp-json\/wp\/v2\/comments?post=126794"}],"version-history":[{"count":0,"href":"https:\/\/talkpal.ai\/bs\/wp-json\/wp\/v2\/pages\/126794\/revisions"}],"wp:featuredmedia":[{"embeddable":true,"href":"https:\/\/talkpal.ai\/bs\/wp-json\/wp\/v2\/media\/76183"}],"wp:attachment":[{"href":"https:\/\/talkpal.ai\/bs\/wp-json\/wp\/v2\/media?parent=126794"}],"curies":[{"name":"wp","href":"https:\/\/api.w.org\/{rel}","templated":true}]}}