{"id":124534,"date":"2023-03-26T11:55:54","date_gmt":"2023-03-26T11:55:54","guid":{"rendered":"http:\/\/talkpal.ai\/spanish-grammar\/"},"modified":"2025-05-22T18:49:39","modified_gmt":"2025-05-22T18:49:39","slug":"spanish-grammar","status":"publish","type":"page","link":"https:\/\/talkpal.ai\/bs\/spanish-grammar\/","title":{"rendered":"Spanish Grammar"},"content":{"rendered":"\r\n\r\n\r\n<section class=\"languageChallengeSection\">\r\n    <div class=\"languageInfoWrapper\">\r\n        \r\n        <h1>Spanish Grammar<\/h1>\r\n        <p>Zaronite u \u017eivopisni svijet \u0161panskog jezika savladavaju\u0107i njegova osnovna gramati\u010dka pravila. Razumijevanje \u0161panske gramatike pomo\u0107i \u0107e vam da samouvjereno komunicirate i otvorite nove veze s milionima govornika \u0161irom svijeta. Po\u010dnite u\u010diti \u0161pansku gramatiku ve\u0107 danas i napravite prvi korak ka te\u010dnom govoru!<\/p>\r\n\r\n                            <a class=\"getStartedHidden\" href=\"https:\/\/app.talkpal.ai\/signup?lng=\">Kreni<\/a>\r\n        \r\n    <\/div>\r\n\r\n    <figure>\r\n    <img decoding=\"async\" width=\"768\" height=\"768\" src=\"https:\/\/talkpal.ai\/wp-content\/uploads\/2023\/06\/Spanish-768x768.png\" class=\"languageImage no-lazy\" alt=\"Practical application of language learning\" fetchpriority=\"high\" sizes=\"(max-width: 768px) 150px, 768px\" srcset=\"https:\/\/talkpal.ai\/wp-content\/uploads\/2023\/06\/Spanish-768x768.png 768w, https:\/\/talkpal.ai\/wp-content\/uploads\/2023\/06\/Spanish-300x300.png 300w\" \/>\r\n    \r\n\r\n    <\/figure>\r\n\r\n            <a class=\"getStartedVisible\" href=\"https:\/\/app.talkpal.ai\/signup?lng=\">Kreni<\/a>\r\n    \r\n<\/section>\r\n<section class=\"promotionalBanner\">\r\n    <p class=\"promotionalText\"><\/p>\r\n    <a class=\"promotionalLink\" href=\"https:\/\/app.talkpal.ai\/signup?lng=\"><\/a>\r\n<\/section>\n<div class=\"wp-block-group pageContainerStyle\"><div class=\"wp-block-group__inner-container is-layout-constrained wp-block-group-is-layout-constrained\">\n<h2 class=\"wp-block-heading\" id=\"h-a-quick-guide-to-learning-spanish-grammar\">Brzi vodi\u010d za u\u010denje \u0161panske gramatike<\/h2>\n\n\n\n<p>Ako ste ikada razmi\u0161ljali o u\u010denju novog jezika, velike su \u0161anse da vam je <a href=\"https:\/\/talkpal.ai\/learn-spanish\/\">\u0161panski<\/a> pao na pamet. Kao jedan od najrasprostranjenijih jezika \u0161irom sveta, \u0161panski nudi brojne prednosti za li\u010dni i profesionalni rast. <a href=\"https:\/\/talkpal.ai\/sr\/najefikasniji-nacini-za-brzo-ucenje-spanskog-jezika\/\">U\u010denje \u0161panskog jezika<\/a> ne samo da \u0107e vam omogu\u0107iti pristup novim kulturama, ve\u0107 \u0107e i pobolj\u0161ati va\u0161e komunikacijske ve\u0161tine. Iako se mnogi pla\u0161e da se upli\u0107u u gramati\u010dka pravila, mo\u017eete odahnuti kao olak\u0161anje, jer je <a href=\"https:\/\/talkpal.ai\/sr\/grammar\/%d0%b2%d0%be%d1%81%d0%b5%d0%be-%d1%83-%d1%88%d0%bf%d0%b0%d0%bd%d1%81%d0%ba%d0%be%d1%98-%d0%b3%d1%80%d0%b0%d0%bc%d0%b0%d1%82%d0%b8%d1%86%d0%b8\/\">\u0161panska gramatika<\/a> relativno jednostavna. U ovom \u010dlanku \u0107emo vam pru\u017eiti brzi vodi\u010d koji \u0107e vam pomo\u0107i da se kao profesionalac kre\u0107ete u uzbudljivom svijetu \u0161panjolske gramatike!<\/p>\n\n\n\n<h3 class=\"wp-block-heading\" id=\"h-1-understanding-spanish-nouns-and-articles\">1. razumijevanje \u0161panskih imenica i \u010dlanaka<\/h3>\n\n\n\n<p>\u0160panske imenice, kao i u engleskom, koriste se za identifikaciju ljudi, mesta, predmeta, ideja i ose\u0107anja. Prvo pravilo koje treba zapamtiti o \u0161panskim imenicama je da imaju spol. \u0160panske imenice su ili mu\u0161ke ili \u017eenske. Na primjer, &#8216;libro&#8217; (knjiga) je mu\u0161kog roda, a &#8216;casa&#8217; (ku\u0107a) je \u017eenskog roda. Mnogo puta su imenice koje se zavr\u0161avaju na &#8216;o&#8217; mu\u0161kog roda, dok su one koje zavr\u0161avaju na &#8216;a&#8217; \u017eenskog roda.<\/p>\n\n\n\n<p>\u0160panski \u010dlanci su sli\u010dni engleskim &#8216;the&#8217;, &#8216;a&#8217; ili &#8216;an&#8217;. Oni su klju\u010dni dio jezika jer se moraju slo\u017eiti sa spolom i brojem imenice koju opisuju. Postoje \u010detiri vrste \u0161panskih \u010dlanaka:<\/p>\n\n\n\n<p><strong>\u2013 Odre\u0111eni \u010dlanovi:<\/strong> el (mu\u0161ki rod jednine), la (\u017eenski rod jednine), los (mno\u017eina mu\u0161kog roda) i las (mno\u017eina \u017eenskog roda).<br\/><strong>\u2013 Neodre\u0111eni \u010dlanovi:<\/strong> un (a\/mu\u0161ki rod jednine), una (a\/\u017eenski rod jednine), unos (neki mu\u0161ki rod mno\u017eine) i unas (neki \u017eenski rod mno\u017eine).<\/p>\n\n\n\n<h3 class=\"wp-block-heading\" id=\"h-2-slaying-spanish-verbs-conjugation-and-tenses\">\u0160panski glagoli: konjugacija i napetost<\/h3>\n\n\n\n<p>Jedan od najva\u017enijih aspekata u\u010denja \u0161panske gramatike je razumevanje konjugacije glagola. Konjugacija jednostavno zna\u010di promjenu oblika korijena glagola kako bi odgovarao njegovom subjektu i vremenu. Na primjer, na \u0161panskom ka\u017eete &#8216;Yo como&#8217; (ja jedem) i &#8216;\u00e9l come&#8217; (on jede). Primetite da glagol komer (jesti) menja svoj oblik kada promenite temu.<\/p>\n\n\n\n<p><strong>Neki uobi\u010dajeni redovni glagoli na \u0161panskom uklju\u010duju:<\/strong><\/p>\n\n\n\n<p>\u2013 AR glagoli: hablar (govoriti), amar (voleti) i bailar (plesati).<br\/>\u2013 ER glagoli: comer (jesti), aprender (u\u010diti) i prodava\u010d (prodati).<br\/>\u2013 IR glagoli: vivir (\u017eivjeti), escribir (pisati) i descubrir (otkriti).<\/p>\n\n\n\n<p>Ba\u0161 kao i u engleskom, \u0161panski ima vi\u0161e glagolskih vremena da ozna\u010di vreme kada se radnja de\u0161ava. Najosnovniji su:<\/p>\n\n\n\n<p><strong>\u2013 Prisutno<\/strong><br\/><strong>\u2013 Preterit<\/strong><br\/><strong>\u2013 Nesavr\u0161eno<\/strong><br\/><strong>\u2013 Budu\u0107nost<\/strong><br\/><strong>\u2013 Uslovno<\/strong><br\/><strong>\u2013 Konjunktiv prezenta<\/strong><br\/><strong>\u2013 Nesvr\u0161eni subjunktiv<\/strong><\/p>\n\n\n\n<p>Nemojte se optere\u0107ivati \u200b\u200bu\u010denjem svih glagolskih vremena odjednom. Bavite se njima jedan po jedan i vje\u017ebajte dok vam ne bude ugodno koristiti ih.<\/p>\n\n\n\n<h3 class=\"wp-block-heading\" id=\"h-3-creating-sentences-with-spanish-adjectives-and-adverbs\">Kreiranje re\u010denica sa \u0161panskim pridjevima i prilozima<\/h3>\n\n\n\n<p>Pridjevi i prilozi igraju klju\u010dnu ulogu u uljep\u0161avanju va\u0161ih \u0161panskih re\u010denica. Pridjevi opisuju kvalitete ili karakteristike imenica, dok prilozi opisuju radnje ili glagole. Na \u0161panskom, pridjevi se moraju slo\u017eiti sa imenicom koju opisuju, i po polu i po broju.<\/p>\n\n\n\n<p>Jedna od klju\u010dnih razlika izme\u0111u \u0161panskog i engleskog jezika je pridjev. \u0160panski pridevi obi\u010dno dolaze iza imenice, npr. &#8216;un coche rojo&#8217; (crveni auto).<\/p>\n\n\n\n<p>\u0160panski prilozi, s druge strane, nikada se ne mijenjaju za spol ili broj. Ba\u0161 kao i u engleskom, prilozi obi\u010dno dolaze iza glagola koji modificiraju, npr. &#8216;Ella habla r\u00e1pidamente&#8217; (Ona govori brzo).<\/p>\n\n\n\n<h3 class=\"wp-block-heading\" id=\"h-conclusion\">Zaklju\u010dak<\/h3>\n\n\n\n<p><a href=\"https:\/\/talkpal.ai\/sr\/grammar\/%d0%b2%d0%be%d1%81%d0%b5%d0%be-%d1%83-%d1%88%d0%bf%d0%b0%d0%bd%d1%81%d0%ba%d0%be%d1%98-%d0%b3%d1%80%d0%b0%d0%bc%d0%b0%d1%82%d0%b8%d1%86%d0%b8\/\">\u0160panska gramatika<\/a> ne bi trebalo da vas upla\u0161i! Naravno, to zahtijeva praksu, ali slijede\u0107i ove jednostavne smjernice, bit \u0107ete na putu da postanete izuzetan govornik \u0161panjolskog. Zapamtite da se uvek uklju\u010dite u jezik na zabavan, konverzacijski na\u010din, dok istra\u017eujete imenice, glagole, pridjeve i priloge. Nastavi da ve\u017eba\u0161, prihvati kulturu i pusti da se tvoje \u0161pansko putovanje odvija. Buena suerte!<\/p>\n<\/div><\/div>\n\r\n<section class=\"learnNavigationSection\">\r\n            \r\n        <a href=\"https:\/\/talkpal.ai\/bs\/naucite-spanski\/\">\r\n            <div class=\"learnNavigationWrapper\">\r\n                <div class=\"learnNavigationContent\">\r\n                    <img decoding=\"async\" src=\"https:\/\/talkpal.ai\/wp-content\/uploads\/2024\/08\/Spanish.jpg\" alt=\"Spanish Flag\">\r\n                    <div>\r\n                        <h4>O u\u010denju \u0161panskog<\/h4>\r\n                        <p>Saznajte sve o \u0161panskoj gramatici.<\/p>\r\n                    <\/div>\r\n                <\/div>\r\n            <\/div>\r\n        <\/a>\r\n\r\n        \r\n        <a href=\"https:\/\/talkpal.ai\/bs\/spanske-gramaticke-vezbe\/\">\r\n            <div class=\"learnNavigationWrapper\">\r\n                <div class=\"learnNavigationContent\">\r\n                    <img decoding=\"async\" src=\"https:\/\/talkpal.ai\/wp-content\/uploads\/2024\/08\/Spanish.jpg\" alt=\"Spanish Flag\">\r\n                    <div>\r\n                        <h4>Vje\u017eba iz \u0161panske gramatike<\/h4>\r\n                        <p>Ve\u017ebajte \u0161pansku gramatiku.<\/p>\r\n                    <\/div>\r\n                <\/div>\r\n            <\/div>\r\n        <\/a>\r\n\r\n        \r\n        <a href=\"https:\/\/talkpal.ai\/vocabulary_language\/spanish\/\">\r\n            <div class=\"learnNavigationWrapper\">\r\n                <div class=\"learnNavigationContent\">\r\n                    <img decoding=\"async\" src=\"https:\/\/talkpal.ai\/wp-content\/uploads\/2024\/08\/Spanish.jpg\" alt=\"Spanish Flag\">\r\n                    <div>\r\n                        <h4>Spanish Vocabulary<\/h4>\r\n                        <p>Pro\u0161irite svoj \u0161panski vokabular.<\/p>\r\n                    <\/div>\r\n                <\/div>\r\n            <\/div>\r\n        <\/a>\r\n\r\n            <\/section>","protected":false},"excerpt":{"rendered":"<p>Brzi vodi\u010d za u\u010denje \u0161panske gramatike Ako ste ikada razmi\u0161ljali o u\u010denju novog jezika, velike su \u0161anse da vam je \u0161panski pao na pamet. Kao jedan od najrasprostranjenijih jezika \u0161irom sveta, \u0161panski nudi brojne prednosti za li\u010dni i profesionalni rast. U\u010denje \u0161panskog jezika ne samo da \u0107e vam omogu\u0107iti pristup novim kulturama, ve\u0107 \u0107e i [&hellip;]<\/p>\n","protected":false},"author":1,"featured_media":75339,"parent":0,"menu_order":0,"comment_status":"closed","ping_status":"closed","template":"LearningContentPage.php","meta":{"_acf_changed":false,"footnotes":""},"class_list":["post-124534","page","type-page","status-publish","has-post-thumbnail","hentry"],"acf":[],"yoast_head":"<!-- This site is optimized with the Yoast SEO Premium plugin v27.2 (Yoast SEO v27.2) - https:\/\/yoast.com\/product\/yoast-seo-premium-wordpress\/ -->\n<title>Spanish Grammar - Talkpal<\/title>\n<meta name=\"description\" content=\"Unapredite svoje gramati\u010dke vje\u0161tine \u0161panskog jezika interaktivnim vje\u017ebama osmi\u0161ljenim za sve nivoe znanja. Vje\u017ebajte \u0161panski jezik efikasno!\" \/>\n<meta name=\"robots\" content=\"index, follow, max-snippet:-1, max-image-preview:large, max-video-preview:-1\" \/>\n<link rel=\"canonical\" href=\"https:\/\/talkpal.ai\/bs\/spanish-grammar\/\" \/>\n<meta property=\"og:locale\" content=\"bs_BA\" \/>\n<meta property=\"og:type\" content=\"article\" \/>\n<meta property=\"og:title\" content=\"Spanish Grammar\" \/>\n<meta property=\"og:description\" content=\"Brzi vodi\u010d za u\u010denje \u0161panske gramatike Ako ste ikada razmi\u0161ljali o u\u010denju novog jezika, velike su \u0161anse da vam je \u0161panski pao na pamet. Kao jedan od\" \/>\n<meta property=\"og:url\" content=\"https:\/\/talkpal.ai\/bs\/spanish-grammar\/\" \/>\n<meta property=\"og:site_name\" content=\"Talkpal\" \/>\n<meta property=\"article:publisher\" content=\"https:\/\/www.facebook.com\/profile.php?id=100090733639311\" \/>\n<meta property=\"article:modified_time\" content=\"2025-05-22T18:49:39+00:00\" \/>\n<meta property=\"og:image\" content=\"https:\/\/talkpal.ai\/wp-content\/uploads\/2023\/03\/spain.png\" \/>\n\t<meta property=\"og:image:width\" content=\"512\" \/>\n\t<meta property=\"og:image:height\" content=\"512\" \/>\n\t<meta property=\"og:image:type\" content=\"image\/png\" \/>\n<meta name=\"twitter:card\" content=\"summary_large_image\" \/>\n<meta name=\"twitter:site\" content=\"@talkpalai\" \/>\n<meta name=\"twitter:label1\" content=\"Est. reading time\" \/>\n\t<meta name=\"twitter:data1\" content=\"3 minute\" \/>\n<script type=\"application\/ld+json\" class=\"yoast-schema-graph\">{\"@context\":\"https:\/\/schema.org\",\"@graph\":[{\"@type\":\"WebPage\",\"@id\":\"https:\/\/talkpal.ai\/bs\/spanish-grammar\/\",\"url\":\"https:\/\/talkpal.ai\/bs\/spanish-grammar\/\",\"name\":\"Spanish Grammar - Talkpal\",\"isPartOf\":{\"@id\":\"https:\/\/talkpal.ai\/bs\/#website\"},\"primaryImageOfPage\":{\"@id\":\"https:\/\/talkpal.ai\/bs\/spanish-grammar\/#primaryimage\"},\"image\":{\"@id\":\"https:\/\/talkpal.ai\/bs\/spanish-grammar\/#primaryimage\"},\"thumbnailUrl\":\"https:\/\/talkpal.ai\/wp-content\/uploads\/2023\/03\/spain.png\",\"datePublished\":\"2023-03-26T11:55:54+00:00\",\"dateModified\":\"2025-05-22T18:49:39+00:00\",\"description\":\"Unapredite svoje gramati\u010dke vje\u0161tine \u0161panskog jezika interaktivnim vje\u017ebama osmi\u0161ljenim za sve nivoe znanja. Vje\u017ebajte \u0161panski jezik efikasno!\",\"breadcrumb\":{\"@id\":\"https:\/\/talkpal.ai\/bs\/spanish-grammar\/#breadcrumb\"},\"inLanguage\":\"bs-BA\",\"potentialAction\":[{\"@type\":\"ReadAction\",\"target\":[\"https:\/\/talkpal.ai\/bs\/spanish-grammar\/\"]}]},{\"@type\":\"ImageObject\",\"inLanguage\":\"bs-BA\",\"@id\":\"https:\/\/talkpal.ai\/bs\/spanish-grammar\/#primaryimage\",\"url\":\"https:\/\/talkpal.ai\/wp-content\/uploads\/2023\/03\/spain.png\",\"contentUrl\":\"https:\/\/talkpal.ai\/wp-content\/uploads\/2023\/03\/spain.png\",\"width\":512,\"height\":512,\"caption\":\"TalkPal AI learn Spanish\"},{\"@type\":\"BreadcrumbList\",\"@id\":\"https:\/\/talkpal.ai\/bs\/spanish-grammar\/#breadcrumb\",\"itemListElement\":[{\"@type\":\"ListItem\",\"position\":1,\"name\":\"Homepage\",\"item\":\"https:\/\/talkpal.ai\/bs\/\"},{\"@type\":\"ListItem\",\"position\":2,\"name\":\"Spanish Grammar\"}]},{\"@type\":\"WebSite\",\"@id\":\"https:\/\/talkpal.ai\/bs\/#website\",\"url\":\"https:\/\/talkpal.ai\/bs\/\",\"name\":\"Talkpal\",\"description\":\"AI Language Learning\",\"publisher\":{\"@id\":\"https:\/\/talkpal.ai\/bs\/#organization\"},\"alternateName\":\"Talkpal AI\",\"potentialAction\":[{\"@type\":\"SearchAction\",\"target\":{\"@type\":\"EntryPoint\",\"urlTemplate\":\"https:\/\/talkpal.ai\/bs\/?s={search_term_string}\"},\"query-input\":{\"@type\":\"PropertyValueSpecification\",\"valueRequired\":true,\"valueName\":\"search_term_string\"}}],\"inLanguage\":\"bs-BA\"},{\"@type\":\"Organization\",\"@id\":\"https:\/\/talkpal.ai\/bs\/#organization\",\"name\":\"Talkpal, Inc.\",\"alternateName\":\"Talkpal AI\",\"url\":\"https:\/\/talkpal.ai\/bs\/\",\"logo\":{\"@type\":\"ImageObject\",\"inLanguage\":\"bs-BA\",\"@id\":\"https:\/\/talkpal.ai\/bs\/#\/schema\/logo\/image\/\",\"url\":\"https:\/\/talkpal.ai\/wp-content\/uploads\/2024\/03\/Talkpal-Logo-Icon.png\",\"contentUrl\":\"https:\/\/talkpal.ai\/wp-content\/uploads\/2024\/03\/Talkpal-Logo-Icon.png\",\"width\":2880,\"height\":2880,\"caption\":\"Talkpal, Inc.\"},\"image\":{\"@id\":\"https:\/\/talkpal.ai\/bs\/#\/schema\/logo\/image\/\"},\"sameAs\":[\"https:\/\/www.facebook.com\/profile.php?id=100090733639311\",\"https:\/\/x.com\/talkpalai\",\"https:\/\/www.linkedin.com\/company\/talkpal\/\",\"https:\/\/www.youtube.com\/@TalkPal\/\",\"https:\/\/www.tiktok.com\/@talkpal\",\"https:\/\/www.instagram.com\/talkpal_ai\/\",\"https:\/\/www.crunchbase.com\/organization\/talkpal-9cde\",\"https:\/\/www.g2.com\/products\/talkpal-for-business\/\",\"https:\/\/www.trustpilot.com\/review\/talkpal.ai\",\"https:\/\/www.capterra.com\/p\/10006800\/TalkPal\/\"],\"description\":\"Talkpal is a language learning web and mobile education app, powered by the latest AI technologies, that provides engaging experiences to its customers in many different languages to help them improve their language skills. Users can chat about unlimited amount of topics with the app and use other modes to practice their language learning.\",\"email\":\"support@talkpal.ai\",\"legalName\":\"Talkpal, Inc.\",\"foundingDate\":\"2023-04-03\",\"duns\":\"118989042\",\"numberOfEmployees\":{\"@type\":\"QuantitativeValue\",\"minValue\":\"11\",\"maxValue\":\"50\"},\"publishingPrinciples\":\"https:\/\/talkpal.ai\/publishing-principles\/\",\"actionableFeedbackPolicy\":\"https:\/\/talkpal.ai\/actionable-feedback-policy\/\",\"correctionsPolicy\":\"https:\/\/talkpal.ai\/corrections-policy\/\",\"ethicsPolicy\":\"https:\/\/talkpal.ai\/ethics-policy\/\",\"diversityPolicy\":\"https:\/\/talkpal.ai\/diversity-policy\/\",\"diversityStaffingReport\":\"https:\/\/talkpal.ai\/diversity-policy\/\"}]}<\/script>\n<!-- \/ Yoast SEO Premium plugin. -->","yoast_head_json":{"title":"Spanish Grammar - Talkpal","description":"Unapredite svoje gramati\u010dke vje\u0161tine \u0161panskog jezika interaktivnim vje\u017ebama osmi\u0161ljenim za sve nivoe znanja. Vje\u017ebajte \u0161panski jezik efikasno!","robots":{"index":"index","follow":"follow","max-snippet":"max-snippet:-1","max-image-preview":"max-image-preview:large","max-video-preview":"max-video-preview:-1"},"canonical":"https:\/\/talkpal.ai\/bs\/spanish-grammar\/","og_locale":"bs_BA","og_type":"article","og_title":"Spanish Grammar","og_description":"Brzi vodi\u010d za u\u010denje \u0161panske gramatike Ako ste ikada razmi\u0161ljali o u\u010denju novog jezika, velike su \u0161anse da vam je \u0161panski pao na pamet. Kao jedan od","og_url":"https:\/\/talkpal.ai\/bs\/spanish-grammar\/","og_site_name":"Talkpal","article_publisher":"https:\/\/www.facebook.com\/profile.php?id=100090733639311","article_modified_time":"2025-05-22T18:49:39+00:00","og_image":[{"width":512,"height":512,"url":"https:\/\/talkpal.ai\/wp-content\/uploads\/2023\/03\/spain.png","type":"image\/png"}],"twitter_card":"summary_large_image","twitter_site":"@talkpalai","twitter_misc":{"Est. reading time":"3 minute"},"schema":{"@context":"https:\/\/schema.org","@graph":[{"@type":"WebPage","@id":"https:\/\/talkpal.ai\/bs\/spanish-grammar\/","url":"https:\/\/talkpal.ai\/bs\/spanish-grammar\/","name":"Spanish Grammar - Talkpal","isPartOf":{"@id":"https:\/\/talkpal.ai\/bs\/#website"},"primaryImageOfPage":{"@id":"https:\/\/talkpal.ai\/bs\/spanish-grammar\/#primaryimage"},"image":{"@id":"https:\/\/talkpal.ai\/bs\/spanish-grammar\/#primaryimage"},"thumbnailUrl":"https:\/\/talkpal.ai\/wp-content\/uploads\/2023\/03\/spain.png","datePublished":"2023-03-26T11:55:54+00:00","dateModified":"2025-05-22T18:49:39+00:00","description":"Unapredite svoje gramati\u010dke vje\u0161tine \u0161panskog jezika interaktivnim vje\u017ebama osmi\u0161ljenim za sve nivoe znanja. Vje\u017ebajte \u0161panski jezik efikasno!","breadcrumb":{"@id":"https:\/\/talkpal.ai\/bs\/spanish-grammar\/#breadcrumb"},"inLanguage":"bs-BA","potentialAction":[{"@type":"ReadAction","target":["https:\/\/talkpal.ai\/bs\/spanish-grammar\/"]}]},{"@type":"ImageObject","inLanguage":"bs-BA","@id":"https:\/\/talkpal.ai\/bs\/spanish-grammar\/#primaryimage","url":"https:\/\/talkpal.ai\/wp-content\/uploads\/2023\/03\/spain.png","contentUrl":"https:\/\/talkpal.ai\/wp-content\/uploads\/2023\/03\/spain.png","width":512,"height":512,"caption":"TalkPal AI learn Spanish"},{"@type":"BreadcrumbList","@id":"https:\/\/talkpal.ai\/bs\/spanish-grammar\/#breadcrumb","itemListElement":[{"@type":"ListItem","position":1,"name":"Homepage","item":"https:\/\/talkpal.ai\/bs\/"},{"@type":"ListItem","position":2,"name":"Spanish Grammar"}]},{"@type":"WebSite","@id":"https:\/\/talkpal.ai\/bs\/#website","url":"https:\/\/talkpal.ai\/bs\/","name":"Talkpal","description":"AI Language Learning","publisher":{"@id":"https:\/\/talkpal.ai\/bs\/#organization"},"alternateName":"Talkpal AI","potentialAction":[{"@type":"SearchAction","target":{"@type":"EntryPoint","urlTemplate":"https:\/\/talkpal.ai\/bs\/?s={search_term_string}"},"query-input":{"@type":"PropertyValueSpecification","valueRequired":true,"valueName":"search_term_string"}}],"inLanguage":"bs-BA"},{"@type":"Organization","@id":"https:\/\/talkpal.ai\/bs\/#organization","name":"Talkpal, Inc.","alternateName":"Talkpal AI","url":"https:\/\/talkpal.ai\/bs\/","logo":{"@type":"ImageObject","inLanguage":"bs-BA","@id":"https:\/\/talkpal.ai\/bs\/#\/schema\/logo\/image\/","url":"https:\/\/talkpal.ai\/wp-content\/uploads\/2024\/03\/Talkpal-Logo-Icon.png","contentUrl":"https:\/\/talkpal.ai\/wp-content\/uploads\/2024\/03\/Talkpal-Logo-Icon.png","width":2880,"height":2880,"caption":"Talkpal, Inc."},"image":{"@id":"https:\/\/talkpal.ai\/bs\/#\/schema\/logo\/image\/"},"sameAs":["https:\/\/www.facebook.com\/profile.php?id=100090733639311","https:\/\/x.com\/talkpalai","https:\/\/www.linkedin.com\/company\/talkpal\/","https:\/\/www.youtube.com\/@TalkPal\/","https:\/\/www.tiktok.com\/@talkpal","https:\/\/www.instagram.com\/talkpal_ai\/","https:\/\/www.crunchbase.com\/organization\/talkpal-9cde","https:\/\/www.g2.com\/products\/talkpal-for-business\/","https:\/\/www.trustpilot.com\/review\/talkpal.ai","https:\/\/www.capterra.com\/p\/10006800\/TalkPal\/"],"description":"Talkpal is a language learning web and mobile education app, powered by the latest AI technologies, that provides engaging experiences to its customers in many different languages to help them improve their language skills. Users can chat about unlimited amount of topics with the app and use other modes to practice their language learning.","email":"support@talkpal.ai","legalName":"Talkpal, Inc.","foundingDate":"2023-04-03","duns":"118989042","numberOfEmployees":{"@type":"QuantitativeValue","minValue":"11","maxValue":"50"},"publishingPrinciples":"https:\/\/talkpal.ai\/publishing-principles\/","actionableFeedbackPolicy":"https:\/\/talkpal.ai\/actionable-feedback-policy\/","correctionsPolicy":"https:\/\/talkpal.ai\/corrections-policy\/","ethicsPolicy":"https:\/\/talkpal.ai\/ethics-policy\/","diversityPolicy":"https:\/\/talkpal.ai\/diversity-policy\/","diversityStaffingReport":"https:\/\/talkpal.ai\/diversity-policy\/"}]}},"_links":{"self":[{"href":"https:\/\/talkpal.ai\/bs\/wp-json\/wp\/v2\/pages\/124534","targetHints":{"allow":["GET"]}}],"collection":[{"href":"https:\/\/talkpal.ai\/bs\/wp-json\/wp\/v2\/pages"}],"about":[{"href":"https:\/\/talkpal.ai\/bs\/wp-json\/wp\/v2\/types\/page"}],"author":[{"embeddable":true,"href":"https:\/\/talkpal.ai\/bs\/wp-json\/wp\/v2\/users\/1"}],"replies":[{"embeddable":true,"href":"https:\/\/talkpal.ai\/bs\/wp-json\/wp\/v2\/comments?post=124534"}],"version-history":[{"count":0,"href":"https:\/\/talkpal.ai\/bs\/wp-json\/wp\/v2\/pages\/124534\/revisions"}],"wp:featuredmedia":[{"embeddable":true,"href":"https:\/\/talkpal.ai\/bs\/wp-json\/wp\/v2\/media\/75339"}],"wp:attachment":[{"href":"https:\/\/talkpal.ai\/bs\/wp-json\/wp\/v2\/media?parent=124534"}],"curies":[{"name":"wp","href":"https:\/\/api.w.org\/{rel}","templated":true}]}}