{"id":124328,"date":"2023-03-26T11:45:19","date_gmt":"2023-03-26T11:45:19","guid":{"rendered":"http:\/\/talkpal.ai\/french-grammar\/"},"modified":"2025-05-22T18:47:53","modified_gmt":"2025-05-22T18:47:53","slug":"french-grammar","status":"publish","type":"page","link":"https:\/\/talkpal.ai\/bs\/french-grammar\/","title":{"rendered":"French Grammar"},"content":{"rendered":"\r\n\r\n\r\n<section class=\"languageChallengeSection\">\r\n    <div class=\"languageInfoWrapper\">\r\n        \r\n        <h1>French Grammar<\/h1>\r\n        <p>Otkrijte eleganciju francuskog jezika savladavanjem njegovih osnovnih gramati\u010dkih pravila. Dobro razumijevanje francuske gramatike pomo\u0107i \u0107e vam da lako komunicirate i cijenite bogatstvo francuske kulture. Po\u010dnite u\u010diti francusku gramatiku ve\u0107 danas i zapo\u010dnite svoje putovanje ka te\u010dnosti!<\/p>\r\n\r\n                            <a class=\"getStartedHidden\" href=\"https:\/\/app.talkpal.ai\/signup?lng=\">Kreni<\/a>\r\n        \r\n    <\/div>\r\n\r\n    <figure>\r\n    <img decoding=\"async\" width=\"768\" height=\"768\" src=\"https:\/\/talkpal.ai\/wp-content\/uploads\/2023\/06\/french-768x768.png\" class=\"languageImage no-lazy\" alt=\"Language learning strategies for professionals\" fetchpriority=\"high\" sizes=\"(max-width: 768px) 150px, 768px\" srcset=\"https:\/\/talkpal.ai\/wp-content\/uploads\/2023\/06\/french-768x768.png 768w, https:\/\/talkpal.ai\/wp-content\/uploads\/2023\/06\/french-300x300.png 300w\" \/>\r\n    \r\n\r\n    <\/figure>\r\n\r\n            <a class=\"getStartedVisible\" href=\"https:\/\/app.talkpal.ai\/signup?lng=\">Kreni<\/a>\r\n    \r\n<\/section>\r\n<section class=\"promotionalBanner\">\r\n    <p class=\"promotionalText\"><\/p>\r\n    <a class=\"promotionalLink\" href=\"https:\/\/app.talkpal.ai\/signup?lng=\"><\/a>\r\n<\/section>\n<div class=\"wp-block-group pageContainerStyle\"><div class=\"wp-block-group__inner-container is-layout-constrained wp-block-group-is-layout-constrained\">\n<h2 class=\"wp-block-heading\" id=\"h-a-beginner-s-guide-to-french-grammar\">Vodi\u010d za po\u010detnike za francusku gramatiku<\/h2>\n\n\n\n<p>U\u010denje francuskog jezika mo\u017ee da bude uzbudljivo i inspirativno iskustvo. Me\u0111utim, savladavanje francuske gramatike mo\u017ee biti izazovno, \u010dak i za one koji znaju <a href=\"https:\/\/talkpal.ai\/learn-english-with-ai\/\">engleski<\/a> jezik. U ovom \u010dlanku \u0107emo raspravljati o nekim bitnim savjetima iz francuske gramatike koji \u0107e vam pomo\u0107i da pobolj\u0161ate svoje jezi\u010dne vje\u0161tine. Ako se upoznate sa ovim pravilima i redovno ih praktikujete, bit \u0107ete na dobrom putu da postanete stru\u010dnjak za francusku gramatiku.<\/p>\n\n\n\n<h3 class=\"wp-block-heading\" id=\"h-1-the-importance-of-gender-in-french-nouns\">Va\u017enost roda u francuskim imenicama<\/h3>\n\n\n\n<p>Jedna od najzna\u010dajnijih razlika izme\u0111u francuske i engleske gramatike je koncept roda. Sve francuske imenice su ili mu\u0161ke ili \u017eenske, \u0161to uti\u010de na \u010dlanke i pridjeve koji se koriste s njima. Na primjer, &#8220;le&#8221; i &#8220;la&#8221; su odre\u0111eni \u010dlanovi za imenice mu\u0161kog i \u017eenskog roda. Kada nai\u0111ete na novu imenicu, klju\u010dno je zapamtiti njen rod kako biste izbjegli gramati\u010dke gre\u0161ke.<\/p>\n\n\n\n<h3 class=\"wp-block-heading\" id=\"h-2-mastering-verb-conjugations\">2. Mastering Verb Conjugations<\/h3>\n\n\n\n<p><a href=\"https:\/\/talkpal.ai\/learn-french\/\">Francuski<\/a> glagoli imaju brojne konjugacije zasnovane na napetosti, raspolo\u017eenju i zamjenicama predmeta. Ovo mo\u017ee izgledati neodoljivo, ali postoje obrasci i pre\u010dice koje mo\u017eete koristiti da pojednostavite proces. Redovni glagoli pripadaju jednoj od tri grupe na osnovu njihovih infinitivnih zavr\u0161etaka (-er, -ir, i -re), a svaka grupa ima svoj skup pravila konjugacije. Jednom kada nau\u010dite ova pravila, lako mo\u017eete konjugovati zna\u010dajan broj francuskih glagola.<\/p>\n\n\n\n<h3 class=\"wp-block-heading\" id=\"h-3-the-partitive-article-du-de-la-and-de-l\">3. Partitivni \u010dlan: du, de la i de l&#8217;<\/h3>\n\n\n\n<p>Kada govorite o dijelu ili neodre\u0111enoj koli\u010dini ne\u010dega, morat \u0107ete koristiti partitivni \u010dlanak. Partitivni \u010dlan se mijenja ovisno o rodu imenice i <a href=\"https:\/\/talkpal.ai\/culture\/what-is-the-difference-between-da-li-and-je-li-in-forming-questions\/\">da li<\/a> po\u010dinje samoglasnikom ili suglasnikom. Za imenice mu\u0161kog roda koristite \u201cdu\u201d, za imenice \u017eenskog roda \u201cde la\u201d, a za imenice koje po\u010dinju samoglasnikom ili tihim &#8216;h&#8217;, koristite \u201cde l\u201d.<\/p>\n\n\n\n<h3 class=\"wp-block-heading\" id=\"h-4-adjective-agreement-and-placement\">4. pridjevski sporazum i plasman<\/h3>\n\n\n\n<p>U francuskoj gramatici, pridjevi se moraju slo\u017eiti sa imenicom koju mijenjaju u pogledu spola i broja. \u010cesto, to zna\u010di da \u0107ete morati dodati &#8216;e&#8217; pridjevu da bi postao \u017eenski i &#8216;s&#8217; da bi postao mno\u017eina. Osim toga, pridjevi op\u0107enito prate imenicu koju modificiraju, s nekim izuzecima za kratke i uobi\u010dajene prideve poput &#8220;beau&#8221;, &#8220;vieil&#8221; i &#8220;grand&#8221;.<\/p>\n\n\n\n<p>Primjeri:<br\/>\u2013 Un chat noir (crna ma\u010dka)<br\/>\u2013 Une voiture noire (Crni auto)<br\/>\u2013 Deux chats noirs (Dvije crne ma\u010dke)<\/p>\n\n\n\n<h3 class=\"wp-block-heading\" id=\"h-5-passe-compose-past-tense-made-easy\">5. Passe Compose \u2013 pro\u0161lo vrijeme je jednostavno<\/h3>\n\n\n\n<p>Iako postoji mnogo na\u010dina da se izrazi pro\u0161lo vreme na francuskom, pass\u00e8 compos\u00e9 je jedan od najkorisnijih i najlak\u0161ih za u\u010denje. Da biste formirali <a href=\"https:\/\/talkpal.ai\/ar\/grammar_exercises\/passe-compose-%d8%aa%d9%85%d8%a7%d8%b1%d9%8a%d9%86-%d9%84%d9%84%d9%82%d9%88%d8%a7%d8%b9%d8%af-%d8%a7%d9%84%d9%81%d8%b1%d9%86%d8%b3%d9%8a%d8%a9\/\">pass\u00e9 compos\u00e9<\/a>, trebat \u0107e vam sada\u0161nje vrijeme pomo\u0107nog glagola \u201cavoir\u201d ili \u201c\u00eatre\u201d, nakon \u010dega slijedi glagolski prilog u pro\u0161lom vremenu glavnog glagola. Ve\u0107ina glagola koristi &#8220;avoir&#8221; kao pomo\u0107ni, dok neki glagoli, koji se uglavnom odnose na kretanje i povratne glagole, koriste &#8220;\u00eatre&#8221;.<\/p>\n\n\n\n<p>Primjer:<br\/>\u2013 J'<a href=\"https:\/\/talkpal.ai\/speaking-with-ai\/\">ai<\/a> mang\u00e9 (jeo sam)<br\/>\u2013 Nous sommes all\u00e9s (I\u0161li smo)<\/p>\n\n\n\n<h3 class=\"wp-block-heading\" id=\"h-6-engaging-with-the-language\">b) Povezivanje sa jezikom<\/h3>\n\n\n\n<p>Jedan od najboljih na\u010dina da pobolj\u0161ate svoju francusku gramatiku jeste da se redovno anga\u017eujete sa jezikom. Bilo da se radi o \u010ditanju francuskih novina, gledanju francuskih filmova ili razgovoru s izvornim govornikom, izlaganje jeziku u razli\u010ditim kontekstima pomo\u0107i \u0107e vam da oja\u010date va\u0161e razumijevanje gramatike i pro\u0161irite svoj vokabular.<\/p>\n\n\n\n<h3 class=\"wp-block-heading\" id=\"h-conclusion\">Zaklju\u010dak<\/h3>\n\n\n\n<p>Savladavanje francuske gramatike mo\u017ee izgledati zastra\u0161uju\u0107e, ali uz doslednu praksu i posve\u0107enost, mo\u017eete te\u010dno govoriti ovaj prelepi jezik. Fokusiraju\u0107i se na gore navedena osnovna pravila i bave\u0107i se jezikom u razli\u010ditim kontekstima, va\u0161e ve\u0161tine francuske gramatike \u0107e se brzo pobolj\u0161ati. <a href=\"https:\/\/talkpal.ai\/culture\/how-do-i-wish-someone-good-luck-in-french\/\">Bonne chance<\/a> on your journey to mastering <a href=\"https:\/\/talkpal.ai\/locations\/learn-french-in-reading\/\">French<\/a> grammatic!<\/p>\n<\/div><\/div>\n\r\n<section class=\"learnNavigationSection\">\r\n            \r\n        <a href=\"https:\/\/talkpal.ai\/bs\/naucite-francuski\/\">\r\n            <div class=\"learnNavigationWrapper\">\r\n                <div class=\"learnNavigationContent\">\r\n                    <img decoding=\"async\" src=\"https:\/\/talkpal.ai\/wp-content\/uploads\/2024\/08\/French.jpg\" alt=\"French Flag\">\r\n                    <div>\r\n                        <h4>O u\u010denju francuskog<\/h4>\r\n                        <p>Saznaj sve o francuskoj gramatici.<\/p>\r\n                    <\/div>\r\n                <\/div>\r\n            <\/div>\r\n        <\/a>\r\n\r\n        \r\n        <a href=\"https:\/\/talkpal.ai\/bs\/francuske-gramaticke-vezbe\/\">\r\n            <div class=\"learnNavigationWrapper\">\r\n                <div class=\"learnNavigationContent\">\r\n                    <img decoding=\"async\" src=\"https:\/\/talkpal.ai\/wp-content\/uploads\/2024\/08\/French.jpg\" alt=\"French Flag\">\r\n                    <div>\r\n                        <h4>Vje\u017eba francuske gramatike<\/h4>\r\n                        <p>Praktikuj francusku gramatiku.<\/p>\r\n                    <\/div>\r\n                <\/div>\r\n            <\/div>\r\n        <\/a>\r\n\r\n        \r\n        <a href=\"https:\/\/talkpal.ai\/vocabulary_language\/french\/\">\r\n            <div class=\"learnNavigationWrapper\">\r\n                <div class=\"learnNavigationContent\">\r\n                    <img decoding=\"async\" src=\"https:\/\/talkpal.ai\/wp-content\/uploads\/2024\/08\/French.jpg\" alt=\"French Flag\">\r\n                    <div>\r\n                        <h4>Francuski vokabular<\/h4>\r\n                        <p>Pro\u0161irite svoj francuski vokabular.<\/p>\r\n                    <\/div>\r\n                <\/div>\r\n            <\/div>\r\n        <\/a>\r\n\r\n            <\/section>","protected":false},"excerpt":{"rendered":"<p>Vodi\u010d za po\u010detnike za francusku gramatiku U\u010denje francuskog jezika mo\u017ee da bude uzbudljivo i inspirativno iskustvo. Me\u0111utim, savladavanje francuske gramatike mo\u017ee biti izazovno, \u010dak i za one koji znaju engleski jezik. U ovom \u010dlanku \u0107emo raspravljati o nekim bitnim savjetima iz francuske gramatike koji \u0107e vam pomo\u0107i da pobolj\u0161ate svoje jezi\u010dne vje\u0161tine. Ako se upoznate [&hellip;]<\/p>\n","protected":false},"author":1,"featured_media":75877,"parent":0,"menu_order":0,"comment_status":"closed","ping_status":"closed","template":"LearningContentPage.php","meta":{"_acf_changed":false,"footnotes":""},"class_list":["post-124328","page","type-page","status-publish","has-post-thumbnail","hentry"],"acf":[],"yoast_head":"<!-- This site is optimized with the Yoast SEO Premium plugin v27.2 (Yoast SEO v27.2) - https:\/\/yoast.com\/product\/yoast-seo-premium-wordpress\/ -->\n<title>French Grammar - Talkpal<\/title>\n<meta name=\"description\" content=\"Savladajte osnovne koncepte francuske gramatike - obuhvataju\u0107i glagole, konjugacije, glagolska vremena, imenice, \u010dlanove, pridjeve, zamjenice i re\u010deni\u010dnu strukturu.\" \/>\n<meta name=\"robots\" content=\"index, follow, max-snippet:-1, max-image-preview:large, max-video-preview:-1\" \/>\n<link rel=\"canonical\" href=\"https:\/\/talkpal.ai\/bs\/french-grammar\/\" \/>\n<meta property=\"og:locale\" content=\"bs_BA\" \/>\n<meta property=\"og:type\" content=\"article\" \/>\n<meta property=\"og:title\" content=\"French Grammar\" \/>\n<meta property=\"og:description\" content=\"Vodi\u010d za po\u010detnike za francusku gramatiku U\u010denje francuskog jezika mo\u017ee da bude uzbudljivo i inspirativno iskustvo. Me\u0111utim, savladavanje francuske\" \/>\n<meta property=\"og:url\" content=\"https:\/\/talkpal.ai\/bs\/french-grammar\/\" \/>\n<meta property=\"og:site_name\" content=\"Talkpal\" \/>\n<meta property=\"article:publisher\" content=\"https:\/\/www.facebook.com\/profile.php?id=100090733639311\" \/>\n<meta property=\"article:modified_time\" content=\"2025-05-22T18:47:53+00:00\" \/>\n<meta property=\"og:image\" content=\"https:\/\/talkpal.ai\/wp-content\/uploads\/2023\/03\/france.png\" \/>\n\t<meta property=\"og:image:width\" content=\"512\" \/>\n\t<meta property=\"og:image:height\" content=\"512\" \/>\n\t<meta property=\"og:image:type\" content=\"image\/png\" \/>\n<meta name=\"twitter:card\" content=\"summary_large_image\" \/>\n<meta name=\"twitter:site\" content=\"@talkpalai\" \/>\n<meta name=\"twitter:label1\" content=\"Est. reading time\" \/>\n\t<meta name=\"twitter:data1\" content=\"3 minute\" \/>\n<script type=\"application\/ld+json\" class=\"yoast-schema-graph\">{\"@context\":\"https:\/\/schema.org\",\"@graph\":[{\"@type\":\"WebPage\",\"@id\":\"https:\/\/talkpal.ai\/bs\/french-grammar\/\",\"url\":\"https:\/\/talkpal.ai\/bs\/french-grammar\/\",\"name\":\"French Grammar - Talkpal\",\"isPartOf\":{\"@id\":\"https:\/\/talkpal.ai\/bs\/#website\"},\"primaryImageOfPage\":{\"@id\":\"https:\/\/talkpal.ai\/bs\/french-grammar\/#primaryimage\"},\"image\":{\"@id\":\"https:\/\/talkpal.ai\/bs\/french-grammar\/#primaryimage\"},\"thumbnailUrl\":\"https:\/\/talkpal.ai\/wp-content\/uploads\/2023\/03\/france.png\",\"datePublished\":\"2023-03-26T11:45:19+00:00\",\"dateModified\":\"2025-05-22T18:47:53+00:00\",\"description\":\"Savladajte osnovne koncepte francuske gramatike - obuhvataju\u0107i glagole, konjugacije, glagolska vremena, imenice, \u010dlanove, pridjeve, zamjenice i re\u010deni\u010dnu strukturu.\",\"breadcrumb\":{\"@id\":\"https:\/\/talkpal.ai\/bs\/french-grammar\/#breadcrumb\"},\"inLanguage\":\"bs-BA\",\"potentialAction\":[{\"@type\":\"ReadAction\",\"target\":[\"https:\/\/talkpal.ai\/bs\/french-grammar\/\"]}]},{\"@type\":\"ImageObject\",\"inLanguage\":\"bs-BA\",\"@id\":\"https:\/\/talkpal.ai\/bs\/french-grammar\/#primaryimage\",\"url\":\"https:\/\/talkpal.ai\/wp-content\/uploads\/2023\/03\/france.png\",\"contentUrl\":\"https:\/\/talkpal.ai\/wp-content\/uploads\/2023\/03\/france.png\",\"width\":512,\"height\":512,\"caption\":\"TalkPal AI learn French\"},{\"@type\":\"BreadcrumbList\",\"@id\":\"https:\/\/talkpal.ai\/bs\/french-grammar\/#breadcrumb\",\"itemListElement\":[{\"@type\":\"ListItem\",\"position\":1,\"name\":\"Homepage\",\"item\":\"https:\/\/talkpal.ai\/bs\/\"},{\"@type\":\"ListItem\",\"position\":2,\"name\":\"French Grammar\"}]},{\"@type\":\"WebSite\",\"@id\":\"https:\/\/talkpal.ai\/bs\/#website\",\"url\":\"https:\/\/talkpal.ai\/bs\/\",\"name\":\"Talkpal\",\"description\":\"AI Language Learning\",\"publisher\":{\"@id\":\"https:\/\/talkpal.ai\/bs\/#organization\"},\"alternateName\":\"Talkpal AI\",\"potentialAction\":[{\"@type\":\"SearchAction\",\"target\":{\"@type\":\"EntryPoint\",\"urlTemplate\":\"https:\/\/talkpal.ai\/bs\/?s={search_term_string}\"},\"query-input\":{\"@type\":\"PropertyValueSpecification\",\"valueRequired\":true,\"valueName\":\"search_term_string\"}}],\"inLanguage\":\"bs-BA\"},{\"@type\":\"Organization\",\"@id\":\"https:\/\/talkpal.ai\/bs\/#organization\",\"name\":\"Talkpal, Inc.\",\"alternateName\":\"Talkpal AI\",\"url\":\"https:\/\/talkpal.ai\/bs\/\",\"logo\":{\"@type\":\"ImageObject\",\"inLanguage\":\"bs-BA\",\"@id\":\"https:\/\/talkpal.ai\/bs\/#\/schema\/logo\/image\/\",\"url\":\"https:\/\/talkpal.ai\/wp-content\/uploads\/2024\/03\/Talkpal-Logo-Icon.png\",\"contentUrl\":\"https:\/\/talkpal.ai\/wp-content\/uploads\/2024\/03\/Talkpal-Logo-Icon.png\",\"width\":2880,\"height\":2880,\"caption\":\"Talkpal, Inc.\"},\"image\":{\"@id\":\"https:\/\/talkpal.ai\/bs\/#\/schema\/logo\/image\/\"},\"sameAs\":[\"https:\/\/www.facebook.com\/profile.php?id=100090733639311\",\"https:\/\/x.com\/talkpalai\",\"https:\/\/www.linkedin.com\/company\/talkpal\/\",\"https:\/\/www.youtube.com\/@TalkPal\/\",\"https:\/\/www.tiktok.com\/@talkpal\",\"https:\/\/www.instagram.com\/talkpal_ai\/\",\"https:\/\/www.crunchbase.com\/organization\/talkpal-9cde\",\"https:\/\/www.g2.com\/products\/talkpal-for-business\/\",\"https:\/\/www.trustpilot.com\/review\/talkpal.ai\",\"https:\/\/www.capterra.com\/p\/10006800\/TalkPal\/\"],\"description\":\"Talkpal is a language learning web and mobile education app, powered by the latest AI technologies, that provides engaging experiences to its customers in many different languages to help them improve their language skills. Users can chat about unlimited amount of topics with the app and use other modes to practice their language learning.\",\"email\":\"support@talkpal.ai\",\"legalName\":\"Talkpal, Inc.\",\"foundingDate\":\"2023-04-03\",\"duns\":\"118989042\",\"numberOfEmployees\":{\"@type\":\"QuantitativeValue\",\"minValue\":\"11\",\"maxValue\":\"50\"},\"publishingPrinciples\":\"https:\/\/talkpal.ai\/publishing-principles\/\",\"actionableFeedbackPolicy\":\"https:\/\/talkpal.ai\/actionable-feedback-policy\/\",\"correctionsPolicy\":\"https:\/\/talkpal.ai\/corrections-policy\/\",\"ethicsPolicy\":\"https:\/\/talkpal.ai\/ethics-policy\/\",\"diversityPolicy\":\"https:\/\/talkpal.ai\/diversity-policy\/\",\"diversityStaffingReport\":\"https:\/\/talkpal.ai\/diversity-policy\/\"}]}<\/script>\n<!-- \/ Yoast SEO Premium plugin. -->","yoast_head_json":{"title":"French Grammar - Talkpal","description":"Savladajte osnovne koncepte francuske gramatike - obuhvataju\u0107i glagole, konjugacije, glagolska vremena, imenice, \u010dlanove, pridjeve, zamjenice i re\u010deni\u010dnu strukturu.","robots":{"index":"index","follow":"follow","max-snippet":"max-snippet:-1","max-image-preview":"max-image-preview:large","max-video-preview":"max-video-preview:-1"},"canonical":"https:\/\/talkpal.ai\/bs\/french-grammar\/","og_locale":"bs_BA","og_type":"article","og_title":"French Grammar","og_description":"Vodi\u010d za po\u010detnike za francusku gramatiku U\u010denje francuskog jezika mo\u017ee da bude uzbudljivo i inspirativno iskustvo. Me\u0111utim, savladavanje francuske","og_url":"https:\/\/talkpal.ai\/bs\/french-grammar\/","og_site_name":"Talkpal","article_publisher":"https:\/\/www.facebook.com\/profile.php?id=100090733639311","article_modified_time":"2025-05-22T18:47:53+00:00","og_image":[{"width":512,"height":512,"url":"https:\/\/talkpal.ai\/wp-content\/uploads\/2023\/03\/france.png","type":"image\/png"}],"twitter_card":"summary_large_image","twitter_site":"@talkpalai","twitter_misc":{"Est. reading time":"3 minute"},"schema":{"@context":"https:\/\/schema.org","@graph":[{"@type":"WebPage","@id":"https:\/\/talkpal.ai\/bs\/french-grammar\/","url":"https:\/\/talkpal.ai\/bs\/french-grammar\/","name":"French Grammar - Talkpal","isPartOf":{"@id":"https:\/\/talkpal.ai\/bs\/#website"},"primaryImageOfPage":{"@id":"https:\/\/talkpal.ai\/bs\/french-grammar\/#primaryimage"},"image":{"@id":"https:\/\/talkpal.ai\/bs\/french-grammar\/#primaryimage"},"thumbnailUrl":"https:\/\/talkpal.ai\/wp-content\/uploads\/2023\/03\/france.png","datePublished":"2023-03-26T11:45:19+00:00","dateModified":"2025-05-22T18:47:53+00:00","description":"Savladajte osnovne koncepte francuske gramatike - obuhvataju\u0107i glagole, konjugacije, glagolska vremena, imenice, \u010dlanove, pridjeve, zamjenice i re\u010deni\u010dnu strukturu.","breadcrumb":{"@id":"https:\/\/talkpal.ai\/bs\/french-grammar\/#breadcrumb"},"inLanguage":"bs-BA","potentialAction":[{"@type":"ReadAction","target":["https:\/\/talkpal.ai\/bs\/french-grammar\/"]}]},{"@type":"ImageObject","inLanguage":"bs-BA","@id":"https:\/\/talkpal.ai\/bs\/french-grammar\/#primaryimage","url":"https:\/\/talkpal.ai\/wp-content\/uploads\/2023\/03\/france.png","contentUrl":"https:\/\/talkpal.ai\/wp-content\/uploads\/2023\/03\/france.png","width":512,"height":512,"caption":"TalkPal AI learn French"},{"@type":"BreadcrumbList","@id":"https:\/\/talkpal.ai\/bs\/french-grammar\/#breadcrumb","itemListElement":[{"@type":"ListItem","position":1,"name":"Homepage","item":"https:\/\/talkpal.ai\/bs\/"},{"@type":"ListItem","position":2,"name":"French Grammar"}]},{"@type":"WebSite","@id":"https:\/\/talkpal.ai\/bs\/#website","url":"https:\/\/talkpal.ai\/bs\/","name":"Talkpal","description":"AI Language Learning","publisher":{"@id":"https:\/\/talkpal.ai\/bs\/#organization"},"alternateName":"Talkpal AI","potentialAction":[{"@type":"SearchAction","target":{"@type":"EntryPoint","urlTemplate":"https:\/\/talkpal.ai\/bs\/?s={search_term_string}"},"query-input":{"@type":"PropertyValueSpecification","valueRequired":true,"valueName":"search_term_string"}}],"inLanguage":"bs-BA"},{"@type":"Organization","@id":"https:\/\/talkpal.ai\/bs\/#organization","name":"Talkpal, Inc.","alternateName":"Talkpal AI","url":"https:\/\/talkpal.ai\/bs\/","logo":{"@type":"ImageObject","inLanguage":"bs-BA","@id":"https:\/\/talkpal.ai\/bs\/#\/schema\/logo\/image\/","url":"https:\/\/talkpal.ai\/wp-content\/uploads\/2024\/03\/Talkpal-Logo-Icon.png","contentUrl":"https:\/\/talkpal.ai\/wp-content\/uploads\/2024\/03\/Talkpal-Logo-Icon.png","width":2880,"height":2880,"caption":"Talkpal, Inc."},"image":{"@id":"https:\/\/talkpal.ai\/bs\/#\/schema\/logo\/image\/"},"sameAs":["https:\/\/www.facebook.com\/profile.php?id=100090733639311","https:\/\/x.com\/talkpalai","https:\/\/www.linkedin.com\/company\/talkpal\/","https:\/\/www.youtube.com\/@TalkPal\/","https:\/\/www.tiktok.com\/@talkpal","https:\/\/www.instagram.com\/talkpal_ai\/","https:\/\/www.crunchbase.com\/organization\/talkpal-9cde","https:\/\/www.g2.com\/products\/talkpal-for-business\/","https:\/\/www.trustpilot.com\/review\/talkpal.ai","https:\/\/www.capterra.com\/p\/10006800\/TalkPal\/"],"description":"Talkpal is a language learning web and mobile education app, powered by the latest AI technologies, that provides engaging experiences to its customers in many different languages to help them improve their language skills. Users can chat about unlimited amount of topics with the app and use other modes to practice their language learning.","email":"support@talkpal.ai","legalName":"Talkpal, Inc.","foundingDate":"2023-04-03","duns":"118989042","numberOfEmployees":{"@type":"QuantitativeValue","minValue":"11","maxValue":"50"},"publishingPrinciples":"https:\/\/talkpal.ai\/publishing-principles\/","actionableFeedbackPolicy":"https:\/\/talkpal.ai\/actionable-feedback-policy\/","correctionsPolicy":"https:\/\/talkpal.ai\/corrections-policy\/","ethicsPolicy":"https:\/\/talkpal.ai\/ethics-policy\/","diversityPolicy":"https:\/\/talkpal.ai\/diversity-policy\/","diversityStaffingReport":"https:\/\/talkpal.ai\/diversity-policy\/"}]}},"_links":{"self":[{"href":"https:\/\/talkpal.ai\/bs\/wp-json\/wp\/v2\/pages\/124328","targetHints":{"allow":["GET"]}}],"collection":[{"href":"https:\/\/talkpal.ai\/bs\/wp-json\/wp\/v2\/pages"}],"about":[{"href":"https:\/\/talkpal.ai\/bs\/wp-json\/wp\/v2\/types\/page"}],"author":[{"embeddable":true,"href":"https:\/\/talkpal.ai\/bs\/wp-json\/wp\/v2\/users\/1"}],"replies":[{"embeddable":true,"href":"https:\/\/talkpal.ai\/bs\/wp-json\/wp\/v2\/comments?post=124328"}],"version-history":[{"count":0,"href":"https:\/\/talkpal.ai\/bs\/wp-json\/wp\/v2\/pages\/124328\/revisions"}],"wp:featuredmedia":[{"embeddable":true,"href":"https:\/\/talkpal.ai\/bs\/wp-json\/wp\/v2\/media\/75877"}],"wp:attachment":[{"href":"https:\/\/talkpal.ai\/bs\/wp-json\/wp\/v2\/media?parent=124328"}],"curies":[{"name":"wp","href":"https:\/\/api.w.org\/{rel}","templated":true}]}}