{"id":124079,"date":"2023-03-26T11:40:15","date_gmt":"2023-03-26T11:40:15","guid":{"rendered":"http:\/\/talkpal.ai\/german-grammar\/"},"modified":"2025-05-22T19:21:22","modified_gmt":"2025-05-22T19:21:22","slug":"german-grammar","status":"publish","type":"page","link":"https:\/\/talkpal.ai\/bs\/german-grammar\/","title":{"rendered":"German Grammar"},"content":{"rendered":"\r\n\r\n\r\n<section class=\"languageChallengeSection\">\r\n    <div class=\"languageInfoWrapper\">\r\n        \r\n        <h1>German Grammar<\/h1>\r\n        <p>Otkrijte strukturu njema\u010dkog jezika savladavanjem njegovih osnovnih gramati\u010dkih pravila. Razumijevanje njema\u010dke gramatike pomo\u0107i \u0107e vam da komunicirate s povjerenjem i u potpunosti cijenite bogatstvo kultura njema\u010dkog govornog podru\u010dja. Po\u010dnite u\u010diti njema\u010dku gramatiku ve\u0107 danas i napravite prvi korak ka te\u010dnom govoru!\n\n<\/p>\r\n\r\n                            <a class=\"getStartedHidden\" href=\"https:\/\/app.talkpal.ai\/signup?lng=\">Kreni<\/a>\r\n        \r\n    <\/div>\r\n\r\n    <figure>\r\n    <img decoding=\"async\" width=\"768\" height=\"768\" src=\"https:\/\/talkpal.ai\/wp-content\/uploads\/2023\/06\/german-768x768.png\" class=\"languageImage no-lazy\" alt=\"Language learning for global networking\" fetchpriority=\"high\" sizes=\"(max-width: 768px) 150px, 768px\" srcset=\"https:\/\/talkpal.ai\/wp-content\/uploads\/2023\/06\/german-768x768.png 768w, https:\/\/talkpal.ai\/wp-content\/uploads\/2023\/06\/german-300x300.png 300w\" \/>\r\n    \r\n\r\n    <\/figure>\r\n\r\n            <a class=\"getStartedVisible\" href=\"https:\/\/app.talkpal.ai\/signup?lng=\">Kreni<\/a>\r\n    \r\n<\/section>\r\n<section class=\"promotionalBanner\">\r\n    <p class=\"promotionalText\">Najefikasniji na\u010din za u\u010denje jezika<\/p>\r\n    <a class=\"promotionalLink\" href=\"https:\/\/app.talkpal.ai\/signup?lng=\">Isprobajte Talkpal besplatno<\/a>\r\n<\/section>\n<div class=\"wp-block-group pageContainerStyle\"><div class=\"wp-block-group__inner-container is-layout-constrained wp-block-group-is-layout-constrained\">\n<h2 class=\"wp-block-heading\" id=\"h-unraveling-the-intricacies-of-german-grammar\">Uvod u nema\u010dku gramatiku<\/h2>\n\n\n\n<p><a href=\"https:\/\/talkpal.ai\/hr\/najbolji-nacini-za-brzo-ucenje-njemackog-jezika-2025\/\">U\u010denje njema\u010dkog jezika<\/a> mo\u017ee biti uzbudljiv i nagra\u0111uju\u0107i poduhvat. Ne samo da \u0107ete mo\u0107i da razgovarate sa vi\u0161e od 130 miliona ljudi \u0161irom sveta, ve\u0107 \u0107ete tako\u0111e imati pristup bogatstvu literature, muzike i kulturne istorije. Kao i kod svakog jezika, savladavanje njema\u010dkog jezika zahtijeva predanost i strpljenje \u2013 posebno kada je u pitanju njegova <a href=\"https:\/\/talkpal.ai\/sq\/gramatika\/\">gramatika<\/a>. Dobra vest je da su mnogi aspekti nema\u010dke gramatike prili\u010dno sli\u010dni engleskoj gramatici, \u0161to olak\u0161ava govornicima engleskog jezika da se usredsrede. U ovom \u010dlanku \u0107emo istra\u017eiti neke od klju\u010dnih karakteristika njema\u010dke gramatike, pru\u017eaju\u0107i korisne savjete i trikove koji \u0107e vam pomo\u0107i da savladate ovaj lijep i slo\u017een jezik.<\/p>\n\n\n\n<h3 class=\"wp-block-heading\" id=\"h-1-nouns-and-articles-get-your-cases-right\">1. imenice i \u010dlanci \u2013 Ispravite svoje slu\u010dajeve!<\/h3>\n\n\n\n<p>Jedna od prvih prepreka za govornike engleskog jezika koji u\u010de <a href=\"https:\/\/talkpal.ai\/learn-german\/\">njema\u010dki<\/a> je razumijevanje \u010detiri slu\u010daja: nominativ, akuzativ, dativ i genitiv. Svaki slu\u010daj signalizira druga\u010diju funkciju imenice u re\u010denici, kao \u0161to su subjekt, direktni objekt ili indirektni objekt. Pored toga, nema\u010dki ima tri gramati\u010dka pola (mu\u0161ki, \u017eenski i kauterski), i \u010dlanke za svaku promenu pola u zavisnosti od slu\u010daja. Zvu\u010di zbunjuju\u0107e? Ne brini! Kako se bolje upoznate s njema\u010dkim, po\u010det \u0107ete prepoznavati obrasce i predvi\u0111ati koji pade\u017e i rod \u0107ete koristiti.<\/p>\n\n\n\n<p>Savjet: Napravite grafikon odre\u0111enih \u010dlanaka (der, die, das) i neodre\u0111enih \u010dlanaka (ein, eine, ein) za svaki spol i slu\u010daj. Zapamtite ih prvo, jer \u0107e vam poslu\u017eiti kao osnova za razumijevanje njema\u010dke strukture re\u010denica.<\/p>\n\n\n\n<h3 class=\"wp-block-heading\" id=\"h-2-verbs-conjugate-and-dominate\">2. glagoli \u2013 Konjugirati i dominirati!<\/h3>\n\n\n\n<p>U nema\u010dkom jeziku, glagoli su od su\u0161tinskog zna\u010daja ne samo za izra\u017eavanje akcije, ve\u0107 i za ozna\u010davanje napetosti i raspolo\u017eenja. Ba\u0161 kao i <a href=\"https:\/\/talkpal.ai\/learn-english-with-ai\/\">engleski<\/a>, njema\u010dki glagoli moraju biti konjugirani da bi odgovarali predmetu re\u010denice. Me\u0111utim, postoje neke klju\u010dne razlike, uklju\u010duju\u0107i upotrebu redovnih (slabih) i nepravilnih (jakih) glagola, kao i upotrebu glagola pomo\u0107i za odre\u0111ena vremena. Dobra vijest je da su neki aspekti njema\u010dke konjugacije glagola jednostavniji od engleskog, kao \u0161to je ne zahtijevaju upotrebu &#8220;do&#8221; za pitanja ili negacije.<\/p>\n\n\n\n<p>Savet: Po\u010dnite sa savladavanjem redovne konjugacije glagola, a zatim se pozabavite naj\u010de\u0161\u0107im nepravilnim glagolima. Vje\u017ebajte kori\u0161tenje pomo\u0107nih glagola s pro\u0161lim i budu\u0107im vremenima i uskoro \u0107ete mo\u0107i graditi slo\u017eenije re\u010denice.<\/p>\n\n\n\n<h3 class=\"wp-block-heading\" id=\"h-3-adjectives-show-your-agreement\">3. pridjevi \u2013 Poka\u017eite svoj dogovor!<\/h3>\n\n\n\n<p>Kada koristite pridjeve za opisivanje imenica na njema\u010dkom jeziku, bitno je razumjeti slaganje pridjeva. To zna\u010di da se pridjevi moraju slagati s rodom i pade\u017eom imenice. U nekim slu\u010dajevima, ovo \u0107e zahtijevati dodavanje zavr\u0161etka pridjevu, na osnovu \u010dlana i pade\u017ea imenice.<\/p>\n\n\n\n<p>Savet: Koristite grafikon \u010dlanaka od ranije da vam pomogne da se setite ispravnih pridevskih zavr\u0161etaka. Dok praktikujete kori\u0161\u0107enje prideva u re\u010denicama, napravite mentalnu bele\u0161ku o obrascima zavr\u0161etka i kako se oni odnose na pol i slu\u010daj imenice.<\/p>\n\n\n\n<h3 class=\"wp-block-heading\" id=\"h-4-word-order-embrace-the-flexibility\">4. redoslijed rije\u010di \u2013 Prigrli fleksibilnost!<\/h3>\n\n\n\n<p>Jedna od mnogih radosti njema\u010dke gramatike je njen fleksibilni redoslijed rije\u010di. Za razliku od engleskog, koji op\u0107enito slijedi strogi obrazac subjekt-glagol-objekt, njema\u010dke re\u010denice mogu varirati u svojoj strukturi. Klju\u010dno je razumijevanje va\u017enosti glagolske pozicije, <a href=\"https:\/\/talkpal.ai\/locations\/language-courses-in-koja\/\">koja<\/a> je obi\u010dno na drugom mjestu u glavnoj re\u010denici i na posljednjem u podre\u0111enoj re\u010denici.<\/p>\n\n\n\n<p>Savet: Da biste se ose\u0107ali prijatno sa razli\u010ditim obrascima redosleda re\u010di, poku\u0161ajte da prevedete jednostavne engleske re\u010denice na nema\u010dki, a zatim preuredite re\u010denicu dok glagol dr\u017eite na pravom mestu. Ovo \u0107e vam pomo\u0107i da postanete vje\u0161tiji u izradi nijansiranih i izra\u017eajnih re\u010denica na njema\u010dkom jeziku.<\/p>\n\n\n\n<h3 class=\"wp-block-heading\" id=\"h-5-prepositions-think-in-german\">5. prijedlozi \u2013 Mislite na njema\u010dkom!<\/h3>\n\n\n\n<p>Verovatno najte\u017ei deo u\u010denja nema\u010dke gramatike je savladavanje predloga. Dok prijedlozi postoje u engleskom jeziku i slu\u017ee sli\u010dnoj svrsi, njihova upotreba u njema\u010dkom je druga\u010dija i \u010desto zahtijeva od vas da \u201crazmi\u0161ljate na njema\u010dkom\u201d kako biste odabrali pravi. Na primjer, engleski prijedlog \u201cin\u201d mo\u017ee se prevesti u \u201cin\u201d, \u201can\u201d ili \u201cauf\u201d na njema\u010dkom, ovisno o kontekstu.<\/p>\n\n\n\n<p>Savet: Kreirajte fle\u0161 kartice sa zajedni\u010dkim predlozima i njihovim engleskim kolegama. Praktikujte ih u re\u010denicama i fokusirajte se na specifi\u010dne kontekste u kojima se koristi svaki predlog.<\/p>\n\n\n\n<h3 class=\"wp-block-heading\" id=\"h-conclusion\">Zaklju\u010dak:<\/h3>\n\n\n\n<p><a href=\"https:\/\/talkpal.ai\/german-grammar\/\">Njema\u010dka gramatika<\/a> u po\u010detku mo\u017ee izgledati zastra\u0161uju\u0107e, ali uz posve\u0107enu vje\u017ebu, strpljenje i fokus na razumijevanju osnovnih pravila i obrazaca, uskoro \u0107ete s lako\u0107om konstruirati sofisticirane re\u010denice. Razumevanjem zamr\u0161enosti nema\u010dke gramatike, govornici engleskog jezika ne samo da \u0107e unaprediti svoje jezi\u010dke ve\u0161tine, ve\u0107 \u0107e razviti i <a href=\"https:\/\/talkpal.ai\/talkpal-new-years-discount\/\">novo<\/a> uva\u017eavanje ovog lepog i slo\u017eenog jezika. Sada, auf geht's! Vreme je da zaronite u svet nema\u010dke gramatike i otklju\u010date svoj puni potencijal za u\u010denje jezika.<\/p>\n<\/div><\/div>\n\r\n<section class=\"learnNavigationSection\">\r\n            \r\n        <a href=\"https:\/\/talkpal.ai\/bs\/naucite-njemacki\/\">\r\n            <div class=\"learnNavigationWrapper\">\r\n                <div class=\"learnNavigationContent\">\r\n                    <img decoding=\"async\" src=\"https:\/\/talkpal.ai\/wp-content\/uploads\/2024\/08\/German.jpg\" alt=\"German Flag\">\r\n                    <div>\r\n                        <h4>O u\u010denju njema\u010dkog jezika<\/h4>\r\n                        <p>Saznaj sve o njema\u010dkoj gramatici.<\/p>\r\n                    <\/div>\r\n                <\/div>\r\n            <\/div>\r\n        <\/a>\r\n\r\n        \r\n        <a href=\"https:\/\/talkpal.ai\/bs\/njemacke-gramaticke-vjezbe\/\">\r\n            <div class=\"learnNavigationWrapper\">\r\n                <div class=\"learnNavigationContent\">\r\n                    <img decoding=\"async\" src=\"https:\/\/talkpal.ai\/wp-content\/uploads\/2024\/08\/German.jpg\" alt=\"German Flag\">\r\n                    <div>\r\n                        <h4>Vje\u017eba njema\u010dke gramatike<\/h4>\r\n                        <p>Praktikuj nema\u010dku gramatiku.<\/p>\r\n                    <\/div>\r\n                <\/div>\r\n            <\/div>\r\n        <\/a>\r\n\r\n        \r\n        <a href=\"https:\/\/talkpal.ai\/vocabulary_language\/german\/\">\r\n            <div class=\"learnNavigationWrapper\">\r\n                <div class=\"learnNavigationContent\">\r\n                    <img decoding=\"async\" src=\"https:\/\/talkpal.ai\/wp-content\/uploads\/2024\/08\/German.jpg\" alt=\"German Flag\">\r\n                    <div>\r\n                        <h4>njema\u010dki vokabular<\/h4>\r\n                        <p>Pro\u0161irite svoj njema\u010dki vokabular.<\/p>\r\n                    <\/div>\r\n                <\/div>\r\n            <\/div>\r\n        <\/a>\r\n\r\n            <\/section>","protected":false},"excerpt":{"rendered":"<p>Uvod u nema\u010dku gramatiku U\u010denje njema\u010dkog jezika mo\u017ee biti uzbudljiv i nagra\u0111uju\u0107i poduhvat. Ne samo da \u0107ete mo\u0107i da razgovarate sa vi\u0161e od 130 miliona ljudi \u0161irom sveta, ve\u0107 \u0107ete tako\u0111e imati pristup bogatstvu literature, muzike i kulturne istorije. Kao i kod svakog jezika, savladavanje njema\u010dkog jezika zahtijeva predanost i strpljenje \u2013 posebno kada je [&hellip;]<\/p>\n","protected":false},"author":1,"featured_media":75569,"parent":0,"menu_order":0,"comment_status":"closed","ping_status":"closed","template":"LearningContentPage.php","meta":{"_acf_changed":false,"footnotes":""},"class_list":["post-124079","page","type-page","status-publish","has-post-thumbnail","hentry"],"acf":[],"yoast_head":"<!-- This site is optimized with the Yoast SEO Premium plugin v27.2 (Yoast SEO v27.2) - https:\/\/yoast.com\/product\/yoast-seo-premium-wordpress\/ -->\n<title>German Grammar - Talkpal<\/title>\n<meta name=\"description\" content=\"Nau\u010dite njema\u010dku gramatiku s lako\u0107om - shvatite osnovna pravila, vje\u017ebajte gra\u0111enje re\u010denica i govorite jasno uz Talkpal -ovu podr\u0161ku vo\u0111enu umjetnom inteligencijom.\" \/>\n<meta name=\"robots\" content=\"index, follow, max-snippet:-1, max-image-preview:large, max-video-preview:-1\" \/>\n<link rel=\"canonical\" href=\"https:\/\/talkpal.ai\/bs\/german-grammar\/\" \/>\n<meta property=\"og:locale\" content=\"bs_BA\" \/>\n<meta property=\"og:type\" content=\"article\" \/>\n<meta property=\"og:title\" content=\"German Grammar\" \/>\n<meta property=\"og:description\" content=\"Uvod u nema\u010dku gramatiku U\u010denje njema\u010dkog jezika mo\u017ee biti uzbudljiv i nagra\u0111uju\u0107i poduhvat. Ne samo da \u0107ete mo\u0107i da razgovarate sa vi\u0161e od 130 miliona\" \/>\n<meta property=\"og:url\" content=\"https:\/\/talkpal.ai\/bs\/german-grammar\/\" \/>\n<meta property=\"og:site_name\" content=\"Talkpal\" \/>\n<meta property=\"article:publisher\" content=\"https:\/\/www.facebook.com\/profile.php?id=100090733639311\" \/>\n<meta property=\"article:modified_time\" content=\"2025-05-22T19:21:22+00:00\" \/>\n<meta property=\"og:image\" content=\"https:\/\/talkpal.ai\/wp-content\/uploads\/2023\/03\/germany.png\" \/>\n\t<meta property=\"og:image:width\" content=\"512\" \/>\n\t<meta property=\"og:image:height\" content=\"512\" \/>\n\t<meta property=\"og:image:type\" content=\"image\/png\" \/>\n<meta name=\"twitter:card\" content=\"summary_large_image\" \/>\n<meta name=\"twitter:site\" content=\"@talkpalai\" \/>\n<meta name=\"twitter:label1\" content=\"Est. reading time\" \/>\n\t<meta name=\"twitter:data1\" content=\"4 minute\" \/>\n<script type=\"application\/ld+json\" class=\"yoast-schema-graph\">{\"@context\":\"https:\/\/schema.org\",\"@graph\":[{\"@type\":\"WebPage\",\"@id\":\"https:\/\/talkpal.ai\/bs\/german-grammar\/\",\"url\":\"https:\/\/talkpal.ai\/bs\/german-grammar\/\",\"name\":\"German Grammar - Talkpal\",\"isPartOf\":{\"@id\":\"https:\/\/talkpal.ai\/bs\/#website\"},\"primaryImageOfPage\":{\"@id\":\"https:\/\/talkpal.ai\/bs\/german-grammar\/#primaryimage\"},\"image\":{\"@id\":\"https:\/\/talkpal.ai\/bs\/german-grammar\/#primaryimage\"},\"thumbnailUrl\":\"https:\/\/talkpal.ai\/wp-content\/uploads\/2023\/03\/germany.png\",\"datePublished\":\"2023-03-26T11:40:15+00:00\",\"dateModified\":\"2025-05-22T19:21:22+00:00\",\"description\":\"Nau\u010dite njema\u010dku gramatiku s lako\u0107om - shvatite osnovna pravila, vje\u017ebajte gra\u0111enje re\u010denica i govorite jasno uz Talkpal -ovu podr\u0161ku vo\u0111enu umjetnom inteligencijom.\",\"breadcrumb\":{\"@id\":\"https:\/\/talkpal.ai\/bs\/german-grammar\/#breadcrumb\"},\"inLanguage\":\"bs-BA\",\"potentialAction\":[{\"@type\":\"ReadAction\",\"target\":[\"https:\/\/talkpal.ai\/bs\/german-grammar\/\"]}]},{\"@type\":\"ImageObject\",\"inLanguage\":\"bs-BA\",\"@id\":\"https:\/\/talkpal.ai\/bs\/german-grammar\/#primaryimage\",\"url\":\"https:\/\/talkpal.ai\/wp-content\/uploads\/2023\/03\/germany.png\",\"contentUrl\":\"https:\/\/talkpal.ai\/wp-content\/uploads\/2023\/03\/germany.png\",\"width\":512,\"height\":512,\"caption\":\"TalkPal AI learn German\"},{\"@type\":\"BreadcrumbList\",\"@id\":\"https:\/\/talkpal.ai\/bs\/german-grammar\/#breadcrumb\",\"itemListElement\":[{\"@type\":\"ListItem\",\"position\":1,\"name\":\"Homepage\",\"item\":\"https:\/\/talkpal.ai\/bs\/\"},{\"@type\":\"ListItem\",\"position\":2,\"name\":\"German Grammar\"}]},{\"@type\":\"WebSite\",\"@id\":\"https:\/\/talkpal.ai\/bs\/#website\",\"url\":\"https:\/\/talkpal.ai\/bs\/\",\"name\":\"Talkpal\",\"description\":\"AI Language Learning\",\"publisher\":{\"@id\":\"https:\/\/talkpal.ai\/bs\/#organization\"},\"alternateName\":\"Talkpal AI\",\"potentialAction\":[{\"@type\":\"SearchAction\",\"target\":{\"@type\":\"EntryPoint\",\"urlTemplate\":\"https:\/\/talkpal.ai\/bs\/?s={search_term_string}\"},\"query-input\":{\"@type\":\"PropertyValueSpecification\",\"valueRequired\":true,\"valueName\":\"search_term_string\"}}],\"inLanguage\":\"bs-BA\"},{\"@type\":\"Organization\",\"@id\":\"https:\/\/talkpal.ai\/bs\/#organization\",\"name\":\"Talkpal, Inc.\",\"alternateName\":\"Talkpal AI\",\"url\":\"https:\/\/talkpal.ai\/bs\/\",\"logo\":{\"@type\":\"ImageObject\",\"inLanguage\":\"bs-BA\",\"@id\":\"https:\/\/talkpal.ai\/bs\/#\/schema\/logo\/image\/\",\"url\":\"https:\/\/talkpal.ai\/wp-content\/uploads\/2024\/03\/Talkpal-Logo-Icon.png\",\"contentUrl\":\"https:\/\/talkpal.ai\/wp-content\/uploads\/2024\/03\/Talkpal-Logo-Icon.png\",\"width\":2880,\"height\":2880,\"caption\":\"Talkpal, Inc.\"},\"image\":{\"@id\":\"https:\/\/talkpal.ai\/bs\/#\/schema\/logo\/image\/\"},\"sameAs\":[\"https:\/\/www.facebook.com\/profile.php?id=100090733639311\",\"https:\/\/x.com\/talkpalai\",\"https:\/\/www.linkedin.com\/company\/talkpal\/\",\"https:\/\/www.youtube.com\/@TalkPal\/\",\"https:\/\/www.tiktok.com\/@talkpal\",\"https:\/\/www.instagram.com\/talkpal_ai\/\",\"https:\/\/www.crunchbase.com\/organization\/talkpal-9cde\",\"https:\/\/www.g2.com\/products\/talkpal-for-business\/\",\"https:\/\/www.trustpilot.com\/review\/talkpal.ai\",\"https:\/\/www.capterra.com\/p\/10006800\/TalkPal\/\"],\"description\":\"Talkpal is a language learning web and mobile education app, powered by the latest AI technologies, that provides engaging experiences to its customers in many different languages to help them improve their language skills. Users can chat about unlimited amount of topics with the app and use other modes to practice their language learning.\",\"email\":\"support@talkpal.ai\",\"legalName\":\"Talkpal, Inc.\",\"foundingDate\":\"2023-04-03\",\"duns\":\"118989042\",\"numberOfEmployees\":{\"@type\":\"QuantitativeValue\",\"minValue\":\"11\",\"maxValue\":\"50\"},\"publishingPrinciples\":\"https:\/\/talkpal.ai\/publishing-principles\/\",\"actionableFeedbackPolicy\":\"https:\/\/talkpal.ai\/actionable-feedback-policy\/\",\"correctionsPolicy\":\"https:\/\/talkpal.ai\/corrections-policy\/\",\"ethicsPolicy\":\"https:\/\/talkpal.ai\/ethics-policy\/\",\"diversityPolicy\":\"https:\/\/talkpal.ai\/diversity-policy\/\",\"diversityStaffingReport\":\"https:\/\/talkpal.ai\/diversity-policy\/\"}]}<\/script>\n<!-- \/ Yoast SEO Premium plugin. -->","yoast_head_json":{"title":"German Grammar - Talkpal","description":"Nau\u010dite njema\u010dku gramatiku s lako\u0107om - shvatite osnovna pravila, vje\u017ebajte gra\u0111enje re\u010denica i govorite jasno uz Talkpal -ovu podr\u0161ku vo\u0111enu umjetnom inteligencijom.","robots":{"index":"index","follow":"follow","max-snippet":"max-snippet:-1","max-image-preview":"max-image-preview:large","max-video-preview":"max-video-preview:-1"},"canonical":"https:\/\/talkpal.ai\/bs\/german-grammar\/","og_locale":"bs_BA","og_type":"article","og_title":"German Grammar","og_description":"Uvod u nema\u010dku gramatiku U\u010denje njema\u010dkog jezika mo\u017ee biti uzbudljiv i nagra\u0111uju\u0107i poduhvat. Ne samo da \u0107ete mo\u0107i da razgovarate sa vi\u0161e od 130 miliona","og_url":"https:\/\/talkpal.ai\/bs\/german-grammar\/","og_site_name":"Talkpal","article_publisher":"https:\/\/www.facebook.com\/profile.php?id=100090733639311","article_modified_time":"2025-05-22T19:21:22+00:00","og_image":[{"width":512,"height":512,"url":"https:\/\/talkpal.ai\/wp-content\/uploads\/2023\/03\/germany.png","type":"image\/png"}],"twitter_card":"summary_large_image","twitter_site":"@talkpalai","twitter_misc":{"Est. reading time":"4 minute"},"schema":{"@context":"https:\/\/schema.org","@graph":[{"@type":"WebPage","@id":"https:\/\/talkpal.ai\/bs\/german-grammar\/","url":"https:\/\/talkpal.ai\/bs\/german-grammar\/","name":"German Grammar - Talkpal","isPartOf":{"@id":"https:\/\/talkpal.ai\/bs\/#website"},"primaryImageOfPage":{"@id":"https:\/\/talkpal.ai\/bs\/german-grammar\/#primaryimage"},"image":{"@id":"https:\/\/talkpal.ai\/bs\/german-grammar\/#primaryimage"},"thumbnailUrl":"https:\/\/talkpal.ai\/wp-content\/uploads\/2023\/03\/germany.png","datePublished":"2023-03-26T11:40:15+00:00","dateModified":"2025-05-22T19:21:22+00:00","description":"Nau\u010dite njema\u010dku gramatiku s lako\u0107om - shvatite osnovna pravila, vje\u017ebajte gra\u0111enje re\u010denica i govorite jasno uz Talkpal -ovu podr\u0161ku vo\u0111enu umjetnom inteligencijom.","breadcrumb":{"@id":"https:\/\/talkpal.ai\/bs\/german-grammar\/#breadcrumb"},"inLanguage":"bs-BA","potentialAction":[{"@type":"ReadAction","target":["https:\/\/talkpal.ai\/bs\/german-grammar\/"]}]},{"@type":"ImageObject","inLanguage":"bs-BA","@id":"https:\/\/talkpal.ai\/bs\/german-grammar\/#primaryimage","url":"https:\/\/talkpal.ai\/wp-content\/uploads\/2023\/03\/germany.png","contentUrl":"https:\/\/talkpal.ai\/wp-content\/uploads\/2023\/03\/germany.png","width":512,"height":512,"caption":"TalkPal AI learn German"},{"@type":"BreadcrumbList","@id":"https:\/\/talkpal.ai\/bs\/german-grammar\/#breadcrumb","itemListElement":[{"@type":"ListItem","position":1,"name":"Homepage","item":"https:\/\/talkpal.ai\/bs\/"},{"@type":"ListItem","position":2,"name":"German Grammar"}]},{"@type":"WebSite","@id":"https:\/\/talkpal.ai\/bs\/#website","url":"https:\/\/talkpal.ai\/bs\/","name":"Talkpal","description":"AI Language Learning","publisher":{"@id":"https:\/\/talkpal.ai\/bs\/#organization"},"alternateName":"Talkpal AI","potentialAction":[{"@type":"SearchAction","target":{"@type":"EntryPoint","urlTemplate":"https:\/\/talkpal.ai\/bs\/?s={search_term_string}"},"query-input":{"@type":"PropertyValueSpecification","valueRequired":true,"valueName":"search_term_string"}}],"inLanguage":"bs-BA"},{"@type":"Organization","@id":"https:\/\/talkpal.ai\/bs\/#organization","name":"Talkpal, Inc.","alternateName":"Talkpal AI","url":"https:\/\/talkpal.ai\/bs\/","logo":{"@type":"ImageObject","inLanguage":"bs-BA","@id":"https:\/\/talkpal.ai\/bs\/#\/schema\/logo\/image\/","url":"https:\/\/talkpal.ai\/wp-content\/uploads\/2024\/03\/Talkpal-Logo-Icon.png","contentUrl":"https:\/\/talkpal.ai\/wp-content\/uploads\/2024\/03\/Talkpal-Logo-Icon.png","width":2880,"height":2880,"caption":"Talkpal, Inc."},"image":{"@id":"https:\/\/talkpal.ai\/bs\/#\/schema\/logo\/image\/"},"sameAs":["https:\/\/www.facebook.com\/profile.php?id=100090733639311","https:\/\/x.com\/talkpalai","https:\/\/www.linkedin.com\/company\/talkpal\/","https:\/\/www.youtube.com\/@TalkPal\/","https:\/\/www.tiktok.com\/@talkpal","https:\/\/www.instagram.com\/talkpal_ai\/","https:\/\/www.crunchbase.com\/organization\/talkpal-9cde","https:\/\/www.g2.com\/products\/talkpal-for-business\/","https:\/\/www.trustpilot.com\/review\/talkpal.ai","https:\/\/www.capterra.com\/p\/10006800\/TalkPal\/"],"description":"Talkpal is a language learning web and mobile education app, powered by the latest AI technologies, that provides engaging experiences to its customers in many different languages to help them improve their language skills. Users can chat about unlimited amount of topics with the app and use other modes to practice their language learning.","email":"support@talkpal.ai","legalName":"Talkpal, Inc.","foundingDate":"2023-04-03","duns":"118989042","numberOfEmployees":{"@type":"QuantitativeValue","minValue":"11","maxValue":"50"},"publishingPrinciples":"https:\/\/talkpal.ai\/publishing-principles\/","actionableFeedbackPolicy":"https:\/\/talkpal.ai\/actionable-feedback-policy\/","correctionsPolicy":"https:\/\/talkpal.ai\/corrections-policy\/","ethicsPolicy":"https:\/\/talkpal.ai\/ethics-policy\/","diversityPolicy":"https:\/\/talkpal.ai\/diversity-policy\/","diversityStaffingReport":"https:\/\/talkpal.ai\/diversity-policy\/"}]}},"_links":{"self":[{"href":"https:\/\/talkpal.ai\/bs\/wp-json\/wp\/v2\/pages\/124079","targetHints":{"allow":["GET"]}}],"collection":[{"href":"https:\/\/talkpal.ai\/bs\/wp-json\/wp\/v2\/pages"}],"about":[{"href":"https:\/\/talkpal.ai\/bs\/wp-json\/wp\/v2\/types\/page"}],"author":[{"embeddable":true,"href":"https:\/\/talkpal.ai\/bs\/wp-json\/wp\/v2\/users\/1"}],"replies":[{"embeddable":true,"href":"https:\/\/talkpal.ai\/bs\/wp-json\/wp\/v2\/comments?post=124079"}],"version-history":[{"count":0,"href":"https:\/\/talkpal.ai\/bs\/wp-json\/wp\/v2\/pages\/124079\/revisions"}],"wp:featuredmedia":[{"embeddable":true,"href":"https:\/\/talkpal.ai\/bs\/wp-json\/wp\/v2\/media\/75569"}],"wp:attachment":[{"href":"https:\/\/talkpal.ai\/bs\/wp-json\/wp\/v2\/media?parent=124079"}],"curies":[{"name":"wp","href":"https:\/\/api.w.org\/{rel}","templated":true}]}}