{"id":998207,"date":"2023-10-09T10:03:45","date_gmt":"2023-10-09T10:03:45","guid":{"rendered":"https:\/\/talkpal.ai\/abun%c9%99-idar%c9%99etm%c9%99-t%c9%99limatlari\/"},"modified":"2025-07-12T09:45:29","modified_gmt":"2025-07-12T09:45:29","slug":"abun%c9%99-idar%c9%99etm%c9%99-t%c9%99limatlari","status":"publish","type":"page","link":"https:\/\/talkpal.ai\/az\/abun%c9%99-idar%c9%99etm%c9%99-t%c9%99limatlari\/","title":{"rendered":"Abun\u0259 \u0130dar\u0259etm\u0259 T\u0259limatlar\u0131"},"content":{"rendered":"\n<p>Abun\u0259likl\u0259rinizi <a href=\"https:\/\/talkpal.ai\/es\/descargar-la-aplicacion-talkpal-para-android-e-ios\/\">App Store<\/a> (Apple <a href=\"https:\/\/talkpal.ai\/es\/descargar-la-aplicacion-talkpal-para-android-e-ios\/\">iOS<\/a>), Google Play (Android) v\u0259 ya Vebsayt proqramlar\u0131m\u0131zda idar\u0259 ed\u0259 bil\u0259rsiniz.<\/p>\n\n<h2 class=\"wp-block-heading\" id=\"h-app-store-apple-ios\">App Store (Apple iOS)<\/h2>\n\n<p>Z\u0259hm\u0259t olmasa qeyd edin: Apple abun\u0259liyinizi v\u0259 ya s\u0131naqdan \u0259n az\u0131 24 saat \u0259vv\u0259l l\u0259\u011fv etm\u0259lisiniz. Son g\u00fcn l\u0259\u011fv ets\u0259niz, avtomatik yenil\u0259n\u0259c\u0259k.<\/p>\n\n<p>App Store vasit\u0259sil\u0259 <a href=\"https:\/\/talkpal.ai\/ko\/ai-%ec%96%b8%ec%96%b4-%ea%b5%90%ec%82%ac\/\">Talkpal<\/a> abun\u0259liyinizi l\u0259\u011fv etm\u0259k \u00fc\u00e7\u00fcn iOS cihaz\u0131n\u0131zda bu add\u0131mlar\u0131 yerin\u0259 yetirin:<\/p>\n\n<p><strong>Add\u0131m 1<\/strong> &#8211; Parametrl\u0259r t\u0259tbiqini a\u00e7\u0131n.<\/p>\n\n<p><strong>Add\u0131m 2<\/strong> \u2013 S\u0259hif\u0259nin yuxar\u0131s\u0131nda yerl\u0259\u015f\u0259n Apple ID-nizi se\u00e7in.<\/p>\n\n<p><strong>Add\u0131m 3<\/strong> &#8211; &#8220;Apple ID-y\u0259 bax\u0131n&#8221; se\u00e7in<\/p>\n\n<p><strong>Add\u0131m 4<\/strong> \u2013 \u201cAbun\u0259likl\u0259r\u201d\u0259 ke\u00e7in v\u0259 l\u0259\u011fv etm\u0259k ist\u0259diyinizi se\u00e7in.<\/p>\n\n<p><strong>Add\u0131m 5<\/strong> &#8211; &#8220;Abun\u0259liyi l\u0259\u011fv et&#8221; \u00fcz\u0259rin\u0259 vurun.<\/p>\n\n<h2 class=\"wp-block-heading\" id=\"h-google-play-android\">Google Play (Android)<\/h2>\n\n<p><b>Add\u0131m 1<\/b> \u2013 Android cihaz\u0131n\u0131zda Google Play-d\u0259 abun\u0259likl\u0259riniz\u0259 ke\u00e7in.<\/p>\n\n<p><b>Add\u0131m 2<\/b> \u2013 L\u0259\u011fv etm\u0259k ist\u0259diyiniz abun\u0259liyi se\u00e7in.<\/p>\n\n<p><b>Add\u0131m 3<\/b> \u2013 Abun\u0259liyi l\u0259\u011fv et d\u00fcym\u0259sini bas\u0131n.<\/p>\n\n<h2 class=\"wp-block-heading\" id=\"h-website\">Veb sayt<\/h2>\n\n<p><b>Add\u0131m 1<\/b> \u2013 Hesab\u0131n\u0131z\u0131n s\u0259hif\u0259sin\u0259 ke\u00e7in.<\/p>\n\n<p><b>Add\u0131m 2<\/b> &#8211; &#8220;Abun\u0259lik&#8221; b\u00f6lm\u0259sin\u0259 gedin.<\/p>\n\n<p><b>Add\u0131m 3<\/b> \u2013 \u201cAbun\u0259liyi l\u0259\u011fv et\u201d \u00fcz\u0259rin\u0259 klikl\u0259yin.<\/p>\n","protected":false},"excerpt":{"rendered":"<p>Abun\u0259likl\u0259rinizi App Store (Apple iOS), Google Play (Android) v\u0259 ya Vebsayt proqramlar\u0131m\u0131zda idar\u0259 ed\u0259 bil\u0259rsiniz. App Store (Apple iOS) Z\u0259hm\u0259t olmasa qeyd edin: Apple abun\u0259liyinizi v\u0259 ya s\u0131naqdan \u0259n az\u0131 24 saat \u0259vv\u0259l l\u0259\u011fv etm\u0259lisiniz. Son g\u00fcn l\u0259\u011fv ets\u0259niz, avtomatik yenil\u0259n\u0259c\u0259k. App Store vasit\u0259sil\u0259 Talkpal abun\u0259liyinizi l\u0259\u011fv etm\u0259k \u00fc\u00e7\u00fcn iOS cihaz\u0131n\u0131zda bu add\u0131mlar\u0131 yerin\u0259 yetirin: [&hellip;]<\/p>\n","protected":false},"author":10,"featured_media":197943,"parent":0,"menu_order":0,"comment_status":"closed","ping_status":"closed","template":"","meta":{"_acf_changed":false,"footnotes":""},"class_list":["post-998207","page","type-page","status-publish","has-post-thumbnail","hentry"],"acf":[],"yoast_head":"<!-- This site is optimized with the Yoast SEO Premium plugin v27.2 (Yoast SEO v27.2) - https:\/\/yoast.com\/product\/yoast-seo-premium-wordpress\/ -->\n<title>Abun\u0259 \u0130dar\u0259etm\u0259 T\u0259limatlar\u0131 - Talkpal<\/title>\n<meta name=\"description\" content=\"Apple v\u0259 ya Google Play proqramlar\u0131nda abun\u0259liyinizi asanl\u0131qla l\u0259\u011fv etm\u0259k \u00fc\u00e7\u00fcn bu Subscription Management T\u0259limatlar\u0131na \u0259m\u0259l edin.\" \/>\n<meta name=\"robots\" content=\"index, follow, max-snippet:-1, max-image-preview:large, max-video-preview:-1\" \/>\n<link rel=\"canonical\" href=\"https:\/\/talkpal.ai\/az\/abun%c9%99-idar%c9%99etm%c9%99-t%c9%99limatlari\/\" \/>\n<meta property=\"og:locale\" content=\"az_AZ\" \/>\n<meta property=\"og:type\" content=\"article\" \/>\n<meta property=\"og:title\" content=\"Abun\u0259 \u0130dar\u0259etm\u0259 T\u0259limatlar\u0131\" \/>\n<meta property=\"og:description\" content=\"Abun\u0259likl\u0259rinizi App Store (Apple iOS), Google Play (Android) v\u0259 ya Vebsayt proqramlar\u0131m\u0131zda idar\u0259 ed\u0259 bil\u0259rsiniz. App Store (Apple iOS) Z\u0259hm\u0259t olmasa\" \/>\n<meta property=\"og:url\" content=\"https:\/\/talkpal.ai\/az\/abun%c9%99-idar%c9%99etm%c9%99-t%c9%99limatlari\/\" \/>\n<meta property=\"og:site_name\" content=\"Talkpal\" \/>\n<meta property=\"article:publisher\" content=\"https:\/\/www.facebook.com\/profile.php?id=100090733639311\" \/>\n<meta property=\"article:modified_time\" content=\"2025-07-12T09:45:29+00:00\" \/>\n<meta property=\"og:image\" content=\"https:\/\/talkpal.ai\/wp-content\/uploads\/2024\/03\/Talkpal-Logo-Icon.png\" \/>\n\t<meta property=\"og:image:width\" content=\"5000\" \/>\n\t<meta property=\"og:image:height\" content=\"5000\" \/>\n\t<meta property=\"og:image:type\" content=\"image\/png\" \/>\n<meta name=\"twitter:card\" content=\"summary_large_image\" \/>\n<meta name=\"twitter:site\" content=\"@talkpalai\" \/>\n<meta name=\"twitter:label1\" content=\"Est. reading time\" \/>\n\t<meta name=\"twitter:data1\" content=\"1 minute\" \/>\n<script type=\"application\/ld+json\" class=\"yoast-schema-graph\">{\"@context\":\"https:\/\/schema.org\",\"@graph\":[{\"@type\":\"WebPage\",\"@id\":\"https:\/\/talkpal.ai\/az\/abun%c9%99-idar%c9%99etm%c9%99-t%c9%99limatlari\/\",\"url\":\"https:\/\/talkpal.ai\/az\/abun%c9%99-idar%c9%99etm%c9%99-t%c9%99limatlari\/\",\"name\":\"Abun\u0259 \u0130dar\u0259etm\u0259 T\u0259limatlar\u0131 - Talkpal\",\"isPartOf\":{\"@id\":\"https:\/\/talkpal.ai\/az\/#website\"},\"primaryImageOfPage\":{\"@id\":\"https:\/\/talkpal.ai\/az\/abun%c9%99-idar%c9%99etm%c9%99-t%c9%99limatlari\/#primaryimage\"},\"image\":{\"@id\":\"https:\/\/talkpal.ai\/az\/abun%c9%99-idar%c9%99etm%c9%99-t%c9%99limatlari\/#primaryimage\"},\"thumbnailUrl\":\"https:\/\/talkpal.ai\/wp-content\/uploads\/2024\/03\/Talkpal-Logo-Icon.png\",\"datePublished\":\"2023-10-09T10:03:45+00:00\",\"dateModified\":\"2025-07-12T09:45:29+00:00\",\"description\":\"Apple v\u0259 ya Google Play proqramlar\u0131nda abun\u0259liyinizi asanl\u0131qla l\u0259\u011fv etm\u0259k \u00fc\u00e7\u00fcn bu Subscription Management T\u0259limatlar\u0131na \u0259m\u0259l edin.\",\"breadcrumb\":{\"@id\":\"https:\/\/talkpal.ai\/az\/abun%c9%99-idar%c9%99etm%c9%99-t%c9%99limatlari\/#breadcrumb\"},\"inLanguage\":\"az\",\"potentialAction\":[{\"@type\":\"ReadAction\",\"target\":[\"https:\/\/talkpal.ai\/az\/abun%c9%99-idar%c9%99etm%c9%99-t%c9%99limatlari\/\"]}]},{\"@type\":\"ImageObject\",\"inLanguage\":\"az\",\"@id\":\"https:\/\/talkpal.ai\/az\/abun%c9%99-idar%c9%99etm%c9%99-t%c9%99limatlari\/#primaryimage\",\"url\":\"https:\/\/talkpal.ai\/wp-content\/uploads\/2024\/03\/Talkpal-Logo-Icon.png\",\"contentUrl\":\"https:\/\/talkpal.ai\/wp-content\/uploads\/2024\/03\/Talkpal-Logo-Icon.png\",\"width\":5000,\"height\":5000,\"caption\":\"Talkpal loqosu s\u00f6z ni\u015fan\u0131 olmadan\"},{\"@type\":\"BreadcrumbList\",\"@id\":\"https:\/\/talkpal.ai\/az\/abun%c9%99-idar%c9%99etm%c9%99-t%c9%99limatlari\/#breadcrumb\",\"itemListElement\":[{\"@type\":\"ListItem\",\"position\":1,\"name\":\"Homepage\",\"item\":\"https:\/\/talkpal.ai\/az\/\"},{\"@type\":\"ListItem\",\"position\":2,\"name\":\"Abun\u0259 \u0130dar\u0259etm\u0259 T\u0259limatlar\u0131\"}]},{\"@type\":\"WebSite\",\"@id\":\"https:\/\/talkpal.ai\/az\/#website\",\"url\":\"https:\/\/talkpal.ai\/az\/\",\"name\":\"Talkpal\",\"description\":\"AI Language Learning\",\"publisher\":{\"@id\":\"https:\/\/talkpal.ai\/az\/#organization\"},\"alternateName\":\"Talkpal AI\",\"potentialAction\":[{\"@type\":\"SearchAction\",\"target\":{\"@type\":\"EntryPoint\",\"urlTemplate\":\"https:\/\/talkpal.ai\/az\/?s={search_term_string}\"},\"query-input\":{\"@type\":\"PropertyValueSpecification\",\"valueRequired\":true,\"valueName\":\"search_term_string\"}}],\"inLanguage\":\"az\"},{\"@type\":\"Organization\",\"@id\":\"https:\/\/talkpal.ai\/az\/#organization\",\"name\":\"Talkpal, Inc.\",\"alternateName\":\"Talkpal AI\",\"url\":\"https:\/\/talkpal.ai\/az\/\",\"logo\":{\"@type\":\"ImageObject\",\"inLanguage\":\"az\",\"@id\":\"https:\/\/talkpal.ai\/az\/#\/schema\/logo\/image\/\",\"url\":\"https:\/\/talkpal.ai\/wp-content\/uploads\/2024\/03\/Talkpal-Logo-Icon.png\",\"contentUrl\":\"https:\/\/talkpal.ai\/wp-content\/uploads\/2024\/03\/Talkpal-Logo-Icon.png\",\"width\":2880,\"height\":2880,\"caption\":\"Talkpal, Inc.\"},\"image\":{\"@id\":\"https:\/\/talkpal.ai\/az\/#\/schema\/logo\/image\/\"},\"sameAs\":[\"https:\/\/www.facebook.com\/profile.php?id=100090733639311\",\"https:\/\/x.com\/talkpalai\",\"https:\/\/www.linkedin.com\/company\/talkpal\/\",\"https:\/\/www.youtube.com\/@TalkPal\/\",\"https:\/\/www.tiktok.com\/@talkpal\",\"https:\/\/www.instagram.com\/talkpal_ai\/\",\"https:\/\/www.crunchbase.com\/organization\/talkpal-9cde\",\"https:\/\/www.g2.com\/products\/talkpal-for-business\/\",\"https:\/\/www.trustpilot.com\/review\/talkpal.ai\",\"https:\/\/www.capterra.com\/p\/10006800\/TalkPal\/\"],\"description\":\"Talkpal is a language learning web and mobile education app, powered by the latest AI technologies, that provides engaging experiences to its customers in many different languages to help them improve their language skills. Users can chat about unlimited amount of topics with the app and use other modes to practice their language learning.\",\"email\":\"support@talkpal.ai\",\"legalName\":\"Talkpal, Inc.\",\"foundingDate\":\"2023-04-03\",\"duns\":\"118989042\",\"numberOfEmployees\":{\"@type\":\"QuantitativeValue\",\"minValue\":\"11\",\"maxValue\":\"50\"},\"publishingPrinciples\":\"https:\/\/talkpal.ai\/publishing-principles\/\",\"actionableFeedbackPolicy\":\"https:\/\/talkpal.ai\/actionable-feedback-policy\/\",\"correctionsPolicy\":\"https:\/\/talkpal.ai\/corrections-policy\/\",\"ethicsPolicy\":\"https:\/\/talkpal.ai\/ethics-policy\/\",\"diversityPolicy\":\"https:\/\/talkpal.ai\/diversity-policy\/\",\"diversityStaffingReport\":\"https:\/\/talkpal.ai\/diversity-policy\/\"}]}<\/script>\n<!-- \/ Yoast SEO Premium plugin. -->","yoast_head_json":{"title":"Abun\u0259 \u0130dar\u0259etm\u0259 T\u0259limatlar\u0131 - Talkpal","description":"Apple v\u0259 ya Google Play proqramlar\u0131nda abun\u0259liyinizi asanl\u0131qla l\u0259\u011fv etm\u0259k \u00fc\u00e7\u00fcn bu Subscription Management T\u0259limatlar\u0131na \u0259m\u0259l edin.","robots":{"index":"index","follow":"follow","max-snippet":"max-snippet:-1","max-image-preview":"max-image-preview:large","max-video-preview":"max-video-preview:-1"},"canonical":"https:\/\/talkpal.ai\/az\/abun%c9%99-idar%c9%99etm%c9%99-t%c9%99limatlari\/","og_locale":"az_AZ","og_type":"article","og_title":"Abun\u0259 \u0130dar\u0259etm\u0259 T\u0259limatlar\u0131","og_description":"Abun\u0259likl\u0259rinizi App Store (Apple iOS), Google Play (Android) v\u0259 ya Vebsayt proqramlar\u0131m\u0131zda idar\u0259 ed\u0259 bil\u0259rsiniz. App Store (Apple iOS) Z\u0259hm\u0259t olmasa","og_url":"https:\/\/talkpal.ai\/az\/abun%c9%99-idar%c9%99etm%c9%99-t%c9%99limatlari\/","og_site_name":"Talkpal","article_publisher":"https:\/\/www.facebook.com\/profile.php?id=100090733639311","article_modified_time":"2025-07-12T09:45:29+00:00","og_image":[{"width":5000,"height":5000,"url":"https:\/\/talkpal.ai\/wp-content\/uploads\/2024\/03\/Talkpal-Logo-Icon.png","type":"image\/png"}],"twitter_card":"summary_large_image","twitter_site":"@talkpalai","twitter_misc":{"Est. reading time":"1 minute"},"schema":{"@context":"https:\/\/schema.org","@graph":[{"@type":"WebPage","@id":"https:\/\/talkpal.ai\/az\/abun%c9%99-idar%c9%99etm%c9%99-t%c9%99limatlari\/","url":"https:\/\/talkpal.ai\/az\/abun%c9%99-idar%c9%99etm%c9%99-t%c9%99limatlari\/","name":"Abun\u0259 \u0130dar\u0259etm\u0259 T\u0259limatlar\u0131 - Talkpal","isPartOf":{"@id":"https:\/\/talkpal.ai\/az\/#website"},"primaryImageOfPage":{"@id":"https:\/\/talkpal.ai\/az\/abun%c9%99-idar%c9%99etm%c9%99-t%c9%99limatlari\/#primaryimage"},"image":{"@id":"https:\/\/talkpal.ai\/az\/abun%c9%99-idar%c9%99etm%c9%99-t%c9%99limatlari\/#primaryimage"},"thumbnailUrl":"https:\/\/talkpal.ai\/wp-content\/uploads\/2024\/03\/Talkpal-Logo-Icon.png","datePublished":"2023-10-09T10:03:45+00:00","dateModified":"2025-07-12T09:45:29+00:00","description":"Apple v\u0259 ya Google Play proqramlar\u0131nda abun\u0259liyinizi asanl\u0131qla l\u0259\u011fv etm\u0259k \u00fc\u00e7\u00fcn bu Subscription Management T\u0259limatlar\u0131na \u0259m\u0259l edin.","breadcrumb":{"@id":"https:\/\/talkpal.ai\/az\/abun%c9%99-idar%c9%99etm%c9%99-t%c9%99limatlari\/#breadcrumb"},"inLanguage":"az","potentialAction":[{"@type":"ReadAction","target":["https:\/\/talkpal.ai\/az\/abun%c9%99-idar%c9%99etm%c9%99-t%c9%99limatlari\/"]}]},{"@type":"ImageObject","inLanguage":"az","@id":"https:\/\/talkpal.ai\/az\/abun%c9%99-idar%c9%99etm%c9%99-t%c9%99limatlari\/#primaryimage","url":"https:\/\/talkpal.ai\/wp-content\/uploads\/2024\/03\/Talkpal-Logo-Icon.png","contentUrl":"https:\/\/talkpal.ai\/wp-content\/uploads\/2024\/03\/Talkpal-Logo-Icon.png","width":5000,"height":5000,"caption":"Talkpal loqosu s\u00f6z ni\u015fan\u0131 olmadan"},{"@type":"BreadcrumbList","@id":"https:\/\/talkpal.ai\/az\/abun%c9%99-idar%c9%99etm%c9%99-t%c9%99limatlari\/#breadcrumb","itemListElement":[{"@type":"ListItem","position":1,"name":"Homepage","item":"https:\/\/talkpal.ai\/az\/"},{"@type":"ListItem","position":2,"name":"Abun\u0259 \u0130dar\u0259etm\u0259 T\u0259limatlar\u0131"}]},{"@type":"WebSite","@id":"https:\/\/talkpal.ai\/az\/#website","url":"https:\/\/talkpal.ai\/az\/","name":"Talkpal","description":"AI Language Learning","publisher":{"@id":"https:\/\/talkpal.ai\/az\/#organization"},"alternateName":"Talkpal AI","potentialAction":[{"@type":"SearchAction","target":{"@type":"EntryPoint","urlTemplate":"https:\/\/talkpal.ai\/az\/?s={search_term_string}"},"query-input":{"@type":"PropertyValueSpecification","valueRequired":true,"valueName":"search_term_string"}}],"inLanguage":"az"},{"@type":"Organization","@id":"https:\/\/talkpal.ai\/az\/#organization","name":"Talkpal, Inc.","alternateName":"Talkpal AI","url":"https:\/\/talkpal.ai\/az\/","logo":{"@type":"ImageObject","inLanguage":"az","@id":"https:\/\/talkpal.ai\/az\/#\/schema\/logo\/image\/","url":"https:\/\/talkpal.ai\/wp-content\/uploads\/2024\/03\/Talkpal-Logo-Icon.png","contentUrl":"https:\/\/talkpal.ai\/wp-content\/uploads\/2024\/03\/Talkpal-Logo-Icon.png","width":2880,"height":2880,"caption":"Talkpal, Inc."},"image":{"@id":"https:\/\/talkpal.ai\/az\/#\/schema\/logo\/image\/"},"sameAs":["https:\/\/www.facebook.com\/profile.php?id=100090733639311","https:\/\/x.com\/talkpalai","https:\/\/www.linkedin.com\/company\/talkpal\/","https:\/\/www.youtube.com\/@TalkPal\/","https:\/\/www.tiktok.com\/@talkpal","https:\/\/www.instagram.com\/talkpal_ai\/","https:\/\/www.crunchbase.com\/organization\/talkpal-9cde","https:\/\/www.g2.com\/products\/talkpal-for-business\/","https:\/\/www.trustpilot.com\/review\/talkpal.ai","https:\/\/www.capterra.com\/p\/10006800\/TalkPal\/"],"description":"Talkpal is a language learning web and mobile education app, powered by the latest AI technologies, that provides engaging experiences to its customers in many different languages to help them improve their language skills. Users can chat about unlimited amount of topics with the app and use other modes to practice their language learning.","email":"support@talkpal.ai","legalName":"Talkpal, Inc.","foundingDate":"2023-04-03","duns":"118989042","numberOfEmployees":{"@type":"QuantitativeValue","minValue":"11","maxValue":"50"},"publishingPrinciples":"https:\/\/talkpal.ai\/publishing-principles\/","actionableFeedbackPolicy":"https:\/\/talkpal.ai\/actionable-feedback-policy\/","correctionsPolicy":"https:\/\/talkpal.ai\/corrections-policy\/","ethicsPolicy":"https:\/\/talkpal.ai\/ethics-policy\/","diversityPolicy":"https:\/\/talkpal.ai\/diversity-policy\/","diversityStaffingReport":"https:\/\/talkpal.ai\/diversity-policy\/"}]}},"_links":{"self":[{"href":"https:\/\/talkpal.ai\/az\/wp-json\/wp\/v2\/pages\/998207","targetHints":{"allow":["GET"]}}],"collection":[{"href":"https:\/\/talkpal.ai\/az\/wp-json\/wp\/v2\/pages"}],"about":[{"href":"https:\/\/talkpal.ai\/az\/wp-json\/wp\/v2\/types\/page"}],"author":[{"embeddable":true,"href":"https:\/\/talkpal.ai\/az\/wp-json\/wp\/v2\/users\/10"}],"replies":[{"embeddable":true,"href":"https:\/\/talkpal.ai\/az\/wp-json\/wp\/v2\/comments?post=998207"}],"version-history":[{"count":0,"href":"https:\/\/talkpal.ai\/az\/wp-json\/wp\/v2\/pages\/998207\/revisions"}],"wp:featuredmedia":[{"embeddable":true,"href":"https:\/\/talkpal.ai\/az\/wp-json\/wp\/v2\/media\/197943"}],"wp:attachment":[{"href":"https:\/\/talkpal.ai\/az\/wp-json\/wp\/v2\/media?parent=998207"}],"curies":[{"name":"wp","href":"https:\/\/api.w.org\/{rel}","templated":true}]}}