{"id":994900,"date":"2023-12-20T15:42:12","date_gmt":"2023-12-20T15:42:12","guid":{"rendered":"https:\/\/talkpal.ai\/stripe-checkout-da-kupon-kodunu-%c9%99lav%c9%99-etm%c9%99k-ucun-t%c9%99limatlar\/"},"modified":"2025-06-19T18:08:44","modified_gmt":"2025-06-19T18:08:44","slug":"stripe-checkout-da-kupon-kodunu-%c9%99lav%c9%99-etm%c9%99k-ucun-t%c9%99limatlar","status":"publish","type":"page","link":"https:\/\/talkpal.ai\/az\/stripe-checkout-da-kupon-kodunu-%c9%99lav%c9%99-etm%c9%99k-ucun-t%c9%99limatlar\/","title":{"rendered":"Stripe Checkout-da Kupon Kodunu \u0259lav\u0259 etm\u0259k \u00fc\u00e7\u00fcn t\u0259limatlar"},"content":{"rendered":"\n<p><a href=\"https:\/\/talkpal.ai\/tr\/stripe-checkoutta-kupon-kodu-ekleme-talimatlari\/\">Kupon kodu<\/a> \u0259lav\u0259 edin v\u0259 endirim \u0259ld\u0259 edin.<\/p>\n\n<h2 class=\"wp-block-heading\" id=\"h-follow-the-steps\">Add\u0131mlar\u0131 izl\u0259yin<\/h2>\n\n<h3 class=\"wp-block-heading\" id=\"h-step-1\">Add\u0131m 1:<\/h3>\n\n<p>Se\u00e7diyiniz plan\u0131 se\u00e7in.<\/p>\n\n<figure class=\"wp-block-image\"><img decoding=\"async\" src=\"https:\/\/talkpal.ai\/wp-content\/uploads\/2024\/12\/Choos-plan-screen-768x389.png\" alt=\"\"\/><\/figure>\n\n<h3 class=\"wp-block-heading\" id=\"h-step-2\">Add\u0131m 2:<\/h3>\n\n<p>Kartdan istifad\u0259 ed\u0259r\u0259k \u00f6d\u0259m\u0259 se\u00e7imini se\u00e7in v\u0259 ba\u015flan\u011f\u0131c d\u00fcym\u0259sini bas\u0131n.<\/p>\n\n<figure class=\"wp-block-image\"><img decoding=\"async\" src=\"https:\/\/talkpal.ai\/wp-content\/uploads\/2024\/12\/Payment-method-screen-768x389.png\" alt=\"\"\/><\/figure>\n\n<h3 class=\"wp-block-heading\" id=\"h-step-3\">Add\u0131m 3:<\/h3>\n\n<p>Siz Stripe yoxlama s\u0259hif\u0259sin\u0259 y\u00f6nl\u0259ndiril\u0259c\u0259ksiniz.<\/p>\n\n<h3 class=\"wp-block-heading\" id=\"h-step-4\">Add\u0131m 4:<\/h3>\n\n<p>\u201cT\u0259qdimat Kodu \u0259lav\u0259 et\u201d d\u00fcym\u0259sini bas\u0131n v\u0259 Kodu daxil edin, m\u0259s\u0259l\u0259n: <strong>QO\u015eULUN25<\/strong> v\u0259 \u201c<a href=\"https:\/\/talkpal.ai\/es\/descargar-la-aplicacion-talkpal-para-android-e-ios\/\">T\u0259tbiq<\/a> et\u201d d\u00fcym\u0259sini bas\u0131n.<\/p>\n\n<figure class=\"wp-block-image\"><img decoding=\"async\" src=\"https:\/\/talkpal.ai\/wp-content\/uploads\/2024\/05\/Talkpal-Stripe-instructions-1024x593.png\" alt=\"\"\/><\/figure>\n\n<h3 class=\"wp-block-heading\" id=\"h-step-5\">Add\u0131m 5:<\/h3>\n\n<p>Kart m\u0259lumatlar\u0131n\u0131z\u0131 doldurun v\u0259 Premium hesab\u0131n\u0131z\u0131 ara\u015fd\u0131rma\u011fa ba\u015flay\u0131n.<\/p>\n\n<p><\/p>\n","protected":false},"excerpt":{"rendered":"<p>Kupon kodu \u0259lav\u0259 edin v\u0259 endirim \u0259ld\u0259 edin. Add\u0131mlar\u0131 izl\u0259yin Add\u0131m 1: Se\u00e7diyiniz plan\u0131 se\u00e7in. Add\u0131m 2: Kartdan istifad\u0259 ed\u0259r\u0259k \u00f6d\u0259m\u0259 se\u00e7imini se\u00e7in v\u0259 ba\u015flan\u011f\u0131c d\u00fcym\u0259sini bas\u0131n. Add\u0131m 3: Siz Stripe yoxlama s\u0259hif\u0259sin\u0259 y\u00f6nl\u0259ndiril\u0259c\u0259ksiniz. Add\u0131m 4: \u201cT\u0259qdimat Kodu \u0259lav\u0259 et\u201d d\u00fcym\u0259sini bas\u0131n v\u0259 Kodu daxil edin, m\u0259s\u0259l\u0259n: QO\u015eULUN25 v\u0259 \u201cT\u0259tbiq et\u201d d\u00fcym\u0259sini bas\u0131n. Add\u0131m 5: [&hellip;]<\/p>\n","protected":false},"author":6,"featured_media":197943,"parent":0,"menu_order":0,"comment_status":"closed","ping_status":"closed","template":"","meta":{"_acf_changed":false,"footnotes":""},"class_list":["post-994900","page","type-page","status-publish","has-post-thumbnail","hentry"],"acf":[],"yoast_head":"<!-- This site is optimized with the Yoast SEO Premium plugin v27.2 (Yoast SEO v27.2) - https:\/\/yoast.com\/product\/yoast-seo-premium-wordpress\/ -->\n<title>Stripe Checkout-da Kupon Kodunu \u0259lav\u0259 etm\u0259k \u00fc\u00e7\u00fcn t\u0259limatlar - Talkpal<\/title>\n<meta name=\"description\" content=\"Stripe Checkout-da kupon kodlar\u0131n\u0131 asanl\u0131qla \u0259lav\u0259 etm\u0259yi \u00f6yr\u0259nin. M\u00fc\u015ft\u0259rinin \u00f6d\u0259ni\u015f t\u0259cr\u00fcb\u0259sini art\u0131rmaq \u00fc\u00e7\u00fcn sad\u0259 add\u0131mlar\u0131 izl\u0259yin.\" \/>\n<meta name=\"robots\" content=\"index, follow, max-snippet:-1, max-image-preview:large, max-video-preview:-1\" \/>\n<link rel=\"canonical\" href=\"https:\/\/talkpal.ai\/az\/stripe-checkout-da-kupon-kodunu-%c9%99lav%c9%99-etm%c9%99k-ucun-t%c9%99limatlar\/\" \/>\n<meta property=\"og:locale\" content=\"az_AZ\" \/>\n<meta property=\"og:type\" content=\"article\" \/>\n<meta property=\"og:title\" content=\"Stripe Checkout-da Kupon Kodunu \u0259lav\u0259 etm\u0259k \u00fc\u00e7\u00fcn t\u0259limatlar\" \/>\n<meta property=\"og:description\" content=\"Kupon kodu \u0259lav\u0259 edin v\u0259 endirim \u0259ld\u0259 edin. Add\u0131mlar\u0131 izl\u0259yin Add\u0131m 1: Se\u00e7diyiniz plan\u0131 se\u00e7in. Add\u0131m 2: Kartdan istifad\u0259 ed\u0259r\u0259k \u00f6d\u0259m\u0259 se\u00e7imini se\u00e7in v\u0259\" \/>\n<meta property=\"og:url\" content=\"https:\/\/talkpal.ai\/az\/stripe-checkout-da-kupon-kodunu-%c9%99lav%c9%99-etm%c9%99k-ucun-t%c9%99limatlar\/\" \/>\n<meta property=\"og:site_name\" content=\"Talkpal\" \/>\n<meta property=\"article:publisher\" content=\"https:\/\/www.facebook.com\/profile.php?id=100090733639311\" \/>\n<meta property=\"article:modified_time\" content=\"2025-06-19T18:08:44+00:00\" \/>\n<meta property=\"og:image\" content=\"https:\/\/talkpal.ai\/wp-content\/uploads\/2024\/03\/Talkpal-Logo-Icon.png\" \/>\n\t<meta property=\"og:image:width\" content=\"5000\" \/>\n\t<meta property=\"og:image:height\" content=\"5000\" \/>\n\t<meta property=\"og:image:type\" content=\"image\/png\" \/>\n<meta name=\"twitter:card\" content=\"summary_large_image\" \/>\n<meta name=\"twitter:site\" content=\"@talkpalai\" \/>\n<meta name=\"twitter:label1\" content=\"Est. reading time\" \/>\n\t<meta name=\"twitter:data1\" content=\"1 minute\" \/>\n<script type=\"application\/ld+json\" class=\"yoast-schema-graph\">{\"@context\":\"https:\/\/schema.org\",\"@graph\":[{\"@type\":\"WebPage\",\"@id\":\"https:\/\/talkpal.ai\/az\/stripe-checkout-da-kupon-kodunu-%c9%99lav%c9%99-etm%c9%99k-ucun-t%c9%99limatlar\/\",\"url\":\"https:\/\/talkpal.ai\/az\/stripe-checkout-da-kupon-kodunu-%c9%99lav%c9%99-etm%c9%99k-ucun-t%c9%99limatlar\/\",\"name\":\"Stripe Checkout-da Kupon Kodunu \u0259lav\u0259 etm\u0259k \u00fc\u00e7\u00fcn t\u0259limatlar - Talkpal\",\"isPartOf\":{\"@id\":\"https:\/\/talkpal.ai\/az\/#website\"},\"primaryImageOfPage\":{\"@id\":\"https:\/\/talkpal.ai\/az\/stripe-checkout-da-kupon-kodunu-%c9%99lav%c9%99-etm%c9%99k-ucun-t%c9%99limatlar\/#primaryimage\"},\"image\":{\"@id\":\"https:\/\/talkpal.ai\/az\/stripe-checkout-da-kupon-kodunu-%c9%99lav%c9%99-etm%c9%99k-ucun-t%c9%99limatlar\/#primaryimage\"},\"thumbnailUrl\":\"https:\/\/talkpal.ai\/wp-content\/uploads\/2024\/03\/Talkpal-Logo-Icon.png\",\"datePublished\":\"2023-12-20T15:42:12+00:00\",\"dateModified\":\"2025-06-19T18:08:44+00:00\",\"description\":\"Stripe Checkout-da kupon kodlar\u0131n\u0131 asanl\u0131qla \u0259lav\u0259 etm\u0259yi \u00f6yr\u0259nin. M\u00fc\u015ft\u0259rinin \u00f6d\u0259ni\u015f t\u0259cr\u00fcb\u0259sini art\u0131rmaq \u00fc\u00e7\u00fcn sad\u0259 add\u0131mlar\u0131 izl\u0259yin.\",\"breadcrumb\":{\"@id\":\"https:\/\/talkpal.ai\/az\/stripe-checkout-da-kupon-kodunu-%c9%99lav%c9%99-etm%c9%99k-ucun-t%c9%99limatlar\/#breadcrumb\"},\"inLanguage\":\"az\",\"potentialAction\":[{\"@type\":\"ReadAction\",\"target\":[\"https:\/\/talkpal.ai\/az\/stripe-checkout-da-kupon-kodunu-%c9%99lav%c9%99-etm%c9%99k-ucun-t%c9%99limatlar\/\"]}]},{\"@type\":\"ImageObject\",\"inLanguage\":\"az\",\"@id\":\"https:\/\/talkpal.ai\/az\/stripe-checkout-da-kupon-kodunu-%c9%99lav%c9%99-etm%c9%99k-ucun-t%c9%99limatlar\/#primaryimage\",\"url\":\"https:\/\/talkpal.ai\/wp-content\/uploads\/2024\/03\/Talkpal-Logo-Icon.png\",\"contentUrl\":\"https:\/\/talkpal.ai\/wp-content\/uploads\/2024\/03\/Talkpal-Logo-Icon.png\",\"width\":5000,\"height\":5000,\"caption\":\"Talkpal loqosu\"},{\"@type\":\"BreadcrumbList\",\"@id\":\"https:\/\/talkpal.ai\/az\/stripe-checkout-da-kupon-kodunu-%c9%99lav%c9%99-etm%c9%99k-ucun-t%c9%99limatlar\/#breadcrumb\",\"itemListElement\":[{\"@type\":\"ListItem\",\"position\":1,\"name\":\"Homepage\",\"item\":\"https:\/\/talkpal.ai\/az\/\"},{\"@type\":\"ListItem\",\"position\":2,\"name\":\"Stripe Checkout-da Kupon Kodunu \u0259lav\u0259 etm\u0259k \u00fc\u00e7\u00fcn t\u0259limatlar\"}]},{\"@type\":\"WebSite\",\"@id\":\"https:\/\/talkpal.ai\/az\/#website\",\"url\":\"https:\/\/talkpal.ai\/az\/\",\"name\":\"Talkpal\",\"description\":\"AI Language Learning\",\"publisher\":{\"@id\":\"https:\/\/talkpal.ai\/az\/#organization\"},\"alternateName\":\"Talkpal AI\",\"potentialAction\":[{\"@type\":\"SearchAction\",\"target\":{\"@type\":\"EntryPoint\",\"urlTemplate\":\"https:\/\/talkpal.ai\/az\/?s={search_term_string}\"},\"query-input\":{\"@type\":\"PropertyValueSpecification\",\"valueRequired\":true,\"valueName\":\"search_term_string\"}}],\"inLanguage\":\"az\"},{\"@type\":\"Organization\",\"@id\":\"https:\/\/talkpal.ai\/az\/#organization\",\"name\":\"Talkpal, Inc.\",\"alternateName\":\"Talkpal AI\",\"url\":\"https:\/\/talkpal.ai\/az\/\",\"logo\":{\"@type\":\"ImageObject\",\"inLanguage\":\"az\",\"@id\":\"https:\/\/talkpal.ai\/az\/#\/schema\/logo\/image\/\",\"url\":\"https:\/\/talkpal.ai\/wp-content\/uploads\/2024\/03\/Talkpal-Logo-Icon.png\",\"contentUrl\":\"https:\/\/talkpal.ai\/wp-content\/uploads\/2024\/03\/Talkpal-Logo-Icon.png\",\"width\":2880,\"height\":2880,\"caption\":\"Talkpal, Inc.\"},\"image\":{\"@id\":\"https:\/\/talkpal.ai\/az\/#\/schema\/logo\/image\/\"},\"sameAs\":[\"https:\/\/www.facebook.com\/profile.php?id=100090733639311\",\"https:\/\/x.com\/talkpalai\",\"https:\/\/www.linkedin.com\/company\/talkpal\/\",\"https:\/\/www.youtube.com\/@TalkPal\/\",\"https:\/\/www.tiktok.com\/@talkpal\",\"https:\/\/www.instagram.com\/talkpal_ai\/\",\"https:\/\/www.crunchbase.com\/organization\/talkpal-9cde\",\"https:\/\/www.g2.com\/products\/talkpal-for-business\/\",\"https:\/\/www.trustpilot.com\/review\/talkpal.ai\",\"https:\/\/www.capterra.com\/p\/10006800\/TalkPal\/\"],\"description\":\"Talkpal is a language learning web and mobile education app, powered by the latest AI technologies, that provides engaging experiences to its customers in many different languages to help them improve their language skills. Users can chat about unlimited amount of topics with the app and use other modes to practice their language learning.\",\"email\":\"support@talkpal.ai\",\"legalName\":\"Talkpal, Inc.\",\"foundingDate\":\"2023-04-03\",\"duns\":\"118989042\",\"numberOfEmployees\":{\"@type\":\"QuantitativeValue\",\"minValue\":\"11\",\"maxValue\":\"50\"},\"publishingPrinciples\":\"https:\/\/talkpal.ai\/publishing-principles\/\",\"actionableFeedbackPolicy\":\"https:\/\/talkpal.ai\/actionable-feedback-policy\/\",\"correctionsPolicy\":\"https:\/\/talkpal.ai\/corrections-policy\/\",\"ethicsPolicy\":\"https:\/\/talkpal.ai\/ethics-policy\/\",\"diversityPolicy\":\"https:\/\/talkpal.ai\/diversity-policy\/\",\"diversityStaffingReport\":\"https:\/\/talkpal.ai\/diversity-policy\/\"}]}<\/script>\n<!-- \/ Yoast SEO Premium plugin. -->","yoast_head_json":{"title":"Stripe Checkout-da Kupon Kodunu \u0259lav\u0259 etm\u0259k \u00fc\u00e7\u00fcn t\u0259limatlar - Talkpal","description":"Stripe Checkout-da kupon kodlar\u0131n\u0131 asanl\u0131qla \u0259lav\u0259 etm\u0259yi \u00f6yr\u0259nin. M\u00fc\u015ft\u0259rinin \u00f6d\u0259ni\u015f t\u0259cr\u00fcb\u0259sini art\u0131rmaq \u00fc\u00e7\u00fcn sad\u0259 add\u0131mlar\u0131 izl\u0259yin.","robots":{"index":"index","follow":"follow","max-snippet":"max-snippet:-1","max-image-preview":"max-image-preview:large","max-video-preview":"max-video-preview:-1"},"canonical":"https:\/\/talkpal.ai\/az\/stripe-checkout-da-kupon-kodunu-%c9%99lav%c9%99-etm%c9%99k-ucun-t%c9%99limatlar\/","og_locale":"az_AZ","og_type":"article","og_title":"Stripe Checkout-da Kupon Kodunu \u0259lav\u0259 etm\u0259k \u00fc\u00e7\u00fcn t\u0259limatlar","og_description":"Kupon kodu \u0259lav\u0259 edin v\u0259 endirim \u0259ld\u0259 edin. Add\u0131mlar\u0131 izl\u0259yin Add\u0131m 1: Se\u00e7diyiniz plan\u0131 se\u00e7in. Add\u0131m 2: Kartdan istifad\u0259 ed\u0259r\u0259k \u00f6d\u0259m\u0259 se\u00e7imini se\u00e7in v\u0259","og_url":"https:\/\/talkpal.ai\/az\/stripe-checkout-da-kupon-kodunu-%c9%99lav%c9%99-etm%c9%99k-ucun-t%c9%99limatlar\/","og_site_name":"Talkpal","article_publisher":"https:\/\/www.facebook.com\/profile.php?id=100090733639311","article_modified_time":"2025-06-19T18:08:44+00:00","og_image":[{"width":5000,"height":5000,"url":"https:\/\/talkpal.ai\/wp-content\/uploads\/2024\/03\/Talkpal-Logo-Icon.png","type":"image\/png"}],"twitter_card":"summary_large_image","twitter_site":"@talkpalai","twitter_misc":{"Est. reading time":"1 minute"},"schema":{"@context":"https:\/\/schema.org","@graph":[{"@type":"WebPage","@id":"https:\/\/talkpal.ai\/az\/stripe-checkout-da-kupon-kodunu-%c9%99lav%c9%99-etm%c9%99k-ucun-t%c9%99limatlar\/","url":"https:\/\/talkpal.ai\/az\/stripe-checkout-da-kupon-kodunu-%c9%99lav%c9%99-etm%c9%99k-ucun-t%c9%99limatlar\/","name":"Stripe Checkout-da Kupon Kodunu \u0259lav\u0259 etm\u0259k \u00fc\u00e7\u00fcn t\u0259limatlar - Talkpal","isPartOf":{"@id":"https:\/\/talkpal.ai\/az\/#website"},"primaryImageOfPage":{"@id":"https:\/\/talkpal.ai\/az\/stripe-checkout-da-kupon-kodunu-%c9%99lav%c9%99-etm%c9%99k-ucun-t%c9%99limatlar\/#primaryimage"},"image":{"@id":"https:\/\/talkpal.ai\/az\/stripe-checkout-da-kupon-kodunu-%c9%99lav%c9%99-etm%c9%99k-ucun-t%c9%99limatlar\/#primaryimage"},"thumbnailUrl":"https:\/\/talkpal.ai\/wp-content\/uploads\/2024\/03\/Talkpal-Logo-Icon.png","datePublished":"2023-12-20T15:42:12+00:00","dateModified":"2025-06-19T18:08:44+00:00","description":"Stripe Checkout-da kupon kodlar\u0131n\u0131 asanl\u0131qla \u0259lav\u0259 etm\u0259yi \u00f6yr\u0259nin. M\u00fc\u015ft\u0259rinin \u00f6d\u0259ni\u015f t\u0259cr\u00fcb\u0259sini art\u0131rmaq \u00fc\u00e7\u00fcn sad\u0259 add\u0131mlar\u0131 izl\u0259yin.","breadcrumb":{"@id":"https:\/\/talkpal.ai\/az\/stripe-checkout-da-kupon-kodunu-%c9%99lav%c9%99-etm%c9%99k-ucun-t%c9%99limatlar\/#breadcrumb"},"inLanguage":"az","potentialAction":[{"@type":"ReadAction","target":["https:\/\/talkpal.ai\/az\/stripe-checkout-da-kupon-kodunu-%c9%99lav%c9%99-etm%c9%99k-ucun-t%c9%99limatlar\/"]}]},{"@type":"ImageObject","inLanguage":"az","@id":"https:\/\/talkpal.ai\/az\/stripe-checkout-da-kupon-kodunu-%c9%99lav%c9%99-etm%c9%99k-ucun-t%c9%99limatlar\/#primaryimage","url":"https:\/\/talkpal.ai\/wp-content\/uploads\/2024\/03\/Talkpal-Logo-Icon.png","contentUrl":"https:\/\/talkpal.ai\/wp-content\/uploads\/2024\/03\/Talkpal-Logo-Icon.png","width":5000,"height":5000,"caption":"Talkpal loqosu"},{"@type":"BreadcrumbList","@id":"https:\/\/talkpal.ai\/az\/stripe-checkout-da-kupon-kodunu-%c9%99lav%c9%99-etm%c9%99k-ucun-t%c9%99limatlar\/#breadcrumb","itemListElement":[{"@type":"ListItem","position":1,"name":"Homepage","item":"https:\/\/talkpal.ai\/az\/"},{"@type":"ListItem","position":2,"name":"Stripe Checkout-da Kupon Kodunu \u0259lav\u0259 etm\u0259k \u00fc\u00e7\u00fcn t\u0259limatlar"}]},{"@type":"WebSite","@id":"https:\/\/talkpal.ai\/az\/#website","url":"https:\/\/talkpal.ai\/az\/","name":"Talkpal","description":"AI Language Learning","publisher":{"@id":"https:\/\/talkpal.ai\/az\/#organization"},"alternateName":"Talkpal AI","potentialAction":[{"@type":"SearchAction","target":{"@type":"EntryPoint","urlTemplate":"https:\/\/talkpal.ai\/az\/?s={search_term_string}"},"query-input":{"@type":"PropertyValueSpecification","valueRequired":true,"valueName":"search_term_string"}}],"inLanguage":"az"},{"@type":"Organization","@id":"https:\/\/talkpal.ai\/az\/#organization","name":"Talkpal, Inc.","alternateName":"Talkpal AI","url":"https:\/\/talkpal.ai\/az\/","logo":{"@type":"ImageObject","inLanguage":"az","@id":"https:\/\/talkpal.ai\/az\/#\/schema\/logo\/image\/","url":"https:\/\/talkpal.ai\/wp-content\/uploads\/2024\/03\/Talkpal-Logo-Icon.png","contentUrl":"https:\/\/talkpal.ai\/wp-content\/uploads\/2024\/03\/Talkpal-Logo-Icon.png","width":2880,"height":2880,"caption":"Talkpal, Inc."},"image":{"@id":"https:\/\/talkpal.ai\/az\/#\/schema\/logo\/image\/"},"sameAs":["https:\/\/www.facebook.com\/profile.php?id=100090733639311","https:\/\/x.com\/talkpalai","https:\/\/www.linkedin.com\/company\/talkpal\/","https:\/\/www.youtube.com\/@TalkPal\/","https:\/\/www.tiktok.com\/@talkpal","https:\/\/www.instagram.com\/talkpal_ai\/","https:\/\/www.crunchbase.com\/organization\/talkpal-9cde","https:\/\/www.g2.com\/products\/talkpal-for-business\/","https:\/\/www.trustpilot.com\/review\/talkpal.ai","https:\/\/www.capterra.com\/p\/10006800\/TalkPal\/"],"description":"Talkpal is a language learning web and mobile education app, powered by the latest AI technologies, that provides engaging experiences to its customers in many different languages to help them improve their language skills. Users can chat about unlimited amount of topics with the app and use other modes to practice their language learning.","email":"support@talkpal.ai","legalName":"Talkpal, Inc.","foundingDate":"2023-04-03","duns":"118989042","numberOfEmployees":{"@type":"QuantitativeValue","minValue":"11","maxValue":"50"},"publishingPrinciples":"https:\/\/talkpal.ai\/publishing-principles\/","actionableFeedbackPolicy":"https:\/\/talkpal.ai\/actionable-feedback-policy\/","correctionsPolicy":"https:\/\/talkpal.ai\/corrections-policy\/","ethicsPolicy":"https:\/\/talkpal.ai\/ethics-policy\/","diversityPolicy":"https:\/\/talkpal.ai\/diversity-policy\/","diversityStaffingReport":"https:\/\/talkpal.ai\/diversity-policy\/"}]}},"_links":{"self":[{"href":"https:\/\/talkpal.ai\/az\/wp-json\/wp\/v2\/pages\/994900","targetHints":{"allow":["GET"]}}],"collection":[{"href":"https:\/\/talkpal.ai\/az\/wp-json\/wp\/v2\/pages"}],"about":[{"href":"https:\/\/talkpal.ai\/az\/wp-json\/wp\/v2\/types\/page"}],"author":[{"embeddable":true,"href":"https:\/\/talkpal.ai\/az\/wp-json\/wp\/v2\/users\/6"}],"replies":[{"embeddable":true,"href":"https:\/\/talkpal.ai\/az\/wp-json\/wp\/v2\/comments?post=994900"}],"version-history":[{"count":0,"href":"https:\/\/talkpal.ai\/az\/wp-json\/wp\/v2\/pages\/994900\/revisions"}],"wp:featuredmedia":[{"embeddable":true,"href":"https:\/\/talkpal.ai\/az\/wp-json\/wp\/v2\/media\/197943"}],"wp:attachment":[{"href":"https:\/\/talkpal.ai\/az\/wp-json\/wp\/v2\/media?parent=994900"}],"curies":[{"name":"wp","href":"https:\/\/api.w.org\/{rel}","templated":true}]}}