{"id":93068,"date":"2023-12-05T11:40:43","date_gmt":"2023-12-05T11:40:43","guid":{"rendered":"http:\/\/talkpal.ai\/alman-dili-sertifikatlari\/"},"modified":"2026-01-07T15:05:58","modified_gmt":"2026-01-07T15:05:58","slug":"alman-dili-sertifikatlari","status":"publish","type":"page","link":"https:\/\/talkpal.ai\/az\/alman-dili-sertifikatlari\/","title":{"rendered":"Alman Dili Sertifikatlar\u0131"},"content":{"rendered":"\r\n\r\n\r\n<section class=\"languageChallengeSection\">\r\n    <div class=\"languageInfoWrapper\">\r\n        \r\n        <h1>Alman Dili Sertifikatlar\u0131<\/h1>\r\n        <p>Talkpal , istifad\u0259\u00e7il\u0259r\u0259 bu \u0130ngilis Dili imtahanlar\u0131na haz\u0131rla\u015fma\u011fa k\u00f6m\u0259k ed\u0259 bil\u0259n A\u0130-nin yaratd\u0131\u011f\u0131 dil \u00f6yr\u0259nm\u0259 proqram\u0131d\u0131r. Dan\u0131\u015f\u0131q v\u0259 dinl\u0259m\u0259 bacar\u0131qlar\u0131n\u0131n t\u0259kmill\u0259\u015fdirilm\u0259sin\u0259 \u0259sas diqq\u0259t yetirm\u0259kl\u0259 Talkpal real interaktiv dan\u0131\u015f\u0131qlar v\u0259 t\u0259l\u0259ff\u00fcz praktikas\u0131n\u0131 t\u0259min edir. Onun A\u0130 t\u0259bi\u0259ti \u015f\u0259xsi r\u0259yl\u0259r\u0259 imkan verir, istifad\u0259\u00e7il\u0259r\u0259 onlar\u0131n inki\u015faf\u0131n\u0131 v\u0259 sah\u0259l\u0259rinin yax\u015f\u0131la\u015fmas\u0131n\u0131 ba\u015fa d\u00fc\u015fm\u0259y\u0259 k\u00f6m\u0259k edir. Alman dili \u00fczr\u0259 profisit tez-tez TestDaF, Goethe-Zertifikat, DSH, \u00d6SD v\u0259 telc kimi bir ne\u00e7\u0259 imtahan vasit\u0259si il\u0259 qiym\u0259tl\u0259ndirilir. Bu imtahanlarda qeyri-do\u011fma g\u00fcrc\u00fc dilinin alman dili \u00fczr\u0259 bacar\u0131qlar\u0131n qiym\u0259tl\u0259ndirilm\u0259si t\u0259min edilir v\u0259 geni\u015f \u015f\u0259kild\u0259 pe\u015f\u0259karl\u0131\u011fa dair r\u0259smi \u015f\u0259had\u0259tnam\u0259l\u0259r kimi q\u0259bul edilir. H\u0259r bir test dilin profisit s\u0259viyy\u0259si, t\u0259tbiqi istifad\u0259 v\u0259 skorinq sistemi bax\u0131m\u0131ndan onu dig\u0259rl\u0259rind\u0259n f\u0259rql\u0259ndir\u0259n spesifik x\u00fcsusiyy\u0259tl\u0259r\u0259 malikdir.<\/p>\r\n\r\n                \r\n    <\/div>\r\n\r\n    <figure>\r\n    <img decoding=\"async\" width=\"768\" height=\"768\" src=\"https:\/\/talkpal.ai\/wp-content\/uploads\/2026\/01\/group-with-phone-in-circle-768x768.webp\" class=\"languageImage no-lazy\" alt=\"Default alt text\" fetchpriority=\"high\" sizes=\"(max-width: 768px) 150px, 768px\" srcset=\"https:\/\/talkpal.ai\/wp-content\/uploads\/2026\/01\/group-with-phone-in-circle-768x768.webp 768w, https:\/\/talkpal.ai\/wp-content\/uploads\/2026\/01\/group-with-phone-in-circle-300x300.webp 300w\" \/>\r\n    \r\n\r\n    <\/figure>\r\n\r\n    \r\n<\/section>\n<div class=\"wp-block-group pageContainerStyle\"><div class=\"wp-block-group__inner-container is-layout-constrained wp-block-group-is-layout-constrained\">\n<h2 class=\"wp-block-heading\" id=\"h-german-language-certificates\">Alman Dili Sertifikatlar\u0131<\/h2>\n\n\n\r\n                    <div class=\"methodWraper\">\r\n            <div class=\"methodContent\">\r\n                <img decoding=\"async\" src=\"https:\/\/talkpal.ai\/wp-content\/uploads\/2025\/05\/check_icon.png\" alt=\"Checkmark Icon\">\r\n                <h3>TestDaF:<\/h3>\r\n            <\/div>\r\n            <p>TestDaF (Test Deutsch als Fremdsprache): Bu, Almaniyada t\u0259hsil alma\u011f\u0131 v\u0259 ya ara\u015fd\u0131rma aparma\u011f\u0131 planla\u015fd\u0131ran alman dilini \u00f6yr\u0259n\u0259n xaricil\u0259r \u00fc\u00e7\u00fcn n\u0259z\u0259rd\u0259 tutulmu\u015f standartla\u015fd\u0131r\u0131lm\u0131\u015f testdir. \u0130mtahanda namiz\u0259din dil \u00f6yr\u0259nm\u0259nin h\u0259r d\u00f6rd sah\u0259si \u00fczr\u0259 &#8211; oxu, yaz\u0131, dinl\u0259m\u0259 v\u0259 dan\u0131\u015f\u0131q \u00fczr\u0259 ixtisaslar\u0131n\u0131n biliyi yoxlan\u0131l\u0131r.<\/p>\r\n        <\/div>\r\n                    <div class=\"methodWraper\">\r\n            <div class=\"methodContent\">\r\n                <img decoding=\"async\" src=\"https:\/\/talkpal.ai\/wp-content\/uploads\/2025\/05\/check_icon.png\" alt=\"Checkmark Icon\">\r\n                <h3>Goethe-Zertifikat:<\/h3>\r\n            <\/div>\r\n            <p>Goethe-Zertifikat b\u00fct\u00fcn d\u00fcnyada tan\u0131n\u0131r, Goethe-Zertifikat test m\u00fcxt\u0259lif \u00f6yr\u0259n\u0259nl\u0259rin profisit s\u0259viyy\u0259sin\u0259 uy\u011fun bir ne\u00e7\u0259 m\u00fcxt\u0259lif s\u0259viyy\u0259y\u0259 malikdir. Daha sonra 6 modula b\u00f6l\u00fcn\u00fcr: A1 (beginner), A2, B1, B2, C1 v\u0259 C2 (superior).<\/p>\r\n        <\/div>\r\n                    <div class=\"methodWraper\">\r\n            <div class=\"methodContent\">\r\n                <img decoding=\"async\" src=\"https:\/\/talkpal.ai\/wp-content\/uploads\/2025\/05\/check_icon.png\" alt=\"Checkmark Icon\">\r\n                <h3>D\u015e:<\/h3>\r\n            <\/div>\r\n            <p>D\u015e (Deutsche Sprachpr\u00fcfung f\u00fcr den Hochschulzugang): Bu imtahan Almaniya universitetind\u0259 t\u0259hsil almaq ist\u0259y\u0259n v\u0259 \u00f6z dil s\u0259ri\u015ft\u0259sini n\u00fcmayi\u015f etdirm\u0259k ehtiyac\u0131 olanlara verilir. D\u015e ad\u0259t\u0259n universitetl\u0259r vasit\u0259sil\u0259 t\u0259klif olunur, ke\u00e7id i\u015far\u0259si is\u0259 ad\u0259t\u0259n olduqca y\u00fcks\u0259kdir.<\/p>\r\n        <\/div>\r\n                    <div class=\"methodWraper\">\r\n            <div class=\"methodContent\">\r\n                <img decoding=\"async\" src=\"https:\/\/talkpal.ai\/wp-content\/uploads\/2025\/05\/check_icon.png\" alt=\"Checkmark Icon\">\r\n                <h3>\u00d6SD:<\/h3>\r\n            <\/div>\r\n            <p>\u00d6SD (\u00d6sterreichisches Sprachdiplom Deutsch): \u00d6SD sertifikat\u0131 alman dili bacar\u0131\u011f\u0131n\u0131n beyn\u0259lxalq s\u0259viyy\u0259d\u0259 tan\u0131nm\u0131\u015f s\u00fcbutu t\u0259qdim edir. M\u00fcxt\u0259lif s\u0259viyy\u0259li profisitl\u0259r\u0259 cater etm\u0259k \u00fc\u00e7\u00fcn m\u00fcxt\u0259lif imtahanlarla alman dilini geni\u015f anlama\u011fa y\u00f6n\u0259lmi\u015f \u00f6yr\u0259n\u0259nl\u0259r aras\u0131nda populyar se\u00e7imdir.<\/p>\r\n        <\/div>\r\n                    <div class=\"methodWraper\">\r\n            <div class=\"methodContent\">\r\n                <img decoding=\"async\" src=\"https:\/\/talkpal.ai\/wp-content\/uploads\/2025\/05\/check_icon.png\" alt=\"Checkmark Icon\">\r\n                <h3>telc:<\/h3>\r\n            <\/div>\r\n            <p>telc (The European Language Certificates): Bu, dil s\u0259ri\u015ft\u0259sinin ara\u015fd\u0131r\u0131lmas\u0131n\u0131n daha bir beyn\u0259lxalq standartla\u015fd\u0131r\u0131lm\u0131\u015f sistemidir. telc A1-d\u0259n C2-y\u0259 q\u0259d\u0259r olan b\u00fct\u00fcn s\u0259viyy\u0259l\u0259r \u00fc\u00e7\u00fcn sertifikatla\u015fd\u0131rmalar t\u0259klif edir. \u018fsas diqq\u0259t g\u00fcnd\u0259lik h\u0259yata v\u0259 i\u015f yerl\u0259rinin ssenaril\u0259rin\u0259 y\u00f6n\u0259ldilir. Bel\u0259 ki, sertifikat almandilli \u00f6lk\u0259l\u0259rd\u0259 i\u015f axtaranlar \u00fc\u00e7\u00fcn x\u00fcsusil\u0259 faydal\u0131d\u0131r.<\/p>\r\n        <\/div>\r\n    <\/div><\/div>\n","protected":false},"excerpt":{"rendered":"<p>Alman Dili Sertifikatlar\u0131<\/p>\n","protected":false},"author":8,"featured_media":75536,"parent":0,"menu_order":0,"comment_status":"closed","ping_status":"closed","template":"simpleContentPage.php","meta":{"_acf_changed":false,"footnotes":""},"class_list":["post-93068","page","type-page","status-publish","has-post-thumbnail","hentry"],"acf":[],"yoast_head":"<!-- This site is optimized with the Yoast SEO Premium plugin v27.2 (Yoast SEO v27.2) - https:\/\/yoast.com\/product\/yoast-seo-premium-wordpress\/ -->\n<title>Alman Dili Sertifikatlar\u0131 - Talkpal<\/title>\n<meta name=\"description\" content=\"Tan\u0131nm\u0131\u015f Alman Dili Sertifikatlar\u0131 Qazan\u0131n- Bacar\u0131qlar\u0131n\u0131z\u0131 do\u011fruldun v\u0259 karyeran\u0131z\u0131 s\u00fcr\u0259tl\u0259ndirin!\" \/>\n<meta name=\"robots\" content=\"index, follow, max-snippet:-1, max-image-preview:large, max-video-preview:-1\" \/>\n<link rel=\"canonical\" href=\"https:\/\/talkpal.ai\/az\/alman-dili-sertifikatlari\/\" \/>\n<meta property=\"og:locale\" content=\"az_AZ\" \/>\n<meta property=\"og:type\" content=\"article\" \/>\n<meta property=\"og:title\" content=\"Alman Dili Sertifikatlar\u0131\" \/>\n<meta property=\"og:description\" content=\"Alman Dili Sertifikatlar\u0131\" \/>\n<meta property=\"og:url\" content=\"https:\/\/talkpal.ai\/az\/alman-dili-sertifikatlari\/\" \/>\n<meta property=\"og:site_name\" content=\"Talkpal\" \/>\n<meta property=\"article:publisher\" content=\"https:\/\/www.facebook.com\/profile.php?id=100090733639311\" \/>\n<meta property=\"article:modified_time\" content=\"2026-01-07T15:05:58+00:00\" \/>\n<meta property=\"og:image\" content=\"https:\/\/talkpal.ai\/wp-content\/uploads\/2023\/03\/germany.png\" \/>\n\t<meta property=\"og:image:width\" content=\"512\" \/>\n\t<meta property=\"og:image:height\" content=\"512\" \/>\n\t<meta property=\"og:image:type\" content=\"image\/png\" \/>\n<meta name=\"twitter:card\" content=\"summary_large_image\" \/>\n<meta name=\"twitter:site\" content=\"@talkpalai\" \/>\n<script type=\"application\/ld+json\" class=\"yoast-schema-graph\">{\"@context\":\"https:\/\/schema.org\",\"@graph\":[{\"@type\":\"WebPage\",\"@id\":\"https:\/\/talkpal.ai\/az\/alman-dili-sertifikatlari\/\",\"url\":\"https:\/\/talkpal.ai\/az\/alman-dili-sertifikatlari\/\",\"name\":\"Alman Dili Sertifikatlar\u0131 - Talkpal\",\"isPartOf\":{\"@id\":\"https:\/\/talkpal.ai\/az\/#website\"},\"primaryImageOfPage\":{\"@id\":\"https:\/\/talkpal.ai\/az\/alman-dili-sertifikatlari\/#primaryimage\"},\"image\":{\"@id\":\"https:\/\/talkpal.ai\/az\/alman-dili-sertifikatlari\/#primaryimage\"},\"thumbnailUrl\":\"https:\/\/talkpal.ai\/wp-content\/uploads\/2023\/03\/germany.png\",\"datePublished\":\"2023-12-05T11:40:43+00:00\",\"dateModified\":\"2026-01-07T15:05:58+00:00\",\"description\":\"Tan\u0131nm\u0131\u015f Alman Dili Sertifikatlar\u0131 Qazan\u0131n- Bacar\u0131qlar\u0131n\u0131z\u0131 do\u011fruldun v\u0259 karyeran\u0131z\u0131 s\u00fcr\u0259tl\u0259ndirin!\",\"breadcrumb\":{\"@id\":\"https:\/\/talkpal.ai\/az\/alman-dili-sertifikatlari\/#breadcrumb\"},\"inLanguage\":\"az\",\"potentialAction\":[{\"@type\":\"ReadAction\",\"target\":[\"https:\/\/talkpal.ai\/az\/alman-dili-sertifikatlari\/\"]}]},{\"@type\":\"ImageObject\",\"inLanguage\":\"az\",\"@id\":\"https:\/\/talkpal.ai\/az\/alman-dili-sertifikatlari\/#primaryimage\",\"url\":\"https:\/\/talkpal.ai\/wp-content\/uploads\/2023\/03\/germany.png\",\"contentUrl\":\"https:\/\/talkpal.ai\/wp-content\/uploads\/2023\/03\/germany.png\",\"width\":512,\"height\":512,\"caption\":\"TalkPal AI learn German\"},{\"@type\":\"BreadcrumbList\",\"@id\":\"https:\/\/talkpal.ai\/az\/alman-dili-sertifikatlari\/#breadcrumb\",\"itemListElement\":[{\"@type\":\"ListItem\",\"position\":1,\"name\":\"Homepage\",\"item\":\"https:\/\/talkpal.ai\/az\/\"},{\"@type\":\"ListItem\",\"position\":2,\"name\":\"Alman Dili Sertifikatlar\u0131\"}]},{\"@type\":\"WebSite\",\"@id\":\"https:\/\/talkpal.ai\/az\/#website\",\"url\":\"https:\/\/talkpal.ai\/az\/\",\"name\":\"Talkpal\",\"description\":\"AI Language Learning\",\"publisher\":{\"@id\":\"https:\/\/talkpal.ai\/az\/#organization\"},\"alternateName\":\"Talkpal AI\",\"potentialAction\":[{\"@type\":\"SearchAction\",\"target\":{\"@type\":\"EntryPoint\",\"urlTemplate\":\"https:\/\/talkpal.ai\/az\/?s={search_term_string}\"},\"query-input\":{\"@type\":\"PropertyValueSpecification\",\"valueRequired\":true,\"valueName\":\"search_term_string\"}}],\"inLanguage\":\"az\"},{\"@type\":\"Organization\",\"@id\":\"https:\/\/talkpal.ai\/az\/#organization\",\"name\":\"Talkpal, Inc.\",\"alternateName\":\"Talkpal AI\",\"url\":\"https:\/\/talkpal.ai\/az\/\",\"logo\":{\"@type\":\"ImageObject\",\"inLanguage\":\"az\",\"@id\":\"https:\/\/talkpal.ai\/az\/#\/schema\/logo\/image\/\",\"url\":\"https:\/\/talkpal.ai\/wp-content\/uploads\/2024\/03\/Talkpal-Logo-Icon.png\",\"contentUrl\":\"https:\/\/talkpal.ai\/wp-content\/uploads\/2024\/03\/Talkpal-Logo-Icon.png\",\"width\":2880,\"height\":2880,\"caption\":\"Talkpal, Inc.\"},\"image\":{\"@id\":\"https:\/\/talkpal.ai\/az\/#\/schema\/logo\/image\/\"},\"sameAs\":[\"https:\/\/www.facebook.com\/profile.php?id=100090733639311\",\"https:\/\/x.com\/talkpalai\",\"https:\/\/www.linkedin.com\/company\/talkpal\/\",\"https:\/\/www.youtube.com\/@TalkPal\/\",\"https:\/\/www.tiktok.com\/@talkpal\",\"https:\/\/www.instagram.com\/talkpal_ai\/\",\"https:\/\/www.crunchbase.com\/organization\/talkpal-9cde\",\"https:\/\/www.g2.com\/products\/talkpal-for-business\/\",\"https:\/\/www.trustpilot.com\/review\/talkpal.ai\",\"https:\/\/www.capterra.com\/p\/10006800\/TalkPal\/\"],\"description\":\"Talkpal is a language learning web and mobile education app, powered by the latest AI technologies, that provides engaging experiences to its customers in many different languages to help them improve their language skills. Users can chat about unlimited amount of topics with the app and use other modes to practice their language learning.\",\"email\":\"support@talkpal.ai\",\"legalName\":\"Talkpal, Inc.\",\"foundingDate\":\"2023-04-03\",\"duns\":\"118989042\",\"numberOfEmployees\":{\"@type\":\"QuantitativeValue\",\"minValue\":\"11\",\"maxValue\":\"50\"},\"publishingPrinciples\":\"https:\/\/talkpal.ai\/publishing-principles\/\",\"actionableFeedbackPolicy\":\"https:\/\/talkpal.ai\/actionable-feedback-policy\/\",\"correctionsPolicy\":\"https:\/\/talkpal.ai\/corrections-policy\/\",\"ethicsPolicy\":\"https:\/\/talkpal.ai\/ethics-policy\/\",\"diversityPolicy\":\"https:\/\/talkpal.ai\/diversity-policy\/\",\"diversityStaffingReport\":\"https:\/\/talkpal.ai\/diversity-policy\/\"}]}<\/script>\n<!-- \/ Yoast SEO Premium plugin. -->","yoast_head_json":{"title":"Alman Dili Sertifikatlar\u0131 - Talkpal","description":"Tan\u0131nm\u0131\u015f Alman Dili Sertifikatlar\u0131 Qazan\u0131n- Bacar\u0131qlar\u0131n\u0131z\u0131 do\u011fruldun v\u0259 karyeran\u0131z\u0131 s\u00fcr\u0259tl\u0259ndirin!","robots":{"index":"index","follow":"follow","max-snippet":"max-snippet:-1","max-image-preview":"max-image-preview:large","max-video-preview":"max-video-preview:-1"},"canonical":"https:\/\/talkpal.ai\/az\/alman-dili-sertifikatlari\/","og_locale":"az_AZ","og_type":"article","og_title":"Alman Dili Sertifikatlar\u0131","og_description":"Alman Dili Sertifikatlar\u0131","og_url":"https:\/\/talkpal.ai\/az\/alman-dili-sertifikatlari\/","og_site_name":"Talkpal","article_publisher":"https:\/\/www.facebook.com\/profile.php?id=100090733639311","article_modified_time":"2026-01-07T15:05:58+00:00","og_image":[{"width":512,"height":512,"url":"https:\/\/talkpal.ai\/wp-content\/uploads\/2023\/03\/germany.png","type":"image\/png"}],"twitter_card":"summary_large_image","twitter_site":"@talkpalai","schema":{"@context":"https:\/\/schema.org","@graph":[{"@type":"WebPage","@id":"https:\/\/talkpal.ai\/az\/alman-dili-sertifikatlari\/","url":"https:\/\/talkpal.ai\/az\/alman-dili-sertifikatlari\/","name":"Alman Dili Sertifikatlar\u0131 - Talkpal","isPartOf":{"@id":"https:\/\/talkpal.ai\/az\/#website"},"primaryImageOfPage":{"@id":"https:\/\/talkpal.ai\/az\/alman-dili-sertifikatlari\/#primaryimage"},"image":{"@id":"https:\/\/talkpal.ai\/az\/alman-dili-sertifikatlari\/#primaryimage"},"thumbnailUrl":"https:\/\/talkpal.ai\/wp-content\/uploads\/2023\/03\/germany.png","datePublished":"2023-12-05T11:40:43+00:00","dateModified":"2026-01-07T15:05:58+00:00","description":"Tan\u0131nm\u0131\u015f Alman Dili Sertifikatlar\u0131 Qazan\u0131n- Bacar\u0131qlar\u0131n\u0131z\u0131 do\u011fruldun v\u0259 karyeran\u0131z\u0131 s\u00fcr\u0259tl\u0259ndirin!","breadcrumb":{"@id":"https:\/\/talkpal.ai\/az\/alman-dili-sertifikatlari\/#breadcrumb"},"inLanguage":"az","potentialAction":[{"@type":"ReadAction","target":["https:\/\/talkpal.ai\/az\/alman-dili-sertifikatlari\/"]}]},{"@type":"ImageObject","inLanguage":"az","@id":"https:\/\/talkpal.ai\/az\/alman-dili-sertifikatlari\/#primaryimage","url":"https:\/\/talkpal.ai\/wp-content\/uploads\/2023\/03\/germany.png","contentUrl":"https:\/\/talkpal.ai\/wp-content\/uploads\/2023\/03\/germany.png","width":512,"height":512,"caption":"TalkPal AI learn German"},{"@type":"BreadcrumbList","@id":"https:\/\/talkpal.ai\/az\/alman-dili-sertifikatlari\/#breadcrumb","itemListElement":[{"@type":"ListItem","position":1,"name":"Homepage","item":"https:\/\/talkpal.ai\/az\/"},{"@type":"ListItem","position":2,"name":"Alman Dili Sertifikatlar\u0131"}]},{"@type":"WebSite","@id":"https:\/\/talkpal.ai\/az\/#website","url":"https:\/\/talkpal.ai\/az\/","name":"Talkpal","description":"AI Language Learning","publisher":{"@id":"https:\/\/talkpal.ai\/az\/#organization"},"alternateName":"Talkpal AI","potentialAction":[{"@type":"SearchAction","target":{"@type":"EntryPoint","urlTemplate":"https:\/\/talkpal.ai\/az\/?s={search_term_string}"},"query-input":{"@type":"PropertyValueSpecification","valueRequired":true,"valueName":"search_term_string"}}],"inLanguage":"az"},{"@type":"Organization","@id":"https:\/\/talkpal.ai\/az\/#organization","name":"Talkpal, Inc.","alternateName":"Talkpal AI","url":"https:\/\/talkpal.ai\/az\/","logo":{"@type":"ImageObject","inLanguage":"az","@id":"https:\/\/talkpal.ai\/az\/#\/schema\/logo\/image\/","url":"https:\/\/talkpal.ai\/wp-content\/uploads\/2024\/03\/Talkpal-Logo-Icon.png","contentUrl":"https:\/\/talkpal.ai\/wp-content\/uploads\/2024\/03\/Talkpal-Logo-Icon.png","width":2880,"height":2880,"caption":"Talkpal, Inc."},"image":{"@id":"https:\/\/talkpal.ai\/az\/#\/schema\/logo\/image\/"},"sameAs":["https:\/\/www.facebook.com\/profile.php?id=100090733639311","https:\/\/x.com\/talkpalai","https:\/\/www.linkedin.com\/company\/talkpal\/","https:\/\/www.youtube.com\/@TalkPal\/","https:\/\/www.tiktok.com\/@talkpal","https:\/\/www.instagram.com\/talkpal_ai\/","https:\/\/www.crunchbase.com\/organization\/talkpal-9cde","https:\/\/www.g2.com\/products\/talkpal-for-business\/","https:\/\/www.trustpilot.com\/review\/talkpal.ai","https:\/\/www.capterra.com\/p\/10006800\/TalkPal\/"],"description":"Talkpal is a language learning web and mobile education app, powered by the latest AI technologies, that provides engaging experiences to its customers in many different languages to help them improve their language skills. Users can chat about unlimited amount of topics with the app and use other modes to practice their language learning.","email":"support@talkpal.ai","legalName":"Talkpal, Inc.","foundingDate":"2023-04-03","duns":"118989042","numberOfEmployees":{"@type":"QuantitativeValue","minValue":"11","maxValue":"50"},"publishingPrinciples":"https:\/\/talkpal.ai\/publishing-principles\/","actionableFeedbackPolicy":"https:\/\/talkpal.ai\/actionable-feedback-policy\/","correctionsPolicy":"https:\/\/talkpal.ai\/corrections-policy\/","ethicsPolicy":"https:\/\/talkpal.ai\/ethics-policy\/","diversityPolicy":"https:\/\/talkpal.ai\/diversity-policy\/","diversityStaffingReport":"https:\/\/talkpal.ai\/diversity-policy\/"}]}},"_links":{"self":[{"href":"https:\/\/talkpal.ai\/az\/wp-json\/wp\/v2\/pages\/93068","targetHints":{"allow":["GET"]}}],"collection":[{"href":"https:\/\/talkpal.ai\/az\/wp-json\/wp\/v2\/pages"}],"about":[{"href":"https:\/\/talkpal.ai\/az\/wp-json\/wp\/v2\/types\/page"}],"author":[{"embeddable":true,"href":"https:\/\/talkpal.ai\/az\/wp-json\/wp\/v2\/users\/8"}],"replies":[{"embeddable":true,"href":"https:\/\/talkpal.ai\/az\/wp-json\/wp\/v2\/comments?post=93068"}],"version-history":[{"count":0,"href":"https:\/\/talkpal.ai\/az\/wp-json\/wp\/v2\/pages\/93068\/revisions"}],"wp:featuredmedia":[{"embeddable":true,"href":"https:\/\/talkpal.ai\/az\/wp-json\/wp\/v2\/media\/75536"}],"wp:attachment":[{"href":"https:\/\/talkpal.ai\/az\/wp-json\/wp\/v2\/media?parent=93068"}],"curies":[{"name":"wp","href":"https:\/\/api.w.org\/{rel}","templated":true}]}}