{"id":92686,"date":"2023-12-05T11:40:45","date_gmt":"2023-12-05T11:40:45","guid":{"rendered":"http:\/\/talkpal.ai\/fransiz-dili-sertifikatlari\/"},"modified":"2026-01-07T15:08:29","modified_gmt":"2026-01-07T15:08:29","slug":"fransiz-dili-sertifikatlari","status":"publish","type":"page","link":"https:\/\/talkpal.ai\/az\/fransiz-dili-sertifikatlari\/","title":{"rendered":"Frans\u0131z Dili Sertifikatlar\u0131"},"content":{"rendered":"\r\n\r\n\r\n<section class=\"languageChallengeSection\">\r\n    <div class=\"languageInfoWrapper\">\r\n        \r\n        <h1>Frans\u0131z Dili Sertifikatlar\u0131<\/h1>\r\n        <p>Talkpal , istifad\u0259\u00e7il\u0259r\u0259 bu \u0130ngilis Dili imtahanlar\u0131na haz\u0131rla\u015fma\u011fa k\u00f6m\u0259k ed\u0259 bil\u0259n A\u0130-nin yaratd\u0131\u011f\u0131 dil \u00f6yr\u0259nm\u0259 proqram\u0131d\u0131r. Dan\u0131\u015f\u0131q v\u0259 dinl\u0259m\u0259 bacar\u0131qlar\u0131n\u0131n t\u0259kmill\u0259\u015fdirilm\u0259sin\u0259 \u0259sas diqq\u0259t yetirm\u0259kl\u0259 Talkpal real interaktiv dan\u0131\u015f\u0131qlar v\u0259 t\u0259l\u0259ff\u00fcz praktikas\u0131n\u0131 t\u0259min edir. Onun A\u0130 t\u0259bi\u0259ti \u015f\u0259xsi r\u0259yl\u0259r\u0259 imkan verir, istifad\u0259\u00e7il\u0259r\u0259 onlar\u0131n inki\u015faf\u0131n\u0131 v\u0259 sah\u0259l\u0259rinin yax\u015f\u0131la\u015fmas\u0131n\u0131 ba\u015fa d\u00fc\u015fm\u0259y\u0259 k\u00f6m\u0259k edir. <a href=\"https:\/\/talkpal.ai\/french-language-certificates\/\">Frans\u0131z dili sertifikatlar\u0131<\/a> bir \u015f\u0259xsin frans\u0131z dili \u00fczr\u0259 ixtisaslar\u0131n\u0131 n\u00fcmayi\u015f etdir\u0259n r\u0259smi kadrlard\u0131r v\u0259 b\u00fct\u00fcn d\u00fcnyada tan\u0131n\u0131r. Bura DELF\/DALF, TEF, TCF, TEFAQ kimi imtahanlar daxildir. Bu testl\u0259rin h\u0259r biri yerli olmayan frans\u0131z dilind\u0259 dan\u0131\u015fanlar \u00fc\u00e7\u00fcn dil kompetensiyas\u0131n\u0131n m\u00fcxt\u0259lif s\u0259viyy\u0259l\u0259rini qiym\u0259tl\u0259ndirir v\u0259 t\u0259hsil m\u00fc\u0259ssis\u0259l\u0259rin\u0259 v\u0259 i\u015f\u0259g\u00f6t\u00fcr\u0259nl\u0259r\u0259 frans\u0131z dili bacar\u0131qlar\u0131n\u0131n tan\u0131nm\u0131\u015f s\u00fcbutu kimi \u00e7\u0131x\u0131\u015f edir.<\/p>\r\n\r\n                            <a class=\"getStartedHidden\" href=\"https:\/\/app.talkpal.ai\/signup?lng=\">Ba\u015fla<\/a>\r\n        \r\n    <\/div>\r\n\r\n    <figure>\r\n    <img decoding=\"async\" width=\"768\" height=\"768\" src=\"https:\/\/talkpal.ai\/wp-content\/uploads\/2026\/01\/curly-girl-with-phone-light-background-768x768.webp\" class=\"languageImage no-lazy\" alt=\"Default alt text\" fetchpriority=\"high\" sizes=\"(max-width: 768px) 150px, 768px\" srcset=\"https:\/\/talkpal.ai\/wp-content\/uploads\/2026\/01\/curly-girl-with-phone-light-background-768x768.webp 768w, https:\/\/talkpal.ai\/wp-content\/uploads\/2026\/01\/curly-girl-with-phone-light-background-300x300.webp 300w\" \/>\r\n    \r\n\r\n    <\/figure>\r\n\r\n            <a class=\"getStartedVisible\" href=\"https:\/\/app.talkpal.ai\/signup?lng=\">Ba\u015fla<\/a>\r\n    \r\n<\/section>\n<div class=\"wp-block-group pageContainerStyle\"><div class=\"wp-block-group__inner-container is-layout-constrained wp-block-group-is-layout-constrained\">\n<h2 class=\"wp-block-heading\" id=\"h-french-language-certificates\">Frans\u0131z Dili Sertifikatlar\u0131<\/h2>\n\n\n\r\n                    <div class=\"methodWraper\">\r\n            <div class=\"methodContent\">\r\n                <img decoding=\"async\" src=\"https:\/\/talkpal.ai\/wp-content\/uploads\/2025\/05\/check_icon.png\" alt=\"Checkmark Icon\">\r\n                <h3>DELF\/DALF:<\/h3>\r\n            <\/div>\r\n            <p>Fransa T\u0259hsil Nazirliyi t\u0259r\u0259find\u0259n veril\u0259n r\u0259smi kvalifikasiya, Dipl\u00f4me d&#039;Etudes en Langue Fran\u00e7aise (DELF) v\u0259 Dipl\u00f4me Approfondi de Langue Fran\u00e7aise (DALF) t\u0259r\u0259find\u0259n veril\u0259n r\u0259smi kvalifikasiya, dan\u0131\u015f\u0131q v\u0259 dinl\u0259m\u0259 d\u0259 daxil olmaqla d\u00f6rd dil bacar\u0131\u011f\u0131n\u0131 \u0259hat\u0259 edir.<\/p>\r\n        <\/div>\r\n                    <div class=\"methodWraper\">\r\n            <div class=\"methodContent\">\r\n                <img decoding=\"async\" src=\"https:\/\/talkpal.ai\/wp-content\/uploads\/2025\/05\/check_icon.png\" alt=\"Checkmark Icon\">\r\n                <h3>TEF:<\/h3>\r\n            <\/div>\r\n            <p>Test d&#039;Evaluation de Fran\u00e7ais (TEF) \u2014 frans\u0131z dilind\u0259 f\u0259rdin profisitliyini qiym\u0259tl\u0259ndirm\u0259k \u00fc\u00e7\u00fcn istifad\u0259 olunan h\u0259rt\u0259r\u0259fli dil qiym\u0259tl\u0259ndirm\u0259 al\u0259tidir. Bu test \u0259sas\u0259n namiz\u0259dl\u0259rin yaz\u0131 v\u0259 natiql\u0131q bacar\u0131qlar\u0131n\u0131n qiym\u0259tl\u0259ndirilm\u0259sin\u0259 h\u0259sr olunub.<\/p>\r\n        <\/div>\r\n                    <div class=\"methodWraper\">\r\n            <div class=\"methodContent\">\r\n                <img decoding=\"async\" src=\"https:\/\/talkpal.ai\/wp-content\/uploads\/2025\/05\/check_icon.png\" alt=\"Checkmark Icon\">\r\n                <h3>TCF:<\/h3>\r\n            <\/div>\r\n            <p>Test de Connaissance du Fran\u00e7ais (TCF) h\u0259m\u00e7inin r\u0259smi frans\u0131z dili profisit testidir. Bu test \u0259sas\u0259n istifad\u0259\u00e7il\u0259rin oxuma, yazma, dan\u0131\u015f\u0131q v\u0259 dinl\u0259m\u0259 bacar\u0131qlar\u0131n\u0131 qiym\u0259tl\u0259ndirir.<\/p>\r\n        <\/div>\r\n                    <div class=\"methodWraper\">\r\n            <div class=\"methodContent\">\r\n                <img decoding=\"async\" src=\"https:\/\/talkpal.ai\/wp-content\/uploads\/2025\/05\/check_icon.png\" alt=\"Checkmark Icon\">\r\n                <h3>TEFAQ:<\/h3>\r\n            <\/div>\r\n            <p>Test d&#039;Evaluation de Fran\u00e7ais adapt\u00e9 au Qu\u00e9bec (TEFAQ) \u2014 Kanadada frans\u0131zlar\u0131n \u00e7oxluq t\u0259\u015fkil etdiyi Kvebek \u0259yal\u0259tin\u0259 k\u00f6\u00e7 etm\u0259k ist\u0259y\u0259n insanlar \u00fc\u00e7\u00fcn x\u00fcsusi olaraq haz\u0131rlanm\u0131\u015fd\u0131r. Bu test \u0259sas\u0259n dinl\u0259m\u0259 v\u0259 dan\u0131\u015f\u0131q bacar\u0131qlar\u0131na diqq\u0259t yetirir.<\/p>\r\n        <\/div>\r\n    <\/div><\/div>\n","protected":false},"excerpt":{"rendered":"<p>Frans\u0131z Dili Sertifikatlar\u0131<\/p>\n","protected":false},"author":8,"featured_media":75841,"parent":0,"menu_order":0,"comment_status":"closed","ping_status":"closed","template":"LearningContentPage.php","meta":{"_acf_changed":false,"footnotes":""},"class_list":["post-92686","page","type-page","status-publish","has-post-thumbnail","hentry"],"acf":[],"yoast_head":"<!-- This site is optimized with the Yoast SEO Premium plugin v27.2 (Yoast SEO v27.2) - https:\/\/yoast.com\/product\/yoast-seo-premium-wordpress\/ -->\n<title>Frans\u0131z Dili Sertifikatlar\u0131 - Talkpal<\/title>\n<meta name=\"description\" content=\"DeLF, DALF, TEF, TCF kimi \u0259sas frans\u0131z dili sertifikatlar\u0131n\u0131 k\u0259\u015ff edin.\" \/>\n<meta name=\"robots\" content=\"index, follow, max-snippet:-1, max-image-preview:large, max-video-preview:-1\" \/>\n<link rel=\"canonical\" href=\"https:\/\/talkpal.ai\/az\/fransiz-dili-sertifikatlari\/\" \/>\n<meta property=\"og:locale\" content=\"az_AZ\" \/>\n<meta property=\"og:type\" content=\"article\" \/>\n<meta property=\"og:title\" content=\"Frans\u0131z Dili Sertifikatlar\u0131\" \/>\n<meta property=\"og:description\" content=\"Frans\u0131z Dili Sertifikatlar\u0131\" \/>\n<meta property=\"og:url\" content=\"https:\/\/talkpal.ai\/az\/fransiz-dili-sertifikatlari\/\" \/>\n<meta property=\"og:site_name\" content=\"Talkpal\" \/>\n<meta property=\"article:publisher\" content=\"https:\/\/www.facebook.com\/profile.php?id=100090733639311\" \/>\n<meta property=\"article:modified_time\" content=\"2026-01-07T15:08:29+00:00\" \/>\n<meta property=\"og:image\" content=\"https:\/\/talkpal.ai\/wp-content\/uploads\/2023\/03\/france.png\" \/>\n\t<meta property=\"og:image:width\" content=\"512\" \/>\n\t<meta property=\"og:image:height\" content=\"512\" \/>\n\t<meta property=\"og:image:type\" content=\"image\/png\" \/>\n<meta name=\"twitter:card\" content=\"summary_large_image\" \/>\n<meta name=\"twitter:site\" content=\"@talkpalai\" \/>\n<script type=\"application\/ld+json\" class=\"yoast-schema-graph\">{\"@context\":\"https:\/\/schema.org\",\"@graph\":[{\"@type\":\"WebPage\",\"@id\":\"https:\/\/talkpal.ai\/az\/fransiz-dili-sertifikatlari\/\",\"url\":\"https:\/\/talkpal.ai\/az\/fransiz-dili-sertifikatlari\/\",\"name\":\"Frans\u0131z Dili Sertifikatlar\u0131 - Talkpal\",\"isPartOf\":{\"@id\":\"https:\/\/talkpal.ai\/az\/#website\"},\"primaryImageOfPage\":{\"@id\":\"https:\/\/talkpal.ai\/az\/fransiz-dili-sertifikatlari\/#primaryimage\"},\"image\":{\"@id\":\"https:\/\/talkpal.ai\/az\/fransiz-dili-sertifikatlari\/#primaryimage\"},\"thumbnailUrl\":\"https:\/\/talkpal.ai\/wp-content\/uploads\/2023\/03\/france.png\",\"datePublished\":\"2023-12-05T11:40:45+00:00\",\"dateModified\":\"2026-01-07T15:08:29+00:00\",\"description\":\"DeLF, DALF, TEF, TCF kimi \u0259sas frans\u0131z dili sertifikatlar\u0131n\u0131 k\u0259\u015ff edin.\",\"breadcrumb\":{\"@id\":\"https:\/\/talkpal.ai\/az\/fransiz-dili-sertifikatlari\/#breadcrumb\"},\"inLanguage\":\"az\",\"potentialAction\":[{\"@type\":\"ReadAction\",\"target\":[\"https:\/\/talkpal.ai\/az\/fransiz-dili-sertifikatlari\/\"]}]},{\"@type\":\"ImageObject\",\"inLanguage\":\"az\",\"@id\":\"https:\/\/talkpal.ai\/az\/fransiz-dili-sertifikatlari\/#primaryimage\",\"url\":\"https:\/\/talkpal.ai\/wp-content\/uploads\/2023\/03\/france.png\",\"contentUrl\":\"https:\/\/talkpal.ai\/wp-content\/uploads\/2023\/03\/france.png\",\"width\":512,\"height\":512,\"caption\":\"TalkPal AI learn French\"},{\"@type\":\"BreadcrumbList\",\"@id\":\"https:\/\/talkpal.ai\/az\/fransiz-dili-sertifikatlari\/#breadcrumb\",\"itemListElement\":[{\"@type\":\"ListItem\",\"position\":1,\"name\":\"Homepage\",\"item\":\"https:\/\/talkpal.ai\/az\/\"},{\"@type\":\"ListItem\",\"position\":2,\"name\":\"Frans\u0131z Dili Sertifikatlar\u0131\"}]},{\"@type\":\"WebSite\",\"@id\":\"https:\/\/talkpal.ai\/az\/#website\",\"url\":\"https:\/\/talkpal.ai\/az\/\",\"name\":\"Talkpal\",\"description\":\"AI Language Learning\",\"publisher\":{\"@id\":\"https:\/\/talkpal.ai\/az\/#organization\"},\"alternateName\":\"Talkpal AI\",\"potentialAction\":[{\"@type\":\"SearchAction\",\"target\":{\"@type\":\"EntryPoint\",\"urlTemplate\":\"https:\/\/talkpal.ai\/az\/?s={search_term_string}\"},\"query-input\":{\"@type\":\"PropertyValueSpecification\",\"valueRequired\":true,\"valueName\":\"search_term_string\"}}],\"inLanguage\":\"az\"},{\"@type\":\"Organization\",\"@id\":\"https:\/\/talkpal.ai\/az\/#organization\",\"name\":\"Talkpal, Inc.\",\"alternateName\":\"Talkpal AI\",\"url\":\"https:\/\/talkpal.ai\/az\/\",\"logo\":{\"@type\":\"ImageObject\",\"inLanguage\":\"az\",\"@id\":\"https:\/\/talkpal.ai\/az\/#\/schema\/logo\/image\/\",\"url\":\"https:\/\/talkpal.ai\/wp-content\/uploads\/2024\/03\/Talkpal-Logo-Icon.png\",\"contentUrl\":\"https:\/\/talkpal.ai\/wp-content\/uploads\/2024\/03\/Talkpal-Logo-Icon.png\",\"width\":2880,\"height\":2880,\"caption\":\"Talkpal, Inc.\"},\"image\":{\"@id\":\"https:\/\/talkpal.ai\/az\/#\/schema\/logo\/image\/\"},\"sameAs\":[\"https:\/\/www.facebook.com\/profile.php?id=100090733639311\",\"https:\/\/x.com\/talkpalai\",\"https:\/\/www.linkedin.com\/company\/talkpal\/\",\"https:\/\/www.youtube.com\/@TalkPal\/\",\"https:\/\/www.tiktok.com\/@talkpal\",\"https:\/\/www.instagram.com\/talkpal_ai\/\",\"https:\/\/www.crunchbase.com\/organization\/talkpal-9cde\",\"https:\/\/www.g2.com\/products\/talkpal-for-business\/\",\"https:\/\/www.trustpilot.com\/review\/talkpal.ai\",\"https:\/\/www.capterra.com\/p\/10006800\/TalkPal\/\"],\"description\":\"Talkpal is a language learning web and mobile education app, powered by the latest AI technologies, that provides engaging experiences to its customers in many different languages to help them improve their language skills. Users can chat about unlimited amount of topics with the app and use other modes to practice their language learning.\",\"email\":\"support@talkpal.ai\",\"legalName\":\"Talkpal, Inc.\",\"foundingDate\":\"2023-04-03\",\"duns\":\"118989042\",\"numberOfEmployees\":{\"@type\":\"QuantitativeValue\",\"minValue\":\"11\",\"maxValue\":\"50\"},\"publishingPrinciples\":\"https:\/\/talkpal.ai\/publishing-principles\/\",\"actionableFeedbackPolicy\":\"https:\/\/talkpal.ai\/actionable-feedback-policy\/\",\"correctionsPolicy\":\"https:\/\/talkpal.ai\/corrections-policy\/\",\"ethicsPolicy\":\"https:\/\/talkpal.ai\/ethics-policy\/\",\"diversityPolicy\":\"https:\/\/talkpal.ai\/diversity-policy\/\",\"diversityStaffingReport\":\"https:\/\/talkpal.ai\/diversity-policy\/\"}]}<\/script>\n<!-- \/ Yoast SEO Premium plugin. -->","yoast_head_json":{"title":"Frans\u0131z Dili Sertifikatlar\u0131 - Talkpal","description":"DeLF, DALF, TEF, TCF kimi \u0259sas frans\u0131z dili sertifikatlar\u0131n\u0131 k\u0259\u015ff edin.","robots":{"index":"index","follow":"follow","max-snippet":"max-snippet:-1","max-image-preview":"max-image-preview:large","max-video-preview":"max-video-preview:-1"},"canonical":"https:\/\/talkpal.ai\/az\/fransiz-dili-sertifikatlari\/","og_locale":"az_AZ","og_type":"article","og_title":"Frans\u0131z Dili Sertifikatlar\u0131","og_description":"Frans\u0131z Dili Sertifikatlar\u0131","og_url":"https:\/\/talkpal.ai\/az\/fransiz-dili-sertifikatlari\/","og_site_name":"Talkpal","article_publisher":"https:\/\/www.facebook.com\/profile.php?id=100090733639311","article_modified_time":"2026-01-07T15:08:29+00:00","og_image":[{"width":512,"height":512,"url":"https:\/\/talkpal.ai\/wp-content\/uploads\/2023\/03\/france.png","type":"image\/png"}],"twitter_card":"summary_large_image","twitter_site":"@talkpalai","schema":{"@context":"https:\/\/schema.org","@graph":[{"@type":"WebPage","@id":"https:\/\/talkpal.ai\/az\/fransiz-dili-sertifikatlari\/","url":"https:\/\/talkpal.ai\/az\/fransiz-dili-sertifikatlari\/","name":"Frans\u0131z Dili Sertifikatlar\u0131 - Talkpal","isPartOf":{"@id":"https:\/\/talkpal.ai\/az\/#website"},"primaryImageOfPage":{"@id":"https:\/\/talkpal.ai\/az\/fransiz-dili-sertifikatlari\/#primaryimage"},"image":{"@id":"https:\/\/talkpal.ai\/az\/fransiz-dili-sertifikatlari\/#primaryimage"},"thumbnailUrl":"https:\/\/talkpal.ai\/wp-content\/uploads\/2023\/03\/france.png","datePublished":"2023-12-05T11:40:45+00:00","dateModified":"2026-01-07T15:08:29+00:00","description":"DeLF, DALF, TEF, TCF kimi \u0259sas frans\u0131z dili sertifikatlar\u0131n\u0131 k\u0259\u015ff edin.","breadcrumb":{"@id":"https:\/\/talkpal.ai\/az\/fransiz-dili-sertifikatlari\/#breadcrumb"},"inLanguage":"az","potentialAction":[{"@type":"ReadAction","target":["https:\/\/talkpal.ai\/az\/fransiz-dili-sertifikatlari\/"]}]},{"@type":"ImageObject","inLanguage":"az","@id":"https:\/\/talkpal.ai\/az\/fransiz-dili-sertifikatlari\/#primaryimage","url":"https:\/\/talkpal.ai\/wp-content\/uploads\/2023\/03\/france.png","contentUrl":"https:\/\/talkpal.ai\/wp-content\/uploads\/2023\/03\/france.png","width":512,"height":512,"caption":"TalkPal AI learn French"},{"@type":"BreadcrumbList","@id":"https:\/\/talkpal.ai\/az\/fransiz-dili-sertifikatlari\/#breadcrumb","itemListElement":[{"@type":"ListItem","position":1,"name":"Homepage","item":"https:\/\/talkpal.ai\/az\/"},{"@type":"ListItem","position":2,"name":"Frans\u0131z Dili Sertifikatlar\u0131"}]},{"@type":"WebSite","@id":"https:\/\/talkpal.ai\/az\/#website","url":"https:\/\/talkpal.ai\/az\/","name":"Talkpal","description":"AI Language Learning","publisher":{"@id":"https:\/\/talkpal.ai\/az\/#organization"},"alternateName":"Talkpal AI","potentialAction":[{"@type":"SearchAction","target":{"@type":"EntryPoint","urlTemplate":"https:\/\/talkpal.ai\/az\/?s={search_term_string}"},"query-input":{"@type":"PropertyValueSpecification","valueRequired":true,"valueName":"search_term_string"}}],"inLanguage":"az"},{"@type":"Organization","@id":"https:\/\/talkpal.ai\/az\/#organization","name":"Talkpal, Inc.","alternateName":"Talkpal AI","url":"https:\/\/talkpal.ai\/az\/","logo":{"@type":"ImageObject","inLanguage":"az","@id":"https:\/\/talkpal.ai\/az\/#\/schema\/logo\/image\/","url":"https:\/\/talkpal.ai\/wp-content\/uploads\/2024\/03\/Talkpal-Logo-Icon.png","contentUrl":"https:\/\/talkpal.ai\/wp-content\/uploads\/2024\/03\/Talkpal-Logo-Icon.png","width":2880,"height":2880,"caption":"Talkpal, Inc."},"image":{"@id":"https:\/\/talkpal.ai\/az\/#\/schema\/logo\/image\/"},"sameAs":["https:\/\/www.facebook.com\/profile.php?id=100090733639311","https:\/\/x.com\/talkpalai","https:\/\/www.linkedin.com\/company\/talkpal\/","https:\/\/www.youtube.com\/@TalkPal\/","https:\/\/www.tiktok.com\/@talkpal","https:\/\/www.instagram.com\/talkpal_ai\/","https:\/\/www.crunchbase.com\/organization\/talkpal-9cde","https:\/\/www.g2.com\/products\/talkpal-for-business\/","https:\/\/www.trustpilot.com\/review\/talkpal.ai","https:\/\/www.capterra.com\/p\/10006800\/TalkPal\/"],"description":"Talkpal is a language learning web and mobile education app, powered by the latest AI technologies, that provides engaging experiences to its customers in many different languages to help them improve their language skills. Users can chat about unlimited amount of topics with the app and use other modes to practice their language learning.","email":"support@talkpal.ai","legalName":"Talkpal, Inc.","foundingDate":"2023-04-03","duns":"118989042","numberOfEmployees":{"@type":"QuantitativeValue","minValue":"11","maxValue":"50"},"publishingPrinciples":"https:\/\/talkpal.ai\/publishing-principles\/","actionableFeedbackPolicy":"https:\/\/talkpal.ai\/actionable-feedback-policy\/","correctionsPolicy":"https:\/\/talkpal.ai\/corrections-policy\/","ethicsPolicy":"https:\/\/talkpal.ai\/ethics-policy\/","diversityPolicy":"https:\/\/talkpal.ai\/diversity-policy\/","diversityStaffingReport":"https:\/\/talkpal.ai\/diversity-policy\/"}]}},"_links":{"self":[{"href":"https:\/\/talkpal.ai\/az\/wp-json\/wp\/v2\/pages\/92686","targetHints":{"allow":["GET"]}}],"collection":[{"href":"https:\/\/talkpal.ai\/az\/wp-json\/wp\/v2\/pages"}],"about":[{"href":"https:\/\/talkpal.ai\/az\/wp-json\/wp\/v2\/types\/page"}],"author":[{"embeddable":true,"href":"https:\/\/talkpal.ai\/az\/wp-json\/wp\/v2\/users\/8"}],"replies":[{"embeddable":true,"href":"https:\/\/talkpal.ai\/az\/wp-json\/wp\/v2\/comments?post=92686"}],"version-history":[{"count":0,"href":"https:\/\/talkpal.ai\/az\/wp-json\/wp\/v2\/pages\/92686\/revisions"}],"wp:featuredmedia":[{"embeddable":true,"href":"https:\/\/talkpal.ai\/az\/wp-json\/wp\/v2\/media\/75841"}],"wp:attachment":[{"href":"https:\/\/talkpal.ai\/az\/wp-json\/wp\/v2\/media?parent=92686"}],"curies":[{"name":"wp","href":"https:\/\/api.w.org\/{rel}","templated":true}]}}