{"id":91994,"date":"2023-06-14T13:25:23","date_gmt":"2023-06-14T13:25:23","guid":{"rendered":"http:\/\/talkpal.ai\/ingilis-dilinin-qrammatikasi-m%c9%99sql%c9%99ri\/"},"modified":"2025-12-17T16:36:19","modified_gmt":"2025-12-17T16:36:19","slug":"ingilis-dilinin-qrammatikasi-m%c9%99sql%c9%99ri","status":"publish","type":"page","link":"https:\/\/talkpal.ai\/az\/ingilis-dilinin-qrammatikasi-m%c9%99sql%c9%99ri\/","title":{"rendered":"Ingilis dilinin qrammatikas\u0131 m\u0259\u015fql\u0259ri"},"content":{"rendered":"\r\n\r\n\r\n<section class=\"languageChallengeSection\">\r\n    <div class=\"languageInfoWrapper\">\r\n        \r\n        <h1>Ingilis dilinin qrammatikas\u0131 m\u0259\u015fql\u0259ri<\/h1>\r\n        <p>\u0130ngilis dilin\u0259 inam\u0131n\u0131z\u0131 art\u0131rmaq ist\u0259yirsiniz? Qrammatik m\u0259\u015fql\u0259ri m\u0259\u015fq etm\u0259k qrammatika qaydalar\u0131 haqq\u0131nda anlay\u0131\u015f\u0131n\u0131z\u0131 yax\u015f\u0131la\u015fd\u0131rmaq, fell\u0259rd\u0259n d\u00fczg\u00fcn istifad\u0259 etm\u0259k v\u0259 l\u00fc\u011f\u0259tinizi geni\u015fl\u0259ndirm\u0259k \u00fc\u00e7\u00fcn \u0259la yoldur. Bu g\u00fcn ingilis dilinin qrammatikas\u0131 \u00fcz\u0259rind\u0259 i\u015fl\u0259m\u0259y\u0259 ba\u015flay\u0131n v\u0259 h\u0259r m\u0259\u015fql\u0259 bacar\u0131qlar\u0131n\u0131z\u0131n v\u0259 s\u0259lisliyiniz artd\u0131\u011f\u0131n\u0131 g\u00f6r\u00fcn!\n\n<\/p>\r\n\r\n                            <a class=\"getStartedHidden\" href=\"https:\/\/app.talkpal.ai\/signup?lng=\">Ba\u015fla<\/a>\r\n        \r\n    <\/div>\r\n\r\n    <figure>\r\n    <img decoding=\"async\" width=\"768\" height=\"768\" src=\"https:\/\/talkpal.ai\/wp-content\/uploads\/2023\/06\/English-768x768.png\" class=\"languageImage no-lazy\" alt=\"Language learning for improved multitasking\" fetchpriority=\"high\" sizes=\"(max-width: 768px) 150px, 768px\" srcset=\"https:\/\/talkpal.ai\/wp-content\/uploads\/2023\/06\/English-768x768.png 768w, https:\/\/talkpal.ai\/wp-content\/uploads\/2023\/06\/English-300x300.png 300w\" \/>\r\n    \r\n\r\n    <\/figure>\r\n\r\n            <a class=\"getStartedVisible\" href=\"https:\/\/app.talkpal.ai\/signup?lng=\">Ba\u015fla<\/a>\r\n    \r\n<\/section>\r\n\r\n\r\n<!-- <section class=\"grammarSection\">\r\n    <div class=\"grammarLinks\">\r\n            <\/div>\r\n<\/section> -->\r\n\r\n\r\n\r\n\r\n<section class=\"promotionalBanner\">\r\n    <p class=\"promotionalText\">Dil \u00f6yr\u0259nm\u0259yin \u0259n t\u0259sirli yolu<\/p>\r\n    <a class=\"promotionalLink\" href=\"https:\/\/app.talkpal.ai\/signup?lng=\">Talkpal pulsuz s\u0131nay\u0131n<\/a>\r\n<\/section>\n<div class=\"wp-block-group pageContainerStyle\"><div class=\"wp-block-group__inner-container is-layout-constrained wp-block-group-is-layout-constrained\">\n<h2 class=\"wp-block-heading\" id=\"h-english-grammar-topics\">\u0130ngilis dilinin qrammatikas\u0131 m\u00f6vzular\u0131<\/h2>\n\n\n\n<p>\u0130ngilis dilinin qrammatikas\u0131 \u2013 ingilis dilinin strukturunu m\u00fc\u0259yy\u0259n ed\u0259n qaydalar v\u0259 qaydalar d\u0259sti. Bu, bir &#8211; birimiz\u0259 ayd\u0131n v\u0259 effektiv \u015f\u0259kild\u0259 \u00fcnsiyy\u0259t qurma\u011fa imkan verir. \u0130ngilis dilini \u00f6yr\u0259n\u0259rk\u0259n qrammatikan\u0131 ba\u015fa d\u00fc\u015fm\u0259k g\u00fccl\u00fc oxumaq, yazmaq v\u0259 natiqlik bacar\u0131\u011f\u0131n\u0131 inki\u015faf etdirm\u0259k \u00fc\u00e7\u00fcn z\u0259ruridir. Bu s\u0259f\u0259r adjectives, adverbs, articles, conditionals, nouns, prepositions, pronouns\/determinrs, c\u00fcml\u0259l\u0259r, g\u0259rgin m\u00fcqayis\u0259, g\u0259rginlik v\u0259 feill\u0259r kimi qrammatikan\u0131n m\u00fcxt\u0259lif komponentl\u0259rini \u0259hat\u0259 ed\u0259c\u0259kdir. \u0130ngilis dilinin qrammatikas\u0131n\u0131 \u00f6yr\u0259nm\u0259yi daha effektiv v\u0259 z\u00f6vql\u00fc etm\u0259k \u00fc\u00e7\u00fcn bu m\u00f6vzular\u0131n h\u0259r birini t\u0259klif olunan ard\u0131c\u0131ll\u0131qla ara\u015fd\u0131raq.<\/p>\n\n\n\n<h3 class=\"wp-block-heading\" id=\"h-1-nouns\">1. Nouns:<\/h3>\n\n\n\n<p>\u0130ngilis dilinin qrammatikas\u0131 \u0259n \u0259sas bina bloklar\u0131d\u0131r. Onlar insanlar\u0131, m\u0259kanlar\u0131, \u015feyl\u0259ri v\u0259 ya fikirl\u0259ri bildir\u0259n s\u00f6zl\u0259rdir. C\u00fcml\u0259l\u0259rin \u0259m\u0259l\u0259 g\u0259lm\u0259si v\u0259 dild\u0259 m\u0259na ifad\u0259 etm\u0259si \u00fc\u00e7\u00fcn noun anlay\u0131\u015f\u0131 \u00e7ox vacibdir.<\/p>\n\n\n\n<h3 class=\"wp-block-heading\" id=\"h-2-pronouns-determiners\">2. Pronouns\/Determinl\u0259r:<\/h3>\n\n\n\n<p>Bu, n\u00f6vb\u0259ti add\u0131md\u0131r. Pronouns t\u0259krarlanmamaq \u00fc\u00e7\u00fcn c\u00fcml\u0259d\u0259 nounlar\u0131 \u0259v\u0259z edir, determinl\u0259r is\u0259 k\u0259miyy\u0259t v\u0259 ya sahiblik kimi noun haqq\u0131nda m\u0259lumat verirl\u0259r.<\/p>\n\n\n\n<h3 class=\"wp-block-heading\" id=\"h-3-verbs\">3. Feill\u0259r:<\/h3>\n\n\n\n<p>Verbs \u2014 isiml\u0259rin n\u0259 etdiyini v\u0259 ya ba\u015f verdiyini bildir\u0259n h\u0259r\u0259k\u0259t s\u00f6zl\u0259ridir. Onlar ist\u0259nil\u0259n c\u00fcml\u0259nin h\u0259lledici hiss\u0259sidir v\u0259 onlar\u0131n nec\u0259 f\u0259aliyy\u0259t g\u00f6st\u0259rdiyini ba\u015fa d\u00fc\u015fm\u0259k ayd\u0131n v\u0259 s\u0131x ifad\u0259l\u0259r yaratmaq \u00fc\u00e7\u00fcn z\u0259ruridir.<\/p>\n\n\n\n<h3 class=\"wp-block-heading\" id=\"h-4-adjectives\">4. Adjectives:<\/h3>\n\n\n\n<p>Adjectives nouns t\u0259svir v\u0259 ya d\u0259yi\u015fdirm\u0259k, onlar\u0131n x\u00fcsusiyy\u0259tl\u0259ri v\u0259 ya x\u00fcsusiyy\u0259tl\u0259ri haqq\u0131nda daha \u00e7ox m\u0259lumat verir. Adjectives-l\u0259rd\u0259n s\u0259m\u0259r\u0259li istifad\u0259 etm\u0259yi \u00f6yr\u0259nm\u0259k sizin ingilis dilind\u0259 \u00fcnsiyy\u0259t qurmaq qabiliyy\u0259tinizi art\u0131racaq.<\/p>\n\n\n\n<h3 class=\"wp-block-heading\" id=\"h-5-adverbs\">5. Adverbl\u0259r:<\/h3>\n\n\n\n<p>Adverbs adjectives ox\u015far, lakin feil, adjectives v\u0259 ya dig\u0259r adverbs d\u0259yi\u015fdirm\u0259k. Onlar \u00e7ox vaxt h\u0259r\u0259k\u0259tin nec\u0259, n\u0259 vaxt v\u0259 harada ba\u015f verdiyind\u0259n b\u0259hs edir. Adverbl\u0259rd\u0259n istifad\u0259 etm\u0259yi bilm\u0259k ingilis dili \u00fcnsiyy\u0259tiniz\u0259 d\u0259rinlik v\u0259 detal \u0259lav\u0259 ed\u0259c\u0259k.<\/p>\n\n\n\n<h3 class=\"wp-block-heading\" id=\"h-6-prepositions\">6. Prepozisiyalar:<\/h3>\n\n\n\n<p>Prepozisiyalar &#8211; c\u00fcml\u0259d\u0259 noun, t\u0259l\u0259ff\u00fcz v\u0259 ba\u015fqa s\u00f6zl\u0259rin \u0259laq\u0259sini g\u00f6st\u0259r\u0259n s\u00f6zl\u0259rdir. Onlar konteksti, m\u0259s\u0259l\u0259n, yeri, vaxt\u0131 v\u0259 ya istiqam\u0259ti t\u0259min etm\u0259y\u0259 k\u00f6m\u0259k edir.<\/p>\n\n\n\n<h3 class=\"wp-block-heading\" id=\"h-7-articles\">7. M\u0259qal\u0259l\u0259r:<\/h3>\n\n\n\n<p>M\u0259qal\u0259l\u0259r m\u00fc\u0259yy\u0259n v\u0259 ya m\u00fcdd\u0259tsiz olub-olmamas\u0131n\u0131 m\u00fc\u0259yy\u0259n ed\u0259n determiner n\u00f6v\u00fcd\u00fcr. Onlar c\u00fcml\u0259nin d\u00fczg\u00fcn \u0259m\u0259l\u0259 g\u0259lm\u0259si \u00fc\u00e7\u00fcn vacibdir v\u0259 ifad\u0259nin m\u0259nas\u0131n\u0131 ayd\u0131nla\u015fd\u0131rma\u011fa k\u00f6m\u0259k edir.<\/p>\n\n\n\n<h3 class=\"wp-block-heading\" id=\"h-8-tenses\">8. G\u0259rginlikl\u0259r:<\/h3>\n\n\n\n<p>G\u0259rginlikl\u0259r h\u0259r\u0259k\u0259tin v\u0259 ya varl\u0131\u011f\u0131n hal\u0131n\u0131n vaxt\u0131n\u0131 g\u00f6st\u0259rir. \u0130ngilis dilind\u0259 m\u00fcxt\u0259lif zamanlar\u0131 \u00f6yr\u0259nm\u0259k, ke\u00e7mi\u015fi, indiki v\u0259 ya g\u0259l\u0259c\u0259yi m\u00fczakir\u0259 etm\u0259yinizd\u0259n as\u0131l\u0131 olmayaraq, \u00f6z\u00fcn\u00fcz\u00fc d\u0259qiq ifad\u0259 etm\u0259y\u0259 imkan ver\u0259c\u0259kdir.<\/p>\n\n\n\n<h3 class=\"wp-block-heading\" id=\"h-9-tense-comparison\">9. G\u0259rgin m\u00fcqayis\u0259:<\/h3>\n\n\n\n<p>G\u0259rgin m\u00fcqayis\u0259ni ba\u015fa d\u00fc\u015fm\u0259k m\u00fcxt\u0259lif zaman h\u0259dl\u0259rind\u0259 h\u0259r\u0259k\u0259tl\u0259ri v\u0259 ya \u015ftatlar\u0131 m\u00fcqayis\u0259 etm\u0259k \u00fc\u00e7\u00fcn vacibdir. Bu bacar\u0131q m\u00fcr\u0259kk\u0259b fikirl\u0259rin \u00fcnsiyy\u0259t qurmas\u0131na v\u0259 ingilis dilinin qrammatikas\u0131 haqq\u0131nda daha m\u00fct\u0259r\u0259qqi anlay\u0131\u015f\u0131n formala\u015fmas\u0131na k\u00f6m\u0259k ed\u0259c\u0259k.<\/p>\n\n\n\n<h3 class=\"wp-block-heading\" id=\"h-10-sentences\">10. C\u00fcml\u0259l\u0259r:<\/h3>\n\n\n\n<p>C\u00fcml\u0259l\u0259r ingilis dilind\u0259 yaz\u0131l\u0131 v\u0259 \u015fifahi \u00fcnsiyy\u0259tin \u0259sas\u0131d\u0131r. C\u00fcml\u0259 qurulu\u015fu haqq\u0131nda \u00f6yr\u0259n\u0259r\u0259k isiml\u0259r, feill\u0259r v\u0259 dig\u0259r qrammatika komponentl\u0259ri haqq\u0131nda biliyin say\u0259sind\u0259 fikirl\u0259rini dild\u0259 m\u0259har\u0259tl\u0259 \u00e7atd\u0131ra bil\u0259c\u0259ks\u0259n.<\/p>\n\n\n\n<h3 class=\"wp-block-heading\" id=\"h-11-conditionals\">11. \u015e\u0259rti olaraq:<\/h3>\n\n\n\n<p>\u015e\u0259rt \u015f\u0259rt v\u0259 onun potensial n\u0259tic\u0259sini ifad\u0259 ed\u0259n c\u00fcml\u0259l\u0259rdir. Onlar ingilis dilinin qrammatikas\u0131 \u00fczr\u0259 inki\u015faf etmi\u015f aspektdir. Bu, hipotetik v\u0259ziyy\u0259tl\u0259ri v\u0259 m\u00fcr\u0259kk\u0259b fikirl\u0259ri ifad\u0259 etm\u0259y\u0259 k\u00f6m\u0259k ed\u0259c\u0259k.<\/p>\n<\/div><\/div>\n\r\n<section class=\"learnNavigationSection\">\r\n            \r\n        <a href=\"https:\/\/talkpal.ai\/az\/ingilis-dilini-oyr%c9%99nin\/\">\r\n            <div class=\"learnNavigationWrapper\">\r\n                <div class=\"learnNavigationContent\">\r\n                    <img decoding=\"async\" src=\"https:\/\/talkpal.ai\/wp-content\/uploads\/2024\/08\/English.jpg\" alt=\"English Flag\">\r\n                    <div>\r\n                        <h4>\u0130ngilis dilinin \u00f6yr\u0259nilm\u0259si haqq\u0131nda<\/h4>\r\n                        <p>\u0130ngilis qrammatikas\u0131 haqq\u0131nda h\u0259r \u015feyi \u00f6yr\u0259nin.<\/p>\r\n                    <\/div>\r\n                <\/div>\r\n            <\/div>\r\n        <\/a>\r\n\r\n        \r\n        <a href=\"https:\/\/talkpal.ai\/az\/ingilis-dilinin-qrammatikasi\/\">\r\n            <div class=\"learnNavigationWrapper\">\r\n                <div class=\"learnNavigationContent\">\r\n                    <img decoding=\"async\" src=\"https:\/\/talkpal.ai\/wp-content\/uploads\/2024\/08\/English.jpg\" alt=\"English Flag\">\r\n                    <div>\r\n                        <h4>\u0130ngilis dili qrammatikas\u0131 d\u0259rsl\u0259ri<\/h4>\r\n                        <p>\u0130ngilis dilinin qrammatikas\u0131n\u0131 m\u0259\u015fq edin.<\/p>\r\n                    <\/div>\r\n                <\/div>\r\n            <\/div>\r\n        <\/a>\r\n\r\n        \r\n        <a href=\"https:\/\/talkpal.ai\/vocabulary_language\/english\/\">\r\n            <div class=\"learnNavigationWrapper\">\r\n                <div class=\"learnNavigationContent\">\r\n                    <img decoding=\"async\" src=\"https:\/\/talkpal.ai\/wp-content\/uploads\/2024\/08\/English.jpg\" alt=\"English Flag\">\r\n                    <div>\r\n                        <h4>\u0130ngilis dili l\u00fc\u011f\u0259ti<\/h4>\r\n                        <p>\u0130ngilis dili l\u00fc\u011f\u0259tinizi geni\u015fl\u0259ndirin.<\/p>\r\n                    <\/div>\r\n                <\/div>\r\n            <\/div>\r\n        <\/a>\r\n\r\n            <\/section>","protected":false},"excerpt":{"rendered":"<p>\u0130ngilis dilinin qrammatikas\u0131 m\u00f6vzular\u0131 \u0130ngilis dilinin qrammatikas\u0131 \u2013 ingilis dilinin strukturunu m\u00fc\u0259yy\u0259n ed\u0259n qaydalar v\u0259 qaydalar d\u0259sti. Bu, bir &#8211; birimiz\u0259 ayd\u0131n v\u0259 effektiv \u015f\u0259kild\u0259 \u00fcnsiyy\u0259t qurma\u011fa imkan verir. \u0130ngilis dilini \u00f6yr\u0259n\u0259rk\u0259n qrammatikan\u0131 ba\u015fa d\u00fc\u015fm\u0259k g\u00fccl\u00fc oxumaq, yazmaq v\u0259 natiqlik bacar\u0131\u011f\u0131n\u0131 inki\u015faf etdirm\u0259k \u00fc\u00e7\u00fcn z\u0259ruridir. Bu s\u0259f\u0259r adjectives, adverbs, articles, conditionals, nouns, prepositions, pronouns\/determinrs, c\u00fcml\u0259l\u0259r, [&hellip;]<\/p>\n","protected":false},"author":1,"featured_media":64430,"parent":0,"menu_order":0,"comment_status":"closed","ping_status":"closed","template":"LearningContentPage.php","meta":{"_acf_changed":false,"footnotes":""},"class_list":["post-91994","page","type-page","status-publish","has-post-thumbnail","hentry"],"acf":[],"yoast_head":"<!-- This site is optimized with the Yoast SEO Premium plugin v27.2 (Yoast SEO v27.2) - https:\/\/yoast.com\/product\/yoast-seo-premium-wordpress\/ -->\n<title>Ingilis dilinin qrammatikas\u0131 m\u0259\u015fql\u0259ri - Talkpal<\/title>\n<meta name=\"description\" content=\"Effektiv Talkpal -\u0131n qrammatik m\u0259\u015fql\u0259ri il\u0259 ingilis dili bacar\u0131qlar\u0131n\u0131z\u0131 art\u0131r\u0131n. Dil bilikl\u0259rinizi indi t\u0259kmill\u0259\u015fdirin!\" \/>\n<meta name=\"robots\" content=\"index, follow, max-snippet:-1, max-image-preview:large, max-video-preview:-1\" \/>\n<link rel=\"canonical\" href=\"https:\/\/talkpal.ai\/az\/ingilis-dilinin-qrammatikasi-m%c9%99sql%c9%99ri\/\" \/>\n<meta property=\"og:locale\" content=\"az_AZ\" \/>\n<meta property=\"og:type\" content=\"article\" \/>\n<meta property=\"og:title\" content=\"Ingilis dilinin qrammatikas\u0131 m\u0259\u015fql\u0259ri\" \/>\n<meta property=\"og:description\" content=\"\u0130ngilis dilinin qrammatikas\u0131 m\u00f6vzular\u0131 \u0130ngilis dilinin qrammatikas\u0131 \u2013 ingilis dilinin strukturunu m\u00fc\u0259yy\u0259n ed\u0259n qaydalar v\u0259 qaydalar d\u0259sti. Bu, bir -\" \/>\n<meta property=\"og:url\" content=\"https:\/\/talkpal.ai\/az\/ingilis-dilinin-qrammatikasi-m%c9%99sql%c9%99ri\/\" \/>\n<meta property=\"og:site_name\" content=\"Talkpal\" \/>\n<meta property=\"article:publisher\" content=\"https:\/\/www.facebook.com\/profile.php?id=100090733639311\" \/>\n<meta property=\"article:modified_time\" content=\"2025-12-17T16:36:19+00:00\" \/>\n<meta property=\"og:image\" content=\"https:\/\/talkpal.ai\/wp-content\/uploads\/2023\/03\/united-kingdom.png\" \/>\n\t<meta property=\"og:image:width\" content=\"512\" \/>\n\t<meta property=\"og:image:height\" content=\"512\" \/>\n\t<meta property=\"og:image:type\" content=\"image\/png\" \/>\n<meta name=\"twitter:card\" content=\"summary_large_image\" \/>\n<meta name=\"twitter:site\" content=\"@talkpalai\" \/>\n<meta name=\"twitter:label1\" content=\"Est. reading time\" \/>\n\t<meta name=\"twitter:data1\" content=\"4 minutes\" \/>\n<script type=\"application\/ld+json\" class=\"yoast-schema-graph\">{\"@context\":\"https:\/\/schema.org\",\"@graph\":[{\"@type\":\"WebPage\",\"@id\":\"https:\/\/talkpal.ai\/az\/ingilis-dilinin-qrammatikasi-m%c9%99sql%c9%99ri\/\",\"url\":\"https:\/\/talkpal.ai\/az\/ingilis-dilinin-qrammatikasi-m%c9%99sql%c9%99ri\/\",\"name\":\"Ingilis dilinin qrammatikas\u0131 m\u0259\u015fql\u0259ri - Talkpal\",\"isPartOf\":{\"@id\":\"https:\/\/talkpal.ai\/az\/#website\"},\"primaryImageOfPage\":{\"@id\":\"https:\/\/talkpal.ai\/az\/ingilis-dilinin-qrammatikasi-m%c9%99sql%c9%99ri\/#primaryimage\"},\"image\":{\"@id\":\"https:\/\/talkpal.ai\/az\/ingilis-dilinin-qrammatikasi-m%c9%99sql%c9%99ri\/#primaryimage\"},\"thumbnailUrl\":\"https:\/\/talkpal.ai\/wp-content\/uploads\/2023\/03\/united-kingdom.png\",\"datePublished\":\"2023-06-14T13:25:23+00:00\",\"dateModified\":\"2025-12-17T16:36:19+00:00\",\"description\":\"Effektiv Talkpal -\u0131n qrammatik m\u0259\u015fql\u0259ri il\u0259 ingilis dili bacar\u0131qlar\u0131n\u0131z\u0131 art\u0131r\u0131n. Dil bilikl\u0259rinizi indi t\u0259kmill\u0259\u015fdirin!\",\"breadcrumb\":{\"@id\":\"https:\/\/talkpal.ai\/az\/ingilis-dilinin-qrammatikasi-m%c9%99sql%c9%99ri\/#breadcrumb\"},\"inLanguage\":\"az\",\"potentialAction\":[{\"@type\":\"ReadAction\",\"target\":[\"https:\/\/talkpal.ai\/az\/ingilis-dilinin-qrammatikasi-m%c9%99sql%c9%99ri\/\"]}]},{\"@type\":\"ImageObject\",\"inLanguage\":\"az\",\"@id\":\"https:\/\/talkpal.ai\/az\/ingilis-dilinin-qrammatikasi-m%c9%99sql%c9%99ri\/#primaryimage\",\"url\":\"https:\/\/talkpal.ai\/wp-content\/uploads\/2023\/03\/united-kingdom.png\",\"contentUrl\":\"https:\/\/talkpal.ai\/wp-content\/uploads\/2023\/03\/united-kingdom.png\",\"width\":512,\"height\":512,\"caption\":\"TalkPal AI learn English\"},{\"@type\":\"BreadcrumbList\",\"@id\":\"https:\/\/talkpal.ai\/az\/ingilis-dilinin-qrammatikasi-m%c9%99sql%c9%99ri\/#breadcrumb\",\"itemListElement\":[{\"@type\":\"ListItem\",\"position\":1,\"name\":\"Homepage\",\"item\":\"https:\/\/talkpal.ai\/az\/\"},{\"@type\":\"ListItem\",\"position\":2,\"name\":\"Ingilis dilinin qrammatikas\u0131 m\u0259\u015fql\u0259ri\"}]},{\"@type\":\"WebSite\",\"@id\":\"https:\/\/talkpal.ai\/az\/#website\",\"url\":\"https:\/\/talkpal.ai\/az\/\",\"name\":\"Talkpal\",\"description\":\"AI Language Learning\",\"publisher\":{\"@id\":\"https:\/\/talkpal.ai\/az\/#organization\"},\"alternateName\":\"Talkpal AI\",\"potentialAction\":[{\"@type\":\"SearchAction\",\"target\":{\"@type\":\"EntryPoint\",\"urlTemplate\":\"https:\/\/talkpal.ai\/az\/?s={search_term_string}\"},\"query-input\":{\"@type\":\"PropertyValueSpecification\",\"valueRequired\":true,\"valueName\":\"search_term_string\"}}],\"inLanguage\":\"az\"},{\"@type\":\"Organization\",\"@id\":\"https:\/\/talkpal.ai\/az\/#organization\",\"name\":\"Talkpal, Inc.\",\"alternateName\":\"Talkpal AI\",\"url\":\"https:\/\/talkpal.ai\/az\/\",\"logo\":{\"@type\":\"ImageObject\",\"inLanguage\":\"az\",\"@id\":\"https:\/\/talkpal.ai\/az\/#\/schema\/logo\/image\/\",\"url\":\"https:\/\/talkpal.ai\/wp-content\/uploads\/2024\/03\/Talkpal-Logo-Icon.png\",\"contentUrl\":\"https:\/\/talkpal.ai\/wp-content\/uploads\/2024\/03\/Talkpal-Logo-Icon.png\",\"width\":2880,\"height\":2880,\"caption\":\"Talkpal, Inc.\"},\"image\":{\"@id\":\"https:\/\/talkpal.ai\/az\/#\/schema\/logo\/image\/\"},\"sameAs\":[\"https:\/\/www.facebook.com\/profile.php?id=100090733639311\",\"https:\/\/x.com\/talkpalai\",\"https:\/\/www.linkedin.com\/company\/talkpal\/\",\"https:\/\/www.youtube.com\/@TalkPal\/\",\"https:\/\/www.tiktok.com\/@talkpal\",\"https:\/\/www.instagram.com\/talkpal_ai\/\",\"https:\/\/www.crunchbase.com\/organization\/talkpal-9cde\",\"https:\/\/www.g2.com\/products\/talkpal-for-business\/\",\"https:\/\/www.trustpilot.com\/review\/talkpal.ai\",\"https:\/\/www.capterra.com\/p\/10006800\/TalkPal\/\"],\"description\":\"Talkpal is a language learning web and mobile education app, powered by the latest AI technologies, that provides engaging experiences to its customers in many different languages to help them improve their language skills. Users can chat about unlimited amount of topics with the app and use other modes to practice their language learning.\",\"email\":\"support@talkpal.ai\",\"legalName\":\"Talkpal, Inc.\",\"foundingDate\":\"2023-04-03\",\"duns\":\"118989042\",\"numberOfEmployees\":{\"@type\":\"QuantitativeValue\",\"minValue\":\"11\",\"maxValue\":\"50\"},\"publishingPrinciples\":\"https:\/\/talkpal.ai\/publishing-principles\/\",\"actionableFeedbackPolicy\":\"https:\/\/talkpal.ai\/actionable-feedback-policy\/\",\"correctionsPolicy\":\"https:\/\/talkpal.ai\/corrections-policy\/\",\"ethicsPolicy\":\"https:\/\/talkpal.ai\/ethics-policy\/\",\"diversityPolicy\":\"https:\/\/talkpal.ai\/diversity-policy\/\",\"diversityStaffingReport\":\"https:\/\/talkpal.ai\/diversity-policy\/\"}]}<\/script>\n<!-- \/ Yoast SEO Premium plugin. -->","yoast_head_json":{"title":"Ingilis dilinin qrammatikas\u0131 m\u0259\u015fql\u0259ri - Talkpal","description":"Effektiv Talkpal -\u0131n qrammatik m\u0259\u015fql\u0259ri il\u0259 ingilis dili bacar\u0131qlar\u0131n\u0131z\u0131 art\u0131r\u0131n. Dil bilikl\u0259rinizi indi t\u0259kmill\u0259\u015fdirin!","robots":{"index":"index","follow":"follow","max-snippet":"max-snippet:-1","max-image-preview":"max-image-preview:large","max-video-preview":"max-video-preview:-1"},"canonical":"https:\/\/talkpal.ai\/az\/ingilis-dilinin-qrammatikasi-m%c9%99sql%c9%99ri\/","og_locale":"az_AZ","og_type":"article","og_title":"Ingilis dilinin qrammatikas\u0131 m\u0259\u015fql\u0259ri","og_description":"\u0130ngilis dilinin qrammatikas\u0131 m\u00f6vzular\u0131 \u0130ngilis dilinin qrammatikas\u0131 \u2013 ingilis dilinin strukturunu m\u00fc\u0259yy\u0259n ed\u0259n qaydalar v\u0259 qaydalar d\u0259sti. Bu, bir -","og_url":"https:\/\/talkpal.ai\/az\/ingilis-dilinin-qrammatikasi-m%c9%99sql%c9%99ri\/","og_site_name":"Talkpal","article_publisher":"https:\/\/www.facebook.com\/profile.php?id=100090733639311","article_modified_time":"2025-12-17T16:36:19+00:00","og_image":[{"width":512,"height":512,"url":"https:\/\/talkpal.ai\/wp-content\/uploads\/2023\/03\/united-kingdom.png","type":"image\/png"}],"twitter_card":"summary_large_image","twitter_site":"@talkpalai","twitter_misc":{"Est. reading time":"4 minutes"},"schema":{"@context":"https:\/\/schema.org","@graph":[{"@type":"WebPage","@id":"https:\/\/talkpal.ai\/az\/ingilis-dilinin-qrammatikasi-m%c9%99sql%c9%99ri\/","url":"https:\/\/talkpal.ai\/az\/ingilis-dilinin-qrammatikasi-m%c9%99sql%c9%99ri\/","name":"Ingilis dilinin qrammatikas\u0131 m\u0259\u015fql\u0259ri - Talkpal","isPartOf":{"@id":"https:\/\/talkpal.ai\/az\/#website"},"primaryImageOfPage":{"@id":"https:\/\/talkpal.ai\/az\/ingilis-dilinin-qrammatikasi-m%c9%99sql%c9%99ri\/#primaryimage"},"image":{"@id":"https:\/\/talkpal.ai\/az\/ingilis-dilinin-qrammatikasi-m%c9%99sql%c9%99ri\/#primaryimage"},"thumbnailUrl":"https:\/\/talkpal.ai\/wp-content\/uploads\/2023\/03\/united-kingdom.png","datePublished":"2023-06-14T13:25:23+00:00","dateModified":"2025-12-17T16:36:19+00:00","description":"Effektiv Talkpal -\u0131n qrammatik m\u0259\u015fql\u0259ri il\u0259 ingilis dili bacar\u0131qlar\u0131n\u0131z\u0131 art\u0131r\u0131n. Dil bilikl\u0259rinizi indi t\u0259kmill\u0259\u015fdirin!","breadcrumb":{"@id":"https:\/\/talkpal.ai\/az\/ingilis-dilinin-qrammatikasi-m%c9%99sql%c9%99ri\/#breadcrumb"},"inLanguage":"az","potentialAction":[{"@type":"ReadAction","target":["https:\/\/talkpal.ai\/az\/ingilis-dilinin-qrammatikasi-m%c9%99sql%c9%99ri\/"]}]},{"@type":"ImageObject","inLanguage":"az","@id":"https:\/\/talkpal.ai\/az\/ingilis-dilinin-qrammatikasi-m%c9%99sql%c9%99ri\/#primaryimage","url":"https:\/\/talkpal.ai\/wp-content\/uploads\/2023\/03\/united-kingdom.png","contentUrl":"https:\/\/talkpal.ai\/wp-content\/uploads\/2023\/03\/united-kingdom.png","width":512,"height":512,"caption":"TalkPal AI learn English"},{"@type":"BreadcrumbList","@id":"https:\/\/talkpal.ai\/az\/ingilis-dilinin-qrammatikasi-m%c9%99sql%c9%99ri\/#breadcrumb","itemListElement":[{"@type":"ListItem","position":1,"name":"Homepage","item":"https:\/\/talkpal.ai\/az\/"},{"@type":"ListItem","position":2,"name":"Ingilis dilinin qrammatikas\u0131 m\u0259\u015fql\u0259ri"}]},{"@type":"WebSite","@id":"https:\/\/talkpal.ai\/az\/#website","url":"https:\/\/talkpal.ai\/az\/","name":"Talkpal","description":"AI Language Learning","publisher":{"@id":"https:\/\/talkpal.ai\/az\/#organization"},"alternateName":"Talkpal AI","potentialAction":[{"@type":"SearchAction","target":{"@type":"EntryPoint","urlTemplate":"https:\/\/talkpal.ai\/az\/?s={search_term_string}"},"query-input":{"@type":"PropertyValueSpecification","valueRequired":true,"valueName":"search_term_string"}}],"inLanguage":"az"},{"@type":"Organization","@id":"https:\/\/talkpal.ai\/az\/#organization","name":"Talkpal, Inc.","alternateName":"Talkpal AI","url":"https:\/\/talkpal.ai\/az\/","logo":{"@type":"ImageObject","inLanguage":"az","@id":"https:\/\/talkpal.ai\/az\/#\/schema\/logo\/image\/","url":"https:\/\/talkpal.ai\/wp-content\/uploads\/2024\/03\/Talkpal-Logo-Icon.png","contentUrl":"https:\/\/talkpal.ai\/wp-content\/uploads\/2024\/03\/Talkpal-Logo-Icon.png","width":2880,"height":2880,"caption":"Talkpal, Inc."},"image":{"@id":"https:\/\/talkpal.ai\/az\/#\/schema\/logo\/image\/"},"sameAs":["https:\/\/www.facebook.com\/profile.php?id=100090733639311","https:\/\/x.com\/talkpalai","https:\/\/www.linkedin.com\/company\/talkpal\/","https:\/\/www.youtube.com\/@TalkPal\/","https:\/\/www.tiktok.com\/@talkpal","https:\/\/www.instagram.com\/talkpal_ai\/","https:\/\/www.crunchbase.com\/organization\/talkpal-9cde","https:\/\/www.g2.com\/products\/talkpal-for-business\/","https:\/\/www.trustpilot.com\/review\/talkpal.ai","https:\/\/www.capterra.com\/p\/10006800\/TalkPal\/"],"description":"Talkpal is a language learning web and mobile education app, powered by the latest AI technologies, that provides engaging experiences to its customers in many different languages to help them improve their language skills. Users can chat about unlimited amount of topics with the app and use other modes to practice their language learning.","email":"support@talkpal.ai","legalName":"Talkpal, Inc.","foundingDate":"2023-04-03","duns":"118989042","numberOfEmployees":{"@type":"QuantitativeValue","minValue":"11","maxValue":"50"},"publishingPrinciples":"https:\/\/talkpal.ai\/publishing-principles\/","actionableFeedbackPolicy":"https:\/\/talkpal.ai\/actionable-feedback-policy\/","correctionsPolicy":"https:\/\/talkpal.ai\/corrections-policy\/","ethicsPolicy":"https:\/\/talkpal.ai\/ethics-policy\/","diversityPolicy":"https:\/\/talkpal.ai\/diversity-policy\/","diversityStaffingReport":"https:\/\/talkpal.ai\/diversity-policy\/"}]}},"_links":{"self":[{"href":"https:\/\/talkpal.ai\/az\/wp-json\/wp\/v2\/pages\/91994","targetHints":{"allow":["GET"]}}],"collection":[{"href":"https:\/\/talkpal.ai\/az\/wp-json\/wp\/v2\/pages"}],"about":[{"href":"https:\/\/talkpal.ai\/az\/wp-json\/wp\/v2\/types\/page"}],"author":[{"embeddable":true,"href":"https:\/\/talkpal.ai\/az\/wp-json\/wp\/v2\/users\/1"}],"replies":[{"embeddable":true,"href":"https:\/\/talkpal.ai\/az\/wp-json\/wp\/v2\/comments?post=91994"}],"version-history":[{"count":0,"href":"https:\/\/talkpal.ai\/az\/wp-json\/wp\/v2\/pages\/91994\/revisions"}],"wp:featuredmedia":[{"embeddable":true,"href":"https:\/\/talkpal.ai\/az\/wp-json\/wp\/v2\/media\/64430"}],"wp:attachment":[{"href":"https:\/\/talkpal.ai\/az\/wp-json\/wp\/v2\/media?parent=91994"}],"curies":[{"name":"wp","href":"https:\/\/api.w.org\/{rel}","templated":true}]}}