{"id":91794,"date":"2023-03-25T16:57:06","date_gmt":"2023-03-25T16:57:06","guid":{"rendered":"http:\/\/talkpal.ai\/ingilis-dilinin-qrammatikasi\/"},"modified":"2025-05-22T19:28:01","modified_gmt":"2025-05-22T19:28:01","slug":"ingilis-dilinin-qrammatikasi","status":"publish","type":"page","link":"https:\/\/talkpal.ai\/az\/ingilis-dilinin-qrammatikasi\/","title":{"rendered":"\u0130ngilis dilinin qrammatikas\u0131"},"content":{"rendered":"\r\n\r\n\r\n<section class=\"languageChallengeSection\">\r\n    <div class=\"languageInfoWrapper\">\r\n        \r\n        <h1>\u0130ngilis dilinin qrammatikas\u0131<\/h1>\r\n        <p>\u0130ngilis dilini \u00f6yr\u0259nm\u0259y\u0259 haz\u0131rs\u0131n\u0131z? Bir az qrammatika v\u0259 b\u0259zi yeni s\u00f6zl\u0259r il\u0259 siz he\u00e7 vaxt d\u00fcnyan\u0131n h\u0259r yerind\u0259n insanlarla s\u00f6hb\u0259t ed\u0259c\u0259k v\u0259 \u0259laq\u0259 saxlayacaqs\u0131n\u0131z. Da\u015f\u0131y\u0131n v\u0259 g\u0259lin ingilis dilini \u00f6yr\u0259nm\u0259yi \u0259yl\u0259nc\u0259li v\u0259 asan ed\u0259k &#8211; s\u0259lis dan\u0131\u015fma\u011fa s\u0259yah\u0259tiniz bu g\u00fcn ba\u015flay\u0131r!\n\n<\/p>\r\n\r\n                            <a class=\"getStartedHidden\" href=\"https:\/\/app.talkpal.ai\/signup?lng=\">Ba\u015fla<\/a>\r\n        \r\n    <\/div>\r\n\r\n    <figure>\r\n    <img decoding=\"async\" width=\"768\" height=\"768\" src=\"https:\/\/talkpal.ai\/wp-content\/uploads\/2023\/06\/English-768x768.png\" class=\"languageImage no-lazy\" alt=\"Language learning for improved multitasking\" fetchpriority=\"high\" sizes=\"(max-width: 768px) 150px, 768px\" srcset=\"https:\/\/talkpal.ai\/wp-content\/uploads\/2023\/06\/English-768x768.png 768w, https:\/\/talkpal.ai\/wp-content\/uploads\/2023\/06\/English-300x300.png 300w\" \/>\r\n    \r\n\r\n    <\/figure>\r\n\r\n            <a class=\"getStartedVisible\" href=\"https:\/\/app.talkpal.ai\/signup?lng=\">Ba\u015fla<\/a>\r\n    \r\n<\/section>\r\n<section class=\"promotionalBanner\">\r\n    <p class=\"promotionalText\">Dil \u00f6yr\u0259nm\u0259yin \u0259n t\u0259sirli yolu<\/p>\r\n    <a class=\"promotionalLink\" href=\"https:\/\/app.talkpal.ai\/signup?lng=\">Talkpal pulsuz s\u0131nay\u0131n<\/a>\r\n<\/section>\n<div class=\"wp-block-group pageContainerStyle\"><div class=\"wp-block-group__inner-container is-layout-constrained wp-block-group-is-layout-constrained\">\n<h2 class=\"wp-block-heading\" id=\"h-the-importance-of-english-grammar-a-guide-to-mastering-the-rules-and-principles\">\u0130ngilis dilinin qrammatikas\u0131. Qaydalar v\u0259 prinsipl\u0259rin m\u00fck\u0259mm\u0259ll\u0259\u015fdirilm\u0259sinin b\u0259l\u0259d\u00e7isi<\/h2>\n\n\n\n<p>\u0130ngilis dilinin d\u00fcnyada dan\u0131\u015f\u0131lan \u0259n g\u00f6rk\u0259mli dill\u0259rd\u0259n biri olmas\u0131 il\u0259 insanlar\u0131n bu dild\u0259 s\u0259lis dan\u0131\u015f\u0131q v\u0259 bacar\u0131qlar\u0131n\u0131 t\u0259kmill\u0259\u015fdirm\u0259y\u0259 can atmas\u0131 t\u0259\u0259cc\u00fcbl\u00fc deyil. \u0130ngilis dilini m\u00fck\u0259mm\u0259l m\u0259nims\u0259m\u0259k \u00fc\u00e7\u00fcn onun qrammatikas\u0131n\u0131 ba\u015fa d\u00fc\u015fm\u0259k vacibdir. B\u0259s qrammatika n\u0259y\u0259 g\u00f6r\u0259 bu q\u0259d\u0259r vacibdir v\u0259 biz onu nec\u0259 effektiv \u015f\u0259kild\u0259 \u00f6yr\u0259n\u0259 bil\u0259rik? Bu yaz\u0131da biz ingilis dilinin qrammatikas\u0131n\u0131n \u0259h\u0259miyy\u0259tin\u0259 n\u0259z\u0259r salaca\u011f\u0131q, onun \u0259sas prinsipl\u0259rini m\u00fczakir\u0259 ed\u0259c\u0259yik v\u0259 bacar\u0131qlar\u0131n\u0131z\u0131 g\u00fccl\u0259ndirm\u0259k \u00fc\u00e7\u00fcn b\u0259zi faydal\u0131 m\u0259sl\u0259h\u0259tl\u0259ri payla\u015faca\u011f\u0131q.<\/p>\n\n\n\n<h3 class=\"wp-block-heading\" id=\"h-the-role-of-grammar-in-the-english-language\">\u0130ngilis dilind\u0259 qrammatika f\u0259nninin rolu:<\/h3>\n\n\n\n<p>Yax\u015f\u0131, qrammatika il\u0259 ba\u011fl\u0131 b\u00f6y\u00fck m\u0259s\u0259l\u0259 n\u0259dir? \u018fslind\u0259, qrammatika h\u0259r hans\u0131 bir dilin tikinti material\u0131 kimi xidm\u0259t edir \u2013 bu, m\u0259nal\u0131 c\u00fcml\u0259l\u0259r yaratmaq \u00fc\u00e7\u00fcn s\u00f6zl\u0259rd\u0259n nec\u0259 istifad\u0259 etdiyimizi t\u0259nziml\u0259y\u0259n qaydalar v\u0259 prinsipl\u0259r toplusudur. Bu qaydalara riay\u0259t etm\u0259kl\u0259 ayd\u0131n \u00fcnsiyy\u0259ti t\u0259min ed\u0259 v\u0259 anla\u015f\u0131lmazl\u0131qlardan qa\u00e7\u0131na bil\u0259rik. T\u0259s\u0259vv\u00fcr edin ki, yem\u0259k bi\u015firm\u0259y\u0259 resept\u0259 riay\u0259t etm\u0259d\u0259n s\u0259y g\u00f6st\u0259rin \u2013 sonu pis n\u0259tic\u0259l\u0259n\u0259 bil\u0259r! Eynil\u0259, g\u00fcnd\u0259lik dan\u0131\u015f\u0131q v\u0259 yaz\u0131m\u0131zda qrammatikaya etinas\u0131z yana\u015fmaq da \u00e7a\u015fq\u0131nl\u0131\u011fa v\u0259 yanl\u0131\u015f t\u0259rc\u00fcm\u0259y\u0259 g\u0259tirib \u00e7\u0131xara bil\u0259r.<\/p>\n\n\n\n<h3 class=\"wp-block-heading\" id=\"h-key-principles-of-english-grammar\">\u0130ngilis dilinin qrammatikas\u0131n\u0131n \u0259sas prinsipl\u0259ri:<\/h3>\n\n\n\n<p>\u0130ngilis dilinin qrammatikas\u0131 geni\u015f bir s\u0131ra qaydalar\u0131 \u0259hat\u0259 ets\u0259 d\u0259, b\u0259zi \u0259sas prinsipl\u0259r var ki, bunlardan x\u0259b\u0259rdar olmaq laz\u0131md\u0131r:<\/p>\n\n\n\n<p><strong>1. Nitq hiss\u0259l\u0259ri.<\/strong> S\u00f6zl\u0259rin c\u00fcml\u0259d\u0259 oynad\u0131\u011f\u0131 rollar bunlard\u0131r. Funksiyalar\u0131ndan as\u0131l\u0131 olaraq s\u00f6zl\u0259ri isim, isim, feil, adyun, adverb, prepozisiya, konyunksiya v\u0259 ya interjeksiya kimi t\u0259snif etm\u0259k olar.<\/p>\n\n\n\n<p><strong>2. G\u0259rginlikl\u0259r.<\/strong> G\u0259rginlik h\u0259r\u0259k\u0259tl\u0259rin v\u0259 ya olma \u015ftammlar\u0131n\u0131n vaxt\u0131n\u0131 g\u00f6st\u0259rir. Onlar ke\u00e7mi\u015f, indiki v\u0259 g\u0259l\u0259c\u0259y\u0259 b\u00f6l\u00fcn\u00fcr, h\u0259r bir zaman d\u00f6rd aspekt\u0259 malikdir &#8211; sad\u0259, m\u00fct\u0259r\u0259qqi, m\u00fck\u0259mm\u0259l v\u0259 m\u00fck\u0259mm\u0259l m\u00fct\u0259r\u0259qqi.<\/p>\n\n\n\n<p><strong>3. M\u00f6vzu-feli raz\u0131la\u015fma.<\/strong> Mahiyy\u0259t etibaril\u0259, c\u00fcml\u0259d\u0259 m\u00f6vzu (noun v\u0259 ya pronoun) v\u0259 feli r\u0259q\u0259ml\u0259 raz\u0131la\u015fmal\u0131d\u0131r \u2013 sinql v\u0259 ya \u00e7oxluq. M\u0259s\u0259l\u0259n, \u201cO, kitab oxuyur\u201d v\u0259 \u201cOnlar kitab oxuyurlar\u201d h\u0259r ikisi qrammatik c\u0259h\u0259td\u0259n d\u00fczg\u00fcnd\u00fcr.<\/p>\n\n\n\n<p><strong>4. C\u00fcml\u0259 qurulu\u015fu.<\/strong> Yax\u015f\u0131 qurulu\u015flu c\u00fcml\u0259 m\u00f6vzu, feil v\u0259 \u00e7ox vaxt obyektd\u0259n ibar\u0259tdir. C\u00fcml\u0259l\u0259r sad\u0259 (bir m\u00fcst\u0259qil madd\u0259nin), birl\u0259\u015fm\u0259nin (iki v\u0259 ya daha \u00e7ox m\u00fcst\u0259qil madd\u0259nin) v\u0259 ya m\u00fcr\u0259kk\u0259b (bir m\u00fcst\u0259qil madd\u0259nin v\u0259 bir v\u0259 ya bir \u00e7ox as\u0131l\u0131 madd\u0259nin) ola bil\u0259r.<\/p>\n\n\n\n<p><strong>5. Dur\u011fu<\/strong> i\u015far\u0259l\u0259ri. Yaz\u0131l\u0131 dilin t\u0259\u015fkilind\u0259 v\u0259 ayd\u0131nla\u015fd\u0131r\u0131lmas\u0131nda n\u00f6qt\u0259 i\u015far\u0259si, m\u0259s\u0259l\u0259n, kommunikasiya, d\u00f6vr v\u0259 yar\u0131ms\u0259hra i\u015far\u0259l\u0259ri h\u0259lledicidir. D\u00fczg\u00fcn dur\u011fu i\u015far\u0259l\u0259ri fikirl\u0259rin d\u0259qiqlikl\u0259 v\u0259 bir-biri il\u0259 ifad\u0259 olunmas\u0131na z\u0259man\u0259t verir.<\/p>\n\n\n\n<h3 class=\"wp-block-heading\" id=\"h-tips-to-improve-your-english-grammar\">\u0130ngilis dilinin qrammatikan\u0131z\u0131 yax\u015f\u0131la\u015fd\u0131rmaq \u00fc\u00e7\u00fcn m\u0259sl\u0259h\u0259tl\u0259r:<\/h3>\n\n\n\n<p>\u0130ndi biz ingilis dilinin qrammatikas\u0131n\u0131n \u0259saslar\u0131n\u0131 m\u00fczakir\u0259 etdikd\u0259n sonra, bacar\u0131qlar\u0131n\u0131z\u0131 inki\u015faf etdirm\u0259yin b\u0259zi t\u0259sirli yollar\u0131n\u0131 ara\u015fd\u0131raq:<\/p>\n\n\n\n<p><strong>1. M\u00fcnt\u0259z\u0259m oxumaq.<\/strong> Oxumaq d\u00fczg\u00fcn qrammatika daxil etm\u0259k \u00fc\u00e7\u00fcn \u0259la vasit\u0259dir. \u00d6z\u00fcn\u00fcz\u00fc yax\u015f\u0131 yaz\u0131lm\u0131\u015f m\u0259qal\u0259l\u0259r\u0259, kitablara v\u0259 ya essel\u0259r\u0259 n\u0259 q\u0259d\u0259r \u00e7ox m\u0259ruz qoysan\u0131z, qaydalar\u0131 v\u0259 strukturlar\u0131 bir o q\u0259d\u0259r yax\u015f\u0131 ba\u015fa d\u00fc\u015f\u0259c\u0259ksiniz.<\/p>\n\n\n\n<p><strong>2. Yaz\u0131 praktikas\u0131.<\/strong> M\u00fcnt\u0259z\u0259m olaraq yazmaq qrammatika bilikl\u0259rinizi t\u0259tbiq etm\u0259y\u0259 v\u0259 t\u0259kmill\u0259\u015fm\u0259y\u0259 ehtiyac\u0131n\u0131z olan sah\u0259l\u0259ri m\u00fc\u0259yy\u0259n etm\u0259y\u0259 imkan verir. Yaz\u0131 bacar\u0131qlar\u0131n\u0131z\u0131 inki\u015faf etdirm\u0259k \u00fc\u00e7\u00fcn jurnal saxlama\u011f\u0131 v\u0259 ya bloqa ba\u015flama\u011f\u0131 d\u00fc\u015f\u00fcn\u00fcn.<\/p>\n\n\n\n<p><strong>3. Qrammatika resurslar\u0131n\u0131 \u00f6yr\u0259nin.<\/strong> Qaydalar\u0131 daha d\u0259rind\u0259n anlamaq \u00fc\u00e7\u00fcn b\u0259zi m\u00f6t\u0259b\u0259r qrammatika kitablar\u0131na, veb-saytlara v\u0259 ya proqramlara \u0259l \u00e7\u0259kin. Bu materiallar\u0131 m\u00fcnt\u0259z\u0259m olaraq n\u0259z\u0259rd\u0259n ke\u00e7irm\u0259k biliyinizi daha da m\u00f6hk\u0259ml\u0259d\u0259c\u0259k.<\/p>\n\n\n\n<p><strong>4. R\u0259y axtar\u0131n.<\/strong> Yaz\u0131l\u0131 v\u0259 dan\u0131\u015f\u0131ql\u0131 ingilis dilinizl\u0259 ba\u011fl\u0131 konstruktiv t\u0259nqid almaq \u00fc\u00e7\u00fcn ba\u015fqalar\u0131 il\u0259 m\u0259\u015f\u011ful olun. Bu, onlayn forumlar, dil m\u00fcbadil\u0259si qruplar\u0131 v\u0259 ya ingilis dilini bil\u0259n dostlar v\u0259 i\u015f yolda\u015flar\u0131 vasit\u0259sil\u0259 ola bil\u0259r.<\/p>\n\n\n\n<p><strong>5. S\u0259brli v\u0259 davaml\u0131 olun.<\/strong> Qrammatika \u00f6yr\u0259nm\u0259k zaman v\u0259 s\u0259y t\u0259l\u0259b ed\u0259n t\u0259dric\u0259n ba\u015f ver\u0259n prosesdir. Sadiq qal\u0131n, m\u0259\u015fql\u0259r\u0259 davam edin. \u0130r\u0259lil\u0259yi\u015finizi qeyd edin.<\/p>\n\n\n\n<h3 class=\"wp-block-heading\" id=\"h-conclusion\">Yekun:<\/h3>\n\n\n\n<p>\u0130ngilis dilinin qrammatikas\u0131na yiy\u0259l\u0259nm\u0259k s\u0259lislik yolunda z\u0259ruri add\u0131m da\u015f\u0131d\u0131r. Onun \u0259h\u0259miyy\u0259tini d\u0259rk etm\u0259kl\u0259, \u0259sas prinsipl\u0259rl\u0259 tan\u0131\u015f olmaqla v\u0259 f\u0259al \u015f\u0259kild\u0259 m\u0259\u015fq etm\u0259kl\u0259 siz tezlikl\u0259 dild\u0259 g\u00fccl\u00fc bilik \u0259ld\u0259 ed\u0259c\u0259ksiniz. Unutmay\u0131n ki, Roma bir g\u00fcnd\u0259 tikilm\u0259yib \u2013 buna g\u00f6r\u0259 d\u0259 s\u0259birli olun, \u0259yl\u0259nin v\u0259 q\u00fcsursuz qrammatikaya do\u011fru s\u0259yah\u0259td\u0259n h\u0259zz al\u0131n!<\/p>\n<\/div><\/div>\n\r\n<section class=\"learnNavigationSection\">\r\n            \r\n        <a href=\"https:\/\/talkpal.ai\/az\/ingilis-dilini-oyr%c9%99nin\/\">\r\n            <div class=\"learnNavigationWrapper\">\r\n                <div class=\"learnNavigationContent\">\r\n                    <img decoding=\"async\" src=\"https:\/\/talkpal.ai\/wp-content\/uploads\/2024\/08\/English.jpg\" alt=\"English Flag\">\r\n                    <div>\r\n                        <h4>\u0130ngilis dilinin \u00f6yr\u0259nilm\u0259si haqq\u0131nda<\/h4>\r\n                        <p>\u0130ngilis qrammatikas\u0131 haqq\u0131nda h\u0259r \u015feyi \u00f6yr\u0259nin.<\/p>\r\n                    <\/div>\r\n                <\/div>\r\n            <\/div>\r\n        <\/a>\r\n\r\n        \r\n        <a href=\"https:\/\/talkpal.ai\/az\/ingilis-dilinin-qrammatikasi-m%c9%99sql%c9%99ri\/\">\r\n            <div class=\"learnNavigationWrapper\">\r\n                <div class=\"learnNavigationContent\">\r\n                    <img decoding=\"async\" src=\"https:\/\/talkpal.ai\/wp-content\/uploads\/2024\/08\/English.jpg\" alt=\"English Flag\">\r\n                    <div>\r\n                        <h4>Ingilis dilinin qrammatikas\u0131 m\u0259\u015fql\u0259ri<\/h4>\r\n                        <p>\u0130ngilis dilinin qrammatikas\u0131n\u0131 m\u0259\u015fq edin.<\/p>\r\n                    <\/div>\r\n                <\/div>\r\n            <\/div>\r\n        <\/a>\r\n\r\n        \r\n        <a href=\"https:\/\/talkpal.ai\/vocabulary_language\/english\/\">\r\n            <div class=\"learnNavigationWrapper\">\r\n                <div class=\"learnNavigationContent\">\r\n                    <img decoding=\"async\" src=\"https:\/\/talkpal.ai\/wp-content\/uploads\/2024\/08\/English.jpg\" alt=\"English Flag\">\r\n                    <div>\r\n                        <h4>\u0130ngilis dili l\u00fc\u011f\u0259ti<\/h4>\r\n                        <p>\u0130ngilis dili l\u00fc\u011f\u0259tinizi geni\u015fl\u0259ndirin.<\/p>\r\n                    <\/div>\r\n                <\/div>\r\n            <\/div>\r\n        <\/a>\r\n\r\n            <\/section>","protected":false},"excerpt":{"rendered":"<p>\u0130ngilis dilinin qrammatikas\u0131. Qaydalar v\u0259 prinsipl\u0259rin m\u00fck\u0259mm\u0259ll\u0259\u015fdirilm\u0259sinin b\u0259l\u0259d\u00e7isi \u0130ngilis dilinin d\u00fcnyada dan\u0131\u015f\u0131lan \u0259n g\u00f6rk\u0259mli dill\u0259rd\u0259n biri olmas\u0131 il\u0259 insanlar\u0131n bu dild\u0259 s\u0259lis dan\u0131\u015f\u0131q v\u0259 bacar\u0131qlar\u0131n\u0131 t\u0259kmill\u0259\u015fdirm\u0259y\u0259 can atmas\u0131 t\u0259\u0259cc\u00fcbl\u00fc deyil. \u0130ngilis dilini m\u00fck\u0259mm\u0259l m\u0259nims\u0259m\u0259k \u00fc\u00e7\u00fcn onun qrammatikas\u0131n\u0131 ba\u015fa d\u00fc\u015fm\u0259k vacibdir. B\u0259s qrammatika n\u0259y\u0259 g\u00f6r\u0259 bu q\u0259d\u0259r vacibdir v\u0259 biz onu nec\u0259 effektiv \u015f\u0259kild\u0259 \u00f6yr\u0259n\u0259 bil\u0259rik? [&hellip;]<\/p>\n","protected":false},"author":1,"featured_media":64430,"parent":0,"menu_order":0,"comment_status":"closed","ping_status":"closed","template":"LearningContentPage.php","meta":{"_acf_changed":false,"footnotes":""},"class_list":["post-91794","page","type-page","status-publish","has-post-thumbnail","hentry"],"acf":[],"yoast_head":"<!-- This site is optimized with the Yoast SEO Premium plugin v27.2 (Yoast SEO v27.2) - https:\/\/yoast.com\/product\/yoast-seo-premium-wordpress\/ -->\n<title>\u0130ngilis dilinin qrammatikas\u0131 - Talkpal<\/title>\n<meta name=\"description\" content=\"Talkpal -\u0131n s\u00fcni intellektl\u0259 i\u015fl\u0259y\u0259n dil \u00f6yr\u0259nm\u0259 proqram\u0131 il\u0259 ingilis dili qrammatikas\u0131 bacar\u0131qlar\u0131n\u0131z\u0131 s\u0259yl\u0259 t\u0259kmill\u0259\u015fdirin.\" \/>\n<meta name=\"robots\" content=\"index, follow, max-snippet:-1, max-image-preview:large, max-video-preview:-1\" \/>\n<link rel=\"canonical\" href=\"https:\/\/talkpal.ai\/az\/ingilis-dilinin-qrammatikasi\/\" \/>\n<meta property=\"og:locale\" content=\"az_AZ\" \/>\n<meta property=\"og:type\" content=\"article\" \/>\n<meta property=\"og:title\" content=\"\u0130ngilis dilinin qrammatikas\u0131\" \/>\n<meta property=\"og:description\" content=\"\u0130ngilis dilinin qrammatikas\u0131. Qaydalar v\u0259 prinsipl\u0259rin m\u00fck\u0259mm\u0259ll\u0259\u015fdirilm\u0259sinin b\u0259l\u0259d\u00e7isi \u0130ngilis dilinin d\u00fcnyada dan\u0131\u015f\u0131lan \u0259n g\u00f6rk\u0259mli dill\u0259rd\u0259n biri\" \/>\n<meta property=\"og:url\" content=\"https:\/\/talkpal.ai\/az\/ingilis-dilinin-qrammatikasi\/\" \/>\n<meta property=\"og:site_name\" content=\"Talkpal\" \/>\n<meta property=\"article:publisher\" content=\"https:\/\/www.facebook.com\/profile.php?id=100090733639311\" \/>\n<meta property=\"article:modified_time\" content=\"2025-05-22T19:28:01+00:00\" \/>\n<meta property=\"og:image\" content=\"https:\/\/talkpal.ai\/wp-content\/uploads\/2023\/03\/united-kingdom.png\" \/>\n\t<meta property=\"og:image:width\" content=\"512\" \/>\n\t<meta property=\"og:image:height\" content=\"512\" \/>\n\t<meta property=\"og:image:type\" content=\"image\/png\" \/>\n<meta name=\"twitter:card\" content=\"summary_large_image\" \/>\n<meta name=\"twitter:site\" content=\"@talkpalai\" \/>\n<meta name=\"twitter:label1\" content=\"Est. reading time\" \/>\n\t<meta name=\"twitter:data1\" content=\"5 minutes\" \/>\n<script type=\"application\/ld+json\" class=\"yoast-schema-graph\">{\"@context\":\"https:\/\/schema.org\",\"@graph\":[{\"@type\":\"WebPage\",\"@id\":\"https:\/\/talkpal.ai\/az\/ingilis-dilinin-qrammatikasi\/\",\"url\":\"https:\/\/talkpal.ai\/az\/ingilis-dilinin-qrammatikasi\/\",\"name\":\"\u0130ngilis dilinin qrammatikas\u0131 - Talkpal\",\"isPartOf\":{\"@id\":\"https:\/\/talkpal.ai\/az\/#website\"},\"primaryImageOfPage\":{\"@id\":\"https:\/\/talkpal.ai\/az\/ingilis-dilinin-qrammatikasi\/#primaryimage\"},\"image\":{\"@id\":\"https:\/\/talkpal.ai\/az\/ingilis-dilinin-qrammatikasi\/#primaryimage\"},\"thumbnailUrl\":\"https:\/\/talkpal.ai\/wp-content\/uploads\/2023\/03\/united-kingdom.png\",\"datePublished\":\"2023-03-25T16:57:06+00:00\",\"dateModified\":\"2025-05-22T19:28:01+00:00\",\"description\":\"Talkpal -\u0131n s\u00fcni intellektl\u0259 i\u015fl\u0259y\u0259n dil \u00f6yr\u0259nm\u0259 proqram\u0131 il\u0259 ingilis dili qrammatikas\u0131 bacar\u0131qlar\u0131n\u0131z\u0131 s\u0259yl\u0259 t\u0259kmill\u0259\u015fdirin.\",\"breadcrumb\":{\"@id\":\"https:\/\/talkpal.ai\/az\/ingilis-dilinin-qrammatikasi\/#breadcrumb\"},\"inLanguage\":\"az\",\"potentialAction\":[{\"@type\":\"ReadAction\",\"target\":[\"https:\/\/talkpal.ai\/az\/ingilis-dilinin-qrammatikasi\/\"]}]},{\"@type\":\"ImageObject\",\"inLanguage\":\"az\",\"@id\":\"https:\/\/talkpal.ai\/az\/ingilis-dilinin-qrammatikasi\/#primaryimage\",\"url\":\"https:\/\/talkpal.ai\/wp-content\/uploads\/2023\/03\/united-kingdom.png\",\"contentUrl\":\"https:\/\/talkpal.ai\/wp-content\/uploads\/2023\/03\/united-kingdom.png\",\"width\":512,\"height\":512,\"caption\":\"TalkPal AI learn English\"},{\"@type\":\"BreadcrumbList\",\"@id\":\"https:\/\/talkpal.ai\/az\/ingilis-dilinin-qrammatikasi\/#breadcrumb\",\"itemListElement\":[{\"@type\":\"ListItem\",\"position\":1,\"name\":\"Homepage\",\"item\":\"https:\/\/talkpal.ai\/az\/\"},{\"@type\":\"ListItem\",\"position\":2,\"name\":\"\u0130ngilis dilinin qrammatikas\u0131\"}]},{\"@type\":\"WebSite\",\"@id\":\"https:\/\/talkpal.ai\/az\/#website\",\"url\":\"https:\/\/talkpal.ai\/az\/\",\"name\":\"Talkpal\",\"description\":\"AI Language Learning\",\"publisher\":{\"@id\":\"https:\/\/talkpal.ai\/az\/#organization\"},\"alternateName\":\"Talkpal AI\",\"potentialAction\":[{\"@type\":\"SearchAction\",\"target\":{\"@type\":\"EntryPoint\",\"urlTemplate\":\"https:\/\/talkpal.ai\/az\/?s={search_term_string}\"},\"query-input\":{\"@type\":\"PropertyValueSpecification\",\"valueRequired\":true,\"valueName\":\"search_term_string\"}}],\"inLanguage\":\"az\"},{\"@type\":\"Organization\",\"@id\":\"https:\/\/talkpal.ai\/az\/#organization\",\"name\":\"Talkpal, Inc.\",\"alternateName\":\"Talkpal AI\",\"url\":\"https:\/\/talkpal.ai\/az\/\",\"logo\":{\"@type\":\"ImageObject\",\"inLanguage\":\"az\",\"@id\":\"https:\/\/talkpal.ai\/az\/#\/schema\/logo\/image\/\",\"url\":\"https:\/\/talkpal.ai\/wp-content\/uploads\/2024\/03\/Talkpal-Logo-Icon.png\",\"contentUrl\":\"https:\/\/talkpal.ai\/wp-content\/uploads\/2024\/03\/Talkpal-Logo-Icon.png\",\"width\":2880,\"height\":2880,\"caption\":\"Talkpal, Inc.\"},\"image\":{\"@id\":\"https:\/\/talkpal.ai\/az\/#\/schema\/logo\/image\/\"},\"sameAs\":[\"https:\/\/www.facebook.com\/profile.php?id=100090733639311\",\"https:\/\/x.com\/talkpalai\",\"https:\/\/www.linkedin.com\/company\/talkpal\/\",\"https:\/\/www.youtube.com\/@TalkPal\/\",\"https:\/\/www.tiktok.com\/@talkpal\",\"https:\/\/www.instagram.com\/talkpal_ai\/\",\"https:\/\/www.crunchbase.com\/organization\/talkpal-9cde\",\"https:\/\/www.g2.com\/products\/talkpal-for-business\/\",\"https:\/\/www.trustpilot.com\/review\/talkpal.ai\",\"https:\/\/www.capterra.com\/p\/10006800\/TalkPal\/\"],\"description\":\"Talkpal is a language learning web and mobile education app, powered by the latest AI technologies, that provides engaging experiences to its customers in many different languages to help them improve their language skills. Users can chat about unlimited amount of topics with the app and use other modes to practice their language learning.\",\"email\":\"support@talkpal.ai\",\"legalName\":\"Talkpal, Inc.\",\"foundingDate\":\"2023-04-03\",\"duns\":\"118989042\",\"numberOfEmployees\":{\"@type\":\"QuantitativeValue\",\"minValue\":\"11\",\"maxValue\":\"50\"},\"publishingPrinciples\":\"https:\/\/talkpal.ai\/publishing-principles\/\",\"actionableFeedbackPolicy\":\"https:\/\/talkpal.ai\/actionable-feedback-policy\/\",\"correctionsPolicy\":\"https:\/\/talkpal.ai\/corrections-policy\/\",\"ethicsPolicy\":\"https:\/\/talkpal.ai\/ethics-policy\/\",\"diversityPolicy\":\"https:\/\/talkpal.ai\/diversity-policy\/\",\"diversityStaffingReport\":\"https:\/\/talkpal.ai\/diversity-policy\/\"}]}<\/script>\n<!-- \/ Yoast SEO Premium plugin. -->","yoast_head_json":{"title":"\u0130ngilis dilinin qrammatikas\u0131 - Talkpal","description":"Talkpal -\u0131n s\u00fcni intellektl\u0259 i\u015fl\u0259y\u0259n dil \u00f6yr\u0259nm\u0259 proqram\u0131 il\u0259 ingilis dili qrammatikas\u0131 bacar\u0131qlar\u0131n\u0131z\u0131 s\u0259yl\u0259 t\u0259kmill\u0259\u015fdirin.","robots":{"index":"index","follow":"follow","max-snippet":"max-snippet:-1","max-image-preview":"max-image-preview:large","max-video-preview":"max-video-preview:-1"},"canonical":"https:\/\/talkpal.ai\/az\/ingilis-dilinin-qrammatikasi\/","og_locale":"az_AZ","og_type":"article","og_title":"\u0130ngilis dilinin qrammatikas\u0131","og_description":"\u0130ngilis dilinin qrammatikas\u0131. Qaydalar v\u0259 prinsipl\u0259rin m\u00fck\u0259mm\u0259ll\u0259\u015fdirilm\u0259sinin b\u0259l\u0259d\u00e7isi \u0130ngilis dilinin d\u00fcnyada dan\u0131\u015f\u0131lan \u0259n g\u00f6rk\u0259mli dill\u0259rd\u0259n biri","og_url":"https:\/\/talkpal.ai\/az\/ingilis-dilinin-qrammatikasi\/","og_site_name":"Talkpal","article_publisher":"https:\/\/www.facebook.com\/profile.php?id=100090733639311","article_modified_time":"2025-05-22T19:28:01+00:00","og_image":[{"width":512,"height":512,"url":"https:\/\/talkpal.ai\/wp-content\/uploads\/2023\/03\/united-kingdom.png","type":"image\/png"}],"twitter_card":"summary_large_image","twitter_site":"@talkpalai","twitter_misc":{"Est. reading time":"5 minutes"},"schema":{"@context":"https:\/\/schema.org","@graph":[{"@type":"WebPage","@id":"https:\/\/talkpal.ai\/az\/ingilis-dilinin-qrammatikasi\/","url":"https:\/\/talkpal.ai\/az\/ingilis-dilinin-qrammatikasi\/","name":"\u0130ngilis dilinin qrammatikas\u0131 - Talkpal","isPartOf":{"@id":"https:\/\/talkpal.ai\/az\/#website"},"primaryImageOfPage":{"@id":"https:\/\/talkpal.ai\/az\/ingilis-dilinin-qrammatikasi\/#primaryimage"},"image":{"@id":"https:\/\/talkpal.ai\/az\/ingilis-dilinin-qrammatikasi\/#primaryimage"},"thumbnailUrl":"https:\/\/talkpal.ai\/wp-content\/uploads\/2023\/03\/united-kingdom.png","datePublished":"2023-03-25T16:57:06+00:00","dateModified":"2025-05-22T19:28:01+00:00","description":"Talkpal -\u0131n s\u00fcni intellektl\u0259 i\u015fl\u0259y\u0259n dil \u00f6yr\u0259nm\u0259 proqram\u0131 il\u0259 ingilis dili qrammatikas\u0131 bacar\u0131qlar\u0131n\u0131z\u0131 s\u0259yl\u0259 t\u0259kmill\u0259\u015fdirin.","breadcrumb":{"@id":"https:\/\/talkpal.ai\/az\/ingilis-dilinin-qrammatikasi\/#breadcrumb"},"inLanguage":"az","potentialAction":[{"@type":"ReadAction","target":["https:\/\/talkpal.ai\/az\/ingilis-dilinin-qrammatikasi\/"]}]},{"@type":"ImageObject","inLanguage":"az","@id":"https:\/\/talkpal.ai\/az\/ingilis-dilinin-qrammatikasi\/#primaryimage","url":"https:\/\/talkpal.ai\/wp-content\/uploads\/2023\/03\/united-kingdom.png","contentUrl":"https:\/\/talkpal.ai\/wp-content\/uploads\/2023\/03\/united-kingdom.png","width":512,"height":512,"caption":"TalkPal AI learn English"},{"@type":"BreadcrumbList","@id":"https:\/\/talkpal.ai\/az\/ingilis-dilinin-qrammatikasi\/#breadcrumb","itemListElement":[{"@type":"ListItem","position":1,"name":"Homepage","item":"https:\/\/talkpal.ai\/az\/"},{"@type":"ListItem","position":2,"name":"\u0130ngilis dilinin qrammatikas\u0131"}]},{"@type":"WebSite","@id":"https:\/\/talkpal.ai\/az\/#website","url":"https:\/\/talkpal.ai\/az\/","name":"Talkpal","description":"AI Language Learning","publisher":{"@id":"https:\/\/talkpal.ai\/az\/#organization"},"alternateName":"Talkpal AI","potentialAction":[{"@type":"SearchAction","target":{"@type":"EntryPoint","urlTemplate":"https:\/\/talkpal.ai\/az\/?s={search_term_string}"},"query-input":{"@type":"PropertyValueSpecification","valueRequired":true,"valueName":"search_term_string"}}],"inLanguage":"az"},{"@type":"Organization","@id":"https:\/\/talkpal.ai\/az\/#organization","name":"Talkpal, Inc.","alternateName":"Talkpal AI","url":"https:\/\/talkpal.ai\/az\/","logo":{"@type":"ImageObject","inLanguage":"az","@id":"https:\/\/talkpal.ai\/az\/#\/schema\/logo\/image\/","url":"https:\/\/talkpal.ai\/wp-content\/uploads\/2024\/03\/Talkpal-Logo-Icon.png","contentUrl":"https:\/\/talkpal.ai\/wp-content\/uploads\/2024\/03\/Talkpal-Logo-Icon.png","width":2880,"height":2880,"caption":"Talkpal, Inc."},"image":{"@id":"https:\/\/talkpal.ai\/az\/#\/schema\/logo\/image\/"},"sameAs":["https:\/\/www.facebook.com\/profile.php?id=100090733639311","https:\/\/x.com\/talkpalai","https:\/\/www.linkedin.com\/company\/talkpal\/","https:\/\/www.youtube.com\/@TalkPal\/","https:\/\/www.tiktok.com\/@talkpal","https:\/\/www.instagram.com\/talkpal_ai\/","https:\/\/www.crunchbase.com\/organization\/talkpal-9cde","https:\/\/www.g2.com\/products\/talkpal-for-business\/","https:\/\/www.trustpilot.com\/review\/talkpal.ai","https:\/\/www.capterra.com\/p\/10006800\/TalkPal\/"],"description":"Talkpal is a language learning web and mobile education app, powered by the latest AI technologies, that provides engaging experiences to its customers in many different languages to help them improve their language skills. Users can chat about unlimited amount of topics with the app and use other modes to practice their language learning.","email":"support@talkpal.ai","legalName":"Talkpal, Inc.","foundingDate":"2023-04-03","duns":"118989042","numberOfEmployees":{"@type":"QuantitativeValue","minValue":"11","maxValue":"50"},"publishingPrinciples":"https:\/\/talkpal.ai\/publishing-principles\/","actionableFeedbackPolicy":"https:\/\/talkpal.ai\/actionable-feedback-policy\/","correctionsPolicy":"https:\/\/talkpal.ai\/corrections-policy\/","ethicsPolicy":"https:\/\/talkpal.ai\/ethics-policy\/","diversityPolicy":"https:\/\/talkpal.ai\/diversity-policy\/","diversityStaffingReport":"https:\/\/talkpal.ai\/diversity-policy\/"}]}},"_links":{"self":[{"href":"https:\/\/talkpal.ai\/az\/wp-json\/wp\/v2\/pages\/91794","targetHints":{"allow":["GET"]}}],"collection":[{"href":"https:\/\/talkpal.ai\/az\/wp-json\/wp\/v2\/pages"}],"about":[{"href":"https:\/\/talkpal.ai\/az\/wp-json\/wp\/v2\/types\/page"}],"author":[{"embeddable":true,"href":"https:\/\/talkpal.ai\/az\/wp-json\/wp\/v2\/users\/1"}],"replies":[{"embeddable":true,"href":"https:\/\/talkpal.ai\/az\/wp-json\/wp\/v2\/comments?post=91794"}],"version-history":[{"count":0,"href":"https:\/\/talkpal.ai\/az\/wp-json\/wp\/v2\/pages\/91794\/revisions"}],"wp:featuredmedia":[{"embeddable":true,"href":"https:\/\/talkpal.ai\/az\/wp-json\/wp\/v2\/media\/64430"}],"wp:attachment":[{"href":"https:\/\/talkpal.ai\/az\/wp-json\/wp\/v2\/media?parent=91794"}],"curies":[{"name":"wp","href":"https:\/\/api.w.org\/{rel}","templated":true}]}}