{"id":74918,"date":"2023-05-14T13:53:48","date_gmt":"2023-05-14T13:53:48","guid":{"rendered":"http:\/\/talkpal.ai\/az%c9%99rbaycan-dilinin-qrammatikasi\/"},"modified":"2025-05-22T08:23:00","modified_gmt":"2025-05-22T08:23:00","slug":"az%c9%99rbaycan-dilinin-qrammatikasi","status":"publish","type":"page","link":"https:\/\/talkpal.ai\/az\/az%c9%99rbaycan-dilinin-qrammatikasi\/","title":{"rendered":"Az\u0259rbaycan dilinin qrammatikas\u0131"},"content":{"rendered":"\r\n\r\n\r\n<section class=\"languageChallengeSection\">\r\n    <div class=\"languageInfoWrapper\">\r\n        \r\n        <h1>Az\u0259rbaycan dilinin qrammatikas\u0131<\/h1>\r\n        <p>Az\u0259rbaycan dilinin g\u00f6z\u0259lliyini a\u00e7ma\u011fa haz\u0131rs\u0131n\u0131z? Az\u0259rbaycan qrammatikas\u0131 il\u0259 tan\u0131\u015f olun v\u0259 onun sait harmoniyas\u0131ndan tutmu\u015f ifad\u0259li fel formalar\u0131na q\u0259d\u0259r unikal strukturunu k\u0259\u015ff edin. Bu g\u00fcn \u00f6yr\u0259nm\u0259y\u0259 ba\u015flay\u0131n v\u0259 qrammatikaya yiy\u0259l\u0259nm\u0259yin s\u0259lis s\u00f6hb\u0259t\u0259 v\u0259 Az\u0259rbaycan m\u0259d\u0259niyy\u0259tini daha d\u0259rind\u0259n d\u0259rk etm\u0259y\u0259 yolunuzu nec\u0259 a\u00e7d\u0131\u011f\u0131n\u0131 hiss edin!<\/p>\r\n\r\n                            <a class=\"getStartedHidden\" href=\"https:\/\/app.talkpal.ai\/signup?lng=\">Ba\u015fla<\/a>\r\n        \r\n    <\/div>\r\n\r\n    <figure>\r\n    <img decoding=\"async\" width=\"768\" height=\"768\" src=\"https:\/\/talkpal.ai\/wp-content\/uploads\/2023\/06\/azerbaijani-768x768.png\" class=\"languageImage no-lazy\" alt=\"Language learning for enhanced cognitive skills\" fetchpriority=\"high\" sizes=\"(max-width: 768px) 150px, 768px\" srcset=\"https:\/\/talkpal.ai\/wp-content\/uploads\/2023\/06\/azerbaijani-768x768.png 768w, https:\/\/talkpal.ai\/wp-content\/uploads\/2023\/06\/azerbaijani-300x300.png 300w\" \/>\r\n    \r\n\r\n    <\/figure>\r\n\r\n            <a class=\"getStartedVisible\" href=\"https:\/\/app.talkpal.ai\/signup?lng=\">Ba\u015fla<\/a>\r\n    \r\n<\/section>\r\n<section class=\"promotionalBanner\">\r\n    <p class=\"promotionalText\">Dil \u00f6yr\u0259nm\u0259yin \u0259n t\u0259sirli yolu<\/p>\r\n    <a class=\"promotionalLink\" href=\"https:\/\/app.talkpal.ai\/signup?lng=\">Talkpal pulsuz s\u0131nay\u0131n<\/a>\r\n<\/section>\n<div class=\"wp-block-group pageContainerStyle\"><div class=\"wp-block-group__inner-container is-layout-constrained wp-block-group-is-layout-constrained\">\n<h2 class=\"wp-block-heading\" id=\"h-a-comprehensive-guide-to-azerbaijani-grammar\">Az\u0259rbaycan dilinin qrammatikas\u0131 \u00fczr\u0259 geni\u015f b\u0259l\u0259diy\u0259<\/h2>\n\n\n\n<p><a href=\"https:\/\/talkpal.ai\/az\/az%c9%99rbaycan-dilini-oyr%c9%99nin\/\">Az\u0259rbaycan dilini<\/a> <a href=\"https:\/\/talkpal.ai\/az\/oyr%c9%99nm%c9%99k\/\">\u00f6yr\u0259nm\u0259k<\/a> bar\u0259d\u0259 he\u00e7 d\u00fc\u015f\u00fcnm\u00fcs\u00fcn\u00fczm\u00fc? Az\u0259rbaycan\u0131n d\u00f6vl\u0259t dili kimi v\u0259 Qafqaz regionunda milyonlarla insan\u0131n dan\u0131\u015fd\u0131\u011f\u0131 dil kimi <a href=\"https:\/\/talkpal.ai\/learn-azerbaijani\/\">Az\u0259rbaycan dili<\/a> \u00f6z\u00fcn\u0259m\u0259xsus v\u0259 maraql\u0131 dildir. Z\u0259ngin tarix\u0259, m\u00fcxt\u0259lif m\u0259d\u0259niyy\u0259t\u0259 malik olan, <a href=\"https:\/\/talkpal.ai\/learn-turkish\/\">t\u00fcrk<\/a>, <a href=\"https:\/\/talkpal.ai\/learn-russian\/\">rus<\/a> v\u0259 <a href=\"https:\/\/talkpal.ai\/learn-persian\/\">fars<\/a> dill\u0259rind\u0259n g\u0259l\u0259n t\u0259sirl\u0259rin qar\u0131\u015f\u0131\u011f\u0131 olan Az\u0259rbaycan dili \u00f6z\u00fcn\u0259m\u0259xsus dil t\u0259cr\u00fcb\u0259si t\u0259qdim edir. Amma qorxmay\u0131n, dostum! Bu m\u0259qal\u0259d\u0259 Az\u0259rbaycan dilinin qrammatikas\u0131n\u0131n m\u00f6c\u00fcz\u0259l\u0259rini a\u015fkar ed\u0259r\u0259k, onu \u0259l\u00e7atan ed\u0259c\u0259yik. C\u0259sar\u0259tl\u0259 deyir\u0259m ki, sizin kimi <a href=\"https:\/\/talkpal.ai\/talkpal-discount-for-language-enthusiasts\/\">dil h\u0259v\u0259skarlar\u0131<\/a> \u00fc\u00e7\u00fcn z\u00f6vql\u00fcd\u00fcr.<\/p>\n\n\n\n<p><strong>Ba\u015flayaq, el\u0259mi?<\/strong><\/p>\n\n\n\n<h3 class=\"wp-block-heading\" id=\"h-1-the-azerbaijani-alphabet-a-fusion-of-beauty-and-simplicity\">1. Az\u0259rbaycan \u0259lifbas\u0131. G\u00f6z\u0259llik v\u0259 sad\u0259liyin f\u00fcyuzat\u0131<\/h3>\n\n\n\n<p>Az\u0259rbaycan \u0259lifbas\u0131 32 h\u0259rfd\u0259n ibar\u0259t lat\u0131n qrafikas\u0131 \u0259sas\u0131nda t\u0259rtib olunub. Narahat olmay\u0131n, sirli simvollar\u0131 de\u015fifr\u0259 etm\u0259li olmayacaqs\u0131n\u0131z, \u00e7\u00fcnki o, ingilis \u0259lifbas\u0131na \u00e7ox b\u0259nz\u0259yir. B\u0259zi h\u0259rfl\u0259r is\u0259 konkret Az\u0259rbaycan s\u0259sl\u0259rini t\u0259msil etm\u0259k \u00fc\u00e7\u00fcn \u00f6z\u00fcn\u0259m\u0259xsus aksentl\u0259r\u0259 v\u0259 diakritik i\u015far\u0259l\u0259r\u0259 malikdir. \u018fsas g\u00f6t\u00fcrm\u0259 n\u0259dir? \u018flifban\u0131 m\u00fck\u0259mm\u0259l m\u0259nims\u0259m\u0259k dili \u00f6yr\u0259nm\u0259k \u00fc\u00e7\u00fcn ilk ki\u00e7ik, eyni halda z\u0259ruri add\u0131md\u0131r.<\/p>\n\n\n\n<h3 class=\"wp-block-heading\" id=\"h-2-word-order-simple-as-s-o-v\">2. S\u00f6z s\u0131ras\u0131: S-O-V kimi sad\u0259!<\/h3>\n\n\n\n<p>M\u00f6vzu-verb-object (SVO) s\u00f6z s\u0131ras\u0131 il\u0259 ged\u0259n ingilis dilind\u0259n f\u0259rqli olaraq Az\u0259rbaycan dili SOV dilidir. Bu o dem\u0259kdir ki, ad\u0259t\u0259n m\u00f6vzunu c\u00fcml\u0259nin \u0259vv\u0259lind\u0259 tapacaqs\u0131n\u0131z, sonra obyekt, v\u0259 feill\u0259 bit\u0259c\u0259k. Bu, ilk bax\u0131\u015fda bir az q\u0259rib\u0259 g\u00f6r\u00fcn\u0259 bil\u0259r, amma inan\u0131n ki, siz he\u00e7 vaxt bunun \u00f6hd\u0259sind\u0259n g\u0259l\u0259c\u0259ksiniz! M\u0259s\u0259l\u0259n, ingilis dilind\u0259 \u201cI love Azerbaijan\u201d deyirik. Az\u0259rbaycan dilind\u0259 c\u00fcml\u0259 \u201cM\u0259n Az\u0259rbaycan\u0131 sevir\u0259m\u201d (h\u0259rfi m\u0259nada \u201cM\u0259n Az\u0259rbaycan\u0131 sevir\u0259m\u201d) olard\u0131. Tort par\u00e7as\u0131, deyilmi?<\/p>\n\n\n\n<h3 class=\"wp-block-heading\" id=\"h-3-noun-cases-a-colorful-display-of-linguistic-variety\">3. Noun Cases: Linqvistik m\u00fcxt\u0259lifliyin r\u0259ngli n\u00fcmayi\u015fi<\/h3>\n\n\n\n<p>Az\u0259rbaycan dilinin qrammatikas\u0131n\u0131n \u0259n valehedici x\u00fcsusiyy\u0259tl\u0259rind\u0259n biri onun noun hallar\u0131d\u0131r. Bu dild\u0259 h\u0259r biri konkret bir i\u015f\u0259 xidm\u0259t ed\u0259n alt\u0131 f\u0259rqli hadis\u0259 il\u0259 f\u0259xr edilir. Bunlar: nominativ, genitiv, dativ, ittihamedici, lokativ v\u0259 ablativ. \u0130ndi bu, qorxulu g\u00f6r\u00fcn\u0259 bil\u0259r, amma qorxmay\u0131n! F\u0259rqli r\u0259ngl\u0259rl\u0259 \u015f\u0259kil \u00e7\u0259km\u0259k kimi, bu hallar da c\u00fcml\u0259l\u0259riniz\u0259 d\u0259rinlik v\u0259 m\u0259na qat\u0131r. M\u0259s\u0259l\u0259n, \u201ckitab\u201d (kitab) sahibliyi \u00e7atd\u0131rmaq \u00fc\u00e7\u00fcn \u201ckitab\u0131n\u201da (kitab\u0131n) \u00e7evril\u0259 bil\u0259r. Bu hallarla t\u0259dric\u0259n tan\u0131\u015f olduqda, onlar\u0131n dild\u0259ki \u0259h\u0259miyy\u0259tini d\u0259rk etm\u0259y\u0259 ba\u015flayacaqs\u0131n\u0131z.<\/p>\n\n\n\n<h3 class=\"wp-block-heading\" id=\"h-4-verb-conjugation-express-yourself-with-ease\">4. Verb Conjugation: \u00d6z\u00fcn\u00fc asanl\u0131qla ifad\u0259 et<\/h3>\n\n\n\n<p>Az\u0259rbaycan feill\u0259ri z\u0259ngin v\u0259 ifad\u0259li olub, geni\u015f h\u0259r\u0259k\u0259t, emosiya, niyy\u0259t v\u0259 daha \u00e7ox \u015fey ifad\u0259 etm\u0259y\u0259 imkan verir. Az\u0259rbaycan feil konjuqasiyas\u0131n\u0131 ustal\u0131qla ba\u015fa d\u00fc\u015fm\u0259k \u00fc\u00e7\u00fcn \u0259sas olan sonsuz forman\u0131 (feilin \u0259sas, qeyri-q\u0259ti formas\u0131) v\u0259 m\u00fcxt\u0259lif suffiksl\u0259ri ba\u015fa d\u00fc\u015fm\u0259kdir ki, bu da g\u0259rgin, insan v\u0259 r\u0259q\u0259m bildir\u0259ndir. M\u0259s\u0259l\u0259n, \u201cg\u00f6rm\u0259k\u201d m\u0259sd\u0259ri ba\u011flama sehri il\u0259 \u201cg\u00f6r\u00fcr\u0259m\u201d v\u0259 ya \u201cg\u00f6rd\u00fcm\u201d (g\u00f6rd\u00fcm) ola bil\u0259r. T\u0259cr\u00fcb\u0259 m\u00fck\u0259mm\u0259l edir, buna g\u00f6r\u0259 d\u0259 davam edin v\u0259 siz he\u00e7 vaxt fel birl\u0259\u015fm\u0259sinin v\u0131z\u0131lt\u0131s\u0131 olacaqs\u0131n\u0131z!<\/p>\n\n\n\n<h3 class=\"wp-block-heading\" id=\"h-5-it-s-all-about-the-context-dig-deep-into-the-azerbaijani-mindset\">5. H\u0259r \u015fey kontekstd\u0259n ibar\u0259tdir: Az\u0259rbaycan t\u0259f\u0259kk\u00fcr\u00fcn\u00fc d\u0259rind\u0259n qaz\u0131n!<\/h3>\n\n\n\n<p>C\u00fcml\u0259l\u0259ri bir yer\u0259 y\u0131\u011f\u0131b Az\u0259rbaycan dilin\u0259 bat\u0131rma\u011fa ba\u015flayanda kontekstin h\u0259lledici oldu\u011funu h\u0259mi\u015f\u0259 yadda saxlay\u0131n. Az\u0259rbaycan m\u0259d\u0259niyy\u0259ti, tarixi, d\u00fcnyag\u00f6r\u00fc\u015f\u00fc dilin formala\u015fmas\u0131nda b\u00f6y\u00fck rol oynay\u0131r. Buna g\u00f6r\u0259 d\u0259, nec\u0259 dey\u0259rl\u0259r, &#8220;Romada olanda, romal\u0131lar kimi edin&#8221;. Dilin h\u0259qiqi m\u0259nas\u0131n\u0131 \u0259ld\u0259 etm\u0259k \u00fc\u00e7\u00fcn Az\u0259rbaycan d\u00fc\u015f\u00fcnc\u0259sin\u0259 dal. Yerli sakinl\u0259rl\u0259 m\u0259\u015f\u011ful olmaq, yerli \u0259d\u0259biyyat\u0131 ara\u015fd\u0131rmaq v\u0259 dilin idiosknikil\u0259rini m\u0259nims\u0259m\u0259k. \u0130nan\u0131n m\u0259n\u0259, siz n\u0259inki dil bilikl\u0259rinizi t\u0259kmill\u0259\u015fdir\u0259c\u0259ksiniz, h\u0259m d\u0259 unudulmaz t\u0259cr\u00fcb\u0259 v\u0259 xatir\u0259l\u0259r qazanacaqs\u0131n\u0131z.<\/p>\n\n\n\n<p>N\u0259tic\u0259 olaraq, <a href=\"https:\/\/talkpal.ai\/azerbaijani-grammar\/\">Az\u0259rbaycan dilinin qrammatikas\u0131<\/a> ilk bax\u0131\u015fda \u00e7\u0259tin g\u00f6r\u00fcn\u0259 bil\u0259r, lakin f\u0259dakarl\u0131q, t\u0259cr\u00fcb\u0259 v\u0259 m\u0259d\u0259niyy\u0259t\u0259 olan b\u00f6y\u00fck maraqla siz q\u0131sa zamanda pe\u015f\u0259kar olacaqs\u0131n\u0131z! Yax\u015f\u0131, niy\u0259 g\u00f6zl\u0259yin? Suya q\u0259rq olun v\u0259 Az\u0259rbaycan dilinin g\u00f6z\u0259lliyi v\u0259 d\u0259rinliyi sizi heyr\u0259t\u0259 g\u0259tir\u0259c\u0259k bu maraql\u0131 dil mac\u0259ras\u0131 il\u0259 q\u0259d\u0259m qoyun.<\/p>\n<\/div><\/div>\n\r\n<section class=\"learnNavigationSection\">\r\n            \r\n        <a href=\"https:\/\/talkpal.ai\/az\/az%c9%99rbaycan-dilini-oyr%c9%99nin\/\">\r\n            <div class=\"learnNavigationWrapper\">\r\n                <div class=\"learnNavigationContent\">\r\n                    <img decoding=\"async\" src=\"https:\/\/talkpal.ai\/wp-content\/uploads\/2024\/08\/Azerbaijani.jpg\" alt=\"Azerbaijani Flag\">\r\n                    <div>\r\n                        <h4>Az\u0259rbaycan \u00d6yr\u0259nilm\u0259si Haqq\u0131nda<\/h4>\r\n                        <p>Az\u0259rbaycan dilinin qrammatikas\u0131 haqq\u0131nda h\u0259r \u015feyi \u00f6yr\u0259nin .<\/p>\r\n                    <\/div>\r\n                <\/div>\r\n            <\/div>\r\n        <\/a>\r\n\r\n        \r\n        <a href=\"https:\/\/talkpal.ai\/az\/az%c9%99rbaycan-qrammatikasi-calismalari\/\">\r\n            <div class=\"learnNavigationWrapper\">\r\n                <div class=\"learnNavigationContent\">\r\n                    <img decoding=\"async\" src=\"https:\/\/talkpal.ai\/wp-content\/uploads\/2024\/08\/Azerbaijani.jpg\" alt=\"Azerbaijani Flag\">\r\n                    <div>\r\n                        <h4>Az\u0259rbaycan dilinin qrammatikas\u0131 i\u015fi<\/h4>\r\n                        <p>Az\u0259rbaycan dilinin qrammatikas\u0131n\u0131 m\u0259\u015fq edin.<\/p>\r\n                    <\/div>\r\n                <\/div>\r\n            <\/div>\r\n        <\/a>\r\n\r\n        \r\n        <a href=\"https:\/\/talkpal.ai\/vocabulary_language\/azerbaijani\/\">\r\n            <div class=\"learnNavigationWrapper\">\r\n                <div class=\"learnNavigationContent\">\r\n                    <img decoding=\"async\" src=\"https:\/\/talkpal.ai\/wp-content\/uploads\/2024\/08\/Azerbaijani.jpg\" alt=\"Azerbaijani Flag\">\r\n                    <div>\r\n                        <h4>Az\u0259rbaycan l\u00fc\u011f\u0259ti<\/h4>\r\n                        <p>Az\u0259rbaycan dili l\u00fc\u011f\u0259tinizi geni\u015fl\u0259ndirin.<\/p>\r\n                    <\/div>\r\n                <\/div>\r\n            <\/div>\r\n        <\/a>\r\n\r\n            <\/section>","protected":false},"excerpt":{"rendered":"<p>Az\u0259rbaycan dilinin qrammatikas\u0131 \u00fczr\u0259 geni\u015f b\u0259l\u0259diy\u0259 Az\u0259rbaycan dilini \u00f6yr\u0259nm\u0259k bar\u0259d\u0259 he\u00e7 d\u00fc\u015f\u00fcnm\u00fcs\u00fcn\u00fczm\u00fc? Az\u0259rbaycan\u0131n d\u00f6vl\u0259t dili kimi v\u0259 Qafqaz regionunda milyonlarla insan\u0131n dan\u0131\u015fd\u0131\u011f\u0131 dil kimi Az\u0259rbaycan dili \u00f6z\u00fcn\u0259m\u0259xsus v\u0259 maraql\u0131 dildir. Z\u0259ngin tarix\u0259, m\u00fcxt\u0259lif m\u0259d\u0259niyy\u0259t\u0259 malik olan, t\u00fcrk, rus v\u0259 fars dill\u0259rind\u0259n g\u0259l\u0259n t\u0259sirl\u0259rin qar\u0131\u015f\u0131\u011f\u0131 olan Az\u0259rbaycan dili \u00f6z\u00fcn\u0259m\u0259xsus dil t\u0259cr\u00fcb\u0259si t\u0259qdim edir. Amma qorxmay\u0131n, dostum! [&hellip;]<\/p>\n","protected":false},"author":1,"featured_media":64112,"parent":0,"menu_order":0,"comment_status":"closed","ping_status":"closed","template":"LearningContentPage.php","meta":{"_acf_changed":false,"footnotes":""},"class_list":["post-74918","page","type-page","status-publish","has-post-thumbnail","hentry"],"acf":[],"yoast_head":"<!-- This site is optimized with the Yoast SEO Premium plugin v27.2 (Yoast SEO v27.2) - https:\/\/yoast.com\/product\/yoast-seo-premium-wordpress\/ -->\n<title>Az\u0259rbaycan dilinin qrammatikas\u0131 - Talkpal<\/title>\n<meta name=\"description\" content=\"S\u00fcni intellektl\u0259 i\u015fl\u0259y\u0259n m\u00fc\u0259lliminiz Talkpal il\u0259 Az\u0259rbaycan qrammatikas\u0131n\u0131 asanl\u0131qla m\u0259nims\u0259yin. Asan izahatlar\u0131, interaktiv m\u0259\u015fql\u0259ri v\u0259 praktiki m\u0259sl\u0259h\u0259tl\u0259ri k\u0259\u015ff edin\" \/>\n<meta name=\"robots\" content=\"index, follow, max-snippet:-1, max-image-preview:large, max-video-preview:-1\" \/>\n<link rel=\"canonical\" href=\"https:\/\/talkpal.ai\/az\/az%c9%99rbaycan-dilinin-qrammatikasi\/\" \/>\n<meta property=\"og:locale\" content=\"az_AZ\" \/>\n<meta property=\"og:type\" content=\"article\" \/>\n<meta property=\"og:title\" content=\"Az\u0259rbaycan dilinin qrammatikas\u0131\" \/>\n<meta property=\"og:description\" content=\"Az\u0259rbaycan dilinin qrammatikas\u0131 \u00fczr\u0259 geni\u015f b\u0259l\u0259diy\u0259 Az\u0259rbaycan dilini \u00f6yr\u0259nm\u0259k bar\u0259d\u0259 he\u00e7 d\u00fc\u015f\u00fcnm\u00fcs\u00fcn\u00fczm\u00fc? Az\u0259rbaycan\u0131n d\u00f6vl\u0259t dili kimi v\u0259 Qafqaz\" \/>\n<meta property=\"og:url\" content=\"https:\/\/talkpal.ai\/az\/az%c9%99rbaycan-dilinin-qrammatikasi\/\" \/>\n<meta property=\"og:site_name\" content=\"Talkpal\" \/>\n<meta property=\"article:publisher\" content=\"https:\/\/www.facebook.com\/profile.php?id=100090733639311\" \/>\n<meta property=\"article:modified_time\" content=\"2025-05-22T08:23:00+00:00\" \/>\n<meta property=\"og:image\" content=\"https:\/\/talkpal.ai\/wp-content\/uploads\/2023\/05\/azerbaijan.png\" \/>\n\t<meta property=\"og:image:width\" content=\"512\" \/>\n\t<meta property=\"og:image:height\" content=\"512\" \/>\n\t<meta property=\"og:image:type\" content=\"image\/png\" \/>\n<meta name=\"twitter:card\" content=\"summary_large_image\" \/>\n<meta name=\"twitter:site\" content=\"@talkpalai\" \/>\n<meta name=\"twitter:label1\" content=\"Est. reading time\" \/>\n\t<meta name=\"twitter:data1\" content=\"4 minutes\" \/>\n<script type=\"application\/ld+json\" class=\"yoast-schema-graph\">{\"@context\":\"https:\/\/schema.org\",\"@graph\":[{\"@type\":\"WebPage\",\"@id\":\"https:\/\/talkpal.ai\/az\/az%c9%99rbaycan-dilinin-qrammatikasi\/\",\"url\":\"https:\/\/talkpal.ai\/az\/az%c9%99rbaycan-dilinin-qrammatikasi\/\",\"name\":\"Az\u0259rbaycan dilinin qrammatikas\u0131 - Talkpal\",\"isPartOf\":{\"@id\":\"https:\/\/talkpal.ai\/az\/#website\"},\"primaryImageOfPage\":{\"@id\":\"https:\/\/talkpal.ai\/az\/az%c9%99rbaycan-dilinin-qrammatikasi\/#primaryimage\"},\"image\":{\"@id\":\"https:\/\/talkpal.ai\/az\/az%c9%99rbaycan-dilinin-qrammatikasi\/#primaryimage\"},\"thumbnailUrl\":\"https:\/\/talkpal.ai\/wp-content\/uploads\/2023\/05\/azerbaijan.png\",\"datePublished\":\"2023-05-14T13:53:48+00:00\",\"dateModified\":\"2025-05-22T08:23:00+00:00\",\"description\":\"S\u00fcni intellektl\u0259 i\u015fl\u0259y\u0259n m\u00fc\u0259lliminiz Talkpal il\u0259 Az\u0259rbaycan qrammatikas\u0131n\u0131 asanl\u0131qla m\u0259nims\u0259yin. Asan izahatlar\u0131, interaktiv m\u0259\u015fql\u0259ri v\u0259 praktiki m\u0259sl\u0259h\u0259tl\u0259ri k\u0259\u015ff edin\",\"breadcrumb\":{\"@id\":\"https:\/\/talkpal.ai\/az\/az%c9%99rbaycan-dilinin-qrammatikasi\/#breadcrumb\"},\"inLanguage\":\"az\",\"potentialAction\":[{\"@type\":\"ReadAction\",\"target\":[\"https:\/\/talkpal.ai\/az\/az%c9%99rbaycan-dilinin-qrammatikasi\/\"]}]},{\"@type\":\"ImageObject\",\"inLanguage\":\"az\",\"@id\":\"https:\/\/talkpal.ai\/az\/az%c9%99rbaycan-dilinin-qrammatikasi\/#primaryimage\",\"url\":\"https:\/\/talkpal.ai\/wp-content\/uploads\/2023\/05\/azerbaijan.png\",\"contentUrl\":\"https:\/\/talkpal.ai\/wp-content\/uploads\/2023\/05\/azerbaijan.png\",\"width\":512,\"height\":512},{\"@type\":\"BreadcrumbList\",\"@id\":\"https:\/\/talkpal.ai\/az\/az%c9%99rbaycan-dilinin-qrammatikasi\/#breadcrumb\",\"itemListElement\":[{\"@type\":\"ListItem\",\"position\":1,\"name\":\"Homepage\",\"item\":\"https:\/\/talkpal.ai\/az\/\"},{\"@type\":\"ListItem\",\"position\":2,\"name\":\"Az\u0259rbaycan dilinin qrammatikas\u0131\"}]},{\"@type\":\"WebSite\",\"@id\":\"https:\/\/talkpal.ai\/az\/#website\",\"url\":\"https:\/\/talkpal.ai\/az\/\",\"name\":\"Talkpal\",\"description\":\"AI Language Learning\",\"publisher\":{\"@id\":\"https:\/\/talkpal.ai\/az\/#organization\"},\"alternateName\":\"Talkpal AI\",\"potentialAction\":[{\"@type\":\"SearchAction\",\"target\":{\"@type\":\"EntryPoint\",\"urlTemplate\":\"https:\/\/talkpal.ai\/az\/?s={search_term_string}\"},\"query-input\":{\"@type\":\"PropertyValueSpecification\",\"valueRequired\":true,\"valueName\":\"search_term_string\"}}],\"inLanguage\":\"az\"},{\"@type\":\"Organization\",\"@id\":\"https:\/\/talkpal.ai\/az\/#organization\",\"name\":\"Talkpal, Inc.\",\"alternateName\":\"Talkpal AI\",\"url\":\"https:\/\/talkpal.ai\/az\/\",\"logo\":{\"@type\":\"ImageObject\",\"inLanguage\":\"az\",\"@id\":\"https:\/\/talkpal.ai\/az\/#\/schema\/logo\/image\/\",\"url\":\"https:\/\/talkpal.ai\/wp-content\/uploads\/2024\/03\/Talkpal-Logo-Icon.png\",\"contentUrl\":\"https:\/\/talkpal.ai\/wp-content\/uploads\/2024\/03\/Talkpal-Logo-Icon.png\",\"width\":2880,\"height\":2880,\"caption\":\"Talkpal, Inc.\"},\"image\":{\"@id\":\"https:\/\/talkpal.ai\/az\/#\/schema\/logo\/image\/\"},\"sameAs\":[\"https:\/\/www.facebook.com\/profile.php?id=100090733639311\",\"https:\/\/x.com\/talkpalai\",\"https:\/\/www.linkedin.com\/company\/talkpal\/\",\"https:\/\/www.youtube.com\/@TalkPal\/\",\"https:\/\/www.tiktok.com\/@talkpal\",\"https:\/\/www.instagram.com\/talkpal_ai\/\",\"https:\/\/www.crunchbase.com\/organization\/talkpal-9cde\",\"https:\/\/www.g2.com\/products\/talkpal-for-business\/\",\"https:\/\/www.trustpilot.com\/review\/talkpal.ai\",\"https:\/\/www.capterra.com\/p\/10006800\/TalkPal\/\"],\"description\":\"Talkpal is a language learning web and mobile education app, powered by the latest AI technologies, that provides engaging experiences to its customers in many different languages to help them improve their language skills. Users can chat about unlimited amount of topics with the app and use other modes to practice their language learning.\",\"email\":\"support@talkpal.ai\",\"legalName\":\"Talkpal, Inc.\",\"foundingDate\":\"2023-04-03\",\"duns\":\"118989042\",\"numberOfEmployees\":{\"@type\":\"QuantitativeValue\",\"minValue\":\"11\",\"maxValue\":\"50\"},\"publishingPrinciples\":\"https:\/\/talkpal.ai\/publishing-principles\/\",\"actionableFeedbackPolicy\":\"https:\/\/talkpal.ai\/actionable-feedback-policy\/\",\"correctionsPolicy\":\"https:\/\/talkpal.ai\/corrections-policy\/\",\"ethicsPolicy\":\"https:\/\/talkpal.ai\/ethics-policy\/\",\"diversityPolicy\":\"https:\/\/talkpal.ai\/diversity-policy\/\",\"diversityStaffingReport\":\"https:\/\/talkpal.ai\/diversity-policy\/\"}]}<\/script>\n<!-- \/ Yoast SEO Premium plugin. -->","yoast_head_json":{"title":"Az\u0259rbaycan dilinin qrammatikas\u0131 - Talkpal","description":"S\u00fcni intellektl\u0259 i\u015fl\u0259y\u0259n m\u00fc\u0259lliminiz Talkpal il\u0259 Az\u0259rbaycan qrammatikas\u0131n\u0131 asanl\u0131qla m\u0259nims\u0259yin. Asan izahatlar\u0131, interaktiv m\u0259\u015fql\u0259ri v\u0259 praktiki m\u0259sl\u0259h\u0259tl\u0259ri k\u0259\u015ff edin","robots":{"index":"index","follow":"follow","max-snippet":"max-snippet:-1","max-image-preview":"max-image-preview:large","max-video-preview":"max-video-preview:-1"},"canonical":"https:\/\/talkpal.ai\/az\/az%c9%99rbaycan-dilinin-qrammatikasi\/","og_locale":"az_AZ","og_type":"article","og_title":"Az\u0259rbaycan dilinin qrammatikas\u0131","og_description":"Az\u0259rbaycan dilinin qrammatikas\u0131 \u00fczr\u0259 geni\u015f b\u0259l\u0259diy\u0259 Az\u0259rbaycan dilini \u00f6yr\u0259nm\u0259k bar\u0259d\u0259 he\u00e7 d\u00fc\u015f\u00fcnm\u00fcs\u00fcn\u00fczm\u00fc? Az\u0259rbaycan\u0131n d\u00f6vl\u0259t dili kimi v\u0259 Qafqaz","og_url":"https:\/\/talkpal.ai\/az\/az%c9%99rbaycan-dilinin-qrammatikasi\/","og_site_name":"Talkpal","article_publisher":"https:\/\/www.facebook.com\/profile.php?id=100090733639311","article_modified_time":"2025-05-22T08:23:00+00:00","og_image":[{"width":512,"height":512,"url":"https:\/\/talkpal.ai\/wp-content\/uploads\/2023\/05\/azerbaijan.png","type":"image\/png"}],"twitter_card":"summary_large_image","twitter_site":"@talkpalai","twitter_misc":{"Est. reading time":"4 minutes"},"schema":{"@context":"https:\/\/schema.org","@graph":[{"@type":"WebPage","@id":"https:\/\/talkpal.ai\/az\/az%c9%99rbaycan-dilinin-qrammatikasi\/","url":"https:\/\/talkpal.ai\/az\/az%c9%99rbaycan-dilinin-qrammatikasi\/","name":"Az\u0259rbaycan dilinin qrammatikas\u0131 - Talkpal","isPartOf":{"@id":"https:\/\/talkpal.ai\/az\/#website"},"primaryImageOfPage":{"@id":"https:\/\/talkpal.ai\/az\/az%c9%99rbaycan-dilinin-qrammatikasi\/#primaryimage"},"image":{"@id":"https:\/\/talkpal.ai\/az\/az%c9%99rbaycan-dilinin-qrammatikasi\/#primaryimage"},"thumbnailUrl":"https:\/\/talkpal.ai\/wp-content\/uploads\/2023\/05\/azerbaijan.png","datePublished":"2023-05-14T13:53:48+00:00","dateModified":"2025-05-22T08:23:00+00:00","description":"S\u00fcni intellektl\u0259 i\u015fl\u0259y\u0259n m\u00fc\u0259lliminiz Talkpal il\u0259 Az\u0259rbaycan qrammatikas\u0131n\u0131 asanl\u0131qla m\u0259nims\u0259yin. Asan izahatlar\u0131, interaktiv m\u0259\u015fql\u0259ri v\u0259 praktiki m\u0259sl\u0259h\u0259tl\u0259ri k\u0259\u015ff edin","breadcrumb":{"@id":"https:\/\/talkpal.ai\/az\/az%c9%99rbaycan-dilinin-qrammatikasi\/#breadcrumb"},"inLanguage":"az","potentialAction":[{"@type":"ReadAction","target":["https:\/\/talkpal.ai\/az\/az%c9%99rbaycan-dilinin-qrammatikasi\/"]}]},{"@type":"ImageObject","inLanguage":"az","@id":"https:\/\/talkpal.ai\/az\/az%c9%99rbaycan-dilinin-qrammatikasi\/#primaryimage","url":"https:\/\/talkpal.ai\/wp-content\/uploads\/2023\/05\/azerbaijan.png","contentUrl":"https:\/\/talkpal.ai\/wp-content\/uploads\/2023\/05\/azerbaijan.png","width":512,"height":512},{"@type":"BreadcrumbList","@id":"https:\/\/talkpal.ai\/az\/az%c9%99rbaycan-dilinin-qrammatikasi\/#breadcrumb","itemListElement":[{"@type":"ListItem","position":1,"name":"Homepage","item":"https:\/\/talkpal.ai\/az\/"},{"@type":"ListItem","position":2,"name":"Az\u0259rbaycan dilinin qrammatikas\u0131"}]},{"@type":"WebSite","@id":"https:\/\/talkpal.ai\/az\/#website","url":"https:\/\/talkpal.ai\/az\/","name":"Talkpal","description":"AI Language Learning","publisher":{"@id":"https:\/\/talkpal.ai\/az\/#organization"},"alternateName":"Talkpal AI","potentialAction":[{"@type":"SearchAction","target":{"@type":"EntryPoint","urlTemplate":"https:\/\/talkpal.ai\/az\/?s={search_term_string}"},"query-input":{"@type":"PropertyValueSpecification","valueRequired":true,"valueName":"search_term_string"}}],"inLanguage":"az"},{"@type":"Organization","@id":"https:\/\/talkpal.ai\/az\/#organization","name":"Talkpal, Inc.","alternateName":"Talkpal AI","url":"https:\/\/talkpal.ai\/az\/","logo":{"@type":"ImageObject","inLanguage":"az","@id":"https:\/\/talkpal.ai\/az\/#\/schema\/logo\/image\/","url":"https:\/\/talkpal.ai\/wp-content\/uploads\/2024\/03\/Talkpal-Logo-Icon.png","contentUrl":"https:\/\/talkpal.ai\/wp-content\/uploads\/2024\/03\/Talkpal-Logo-Icon.png","width":2880,"height":2880,"caption":"Talkpal, Inc."},"image":{"@id":"https:\/\/talkpal.ai\/az\/#\/schema\/logo\/image\/"},"sameAs":["https:\/\/www.facebook.com\/profile.php?id=100090733639311","https:\/\/x.com\/talkpalai","https:\/\/www.linkedin.com\/company\/talkpal\/","https:\/\/www.youtube.com\/@TalkPal\/","https:\/\/www.tiktok.com\/@talkpal","https:\/\/www.instagram.com\/talkpal_ai\/","https:\/\/www.crunchbase.com\/organization\/talkpal-9cde","https:\/\/www.g2.com\/products\/talkpal-for-business\/","https:\/\/www.trustpilot.com\/review\/talkpal.ai","https:\/\/www.capterra.com\/p\/10006800\/TalkPal\/"],"description":"Talkpal is a language learning web and mobile education app, powered by the latest AI technologies, that provides engaging experiences to its customers in many different languages to help them improve their language skills. Users can chat about unlimited amount of topics with the app and use other modes to practice their language learning.","email":"support@talkpal.ai","legalName":"Talkpal, Inc.","foundingDate":"2023-04-03","duns":"118989042","numberOfEmployees":{"@type":"QuantitativeValue","minValue":"11","maxValue":"50"},"publishingPrinciples":"https:\/\/talkpal.ai\/publishing-principles\/","actionableFeedbackPolicy":"https:\/\/talkpal.ai\/actionable-feedback-policy\/","correctionsPolicy":"https:\/\/talkpal.ai\/corrections-policy\/","ethicsPolicy":"https:\/\/talkpal.ai\/ethics-policy\/","diversityPolicy":"https:\/\/talkpal.ai\/diversity-policy\/","diversityStaffingReport":"https:\/\/talkpal.ai\/diversity-policy\/"}]}},"_links":{"self":[{"href":"https:\/\/talkpal.ai\/az\/wp-json\/wp\/v2\/pages\/74918","targetHints":{"allow":["GET"]}}],"collection":[{"href":"https:\/\/talkpal.ai\/az\/wp-json\/wp\/v2\/pages"}],"about":[{"href":"https:\/\/talkpal.ai\/az\/wp-json\/wp\/v2\/types\/page"}],"author":[{"embeddable":true,"href":"https:\/\/talkpal.ai\/az\/wp-json\/wp\/v2\/users\/1"}],"replies":[{"embeddable":true,"href":"https:\/\/talkpal.ai\/az\/wp-json\/wp\/v2\/comments?post=74918"}],"version-history":[{"count":0,"href":"https:\/\/talkpal.ai\/az\/wp-json\/wp\/v2\/pages\/74918\/revisions"}],"wp:featuredmedia":[{"embeddable":true,"href":"https:\/\/talkpal.ai\/az\/wp-json\/wp\/v2\/media\/64112"}],"wp:attachment":[{"href":"https:\/\/talkpal.ai\/az\/wp-json\/wp\/v2\/media?parent=74918"}],"curies":[{"name":"wp","href":"https:\/\/api.w.org\/{rel}","templated":true}]}}