{"id":74915,"date":"2023-06-16T11:38:32","date_gmt":"2023-06-16T11:38:32","guid":{"rendered":"http:\/\/talkpal.ai\/az%c9%99rbaycan-qrammatikasi-calismalari\/"},"modified":"2025-05-22T21:36:33","modified_gmt":"2025-05-22T21:36:33","slug":"az%c9%99rbaycan-qrammatikasi-calismalari","status":"publish","type":"page","link":"https:\/\/talkpal.ai\/az\/az%c9%99rbaycan-qrammatikasi-calismalari\/","title":{"rendered":"Az\u0259rbaycan Qrammatikas\u0131 \u00c7al\u0131\u015fmalar\u0131"},"content":{"rendered":"\r\n\r\n\r\n<section class=\"languageChallengeSection\">\r\n    <div class=\"languageInfoWrapper\">\r\n        \r\n        <h1>Az\u0259rbaycan Qrammatikas\u0131 \u00c7al\u0131\u015fmalar\u0131<\/h1>\r\n        <p>Az\u0259rbaycan dilind\u0259 bacar\u0131qlar\u0131n\u0131z\u0131 art\u0131rmaq ist\u0259yirsiniz? Qrammatik m\u0259\u015fql\u0259rin t\u0259tbiqi c\u00fcml\u0259 qurulu\u015funu, fel sonlar\u0131n\u0131 v\u0259 dili unikal ed\u0259n n\u00fcmun\u0259l\u0259ri ba\u015fa d\u00fc\u015fm\u0259k \u00fc\u00e7\u00fcn m\u00fck\u0259mm\u0259l bir yoldur. Bu g\u00fcn Az\u0259rbaycan dilinin qrammatikas\u0131n\u0131 m\u0259\u015fq etm\u0259y\u0259 ba\u015flay\u0131n v\u0259 h\u0259r add\u0131mda inam\u0131n\u0131z\u0131n v\u0259 s\u0259lis dan\u0131\u015fma\u011f\u0131n\u0131z\u0131n artmas\u0131n\u0131 izl\u0259yin!<\/p>\r\n\r\n                            <a class=\"getStartedHidden\" href=\"https:\/\/app.talkpal.ai\/signup?lng=\">Ba\u015fla<\/a>\r\n        \r\n    <\/div>\r\n\r\n    <figure>\r\n    <img decoding=\"async\" width=\"768\" height=\"768\" src=\"https:\/\/talkpal.ai\/wp-content\/uploads\/2023\/06\/azerbaijani-768x768.png\" class=\"languageImage no-lazy\" alt=\"Language learning for enhanced cognitive skills\" fetchpriority=\"high\" sizes=\"(max-width: 768px) 150px, 768px\" srcset=\"https:\/\/talkpal.ai\/wp-content\/uploads\/2023\/06\/azerbaijani-768x768.png 768w, https:\/\/talkpal.ai\/wp-content\/uploads\/2023\/06\/azerbaijani-300x300.png 300w\" \/>\r\n    \r\n\r\n    <\/figure>\r\n\r\n            <a class=\"getStartedVisible\" href=\"https:\/\/app.talkpal.ai\/signup?lng=\">Ba\u015fla<\/a>\r\n    \r\n<\/section>\r\n\r\n\r\n<!-- <section class=\"grammarSection\">\r\n    <div class=\"grammarLinks\">\r\n            <\/div>\r\n<\/section> -->\r\n\r\n\r\n\r\n\r\n<section class=\"promotionalBanner\">\r\n    <p class=\"promotionalText\">Dil \u00f6yr\u0259nm\u0259yin \u0259n t\u0259sirli yolu<\/p>\r\n    <a class=\"promotionalLink\" href=\"https:\/\/app.talkpal.ai\/signup?lng=\">Talkpal pulsuz s\u0131nay\u0131n<\/a>\r\n<\/section>\n<div class=\"wp-block-group pageContainerStyle\"><div class=\"wp-block-group__inner-container is-layout-constrained wp-block-group-is-layout-constrained\">\n<h2 class=\"wp-block-heading\" id=\"h-azerbaijani-grammar-topics\">Az\u0259rbaycan dilinin qrammatikas\u0131 m\u00f6vzular\u0131<\/h2>\n\n\n\n<p>Az\u0259rbaycan t\u00fcrkc\u0259si kimi d\u0259 tan\u0131nan, \u0259sas\u0259n Az\u0259rbaycanda v\u0259 \u0259traf b\u00f6lg\u0259l\u0259rd\u0259 dan\u0131\u015f\u0131lan <a href=\"https:\/\/talkpal.ai\/learn-turkish\/\">t\u00fcrk<\/a> dilidir. Az\u0259rbaycan Respublikas\u0131n\u0131n d\u00f6vl\u0259t dilidir v\u0259 \u0130ran, T\u00fcrkiy\u0259, G\u00fcrc\u00fcstan v\u0259 Rusiyada \u0259h\u0259miyy\u0259tli natiql\u0259r\u0259 malikdir. Az\u0259rbaycan dilinin \u00f6yr\u0259n\u0259ni kimi onun qrammatikas\u0131, sintaksiksi v\u0259 s\u00f6z ehtiyat\u0131 kimi \u0259sas c\u0259h\u0259tl\u0259rini anlamaq z\u0259ruridir. Bu b\u0259l\u0259d\u00e7i siz\u0259 dili effektiv v\u0259 asanl\u0131qla \u00f6yr\u0259nm\u0259y\u0259 k\u00f6m\u0259k etm\u0259k \u00fc\u00e7\u00fcn m\u0259ntiqi ard\u0131c\u0131ll\u0131qla y\u0131\u011f\u0131lm\u0131\u015f z\u0259ruri Az\u0259rbaycan dilinin qrammatika m\u00f6vzular\u0131 haqq\u0131nda \u00fcmumi m\u0259lumat ver\u0259c\u0259k.<\/p>\n\n\n\n<h3 class=\"wp-block-heading\" id=\"h-1-nouns-and-articles\">1. Nounlar v\u0259 m\u0259qal\u0259l\u0259r:<\/h3>\n\n\n\n<p>Az\u0259rbaycan dilind\u0259 noundlar c\u00fcml\u0259l\u0259rin \u0259sas bloklar\u0131d\u0131r v\u0259 onlar\u0131n istifad\u0259sini ba\u015fa d\u00fc\u015fm\u0259k olduqca vacibdir. Nounlar\u0131n cinsiyy\u0259ti yoxdur, qeyri-m\u00fc\u0259yy\u0259n bir m\u0259qal\u0259 yoxdur. Lakin bu m\u0259qal\u0259y\u0259 suffiks kimi \u0259lav\u0259 olunur.<\/p>\n\n\n\n<h3 class=\"wp-block-heading\" id=\"h-2-adjectives\">2. Adjectives:<\/h3>\n\n\n\n<p>Az\u0259rbaycan dilind\u0259 adjectives ismin\u0259 aid adlara deyilir. H\u0259mi\u015f\u0259 d\u0259yi\u015fdirdikl\u0259ri isimd\u0259n \u0259vv\u0259l g\u0259lirl\u0259r v\u0259 ismin cinsin\u0259 v\u0259 ya say\u0131na g\u00f6r\u0259 formas\u0131n\u0131 d\u0259yi\u015fmirl\u0259r.<\/p>\n\n\n\n<h3 class=\"wp-block-heading\" id=\"h-3-pronouns-determiners\">3. Pronouns\/Determinl\u0259r:<\/h3>\n\n\n\n<p>\u018fv\u0259zlikl\u0259r isiml\u0259ri \u0259v\u0259z etm\u0259k \u00fc\u00e7\u00fcn, t\u0259yinedicil\u0259r is\u0259 ismin k\u0259miyy\u0259tini v\u0259 ya m\u00fc\u0259yy\u0259nliyini g\u00f6st\u0259rm\u0259k \u00fc\u00e7\u00fcn istifad\u0259 olunur. H\u0259r ikisi Az\u0259rbaycan c\u00fcml\u0259l\u0259rinin \u0259sas t\u0259rkib hiss\u0259l\u0259ridir.<\/p>\n\n\n\n<h3 class=\"wp-block-heading\" id=\"h-4-verbs\">4. Feill\u0259r:<\/h3>\n\n\n\n<p>Az\u0259rbaycan feill\u0259ri &#8211; dilin h\u0259r\u0259k\u0259tli s\u00f6zl\u0259ridir. Onlar \u00f6z formas\u0131n\u0131 g\u0259rgin, \u0259hval-ruhiyy\u0259d\u0259n v\u0259 s\u0259sd\u0259n as\u0131l\u0131 olaraq d\u0259yi\u015firl\u0259r. Az\u0259rbaycan dilinin qrammatikas\u0131na yiy\u0259l\u0259nm\u0259k \u00fc\u00e7\u00fcn feli konjuqasiyan\u0131 ba\u015fa d\u00fc\u015fm\u0259k olduqca vacibdir.<\/p>\n\n\n\n<h3 class=\"wp-block-heading\" id=\"h-5-tenses\">5. G\u0259rginlikl\u0259r:<\/h3>\n\n\n\n<p>Az\u0259rbaycan dilind\u0259 alt\u0131 zaman var &#8211; indiki, ke\u00e7mi\u015f, g\u0259l\u0259c\u0259k, indiki m\u00fck\u0259mm\u0259l, ke\u00e7mi\u015f m\u00fck\u0259mm\u0259l v\u0259 g\u0259l\u0259c\u0259k m\u00fck\u0259mm\u0259l. H\u0259r bir g\u0259rginlik \u00f6z konjuqasiya qaydalar\u0131na malikdir v\u0259 m\u00fcxt\u0259lif vaxtlarda h\u0259r\u0259k\u0259tl\u0259ri v\u0259 ya \u015ftatlar\u0131 ifad\u0259 etm\u0259k \u00fc\u00e7\u00fcn istifad\u0259 olunur.<\/p>\n\n\n\n<h3 class=\"wp-block-heading\" id=\"h-6-tense-comparison\">6. G\u0259rgin m\u00fcqayis\u0259:<\/h3>\n\n\n\n<p>Az\u0259rbaycan dilind\u0259 olan g\u0259rginlikl\u0259ri m\u00fcqayis\u0259 etm\u0259k zaman v\u0259 h\u0259r\u0259k\u0259tl\u0259ri ifad\u0259 etm\u0259kd\u0259 f\u0259rql\u0259ri anlama\u011fa k\u00f6m\u0259k edir. Bu, effektiv \u00fcnsiyy\u0259t \u00fc\u00e7\u00fcn h\u0259lledici bacar\u0131qd\u0131r.<\/p>\n\n\n\n<h3 class=\"wp-block-heading\" id=\"h-7-progressive\">7. M\u00fct\u0259r\u0259qqi:<\/h3>\n\n\n\n<p>Az\u0259rbaycan dilind\u0259 m\u00fct\u0259r\u0259qqi aspektd\u0259n davam ed\u0259n h\u0259r\u0259k\u0259tl\u0259ri t\u0259svir etm\u0259k \u00fc\u00e7\u00fcn istifad\u0259 olunur. K\u00f6m\u0259k\u00e7i feill\u0259rd\u0259n istifad\u0259 etm\u0259kl\u0259 \u0259m\u0259l\u0259 g\u0259lir v\u0259 c\u00fcml\u0259d\u0259 hadis\u0259l\u0259rin ax\u0131\u015f\u0131n\u0131 ba\u015fa d\u00fc\u015fm\u0259k \u00fc\u00e7\u00fcn z\u0259ruridir.<\/p>\n\n\n\n<h3 class=\"wp-block-heading\" id=\"h-8-perfect-progressive\">8. M\u00fck\u0259mm\u0259l T\u0259r\u0259qqi:<\/h3>\n\n\n\n<p>M\u00fck\u0259mm\u0259l m\u00fct\u0259r\u0259qqi g\u0259rginlikl\u0259r ke\u00e7mi\u015fd\u0259 ba\u015flayan v\u0259 indiki v\u0259 ya g\u0259l\u0259c\u0259kl\u0259 davam ed\u0259n h\u0259r\u0259k\u0259tl\u0259ri t\u0259svir etm\u0259k \u00fc\u00e7\u00fcn istifad\u0259 olunur. Onlar m\u00fck\u0259mm\u0259l v\u0259 m\u00fct\u0259r\u0259qqi t\u0259r\u0259fl\u0259ri birl\u0259\u015fdirir v\u0259 m\u00fcr\u0259kk\u0259b h\u0259r\u0259k\u0259tl\u0259ri ifad\u0259 etm\u0259k \u00fc\u00e7\u00fcn z\u0259ruridir.<\/p>\n\n\n\n<h3 class=\"wp-block-heading\" id=\"h-9-adverbs\">9. Adverbl\u0259r:<\/h3>\n\n\n\n<p>Az\u0259rbaycan dilind\u0259 adverbl\u0259r feill\u0259rin, adgektivl\u0259rin v\u0259 ya dig\u0259r adverbl\u0259rin d\u0259yi\u015fdirilm\u0259sind\u0259 istifad\u0259 olunur. Onlar h\u0259r\u0259k\u0259t v\u0259 ya d\u00f6vl\u0259tl\u0259r haqq\u0131nda \u0259lav\u0259 m\u0259lumat verir v\u0259 daha d\u0259qiq v\u0259 t\u0259svirli c\u00fcml\u0259l\u0259r yaratmaq \u00fc\u00e7\u00fcn z\u0259ruridir.<\/p>\n\n\n\n<h3 class=\"wp-block-heading\" id=\"h-10-conditionals\">10. \u015e\u0259rti olaraq:<\/h3>\n\n\n\n<p>\u015e\u0259rti olaraq hipotetik v\u0259ziyy\u0259tl\u0259ri v\u0259 onlar\u0131n m\u00fcmk\u00fcn n\u0259tic\u0259l\u0259rini ifad\u0259 etm\u0259k \u00fc\u00e7\u00fcn istifad\u0259 olunur. Onlar Az\u0259rbaycan dilind\u0259 qeyri-m\u00fc\u0259yy\u0259nlik ifad\u0259 etm\u0259k v\u0259 proqnozlar verm\u0259k \u00fc\u00e7\u00fcn z\u0259ruridir.<\/p>\n\n\n\n<h3 class=\"wp-block-heading\" id=\"h-11-prepositions\">11. Prepozisiyalar:<\/h3>\n\n\n\n<p>Prepozisiyalar c\u00fcml\u0259d\u0259 noun v\u0259 ya t\u0259l\u0259ff\u00fcz v\u0259 dig\u0259r s\u00f6zl\u0259r aras\u0131ndak\u0131 m\u00fcnasib\u0259tl\u0259ri g\u00f6st\u0259rm\u0259k \u00fc\u00e7\u00fcn istifad\u0259 olunur. Onlar Az\u0259rbaycan dilind\u0259 spatial, temporal v\u0259 m\u0259ntiqi m\u00fcnasib\u0259tl\u0259ri ifad\u0259 etm\u0259k \u00fc\u00e7\u00fcn z\u0259ruridir.<\/p>\n\n\n\n<h3 class=\"wp-block-heading\" id=\"h-12-sentences\">12. C\u00fcml\u0259l\u0259r:<\/h3>\n\n\n\n<p>Az\u0259rbaycan c\u00fcml\u0259l\u0259ri m\u00f6vzu-obyekt-feli (SOV) s\u00f6z s\u0131ras\u0131 il\u0259 davam edir. C\u00fcml\u0259l\u0259rin strukturunu ba\u015fa d\u00fc\u015fm\u0259k, az\u0259rbaycan dilinin s\u0259m\u0259r\u0259li \u00fcnsiyy\u0259ti v\u0259 ustal\u0131qla ba\u015fa d\u00fc\u015f\u00fclm\u0259si \u00fc\u00e7\u00fcn olduqca vacibdir.<\/p>\n<\/div><\/div>\n\r\n<section class=\"learnNavigationSection\">\r\n            \r\n        <a href=\"https:\/\/talkpal.ai\/az\/az%c9%99rbaycan-dilini-oyr%c9%99nin\/\">\r\n            <div class=\"learnNavigationWrapper\">\r\n                <div class=\"learnNavigationContent\">\r\n                    <img decoding=\"async\" src=\"https:\/\/talkpal.ai\/wp-content\/uploads\/2024\/08\/Azerbaijani.jpg\" alt=\"Azerbaijani Flag\">\r\n                    <div>\r\n                        <h4>Az\u0259rbaycan \u00d6yr\u0259nilm\u0259si Haqq\u0131nda<\/h4>\r\n                        <p>Az\u0259rbaycan dilinin qrammatikas\u0131 haqq\u0131nda h\u0259r \u015feyi \u00f6yr\u0259nin .<\/p>\r\n                    <\/div>\r\n                <\/div>\r\n            <\/div>\r\n        <\/a>\r\n\r\n        \r\n        <a href=\"https:\/\/talkpal.ai\/az\/az%c9%99rbaycan-dilinin-qrammatikasi\/\">\r\n            <div class=\"learnNavigationWrapper\">\r\n                <div class=\"learnNavigationContent\">\r\n                    <img decoding=\"async\" src=\"https:\/\/talkpal.ai\/wp-content\/uploads\/2024\/08\/Azerbaijani.jpg\" alt=\"Azerbaijani Flag\">\r\n                    <div>\r\n                        <h4>Az\u0259rbaycan dilinin qrammatikas\u0131 d\u0259rsl\u0259ri<\/h4>\r\n                        <p>Az\u0259rbaycan dilinin qrammatikas\u0131n\u0131 m\u0259\u015fq edin.<\/p>\r\n                    <\/div>\r\n                <\/div>\r\n            <\/div>\r\n        <\/a>\r\n\r\n        \r\n        <a href=\"https:\/\/talkpal.ai\/vocabulary_language\/azerbaijani\/\">\r\n            <div class=\"learnNavigationWrapper\">\r\n                <div class=\"learnNavigationContent\">\r\n                    <img decoding=\"async\" src=\"https:\/\/talkpal.ai\/wp-content\/uploads\/2024\/08\/Azerbaijani.jpg\" alt=\"Azerbaijani Flag\">\r\n                    <div>\r\n                        <h4>Az\u0259rbaycan l\u00fc\u011f\u0259ti<\/h4>\r\n                        <p>Az\u0259rbaycan dili l\u00fc\u011f\u0259tinizi geni\u015fl\u0259ndirin.<\/p>\r\n                    <\/div>\r\n                <\/div>\r\n            <\/div>\r\n        <\/a>\r\n\r\n            <\/section>","protected":false},"excerpt":{"rendered":"<p>Az\u0259rbaycan dilinin qrammatikas\u0131 m\u00f6vzular\u0131 Az\u0259rbaycan t\u00fcrkc\u0259si kimi d\u0259 tan\u0131nan, \u0259sas\u0259n Az\u0259rbaycanda v\u0259 \u0259traf b\u00f6lg\u0259l\u0259rd\u0259 dan\u0131\u015f\u0131lan t\u00fcrk dilidir. Az\u0259rbaycan Respublikas\u0131n\u0131n d\u00f6vl\u0259t dilidir v\u0259 \u0130ran, T\u00fcrkiy\u0259, G\u00fcrc\u00fcstan v\u0259 Rusiyada \u0259h\u0259miyy\u0259tli natiql\u0259r\u0259 malikdir. Az\u0259rbaycan dilinin \u00f6yr\u0259n\u0259ni kimi onun qrammatikas\u0131, sintaksiksi v\u0259 s\u00f6z ehtiyat\u0131 kimi \u0259sas c\u0259h\u0259tl\u0259rini anlamaq z\u0259ruridir. Bu b\u0259l\u0259d\u00e7i siz\u0259 dili effektiv v\u0259 asanl\u0131qla \u00f6yr\u0259nm\u0259y\u0259 k\u00f6m\u0259k etm\u0259k [&hellip;]<\/p>\n","protected":false},"author":6,"featured_media":64112,"parent":0,"menu_order":0,"comment_status":"closed","ping_status":"closed","template":"LearningContentPage.php","meta":{"_acf_changed":false,"footnotes":""},"class_list":["post-74915","page","type-page","status-publish","has-post-thumbnail","hentry"],"acf":[],"yoast_head":"<!-- This site is optimized with the Yoast SEO Premium plugin v27.2 (Yoast SEO v27.2) - https:\/\/yoast.com\/product\/yoast-seo-premium-wordpress\/ -->\n<title>Az\u0259rbaycan Qrammatikas\u0131 \u00c7al\u0131\u015fmalar\u0131 - Talkpal<\/title>\n<meta name=\"description\" content=\"AI il\u0259 i\u015fl\u0259y\u0259n dil m\u00fc\u0259lliminiz Talkpal -dan interaktiv Az\u0259rbaycan Qrammatikas\u0131 T\u0259liml\u0259ri il\u0259 Az\u0259rbaycan dili bilikl\u0259rinizi art\u0131r\u0131n.\" \/>\n<meta name=\"robots\" content=\"index, follow, max-snippet:-1, max-image-preview:large, max-video-preview:-1\" \/>\n<link rel=\"canonical\" href=\"https:\/\/talkpal.ai\/az\/az%c9%99rbaycan-qrammatikasi-calismalari\/\" \/>\n<meta property=\"og:locale\" content=\"az_AZ\" \/>\n<meta property=\"og:type\" content=\"article\" \/>\n<meta property=\"og:title\" content=\"Az\u0259rbaycan Qrammatikas\u0131 \u00c7al\u0131\u015fmalar\u0131\" \/>\n<meta property=\"og:description\" content=\"Az\u0259rbaycan dilinin qrammatikas\u0131 m\u00f6vzular\u0131 Az\u0259rbaycan t\u00fcrkc\u0259si kimi d\u0259 tan\u0131nan, \u0259sas\u0259n Az\u0259rbaycanda v\u0259 \u0259traf b\u00f6lg\u0259l\u0259rd\u0259 dan\u0131\u015f\u0131lan t\u00fcrk dilidir. Az\u0259rbaycan\" \/>\n<meta property=\"og:url\" content=\"https:\/\/talkpal.ai\/az\/az%c9%99rbaycan-qrammatikasi-calismalari\/\" \/>\n<meta property=\"og:site_name\" content=\"Talkpal\" \/>\n<meta property=\"article:publisher\" content=\"https:\/\/www.facebook.com\/profile.php?id=100090733639311\" \/>\n<meta property=\"article:modified_time\" content=\"2025-05-22T21:36:33+00:00\" \/>\n<meta property=\"og:image\" content=\"https:\/\/talkpal.ai\/wp-content\/uploads\/2023\/05\/azerbaijan.png\" \/>\n\t<meta property=\"og:image:width\" content=\"512\" \/>\n\t<meta property=\"og:image:height\" content=\"512\" \/>\n\t<meta property=\"og:image:type\" content=\"image\/png\" \/>\n<meta name=\"twitter:card\" content=\"summary_large_image\" \/>\n<meta name=\"twitter:site\" content=\"@talkpalai\" \/>\n<meta name=\"twitter:label1\" content=\"Est. reading time\" \/>\n\t<meta name=\"twitter:data1\" content=\"4 minutes\" \/>\n<script type=\"application\/ld+json\" class=\"yoast-schema-graph\">{\"@context\":\"https:\/\/schema.org\",\"@graph\":[{\"@type\":\"WebPage\",\"@id\":\"https:\/\/talkpal.ai\/az\/az%c9%99rbaycan-qrammatikasi-calismalari\/\",\"url\":\"https:\/\/talkpal.ai\/az\/az%c9%99rbaycan-qrammatikasi-calismalari\/\",\"name\":\"Az\u0259rbaycan Qrammatikas\u0131 \u00c7al\u0131\u015fmalar\u0131 - Talkpal\",\"isPartOf\":{\"@id\":\"https:\/\/talkpal.ai\/az\/#website\"},\"primaryImageOfPage\":{\"@id\":\"https:\/\/talkpal.ai\/az\/az%c9%99rbaycan-qrammatikasi-calismalari\/#primaryimage\"},\"image\":{\"@id\":\"https:\/\/talkpal.ai\/az\/az%c9%99rbaycan-qrammatikasi-calismalari\/#primaryimage\"},\"thumbnailUrl\":\"https:\/\/talkpal.ai\/wp-content\/uploads\/2023\/05\/azerbaijan.png\",\"datePublished\":\"2023-06-16T11:38:32+00:00\",\"dateModified\":\"2025-05-22T21:36:33+00:00\",\"description\":\"AI il\u0259 i\u015fl\u0259y\u0259n dil m\u00fc\u0259lliminiz Talkpal -dan interaktiv Az\u0259rbaycan Qrammatikas\u0131 T\u0259liml\u0259ri il\u0259 Az\u0259rbaycan dili bilikl\u0259rinizi art\u0131r\u0131n.\",\"breadcrumb\":{\"@id\":\"https:\/\/talkpal.ai\/az\/az%c9%99rbaycan-qrammatikasi-calismalari\/#breadcrumb\"},\"inLanguage\":\"az\",\"potentialAction\":[{\"@type\":\"ReadAction\",\"target\":[\"https:\/\/talkpal.ai\/az\/az%c9%99rbaycan-qrammatikasi-calismalari\/\"]}]},{\"@type\":\"ImageObject\",\"inLanguage\":\"az\",\"@id\":\"https:\/\/talkpal.ai\/az\/az%c9%99rbaycan-qrammatikasi-calismalari\/#primaryimage\",\"url\":\"https:\/\/talkpal.ai\/wp-content\/uploads\/2023\/05\/azerbaijan.png\",\"contentUrl\":\"https:\/\/talkpal.ai\/wp-content\/uploads\/2023\/05\/azerbaijan.png\",\"width\":512,\"height\":512},{\"@type\":\"BreadcrumbList\",\"@id\":\"https:\/\/talkpal.ai\/az\/az%c9%99rbaycan-qrammatikasi-calismalari\/#breadcrumb\",\"itemListElement\":[{\"@type\":\"ListItem\",\"position\":1,\"name\":\"Homepage\",\"item\":\"https:\/\/talkpal.ai\/az\/\"},{\"@type\":\"ListItem\",\"position\":2,\"name\":\"Az\u0259rbaycan Qrammatikas\u0131 \u00c7al\u0131\u015fmalar\u0131\"}]},{\"@type\":\"WebSite\",\"@id\":\"https:\/\/talkpal.ai\/az\/#website\",\"url\":\"https:\/\/talkpal.ai\/az\/\",\"name\":\"Talkpal\",\"description\":\"AI Language Learning\",\"publisher\":{\"@id\":\"https:\/\/talkpal.ai\/az\/#organization\"},\"alternateName\":\"Talkpal AI\",\"potentialAction\":[{\"@type\":\"SearchAction\",\"target\":{\"@type\":\"EntryPoint\",\"urlTemplate\":\"https:\/\/talkpal.ai\/az\/?s={search_term_string}\"},\"query-input\":{\"@type\":\"PropertyValueSpecification\",\"valueRequired\":true,\"valueName\":\"search_term_string\"}}],\"inLanguage\":\"az\"},{\"@type\":\"Organization\",\"@id\":\"https:\/\/talkpal.ai\/az\/#organization\",\"name\":\"Talkpal, Inc.\",\"alternateName\":\"Talkpal AI\",\"url\":\"https:\/\/talkpal.ai\/az\/\",\"logo\":{\"@type\":\"ImageObject\",\"inLanguage\":\"az\",\"@id\":\"https:\/\/talkpal.ai\/az\/#\/schema\/logo\/image\/\",\"url\":\"https:\/\/talkpal.ai\/wp-content\/uploads\/2024\/03\/Talkpal-Logo-Icon.png\",\"contentUrl\":\"https:\/\/talkpal.ai\/wp-content\/uploads\/2024\/03\/Talkpal-Logo-Icon.png\",\"width\":2880,\"height\":2880,\"caption\":\"Talkpal, Inc.\"},\"image\":{\"@id\":\"https:\/\/talkpal.ai\/az\/#\/schema\/logo\/image\/\"},\"sameAs\":[\"https:\/\/www.facebook.com\/profile.php?id=100090733639311\",\"https:\/\/x.com\/talkpalai\",\"https:\/\/www.linkedin.com\/company\/talkpal\/\",\"https:\/\/www.youtube.com\/@TalkPal\/\",\"https:\/\/www.tiktok.com\/@talkpal\",\"https:\/\/www.instagram.com\/talkpal_ai\/\",\"https:\/\/www.crunchbase.com\/organization\/talkpal-9cde\",\"https:\/\/www.g2.com\/products\/talkpal-for-business\/\",\"https:\/\/www.trustpilot.com\/review\/talkpal.ai\",\"https:\/\/www.capterra.com\/p\/10006800\/TalkPal\/\"],\"description\":\"Talkpal is a language learning web and mobile education app, powered by the latest AI technologies, that provides engaging experiences to its customers in many different languages to help them improve their language skills. Users can chat about unlimited amount of topics with the app and use other modes to practice their language learning.\",\"email\":\"support@talkpal.ai\",\"legalName\":\"Talkpal, Inc.\",\"foundingDate\":\"2023-04-03\",\"duns\":\"118989042\",\"numberOfEmployees\":{\"@type\":\"QuantitativeValue\",\"minValue\":\"11\",\"maxValue\":\"50\"},\"publishingPrinciples\":\"https:\/\/talkpal.ai\/publishing-principles\/\",\"actionableFeedbackPolicy\":\"https:\/\/talkpal.ai\/actionable-feedback-policy\/\",\"correctionsPolicy\":\"https:\/\/talkpal.ai\/corrections-policy\/\",\"ethicsPolicy\":\"https:\/\/talkpal.ai\/ethics-policy\/\",\"diversityPolicy\":\"https:\/\/talkpal.ai\/diversity-policy\/\",\"diversityStaffingReport\":\"https:\/\/talkpal.ai\/diversity-policy\/\"}]}<\/script>\n<!-- \/ Yoast SEO Premium plugin. -->","yoast_head_json":{"title":"Az\u0259rbaycan Qrammatikas\u0131 \u00c7al\u0131\u015fmalar\u0131 - Talkpal","description":"AI il\u0259 i\u015fl\u0259y\u0259n dil m\u00fc\u0259lliminiz Talkpal -dan interaktiv Az\u0259rbaycan Qrammatikas\u0131 T\u0259liml\u0259ri il\u0259 Az\u0259rbaycan dili bilikl\u0259rinizi art\u0131r\u0131n.","robots":{"index":"index","follow":"follow","max-snippet":"max-snippet:-1","max-image-preview":"max-image-preview:large","max-video-preview":"max-video-preview:-1"},"canonical":"https:\/\/talkpal.ai\/az\/az%c9%99rbaycan-qrammatikasi-calismalari\/","og_locale":"az_AZ","og_type":"article","og_title":"Az\u0259rbaycan Qrammatikas\u0131 \u00c7al\u0131\u015fmalar\u0131","og_description":"Az\u0259rbaycan dilinin qrammatikas\u0131 m\u00f6vzular\u0131 Az\u0259rbaycan t\u00fcrkc\u0259si kimi d\u0259 tan\u0131nan, \u0259sas\u0259n Az\u0259rbaycanda v\u0259 \u0259traf b\u00f6lg\u0259l\u0259rd\u0259 dan\u0131\u015f\u0131lan t\u00fcrk dilidir. Az\u0259rbaycan","og_url":"https:\/\/talkpal.ai\/az\/az%c9%99rbaycan-qrammatikasi-calismalari\/","og_site_name":"Talkpal","article_publisher":"https:\/\/www.facebook.com\/profile.php?id=100090733639311","article_modified_time":"2025-05-22T21:36:33+00:00","og_image":[{"width":512,"height":512,"url":"https:\/\/talkpal.ai\/wp-content\/uploads\/2023\/05\/azerbaijan.png","type":"image\/png"}],"twitter_card":"summary_large_image","twitter_site":"@talkpalai","twitter_misc":{"Est. reading time":"4 minutes"},"schema":{"@context":"https:\/\/schema.org","@graph":[{"@type":"WebPage","@id":"https:\/\/talkpal.ai\/az\/az%c9%99rbaycan-qrammatikasi-calismalari\/","url":"https:\/\/talkpal.ai\/az\/az%c9%99rbaycan-qrammatikasi-calismalari\/","name":"Az\u0259rbaycan Qrammatikas\u0131 \u00c7al\u0131\u015fmalar\u0131 - Talkpal","isPartOf":{"@id":"https:\/\/talkpal.ai\/az\/#website"},"primaryImageOfPage":{"@id":"https:\/\/talkpal.ai\/az\/az%c9%99rbaycan-qrammatikasi-calismalari\/#primaryimage"},"image":{"@id":"https:\/\/talkpal.ai\/az\/az%c9%99rbaycan-qrammatikasi-calismalari\/#primaryimage"},"thumbnailUrl":"https:\/\/talkpal.ai\/wp-content\/uploads\/2023\/05\/azerbaijan.png","datePublished":"2023-06-16T11:38:32+00:00","dateModified":"2025-05-22T21:36:33+00:00","description":"AI il\u0259 i\u015fl\u0259y\u0259n dil m\u00fc\u0259lliminiz Talkpal -dan interaktiv Az\u0259rbaycan Qrammatikas\u0131 T\u0259liml\u0259ri il\u0259 Az\u0259rbaycan dili bilikl\u0259rinizi art\u0131r\u0131n.","breadcrumb":{"@id":"https:\/\/talkpal.ai\/az\/az%c9%99rbaycan-qrammatikasi-calismalari\/#breadcrumb"},"inLanguage":"az","potentialAction":[{"@type":"ReadAction","target":["https:\/\/talkpal.ai\/az\/az%c9%99rbaycan-qrammatikasi-calismalari\/"]}]},{"@type":"ImageObject","inLanguage":"az","@id":"https:\/\/talkpal.ai\/az\/az%c9%99rbaycan-qrammatikasi-calismalari\/#primaryimage","url":"https:\/\/talkpal.ai\/wp-content\/uploads\/2023\/05\/azerbaijan.png","contentUrl":"https:\/\/talkpal.ai\/wp-content\/uploads\/2023\/05\/azerbaijan.png","width":512,"height":512},{"@type":"BreadcrumbList","@id":"https:\/\/talkpal.ai\/az\/az%c9%99rbaycan-qrammatikasi-calismalari\/#breadcrumb","itemListElement":[{"@type":"ListItem","position":1,"name":"Homepage","item":"https:\/\/talkpal.ai\/az\/"},{"@type":"ListItem","position":2,"name":"Az\u0259rbaycan Qrammatikas\u0131 \u00c7al\u0131\u015fmalar\u0131"}]},{"@type":"WebSite","@id":"https:\/\/talkpal.ai\/az\/#website","url":"https:\/\/talkpal.ai\/az\/","name":"Talkpal","description":"AI Language Learning","publisher":{"@id":"https:\/\/talkpal.ai\/az\/#organization"},"alternateName":"Talkpal AI","potentialAction":[{"@type":"SearchAction","target":{"@type":"EntryPoint","urlTemplate":"https:\/\/talkpal.ai\/az\/?s={search_term_string}"},"query-input":{"@type":"PropertyValueSpecification","valueRequired":true,"valueName":"search_term_string"}}],"inLanguage":"az"},{"@type":"Organization","@id":"https:\/\/talkpal.ai\/az\/#organization","name":"Talkpal, Inc.","alternateName":"Talkpal AI","url":"https:\/\/talkpal.ai\/az\/","logo":{"@type":"ImageObject","inLanguage":"az","@id":"https:\/\/talkpal.ai\/az\/#\/schema\/logo\/image\/","url":"https:\/\/talkpal.ai\/wp-content\/uploads\/2024\/03\/Talkpal-Logo-Icon.png","contentUrl":"https:\/\/talkpal.ai\/wp-content\/uploads\/2024\/03\/Talkpal-Logo-Icon.png","width":2880,"height":2880,"caption":"Talkpal, Inc."},"image":{"@id":"https:\/\/talkpal.ai\/az\/#\/schema\/logo\/image\/"},"sameAs":["https:\/\/www.facebook.com\/profile.php?id=100090733639311","https:\/\/x.com\/talkpalai","https:\/\/www.linkedin.com\/company\/talkpal\/","https:\/\/www.youtube.com\/@TalkPal\/","https:\/\/www.tiktok.com\/@talkpal","https:\/\/www.instagram.com\/talkpal_ai\/","https:\/\/www.crunchbase.com\/organization\/talkpal-9cde","https:\/\/www.g2.com\/products\/talkpal-for-business\/","https:\/\/www.trustpilot.com\/review\/talkpal.ai","https:\/\/www.capterra.com\/p\/10006800\/TalkPal\/"],"description":"Talkpal is a language learning web and mobile education app, powered by the latest AI technologies, that provides engaging experiences to its customers in many different languages to help them improve their language skills. Users can chat about unlimited amount of topics with the app and use other modes to practice their language learning.","email":"support@talkpal.ai","legalName":"Talkpal, Inc.","foundingDate":"2023-04-03","duns":"118989042","numberOfEmployees":{"@type":"QuantitativeValue","minValue":"11","maxValue":"50"},"publishingPrinciples":"https:\/\/talkpal.ai\/publishing-principles\/","actionableFeedbackPolicy":"https:\/\/talkpal.ai\/actionable-feedback-policy\/","correctionsPolicy":"https:\/\/talkpal.ai\/corrections-policy\/","ethicsPolicy":"https:\/\/talkpal.ai\/ethics-policy\/","diversityPolicy":"https:\/\/talkpal.ai\/diversity-policy\/","diversityStaffingReport":"https:\/\/talkpal.ai\/diversity-policy\/"}]}},"_links":{"self":[{"href":"https:\/\/talkpal.ai\/az\/wp-json\/wp\/v2\/pages\/74915","targetHints":{"allow":["GET"]}}],"collection":[{"href":"https:\/\/talkpal.ai\/az\/wp-json\/wp\/v2\/pages"}],"about":[{"href":"https:\/\/talkpal.ai\/az\/wp-json\/wp\/v2\/types\/page"}],"author":[{"embeddable":true,"href":"https:\/\/talkpal.ai\/az\/wp-json\/wp\/v2\/users\/6"}],"replies":[{"embeddable":true,"href":"https:\/\/talkpal.ai\/az\/wp-json\/wp\/v2\/comments?post=74915"}],"version-history":[{"count":0,"href":"https:\/\/talkpal.ai\/az\/wp-json\/wp\/v2\/pages\/74915\/revisions"}],"wp:featuredmedia":[{"embeddable":true,"href":"https:\/\/talkpal.ai\/az\/wp-json\/wp\/v2\/media\/64112"}],"wp:attachment":[{"href":"https:\/\/talkpal.ai\/az\/wp-json\/wp\/v2\/media?parent=74915"}],"curies":[{"name":"wp","href":"https:\/\/api.w.org\/{rel}","templated":true}]}}