{"id":506509,"date":"2023-04-03T15:47:36","date_gmt":"2023-04-03T15:47:36","guid":{"rendered":"https:\/\/talkpal.ai\/basin\/"},"modified":"2025-06-17T16:32:42","modified_gmt":"2025-06-17T16:32:42","slug":"basin","status":"publish","type":"page","link":"https:\/\/talkpal.ai\/az\/basin\/","title":{"rendered":"bas\u0131n"},"content":{"rendered":"<h1>M\u0259lumatlar, faktlar, r\u0259q\u0259ml\u0259r<\/h1>\n<p><a href=\"https:\/\/talkpal.ai\/ko\/ai-%ec%96%b8%ec%96%b4-%ea%b5%90%ec%82%ac\/\">Talkpal<\/a> -\u0131n m\u0259tbuat s\u0259hif\u0259sin\u0259 xo\u015f g\u0259lmisiniz, burada jurnalistl\u0259r\u0259 v\u0259 media m\u00fct\u0259x\u0259ssisl\u0259rin\u0259 innovativ <a href=\"https:\/\/talkpal.ai\/az\/universitetl%c9%99r-ucun-dil-oyr%c9%99nm%c9%99\/\">dil \u00f6yr\u0259nm\u0259<\/a> platformam\u0131z haqq\u0131nda ekskl\u00fcziv m\u0259lumat, m\u0259lumat v\u0259 yenil\u0259m\u0259l\u0259r\u0259 \u00e7\u0131x\u0131\u015f t\u0259min edirik. Hekay\u0259mizi sizinl\u0259 b\u00f6l\u00fc\u015fm\u0259kd\u0259n m\u0259mnunuq v\u0259 c\u0259lbedici m\u0259zmun yaratma\u011f\u0131n\u0131za k\u00f6m\u0259k etm\u0259k \u00fc\u00e7\u00fcn d\u0259qiq v\u0259 aktual m\u0259lumatlar\u0131 \u00e7atd\u0131rma\u011fa sadiqik.<\/p>\n<p>\t\t\t\t<svg aria-hidden=\"true\" viewBox=\"0 0 384 512\" xmlns=\"http:\/\/www.w3.org\/2000\/svg\"><path d=\"M224 136V0H24C10.7 0 0 10.7 0 24v464c0 13.3 10.7 24 24 24h336c13.3 0 24-10.7 24-24V160H248c-13.2 0-24-10.8-24-24zm65.18 216.01H224v80c0 8.84-7.16 16-16 16h-32c-8.84 0-16-7.16-16-16v-80H94.82c-14.28 0-21.41-17.29-11.27-27.36l96.42-95.7c6.65-6.61 17.39-6.61 24.04 0l96.42 95.7c10.15 10.07 3.03 27.36-11.25 27.36zM377 105L279.1 7c-4.5-4.5-10.6-7-17-7H256v128h128v-6.1c0-6.3-2.5-12.4-7-16.9z\"><\/path><\/svg>\t\t\t\t<\/p>\n<h3>\n\t\t\t\t\t\t\tEkskl\u00fcziv M\u0259lumat v\u0259 Anlay\u0131\u015flar<br \/>\n\t\t\t\t\t<\/h3>\n<p>\n\t\t\t\t\t\tBiz c\u0259lbedici hekay\u0259l\u0259r haz\u0131rlayark\u0259n d\u0259qiq v\u0259 aktual m\u0259lumatlar\u0131n vacibliyini ba\u015fa d\u00fc\u015f\u00fcr\u00fck. Z\u0259hm\u0259t olmasa, info@talkpal.ai \u00fcnvan\u0131nda media il\u0259 \u0259laq\u0259l\u0259r komandam\u0131zla <a href=\"https:\/\/talkpal.ai\/contact\/\">\u0259laq\u0259<\/a> saxlay\u0131n v\u0259 siz\u0259 laz\u0131m ola bil\u0259c\u0259k h\u0259r hans\u0131 m\u0259lumat v\u0259 ya m\u0259lumatlar\u0131 t\u0259l\u0259b edin.\t\t\t\t\t<\/p>\n<p>\t\t\t\t<svg aria-hidden=\"true\" viewBox=\"0 0 448 512\" xmlns=\"http:\/\/www.w3.org\/2000\/svg\"><path d=\"M352 320c-22.608 0-43.387 7.819-59.79 20.895l-102.486-64.054a96.551 96.551 0 0 0 0-41.683l102.486-64.054C308.613 184.181 329.392 192 352 192c53.019 0 96-42.981 96-96S405.019 0 352 0s-96 42.981-96 96c0 7.158.79 14.13 2.276 20.841L155.79 180.895C139.387 167.819 118.608 160 96 160c-53.019 0-96 42.981-96 96s42.981 96 96 96c22.608 0 43.387-7.819 59.79-20.895l102.486 64.054A96.301 96.301 0 0 0 256 416c0 53.019 42.981 96 96 96s96-42.981 96-96-42.981-96-96-96z\"><\/path><\/svg>\t\t\t\t<\/p>\n<h3>\n\t\t\t\t\t\t\tTalkpal il\u0259 \u0259laq\u0259d\u0259 qal\u0131n<br \/>\n\t\t\t\t\t<\/h3>\n<p>\n\t\t\t\t\t\tBiz jurnalistl\u0259ri \u0259n son x\u0259b\u0259rl\u0259r, yenilikl\u0259r v\u0259 elanlar \u00fc\u00e7\u00fcn biziml\u0259 \u0259laq\u0259 saxlama\u011fa d\u0259v\u0259t edirik. <a href=\"https:\/\/talkpal.ai\/ko\/ai-%ec%96%b8%ec%96%b4-%ea%b5%90%ec%82%ac\/\">Talkpal<\/a> d\u00fcnyas\u0131 haqq\u0131nda ekskl\u00fcziv m\u0259lumatlar \u0259ld\u0259 etm\u0259k \u00fc\u00e7\u00fcn sosial media kanallar\u0131m\u0131zda bizi izl\u0259yin.\t\t\t\t\t<\/p>\n<p>\t\t\t\t\t<a role=\"button\"><br \/>\n\t\t\t\t\t\t\t\t\ttalkpal-\u0131 s\u0131nay\u0131n<br \/>\n\t\t\t\t\t<\/a><\/p>\n<h2>M\u0259tbuat d\u0259sti<\/h2>\n<p>Sizin rahatl\u0131\u011f\u0131n\u0131z \u00fc\u00e7\u00fcn biz vizual olaraq c\u0259lbedici m\u0259zmun yaratma\u011f\u0131n\u0131za k\u00f6m\u0259k etm\u0259k \u00fc\u00e7\u00fcn y\u00fcks\u0259k rezolyusiyaya malik loqolar, \u015f\u0259kill\u0259r v\u0259 dig\u0259r resurslardan ibar\u0259t h\u0259rt\u0259r\u0259fli media d\u0259sti yaratm\u0131\u015f\u0131q. Media d\u0259stimizi y\u00fckl\u0259y\u0259 bil\u0259rsiniz<\/p>\n<h2>M\u0259tbuat d\u0259sti<\/h2>\n<p>Sizin rahatl\u0131\u011f\u0131n\u0131z \u00fc\u00e7\u00fcn biz vizual olaraq c\u0259lbedici m\u0259zmun yaratma\u011f\u0131n\u0131za k\u00f6m\u0259k etm\u0259k \u00fc\u00e7\u00fcn y\u00fcks\u0259k rezolyusiyaya malik loqolar, \u015f\u0259kill\u0259r v\u0259 dig\u0259r resurslardan ibar\u0259t h\u0259rt\u0259r\u0259fli media d\u0259sti yaratm\u0131\u015f\u0131q. Media d\u0259stimizi y\u00fckl\u0259y\u0259 bil\u0259rsiniz<\/p>\n<p>\t\t\t\t\t<a href=\"https:\/\/talkpal.ai\/wp-content\/uploads\/2024\/03\/Talkpal-Press-Kit.zip\"><br \/>\n\t\t\t\t\t\t\t\t\tPress Kiti y\u00fckl\u0259yin<br \/>\n\t\t\t\t\t<\/a><\/p>\n","protected":false},"excerpt":{"rendered":"<p>M\u0259lumatlar, faktlar, r\u0259q\u0259ml\u0259r Talkpal -\u0131n m\u0259tbuat s\u0259hif\u0259sin\u0259 xo\u015f g\u0259lmisiniz, burada jurnalistl\u0259r\u0259 v\u0259 media m\u00fct\u0259x\u0259ssisl\u0259rin\u0259 innovativ dil \u00f6yr\u0259nm\u0259 platformam\u0131z haqq\u0131nda ekskl\u00fcziv m\u0259lumat, m\u0259lumat v\u0259 yenil\u0259m\u0259l\u0259r\u0259 \u00e7\u0131x\u0131\u015f t\u0259min edirik. Hekay\u0259mizi sizinl\u0259 b\u00f6l\u00fc\u015fm\u0259kd\u0259n m\u0259mnunuq v\u0259 c\u0259lbedici m\u0259zmun yaratma\u011f\u0131n\u0131za k\u00f6m\u0259k etm\u0259k \u00fc\u00e7\u00fcn d\u0259qiq v\u0259 aktual m\u0259lumatlar\u0131 \u00e7atd\u0131rma\u011fa sadiqik. Ekskl\u00fcziv M\u0259lumat v\u0259 Anlay\u0131\u015flar Biz c\u0259lbedici hekay\u0259l\u0259r haz\u0131rlayark\u0259n d\u0259qiq v\u0259 aktual [&hellip;]<\/p>\n","protected":false},"author":1,"featured_media":197943,"parent":0,"menu_order":0,"comment_status":"closed","ping_status":"closed","template":"press-releases-page.php","meta":{"_acf_changed":false,"footnotes":""},"class_list":["post-506509","page","type-page","status-publish","has-post-thumbnail","hentry"],"acf":[],"yoast_head":"<!-- This site is optimized with the Yoast SEO Premium plugin v27.2 (Yoast SEO v27.2) - https:\/\/yoast.com\/product\/yoast-seo-premium-wordpress\/ -->\n<title>bas\u0131n - Talkpal<\/title>\n<meta name=\"description\" content=\"Talkpal haqq\u0131nda \u0259n son m\u0259tbuat m\u0259lumatlar\u0131n\u0131 ara\u015fd\u0131r\u0131n. Hekay\u0259 ehtiyaclar\u0131n\u0131z \u00fc\u00e7\u00fcn ekskl\u00fcziv yenil\u0259m\u0259l\u0259r\u0259 v\u0259 dataya daxil olun.\" \/>\n<meta name=\"robots\" content=\"index, follow, max-snippet:-1, max-image-preview:large, max-video-preview:-1\" \/>\n<link rel=\"canonical\" href=\"https:\/\/talkpal.ai\/az\/basin\/\" \/>\n<meta property=\"og:locale\" content=\"az_AZ\" \/>\n<meta property=\"og:type\" content=\"article\" \/>\n<meta property=\"og:title\" content=\"bas\u0131n\" \/>\n<meta property=\"og:description\" content=\"M\u0259lumatlar, faktlar, r\u0259q\u0259ml\u0259r Talkpal -\u0131n m\u0259tbuat s\u0259hif\u0259sin\u0259 xo\u015f g\u0259lmisiniz, burada jurnalistl\u0259r\u0259 v\u0259 media m\u00fct\u0259x\u0259ssisl\u0259rin\u0259 innovativ dil \u00f6yr\u0259nm\u0259\" \/>\n<meta property=\"og:url\" content=\"https:\/\/talkpal.ai\/az\/basin\/\" \/>\n<meta property=\"og:site_name\" content=\"Talkpal\" \/>\n<meta property=\"article:publisher\" content=\"https:\/\/www.facebook.com\/profile.php?id=100090733639311\" \/>\n<meta property=\"article:modified_time\" content=\"2025-06-17T16:32:42+00:00\" \/>\n<meta property=\"og:image\" content=\"https:\/\/talkpal.ai\/wp-content\/uploads\/2024\/03\/Talkpal-Logo-Icon.png\" \/>\n\t<meta property=\"og:image:width\" content=\"5000\" \/>\n\t<meta property=\"og:image:height\" content=\"5000\" \/>\n\t<meta property=\"og:image:type\" content=\"image\/png\" \/>\n<meta name=\"twitter:card\" content=\"summary_large_image\" \/>\n<meta name=\"twitter:site\" content=\"@talkpalai\" \/>\n<meta name=\"twitter:label1\" content=\"Est. reading time\" \/>\n\t<meta name=\"twitter:data1\" content=\"2 minutes\" \/>\n<script type=\"application\/ld+json\" class=\"yoast-schema-graph\">{\"@context\":\"https:\/\/schema.org\",\"@graph\":[{\"@type\":\"WebPage\",\"@id\":\"https:\/\/talkpal.ai\/az\/basin\/\",\"url\":\"https:\/\/talkpal.ai\/az\/basin\/\",\"name\":\"bas\u0131n - Talkpal\",\"isPartOf\":{\"@id\":\"https:\/\/talkpal.ai\/az\/#website\"},\"primaryImageOfPage\":{\"@id\":\"https:\/\/talkpal.ai\/az\/basin\/#primaryimage\"},\"image\":{\"@id\":\"https:\/\/talkpal.ai\/az\/basin\/#primaryimage\"},\"thumbnailUrl\":\"https:\/\/talkpal.ai\/wp-content\/uploads\/2024\/03\/Talkpal-Logo-Icon.png\",\"datePublished\":\"2023-04-03T15:47:36+00:00\",\"dateModified\":\"2025-06-17T16:32:42+00:00\",\"description\":\"Talkpal haqq\u0131nda \u0259n son m\u0259tbuat m\u0259lumatlar\u0131n\u0131 ara\u015fd\u0131r\u0131n. Hekay\u0259 ehtiyaclar\u0131n\u0131z \u00fc\u00e7\u00fcn ekskl\u00fcziv yenil\u0259m\u0259l\u0259r\u0259 v\u0259 dataya daxil olun.\",\"breadcrumb\":{\"@id\":\"https:\/\/talkpal.ai\/az\/basin\/#breadcrumb\"},\"inLanguage\":\"az\",\"potentialAction\":[{\"@type\":\"ReadAction\",\"target\":[\"https:\/\/talkpal.ai\/az\/basin\/\"]}]},{\"@type\":\"ImageObject\",\"inLanguage\":\"az\",\"@id\":\"https:\/\/talkpal.ai\/az\/basin\/#primaryimage\",\"url\":\"https:\/\/talkpal.ai\/wp-content\/uploads\/2024\/03\/Talkpal-Logo-Icon.png\",\"contentUrl\":\"https:\/\/talkpal.ai\/wp-content\/uploads\/2024\/03\/Talkpal-Logo-Icon.png\",\"width\":5000,\"height\":5000,\"caption\":\"Talkpal loqosu\"},{\"@type\":\"BreadcrumbList\",\"@id\":\"https:\/\/talkpal.ai\/az\/basin\/#breadcrumb\",\"itemListElement\":[{\"@type\":\"ListItem\",\"position\":1,\"name\":\"Homepage\",\"item\":\"https:\/\/talkpal.ai\/az\/\"},{\"@type\":\"ListItem\",\"position\":2,\"name\":\"bas\u0131n\"}]},{\"@type\":\"WebSite\",\"@id\":\"https:\/\/talkpal.ai\/az\/#website\",\"url\":\"https:\/\/talkpal.ai\/az\/\",\"name\":\"Talkpal\",\"description\":\"AI Language Learning\",\"publisher\":{\"@id\":\"https:\/\/talkpal.ai\/az\/#organization\"},\"alternateName\":\"Talkpal AI\",\"potentialAction\":[{\"@type\":\"SearchAction\",\"target\":{\"@type\":\"EntryPoint\",\"urlTemplate\":\"https:\/\/talkpal.ai\/az\/?s={search_term_string}\"},\"query-input\":{\"@type\":\"PropertyValueSpecification\",\"valueRequired\":true,\"valueName\":\"search_term_string\"}}],\"inLanguage\":\"az\"},{\"@type\":\"Organization\",\"@id\":\"https:\/\/talkpal.ai\/az\/#organization\",\"name\":\"Talkpal, Inc.\",\"alternateName\":\"Talkpal AI\",\"url\":\"https:\/\/talkpal.ai\/az\/\",\"logo\":{\"@type\":\"ImageObject\",\"inLanguage\":\"az\",\"@id\":\"https:\/\/talkpal.ai\/az\/#\/schema\/logo\/image\/\",\"url\":\"https:\/\/talkpal.ai\/wp-content\/uploads\/2024\/03\/Talkpal-Logo-Icon.png\",\"contentUrl\":\"https:\/\/talkpal.ai\/wp-content\/uploads\/2024\/03\/Talkpal-Logo-Icon.png\",\"width\":2880,\"height\":2880,\"caption\":\"Talkpal, Inc.\"},\"image\":{\"@id\":\"https:\/\/talkpal.ai\/az\/#\/schema\/logo\/image\/\"},\"sameAs\":[\"https:\/\/www.facebook.com\/profile.php?id=100090733639311\",\"https:\/\/x.com\/talkpalai\",\"https:\/\/www.linkedin.com\/company\/talkpal\/\",\"https:\/\/www.youtube.com\/@TalkPal\/\",\"https:\/\/www.tiktok.com\/@talkpal\",\"https:\/\/www.instagram.com\/talkpal_ai\/\",\"https:\/\/www.crunchbase.com\/organization\/talkpal-9cde\",\"https:\/\/www.g2.com\/products\/talkpal-for-business\/\",\"https:\/\/www.trustpilot.com\/review\/talkpal.ai\",\"https:\/\/www.capterra.com\/p\/10006800\/TalkPal\/\"],\"description\":\"Talkpal is a language learning web and mobile education app, powered by the latest AI technologies, that provides engaging experiences to its customers in many different languages to help them improve their language skills. Users can chat about unlimited amount of topics with the app and use other modes to practice their language learning.\",\"email\":\"support@talkpal.ai\",\"legalName\":\"Talkpal, Inc.\",\"foundingDate\":\"2023-04-03\",\"duns\":\"118989042\",\"numberOfEmployees\":{\"@type\":\"QuantitativeValue\",\"minValue\":\"11\",\"maxValue\":\"50\"},\"publishingPrinciples\":\"https:\/\/talkpal.ai\/publishing-principles\/\",\"actionableFeedbackPolicy\":\"https:\/\/talkpal.ai\/actionable-feedback-policy\/\",\"correctionsPolicy\":\"https:\/\/talkpal.ai\/corrections-policy\/\",\"ethicsPolicy\":\"https:\/\/talkpal.ai\/ethics-policy\/\",\"diversityPolicy\":\"https:\/\/talkpal.ai\/diversity-policy\/\",\"diversityStaffingReport\":\"https:\/\/talkpal.ai\/diversity-policy\/\"}]}<\/script>\n<!-- \/ Yoast SEO Premium plugin. -->","yoast_head_json":{"title":"bas\u0131n - Talkpal","description":"Talkpal haqq\u0131nda \u0259n son m\u0259tbuat m\u0259lumatlar\u0131n\u0131 ara\u015fd\u0131r\u0131n. Hekay\u0259 ehtiyaclar\u0131n\u0131z \u00fc\u00e7\u00fcn ekskl\u00fcziv yenil\u0259m\u0259l\u0259r\u0259 v\u0259 dataya daxil olun.","robots":{"index":"index","follow":"follow","max-snippet":"max-snippet:-1","max-image-preview":"max-image-preview:large","max-video-preview":"max-video-preview:-1"},"canonical":"https:\/\/talkpal.ai\/az\/basin\/","og_locale":"az_AZ","og_type":"article","og_title":"bas\u0131n","og_description":"M\u0259lumatlar, faktlar, r\u0259q\u0259ml\u0259r Talkpal -\u0131n m\u0259tbuat s\u0259hif\u0259sin\u0259 xo\u015f g\u0259lmisiniz, burada jurnalistl\u0259r\u0259 v\u0259 media m\u00fct\u0259x\u0259ssisl\u0259rin\u0259 innovativ dil \u00f6yr\u0259nm\u0259","og_url":"https:\/\/talkpal.ai\/az\/basin\/","og_site_name":"Talkpal","article_publisher":"https:\/\/www.facebook.com\/profile.php?id=100090733639311","article_modified_time":"2025-06-17T16:32:42+00:00","og_image":[{"width":5000,"height":5000,"url":"https:\/\/talkpal.ai\/wp-content\/uploads\/2024\/03\/Talkpal-Logo-Icon.png","type":"image\/png"}],"twitter_card":"summary_large_image","twitter_site":"@talkpalai","twitter_misc":{"Est. reading time":"2 minutes"},"schema":{"@context":"https:\/\/schema.org","@graph":[{"@type":"WebPage","@id":"https:\/\/talkpal.ai\/az\/basin\/","url":"https:\/\/talkpal.ai\/az\/basin\/","name":"bas\u0131n - Talkpal","isPartOf":{"@id":"https:\/\/talkpal.ai\/az\/#website"},"primaryImageOfPage":{"@id":"https:\/\/talkpal.ai\/az\/basin\/#primaryimage"},"image":{"@id":"https:\/\/talkpal.ai\/az\/basin\/#primaryimage"},"thumbnailUrl":"https:\/\/talkpal.ai\/wp-content\/uploads\/2024\/03\/Talkpal-Logo-Icon.png","datePublished":"2023-04-03T15:47:36+00:00","dateModified":"2025-06-17T16:32:42+00:00","description":"Talkpal haqq\u0131nda \u0259n son m\u0259tbuat m\u0259lumatlar\u0131n\u0131 ara\u015fd\u0131r\u0131n. Hekay\u0259 ehtiyaclar\u0131n\u0131z \u00fc\u00e7\u00fcn ekskl\u00fcziv yenil\u0259m\u0259l\u0259r\u0259 v\u0259 dataya daxil olun.","breadcrumb":{"@id":"https:\/\/talkpal.ai\/az\/basin\/#breadcrumb"},"inLanguage":"az","potentialAction":[{"@type":"ReadAction","target":["https:\/\/talkpal.ai\/az\/basin\/"]}]},{"@type":"ImageObject","inLanguage":"az","@id":"https:\/\/talkpal.ai\/az\/basin\/#primaryimage","url":"https:\/\/talkpal.ai\/wp-content\/uploads\/2024\/03\/Talkpal-Logo-Icon.png","contentUrl":"https:\/\/talkpal.ai\/wp-content\/uploads\/2024\/03\/Talkpal-Logo-Icon.png","width":5000,"height":5000,"caption":"Talkpal loqosu"},{"@type":"BreadcrumbList","@id":"https:\/\/talkpal.ai\/az\/basin\/#breadcrumb","itemListElement":[{"@type":"ListItem","position":1,"name":"Homepage","item":"https:\/\/talkpal.ai\/az\/"},{"@type":"ListItem","position":2,"name":"bas\u0131n"}]},{"@type":"WebSite","@id":"https:\/\/talkpal.ai\/az\/#website","url":"https:\/\/talkpal.ai\/az\/","name":"Talkpal","description":"AI Language Learning","publisher":{"@id":"https:\/\/talkpal.ai\/az\/#organization"},"alternateName":"Talkpal AI","potentialAction":[{"@type":"SearchAction","target":{"@type":"EntryPoint","urlTemplate":"https:\/\/talkpal.ai\/az\/?s={search_term_string}"},"query-input":{"@type":"PropertyValueSpecification","valueRequired":true,"valueName":"search_term_string"}}],"inLanguage":"az"},{"@type":"Organization","@id":"https:\/\/talkpal.ai\/az\/#organization","name":"Talkpal, Inc.","alternateName":"Talkpal AI","url":"https:\/\/talkpal.ai\/az\/","logo":{"@type":"ImageObject","inLanguage":"az","@id":"https:\/\/talkpal.ai\/az\/#\/schema\/logo\/image\/","url":"https:\/\/talkpal.ai\/wp-content\/uploads\/2024\/03\/Talkpal-Logo-Icon.png","contentUrl":"https:\/\/talkpal.ai\/wp-content\/uploads\/2024\/03\/Talkpal-Logo-Icon.png","width":2880,"height":2880,"caption":"Talkpal, Inc."},"image":{"@id":"https:\/\/talkpal.ai\/az\/#\/schema\/logo\/image\/"},"sameAs":["https:\/\/www.facebook.com\/profile.php?id=100090733639311","https:\/\/x.com\/talkpalai","https:\/\/www.linkedin.com\/company\/talkpal\/","https:\/\/www.youtube.com\/@TalkPal\/","https:\/\/www.tiktok.com\/@talkpal","https:\/\/www.instagram.com\/talkpal_ai\/","https:\/\/www.crunchbase.com\/organization\/talkpal-9cde","https:\/\/www.g2.com\/products\/talkpal-for-business\/","https:\/\/www.trustpilot.com\/review\/talkpal.ai","https:\/\/www.capterra.com\/p\/10006800\/TalkPal\/"],"description":"Talkpal is a language learning web and mobile education app, powered by the latest AI technologies, that provides engaging experiences to its customers in many different languages to help them improve their language skills. Users can chat about unlimited amount of topics with the app and use other modes to practice their language learning.","email":"support@talkpal.ai","legalName":"Talkpal, Inc.","foundingDate":"2023-04-03","duns":"118989042","numberOfEmployees":{"@type":"QuantitativeValue","minValue":"11","maxValue":"50"},"publishingPrinciples":"https:\/\/talkpal.ai\/publishing-principles\/","actionableFeedbackPolicy":"https:\/\/talkpal.ai\/actionable-feedback-policy\/","correctionsPolicy":"https:\/\/talkpal.ai\/corrections-policy\/","ethicsPolicy":"https:\/\/talkpal.ai\/ethics-policy\/","diversityPolicy":"https:\/\/talkpal.ai\/diversity-policy\/","diversityStaffingReport":"https:\/\/talkpal.ai\/diversity-policy\/"}]}},"_links":{"self":[{"href":"https:\/\/talkpal.ai\/az\/wp-json\/wp\/v2\/pages\/506509","targetHints":{"allow":["GET"]}}],"collection":[{"href":"https:\/\/talkpal.ai\/az\/wp-json\/wp\/v2\/pages"}],"about":[{"href":"https:\/\/talkpal.ai\/az\/wp-json\/wp\/v2\/types\/page"}],"author":[{"embeddable":true,"href":"https:\/\/talkpal.ai\/az\/wp-json\/wp\/v2\/users\/1"}],"replies":[{"embeddable":true,"href":"https:\/\/talkpal.ai\/az\/wp-json\/wp\/v2\/comments?post=506509"}],"version-history":[{"count":0,"href":"https:\/\/talkpal.ai\/az\/wp-json\/wp\/v2\/pages\/506509\/revisions"}],"wp:featuredmedia":[{"embeddable":true,"href":"https:\/\/talkpal.ai\/az\/wp-json\/wp\/v2\/media\/197943"}],"wp:attachment":[{"href":"https:\/\/talkpal.ai\/az\/wp-json\/wp\/v2\/media?parent=506509"}],"curies":[{"name":"wp","href":"https:\/\/api.w.org\/{rel}","templated":true}]}}