{"id":166748,"date":"2023-04-03T14:56:00","date_gmt":"2023-04-03T14:56:00","guid":{"rendered":"http:\/\/talkpal.ai\/haqqinda\/"},"modified":"2026-03-06T16:35:29","modified_gmt":"2026-03-06T16:35:29","slug":"haqqinda","status":"publish","type":"page","link":"https:\/\/talkpal.ai\/az\/haqqinda\/","title":{"rendered":"Haqq\u0131nda"},"content":{"rendered":"\n<p id=\"h-\"><a href=\"https:\/\/talkpal.ai\/ko\/ai-%ec%96%b8%ec%96%b4-%ea%b5%90%ec%82%ac\/\">Talkpal<\/a>, Inc., h\u0259r yerd\u0259 v\u0259 h\u0259r k\u0259s \u00fc\u00e7\u00fcn ist\u0259nil\u0259n dild\u0259 dan\u0131\u015fma\u011f\u0131 \u0259l\u00e7atan etm\u0259k missiyas\u0131n\u0131 da\u015f\u0131yan s\u00fcni intellektl\u0259 i\u015fl\u0259y\u0259n bir <a href=\"https:\/\/talkpal.ai\/az\/universitetl%c9%99r-ucun-dil-oyr%c9%99nm%c9%99\/\">dil \u00f6yr\u0259nm\u0259<\/a> \u015firk\u0259tidir. Talkpal, milyonlarla \u00f6yr\u0259n\u0259n\u0259 inamla real s\u00f6hb\u0259tl\u0259r etm\u0259y\u0259 k\u00f6m\u0259k ed\u0259r\u0259k, d\u00fcnyan\u0131n \u0259n qabaqc\u0131l <a href=\"https:\/\/talkpal.ai\/az\/suni-intellektl%c9%99-dil-oyr%c9%99nm%c9%99k-hec-vaxt-bu-q%c9%99d%c9%99r-asan-olmamisdi\/\">s\u00fcni intellekt<\/a> dil repetitor platformalar\u0131ndan birini inki\u015faf etdirir.<\/p>\n\n<p>2023-c\u00fc ild\u0259 qurulan Talkpal sad\u0259, lakin g\u00fccl\u00fc bir inanc \u00fcz\u0259rind\u0259 qurulub: <a href=\"https:\/\/talkpal.ai\/az\/talkpal-chat-vasit%c9%99sil%c9%99-dil-oyr%c9%99nm%c9%99k-ucun-nec%c9%99\/\">dil \u00f6yr\u0259nm\u0259k<\/a> imtiyaz olmamal\u0131 v\u0259 h\u0259r k\u0259s \u00fc\u00e7\u00fcn \u0259l\u00e7atan olmal\u0131d\u0131r. Qabaqc\u0131l s\u00fcni intellektl\u0259 linqvistik t\u0259cr\u00fcb\u0259 v\u0259 t\u0259dqiqatlar\u0131 birl\u0259\u015fdir\u0259r\u0259k, Talkpal, x\u0259rc, vaxt v\u0259 dan\u0131\u015fmaq qorxusu kimi <a href=\"https:\/\/talkpal.ai\/will-ai-kill-traditional-language-learning\/\">\u0259n\u0259n\u0259vi<\/a> mane\u0259l\u0259ri aradan qald\u0131r\u0131r v\u0259 onlar\u0131 24\/7 \u00e7ox platformal\u0131 f\u0259rdil\u0259\u015fdirilmi\u015f, t\u0259zyiqsiz t\u0259cr\u00fcb\u0259 il\u0259 \u0259v\u0259z edir.<\/p>\n\n<p>Bu g\u00fcn Talkpal 80-d\u0259n \u00e7ox dili d\u0259st\u0259kl\u0259yir, 180-d\u0259n \u00e7ox \u00f6lk\u0259d\u0259 milyonlarla \u00f6yr\u0259n\u0259n\u0259 xidm\u0259t g\u00f6st\u0259rir v\u0259 Veb, <a href=\"https:\/\/talkpal.ai\/es\/descargar-la-aplicacion-talkpal-para-android-e-ios\/\">iOS<\/a> v\u0259 Android-d\u0259 m\u00f6vcuddur.<\/p>\n\n<h2 class=\"wp-block-heading\" id=\"h-our-mission\">Missiyam\u0131z<\/h2>\n\n<p>Missiyam\u0131z, c\u0259lbedici, interaktiv v\u0259 f\u0259rdil\u0259\u015fdirilmi\u015f s\u00fcni intellektl\u0259 i\u015fl\u0259y\u0259n dil repetitorlu\u011fu t\u0259cr\u00fcb\u0259si t\u0259min etm\u0259kl\u0259 dil \u00f6yr\u0259nm\u0259sind\u0259 inqilab etm\u0259kdir.<br\/><br\/>Biz \u00e7al\u0131\u015f\u0131r\u0131q ki, dil baryerl\u0259rini q\u0131raq, qlobal \u0259laq\u0259l\u0259ri inki\u015faf etdir\u0259k, ehtirasl\u0131 \u00f6yr\u0259n\u0259nl\u0259r c\u0259miyy\u0259ti yeti\u015fdir\u0259k, onlara se\u00e7dikl\u0259ri dild\u0259 \u0259minlikl\u0259 v\u0259 s\u0259lis dan\u0131\u015fmaqda g\u00fcc versinl\u0259r.<\/p>\n\n<h2 class=\"wp-block-heading\" id=\"h-our-vision\">Vizyonumuz<\/h2>\n\n<p>Vizyonumuz insanlar\u0131n immersiv, kontekst\u0259 \u0259saslanan s\u00f6hb\u0259tl\u0259r v\u0259 adaptiv \u00f6yr\u0259nm\u0259 texnologiyas\u0131 vasit\u0259sil\u0259 dill\u0259ri \u00f6yr\u0259nm\u0259 \u00fcsulunu d\u0259yi\u015fdir\u0259r\u0259k d\u00fcnyan\u0131n apar\u0131c\u0131 <a href=\"https:\/\/talkpal.ai\/az\/ai-%c9%99n%c9%99n%c9%99vi-dil-oyr%c9%99nm%c9%99ni-oldur%c9%99c%c9%99kmi\/\">AI dil<\/a> m\u00fc\u0259llimi olmaqd\u0131r.<br\/><br\/>Biz dil \u00f6yr\u0259nm\u0259y\u0259, m\u0259d\u0259ni m\u00fcbadil\u0259ni t\u0259\u015fviq etm\u0259y\u0259, h\u0259m\u00e7inin \u00fcnsiyy\u0259t bo\u015flu\u011funun s\u0259rh\u0259dl\u0259ri a\u015faraq, n\u0259tic\u0259d\u0259 daha \u00e7ox ba\u011fl\u0131 v\u0259 anlay\u0131\u015fl\u0131 bir d\u00fcnya formala\u015fd\u0131rma\u011fa can ataq.<\/p>\n\n<h2 class=\"wp-block-heading\" id=\"h-our-story\">Hekay\u0259miz<\/h2>\n\n<p>Talkpal, <a href=\"https:\/\/talkpal.ai\/locations\/language-courses-in-david\/\">David<\/a> Gegechkori (\u015f\u0259kil solda) v\u0259 Dimitri Dekanozishvili (\u015f\u0259kil sa\u011fda) t\u0259r\u0259find\u0259n t\u0259sis edilib. Bu, \u0259n\u0259n\u0259vi dil \u00f6yr\u0259nm\u0259 metodlar\u0131ndan ortaq bir m\u0259yusluqdan ir\u0259li g\u0259lir v\u0259 bu metodlar, t\u0259l\u0259b\u0259l\u0259ri real h\u0259yatda dan\u0131\u015fma\u011fa haz\u0131rlaya bilmir.<\/p>\n\n<div class=\"wp-block-columns is-layout-flex wp-container-core-columns-is-layout-9d6595d7 wp-block-columns-is-layout-flex\">\n<div class=\"wp-block-column is-layout-flow wp-block-column-is-layout-flow\" style=\"flex-basis:50%\"><div class=\"wp-block-image\">\n<figure class=\"alignleft size-large\"><img decoding=\"async\" width=\"1024\" height=\"683\" src=\"https:\/\/talkpal.ai\/wp-content\/uploads\/2025\/12\/Talkpal-Entrepreneur-1024x683.jpg\" alt=\"\" class=\"wp-image-1557444\" style=\"aspect-ratio:1.4992888417882142\" srcset=\"https:\/\/talkpal.ai\/wp-content\/uploads\/2025\/12\/Talkpal-Entrepreneur-1024x683.jpg 1024w, https:\/\/talkpal.ai\/wp-content\/uploads\/2025\/12\/Talkpal-Entrepreneur-300x200.jpg 300w, https:\/\/talkpal.ai\/wp-content\/uploads\/2025\/12\/Talkpal-Entrepreneur-768x512.jpg 768w, https:\/\/talkpal.ai\/wp-content\/uploads\/2025\/12\/Talkpal-Entrepreneur.jpg 1344w\" sizes=\"(max-width: 1024px) 100vw, 1024px\" \/><\/figure>\n<\/div><\/div>\n\n\n\n<div class=\"wp-block-column is-layout-flow wp-block-column-is-layout-flow\" style=\"flex-basis:50%\">\n<p>\u018fvv\u0259ld\u0259n m\u0259qs\u0259d ayd\u0131n idi: d\u0259rslikd\u0259n daha \u00e7ox d\u0259st\u0259kl\u0259yici s\u00f6hb\u0259t yolda\u015f\u0131 kimi hiss olunan s\u00fcni intellekt dil yolda\u015f\u0131 yaratmaq. &#8220;Talkpal&#8221; ad\u0131 bu f\u0259ls\u0259f\u0259ni \u0259ks etdirir &#8211; \u00f6yr\u0259n\u0259nl\u0259ri m\u00fchakim\u0259 qorxusu olmadan dan\u0131\u015fma\u011f\u0131 t\u0259cr\u00fcb\u0259 etm\u0259y\u0259 t\u0259\u015fviq ed\u0259n mehriban, h\u0259mi\u015f\u0259 \u0259l\u00e7atan bir yolda\u015f.<\/p>\n\n\n\n<p>Veb \u0259sasl\u0131 m\u0259hsul kimi f\u0259aliyy\u0259t\u0259 ba\u015flayan Talkpal, s\u00fcr\u0259tl\u0259 mobil platformalara yay\u0131laraq, s\u00fcni intellekt m\u00fch\u0259ndisl\u0259ri, dil\u00e7il\u0259r, m\u00fc\u0259lliml\u0259r, marketinq m\u00fct\u0259x\u0259ssisl\u0259ri v\u0259 m\u0259hsul dizaynerl\u0259rind\u0259n ibar\u0259t qlobal bir komanda yaratd\u0131. Davaml\u0131 t\u0259krarlama, t\u0259dqiqat v\u0259 istifad\u0259\u00e7i r\u0259yl\u0259ri say\u0259sind\u0259 Talkpal, d\u00fcnyada milyonlarla insan\u0131n etibar etdiyi h\u0259rt\u0259r\u0259fli s\u00fcni intellekt dil \u00f6yr\u0259nm\u0259 platformas\u0131na \u00e7evrildi.<\/p>\n<\/div>\n<\/div>\n\n<h2 class=\"wp-block-heading\" id=\"h-what-we-do\">Biz n\u0259 edirik<\/h2>\n\n<p>Talkpal, real insan qar\u015f\u0131l\u0131ql\u0131 t\u0259sirini simulyasiya etm\u0259k \u00fc\u00e7\u00fcn haz\u0131rlanm\u0131\u015f s\u00fcni intellektl\u0259 i\u015fl\u0259y\u0259n m\u0259tn v\u0259 s\u0259s \u00f6yr\u0259nm\u0259 t\u0259cr\u00fcb\u0259l\u0259ri t\u0259qdim edir. Platformam\u0131z h\u0259r bir t\u0259l\u0259b\u0259nin s\u0259viyy\u0259sin\u0259, m\u0259qs\u0259dl\u0259rin\u0259 v\u0259 \u00f6yr\u0259nm\u0259 t\u0259rzin\u0259 dinamik \u015f\u0259kild\u0259 uy\u011funla\u015f\u0131r.<\/p>\n\n<p>\u018fsas imkanlara a\u015fa\u011f\u0131dak\u0131lar daxildir:<\/p>\n\n<ul class=\"wp-block-list\">\n<li>Dan\u0131\u015f\u0131q t\u0259cr\u00fcb\u0259si \u00fc\u00e7\u00fcn t\u0259bii s\u00fcni intellekt s\u00f6hb\u0259tl\u0259ri<\/li>\n\n\n\n<li>T\u0259l\u0259ff\u00fcz, qrammatika v\u0259 s\u0259lis dan\u0131\u015f\u0131q haqq\u0131nda real vaxt rejimind\u0259 r\u0259y<\/li>\n\n\n\n<li>Ba\u015flan\u011f\u0131cdan qabaqc\u0131l \u00f6yr\u0259n\u0259nl\u0259r\u0259 d\u0259st\u0259k<\/li>\n\n\n\n<li>\u0130ngilis, \u0130span, Alman, Frans\u0131z, \u0130talyan, Yapon, \u00c7in, Koreya, \u018fr\u0259b, Holland, Portuqal, \u0130sve\u00e7, \u0130vrit, Yunan, T\u00fcrk, Fin v\u0259 Afrikaans, Alban, Erm\u0259ni, Assam, Az\u0259rbaycan, Bask, Belarus, Benqal, Bosniya, Bolqar, Birma, Kanton, Katalan, Xorvat, \u00c7ex, Danimarka, Eston, Qalisiya, G\u00fcrc\u00fc, Qucarati, Hind, Macar, \u0130slandiya, \u0130ndoneziya, \u0130rlandiya, Yava, Kannada, Qazax, Khmer, Laos, Latviya, Litva, Makedoniya, Malay, Malayalam, Malta, Maori, Marathi, Monqol, Nepal, Norve\u00e7, Odia, Pu\u015ftu, Fars, Polyak, P\u0259ncab, Rum\u0131n, Rus, Serb, Sinhala, Slovak, Sloven, Somali, Suahili, Taqaloq, Tamil, Telugu, Tay, Ukrayna, Urdu, \u00d6zb\u0259k, Vyetnam, Uels, Zulu v\u0259 daha \u00e7ox dill\u0259rd\u0259 d\u0259rsl\u0259r.<\/li>\n\n\n\n<li>\u00c7evik abun\u0259 planlar\u0131na malik freemium modeli<\/li>\n\n\n\n<li>Universitetl\u0259r, dil m\u0259kt\u0259bl\u0259ri, \u015firk\u0259tl\u0259r v\u0259 dig\u0259r t\u0259\u015fkilatlar \u00fc\u00e7\u00fcn x\u00fcsusi m\u00fc\u0259ssis\u0259 h\u0259ll\u0259ri<\/li>\n<\/ul>\n\n<p>M\u0259zmunumuz v\u0259 sisteml\u0259rimiz dil m\u00fct\u0259x\u0259ssisl\u0259ri v\u0259 s\u00fcni intellekt t\u0259dqiqat\u00e7\u0131lar\u0131 il\u0259 \u0259m\u0259kda\u015fl\u0131q \u00e7\u0259r\u00e7iv\u0259sind\u0259 haz\u0131rlan\u0131r v\u0259 h\u0259m pedaqoji etibarl\u0131l\u0131\u011f\u0131, h\u0259m d\u0259 texniki m\u00fck\u0259mm\u0259lliyi t\u0259min edir.<\/p>\n\n<h2 class=\"wp-block-heading\" id=\"h-research-backed-learning\">T\u0259dqiqata \u0259saslanan \u00f6yr\u0259nm\u0259<\/h2>\n\n<p>Talkpal-\u0131n effektivliyi, x\u00fcsus\u0259n d\u0259 ESL v\u0259 EFL kontekstl\u0259rind\u0259 bir \u00e7ox akademik t\u0259dqiqatlarda ara\u015fd\u0131r\u0131lm\u0131\u015fd\u0131r. T\u0259dqiqatlar g\u00f6st\u0259rir ki, Talkpal kimi s\u00fcni intellekt \u0259sasl\u0131 dan\u0131\u015f\u0131q vasit\u0259l\u0259rind\u0259n istifad\u0259 ed\u0259rk\u0259n t\u0259l\u0259b\u0259l\u0259rin nitq s\u0259lisliyind\u0259, t\u0259l\u0259ff\u00fcz\u00fcnd\u0259, qrammatikas\u0131nda v\u0259 \u00f6z\u00fcn\u0259inam\u0131nda statistik c\u0259h\u0259td\u0259n \u0259h\u0259miyy\u0259tli ir\u0259lil\u0259yi\u015fl\u0259r m\u00fc\u015fahid\u0259 olunub.<\/p>\n\n<p>Bu t\u0259dqiqata \u0259saslanan yana\u015fma t\u0259kc\u0259 innovativ texnologiya deyil, h\u0259m d\u0259 \u00f6l\u00e7\u00fcl\u0259 bil\u0259n d\u0259r\u0259c\u0259d\u0259 effektiv dil \u00f6yr\u0259nm\u0259 t\u0259cr\u00fcb\u0259l\u0259ri yaratmaq \u00f6hd\u0259liyimizi d\u0259st\u0259kl\u0259yir.<\/p>\n\n<h2 class=\"wp-block-heading\" id=\"h-trusted-by-learners-worldwide\">D\u00fcnya \u00fczr\u0259 \u00f6yr\u0259n\u0259nl\u0259r t\u0259r\u0259find\u0259n etibar edilmi\u015fdir<\/h2>\n\n<p>Talkpal qlobal miqyasda milyonlarla istifad\u0259\u00e7i t\u0259r\u0259find\u0259n etibar edilir v\u0259 t\u0259tbiq ma\u011fazalar\u0131nda v\u0259 r\u0259y platformalar\u0131nda davaml\u0131 olaraq y\u00fcks\u0259k reytinql\u0259r al\u0131r. T\u0259l\u0259b\u0259l\u0259r tez-tez vur\u011fulay\u0131rlar:<\/p>\n\n<ul class=\"wp-block-list\">\n<li>Dan\u0131\u015f\u0131q t\u0259cr\u00fcb\u0259si \u00fc\u00e7\u00fcn t\u0259zyiqsiz m\u00fchit<\/li>\n\n\n\n<li>D\u0259rhal, \u0259m\u0259li r\u0259y<\/li>\n\n\n\n<li>\u0130st\u0259nil\u0259n vaxt, ist\u0259nil\u0259n yerd\u0259 \u00f6yr\u0259nm\u0259k \u00fc\u00e7\u00fcn \u00e7eviklik<\/li>\n\n\n\n<li>\u0130nsan dil t\u0259r\u0259fda\u015f\u0131na ehtiyac olmadan t\u0259cr\u00fcb\u0259 etm\u0259k bacar\u0131\u011f\u0131<\/li>\n<\/ul>\n\n<h2 class=\"wp-block-heading\" id=\"h-our-commitment\">\u00d6hd\u0259liyimiz<\/h2>\n\n<p>Talkpal-da biz a\u015fa\u011f\u0131dak\u0131lara sadiqik:<\/p>\n\n<ul class=\"wp-block-list\">\n<li><strong>\u0130nnovasiya<\/strong> \u2013 s\u00fcni intellekt v\u0259 t\u0259hsil texnologiyalar\u0131nda davaml\u0131 inki\u015faf<\/li>\n\n\n\n<li><strong>Keyfiyy\u0259tli<\/strong> &#8211; t\u0259dqiqata \u0259saslanan \u00f6yr\u0259nm\u0259 t\u0259cr\u00fcb\u0259l\u0259ri<\/li>\n\n\n\n<li><strong>\u018fl\u00e7atanl\u0131q<\/strong> \u2013 ham\u0131 \u00fc\u00e7\u00fcn \u0259lveri\u015fli v\u0259 inkl\u00fcziv dil \u00f6yr\u0259nm\u0259si<\/li>\n\n\n\n<li><strong>Qlobal t\u0259sir<\/strong> \u2013 m\u0259d\u0259niyy\u0259tl\u0259r aras\u0131nda \u00fcnsiyy\u0259ti g\u00fccl\u0259ndirm\u0259k<\/li>\n<\/ul>\n\n<p>Biz inan\u0131r\u0131q ki, dilin h\u0259yat\u0131 d\u0259yi\u015fdirm\u0259k g\u00fcc\u00fc var v\u0259 s\u00fcni intellekt say\u0259sind\u0259 bu g\u00fcc h\u0259r k\u0259s\u0259 \u00e7ata bil\u0259r.<\/p>\n\n<p><\/p>\n","protected":false},"excerpt":{"rendered":"<p>Talkpal, Inc., h\u0259r yerd\u0259 v\u0259 h\u0259r k\u0259s \u00fc\u00e7\u00fcn ist\u0259nil\u0259n dild\u0259 dan\u0131\u015fma\u011f\u0131 \u0259l\u00e7atan etm\u0259k missiyas\u0131n\u0131 da\u015f\u0131yan s\u00fcni intellektl\u0259 i\u015fl\u0259y\u0259n bir dil \u00f6yr\u0259nm\u0259 \u015firk\u0259tidir. Talkpal, milyonlarla \u00f6yr\u0259n\u0259n\u0259 inamla real s\u00f6hb\u0259tl\u0259r etm\u0259y\u0259 k\u00f6m\u0259k ed\u0259r\u0259k, d\u00fcnyan\u0131n \u0259n qabaqc\u0131l s\u00fcni intellekt dil repetitor platformalar\u0131ndan birini inki\u015faf etdirir. 2023-c\u00fc ild\u0259 qurulan Talkpal sad\u0259, lakin g\u00fccl\u00fc bir inanc \u00fcz\u0259rind\u0259 qurulub: dil \u00f6yr\u0259nm\u0259k [&hellip;]<\/p>\n","protected":false},"author":1,"featured_media":197943,"parent":0,"menu_order":0,"comment_status":"closed","ping_status":"closed","template":"","meta":{"_acf_changed":false,"footnotes":""},"class_list":["post-166748","page","type-page","status-publish","has-post-thumbnail","hentry"],"acf":[],"yoast_head":"<!-- This site is optimized with the Yoast SEO Premium plugin v27.2 (Yoast SEO v27.2) - https:\/\/yoast.com\/product\/yoast-seo-premium-wordpress\/ -->\n<title>Haqq\u0131nda - Talkpal<\/title>\n<meta name=\"description\" content=\"Talkpal, dil \u00f6yr\u0259nm\u0259nin h\u0259r k\u0259s \u00fc\u00e7\u00fcn \u0259l\u00e7atan olmas\u0131 prinsipi il\u0259 yarad\u0131lm\u0131\u015f GPT \u0259sasl\u0131 s\u00fcni intellekt dili m\u00fc\u0259llimidir.\" \/>\n<meta name=\"robots\" content=\"index, follow, max-snippet:-1, max-image-preview:large, max-video-preview:-1\" \/>\n<link rel=\"canonical\" href=\"https:\/\/talkpal.ai\/az\/haqqinda\/\" \/>\n<meta property=\"og:locale\" content=\"az_AZ\" \/>\n<meta property=\"og:type\" content=\"article\" \/>\n<meta property=\"og:title\" content=\"Haqq\u0131nda\" \/>\n<meta property=\"og:description\" content=\"Talkpal, Inc., h\u0259r yerd\u0259 v\u0259 h\u0259r k\u0259s \u00fc\u00e7\u00fcn ist\u0259nil\u0259n dild\u0259 dan\u0131\u015fma\u011f\u0131 \u0259l\u00e7atan etm\u0259k missiyas\u0131n\u0131 da\u015f\u0131yan s\u00fcni intellektl\u0259 i\u015fl\u0259y\u0259n bir dil \u00f6yr\u0259nm\u0259 \u015firk\u0259tidir.\" \/>\n<meta property=\"og:url\" content=\"https:\/\/talkpal.ai\/az\/haqqinda\/\" \/>\n<meta property=\"og:site_name\" content=\"Talkpal\" \/>\n<meta property=\"article:publisher\" content=\"https:\/\/www.facebook.com\/profile.php?id=100090733639311\" \/>\n<meta property=\"article:modified_time\" content=\"2026-03-06T16:35:29+00:00\" \/>\n<meta property=\"og:image\" content=\"https:\/\/talkpal.ai\/wp-content\/uploads\/2024\/03\/Talkpal-Logo-Icon.png\" \/>\n\t<meta property=\"og:image:width\" content=\"5000\" \/>\n\t<meta property=\"og:image:height\" content=\"5000\" \/>\n\t<meta property=\"og:image:type\" content=\"image\/png\" \/>\n<meta name=\"twitter:card\" content=\"summary_large_image\" \/>\n<meta name=\"twitter:site\" content=\"@talkpalai\" \/>\n<meta name=\"twitter:label1\" content=\"Est. reading time\" \/>\n\t<meta name=\"twitter:data1\" content=\"6 minutes\" \/>\n<script type=\"application\/ld+json\" class=\"yoast-schema-graph\">{\"@context\":\"https:\/\/schema.org\",\"@graph\":[{\"@type\":\"WebPage\",\"@id\":\"https:\/\/talkpal.ai\/az\/haqqinda\/\",\"url\":\"https:\/\/talkpal.ai\/az\/haqqinda\/\",\"name\":\"Haqq\u0131nda - Talkpal\",\"isPartOf\":{\"@id\":\"https:\/\/talkpal.ai\/az\/#website\"},\"primaryImageOfPage\":{\"@id\":\"https:\/\/talkpal.ai\/az\/haqqinda\/#primaryimage\"},\"image\":{\"@id\":\"https:\/\/talkpal.ai\/az\/haqqinda\/#primaryimage\"},\"thumbnailUrl\":\"https:\/\/talkpal.ai\/wp-content\/uploads\/2024\/03\/Talkpal-Logo-Icon.png\",\"datePublished\":\"2023-04-03T14:56:00+00:00\",\"dateModified\":\"2026-03-06T16:35:29+00:00\",\"description\":\"Talkpal, dil \u00f6yr\u0259nm\u0259nin h\u0259r k\u0259s \u00fc\u00e7\u00fcn \u0259l\u00e7atan olmas\u0131 prinsipi il\u0259 yarad\u0131lm\u0131\u015f GPT \u0259sasl\u0131 s\u00fcni intellekt dili m\u00fc\u0259llimidir.\",\"breadcrumb\":{\"@id\":\"https:\/\/talkpal.ai\/az\/haqqinda\/#breadcrumb\"},\"inLanguage\":\"az\",\"potentialAction\":[{\"@type\":\"ReadAction\",\"target\":[\"https:\/\/talkpal.ai\/az\/haqqinda\/\"]}]},{\"@type\":\"ImageObject\",\"inLanguage\":\"az\",\"@id\":\"https:\/\/talkpal.ai\/az\/haqqinda\/#primaryimage\",\"url\":\"https:\/\/talkpal.ai\/wp-content\/uploads\/2024\/03\/Talkpal-Logo-Icon.png\",\"contentUrl\":\"https:\/\/talkpal.ai\/wp-content\/uploads\/2024\/03\/Talkpal-Logo-Icon.png\",\"width\":5000,\"height\":5000,\"caption\":\"Talkpal loqosu\"},{\"@type\":\"BreadcrumbList\",\"@id\":\"https:\/\/talkpal.ai\/az\/haqqinda\/#breadcrumb\",\"itemListElement\":[{\"@type\":\"ListItem\",\"position\":1,\"name\":\"Homepage\",\"item\":\"https:\/\/talkpal.ai\/az\/\"},{\"@type\":\"ListItem\",\"position\":2,\"name\":\"Haqq\u0131nda\"}]},{\"@type\":\"WebSite\",\"@id\":\"https:\/\/talkpal.ai\/az\/#website\",\"url\":\"https:\/\/talkpal.ai\/az\/\",\"name\":\"Talkpal\",\"description\":\"AI Language Learning\",\"publisher\":{\"@id\":\"https:\/\/talkpal.ai\/az\/#organization\"},\"alternateName\":\"Talkpal AI\",\"potentialAction\":[{\"@type\":\"SearchAction\",\"target\":{\"@type\":\"EntryPoint\",\"urlTemplate\":\"https:\/\/talkpal.ai\/az\/?s={search_term_string}\"},\"query-input\":{\"@type\":\"PropertyValueSpecification\",\"valueRequired\":true,\"valueName\":\"search_term_string\"}}],\"inLanguage\":\"az\"},{\"@type\":\"Organization\",\"@id\":\"https:\/\/talkpal.ai\/az\/#organization\",\"name\":\"Talkpal, Inc.\",\"alternateName\":\"Talkpal AI\",\"url\":\"https:\/\/talkpal.ai\/az\/\",\"logo\":{\"@type\":\"ImageObject\",\"inLanguage\":\"az\",\"@id\":\"https:\/\/talkpal.ai\/az\/#\/schema\/logo\/image\/\",\"url\":\"https:\/\/talkpal.ai\/wp-content\/uploads\/2024\/03\/Talkpal-Logo-Icon.png\",\"contentUrl\":\"https:\/\/talkpal.ai\/wp-content\/uploads\/2024\/03\/Talkpal-Logo-Icon.png\",\"width\":2880,\"height\":2880,\"caption\":\"Talkpal, Inc.\"},\"image\":{\"@id\":\"https:\/\/talkpal.ai\/az\/#\/schema\/logo\/image\/\"},\"sameAs\":[\"https:\/\/www.facebook.com\/profile.php?id=100090733639311\",\"https:\/\/x.com\/talkpalai\",\"https:\/\/www.linkedin.com\/company\/talkpal\/\",\"https:\/\/www.youtube.com\/@TalkPal\/\",\"https:\/\/www.tiktok.com\/@talkpal\",\"https:\/\/www.instagram.com\/talkpal_ai\/\",\"https:\/\/www.crunchbase.com\/organization\/talkpal-9cde\",\"https:\/\/www.g2.com\/products\/talkpal-for-business\/\",\"https:\/\/www.trustpilot.com\/review\/talkpal.ai\",\"https:\/\/www.capterra.com\/p\/10006800\/TalkPal\/\"],\"description\":\"Talkpal is a language learning web and mobile education app, powered by the latest AI technologies, that provides engaging experiences to its customers in many different languages to help them improve their language skills. Users can chat about unlimited amount of topics with the app and use other modes to practice their language learning.\",\"email\":\"support@talkpal.ai\",\"legalName\":\"Talkpal, Inc.\",\"foundingDate\":\"2023-04-03\",\"duns\":\"118989042\",\"numberOfEmployees\":{\"@type\":\"QuantitativeValue\",\"minValue\":\"11\",\"maxValue\":\"50\"},\"publishingPrinciples\":\"https:\/\/talkpal.ai\/publishing-principles\/\",\"actionableFeedbackPolicy\":\"https:\/\/talkpal.ai\/actionable-feedback-policy\/\",\"correctionsPolicy\":\"https:\/\/talkpal.ai\/corrections-policy\/\",\"ethicsPolicy\":\"https:\/\/talkpal.ai\/ethics-policy\/\",\"diversityPolicy\":\"https:\/\/talkpal.ai\/diversity-policy\/\",\"diversityStaffingReport\":\"https:\/\/talkpal.ai\/diversity-policy\/\"}]}<\/script>\n<!-- \/ Yoast SEO Premium plugin. -->","yoast_head_json":{"title":"Haqq\u0131nda - Talkpal","description":"Talkpal, dil \u00f6yr\u0259nm\u0259nin h\u0259r k\u0259s \u00fc\u00e7\u00fcn \u0259l\u00e7atan olmas\u0131 prinsipi il\u0259 yarad\u0131lm\u0131\u015f GPT \u0259sasl\u0131 s\u00fcni intellekt dili m\u00fc\u0259llimidir.","robots":{"index":"index","follow":"follow","max-snippet":"max-snippet:-1","max-image-preview":"max-image-preview:large","max-video-preview":"max-video-preview:-1"},"canonical":"https:\/\/talkpal.ai\/az\/haqqinda\/","og_locale":"az_AZ","og_type":"article","og_title":"Haqq\u0131nda","og_description":"Talkpal, Inc., h\u0259r yerd\u0259 v\u0259 h\u0259r k\u0259s \u00fc\u00e7\u00fcn ist\u0259nil\u0259n dild\u0259 dan\u0131\u015fma\u011f\u0131 \u0259l\u00e7atan etm\u0259k missiyas\u0131n\u0131 da\u015f\u0131yan s\u00fcni intellektl\u0259 i\u015fl\u0259y\u0259n bir dil \u00f6yr\u0259nm\u0259 \u015firk\u0259tidir.","og_url":"https:\/\/talkpal.ai\/az\/haqqinda\/","og_site_name":"Talkpal","article_publisher":"https:\/\/www.facebook.com\/profile.php?id=100090733639311","article_modified_time":"2026-03-06T16:35:29+00:00","og_image":[{"width":5000,"height":5000,"url":"https:\/\/talkpal.ai\/wp-content\/uploads\/2024\/03\/Talkpal-Logo-Icon.png","type":"image\/png"}],"twitter_card":"summary_large_image","twitter_site":"@talkpalai","twitter_misc":{"Est. reading time":"6 minutes"},"schema":{"@context":"https:\/\/schema.org","@graph":[{"@type":"WebPage","@id":"https:\/\/talkpal.ai\/az\/haqqinda\/","url":"https:\/\/talkpal.ai\/az\/haqqinda\/","name":"Haqq\u0131nda - Talkpal","isPartOf":{"@id":"https:\/\/talkpal.ai\/az\/#website"},"primaryImageOfPage":{"@id":"https:\/\/talkpal.ai\/az\/haqqinda\/#primaryimage"},"image":{"@id":"https:\/\/talkpal.ai\/az\/haqqinda\/#primaryimage"},"thumbnailUrl":"https:\/\/talkpal.ai\/wp-content\/uploads\/2024\/03\/Talkpal-Logo-Icon.png","datePublished":"2023-04-03T14:56:00+00:00","dateModified":"2026-03-06T16:35:29+00:00","description":"Talkpal, dil \u00f6yr\u0259nm\u0259nin h\u0259r k\u0259s \u00fc\u00e7\u00fcn \u0259l\u00e7atan olmas\u0131 prinsipi il\u0259 yarad\u0131lm\u0131\u015f GPT \u0259sasl\u0131 s\u00fcni intellekt dili m\u00fc\u0259llimidir.","breadcrumb":{"@id":"https:\/\/talkpal.ai\/az\/haqqinda\/#breadcrumb"},"inLanguage":"az","potentialAction":[{"@type":"ReadAction","target":["https:\/\/talkpal.ai\/az\/haqqinda\/"]}]},{"@type":"ImageObject","inLanguage":"az","@id":"https:\/\/talkpal.ai\/az\/haqqinda\/#primaryimage","url":"https:\/\/talkpal.ai\/wp-content\/uploads\/2024\/03\/Talkpal-Logo-Icon.png","contentUrl":"https:\/\/talkpal.ai\/wp-content\/uploads\/2024\/03\/Talkpal-Logo-Icon.png","width":5000,"height":5000,"caption":"Talkpal loqosu"},{"@type":"BreadcrumbList","@id":"https:\/\/talkpal.ai\/az\/haqqinda\/#breadcrumb","itemListElement":[{"@type":"ListItem","position":1,"name":"Homepage","item":"https:\/\/talkpal.ai\/az\/"},{"@type":"ListItem","position":2,"name":"Haqq\u0131nda"}]},{"@type":"WebSite","@id":"https:\/\/talkpal.ai\/az\/#website","url":"https:\/\/talkpal.ai\/az\/","name":"Talkpal","description":"AI Language Learning","publisher":{"@id":"https:\/\/talkpal.ai\/az\/#organization"},"alternateName":"Talkpal AI","potentialAction":[{"@type":"SearchAction","target":{"@type":"EntryPoint","urlTemplate":"https:\/\/talkpal.ai\/az\/?s={search_term_string}"},"query-input":{"@type":"PropertyValueSpecification","valueRequired":true,"valueName":"search_term_string"}}],"inLanguage":"az"},{"@type":"Organization","@id":"https:\/\/talkpal.ai\/az\/#organization","name":"Talkpal, Inc.","alternateName":"Talkpal AI","url":"https:\/\/talkpal.ai\/az\/","logo":{"@type":"ImageObject","inLanguage":"az","@id":"https:\/\/talkpal.ai\/az\/#\/schema\/logo\/image\/","url":"https:\/\/talkpal.ai\/wp-content\/uploads\/2024\/03\/Talkpal-Logo-Icon.png","contentUrl":"https:\/\/talkpal.ai\/wp-content\/uploads\/2024\/03\/Talkpal-Logo-Icon.png","width":2880,"height":2880,"caption":"Talkpal, Inc."},"image":{"@id":"https:\/\/talkpal.ai\/az\/#\/schema\/logo\/image\/"},"sameAs":["https:\/\/www.facebook.com\/profile.php?id=100090733639311","https:\/\/x.com\/talkpalai","https:\/\/www.linkedin.com\/company\/talkpal\/","https:\/\/www.youtube.com\/@TalkPal\/","https:\/\/www.tiktok.com\/@talkpal","https:\/\/www.instagram.com\/talkpal_ai\/","https:\/\/www.crunchbase.com\/organization\/talkpal-9cde","https:\/\/www.g2.com\/products\/talkpal-for-business\/","https:\/\/www.trustpilot.com\/review\/talkpal.ai","https:\/\/www.capterra.com\/p\/10006800\/TalkPal\/"],"description":"Talkpal is a language learning web and mobile education app, powered by the latest AI technologies, that provides engaging experiences to its customers in many different languages to help them improve their language skills. Users can chat about unlimited amount of topics with the app and use other modes to practice their language learning.","email":"support@talkpal.ai","legalName":"Talkpal, Inc.","foundingDate":"2023-04-03","duns":"118989042","numberOfEmployees":{"@type":"QuantitativeValue","minValue":"11","maxValue":"50"},"publishingPrinciples":"https:\/\/talkpal.ai\/publishing-principles\/","actionableFeedbackPolicy":"https:\/\/talkpal.ai\/actionable-feedback-policy\/","correctionsPolicy":"https:\/\/talkpal.ai\/corrections-policy\/","ethicsPolicy":"https:\/\/talkpal.ai\/ethics-policy\/","diversityPolicy":"https:\/\/talkpal.ai\/diversity-policy\/","diversityStaffingReport":"https:\/\/talkpal.ai\/diversity-policy\/"}]}},"_links":{"self":[{"href":"https:\/\/talkpal.ai\/az\/wp-json\/wp\/v2\/pages\/166748","targetHints":{"allow":["GET"]}}],"collection":[{"href":"https:\/\/talkpal.ai\/az\/wp-json\/wp\/v2\/pages"}],"about":[{"href":"https:\/\/talkpal.ai\/az\/wp-json\/wp\/v2\/types\/page"}],"author":[{"embeddable":true,"href":"https:\/\/talkpal.ai\/az\/wp-json\/wp\/v2\/users\/1"}],"replies":[{"embeddable":true,"href":"https:\/\/talkpal.ai\/az\/wp-json\/wp\/v2\/comments?post=166748"}],"version-history":[{"count":0,"href":"https:\/\/talkpal.ai\/az\/wp-json\/wp\/v2\/pages\/166748\/revisions"}],"wp:featuredmedia":[{"embeddable":true,"href":"https:\/\/talkpal.ai\/az\/wp-json\/wp\/v2\/media\/197943"}],"wp:attachment":[{"href":"https:\/\/talkpal.ai\/az\/wp-json\/wp\/v2\/media?parent=166748"}],"curies":[{"name":"wp","href":"https:\/\/api.w.org\/{rel}","templated":true}]}}