{"id":166577,"date":"2023-06-16T10:58:35","date_gmt":"2023-06-16T10:58:35","guid":{"rendered":"http:\/\/talkpal.ai\/rus-dilinin-qrammatikasi-m%c9%99sg%c9%99l%c9%99l%c9%99ri\/"},"modified":"2025-12-17T16:25:11","modified_gmt":"2025-12-17T16:25:11","slug":"rus-dilinin-qrammatikasi-m%c9%99sg%c9%99l%c9%99l%c9%99ri","status":"publish","type":"page","link":"https:\/\/talkpal.ai\/az\/rus-dilinin-qrammatikasi-m%c9%99sg%c9%99l%c9%99l%c9%99ri\/","title":{"rendered":"Rus dilinin qrammatikas\u0131 m\u0259\u015f\u011f\u0259l\u0259l\u0259ri"},"content":{"rendered":"\r\n\r\n\r\n<section class=\"languageChallengeSection\">\r\n    <div class=\"languageInfoWrapper\">\r\n        \r\n        <h1>Rus dilinin qrammatikas\u0131 m\u0259\u015f\u011f\u0259l\u0259l\u0259ri<\/h1>\r\n        <p><a href=\"https:\/\/talkpal.ai\/learn-russian\/\">Rus<\/a> dili bilikl\u0259rinizi g\u00fccl\u0259ndirm\u0259y\u0259 haz\u0131rs\u0131n\u0131z? Qrammatik m\u0259\u015fql\u0259ri m\u0259\u015fq etm\u0259k c\u00fcml\u0259 qurulu\u015funu, fel birl\u0259\u015fm\u0259l\u0259rini v\u0259 rus dilinin unikal qaydalar\u0131n\u0131 m\u0259nims\u0259m\u0259yin \u0259n yax\u015f\u0131 yollar\u0131ndan biridir. Rus qrammatikas\u0131n\u0131 bu g\u00fcn ara\u015fd\u0131rma\u011fa ba\u015flay\u0131n v\u0259 h\u0259r m\u0259\u015fqd\u0259 anlay\u0131\u015f\u0131n\u0131z\u0131n v\u0259 r\u0259vanl\u0131\u011f\u0131n\u0131z\u0131n b\u00f6y\u00fcm\u0259sin\u0259 bax\u0131n!<\/p>\r\n\r\n                            <a class=\"getStartedHidden\" href=\"https:\/\/app.talkpal.ai\/signup?lng=\">Ba\u015fla<\/a>\r\n        \r\n    <\/div>\r\n\r\n    <figure>\r\n    <img decoding=\"async\" width=\"768\" height=\"768\" src=\"https:\/\/talkpal.ai\/wp-content\/uploads\/2023\/06\/russian-768x768.png\" class=\"languageImage no-lazy\" alt=\"Language learning for multicultural understanding\" fetchpriority=\"high\" sizes=\"(max-width: 768px) 150px, 768px\" srcset=\"https:\/\/talkpal.ai\/wp-content\/uploads\/2023\/06\/russian-768x768.png 768w, https:\/\/talkpal.ai\/wp-content\/uploads\/2023\/06\/russian-300x300.png 300w\" \/>\r\n    \r\n\r\n    <\/figure>\r\n\r\n            <a class=\"getStartedVisible\" href=\"https:\/\/app.talkpal.ai\/signup?lng=\">Ba\u015fla<\/a>\r\n    \r\n<\/section>\r\n\r\n\r\n<!-- <section class=\"grammarSection\">\r\n    <div class=\"grammarLinks\">\r\n            <\/div>\r\n<\/section> -->\r\n\r\n\r\n\r\n\r\n<section class=\"promotionalBanner\">\r\n    <p class=\"promotionalText\">Dil \u00f6yr\u0259nm\u0259yin \u0259n t\u0259sirli yolu<\/p>\r\n    <a class=\"promotionalLink\" href=\"https:\/\/app.talkpal.ai\/signup?lng=\">Talkpal pulsuz s\u0131nay\u0131n<\/a>\r\n<\/section>\n<div class=\"wp-block-group pageContainerStyle\"><div class=\"wp-block-group__inner-container is-layout-constrained wp-block-group-is-layout-constrained\">\n<h2 class=\"wp-block-heading\" id=\"h-russian-grammar-topics\">Rus dilinin qrammatikas\u0131 m\u00f6vzular\u0131<\/h2>\n\n\n\n<p>Rus dilini <a href=\"https:\/\/talkpal.ai\/az\/oyr%c9%99nm%c9%99k\/\">\u00f6yr\u0259nm\u0259k<\/a> olduqca m\u00fckafatland\u0131r\u0131c\u0131 v\u0259 intellektual c\u0259h\u0259td\u0259n stimulla\u015fd\u0131r\u0131c\u0131 t\u0259cr\u00fcb\u0259 ola bil\u0259r. Rus dili t\u0259kc\u0259 s\u00f6z ehtiyat\u0131 v\u0259 ifad\u0259 g\u00fcc\u00fc il\u0259 z\u0259ngin deyil, h\u0259m d\u0259 Rusiya v\u0259 ke\u00e7mi\u015f Ssr\u0130-nin maraql\u0131 m\u0259d\u0259niyy\u0259tin\u0259, tarixin\u0259, \u0259d\u0259biyyat\u0131na p\u0259nc\u0259r\u0259 a\u00e7\u0131b. Rus dilini \u00f6yr\u0259nm\u0259k \u00fc\u00e7\u00fcn s\u0259yah\u0259tiniz\u0259 ba\u015flayark\u0259n dil bacar\u0131qlar\u0131n\u0131z\u0131n t\u0259m\u0259lini t\u0259\u015fkil ed\u0259c\u0259k m\u00fcxt\u0259lif qrammatik m\u00f6vzularla tan\u0131\u015f olmaq vacibdir. Bu b\u0259l\u0259d\u00e7id\u0259 rus dilinin \u0259sas qrammatikas\u0131 m\u00f6vzular\u0131 haqq\u0131nda \u00fcmumi m\u0259lumat ver\u0259c\u0259yik. Bu m\u00f6vzular aras\u0131nda g\u0259rginlik, feill\u0259r, isiml\u0259r, m\u0259qal\u0259l\u0259r, t\u0259l\u0259ff\u00fczl\u0259r, adgektivl\u0259r, adverbl\u0259r, prepozisiyalar, c\u00fcml\u0259 qurulu\u015fu yer al\u0131b. Bu \u0259saslar\u0131 m\u0259nims\u0259m\u0259kl\u0259, siz rus dilind\u0259 s\u0259lis dan\u0131\u015f\u0131q \u0259ld\u0259 etm\u0259k yolunda yax\u015f\u0131 yolda olacaqs\u0131n\u0131z.<\/p>\n\n\n\n<h3 class=\"wp-block-heading\" id=\"h-1-nouns\">1. Nouns:<\/h3>\n\n\n\n<p>Rus dilinin \u0259sas t\u0259m\u0259l bloklar\u0131 oldu\u011fu kimi, rus dilind\u0259 olan nounlar\u0131 \u00f6yr\u0259nm\u0259kl\u0259 ba\u015flay\u0131n. Rus nounlar\u0131n\u0131n \u00fc\u00e7 cinsi (ki\u015fi, qad\u0131n v\u0259 neytri) v\u0259 alt\u0131 hal\u0131 (nominativ, genitive, dativ, ittihamedici, instrumental v\u0259 prepositional) vard\u0131r. C\u00fcml\u0259l\u0259rd\u0259 nounlardan d\u00fczg\u00fcn istifad\u0259 etm\u0259k \u00fc\u00e7\u00fcn cinsiyy\u0259t v\u0259 hal sistemini anlamaq olduqca vacibdir.<\/p>\n\n\n\n<h3 class=\"wp-block-heading\" id=\"h-2-pronouns\">2. Pronouns:<\/h3>\n\n\n\n<p>\u0130siml\u0259rl\u0259 tan\u0131\u015f olduqdan sonra t\u0259krarlanmamaq \u00fc\u00e7\u00fcn c\u00fcml\u0259l\u0259rd\u0259 isiml\u0259ri \u0259v\u0259z ed\u0259n \u0259v\u0259zlikl\u0259r\u0259 ke\u00e7in. \u018fv\u0259zlikl\u0259rin d\u0259 cinsi v\u0259 hallar\u0131 var v\u0259 onlar\u0131n formalar\u0131n\u0131 v\u0259 istifad\u0259sini \u00f6yr\u0259nm\u0259k vacibdir.<\/p>\n\n\n\n<h3 class=\"wp-block-heading\" id=\"h-3-adjectives\">3. Adjectives:<\/h3>\n\n\n\n<p>Adjectives noun v\u0259 pronouns t\u0259svir v\u0259 ya d\u0259yi\u015fdirm\u0259k. Cins, say v\u0259 hal bax\u0131m\u0131ndan d\u0259yi\u015fdirdikl\u0259ri nounlarla raz\u0131la\u015f\u0131rlar. Onlardan d\u00fczg\u00fcn istifad\u0259 etm\u0259k \u00fc\u00e7\u00fcn adjectives-in m\u00fcxt\u0259lif forma v\u0259 sonlar\u0131n\u0131 \u00f6yr\u0259nin.<\/p>\n\n\n\n<h3 class=\"wp-block-heading\" id=\"h-4-verbs\">4. Feill\u0259r:<\/h3>\n\n\n\n<p>Feill\u0259r h\u0259r\u0259k\u0259tl\u0259ri, hal v\u0259 ya hadis\u0259l\u0259ri ifad\u0259 ed\u0259n h\u0259r hans\u0131 bir c\u00fcml\u0259nin arxa s\u00fcm\u00fcy\u00fcd\u00fcr. Rus dilind\u0259 feill\u0259r iki aspektd\u0259n (kamil v\u0259 qeyri-kamil) v\u0259 \u015f\u0259xs\u0259, saya v\u0259 g\u0259rginliy\u0259 g\u00f6r\u0259 konjuqata malikdirl\u0259r. D\u0259qiq feil formalar\u0131 \u0259m\u0259l\u0259 g\u0259tirm\u0259k \u00fc\u00e7\u00fcn konyunkasiya t\u0259rzi v\u0259 c\u0259h\u0259tl\u0259ri il\u0259 tan\u0131\u015f ol.<\/p>\n\n\n\n<h3 class=\"wp-block-heading\" id=\"h-5-tenses-indicative\">5. G\u0259rginlik g\u00f6st\u0259ricisi:<\/h3>\n\n\n\n<p>Rus dili 3 g\u00f6st\u0259ricili g\u0259rginliy\u0259 malikdir: ke\u00e7mi\u015f, indiki v\u0259 g\u0259l\u0259c\u0259k. H\u0259r\u0259k\u0259tl\u0259ri v\u0259 hadis\u0259l\u0259ri m\u00fcxt\u0259lif zaman \u00e7\u0259r\u00e7iv\u0259sind\u0259 ifad\u0259 etm\u0259k \u00fc\u00e7\u00fcn bu g\u0259rginlikl\u0259ri nec\u0259 formala\u015fd\u0131rma\u011f\u0131 v\u0259 istifad\u0259 etm\u0259yi \u00f6yr\u0259nin.<\/p>\n\n\n\n<h3 class=\"wp-block-heading\" id=\"h-6-tenses-subjunctive\">6. Subjunctive g\u0259rginlikl\u0259r:<\/h3>\n\n\n\n<p>Subjunktiv \u0259hval-ruhiyy\u0259 hipotetik v\u0259ziyy\u0259tl\u0259ri, ist\u0259kl\u0259ri v\u0259 ya qeyri-real \u015f\u0259raiti ifad\u0259 edir. Subjunksiyan\u0131 rus dilind\u0259 nec\u0259 t\u0259\u015fkil etm\u0259yi v\u0259 c\u00fcml\u0259d\u0259 n\u0259 zaman istifad\u0259 etm\u0259yi \u00f6yr\u0259nin.<\/p>\n\n\n\n<h3 class=\"wp-block-heading\" id=\"h-7-tense-comparison\">7. G\u0259rgin m\u00fcqayis\u0259:<\/h3>\n\n\n\n<p>H\u0259r\u0259k\u0259tl\u0259ri m\u00fcxt\u0259lif g\u0259rginlikl\u0259rd\u0259 m\u00fcqayis\u0259 etm\u0259k v\u0259 t\u0259zadl\u0131 \u015f\u0259kild\u0259 ba\u015fa d\u00fc\u015fm\u0259k ayd\u0131n \u00fcnsiyy\u0259t \u00fc\u00e7\u00fcn olduqca vacibdir. M\u00fcr\u0259kk\u0259b fikir v\u0259 fikirl\u0259ri birg\u0259 ifad\u0259 etm\u0259k \u00fc\u00e7\u00fcn m\u00fcxt\u0259lif g\u0259rginlikl\u0259rd\u0259n istifad\u0259 etm\u0259yi m\u0259\u015fq etdir.<\/p>\n\n\n\n<h3 class=\"wp-block-heading\" id=\"h-8-adverbs\">8. Adverbl\u0259r:<\/h3>\n\n\n\n<p>Adverbs feill\u0259ri, adjectives v\u0259 ya dig\u0259r adverbsl\u0259ri d\u0259yi\u015fdir\u0259r\u0259k h\u0259r\u0259k\u0259tin nec\u0259, n\u0259 vaxt, harada v\u0259 n\u0259 d\u0259r\u0259c\u0259d\u0259 ba\u015f verdiyi haqq\u0131nda m\u0259lumat verir. C\u00fcml\u0259l\u0259rinizi art\u0131rmaq \u00fc\u00e7\u00fcn \u00fcmumi rus reklamlar\u0131n\u0131 v\u0259 onlar\u0131n istifad\u0259sini \u00f6yr\u0259nin.<\/p>\n\n\n\n<h3 class=\"wp-block-heading\" id=\"h-9-prepositions\">9. Prepozisiyalar:<\/h3>\n\n\n\n<p>Prepozisiyalar c\u00fcml\u0259 daxilind\u0259 olan dig\u0259r s\u00f6zl\u0259r\u0259 i\u015far\u0259 edir, c\u00fcml\u0259nin yerini, istiqam\u0259tini, vaxt\u0131n\u0131 v\u0259 ya m\u0259qs\u0259dini g\u00f6st\u0259rir. Qrammatik c\u0259h\u0259td\u0259n d\u00fczg\u00fcn c\u00fcml\u0259l\u0259r t\u0259rtib etm\u0259k \u00fc\u00e7\u00fcn rus prepozisiyalar\u0131 v\u0259 onlar\u0131n m\u00fcvafiq hallar\u0131 il\u0259 tan\u0131\u015f olun.<\/p>\n\n\n\n<h3 class=\"wp-block-heading\" id=\"h-10-sentence-structure\">10. C\u00fcml\u0259 qurulu\u015fu:<\/h3>\n\n\n\n<p>Son olaraq s\u00f6z s\u0131ras\u0131, negation v\u0259 sual formasiyas\u0131 daxil olmaqla rus c\u00fcml\u0259 qurulu\u015funun \u0259saslar\u0131n\u0131 \u00f6yr\u0259nin. C\u00fcml\u0259l\u0259rin d\u00fczg\u00fcn nec\u0259 d\u00fcz\u0259ldil\u0259 bil\u0259c\u0259yini anlamaq sizin dan\u0131\u015f\u0131q v\u0259 yaz\u0131l\u0131 rus dilinizin ayd\u0131n v\u0259 d\u0259rkolunmaz olmas\u0131n\u0131 t\u0259min ed\u0259c\u0259k.<\/p>\n\n\n\n<p>Bu ard\u0131c\u0131ll\u0131\u011fa riay\u0259t etm\u0259kl\u0259 v\u0259 h\u0259r bir qrammatik m\u00f6vzuya vaxt ay\u0131rmaqla siz rus dilind\u0259 m\u00f6hk\u0259m b\u00fcn\u00f6vr\u0259 formala\u015fd\u0131racaq, effektiv \u00fcnsiyy\u0259t qurma\u011fa, dilin g\u00f6z\u0259lliyini v\u0259 d\u0259rinliyini qiym\u0259tl\u0259ndirm\u0259y\u0259 imkan yaradacaqs\u0131n\u0131z.<\/p>\n<\/div><\/div>\n\r\n<section class=\"learnNavigationSection\">\r\n            \r\n        <a href=\"https:\/\/talkpal.ai\/az\/rus-dilini-oyr%c9%99n\/\">\r\n            <div class=\"learnNavigationWrapper\">\r\n                <div class=\"learnNavigationContent\">\r\n                    <img decoding=\"async\" src=\"https:\/\/talkpal.ai\/wp-content\/uploads\/2024\/08\/Russian.jpg\" alt=\"Russian Flag\">\r\n                    <div>\r\n                        <h4>Rus dilinin \u00f6yr\u0259nilm\u0259si haqq\u0131nda<\/h4>\r\n                        <p>Rus dilinin qrammatikas\u0131 haqq\u0131nda h\u0259r \u015feyi \u00f6yr\u0259nin.<\/p>\r\n                    <\/div>\r\n                <\/div>\r\n            <\/div>\r\n        <\/a>\r\n\r\n        \r\n        <a href=\"https:\/\/talkpal.ai\/az\/rus-dilinin-qrammatikasi\/\">\r\n            <div class=\"learnNavigationWrapper\">\r\n                <div class=\"learnNavigationContent\">\r\n                    <img decoding=\"async\" src=\"https:\/\/talkpal.ai\/wp-content\/uploads\/2024\/08\/Russian.jpg\" alt=\"Russian Flag\">\r\n                    <div>\r\n                        <h4>Rus dili qrammatikas\u0131 d\u0259rsl\u0259ri<\/h4>\r\n                        <p>Rus dilinin qrammatikas\u0131 il\u0259 m\u0259\u015f\u011ful.<\/p>\r\n                    <\/div>\r\n                <\/div>\r\n            <\/div>\r\n        <\/a>\r\n\r\n        \r\n        <a href=\"https:\/\/talkpal.ai\/vocabulary_language\/russian\/\">\r\n            <div class=\"learnNavigationWrapper\">\r\n                <div class=\"learnNavigationContent\">\r\n                    <img decoding=\"async\" src=\"https:\/\/talkpal.ai\/wp-content\/uploads\/2024\/08\/Russian.jpg\" alt=\"Russian Flag\">\r\n                    <div>\r\n                        <h4>Rus l\u00fc\u011f\u0259ti<\/h4>\r\n                        <p>Rus dili l\u00fc\u011f\u0259tinizi geni\u015fl\u0259ndirin.<\/p>\r\n                    <\/div>\r\n                <\/div>\r\n            <\/div>\r\n        <\/a>\r\n\r\n            <\/section>","protected":false},"excerpt":{"rendered":"<p>Rus dilinin qrammatikas\u0131 m\u00f6vzular\u0131 Rus dilini \u00f6yr\u0259nm\u0259k olduqca m\u00fckafatland\u0131r\u0131c\u0131 v\u0259 intellektual c\u0259h\u0259td\u0259n stimulla\u015fd\u0131r\u0131c\u0131 t\u0259cr\u00fcb\u0259 ola bil\u0259r. Rus dili t\u0259kc\u0259 s\u00f6z ehtiyat\u0131 v\u0259 ifad\u0259 g\u00fcc\u00fc il\u0259 z\u0259ngin deyil, h\u0259m d\u0259 Rusiya v\u0259 ke\u00e7mi\u015f Ssr\u0130-nin maraql\u0131 m\u0259d\u0259niyy\u0259tin\u0259, tarixin\u0259, \u0259d\u0259biyyat\u0131na p\u0259nc\u0259r\u0259 a\u00e7\u0131b. Rus dilini \u00f6yr\u0259nm\u0259k \u00fc\u00e7\u00fcn s\u0259yah\u0259tiniz\u0259 ba\u015flayark\u0259n dil bacar\u0131qlar\u0131n\u0131z\u0131n t\u0259m\u0259lini t\u0259\u015fkil ed\u0259c\u0259k m\u00fcxt\u0259lif qrammatik m\u00f6vzularla tan\u0131\u015f olmaq [&hellip;]<\/p>\n","protected":false},"author":6,"featured_media":108005,"parent":0,"menu_order":0,"comment_status":"closed","ping_status":"closed","template":"LearningContentPage.php","meta":{"_acf_changed":false,"footnotes":""},"class_list":["post-166577","page","type-page","status-publish","has-post-thumbnail","hentry"],"acf":[],"yoast_head":"<!-- This site is optimized with the Yoast SEO Premium plugin v27.2 (Yoast SEO v27.2) - https:\/\/yoast.com\/product\/yoast-seo-premium-wordpress\/ -->\n<title>Rus dilinin qrammatikas\u0131 m\u0259\u015f\u011f\u0259l\u0259l\u0259ri - Talkpal<\/title>\n<meta name=\"description\" content=\"Dil bacar\u0131qlar\u0131n\u0131z\u0131 g\u00fccl\u0259ndirm\u0259k v\u0259 rus dilind\u0259 s\u0259lis dan\u0131\u015fma\u011fa nail olmaq \u00fc\u00e7\u00fcn \u0259sas rus qrammatikas\u0131 m\u0259\u015fql\u0259rini ara\u015fd\u0131r\u0131n.\" \/>\n<meta name=\"robots\" content=\"index, follow, max-snippet:-1, max-image-preview:large, max-video-preview:-1\" \/>\n<link rel=\"canonical\" href=\"https:\/\/talkpal.ai\/az\/rus-dilinin-qrammatikasi-m%c9%99sg%c9%99l%c9%99l%c9%99ri\/\" \/>\n<meta property=\"og:locale\" content=\"az_AZ\" \/>\n<meta property=\"og:type\" content=\"article\" \/>\n<meta property=\"og:title\" content=\"Rus dilinin qrammatikas\u0131 m\u0259\u015f\u011f\u0259l\u0259l\u0259ri\" \/>\n<meta property=\"og:description\" content=\"Rus dilinin qrammatikas\u0131 m\u00f6vzular\u0131 Rus dilini \u00f6yr\u0259nm\u0259k olduqca m\u00fckafatland\u0131r\u0131c\u0131 v\u0259 intellektual c\u0259h\u0259td\u0259n stimulla\u015fd\u0131r\u0131c\u0131 t\u0259cr\u00fcb\u0259 ola bil\u0259r. Rus dili t\u0259kc\u0259\" \/>\n<meta property=\"og:url\" content=\"https:\/\/talkpal.ai\/az\/rus-dilinin-qrammatikasi-m%c9%99sg%c9%99l%c9%99l%c9%99ri\/\" \/>\n<meta property=\"og:site_name\" content=\"Talkpal\" \/>\n<meta property=\"article:publisher\" content=\"https:\/\/www.facebook.com\/profile.php?id=100090733639311\" \/>\n<meta property=\"article:modified_time\" content=\"2025-12-17T16:25:11+00:00\" \/>\n<meta property=\"og:image\" content=\"https:\/\/talkpal.ai\/wp-content\/uploads\/2023\/04\/rusia.png\" \/>\n\t<meta property=\"og:image:width\" content=\"512\" \/>\n\t<meta property=\"og:image:height\" content=\"512\" \/>\n\t<meta property=\"og:image:type\" content=\"image\/png\" \/>\n<meta name=\"twitter:card\" content=\"summary_large_image\" \/>\n<meta name=\"twitter:site\" content=\"@talkpalai\" \/>\n<meta name=\"twitter:label1\" content=\"Est. reading time\" \/>\n\t<meta name=\"twitter:data1\" content=\"4 minutes\" \/>\n<script type=\"application\/ld+json\" class=\"yoast-schema-graph\">{\"@context\":\"https:\/\/schema.org\",\"@graph\":[{\"@type\":\"WebPage\",\"@id\":\"https:\/\/talkpal.ai\/az\/rus-dilinin-qrammatikasi-m%c9%99sg%c9%99l%c9%99l%c9%99ri\/\",\"url\":\"https:\/\/talkpal.ai\/az\/rus-dilinin-qrammatikasi-m%c9%99sg%c9%99l%c9%99l%c9%99ri\/\",\"name\":\"Rus dilinin qrammatikas\u0131 m\u0259\u015f\u011f\u0259l\u0259l\u0259ri - Talkpal\",\"isPartOf\":{\"@id\":\"https:\/\/talkpal.ai\/az\/#website\"},\"primaryImageOfPage\":{\"@id\":\"https:\/\/talkpal.ai\/az\/rus-dilinin-qrammatikasi-m%c9%99sg%c9%99l%c9%99l%c9%99ri\/#primaryimage\"},\"image\":{\"@id\":\"https:\/\/talkpal.ai\/az\/rus-dilinin-qrammatikasi-m%c9%99sg%c9%99l%c9%99l%c9%99ri\/#primaryimage\"},\"thumbnailUrl\":\"https:\/\/talkpal.ai\/wp-content\/uploads\/2023\/04\/rusia.png\",\"datePublished\":\"2023-06-16T10:58:35+00:00\",\"dateModified\":\"2025-12-17T16:25:11+00:00\",\"description\":\"Dil bacar\u0131qlar\u0131n\u0131z\u0131 g\u00fccl\u0259ndirm\u0259k v\u0259 rus dilind\u0259 s\u0259lis dan\u0131\u015fma\u011fa nail olmaq \u00fc\u00e7\u00fcn \u0259sas rus qrammatikas\u0131 m\u0259\u015fql\u0259rini ara\u015fd\u0131r\u0131n.\",\"breadcrumb\":{\"@id\":\"https:\/\/talkpal.ai\/az\/rus-dilinin-qrammatikasi-m%c9%99sg%c9%99l%c9%99l%c9%99ri\/#breadcrumb\"},\"inLanguage\":\"az\",\"potentialAction\":[{\"@type\":\"ReadAction\",\"target\":[\"https:\/\/talkpal.ai\/az\/rus-dilinin-qrammatikasi-m%c9%99sg%c9%99l%c9%99l%c9%99ri\/\"]}]},{\"@type\":\"ImageObject\",\"inLanguage\":\"az\",\"@id\":\"https:\/\/talkpal.ai\/az\/rus-dilinin-qrammatikasi-m%c9%99sg%c9%99l%c9%99l%c9%99ri\/#primaryimage\",\"url\":\"https:\/\/talkpal.ai\/wp-content\/uploads\/2023\/04\/rusia.png\",\"contentUrl\":\"https:\/\/talkpal.ai\/wp-content\/uploads\/2023\/04\/rusia.png\",\"width\":512,\"height\":512},{\"@type\":\"BreadcrumbList\",\"@id\":\"https:\/\/talkpal.ai\/az\/rus-dilinin-qrammatikasi-m%c9%99sg%c9%99l%c9%99l%c9%99ri\/#breadcrumb\",\"itemListElement\":[{\"@type\":\"ListItem\",\"position\":1,\"name\":\"Homepage\",\"item\":\"https:\/\/talkpal.ai\/az\/\"},{\"@type\":\"ListItem\",\"position\":2,\"name\":\"Rus dilinin qrammatikas\u0131 m\u0259\u015f\u011f\u0259l\u0259l\u0259ri\"}]},{\"@type\":\"WebSite\",\"@id\":\"https:\/\/talkpal.ai\/az\/#website\",\"url\":\"https:\/\/talkpal.ai\/az\/\",\"name\":\"Talkpal\",\"description\":\"AI Language Learning\",\"publisher\":{\"@id\":\"https:\/\/talkpal.ai\/az\/#organization\"},\"alternateName\":\"Talkpal AI\",\"potentialAction\":[{\"@type\":\"SearchAction\",\"target\":{\"@type\":\"EntryPoint\",\"urlTemplate\":\"https:\/\/talkpal.ai\/az\/?s={search_term_string}\"},\"query-input\":{\"@type\":\"PropertyValueSpecification\",\"valueRequired\":true,\"valueName\":\"search_term_string\"}}],\"inLanguage\":\"az\"},{\"@type\":\"Organization\",\"@id\":\"https:\/\/talkpal.ai\/az\/#organization\",\"name\":\"Talkpal, Inc.\",\"alternateName\":\"Talkpal AI\",\"url\":\"https:\/\/talkpal.ai\/az\/\",\"logo\":{\"@type\":\"ImageObject\",\"inLanguage\":\"az\",\"@id\":\"https:\/\/talkpal.ai\/az\/#\/schema\/logo\/image\/\",\"url\":\"https:\/\/talkpal.ai\/wp-content\/uploads\/2024\/03\/Talkpal-Logo-Icon.png\",\"contentUrl\":\"https:\/\/talkpal.ai\/wp-content\/uploads\/2024\/03\/Talkpal-Logo-Icon.png\",\"width\":2880,\"height\":2880,\"caption\":\"Talkpal, Inc.\"},\"image\":{\"@id\":\"https:\/\/talkpal.ai\/az\/#\/schema\/logo\/image\/\"},\"sameAs\":[\"https:\/\/www.facebook.com\/profile.php?id=100090733639311\",\"https:\/\/x.com\/talkpalai\",\"https:\/\/www.linkedin.com\/company\/talkpal\/\",\"https:\/\/www.youtube.com\/@TalkPal\/\",\"https:\/\/www.tiktok.com\/@talkpal\",\"https:\/\/www.instagram.com\/talkpal_ai\/\",\"https:\/\/www.crunchbase.com\/organization\/talkpal-9cde\",\"https:\/\/www.g2.com\/products\/talkpal-for-business\/\",\"https:\/\/www.trustpilot.com\/review\/talkpal.ai\",\"https:\/\/www.capterra.com\/p\/10006800\/TalkPal\/\"],\"description\":\"Talkpal is a language learning web and mobile education app, powered by the latest AI technologies, that provides engaging experiences to its customers in many different languages to help them improve their language skills. Users can chat about unlimited amount of topics with the app and use other modes to practice their language learning.\",\"email\":\"support@talkpal.ai\",\"legalName\":\"Talkpal, Inc.\",\"foundingDate\":\"2023-04-03\",\"duns\":\"118989042\",\"numberOfEmployees\":{\"@type\":\"QuantitativeValue\",\"minValue\":\"11\",\"maxValue\":\"50\"},\"publishingPrinciples\":\"https:\/\/talkpal.ai\/publishing-principles\/\",\"actionableFeedbackPolicy\":\"https:\/\/talkpal.ai\/actionable-feedback-policy\/\",\"correctionsPolicy\":\"https:\/\/talkpal.ai\/corrections-policy\/\",\"ethicsPolicy\":\"https:\/\/talkpal.ai\/ethics-policy\/\",\"diversityPolicy\":\"https:\/\/talkpal.ai\/diversity-policy\/\",\"diversityStaffingReport\":\"https:\/\/talkpal.ai\/diversity-policy\/\"}]}<\/script>\n<!-- \/ Yoast SEO Premium plugin. -->","yoast_head_json":{"title":"Rus dilinin qrammatikas\u0131 m\u0259\u015f\u011f\u0259l\u0259l\u0259ri - Talkpal","description":"Dil bacar\u0131qlar\u0131n\u0131z\u0131 g\u00fccl\u0259ndirm\u0259k v\u0259 rus dilind\u0259 s\u0259lis dan\u0131\u015fma\u011fa nail olmaq \u00fc\u00e7\u00fcn \u0259sas rus qrammatikas\u0131 m\u0259\u015fql\u0259rini ara\u015fd\u0131r\u0131n.","robots":{"index":"index","follow":"follow","max-snippet":"max-snippet:-1","max-image-preview":"max-image-preview:large","max-video-preview":"max-video-preview:-1"},"canonical":"https:\/\/talkpal.ai\/az\/rus-dilinin-qrammatikasi-m%c9%99sg%c9%99l%c9%99l%c9%99ri\/","og_locale":"az_AZ","og_type":"article","og_title":"Rus dilinin qrammatikas\u0131 m\u0259\u015f\u011f\u0259l\u0259l\u0259ri","og_description":"Rus dilinin qrammatikas\u0131 m\u00f6vzular\u0131 Rus dilini \u00f6yr\u0259nm\u0259k olduqca m\u00fckafatland\u0131r\u0131c\u0131 v\u0259 intellektual c\u0259h\u0259td\u0259n stimulla\u015fd\u0131r\u0131c\u0131 t\u0259cr\u00fcb\u0259 ola bil\u0259r. Rus dili t\u0259kc\u0259","og_url":"https:\/\/talkpal.ai\/az\/rus-dilinin-qrammatikasi-m%c9%99sg%c9%99l%c9%99l%c9%99ri\/","og_site_name":"Talkpal","article_publisher":"https:\/\/www.facebook.com\/profile.php?id=100090733639311","article_modified_time":"2025-12-17T16:25:11+00:00","og_image":[{"width":512,"height":512,"url":"https:\/\/talkpal.ai\/wp-content\/uploads\/2023\/04\/rusia.png","type":"image\/png"}],"twitter_card":"summary_large_image","twitter_site":"@talkpalai","twitter_misc":{"Est. reading time":"4 minutes"},"schema":{"@context":"https:\/\/schema.org","@graph":[{"@type":"WebPage","@id":"https:\/\/talkpal.ai\/az\/rus-dilinin-qrammatikasi-m%c9%99sg%c9%99l%c9%99l%c9%99ri\/","url":"https:\/\/talkpal.ai\/az\/rus-dilinin-qrammatikasi-m%c9%99sg%c9%99l%c9%99l%c9%99ri\/","name":"Rus dilinin qrammatikas\u0131 m\u0259\u015f\u011f\u0259l\u0259l\u0259ri - Talkpal","isPartOf":{"@id":"https:\/\/talkpal.ai\/az\/#website"},"primaryImageOfPage":{"@id":"https:\/\/talkpal.ai\/az\/rus-dilinin-qrammatikasi-m%c9%99sg%c9%99l%c9%99l%c9%99ri\/#primaryimage"},"image":{"@id":"https:\/\/talkpal.ai\/az\/rus-dilinin-qrammatikasi-m%c9%99sg%c9%99l%c9%99l%c9%99ri\/#primaryimage"},"thumbnailUrl":"https:\/\/talkpal.ai\/wp-content\/uploads\/2023\/04\/rusia.png","datePublished":"2023-06-16T10:58:35+00:00","dateModified":"2025-12-17T16:25:11+00:00","description":"Dil bacar\u0131qlar\u0131n\u0131z\u0131 g\u00fccl\u0259ndirm\u0259k v\u0259 rus dilind\u0259 s\u0259lis dan\u0131\u015fma\u011fa nail olmaq \u00fc\u00e7\u00fcn \u0259sas rus qrammatikas\u0131 m\u0259\u015fql\u0259rini ara\u015fd\u0131r\u0131n.","breadcrumb":{"@id":"https:\/\/talkpal.ai\/az\/rus-dilinin-qrammatikasi-m%c9%99sg%c9%99l%c9%99l%c9%99ri\/#breadcrumb"},"inLanguage":"az","potentialAction":[{"@type":"ReadAction","target":["https:\/\/talkpal.ai\/az\/rus-dilinin-qrammatikasi-m%c9%99sg%c9%99l%c9%99l%c9%99ri\/"]}]},{"@type":"ImageObject","inLanguage":"az","@id":"https:\/\/talkpal.ai\/az\/rus-dilinin-qrammatikasi-m%c9%99sg%c9%99l%c9%99l%c9%99ri\/#primaryimage","url":"https:\/\/talkpal.ai\/wp-content\/uploads\/2023\/04\/rusia.png","contentUrl":"https:\/\/talkpal.ai\/wp-content\/uploads\/2023\/04\/rusia.png","width":512,"height":512},{"@type":"BreadcrumbList","@id":"https:\/\/talkpal.ai\/az\/rus-dilinin-qrammatikasi-m%c9%99sg%c9%99l%c9%99l%c9%99ri\/#breadcrumb","itemListElement":[{"@type":"ListItem","position":1,"name":"Homepage","item":"https:\/\/talkpal.ai\/az\/"},{"@type":"ListItem","position":2,"name":"Rus dilinin qrammatikas\u0131 m\u0259\u015f\u011f\u0259l\u0259l\u0259ri"}]},{"@type":"WebSite","@id":"https:\/\/talkpal.ai\/az\/#website","url":"https:\/\/talkpal.ai\/az\/","name":"Talkpal","description":"AI Language Learning","publisher":{"@id":"https:\/\/talkpal.ai\/az\/#organization"},"alternateName":"Talkpal AI","potentialAction":[{"@type":"SearchAction","target":{"@type":"EntryPoint","urlTemplate":"https:\/\/talkpal.ai\/az\/?s={search_term_string}"},"query-input":{"@type":"PropertyValueSpecification","valueRequired":true,"valueName":"search_term_string"}}],"inLanguage":"az"},{"@type":"Organization","@id":"https:\/\/talkpal.ai\/az\/#organization","name":"Talkpal, Inc.","alternateName":"Talkpal AI","url":"https:\/\/talkpal.ai\/az\/","logo":{"@type":"ImageObject","inLanguage":"az","@id":"https:\/\/talkpal.ai\/az\/#\/schema\/logo\/image\/","url":"https:\/\/talkpal.ai\/wp-content\/uploads\/2024\/03\/Talkpal-Logo-Icon.png","contentUrl":"https:\/\/talkpal.ai\/wp-content\/uploads\/2024\/03\/Talkpal-Logo-Icon.png","width":2880,"height":2880,"caption":"Talkpal, Inc."},"image":{"@id":"https:\/\/talkpal.ai\/az\/#\/schema\/logo\/image\/"},"sameAs":["https:\/\/www.facebook.com\/profile.php?id=100090733639311","https:\/\/x.com\/talkpalai","https:\/\/www.linkedin.com\/company\/talkpal\/","https:\/\/www.youtube.com\/@TalkPal\/","https:\/\/www.tiktok.com\/@talkpal","https:\/\/www.instagram.com\/talkpal_ai\/","https:\/\/www.crunchbase.com\/organization\/talkpal-9cde","https:\/\/www.g2.com\/products\/talkpal-for-business\/","https:\/\/www.trustpilot.com\/review\/talkpal.ai","https:\/\/www.capterra.com\/p\/10006800\/TalkPal\/"],"description":"Talkpal is a language learning web and mobile education app, powered by the latest AI technologies, that provides engaging experiences to its customers in many different languages to help them improve their language skills. Users can chat about unlimited amount of topics with the app and use other modes to practice their language learning.","email":"support@talkpal.ai","legalName":"Talkpal, Inc.","foundingDate":"2023-04-03","duns":"118989042","numberOfEmployees":{"@type":"QuantitativeValue","minValue":"11","maxValue":"50"},"publishingPrinciples":"https:\/\/talkpal.ai\/publishing-principles\/","actionableFeedbackPolicy":"https:\/\/talkpal.ai\/actionable-feedback-policy\/","correctionsPolicy":"https:\/\/talkpal.ai\/corrections-policy\/","ethicsPolicy":"https:\/\/talkpal.ai\/ethics-policy\/","diversityPolicy":"https:\/\/talkpal.ai\/diversity-policy\/","diversityStaffingReport":"https:\/\/talkpal.ai\/diversity-policy\/"}]}},"_links":{"self":[{"href":"https:\/\/talkpal.ai\/az\/wp-json\/wp\/v2\/pages\/166577","targetHints":{"allow":["GET"]}}],"collection":[{"href":"https:\/\/talkpal.ai\/az\/wp-json\/wp\/v2\/pages"}],"about":[{"href":"https:\/\/talkpal.ai\/az\/wp-json\/wp\/v2\/types\/page"}],"author":[{"embeddable":true,"href":"https:\/\/talkpal.ai\/az\/wp-json\/wp\/v2\/users\/6"}],"replies":[{"embeddable":true,"href":"https:\/\/talkpal.ai\/az\/wp-json\/wp\/v2\/comments?post=166577"}],"version-history":[{"count":0,"href":"https:\/\/talkpal.ai\/az\/wp-json\/wp\/v2\/pages\/166577\/revisions"}],"wp:featuredmedia":[{"embeddable":true,"href":"https:\/\/talkpal.ai\/az\/wp-json\/wp\/v2\/media\/108005"}],"wp:attachment":[{"href":"https:\/\/talkpal.ai\/az\/wp-json\/wp\/v2\/media?parent=166577"}],"curies":[{"name":"wp","href":"https:\/\/api.w.org\/{rel}","templated":true}]}}