{"id":166217,"date":"2023-06-16T11:31:43","date_gmt":"2023-06-16T11:31:43","guid":{"rendered":"http:\/\/talkpal.ai\/erm%c9%99ni-dilinin-qrammatikasi-m%c9%99sg%c9%99l%c9%99l%c9%99ri\/"},"modified":"2025-05-22T19:39:25","modified_gmt":"2025-05-22T19:39:25","slug":"erm%c9%99ni-dilinin-qrammatikasi-m%c9%99sg%c9%99l%c9%99l%c9%99ri","status":"publish","type":"page","link":"https:\/\/talkpal.ai\/az\/erm%c9%99ni-dilinin-qrammatikasi-m%c9%99sg%c9%99l%c9%99l%c9%99ri\/","title":{"rendered":"Erm\u0259ni dilinin qrammatikas\u0131 m\u0259\u015f\u011f\u0259l\u0259l\u0259ri"},"content":{"rendered":"\r\n\r\n\r\n<section class=\"languageChallengeSection\">\r\n    <div class=\"languageInfoWrapper\">\r\n        \r\n        <h1>Erm\u0259ni dilinin qrammatikas\u0131 m\u0259\u015f\u011f\u0259l\u0259l\u0259ri<\/h1>\r\n        <p>Bir ne\u00e7\u0259 asan v\u0259 \u0259yl\u0259nc\u0259li m\u0259\u015fql\u0259rl\u0259 <a href=\"https:\/\/talkpal.ai\/learn-armenian\/\">erm\u0259ni<\/a> qrammatikas\u0131 il\u0259 tan\u0131\u015f olaq! Bu f\u0259aliyy\u0259tl\u0259r siz\u0259 \u0259saslara \u00f6yr\u0259\u015fm\u0259y\u0259 k\u00f6m\u0259k ed\u0259c\u0259k v\u0259 \u00f6yr\u0259nm\u0259 s\u0259yah\u0259tiniz\u0259 \u0259la ba\u015flan\u011f\u0131c ver\u0259c\u0259k.<\/p>\r\n\r\n                            <a class=\"getStartedHidden\" href=\"https:\/\/app.talkpal.ai\/signup?lng=\">Ba\u015fla<\/a>\r\n        \r\n    <\/div>\r\n\r\n    <figure>\r\n    <img decoding=\"async\" width=\"768\" height=\"768\" src=\"https:\/\/talkpal.ai\/wp-content\/uploads\/2023\/06\/armenian-768x768.png\" class=\"languageImage no-lazy\" alt=\"Language learning for higher cognition\" fetchpriority=\"high\" sizes=\"(max-width: 768px) 150px, 768px\" srcset=\"https:\/\/talkpal.ai\/wp-content\/uploads\/2023\/06\/armenian-768x768.png 768w, https:\/\/talkpal.ai\/wp-content\/uploads\/2023\/06\/armenian-300x300.png 300w\" \/>\r\n    \r\n\r\n    <\/figure>\r\n\r\n            <a class=\"getStartedVisible\" href=\"https:\/\/app.talkpal.ai\/signup?lng=\">Ba\u015fla<\/a>\r\n    \r\n<\/section>\r\n\r\n\r\n<!-- <section class=\"grammarSection\">\r\n    <div class=\"grammarLinks\">\r\n            <\/div>\r\n<\/section> -->\r\n\r\n\r\n\r\n\r\n<section class=\"promotionalBanner\">\r\n    <p class=\"promotionalText\">Dil \u00f6yr\u0259nm\u0259yin \u0259n t\u0259sirli yolu<\/p>\r\n    <a class=\"promotionalLink\" href=\"https:\/\/app.talkpal.ai\/signup?lng=\">Talkpal pulsuz s\u0131nay\u0131n<\/a>\r\n<\/section>\n<div class=\"wp-block-group pageContainerStyle\"><div class=\"wp-block-group__inner-container is-layout-constrained wp-block-group-is-layout-constrained\">\n<h2 class=\"wp-block-heading\" id=\"h-armenian-grammar-topics\">Erm\u0259ni dilinin qrammatikas\u0131 m\u00f6vzular\u0131<\/h2>\n\n\n\n<p>Erm\u0259ni dili \u0259sas\u0259n Erm\u0259nistan Respublikas\u0131nda v\u0259 b\u00fct\u00fcn d\u00fcnyada erm\u0259ni diasporu t\u0259r\u0259find\u0259n dan\u0131\u015f\u0131lan \u0130ndo-Az\u0259rbaycan dilidir. Uzun tarix\u0259 v\u0259 \u00f6z\u00fcn\u0259m\u0259xsus yaz\u0131 sistemin\u0259 malik olan erm\u0259ni dili dil \u00f6yr\u0259n\u0259nl\u0259r \u00fc\u00e7\u00fcn maraql\u0131 dil t\u0259cr\u00fcb\u0259si t\u0259klif edir. H\u0259r bir dild\u0259 oldu\u011fu kimi, qrammatikan\u0131 ba\u015fa d\u00fc\u015fm\u0259k d\u0259 erm\u0259ni dilini m\u00fck\u0259mm\u0259l m\u0259nims\u0259m\u0259k \u00fc\u00e7\u00fcn z\u0259ruri \u015f\u0259rtdir. Bu b\u0259l\u0259d\u00e7id\u0259 \u0259sas erm\u0259ni dilinin qrammatika m\u00f6vzular\u0131 haqq\u0131nda \u00fcmumi m\u0259lumat verilir ki, bu da dild\u0259 m\u00f6hk\u0259m t\u0259m\u0259l\u0259 nail olma\u011fa k\u00f6m\u0259k edir. T\u0259klif olunan m\u00f6vzular\u0131n ard\u0131c\u0131ll\u0131\u011f\u0131n\u0131 izl\u0259y\u0259r\u0259k, erm\u0259ni dilini daha effektiv v\u0259 effektiv \u00f6yr\u0259n\u0259 bil\u0259c\u0259ksiniz.<\/p>\n\n\n\n<h3 class=\"wp-block-heading\" id=\"h-1-nouns\">1. Nouns:<\/h3>\n\n\n\n<p>Erm\u0259ni dilinin qrammatika s\u0259yah\u0259tini ist\u0259nil\u0259n dilin bel s\u00fcm\u00fcy\u00fc olan nouns il\u0259 ba\u015flay\u0131n. Armenian noun classes (\u00fcmumi v\u0259 d\u00fczg\u00fcn), aldanma v\u0259 i\u015fl\u0259r (nominativ, genitive, dativ, ittihamedici, ablativ, instrumental v\u0259 lokativ) haqq\u0131nda m\u0259lumat \u0259ld\u0259 edin. Erm\u0259ni dilind\u0259 nounlar\u0131n nec\u0259 funksiya g\u00f6st\u0259rdiyini anlamaq c\u00fcml\u0259l\u0259rin qurulmas\u0131 \u00fc\u00e7\u00fcn m\u00f6hk\u0259m baza yaradacaq.<\/p>\n\n\n\n<h3 class=\"wp-block-heading\" id=\"h-2-articles\">2. M\u0259qal\u0259l\u0259r:<\/h3>\n\n\n\n<p>Erm\u0259ni dilind\u0259 ingilis dilin\u0259 b\u0259nz\u0259r, q\u0259ti v\u0259 m\u00fcdd\u0259tsiz m\u0259qal\u0259l\u0259r var. Konkretliyi g\u00f6st\u0259rm\u0259k v\u0259 bir-birin\u0259 uy\u011fun c\u00fcml\u0259l\u0259r yaratmaq \u00fc\u00e7\u00fcn onlar\u0131 nouns il\u0259 d\u00fczg\u00fcn istifad\u0259 etm\u0259yi \u00f6yr\u0259nin.<\/p>\n\n\n\n<h3 class=\"wp-block-heading\" id=\"h-3-adjectives\">3. Adjectives:<\/h3>\n\n\n\n<p>Adyunlar\u0131 t\u0259svir etm\u0259k \u00fc\u00e7\u00fcn adjectives \u00e7ox vacibdir. Erm\u0259ni dilind\u0259 adjectives istifad\u0259 qaydalar\u0131, o c\u00fcml\u0259d\u0259n cins, say\u0131 v\u0259 case nouns il\u0259 anla\u015fma.<\/p>\n\n\n\n<h3 class=\"wp-block-heading\" id=\"h-4-pronouns-determiners\">4. Pronouns\/Determinl\u0259r:<\/h3>\n\n\n\n<p>1990-c\u0131 ild\u0259 az\u0259rbaycan dilind\u0259 &#8220;N&#8221; v\u0259 &#8220;N&#8221; v\u0259 &#8220;N&#8221; kateqoriyal\u0131 &#8220;N&#8221; sayl\u0131 M\u00fcxt\u0259lif n\u00f6v pronounlar (\u015f\u0259xsi, sahibli, n\u00fcmayi\u015fkar, nisgilli, sor\u011fu-sual, refleksiv) v\u0259 t\u0259yinedicil\u0259r haqq\u0131nda erm\u0259ni dilind\u0259 v\u0259 onlar\u0131n istifad\u0259 qaydas\u0131 haqq\u0131nda m\u0259lumat \u0259ld\u0259 edin.<\/p>\n\n\n\n<h3 class=\"wp-block-heading\" id=\"h-5-verbs\">5. Feill\u0259r:<\/h3>\n\n\n\n<p>Feill\u0259r bir dilin h\u0259r\u0259k\u0259tli s\u00f6zl\u0259ridir. Erm\u0259ni feli konjuqasiya, m\u00fcnt\u0259z\u0259m v\u0259 qeyri-m\u00fcnt\u0259z\u0259m feill\u0259rl\u0259, m\u00fcxt\u0259lif feil formalar\u0131 il\u0259 (sonsuz, imperativ, tabeli) tan\u0131\u015f olun.<\/p>\n\n\n\n<h3 class=\"wp-block-heading\" id=\"h-6-tenses\">6. G\u0259rginlikl\u0259r:<\/h3>\n\n\n\n<p>Erm\u0259ni dilind\u0259 d\u00f6rd feli g\u0259rginlik var: indiki, ke\u00e7mi\u015f, g\u0259l\u0259c\u0259k v\u0259 aorist. H\u0259r bir zaman\u0131n yaranmas\u0131 v\u0259 istifad\u0259sini, h\u0259m\u00e7inin sad\u0259 v\u0259 davaml\u0131 formalar aras\u0131ndak\u0131 f\u0259rql\u0259ri \u00f6yr\u0259nin.<\/p>\n\n\n\n<h3 class=\"wp-block-heading\" id=\"h-7-tense-comparison\">7. G\u0259rgin m\u00fcqayis\u0259:<\/h3>\n\n\n\n<p>M\u00fcxt\u0259lif g\u0259rginlikl\u0259r aras\u0131ndak\u0131 n\u00fcanslar\u0131 anlamaq effektiv \u00fcnsiyy\u0259t \u00fc\u00e7\u00fcn z\u0259ruridir. N\u0259z\u0259rd\u0259 tutulan m\u0259nan\u0131 d\u0259qiq \u00e7atd\u0131rmaq \u00fc\u00e7\u00fcn erm\u0259ni g\u0259rginlikl\u0259rini m\u00fcqayis\u0259 etm\u0259yi v\u0259 t\u0259zadl\u0131 etm\u0259yi \u00f6yr\u0259nin.<\/p>\n\n\n\n<h3 class=\"wp-block-heading\" id=\"h-8-progressive\">8. M\u00fct\u0259r\u0259qqi:<\/h3>\n\n\n\n<p>Erm\u0259ni dilind\u0259 ged\u0259n m\u00fct\u0259r\u0259qqi aspekt davam ed\u0259n h\u0259r\u0259k\u0259tl\u0259ri g\u00f6st\u0259rir. M\u00fcxt\u0259lif g\u0259rginlikl\u0259rd\u0259 m\u00fct\u0259r\u0259qqi aspektin formala\u015fmas\u0131n\u0131 v\u0259 onlardan istifad\u0259 etm\u0259yi \u00f6yr\u0259nin.<\/p>\n\n\n\n<h3 class=\"wp-block-heading\" id=\"h-9-perfect-progressive\">9. M\u00fck\u0259mm\u0259l T\u0259r\u0259qqi:<\/h3>\n\n\n\n<p>M\u00fck\u0259mm\u0259l t\u0259r\u0259qqi \u00f6z\u00fcnd\u0259 m\u00fck\u0259mm\u0259l v\u0259 m\u00fct\u0259r\u0259qqi t\u0259r\u0259fl\u0259ri birl\u0259\u015fdirir. Bu, ke\u00e7mi\u015fd\u0259n ba\u015flayan v\u0259 indiki d\u00f6vrd\u0259 d\u0259 davam ed\u0259n h\u0259r\u0259k\u0259ti g\u00f6st\u0259rir. Onun yaranmas\u0131n\u0131 v\u0259 istifad\u0259sini erm\u0259ni dilind\u0259 \u00f6yr\u0259nin.<\/p>\n\n\n\n<h3 class=\"wp-block-heading\" id=\"h-10-adverbs\">10. Adverbl\u0259r:<\/h3>\n\n\n\n<p>Adverbs feill\u0259ri, adjectives v\u0259 dig\u0259r adverbl\u0259ri d\u0259yi\u015fdirir, h\u0259r\u0259k\u0259t v\u0259 ya keyfiyy\u0259tl\u0259r haqq\u0131nda \u0259lav\u0259 m\u0259lumat verir. Erm\u0259ni dilind\u0259 m\u00fcxt\u0259lif n\u00f6v adverbl\u0259ri v\u0259 onlar\u0131n c\u00fcml\u0259d\u0259 yerl\u0259\u015fdirilm\u0259sini \u00f6yr\u0259nin.<\/p>\n\n\n\n<h3 class=\"wp-block-heading\" id=\"h-11-prepositions\">11. Prepozisiyalar:<\/h3>\n\n\n\n<p>Erm\u0259ni dilind\u0259 prepozisiyalar s\u00f6zl\u0259r aras\u0131nda yer, istiqam\u0259t, zaman v\u0259 s\u0259b\u0259b kimi m\u00fcnasib\u0259tl\u0259rin i\u015far\u0259l\u0259nm\u0259si \u00fc\u00e7\u00fcn z\u0259ruridir. \u018fn geni\u015f yay\u0131lm\u0131\u015f erm\u0259ni prepozisiyalar\u0131n\u0131 v\u0259 onlar\u0131n istifad\u0259sini \u00f6yr\u0259nin.<\/p>\n\n\n\n<h3 class=\"wp-block-heading\" id=\"h-12-conditionals\">12. \u015e\u0259rti olaraq:<\/h3>\n\n\n\n<p>\u015e\u0259rti v\u0259ziyy\u0259tl\u0259r hipotetik v\u0259ziyy\u0259tl\u0259ri v\u0259 onlar\u0131n m\u00fcmk\u00fcn n\u0259tic\u0259l\u0259rini ifad\u0259 edir. Erm\u0259nic\u0259d\u0259 m\u00fcxt\u0259lif tipli (s\u0131f\u0131r, birinci, ikinci v\u0259 \u00fc\u00e7\u00fcnc\u00fc) v\u0259 onlar\u0131n m\u00fcvafiq feil formalar\u0131n\u0131 \u00f6yr\u0259nm\u0259k.<\/p>\n\n\n\n<h3 class=\"wp-block-heading\" id=\"h-13-sentences\">13. C\u00fcml\u0259l\u0259r:<\/h3>\n\n\n\n<p>N\u0259hay\u0259t, b\u00fct\u00fcn qrammatik elementl\u0259ri bir araya g\u0259tir\u0259r\u0259k erm\u0259ni dilind\u0259 tam c\u00fcml\u0259l\u0259r \u0259m\u0259l\u0259 g\u0259tirir. M\u00fcxt\u0259lif c\u00fcml\u0259 qurulu\u015flar\u0131, s\u00f6z s\u0131ras\u0131 v\u0259 dur\u011fu i\u015far\u0259l\u0259ri qaydalar\u0131 haqq\u0131nda m\u0259lumat \u0259ld\u0259 edin.<\/p>\n<\/div><\/div>\n\r\n<section class=\"learnNavigationSection\">\r\n            \r\n        <a href=\"https:\/\/talkpal.ai\/az\/erm%c9%99ni-dilini-oyr%c9%99n\/\">\r\n            <div class=\"learnNavigationWrapper\">\r\n                <div class=\"learnNavigationContent\">\r\n                    <img decoding=\"async\" src=\"https:\/\/talkpal.ai\/wp-content\/uploads\/2024\/08\/Armenian.jpg\" alt=\"Armenian Flag\">\r\n                    <div>\r\n                        <h4>Erm\u0259ni \u00f6yr\u0259nm\u0259 haqq\u0131nda<\/h4>\r\n                        <p>Erm\u0259ni dilinin qrammatikas\u0131 haqq\u0131nda h\u0259r \u015feyi \u00f6yr\u0259nin.<\/p>\r\n                    <\/div>\r\n                <\/div>\r\n            <\/div>\r\n        <\/a>\r\n\r\n        \r\n        <a href=\"https:\/\/talkpal.ai\/az\/erm%c9%99ni-dilinin-qrammatikasi\/\">\r\n            <div class=\"learnNavigationWrapper\">\r\n                <div class=\"learnNavigationContent\">\r\n                    <img decoding=\"async\" src=\"https:\/\/talkpal.ai\/wp-content\/uploads\/2024\/08\/Armenian.jpg\" alt=\"Armenian Flag\">\r\n                    <div>\r\n                        <h4>Erm\u0259ni dilinin qrammatikas\u0131 d\u0259rsl\u0259ri<\/h4>\r\n                        <p>Erm\u0259ni dilinin qrammatikas\u0131 praktikumu.<\/p>\r\n                    <\/div>\r\n                <\/div>\r\n            <\/div>\r\n        <\/a>\r\n\r\n        \r\n        <a href=\"https:\/\/talkpal.ai\/vocabulary_language\/armenian\/\">\r\n            <div class=\"learnNavigationWrapper\">\r\n                <div class=\"learnNavigationContent\">\r\n                    <img decoding=\"async\" src=\"https:\/\/talkpal.ai\/wp-content\/uploads\/2024\/08\/Armenian.jpg\" alt=\"Armenian Flag\">\r\n                    <div>\r\n                        <h4>Erm\u0259ni l\u00fc\u011f\u0259ti<\/h4>\r\n                        <p>Erm\u0259ni l\u00fc\u011f\u0259tinizi geni\u015fl\u0259ndirin.<\/p>\r\n                    <\/div>\r\n                <\/div>\r\n            <\/div>\r\n        <\/a>\r\n\r\n            <\/section>","protected":false},"excerpt":{"rendered":"<p>Erm\u0259ni dilinin qrammatikas\u0131 m\u00f6vzular\u0131 Erm\u0259ni dili \u0259sas\u0259n Erm\u0259nistan Respublikas\u0131nda v\u0259 b\u00fct\u00fcn d\u00fcnyada erm\u0259ni diasporu t\u0259r\u0259find\u0259n dan\u0131\u015f\u0131lan \u0130ndo-Az\u0259rbaycan dilidir. Uzun tarix\u0259 v\u0259 \u00f6z\u00fcn\u0259m\u0259xsus yaz\u0131 sistemin\u0259 malik olan erm\u0259ni dili dil \u00f6yr\u0259n\u0259nl\u0259r \u00fc\u00e7\u00fcn maraql\u0131 dil t\u0259cr\u00fcb\u0259si t\u0259klif edir. H\u0259r bir dild\u0259 oldu\u011fu kimi, qrammatikan\u0131 ba\u015fa d\u00fc\u015fm\u0259k d\u0259 erm\u0259ni dilini m\u00fck\u0259mm\u0259l m\u0259nims\u0259m\u0259k \u00fc\u00e7\u00fcn z\u0259ruri \u015f\u0259rtdir. Bu b\u0259l\u0259d\u00e7id\u0259 \u0259sas [&hellip;]<\/p>\n","protected":false},"author":6,"featured_media":109086,"parent":0,"menu_order":0,"comment_status":"closed","ping_status":"closed","template":"LearningContentPage.php","meta":{"_acf_changed":false,"footnotes":""},"class_list":["post-166217","page","type-page","status-publish","has-post-thumbnail","hentry"],"acf":[],"yoast_head":"<!-- This site is optimized with the Yoast SEO Premium plugin v27.2 (Yoast SEO v27.2) - https:\/\/yoast.com\/product\/yoast-seo-premium-wordpress\/ -->\n<title>Erm\u0259ni dilinin qrammatikas\u0131 m\u0259\u015f\u011f\u0259l\u0259l\u0259ri - Talkpal<\/title>\n<meta name=\"description\" content=\"S\u00fcni intellektl\u0259 i\u015fl\u0259y\u0259n dil m\u00fc\u0259lliminiz Talkpal t\u0259r\u0259find\u0259n haz\u0131rlanm\u0131\u015f c\u0259lbedici Erm\u0259ni Qrammatikas\u0131 T\u0259liml\u0259ri il\u0259 erm\u0259ni qrammatikas\u0131n\u0131 m\u0259nims\u0259yin.\" \/>\n<meta name=\"robots\" content=\"index, follow, max-snippet:-1, max-image-preview:large, max-video-preview:-1\" \/>\n<link rel=\"canonical\" href=\"https:\/\/talkpal.ai\/az\/erm%c9%99ni-dilinin-qrammatikasi-m%c9%99sg%c9%99l%c9%99l%c9%99ri\/\" \/>\n<meta property=\"og:locale\" content=\"az_AZ\" \/>\n<meta property=\"og:type\" content=\"article\" \/>\n<meta property=\"og:title\" content=\"Erm\u0259ni dilinin qrammatikas\u0131 m\u0259\u015f\u011f\u0259l\u0259l\u0259ri\" \/>\n<meta property=\"og:description\" content=\"Erm\u0259ni dilinin qrammatikas\u0131 m\u00f6vzular\u0131 Erm\u0259ni dili \u0259sas\u0259n Erm\u0259nistan Respublikas\u0131nda v\u0259 b\u00fct\u00fcn d\u00fcnyada erm\u0259ni diasporu t\u0259r\u0259find\u0259n dan\u0131\u015f\u0131lan \u0130ndo-Az\u0259rbaycan\" \/>\n<meta property=\"og:url\" content=\"https:\/\/talkpal.ai\/az\/erm%c9%99ni-dilinin-qrammatikasi-m%c9%99sg%c9%99l%c9%99l%c9%99ri\/\" \/>\n<meta property=\"og:site_name\" content=\"Talkpal\" \/>\n<meta property=\"article:publisher\" content=\"https:\/\/www.facebook.com\/profile.php?id=100090733639311\" \/>\n<meta property=\"article:modified_time\" content=\"2025-05-22T19:39:25+00:00\" \/>\n<meta property=\"og:image\" content=\"https:\/\/talkpal.ai\/wp-content\/uploads\/2023\/05\/armenia.png\" \/>\n\t<meta property=\"og:image:width\" content=\"512\" \/>\n\t<meta property=\"og:image:height\" content=\"512\" \/>\n\t<meta property=\"og:image:type\" content=\"image\/png\" \/>\n<meta name=\"twitter:card\" content=\"summary_large_image\" \/>\n<meta name=\"twitter:site\" content=\"@talkpalai\" \/>\n<meta name=\"twitter:label1\" content=\"Est. reading time\" \/>\n\t<meta name=\"twitter:data1\" content=\"4 minutes\" \/>\n<script type=\"application\/ld+json\" class=\"yoast-schema-graph\">{\"@context\":\"https:\/\/schema.org\",\"@graph\":[{\"@type\":\"WebPage\",\"@id\":\"https:\/\/talkpal.ai\/az\/erm%c9%99ni-dilinin-qrammatikasi-m%c9%99sg%c9%99l%c9%99l%c9%99ri\/\",\"url\":\"https:\/\/talkpal.ai\/az\/erm%c9%99ni-dilinin-qrammatikasi-m%c9%99sg%c9%99l%c9%99l%c9%99ri\/\",\"name\":\"Erm\u0259ni dilinin qrammatikas\u0131 m\u0259\u015f\u011f\u0259l\u0259l\u0259ri - Talkpal\",\"isPartOf\":{\"@id\":\"https:\/\/talkpal.ai\/az\/#website\"},\"primaryImageOfPage\":{\"@id\":\"https:\/\/talkpal.ai\/az\/erm%c9%99ni-dilinin-qrammatikasi-m%c9%99sg%c9%99l%c9%99l%c9%99ri\/#primaryimage\"},\"image\":{\"@id\":\"https:\/\/talkpal.ai\/az\/erm%c9%99ni-dilinin-qrammatikasi-m%c9%99sg%c9%99l%c9%99l%c9%99ri\/#primaryimage\"},\"thumbnailUrl\":\"https:\/\/talkpal.ai\/wp-content\/uploads\/2023\/05\/armenia.png\",\"datePublished\":\"2023-06-16T11:31:43+00:00\",\"dateModified\":\"2025-05-22T19:39:25+00:00\",\"description\":\"S\u00fcni intellektl\u0259 i\u015fl\u0259y\u0259n dil m\u00fc\u0259lliminiz Talkpal t\u0259r\u0259find\u0259n haz\u0131rlanm\u0131\u015f c\u0259lbedici Erm\u0259ni Qrammatikas\u0131 T\u0259liml\u0259ri il\u0259 erm\u0259ni qrammatikas\u0131n\u0131 m\u0259nims\u0259yin.\",\"breadcrumb\":{\"@id\":\"https:\/\/talkpal.ai\/az\/erm%c9%99ni-dilinin-qrammatikasi-m%c9%99sg%c9%99l%c9%99l%c9%99ri\/#breadcrumb\"},\"inLanguage\":\"az\",\"potentialAction\":[{\"@type\":\"ReadAction\",\"target\":[\"https:\/\/talkpal.ai\/az\/erm%c9%99ni-dilinin-qrammatikasi-m%c9%99sg%c9%99l%c9%99l%c9%99ri\/\"]}]},{\"@type\":\"ImageObject\",\"inLanguage\":\"az\",\"@id\":\"https:\/\/talkpal.ai\/az\/erm%c9%99ni-dilinin-qrammatikasi-m%c9%99sg%c9%99l%c9%99l%c9%99ri\/#primaryimage\",\"url\":\"https:\/\/talkpal.ai\/wp-content\/uploads\/2023\/05\/armenia.png\",\"contentUrl\":\"https:\/\/talkpal.ai\/wp-content\/uploads\/2023\/05\/armenia.png\",\"width\":512,\"height\":512},{\"@type\":\"BreadcrumbList\",\"@id\":\"https:\/\/talkpal.ai\/az\/erm%c9%99ni-dilinin-qrammatikasi-m%c9%99sg%c9%99l%c9%99l%c9%99ri\/#breadcrumb\",\"itemListElement\":[{\"@type\":\"ListItem\",\"position\":1,\"name\":\"Homepage\",\"item\":\"https:\/\/talkpal.ai\/az\/\"},{\"@type\":\"ListItem\",\"position\":2,\"name\":\"Erm\u0259ni dilinin qrammatikas\u0131 m\u0259\u015f\u011f\u0259l\u0259l\u0259ri\"}]},{\"@type\":\"WebSite\",\"@id\":\"https:\/\/talkpal.ai\/az\/#website\",\"url\":\"https:\/\/talkpal.ai\/az\/\",\"name\":\"Talkpal\",\"description\":\"AI Language Learning\",\"publisher\":{\"@id\":\"https:\/\/talkpal.ai\/az\/#organization\"},\"alternateName\":\"Talkpal AI\",\"potentialAction\":[{\"@type\":\"SearchAction\",\"target\":{\"@type\":\"EntryPoint\",\"urlTemplate\":\"https:\/\/talkpal.ai\/az\/?s={search_term_string}\"},\"query-input\":{\"@type\":\"PropertyValueSpecification\",\"valueRequired\":true,\"valueName\":\"search_term_string\"}}],\"inLanguage\":\"az\"},{\"@type\":\"Organization\",\"@id\":\"https:\/\/talkpal.ai\/az\/#organization\",\"name\":\"Talkpal, Inc.\",\"alternateName\":\"Talkpal AI\",\"url\":\"https:\/\/talkpal.ai\/az\/\",\"logo\":{\"@type\":\"ImageObject\",\"inLanguage\":\"az\",\"@id\":\"https:\/\/talkpal.ai\/az\/#\/schema\/logo\/image\/\",\"url\":\"https:\/\/talkpal.ai\/wp-content\/uploads\/2024\/03\/Talkpal-Logo-Icon.png\",\"contentUrl\":\"https:\/\/talkpal.ai\/wp-content\/uploads\/2024\/03\/Talkpal-Logo-Icon.png\",\"width\":2880,\"height\":2880,\"caption\":\"Talkpal, Inc.\"},\"image\":{\"@id\":\"https:\/\/talkpal.ai\/az\/#\/schema\/logo\/image\/\"},\"sameAs\":[\"https:\/\/www.facebook.com\/profile.php?id=100090733639311\",\"https:\/\/x.com\/talkpalai\",\"https:\/\/www.linkedin.com\/company\/talkpal\/\",\"https:\/\/www.youtube.com\/@TalkPal\/\",\"https:\/\/www.tiktok.com\/@talkpal\",\"https:\/\/www.instagram.com\/talkpal_ai\/\",\"https:\/\/www.crunchbase.com\/organization\/talkpal-9cde\",\"https:\/\/www.g2.com\/products\/talkpal-for-business\/\",\"https:\/\/www.trustpilot.com\/review\/talkpal.ai\",\"https:\/\/www.capterra.com\/p\/10006800\/TalkPal\/\"],\"description\":\"Talkpal is a language learning web and mobile education app, powered by the latest AI technologies, that provides engaging experiences to its customers in many different languages to help them improve their language skills. Users can chat about unlimited amount of topics with the app and use other modes to practice their language learning.\",\"email\":\"support@talkpal.ai\",\"legalName\":\"Talkpal, Inc.\",\"foundingDate\":\"2023-04-03\",\"duns\":\"118989042\",\"numberOfEmployees\":{\"@type\":\"QuantitativeValue\",\"minValue\":\"11\",\"maxValue\":\"50\"},\"publishingPrinciples\":\"https:\/\/talkpal.ai\/publishing-principles\/\",\"actionableFeedbackPolicy\":\"https:\/\/talkpal.ai\/actionable-feedback-policy\/\",\"correctionsPolicy\":\"https:\/\/talkpal.ai\/corrections-policy\/\",\"ethicsPolicy\":\"https:\/\/talkpal.ai\/ethics-policy\/\",\"diversityPolicy\":\"https:\/\/talkpal.ai\/diversity-policy\/\",\"diversityStaffingReport\":\"https:\/\/talkpal.ai\/diversity-policy\/\"}]}<\/script>\n<!-- \/ Yoast SEO Premium plugin. -->","yoast_head_json":{"title":"Erm\u0259ni dilinin qrammatikas\u0131 m\u0259\u015f\u011f\u0259l\u0259l\u0259ri - Talkpal","description":"S\u00fcni intellektl\u0259 i\u015fl\u0259y\u0259n dil m\u00fc\u0259lliminiz Talkpal t\u0259r\u0259find\u0259n haz\u0131rlanm\u0131\u015f c\u0259lbedici Erm\u0259ni Qrammatikas\u0131 T\u0259liml\u0259ri il\u0259 erm\u0259ni qrammatikas\u0131n\u0131 m\u0259nims\u0259yin.","robots":{"index":"index","follow":"follow","max-snippet":"max-snippet:-1","max-image-preview":"max-image-preview:large","max-video-preview":"max-video-preview:-1"},"canonical":"https:\/\/talkpal.ai\/az\/erm%c9%99ni-dilinin-qrammatikasi-m%c9%99sg%c9%99l%c9%99l%c9%99ri\/","og_locale":"az_AZ","og_type":"article","og_title":"Erm\u0259ni dilinin qrammatikas\u0131 m\u0259\u015f\u011f\u0259l\u0259l\u0259ri","og_description":"Erm\u0259ni dilinin qrammatikas\u0131 m\u00f6vzular\u0131 Erm\u0259ni dili \u0259sas\u0259n Erm\u0259nistan Respublikas\u0131nda v\u0259 b\u00fct\u00fcn d\u00fcnyada erm\u0259ni diasporu t\u0259r\u0259find\u0259n dan\u0131\u015f\u0131lan \u0130ndo-Az\u0259rbaycan","og_url":"https:\/\/talkpal.ai\/az\/erm%c9%99ni-dilinin-qrammatikasi-m%c9%99sg%c9%99l%c9%99l%c9%99ri\/","og_site_name":"Talkpal","article_publisher":"https:\/\/www.facebook.com\/profile.php?id=100090733639311","article_modified_time":"2025-05-22T19:39:25+00:00","og_image":[{"width":512,"height":512,"url":"https:\/\/talkpal.ai\/wp-content\/uploads\/2023\/05\/armenia.png","type":"image\/png"}],"twitter_card":"summary_large_image","twitter_site":"@talkpalai","twitter_misc":{"Est. reading time":"4 minutes"},"schema":{"@context":"https:\/\/schema.org","@graph":[{"@type":"WebPage","@id":"https:\/\/talkpal.ai\/az\/erm%c9%99ni-dilinin-qrammatikasi-m%c9%99sg%c9%99l%c9%99l%c9%99ri\/","url":"https:\/\/talkpal.ai\/az\/erm%c9%99ni-dilinin-qrammatikasi-m%c9%99sg%c9%99l%c9%99l%c9%99ri\/","name":"Erm\u0259ni dilinin qrammatikas\u0131 m\u0259\u015f\u011f\u0259l\u0259l\u0259ri - Talkpal","isPartOf":{"@id":"https:\/\/talkpal.ai\/az\/#website"},"primaryImageOfPage":{"@id":"https:\/\/talkpal.ai\/az\/erm%c9%99ni-dilinin-qrammatikasi-m%c9%99sg%c9%99l%c9%99l%c9%99ri\/#primaryimage"},"image":{"@id":"https:\/\/talkpal.ai\/az\/erm%c9%99ni-dilinin-qrammatikasi-m%c9%99sg%c9%99l%c9%99l%c9%99ri\/#primaryimage"},"thumbnailUrl":"https:\/\/talkpal.ai\/wp-content\/uploads\/2023\/05\/armenia.png","datePublished":"2023-06-16T11:31:43+00:00","dateModified":"2025-05-22T19:39:25+00:00","description":"S\u00fcni intellektl\u0259 i\u015fl\u0259y\u0259n dil m\u00fc\u0259lliminiz Talkpal t\u0259r\u0259find\u0259n haz\u0131rlanm\u0131\u015f c\u0259lbedici Erm\u0259ni Qrammatikas\u0131 T\u0259liml\u0259ri il\u0259 erm\u0259ni qrammatikas\u0131n\u0131 m\u0259nims\u0259yin.","breadcrumb":{"@id":"https:\/\/talkpal.ai\/az\/erm%c9%99ni-dilinin-qrammatikasi-m%c9%99sg%c9%99l%c9%99l%c9%99ri\/#breadcrumb"},"inLanguage":"az","potentialAction":[{"@type":"ReadAction","target":["https:\/\/talkpal.ai\/az\/erm%c9%99ni-dilinin-qrammatikasi-m%c9%99sg%c9%99l%c9%99l%c9%99ri\/"]}]},{"@type":"ImageObject","inLanguage":"az","@id":"https:\/\/talkpal.ai\/az\/erm%c9%99ni-dilinin-qrammatikasi-m%c9%99sg%c9%99l%c9%99l%c9%99ri\/#primaryimage","url":"https:\/\/talkpal.ai\/wp-content\/uploads\/2023\/05\/armenia.png","contentUrl":"https:\/\/talkpal.ai\/wp-content\/uploads\/2023\/05\/armenia.png","width":512,"height":512},{"@type":"BreadcrumbList","@id":"https:\/\/talkpal.ai\/az\/erm%c9%99ni-dilinin-qrammatikasi-m%c9%99sg%c9%99l%c9%99l%c9%99ri\/#breadcrumb","itemListElement":[{"@type":"ListItem","position":1,"name":"Homepage","item":"https:\/\/talkpal.ai\/az\/"},{"@type":"ListItem","position":2,"name":"Erm\u0259ni dilinin qrammatikas\u0131 m\u0259\u015f\u011f\u0259l\u0259l\u0259ri"}]},{"@type":"WebSite","@id":"https:\/\/talkpal.ai\/az\/#website","url":"https:\/\/talkpal.ai\/az\/","name":"Talkpal","description":"AI Language Learning","publisher":{"@id":"https:\/\/talkpal.ai\/az\/#organization"},"alternateName":"Talkpal AI","potentialAction":[{"@type":"SearchAction","target":{"@type":"EntryPoint","urlTemplate":"https:\/\/talkpal.ai\/az\/?s={search_term_string}"},"query-input":{"@type":"PropertyValueSpecification","valueRequired":true,"valueName":"search_term_string"}}],"inLanguage":"az"},{"@type":"Organization","@id":"https:\/\/talkpal.ai\/az\/#organization","name":"Talkpal, Inc.","alternateName":"Talkpal AI","url":"https:\/\/talkpal.ai\/az\/","logo":{"@type":"ImageObject","inLanguage":"az","@id":"https:\/\/talkpal.ai\/az\/#\/schema\/logo\/image\/","url":"https:\/\/talkpal.ai\/wp-content\/uploads\/2024\/03\/Talkpal-Logo-Icon.png","contentUrl":"https:\/\/talkpal.ai\/wp-content\/uploads\/2024\/03\/Talkpal-Logo-Icon.png","width":2880,"height":2880,"caption":"Talkpal, Inc."},"image":{"@id":"https:\/\/talkpal.ai\/az\/#\/schema\/logo\/image\/"},"sameAs":["https:\/\/www.facebook.com\/profile.php?id=100090733639311","https:\/\/x.com\/talkpalai","https:\/\/www.linkedin.com\/company\/talkpal\/","https:\/\/www.youtube.com\/@TalkPal\/","https:\/\/www.tiktok.com\/@talkpal","https:\/\/www.instagram.com\/talkpal_ai\/","https:\/\/www.crunchbase.com\/organization\/talkpal-9cde","https:\/\/www.g2.com\/products\/talkpal-for-business\/","https:\/\/www.trustpilot.com\/review\/talkpal.ai","https:\/\/www.capterra.com\/p\/10006800\/TalkPal\/"],"description":"Talkpal is a language learning web and mobile education app, powered by the latest AI technologies, that provides engaging experiences to its customers in many different languages to help them improve their language skills. Users can chat about unlimited amount of topics with the app and use other modes to practice their language learning.","email":"support@talkpal.ai","legalName":"Talkpal, Inc.","foundingDate":"2023-04-03","duns":"118989042","numberOfEmployees":{"@type":"QuantitativeValue","minValue":"11","maxValue":"50"},"publishingPrinciples":"https:\/\/talkpal.ai\/publishing-principles\/","actionableFeedbackPolicy":"https:\/\/talkpal.ai\/actionable-feedback-policy\/","correctionsPolicy":"https:\/\/talkpal.ai\/corrections-policy\/","ethicsPolicy":"https:\/\/talkpal.ai\/ethics-policy\/","diversityPolicy":"https:\/\/talkpal.ai\/diversity-policy\/","diversityStaffingReport":"https:\/\/talkpal.ai\/diversity-policy\/"}]}},"_links":{"self":[{"href":"https:\/\/talkpal.ai\/az\/wp-json\/wp\/v2\/pages\/166217","targetHints":{"allow":["GET"]}}],"collection":[{"href":"https:\/\/talkpal.ai\/az\/wp-json\/wp\/v2\/pages"}],"about":[{"href":"https:\/\/talkpal.ai\/az\/wp-json\/wp\/v2\/types\/page"}],"author":[{"embeddable":true,"href":"https:\/\/talkpal.ai\/az\/wp-json\/wp\/v2\/users\/6"}],"replies":[{"embeddable":true,"href":"https:\/\/talkpal.ai\/az\/wp-json\/wp\/v2\/comments?post=166217"}],"version-history":[{"count":0,"href":"https:\/\/talkpal.ai\/az\/wp-json\/wp\/v2\/pages\/166217\/revisions"}],"wp:featuredmedia":[{"embeddable":true,"href":"https:\/\/talkpal.ai\/az\/wp-json\/wp\/v2\/media\/109086"}],"wp:attachment":[{"href":"https:\/\/talkpal.ai\/az\/wp-json\/wp\/v2\/media?parent=166217"}],"curies":[{"name":"wp","href":"https:\/\/api.w.org\/{rel}","templated":true}]}}