{"id":165056,"date":"2023-06-16T12:01:29","date_gmt":"2023-06-16T12:01:29","guid":{"rendered":"http:\/\/talkpal.ai\/bosniya-dilinin-qrammatikasi-m%c9%99sql%c9%99ri\/"},"modified":"2025-05-23T12:05:44","modified_gmt":"2025-05-23T12:05:44","slug":"bosniya-dilinin-qrammatikasi-m%c9%99sql%c9%99ri","status":"publish","type":"page","link":"https:\/\/talkpal.ai\/az\/bosniya-dilinin-qrammatikasi-m%c9%99sql%c9%99ri\/","title":{"rendered":"Bosniya dilinin qrammatikas\u0131 m\u0259\u015fql\u0259ri"},"content":{"rendered":"\r\n\r\n\r\n<section class=\"languageChallengeSection\">\r\n    <div class=\"languageInfoWrapper\">\r\n        \r\n        <h1>Bosniya dilinin qrammatikas\u0131 m\u0259\u015fql\u0259ri<\/h1>\r\n        <p>Bosniyada daha inaml\u0131 olma\u011fa haz\u0131rs\u0131n\u0131z? Qrammatik m\u0259\u015f\u011f\u0259l\u0259l\u0259rl\u0259 m\u0259\u015f\u011ful olmaq c\u00fcml\u0259 qurulu\u015funu, fel formalar\u0131n\u0131 v\u0259 <a href=\"https:\/\/talkpal.ai\/learn-bosnian\/\">Bosniya<\/a> dilinin f\u0259rqli n\u00fcmun\u0259l\u0259rini m\u0259nims\u0259m\u0259yin \u0259la yoludur. Bu g\u00fcn Bosniya dilinin qrammatikas\u0131 \u00fcz\u0259rind\u0259 i\u015fl\u0259m\u0259y\u0259 ba\u015flay\u0131n v\u0259 h\u0259r m\u0259\u015fql\u0259 anlay\u0131\u015f\u0131n\u0131z\u0131n v\u0259 r\u0259vanl\u0131\u011f\u0131n\u0131z\u0131n artd\u0131\u011f\u0131n\u0131 g\u00f6r\u00fcn!\n\n<\/p>\r\n\r\n                            <a class=\"getStartedHidden\" href=\"https:\/\/app.talkpal.ai\/signup?lng=\">Ba\u015fla<\/a>\r\n        \r\n    <\/div>\r\n\r\n    <figure>\r\n    <img decoding=\"async\" width=\"768\" height=\"768\" src=\"https:\/\/talkpal.ai\/wp-content\/uploads\/2023\/06\/bosinian-768x768.png\" class=\"languageImage no-lazy\" alt=\"Language learning for increasing employability\" fetchpriority=\"high\" sizes=\"(max-width: 768px) 150px, 768px\" srcset=\"https:\/\/talkpal.ai\/wp-content\/uploads\/2023\/06\/bosinian-768x768.png 768w, https:\/\/talkpal.ai\/wp-content\/uploads\/2023\/06\/bosinian-300x300.png 300w\" \/>\r\n    \r\n\r\n    <\/figure>\r\n\r\n            <a class=\"getStartedVisible\" href=\"https:\/\/app.talkpal.ai\/signup?lng=\">Ba\u015fla<\/a>\r\n    \r\n<\/section>\r\n\r\n\r\n<!-- <section class=\"grammarSection\">\r\n    <div class=\"grammarLinks\">\r\n            <\/div>\r\n<\/section> -->\r\n\r\n\r\n\r\n\r\n<section class=\"promotionalBanner\">\r\n    <p class=\"promotionalText\">Dil \u00f6yr\u0259nm\u0259yin \u0259n t\u0259sirli yolu<\/p>\r\n    <a class=\"promotionalLink\" href=\"https:\/\/app.talkpal.ai\/signup?lng=\">Talkpal pulsuz s\u0131nay\u0131n<\/a>\r\n<\/section>\n<div class=\"wp-block-group pageContainerStyle\"><div class=\"wp-block-group__inner-container is-layout-constrained wp-block-group-is-layout-constrained\">\n<h2 class=\"wp-block-heading\" id=\"h-bosnian-grammar-topics\">Bosniya dilinin qrammatikas\u0131 m\u00f6vzular\u0131<\/h2>\n\n\n\n<p>Bosniya dili \u2014 \u0259sas\u0259n Bosniya v\u0259 Herseqovina, Serbiya, Monteneqro v\u0259 Xorvatiyada dan\u0131\u015f\u0131lan c\u0259nubi slavyan dili. Bu dil <a href=\"https:\/\/talkpal.ai\/learn-serbian\/\">serb<\/a> v\u0259 <a href=\"https:\/\/talkpal.ai\/learn-croatian\/\">xorvat<\/a> dill\u0259ri il\u0259 qar\u015f\u0131l\u0131ql\u0131 inteqrasiya olunur v\u0259 standartla\u015fd\u0131r\u0131lm\u0131\u015f serb-xorvat dilinin bir hiss\u0259sidir. Bo\u011fazi\u00e7i dilini <a href=\"https:\/\/talkpal.ai\/az\/oyr%c9%99nm%c9%99k\/\">\u00f6yr\u0259nm\u0259k<\/a> maraql\u0131 v\u0259 f\u0259r\u0259hl\u0259ndirici bir t\u0259cr\u00fcb\u0259 ola bil\u0259r, \u00e7\u00fcnki bu, Balkan regionunun z\u0259ngin tarixi, m\u0259d\u0259niyy\u0259ti v\u0259 \u0259n\u0259n\u0259l\u0259ri haqq\u0131nda m\u0259lumat verir. <a href=\"https:\/\/talkpal.ai\/az\/bosniya-dilini-oyr%c9%99n\/\">Bosniya dilini<\/a> s\u0259m\u0259r\u0259li \u00f6yr\u0259nm\u0259k \u00fc\u00e7\u00fcn onun qrammatik sistemini ba\u015fa d\u00fc\u015fm\u0259k m\u00fctl\u0259qdir. Bu sistem\u0259 m\u00fcxt\u0259lif g\u0259rginlikl\u0259r, noun v\u0259 adjectiv formalar, c\u00fcml\u0259 qurulu\u015flar\u0131 daxildir. Bu b\u0259l\u0259d\u00e7id\u0259 bosniya <a href=\"https:\/\/talkpal.ai\/az\/assam-dilinin-qrammatika-m%c9%99sql%c9%99ri\/\">dilinin qrammatika<\/a> m\u00f6vzular\u0131n\u0131n ard\u0131c\u0131ll\u0131\u011f\u0131n\u0131 ara\u015fd\u0131raca\u011f\u0131q ki, dili s\u0259m\u0259r\u0259li \u015f\u0259kild\u0259 ustal\u0131qla \u00f6yr\u0259nm\u0259kd\u0259 siz\u0259 k\u00f6m\u0259k ed\u0259k.<\/p>\n\n\n\n<h3 class=\"wp-block-heading\" id=\"h-1-nouns-and-articles\">1. Nounlar v\u0259 m\u0259qal\u0259l\u0259r:<\/h3>\n\n\n\n<p>Nounlar\u0131 \u00f6yr\u0259nm\u0259kl\u0259 ba\u015flay\u0131n. Bu cinsl\u0259r \u00fc\u00e7 cins\u0259 (ki\u015fiklin, feminine, neytri) b\u00f6l\u00fcn\u00fcr, bircinsli v\u0259 \u00e7oxbucaql\u0131 formalara malikdirl\u0259r. Bosniya dilind\u0259 ingilis dili kimi m\u0259qal\u0259l\u0259r yoxdur, lakin konkretliyi g\u00f6st\u0259rm\u0259k \u00fc\u00e7\u00fcn n\u00fcmayi\u015f \u0259v\u0259zlikl\u0259rind\u0259n istifad\u0259 edir.<\/p>\n\n\n\n<h3 class=\"wp-block-heading\" id=\"h-2-adjectives\">2. Adjectives:<\/h3>\n\n\n\n<p>Adjectives cins, say v\u0259 case nouns il\u0259 raz\u0131la\u015f\u0131r. Nounlar\u0131 d\u0259qiq t\u0259svir etm\u0259k \u00fc\u00e7\u00fcn adjectives nec\u0259 forma v\u0259 istifad\u0259 etm\u0259yi \u00f6yr\u0259nin.<\/p>\n\n\n\n<h3 class=\"wp-block-heading\" id=\"h-3-pronouns-determiners\">3. Pronouns\/Determinl\u0259r:<\/h3>\n\n\n\n<p>Bosniyal\u0131 pronounlar v\u0259 determinl\u0259r d\u0259 cins, say v\u0259 haldak\u0131 nounlarla raz\u0131la\u015f\u0131rlar. \u00dcnsiyy\u0259t bacar\u0131\u011f\u0131n\u0131 art\u0131rmaq \u00fc\u00e7\u00fcn \u015f\u0259xsi, e&#8217;ibarl\u0131, n\u00fcmayi\u015fkar v\u0259 sor\u011fu-sualedici t\u0259&#8217;yinatlar\u0131 \u00f6yr\u0259n.<\/p>\n\n\n\n<h3 class=\"wp-block-heading\" id=\"h-4-verbs\">4. Feill\u0259r:<\/h3>\n\n\n\n<p>M\u00fcnt\u0259z\u0259m v\u0259 qeyri-m\u00fcnt\u0259z\u0259m feill\u0259rl\u0259, onlar\u0131n konyuqasiya sxemi il\u0259, el\u0259c\u0259 d\u0259 kamil v\u0259 qeyri-kamil c\u0259h\u0259tl\u0259rin f\u0259rqi il\u0259 tan\u0131\u015f ol.<\/p>\n\n\n\n<h3 class=\"wp-block-heading\" id=\"h-5-tenses\">5. G\u0259rginlikl\u0259r:<\/h3>\n\n\n\n<p>Bosniyada 3 g\u0259rginlik var: ke\u00e7mi\u015f, indiki v\u0259 g\u0259l\u0259c\u0259k. H\u0259r\u0259k\u0259tl\u0259ri v\u0259 hadis\u0259l\u0259ri m\u00fcxt\u0259lif zaman h\u0259dl\u0259rind\u0259 ifad\u0259 etm\u0259k \u00fc\u00e7\u00fcn bu g\u0259rginlikl\u0259ri nec\u0259 formala\u015fd\u0131rma\u011f\u0131 v\u0259 istifad\u0259 etm\u0259yi \u00f6yr\u0259nin.<\/p>\n\n\n\n<h3 class=\"wp-block-heading\" id=\"h-6-tense-comparison\">6. G\u0259rgin m\u00fcqayis\u0259:<\/h3>\n\n\n\n<p>G\u0259rginlikl\u0259r aras\u0131ndak\u0131 f\u0259rql\u0259ri v\u0259 ox\u015farl\u0131qlar\u0131 anlay\u0131n, m\u00fcxt\u0259lif kontekstl\u0259rd\u0259 onlar\u0131n istifad\u0259sini diqq\u0259t m\u0259rk\u0259zind\u0259 saxlay\u0131n.<\/p>\n\n\n\n<h3 class=\"wp-block-heading\" id=\"h-7-progressive-and-perfect-progressive\">7. M\u00fct\u0259r\u0259qqi v\u0259 m\u00fck\u0259mm\u0259l t\u0259r\u0259qqi:<\/h3>\n\n\n\n<p>Bosniya \u0130ngilis m\u00fct\u0259r\u0259qqi v\u0259 m\u00fck\u0259mm\u0259l m\u00fct\u0259r\u0259qqi g\u0259rginliy\u0259 birba\u015fa ekvivalenti yoxdur. Lakin eyni m\u0259nan\u0131 ifad\u0259 etm\u0259k \u00fc\u00e7\u00fcn s\u00f6zd\u0259 (kamil v\u0259 qeyri-kamil) istifad\u0259 olunur.<\/p>\n\n\n\n<h3 class=\"wp-block-heading\" id=\"h-8-adverbs\">8. Adverbl\u0259r:<\/h3>\n\n\n\n<p>Vaxt, davran\u0131\u015f v\u0259 d\u0259r\u0259c\u0259 ifad\u0259 etm\u0259k \u00fc\u00e7\u00fcn d\u00fc\u015fm\u0259nl\u0259ri v\u0259 onlar\u0131n c\u00fcml\u0259l\u0259rd\u0259 yerl\u0259\u015fdirilm\u0259sini ara\u015fd\u0131r.<\/p>\n\n\n\n<h3 class=\"wp-block-heading\" id=\"h-9-conditionals\">9. \u015e\u0259rti olaraq:<\/h3>\n\n\n\n<p>Hipotetik v\u0259ziyy\u0259tl\u0259ri v\u0259 onlar\u0131n n\u0259tic\u0259l\u0259rini ifad\u0259 etm\u0259k \u00fc\u00e7\u00fcn \u015f\u0259rti c\u00fcml\u0259l\u0259rin (real v\u0259 qeyri-real) \u0259m\u0259l\u0259 g\u0259lm\u0259si v\u0259 istifad\u0259 edilm\u0259sini \u00f6yr\u0259nin.<\/p>\n\n\n\n<h3 class=\"wp-block-heading\" id=\"h-10-prepositions\">10. Prepozisiyalar:<\/h3>\n\n\n\n<p>S\u00f6z v\u0259 ifad\u0259 aras\u0131ndak\u0131 m\u00fcnasib\u0259tl\u0259ri g\u00f6st\u0259rm\u0259k \u00fc\u00e7\u00fcn prepozisiyalar z\u0259ruridir. Onlardan m\u00fcxt\u0259lif kontekstl\u0259rd\u0259 d\u0259qiq istifad\u0259 etm\u0259yi \u00f6yr\u0259nin.<\/p>\n\n\n\n<h3 class=\"wp-block-heading\" id=\"h-11-sentences\">11. C\u00fcml\u0259l\u0259r:<\/h3>\n\n\n\n<p>N\u0259hay\u0259t, \u00f6yr\u0259ndiyin qrammatik elementl\u0259rin ham\u0131s\u0131ndan istifad\u0259 ed\u0259r\u0259k sad\u0259 v\u0259 m\u00fcr\u0259kk\u0259b c\u00fcml\u0259l\u0259r qurma\u011fa v\u0259rdi\u015f edin. Bu siz\u0259 Bosniya dilind\u0259 m\u00f6hk\u0259m t\u0259m\u0259l inki\u015faf etdirm\u0259kd\u0259 v\u0259 yerli dan\u0131\u015f\u0131q\u00e7\u0131larla effektiv \u00fcnsiyy\u0259t qurma\u011fa k\u00f6m\u0259k ed\u0259c\u0259k.<\/p>\n<\/div><\/div>\n\r\n<section class=\"learnNavigationSection\">\r\n            \r\n        <a href=\"https:\/\/talkpal.ai\/az\/bosniya-dilini-oyr%c9%99n\/\">\r\n            <div class=\"learnNavigationWrapper\">\r\n                <div class=\"learnNavigationContent\">\r\n                    <img decoding=\"async\" src=\"https:\/\/talkpal.ai\/wp-content\/uploads\/2024\/08\/Bosnian.jpg\" alt=\"Bosnian Flag\">\r\n                    <div>\r\n                        <h4>Bosniya \u00d6yr\u0259nilm\u0259si Haqq\u0131nda<\/h4>\r\n                        <p>Bosniya dili qrammatikas\u0131 haqq\u0131nda h\u0259r \u015feyi \u00f6yr\u0259nin.<\/p>\r\n                    <\/div>\r\n                <\/div>\r\n            <\/div>\r\n        <\/a>\r\n\r\n        \r\n        <a href=\"https:\/\/talkpal.ai\/az\/bosniya-dili-qrammatikasi\/\">\r\n            <div class=\"learnNavigationWrapper\">\r\n                <div class=\"learnNavigationContent\">\r\n                    <img decoding=\"async\" src=\"https:\/\/talkpal.ai\/wp-content\/uploads\/2024\/08\/Bosnian.jpg\" alt=\"Bosnian Flag\">\r\n                    <div>\r\n                        <h4>Bosniya dilinin qrammatikas\u0131 d\u0259rsl\u0259ri<\/h4>\r\n                        <p>Bosniya dilinin qrammatikas\u0131.<\/p>\r\n                    <\/div>\r\n                <\/div>\r\n            <\/div>\r\n        <\/a>\r\n\r\n        \r\n        <a href=\"https:\/\/talkpal.ai\/vocabulary_language\/bosnian\/\">\r\n            <div class=\"learnNavigationWrapper\">\r\n                <div class=\"learnNavigationContent\">\r\n                    <img decoding=\"async\" src=\"https:\/\/talkpal.ai\/wp-content\/uploads\/2024\/08\/Bosnian.jpg\" alt=\"Bosnian Flag\">\r\n                    <div>\r\n                        <h4>Bosniya l\u00fc\u011f\u0259ti<\/h4>\r\n                        <p>Bosniya l\u00fc\u011f\u0259tinizi geni\u015fl\u0259ndirin.<\/p>\r\n                    <\/div>\r\n                <\/div>\r\n            <\/div>\r\n        <\/a>\r\n\r\n            <\/section>","protected":false},"excerpt":{"rendered":"<p>Bosniya dilinin qrammatikas\u0131 m\u00f6vzular\u0131 Bosniya dili \u2014 \u0259sas\u0259n Bosniya v\u0259 Herseqovina, Serbiya, Monteneqro v\u0259 Xorvatiyada dan\u0131\u015f\u0131lan c\u0259nubi slavyan dili. Bu dil serb v\u0259 xorvat dill\u0259ri il\u0259 qar\u015f\u0131l\u0131ql\u0131 inteqrasiya olunur v\u0259 standartla\u015fd\u0131r\u0131lm\u0131\u015f serb-xorvat dilinin bir hiss\u0259sidir. Bo\u011fazi\u00e7i dilini \u00f6yr\u0259nm\u0259k maraql\u0131 v\u0259 f\u0259r\u0259hl\u0259ndirici bir t\u0259cr\u00fcb\u0259 ola bil\u0259r, \u00e7\u00fcnki bu, Balkan regionunun z\u0259ngin tarixi, m\u0259d\u0259niyy\u0259ti v\u0259 \u0259n\u0259n\u0259l\u0259ri haqq\u0131nda [&hellip;]<\/p>\n","protected":false},"author":6,"featured_media":141354,"parent":0,"menu_order":0,"comment_status":"closed","ping_status":"closed","template":"LearningContentPage.php","meta":{"_acf_changed":false,"footnotes":""},"class_list":["post-165056","page","type-page","status-publish","has-post-thumbnail","hentry"],"acf":[],"yoast_head":"<!-- This site is optimized with the Yoast SEO Premium plugin v27.2 (Yoast SEO v27.2) - https:\/\/yoast.com\/product\/yoast-seo-premium-wordpress\/ -->\n<title>Bosniya dilinin qrammatikas\u0131 m\u0259\u015fql\u0259ri - Talkpal<\/title>\n<meta name=\"description\" content=\"C\u00fcml\u0259 strukturlar\u0131 v\u0259 zamanlar haqq\u0131nda anlay\u0131\u015f\u0131n\u0131z\u0131 art\u0131rmaq \u00fc\u00e7\u00fcn n\u0259z\u0259rd\u0259 tutulmu\u015f c\u0259lbedici Bosniya Qrammatikas\u0131 T\u0259liml\u0259ri il\u0259 Bosniya dilini m\u0259nims\u0259yin.\" \/>\n<meta name=\"robots\" content=\"index, follow, max-snippet:-1, max-image-preview:large, max-video-preview:-1\" \/>\n<link rel=\"canonical\" href=\"https:\/\/talkpal.ai\/az\/bosniya-dilinin-qrammatikasi-m%c9%99sql%c9%99ri\/\" \/>\n<meta property=\"og:locale\" content=\"az_AZ\" \/>\n<meta property=\"og:type\" content=\"article\" \/>\n<meta property=\"og:title\" content=\"Bosniya dilinin qrammatikas\u0131 m\u0259\u015fql\u0259ri\" \/>\n<meta property=\"og:description\" content=\"Bosniya dilinin qrammatikas\u0131 m\u00f6vzular\u0131 Bosniya dili \u2014 \u0259sas\u0259n Bosniya v\u0259 Herseqovina, Serbiya, Monteneqro v\u0259 Xorvatiyada dan\u0131\u015f\u0131lan c\u0259nubi slavyan dili. Bu\" \/>\n<meta property=\"og:url\" content=\"https:\/\/talkpal.ai\/az\/bosniya-dilinin-qrammatikasi-m%c9%99sql%c9%99ri\/\" \/>\n<meta property=\"og:site_name\" content=\"Talkpal\" \/>\n<meta property=\"article:publisher\" content=\"https:\/\/www.facebook.com\/profile.php?id=100090733639311\" \/>\n<meta property=\"article:modified_time\" content=\"2025-05-23T12:05:44+00:00\" \/>\n<meta property=\"og:image\" content=\"https:\/\/talkpal.ai\/wp-content\/uploads\/2023\/05\/bosnia-and-herzegovina.png\" \/>\n\t<meta property=\"og:image:width\" content=\"512\" \/>\n\t<meta property=\"og:image:height\" content=\"512\" \/>\n\t<meta property=\"og:image:type\" content=\"image\/png\" \/>\n<meta name=\"twitter:card\" content=\"summary_large_image\" \/>\n<meta name=\"twitter:site\" content=\"@talkpalai\" \/>\n<meta name=\"twitter:label1\" content=\"Est. reading time\" \/>\n\t<meta name=\"twitter:data1\" content=\"3 minutes\" \/>\n<script type=\"application\/ld+json\" class=\"yoast-schema-graph\">{\"@context\":\"https:\/\/schema.org\",\"@graph\":[{\"@type\":\"WebPage\",\"@id\":\"https:\/\/talkpal.ai\/az\/bosniya-dilinin-qrammatikasi-m%c9%99sql%c9%99ri\/\",\"url\":\"https:\/\/talkpal.ai\/az\/bosniya-dilinin-qrammatikasi-m%c9%99sql%c9%99ri\/\",\"name\":\"Bosniya dilinin qrammatikas\u0131 m\u0259\u015fql\u0259ri - Talkpal\",\"isPartOf\":{\"@id\":\"https:\/\/talkpal.ai\/az\/#website\"},\"primaryImageOfPage\":{\"@id\":\"https:\/\/talkpal.ai\/az\/bosniya-dilinin-qrammatikasi-m%c9%99sql%c9%99ri\/#primaryimage\"},\"image\":{\"@id\":\"https:\/\/talkpal.ai\/az\/bosniya-dilinin-qrammatikasi-m%c9%99sql%c9%99ri\/#primaryimage\"},\"thumbnailUrl\":\"https:\/\/talkpal.ai\/wp-content\/uploads\/2023\/05\/bosnia-and-herzegovina.png\",\"datePublished\":\"2023-06-16T12:01:29+00:00\",\"dateModified\":\"2025-05-23T12:05:44+00:00\",\"description\":\"C\u00fcml\u0259 strukturlar\u0131 v\u0259 zamanlar haqq\u0131nda anlay\u0131\u015f\u0131n\u0131z\u0131 art\u0131rmaq \u00fc\u00e7\u00fcn n\u0259z\u0259rd\u0259 tutulmu\u015f c\u0259lbedici Bosniya Qrammatikas\u0131 T\u0259liml\u0259ri il\u0259 Bosniya dilini m\u0259nims\u0259yin.\",\"breadcrumb\":{\"@id\":\"https:\/\/talkpal.ai\/az\/bosniya-dilinin-qrammatikasi-m%c9%99sql%c9%99ri\/#breadcrumb\"},\"inLanguage\":\"az\",\"potentialAction\":[{\"@type\":\"ReadAction\",\"target\":[\"https:\/\/talkpal.ai\/az\/bosniya-dilinin-qrammatikasi-m%c9%99sql%c9%99ri\/\"]}]},{\"@type\":\"ImageObject\",\"inLanguage\":\"az\",\"@id\":\"https:\/\/talkpal.ai\/az\/bosniya-dilinin-qrammatikasi-m%c9%99sql%c9%99ri\/#primaryimage\",\"url\":\"https:\/\/talkpal.ai\/wp-content\/uploads\/2023\/05\/bosnia-and-herzegovina.png\",\"contentUrl\":\"https:\/\/talkpal.ai\/wp-content\/uploads\/2023\/05\/bosnia-and-herzegovina.png\",\"width\":512,\"height\":512},{\"@type\":\"BreadcrumbList\",\"@id\":\"https:\/\/talkpal.ai\/az\/bosniya-dilinin-qrammatikasi-m%c9%99sql%c9%99ri\/#breadcrumb\",\"itemListElement\":[{\"@type\":\"ListItem\",\"position\":1,\"name\":\"Homepage\",\"item\":\"https:\/\/talkpal.ai\/az\/\"},{\"@type\":\"ListItem\",\"position\":2,\"name\":\"Bosniya dilinin qrammatikas\u0131 m\u0259\u015fql\u0259ri\"}]},{\"@type\":\"WebSite\",\"@id\":\"https:\/\/talkpal.ai\/az\/#website\",\"url\":\"https:\/\/talkpal.ai\/az\/\",\"name\":\"Talkpal\",\"description\":\"AI Language Learning\",\"publisher\":{\"@id\":\"https:\/\/talkpal.ai\/az\/#organization\"},\"alternateName\":\"Talkpal AI\",\"potentialAction\":[{\"@type\":\"SearchAction\",\"target\":{\"@type\":\"EntryPoint\",\"urlTemplate\":\"https:\/\/talkpal.ai\/az\/?s={search_term_string}\"},\"query-input\":{\"@type\":\"PropertyValueSpecification\",\"valueRequired\":true,\"valueName\":\"search_term_string\"}}],\"inLanguage\":\"az\"},{\"@type\":\"Organization\",\"@id\":\"https:\/\/talkpal.ai\/az\/#organization\",\"name\":\"Talkpal, Inc.\",\"alternateName\":\"Talkpal AI\",\"url\":\"https:\/\/talkpal.ai\/az\/\",\"logo\":{\"@type\":\"ImageObject\",\"inLanguage\":\"az\",\"@id\":\"https:\/\/talkpal.ai\/az\/#\/schema\/logo\/image\/\",\"url\":\"https:\/\/talkpal.ai\/wp-content\/uploads\/2024\/03\/Talkpal-Logo-Icon.png\",\"contentUrl\":\"https:\/\/talkpal.ai\/wp-content\/uploads\/2024\/03\/Talkpal-Logo-Icon.png\",\"width\":2880,\"height\":2880,\"caption\":\"Talkpal, Inc.\"},\"image\":{\"@id\":\"https:\/\/talkpal.ai\/az\/#\/schema\/logo\/image\/\"},\"sameAs\":[\"https:\/\/www.facebook.com\/profile.php?id=100090733639311\",\"https:\/\/x.com\/talkpalai\",\"https:\/\/www.linkedin.com\/company\/talkpal\/\",\"https:\/\/www.youtube.com\/@TalkPal\/\",\"https:\/\/www.tiktok.com\/@talkpal\",\"https:\/\/www.instagram.com\/talkpal_ai\/\",\"https:\/\/www.crunchbase.com\/organization\/talkpal-9cde\",\"https:\/\/www.g2.com\/products\/talkpal-for-business\/\",\"https:\/\/www.trustpilot.com\/review\/talkpal.ai\",\"https:\/\/www.capterra.com\/p\/10006800\/TalkPal\/\"],\"description\":\"Talkpal is a language learning web and mobile education app, powered by the latest AI technologies, that provides engaging experiences to its customers in many different languages to help them improve their language skills. Users can chat about unlimited amount of topics with the app and use other modes to practice their language learning.\",\"email\":\"support@talkpal.ai\",\"legalName\":\"Talkpal, Inc.\",\"foundingDate\":\"2023-04-03\",\"duns\":\"118989042\",\"numberOfEmployees\":{\"@type\":\"QuantitativeValue\",\"minValue\":\"11\",\"maxValue\":\"50\"},\"publishingPrinciples\":\"https:\/\/talkpal.ai\/publishing-principles\/\",\"actionableFeedbackPolicy\":\"https:\/\/talkpal.ai\/actionable-feedback-policy\/\",\"correctionsPolicy\":\"https:\/\/talkpal.ai\/corrections-policy\/\",\"ethicsPolicy\":\"https:\/\/talkpal.ai\/ethics-policy\/\",\"diversityPolicy\":\"https:\/\/talkpal.ai\/diversity-policy\/\",\"diversityStaffingReport\":\"https:\/\/talkpal.ai\/diversity-policy\/\"}]}<\/script>\n<!-- \/ Yoast SEO Premium plugin. -->","yoast_head_json":{"title":"Bosniya dilinin qrammatikas\u0131 m\u0259\u015fql\u0259ri - Talkpal","description":"C\u00fcml\u0259 strukturlar\u0131 v\u0259 zamanlar haqq\u0131nda anlay\u0131\u015f\u0131n\u0131z\u0131 art\u0131rmaq \u00fc\u00e7\u00fcn n\u0259z\u0259rd\u0259 tutulmu\u015f c\u0259lbedici Bosniya Qrammatikas\u0131 T\u0259liml\u0259ri il\u0259 Bosniya dilini m\u0259nims\u0259yin.","robots":{"index":"index","follow":"follow","max-snippet":"max-snippet:-1","max-image-preview":"max-image-preview:large","max-video-preview":"max-video-preview:-1"},"canonical":"https:\/\/talkpal.ai\/az\/bosniya-dilinin-qrammatikasi-m%c9%99sql%c9%99ri\/","og_locale":"az_AZ","og_type":"article","og_title":"Bosniya dilinin qrammatikas\u0131 m\u0259\u015fql\u0259ri","og_description":"Bosniya dilinin qrammatikas\u0131 m\u00f6vzular\u0131 Bosniya dili \u2014 \u0259sas\u0259n Bosniya v\u0259 Herseqovina, Serbiya, Monteneqro v\u0259 Xorvatiyada dan\u0131\u015f\u0131lan c\u0259nubi slavyan dili. Bu","og_url":"https:\/\/talkpal.ai\/az\/bosniya-dilinin-qrammatikasi-m%c9%99sql%c9%99ri\/","og_site_name":"Talkpal","article_publisher":"https:\/\/www.facebook.com\/profile.php?id=100090733639311","article_modified_time":"2025-05-23T12:05:44+00:00","og_image":[{"width":512,"height":512,"url":"https:\/\/talkpal.ai\/wp-content\/uploads\/2023\/05\/bosnia-and-herzegovina.png","type":"image\/png"}],"twitter_card":"summary_large_image","twitter_site":"@talkpalai","twitter_misc":{"Est. reading time":"3 minutes"},"schema":{"@context":"https:\/\/schema.org","@graph":[{"@type":"WebPage","@id":"https:\/\/talkpal.ai\/az\/bosniya-dilinin-qrammatikasi-m%c9%99sql%c9%99ri\/","url":"https:\/\/talkpal.ai\/az\/bosniya-dilinin-qrammatikasi-m%c9%99sql%c9%99ri\/","name":"Bosniya dilinin qrammatikas\u0131 m\u0259\u015fql\u0259ri - Talkpal","isPartOf":{"@id":"https:\/\/talkpal.ai\/az\/#website"},"primaryImageOfPage":{"@id":"https:\/\/talkpal.ai\/az\/bosniya-dilinin-qrammatikasi-m%c9%99sql%c9%99ri\/#primaryimage"},"image":{"@id":"https:\/\/talkpal.ai\/az\/bosniya-dilinin-qrammatikasi-m%c9%99sql%c9%99ri\/#primaryimage"},"thumbnailUrl":"https:\/\/talkpal.ai\/wp-content\/uploads\/2023\/05\/bosnia-and-herzegovina.png","datePublished":"2023-06-16T12:01:29+00:00","dateModified":"2025-05-23T12:05:44+00:00","description":"C\u00fcml\u0259 strukturlar\u0131 v\u0259 zamanlar haqq\u0131nda anlay\u0131\u015f\u0131n\u0131z\u0131 art\u0131rmaq \u00fc\u00e7\u00fcn n\u0259z\u0259rd\u0259 tutulmu\u015f c\u0259lbedici Bosniya Qrammatikas\u0131 T\u0259liml\u0259ri il\u0259 Bosniya dilini m\u0259nims\u0259yin.","breadcrumb":{"@id":"https:\/\/talkpal.ai\/az\/bosniya-dilinin-qrammatikasi-m%c9%99sql%c9%99ri\/#breadcrumb"},"inLanguage":"az","potentialAction":[{"@type":"ReadAction","target":["https:\/\/talkpal.ai\/az\/bosniya-dilinin-qrammatikasi-m%c9%99sql%c9%99ri\/"]}]},{"@type":"ImageObject","inLanguage":"az","@id":"https:\/\/talkpal.ai\/az\/bosniya-dilinin-qrammatikasi-m%c9%99sql%c9%99ri\/#primaryimage","url":"https:\/\/talkpal.ai\/wp-content\/uploads\/2023\/05\/bosnia-and-herzegovina.png","contentUrl":"https:\/\/talkpal.ai\/wp-content\/uploads\/2023\/05\/bosnia-and-herzegovina.png","width":512,"height":512},{"@type":"BreadcrumbList","@id":"https:\/\/talkpal.ai\/az\/bosniya-dilinin-qrammatikasi-m%c9%99sql%c9%99ri\/#breadcrumb","itemListElement":[{"@type":"ListItem","position":1,"name":"Homepage","item":"https:\/\/talkpal.ai\/az\/"},{"@type":"ListItem","position":2,"name":"Bosniya dilinin qrammatikas\u0131 m\u0259\u015fql\u0259ri"}]},{"@type":"WebSite","@id":"https:\/\/talkpal.ai\/az\/#website","url":"https:\/\/talkpal.ai\/az\/","name":"Talkpal","description":"AI Language Learning","publisher":{"@id":"https:\/\/talkpal.ai\/az\/#organization"},"alternateName":"Talkpal AI","potentialAction":[{"@type":"SearchAction","target":{"@type":"EntryPoint","urlTemplate":"https:\/\/talkpal.ai\/az\/?s={search_term_string}"},"query-input":{"@type":"PropertyValueSpecification","valueRequired":true,"valueName":"search_term_string"}}],"inLanguage":"az"},{"@type":"Organization","@id":"https:\/\/talkpal.ai\/az\/#organization","name":"Talkpal, Inc.","alternateName":"Talkpal AI","url":"https:\/\/talkpal.ai\/az\/","logo":{"@type":"ImageObject","inLanguage":"az","@id":"https:\/\/talkpal.ai\/az\/#\/schema\/logo\/image\/","url":"https:\/\/talkpal.ai\/wp-content\/uploads\/2024\/03\/Talkpal-Logo-Icon.png","contentUrl":"https:\/\/talkpal.ai\/wp-content\/uploads\/2024\/03\/Talkpal-Logo-Icon.png","width":2880,"height":2880,"caption":"Talkpal, Inc."},"image":{"@id":"https:\/\/talkpal.ai\/az\/#\/schema\/logo\/image\/"},"sameAs":["https:\/\/www.facebook.com\/profile.php?id=100090733639311","https:\/\/x.com\/talkpalai","https:\/\/www.linkedin.com\/company\/talkpal\/","https:\/\/www.youtube.com\/@TalkPal\/","https:\/\/www.tiktok.com\/@talkpal","https:\/\/www.instagram.com\/talkpal_ai\/","https:\/\/www.crunchbase.com\/organization\/talkpal-9cde","https:\/\/www.g2.com\/products\/talkpal-for-business\/","https:\/\/www.trustpilot.com\/review\/talkpal.ai","https:\/\/www.capterra.com\/p\/10006800\/TalkPal\/"],"description":"Talkpal is a language learning web and mobile education app, powered by the latest AI technologies, that provides engaging experiences to its customers in many different languages to help them improve their language skills. Users can chat about unlimited amount of topics with the app and use other modes to practice their language learning.","email":"support@talkpal.ai","legalName":"Talkpal, Inc.","foundingDate":"2023-04-03","duns":"118989042","numberOfEmployees":{"@type":"QuantitativeValue","minValue":"11","maxValue":"50"},"publishingPrinciples":"https:\/\/talkpal.ai\/publishing-principles\/","actionableFeedbackPolicy":"https:\/\/talkpal.ai\/actionable-feedback-policy\/","correctionsPolicy":"https:\/\/talkpal.ai\/corrections-policy\/","ethicsPolicy":"https:\/\/talkpal.ai\/ethics-policy\/","diversityPolicy":"https:\/\/talkpal.ai\/diversity-policy\/","diversityStaffingReport":"https:\/\/talkpal.ai\/diversity-policy\/"}]}},"_links":{"self":[{"href":"https:\/\/talkpal.ai\/az\/wp-json\/wp\/v2\/pages\/165056","targetHints":{"allow":["GET"]}}],"collection":[{"href":"https:\/\/talkpal.ai\/az\/wp-json\/wp\/v2\/pages"}],"about":[{"href":"https:\/\/talkpal.ai\/az\/wp-json\/wp\/v2\/types\/page"}],"author":[{"embeddable":true,"href":"https:\/\/talkpal.ai\/az\/wp-json\/wp\/v2\/users\/6"}],"replies":[{"embeddable":true,"href":"https:\/\/talkpal.ai\/az\/wp-json\/wp\/v2\/comments?post=165056"}],"version-history":[{"count":0,"href":"https:\/\/talkpal.ai\/az\/wp-json\/wp\/v2\/pages\/165056\/revisions"}],"wp:featuredmedia":[{"embeddable":true,"href":"https:\/\/talkpal.ai\/az\/wp-json\/wp\/v2\/media\/141354"}],"wp:attachment":[{"href":"https:\/\/talkpal.ai\/az\/wp-json\/wp\/v2\/media?parent=165056"}],"curies":[{"name":"wp","href":"https:\/\/api.w.org\/{rel}","templated":true}]}}