{"id":164672,"date":"2023-06-16T12:39:48","date_gmt":"2023-06-16T12:39:48","guid":{"rendered":"http:\/\/talkpal.ai\/bolqar-dilinin-qrammatikasi-m%c9%99sg%c9%99l%c9%99l%c9%99ri\/"},"modified":"2025-05-23T11:58:34","modified_gmt":"2025-05-23T11:58:34","slug":"bolqar-dilinin-qrammatikasi-m%c9%99sg%c9%99l%c9%99l%c9%99ri","status":"publish","type":"page","link":"https:\/\/talkpal.ai\/az\/bolqar-dilinin-qrammatikasi-m%c9%99sg%c9%99l%c9%99l%c9%99ri\/","title":{"rendered":"Bolqar dilinin qrammatikas\u0131 m\u0259\u015f\u011f\u0259l\u0259l\u0259ri"},"content":{"rendered":"\r\n\r\n\r\n<section class=\"languageChallengeSection\">\r\n    <div class=\"languageInfoWrapper\">\r\n        \r\n        <h1>Bolqar dilinin qrammatikas\u0131 m\u0259\u015f\u011f\u0259l\u0259l\u0259ri<\/h1>\r\n        <p><a href=\"https:\/\/talkpal.ai\/learn-bulgarian\/\">Bolqar<\/a> dili bilikl\u0259rinizi t\u0259kmill\u0259\u015fdirm\u0259k ist\u0259yirsiniz? Qrammatik m\u0259\u015f\u011f\u0259l\u0259l\u0259rl\u0259 m\u0259\u015f\u011ful olmaq c\u00fcml\u0259 qurulu\u015funu, fel formalar\u0131n\u0131 v\u0259 bolqar dilinin unikal n\u00fcmun\u0259l\u0259rini m\u0259nims\u0259m\u0259yin \u0259la yoludur. Bu g\u00fcn bolqar dilinin qrammatikas\u0131 \u00fcz\u0259rind\u0259 i\u015fl\u0259m\u0259y\u0259 ba\u015flay\u0131n v\u0259 h\u0259r m\u0259\u015fql\u0259 inam\u0131n\u0131z\u0131n v\u0259 r\u0259vanl\u0131\u011f\u0131n\u0131z\u0131n b\u00f6y\u00fcm\u0259sin\u0259 bax\u0131n!<\/p>\r\n\r\n                            <a class=\"getStartedHidden\" href=\"https:\/\/app.talkpal.ai\/signup?lng=\">Ba\u015fla<\/a>\r\n        \r\n    <\/div>\r\n\r\n    <figure>\r\n    <img decoding=\"async\" width=\"768\" height=\"768\" src=\"https:\/\/talkpal.ai\/wp-content\/uploads\/2023\/06\/bulgarian-768x768.png\" class=\"languageImage no-lazy\" alt=\"Language learning for deeper cultural understanding\" fetchpriority=\"high\" sizes=\"(max-width: 768px) 150px, 768px\" srcset=\"https:\/\/talkpal.ai\/wp-content\/uploads\/2023\/06\/bulgarian-768x768.png 768w, https:\/\/talkpal.ai\/wp-content\/uploads\/2023\/06\/bulgarian-300x300.png 300w\" \/>\r\n    \r\n\r\n    <\/figure>\r\n\r\n            <a class=\"getStartedVisible\" href=\"https:\/\/app.talkpal.ai\/signup?lng=\">Ba\u015fla<\/a>\r\n    \r\n<\/section>\r\n\r\n\r\n<!-- <section class=\"grammarSection\">\r\n    <div class=\"grammarLinks\">\r\n            <\/div>\r\n<\/section> -->\r\n\r\n\r\n\r\n\r\n<section class=\"promotionalBanner\">\r\n    <p class=\"promotionalText\">Dil \u00f6yr\u0259nm\u0259yin \u0259n t\u0259sirli yolu<\/p>\r\n    <a class=\"promotionalLink\" href=\"https:\/\/app.talkpal.ai\/signup?lng=\">Talkpal pulsuz s\u0131nay\u0131n<\/a>\r\n<\/section>\n<div class=\"wp-block-group pageContainerStyle\"><div class=\"wp-block-group__inner-container is-layout-constrained wp-block-group-is-layout-constrained\">\n<h2 class=\"wp-block-heading\" id=\"h-bulgarian-grammar-topics\">Bolqar dilinin qrammatikas\u0131 m\u00f6vzular\u0131<\/h2>\n\n\n\n<p>Bolqar dili \u2014 \u0259sas\u0259n Bolqar\u0131standa v\u0259 qon\u015fu \u00f6lk\u0259l\u0259rd\u0259 ya\u015fayan bolqar icmalar\u0131 t\u0259r\u0259find\u0259n dan\u0131\u015f\u0131lan c\u0259nubi slavyan dili. Bolqar\u0131stan\u0131n r\u0259smi dili olaraq \u00f6lk\u0259nin m\u0259d\u0259niyy\u0259tind\u0259, tarixind\u0259 v\u0259 g\u00fcnd\u0259lik h\u0259yat\u0131nda m\u00fch\u00fcm rol oynay\u0131r. <a href=\"https:\/\/talkpal.ai\/az\/bolqar-dilini-oyr%c9%99n\/\">Bolqar dilini<\/a> <a href=\"https:\/\/talkpal.ai\/az\/oyr%c9%99nm%c9%99k\/\">\u00f6yr\u0259nm\u0259k<\/a> insan\u0131n m\u0259mnunluq g\u0259tir\u0259 bil\u0259c\u0259yi bir t\u0259cr\u00fcb\u0259 ola bil\u0259r, \u00e7\u00fcnki bu, \u00f6lk\u0259nin z\u0259ngin \u0259d\u0259biyyat\u0131n\u0131, g\u00f6z\u0259l m\u0259nz\u0259r\u0259l\u0259rini, dadl\u0131 m\u0259tb\u0259xini ara\u015fd\u0131rma\u011fa imkan verir. Bolqar dilinin m\u00fck\u0259mm\u0259l olmas\u0131 \u00fc\u00e7\u00fcn onun \u00f6z\u00fcn\u0259m\u0259xsus x\u00fcsusiyy\u0259tl\u0259ri v\u0259 qurulu\u015flar\u0131 olan qrammatikas\u0131n\u0131 ba\u015fa d\u00fc\u015fm\u0259k z\u0259ruridir. Bu b\u0259l\u0259d\u00e7id\u0259 biz dild\u0259 m\u00f6hk\u0259m b\u00fcn\u00f6vr\u0259y\u0259 nail olmaq \u00fc\u00e7\u00fcn ard\u0131c\u0131ll\u0131qla \u00f6yr\u0259nm\u0259li oldu\u011funuz h\u0259lledici bolqar <a href=\"https:\/\/talkpal.ai\/az\/assam-dilinin-qrammatika-m%c9%99sql%c9%99ri\/\">dilinin qrammatika<\/a> m\u00f6vzular\u0131n\u0131 ara\u015fd\u0131raca\u011f\u0131q.<\/p>\n\n\n\n<h3 class=\"wp-block-heading\" id=\"h-1-nouns\">1. Nouns:<\/h3>\n\n\n\n<p>Bulqar nounlar\u0131n\u0131n cinsiyy\u0259ti (ki\u015fiklin, femin v\u0259 neytrin) var. Bunu bilm\u0259k vacibdir, \u00e7\u00fcnki o, c\u00fcml\u0259d\u0259 dig\u0259r s\u00f6zl\u0259rin formas\u0131na t\u0259sir edir. M\u0259s\u0259l\u0259n, adjectives v\u0259 articles. Onlar\u0131n h\u0259m d\u0259 birnillik v\u0259 pl\u00fcral formalar\u0131 var, lakin <a href=\"https:\/\/talkpal.ai\/learn-english-with-ai\/\">ingilis dili<\/a> il\u0259 f\u0259rqli olaraq, he\u00e7 bir hal yoxdur.<\/p>\n\n\n\n<h3 class=\"wp-block-heading\" id=\"h-2-articles\">2. M\u0259qal\u0259l\u0259r:<\/h3>\n\n\n\n<p>Bolqar dilind\u0259 m\u0259qal\u0259l\u0259ri d\u0259yi\u015fdirdikl\u0259ri noun sonuna yap\u0131\u015fd\u0131r\u0131rlar. Q\u0259ti v\u0259 m\u00fcdd\u0259tsiz m\u0259qal\u0259l\u0259r var v\u0259 onlar noun cinsin\u0259 v\u0259 say\u0131na g\u00f6r\u0259 d\u0259yi\u015fir.<\/p>\n\n\n\n<h3 class=\"wp-block-heading\" id=\"h-3-pronouns-determiners\">3. Pronouns\/Determinl\u0259r:<\/h3>\n\n\n\n<p>Bolqar\u0131standa \u015f\u0259xsi, e&#8217;tikanl\u0131, n\u00fcmayi\u015fkar, sor\u011fu-sual v\u0259 nisbi t\u0259l\u0259ff\u00fczl\u0259r var. Onlar \u0259v\u0259z etdikl\u0259ri v\u0259 ya d\u0259yi\u015fdirdikl\u0259ri noun il\u0259 cins v\u0259 r\u0259q\u0259ml\u0259 raz\u0131la\u015f\u0131rlar. Determinerl\u0259r nounlar\u0131 t\u0259yin etm\u0259k v\u0259 ya kvantifikasiya etm\u0259k \u00fc\u00e7\u00fcn istifad\u0259 olunur.<\/p>\n\n\n\n<h3 class=\"wp-block-heading\" id=\"h-4-adjectives\">4. Adjectives:<\/h3>\n\n\n\n<p>Bolqar dilind\u0259 adjectives cins, say v\u0259 d\u0259qiqlik bax\u0131m\u0131ndan onlar\u0131n d\u0259yi\u015fdirdikl\u0259ri noun il\u0259 raz\u0131la\u015f\u0131r. Onlar\u0131n \u00fc\u00e7 m\u00fcqayis\u0259 d\u0259r\u0259c\u0259si var &#8211; m\u00fcsb\u0259t, m\u00fcqayis\u0259li v\u0259 \u00fcst\u00fcn.<\/p>\n\n\n\n<h3 class=\"wp-block-heading\" id=\"h-5-adverbs\">5. Adverbl\u0259r:<\/h3>\n\n\n\n<p>Adverbs feill\u0259ri, adjectives v\u0259 ya dig\u0259r adverbsl\u0259ri d\u0259yi\u015fdirir. Onlar formada d\u0259yi\u015fmir v\u0259 vaxt\u0131, yeri, t\u0259rzini v\u0259 d\u0259r\u0259c\u0259sini ifad\u0259 etm\u0259k \u00fc\u00e7\u00fcn vacibdir.<\/p>\n\n\n\n<h3 class=\"wp-block-heading\" id=\"h-6-verbs\">6. Feill\u0259r:<\/h3>\n\n\n\n<p>Bulqur feill\u0259ri \u00fc\u00e7 \u0259sas konyuqasiyaya malik olub, insana, saya, g\u0259rginliy\u0259, \u0259hval-ruhiyy\u0259y\u0259 v\u0259 s\u0259s\u0259 inflektdir. D\u00fczg\u00fcn konyunksiyan\u0131 \u00f6yr\u0259nm\u0259k v\u0259 m\u00fcxt\u0259lif feil aspektl\u0259rini ba\u015fa d\u00fc\u015fm\u0259k d\u00fczg\u00fcn \u00fcnsiyy\u0259t \u00fc\u00e7\u00fcn olduqca vacibdir.<\/p>\n\n\n\n<h3 class=\"wp-block-heading\" id=\"h-7-tenses\">7. G\u0259rginlikl\u0259r:<\/h3>\n\n\n\n<p>Bolqar dilind\u0259 \u00fc\u00e7 \u0259sas zaman var &#8211; ke\u00e7mi\u015f, indi v\u0259 g\u0259l\u0259c\u0259k. Bu g\u0259rginlikl\u0259rin yaranmas\u0131n\u0131 v\u0259 istifad\u0259sini \u00f6yr\u0259nm\u0259k bolqar dilind\u0259 vaxt\u0131 anlamaq v\u0259 ifad\u0259 etm\u0259k \u00fc\u00e7\u00fcn z\u0259ruridir.<\/p>\n\n\n\n<h3 class=\"wp-block-heading\" id=\"h-8-tense-comparison\">8. G\u0259rgin m\u00fcqayis\u0259:<\/h3>\n\n\n\n<p>M\u00fcxt\u0259lif g\u0259rginlikl\u0259ri m\u00fcqayis\u0259 ed\u0259 bilm\u0259k m\u00fcr\u0259kk\u0259b c\u00fcml\u0259l\u0259ri anlamaq v\u0259 bolqar dilind\u0259 m\u00fcxt\u0259lif zaman m\u00fcnasib\u0259tl\u0259rini ifad\u0259 etm\u0259k \u00fc\u00e7\u00fcn vacibdir.<\/p>\n\n\n\n<h3 class=\"wp-block-heading\" id=\"h-9-progressive\">9. M\u00fct\u0259r\u0259qqi:<\/h3>\n\n\n\n<p>Bolqar dilind\u0259 m\u00fct\u0259r\u0259qqi aspektd\u0259n davam ed\u0259n h\u0259r\u0259k\u0259tl\u0259ri t\u0259svir etm\u0259k \u00fc\u00e7\u00fcn istifad\u0259 olunur. K\u00f6m\u0259k\u00e7i feill\u0259rl\u0259 v\u0259 \u0259sas feilin indiki hiss\u0259vi il\u0259 \u0259m\u0259l\u0259 g\u0259l\u0259 bil\u0259r.<\/p>\n\n\n\n<h3 class=\"wp-block-heading\" id=\"h-10-perfect-progressive\">10. M\u00fck\u0259mm\u0259l T\u0259r\u0259qqi:<\/h3>\n\n\n\n<p>M\u00fck\u0259mm\u0259l t\u0259r\u0259qqi aspekti \u00f6z\u00fcnd\u0259 m\u00fck\u0259mm\u0259l v\u0259 m\u00fct\u0259r\u0259qqi t\u0259r\u0259fl\u0259ri birl\u0259\u015fdir\u0259r\u0259k ke\u00e7mi\u015fd\u0259n ba\u015flayan h\u0259r\u0259k\u0259tl\u0259ri ifad\u0259 edir, indiki d\u00f6vrd\u0259 d\u0259 davam edir v\u0259 g\u0259l\u0259c\u0259kd\u0259 d\u0259 davam ed\u0259 bil\u0259r.<\/p>\n\n\n\n<h3 class=\"wp-block-heading\" id=\"h-11-conditionals\">11. \u015e\u0259rti olaraq:<\/h3>\n\n\n\n<p>Bolqar dilind\u0259 \u00fc\u00e7 n\u00f6v \u015f\u0259rt var &#8211; real, qeyri-real v\u0259 potensial. Onlar hipotetik v\u0259 ya zidd v\u0259ziyy\u0259tl\u0259ri ifad\u0259 etm\u0259k, habel\u0259 proqnoz verm\u0259k v\u0259 ya m\u0259sl\u0259h\u0259t verm\u0259k \u00fc\u00e7\u00fcn istifad\u0259 olunur.<\/p>\n\n\n\n<h3 class=\"wp-block-heading\" id=\"h-12-prepositions\">12. Prepozisiyalar:<\/h3>\n\n\n\n<p>S\u00f6zl\u0259r aras\u0131nda m\u00fcnasib\u0259tl\u0259ri c\u00fcml\u0259d\u0259 ifad\u0259 etm\u0259k \u00fc\u00e7\u00fcn prepozisiyalar z\u0259ruridir. Onlar m\u0259kan, zaman, istiqam\u0259t, s\u0259b\u0259b v\u0259 dig\u0259r m\u00fcnasib\u0259tl\u0259ri g\u00f6st\u0259rm\u0259k \u00fc\u00e7\u00fcn istifad\u0259 olunur.<\/p>\n\n\n\n<h3 class=\"wp-block-heading\" id=\"h-13-sentences\">13. C\u00fcml\u0259l\u0259r:<\/h3>\n\n\n\n<p>Bolqar dilind\u0259 sad\u0259 v\u0259 m\u00fcr\u0259kk\u0259b c\u00fcml\u0259l\u0259rin yaranmas\u0131n\u0131 \u00f6yr\u0259nm\u0259k effektiv \u00fcnsiyy\u0259t \u00fc\u00e7\u00fcn olduqca vacibdir. Bura d\u00fczg\u00fcn s\u00f6z s\u0131ras\u0131, m\u00f6vzu-feli anla\u015fma, h\u0259m\u00e7inin konyunktura v\u0259 dig\u0259r c\u00fcml\u0259 qurulu\u015flar\u0131n\u0131n i\u015fl\u0259nm\u0259sini ba\u015fa d\u00fc\u015fm\u0259k daxildir.<\/p>\n<\/div><\/div>\n\r\n<section class=\"learnNavigationSection\">\r\n            \r\n        <a href=\"https:\/\/talkpal.ai\/az\/bolqar-dilini-oyr%c9%99n\/\">\r\n            <div class=\"learnNavigationWrapper\">\r\n                <div class=\"learnNavigationContent\">\r\n                    <img decoding=\"async\" src=\"https:\/\/talkpal.ai\/wp-content\/uploads\/2024\/08\/Bulgarian.jpg\" alt=\"Bulgarian Flag\">\r\n                    <div>\r\n                        <h4>Bolqar dilinin \u00f6yr\u0259nilm\u0259si haqq\u0131nda<\/h4>\r\n                        <p>Bolqar dili qrammatikas\u0131 haqq\u0131nda h\u0259r \u015feyi \u00f6yr\u0259nin.<\/p>\r\n                    <\/div>\r\n                <\/div>\r\n            <\/div>\r\n        <\/a>\r\n\r\n        \r\n        <a href=\"https:\/\/talkpal.ai\/az\/bolqar-dilinin-qrammatikasi\/\">\r\n            <div class=\"learnNavigationWrapper\">\r\n                <div class=\"learnNavigationContent\">\r\n                    <img decoding=\"async\" src=\"https:\/\/talkpal.ai\/wp-content\/uploads\/2024\/08\/Bulgarian.jpg\" alt=\"Bulgarian Flag\">\r\n                    <div>\r\n                        <h4>Bolqar Qrammatikas\u0131 D\u0259rsl\u0259ri<\/h4>\r\n                        <p>Bolqar dilinin qrammatikas\u0131 .<\/p>\r\n                    <\/div>\r\n                <\/div>\r\n            <\/div>\r\n        <\/a>\r\n\r\n        \r\n        <a href=\"https:\/\/talkpal.ai\/vocabulary_language\/bulgarian\/\">\r\n            <div class=\"learnNavigationWrapper\">\r\n                <div class=\"learnNavigationContent\">\r\n                    <img decoding=\"async\" src=\"https:\/\/talkpal.ai\/wp-content\/uploads\/2024\/08\/Bulgarian.jpg\" alt=\"Bulgarian Flag\">\r\n                    <div>\r\n                        <h4>Bolqar l\u00fc\u011f\u0259ti<\/h4>\r\n                        <p>Bolqar l\u00fc\u011f\u0259tinizi geni\u015fl\u0259ndirin.<\/p>\r\n                    <\/div>\r\n                <\/div>\r\n            <\/div>\r\n        <\/a>\r\n\r\n            <\/section>","protected":false},"excerpt":{"rendered":"<p>Bolqar dilinin qrammatikas\u0131 m\u00f6vzular\u0131 Bolqar dili \u2014 \u0259sas\u0259n Bolqar\u0131standa v\u0259 qon\u015fu \u00f6lk\u0259l\u0259rd\u0259 ya\u015fayan bolqar icmalar\u0131 t\u0259r\u0259find\u0259n dan\u0131\u015f\u0131lan c\u0259nubi slavyan dili. Bolqar\u0131stan\u0131n r\u0259smi dili olaraq \u00f6lk\u0259nin m\u0259d\u0259niyy\u0259tind\u0259, tarixind\u0259 v\u0259 g\u00fcnd\u0259lik h\u0259yat\u0131nda m\u00fch\u00fcm rol oynay\u0131r. Bolqar dilini \u00f6yr\u0259nm\u0259k insan\u0131n m\u0259mnunluq g\u0259tir\u0259 bil\u0259c\u0259yi bir t\u0259cr\u00fcb\u0259 ola bil\u0259r, \u00e7\u00fcnki bu, \u00f6lk\u0259nin z\u0259ngin \u0259d\u0259biyyat\u0131n\u0131, g\u00f6z\u0259l m\u0259nz\u0259r\u0259l\u0259rini, dadl\u0131 m\u0259tb\u0259xini ara\u015fd\u0131rma\u011fa imkan [&hellip;]<\/p>\n","protected":false},"author":6,"featured_media":141657,"parent":0,"menu_order":0,"comment_status":"closed","ping_status":"closed","template":"LearningContentPage.php","meta":{"_acf_changed":false,"footnotes":""},"class_list":["post-164672","page","type-page","status-publish","has-post-thumbnail","hentry"],"acf":[],"yoast_head":"<!-- This site is optimized with the Yoast SEO Premium plugin v27.2 (Yoast SEO v27.2) - https:\/\/yoast.com\/product\/yoast-seo-premium-wordpress\/ -->\n<title>Bolqar dilinin qrammatikas\u0131 m\u0259\u015f\u011f\u0259l\u0259l\u0259ri - Talkpal<\/title>\n<meta name=\"description\" content=\"Bolqar Qrammatikas\u0131 T\u0259liml\u0259ri il\u0259 dil bacar\u0131qlar\u0131n\u0131z\u0131 art\u0131r\u0131n. Bolqar dilind\u0259 m\u00f6hk\u0259m t\u0259m\u0259l \u00fc\u00e7\u00fcn qrammatika ustas\u0131.\" \/>\n<meta name=\"robots\" content=\"index, follow, max-snippet:-1, max-image-preview:large, max-video-preview:-1\" \/>\n<link rel=\"canonical\" href=\"https:\/\/talkpal.ai\/az\/bolqar-dilinin-qrammatikasi-m%c9%99sg%c9%99l%c9%99l%c9%99ri\/\" \/>\n<meta property=\"og:locale\" content=\"az_AZ\" \/>\n<meta property=\"og:type\" content=\"article\" \/>\n<meta property=\"og:title\" content=\"Bolqar dilinin qrammatikas\u0131 m\u0259\u015f\u011f\u0259l\u0259l\u0259ri\" \/>\n<meta property=\"og:description\" content=\"Bolqar dilinin qrammatikas\u0131 m\u00f6vzular\u0131 Bolqar dili \u2014 \u0259sas\u0259n Bolqar\u0131standa v\u0259 qon\u015fu \u00f6lk\u0259l\u0259rd\u0259 ya\u015fayan bolqar icmalar\u0131 t\u0259r\u0259find\u0259n dan\u0131\u015f\u0131lan c\u0259nubi slavyan\" \/>\n<meta property=\"og:url\" content=\"https:\/\/talkpal.ai\/az\/bolqar-dilinin-qrammatikasi-m%c9%99sg%c9%99l%c9%99l%c9%99ri\/\" \/>\n<meta property=\"og:site_name\" content=\"Talkpal\" \/>\n<meta property=\"article:publisher\" content=\"https:\/\/www.facebook.com\/profile.php?id=100090733639311\" \/>\n<meta property=\"article:modified_time\" content=\"2025-05-23T11:58:34+00:00\" \/>\n<meta property=\"og:image\" content=\"https:\/\/talkpal.ai\/wp-content\/uploads\/2023\/05\/bulgaria.png\" \/>\n\t<meta property=\"og:image:width\" content=\"512\" \/>\n\t<meta property=\"og:image:height\" content=\"512\" \/>\n\t<meta property=\"og:image:type\" content=\"image\/png\" \/>\n<meta name=\"twitter:card\" content=\"summary_large_image\" \/>\n<meta name=\"twitter:site\" content=\"@talkpalai\" \/>\n<meta name=\"twitter:label1\" content=\"Est. reading time\" \/>\n\t<meta name=\"twitter:data1\" content=\"4 minutes\" \/>\n<script type=\"application\/ld+json\" class=\"yoast-schema-graph\">{\"@context\":\"https:\/\/schema.org\",\"@graph\":[{\"@type\":\"WebPage\",\"@id\":\"https:\/\/talkpal.ai\/az\/bolqar-dilinin-qrammatikasi-m%c9%99sg%c9%99l%c9%99l%c9%99ri\/\",\"url\":\"https:\/\/talkpal.ai\/az\/bolqar-dilinin-qrammatikasi-m%c9%99sg%c9%99l%c9%99l%c9%99ri\/\",\"name\":\"Bolqar dilinin qrammatikas\u0131 m\u0259\u015f\u011f\u0259l\u0259l\u0259ri - Talkpal\",\"isPartOf\":{\"@id\":\"https:\/\/talkpal.ai\/az\/#website\"},\"primaryImageOfPage\":{\"@id\":\"https:\/\/talkpal.ai\/az\/bolqar-dilinin-qrammatikasi-m%c9%99sg%c9%99l%c9%99l%c9%99ri\/#primaryimage\"},\"image\":{\"@id\":\"https:\/\/talkpal.ai\/az\/bolqar-dilinin-qrammatikasi-m%c9%99sg%c9%99l%c9%99l%c9%99ri\/#primaryimage\"},\"thumbnailUrl\":\"https:\/\/talkpal.ai\/wp-content\/uploads\/2023\/05\/bulgaria.png\",\"datePublished\":\"2023-06-16T12:39:48+00:00\",\"dateModified\":\"2025-05-23T11:58:34+00:00\",\"description\":\"Bolqar Qrammatikas\u0131 T\u0259liml\u0259ri il\u0259 dil bacar\u0131qlar\u0131n\u0131z\u0131 art\u0131r\u0131n. Bolqar dilind\u0259 m\u00f6hk\u0259m t\u0259m\u0259l \u00fc\u00e7\u00fcn qrammatika ustas\u0131.\",\"breadcrumb\":{\"@id\":\"https:\/\/talkpal.ai\/az\/bolqar-dilinin-qrammatikasi-m%c9%99sg%c9%99l%c9%99l%c9%99ri\/#breadcrumb\"},\"inLanguage\":\"az\",\"potentialAction\":[{\"@type\":\"ReadAction\",\"target\":[\"https:\/\/talkpal.ai\/az\/bolqar-dilinin-qrammatikasi-m%c9%99sg%c9%99l%c9%99l%c9%99ri\/\"]}]},{\"@type\":\"ImageObject\",\"inLanguage\":\"az\",\"@id\":\"https:\/\/talkpal.ai\/az\/bolqar-dilinin-qrammatikasi-m%c9%99sg%c9%99l%c9%99l%c9%99ri\/#primaryimage\",\"url\":\"https:\/\/talkpal.ai\/wp-content\/uploads\/2023\/05\/bulgaria.png\",\"contentUrl\":\"https:\/\/talkpal.ai\/wp-content\/uploads\/2023\/05\/bulgaria.png\",\"width\":512,\"height\":512},{\"@type\":\"BreadcrumbList\",\"@id\":\"https:\/\/talkpal.ai\/az\/bolqar-dilinin-qrammatikasi-m%c9%99sg%c9%99l%c9%99l%c9%99ri\/#breadcrumb\",\"itemListElement\":[{\"@type\":\"ListItem\",\"position\":1,\"name\":\"Homepage\",\"item\":\"https:\/\/talkpal.ai\/az\/\"},{\"@type\":\"ListItem\",\"position\":2,\"name\":\"Bolqar dilinin qrammatikas\u0131 m\u0259\u015f\u011f\u0259l\u0259l\u0259ri\"}]},{\"@type\":\"WebSite\",\"@id\":\"https:\/\/talkpal.ai\/az\/#website\",\"url\":\"https:\/\/talkpal.ai\/az\/\",\"name\":\"Talkpal\",\"description\":\"AI Language Learning\",\"publisher\":{\"@id\":\"https:\/\/talkpal.ai\/az\/#organization\"},\"alternateName\":\"Talkpal AI\",\"potentialAction\":[{\"@type\":\"SearchAction\",\"target\":{\"@type\":\"EntryPoint\",\"urlTemplate\":\"https:\/\/talkpal.ai\/az\/?s={search_term_string}\"},\"query-input\":{\"@type\":\"PropertyValueSpecification\",\"valueRequired\":true,\"valueName\":\"search_term_string\"}}],\"inLanguage\":\"az\"},{\"@type\":\"Organization\",\"@id\":\"https:\/\/talkpal.ai\/az\/#organization\",\"name\":\"Talkpal, Inc.\",\"alternateName\":\"Talkpal AI\",\"url\":\"https:\/\/talkpal.ai\/az\/\",\"logo\":{\"@type\":\"ImageObject\",\"inLanguage\":\"az\",\"@id\":\"https:\/\/talkpal.ai\/az\/#\/schema\/logo\/image\/\",\"url\":\"https:\/\/talkpal.ai\/wp-content\/uploads\/2024\/03\/Talkpal-Logo-Icon.png\",\"contentUrl\":\"https:\/\/talkpal.ai\/wp-content\/uploads\/2024\/03\/Talkpal-Logo-Icon.png\",\"width\":2880,\"height\":2880,\"caption\":\"Talkpal, Inc.\"},\"image\":{\"@id\":\"https:\/\/talkpal.ai\/az\/#\/schema\/logo\/image\/\"},\"sameAs\":[\"https:\/\/www.facebook.com\/profile.php?id=100090733639311\",\"https:\/\/x.com\/talkpalai\",\"https:\/\/www.linkedin.com\/company\/talkpal\/\",\"https:\/\/www.youtube.com\/@TalkPal\/\",\"https:\/\/www.tiktok.com\/@talkpal\",\"https:\/\/www.instagram.com\/talkpal_ai\/\",\"https:\/\/www.crunchbase.com\/organization\/talkpal-9cde\",\"https:\/\/www.g2.com\/products\/talkpal-for-business\/\",\"https:\/\/www.trustpilot.com\/review\/talkpal.ai\",\"https:\/\/www.capterra.com\/p\/10006800\/TalkPal\/\"],\"description\":\"Talkpal is a language learning web and mobile education app, powered by the latest AI technologies, that provides engaging experiences to its customers in many different languages to help them improve their language skills. Users can chat about unlimited amount of topics with the app and use other modes to practice their language learning.\",\"email\":\"support@talkpal.ai\",\"legalName\":\"Talkpal, Inc.\",\"foundingDate\":\"2023-04-03\",\"duns\":\"118989042\",\"numberOfEmployees\":{\"@type\":\"QuantitativeValue\",\"minValue\":\"11\",\"maxValue\":\"50\"},\"publishingPrinciples\":\"https:\/\/talkpal.ai\/publishing-principles\/\",\"actionableFeedbackPolicy\":\"https:\/\/talkpal.ai\/actionable-feedback-policy\/\",\"correctionsPolicy\":\"https:\/\/talkpal.ai\/corrections-policy\/\",\"ethicsPolicy\":\"https:\/\/talkpal.ai\/ethics-policy\/\",\"diversityPolicy\":\"https:\/\/talkpal.ai\/diversity-policy\/\",\"diversityStaffingReport\":\"https:\/\/talkpal.ai\/diversity-policy\/\"}]}<\/script>\n<!-- \/ Yoast SEO Premium plugin. -->","yoast_head_json":{"title":"Bolqar dilinin qrammatikas\u0131 m\u0259\u015f\u011f\u0259l\u0259l\u0259ri - Talkpal","description":"Bolqar Qrammatikas\u0131 T\u0259liml\u0259ri il\u0259 dil bacar\u0131qlar\u0131n\u0131z\u0131 art\u0131r\u0131n. Bolqar dilind\u0259 m\u00f6hk\u0259m t\u0259m\u0259l \u00fc\u00e7\u00fcn qrammatika ustas\u0131.","robots":{"index":"index","follow":"follow","max-snippet":"max-snippet:-1","max-image-preview":"max-image-preview:large","max-video-preview":"max-video-preview:-1"},"canonical":"https:\/\/talkpal.ai\/az\/bolqar-dilinin-qrammatikasi-m%c9%99sg%c9%99l%c9%99l%c9%99ri\/","og_locale":"az_AZ","og_type":"article","og_title":"Bolqar dilinin qrammatikas\u0131 m\u0259\u015f\u011f\u0259l\u0259l\u0259ri","og_description":"Bolqar dilinin qrammatikas\u0131 m\u00f6vzular\u0131 Bolqar dili \u2014 \u0259sas\u0259n Bolqar\u0131standa v\u0259 qon\u015fu \u00f6lk\u0259l\u0259rd\u0259 ya\u015fayan bolqar icmalar\u0131 t\u0259r\u0259find\u0259n dan\u0131\u015f\u0131lan c\u0259nubi slavyan","og_url":"https:\/\/talkpal.ai\/az\/bolqar-dilinin-qrammatikasi-m%c9%99sg%c9%99l%c9%99l%c9%99ri\/","og_site_name":"Talkpal","article_publisher":"https:\/\/www.facebook.com\/profile.php?id=100090733639311","article_modified_time":"2025-05-23T11:58:34+00:00","og_image":[{"width":512,"height":512,"url":"https:\/\/talkpal.ai\/wp-content\/uploads\/2023\/05\/bulgaria.png","type":"image\/png"}],"twitter_card":"summary_large_image","twitter_site":"@talkpalai","twitter_misc":{"Est. reading time":"4 minutes"},"schema":{"@context":"https:\/\/schema.org","@graph":[{"@type":"WebPage","@id":"https:\/\/talkpal.ai\/az\/bolqar-dilinin-qrammatikasi-m%c9%99sg%c9%99l%c9%99l%c9%99ri\/","url":"https:\/\/talkpal.ai\/az\/bolqar-dilinin-qrammatikasi-m%c9%99sg%c9%99l%c9%99l%c9%99ri\/","name":"Bolqar dilinin qrammatikas\u0131 m\u0259\u015f\u011f\u0259l\u0259l\u0259ri - Talkpal","isPartOf":{"@id":"https:\/\/talkpal.ai\/az\/#website"},"primaryImageOfPage":{"@id":"https:\/\/talkpal.ai\/az\/bolqar-dilinin-qrammatikasi-m%c9%99sg%c9%99l%c9%99l%c9%99ri\/#primaryimage"},"image":{"@id":"https:\/\/talkpal.ai\/az\/bolqar-dilinin-qrammatikasi-m%c9%99sg%c9%99l%c9%99l%c9%99ri\/#primaryimage"},"thumbnailUrl":"https:\/\/talkpal.ai\/wp-content\/uploads\/2023\/05\/bulgaria.png","datePublished":"2023-06-16T12:39:48+00:00","dateModified":"2025-05-23T11:58:34+00:00","description":"Bolqar Qrammatikas\u0131 T\u0259liml\u0259ri il\u0259 dil bacar\u0131qlar\u0131n\u0131z\u0131 art\u0131r\u0131n. Bolqar dilind\u0259 m\u00f6hk\u0259m t\u0259m\u0259l \u00fc\u00e7\u00fcn qrammatika ustas\u0131.","breadcrumb":{"@id":"https:\/\/talkpal.ai\/az\/bolqar-dilinin-qrammatikasi-m%c9%99sg%c9%99l%c9%99l%c9%99ri\/#breadcrumb"},"inLanguage":"az","potentialAction":[{"@type":"ReadAction","target":["https:\/\/talkpal.ai\/az\/bolqar-dilinin-qrammatikasi-m%c9%99sg%c9%99l%c9%99l%c9%99ri\/"]}]},{"@type":"ImageObject","inLanguage":"az","@id":"https:\/\/talkpal.ai\/az\/bolqar-dilinin-qrammatikasi-m%c9%99sg%c9%99l%c9%99l%c9%99ri\/#primaryimage","url":"https:\/\/talkpal.ai\/wp-content\/uploads\/2023\/05\/bulgaria.png","contentUrl":"https:\/\/talkpal.ai\/wp-content\/uploads\/2023\/05\/bulgaria.png","width":512,"height":512},{"@type":"BreadcrumbList","@id":"https:\/\/talkpal.ai\/az\/bolqar-dilinin-qrammatikasi-m%c9%99sg%c9%99l%c9%99l%c9%99ri\/#breadcrumb","itemListElement":[{"@type":"ListItem","position":1,"name":"Homepage","item":"https:\/\/talkpal.ai\/az\/"},{"@type":"ListItem","position":2,"name":"Bolqar dilinin qrammatikas\u0131 m\u0259\u015f\u011f\u0259l\u0259l\u0259ri"}]},{"@type":"WebSite","@id":"https:\/\/talkpal.ai\/az\/#website","url":"https:\/\/talkpal.ai\/az\/","name":"Talkpal","description":"AI Language Learning","publisher":{"@id":"https:\/\/talkpal.ai\/az\/#organization"},"alternateName":"Talkpal AI","potentialAction":[{"@type":"SearchAction","target":{"@type":"EntryPoint","urlTemplate":"https:\/\/talkpal.ai\/az\/?s={search_term_string}"},"query-input":{"@type":"PropertyValueSpecification","valueRequired":true,"valueName":"search_term_string"}}],"inLanguage":"az"},{"@type":"Organization","@id":"https:\/\/talkpal.ai\/az\/#organization","name":"Talkpal, Inc.","alternateName":"Talkpal AI","url":"https:\/\/talkpal.ai\/az\/","logo":{"@type":"ImageObject","inLanguage":"az","@id":"https:\/\/talkpal.ai\/az\/#\/schema\/logo\/image\/","url":"https:\/\/talkpal.ai\/wp-content\/uploads\/2024\/03\/Talkpal-Logo-Icon.png","contentUrl":"https:\/\/talkpal.ai\/wp-content\/uploads\/2024\/03\/Talkpal-Logo-Icon.png","width":2880,"height":2880,"caption":"Talkpal, Inc."},"image":{"@id":"https:\/\/talkpal.ai\/az\/#\/schema\/logo\/image\/"},"sameAs":["https:\/\/www.facebook.com\/profile.php?id=100090733639311","https:\/\/x.com\/talkpalai","https:\/\/www.linkedin.com\/company\/talkpal\/","https:\/\/www.youtube.com\/@TalkPal\/","https:\/\/www.tiktok.com\/@talkpal","https:\/\/www.instagram.com\/talkpal_ai\/","https:\/\/www.crunchbase.com\/organization\/talkpal-9cde","https:\/\/www.g2.com\/products\/talkpal-for-business\/","https:\/\/www.trustpilot.com\/review\/talkpal.ai","https:\/\/www.capterra.com\/p\/10006800\/TalkPal\/"],"description":"Talkpal is a language learning web and mobile education app, powered by the latest AI technologies, that provides engaging experiences to its customers in many different languages to help them improve their language skills. Users can chat about unlimited amount of topics with the app and use other modes to practice their language learning.","email":"support@talkpal.ai","legalName":"Talkpal, Inc.","foundingDate":"2023-04-03","duns":"118989042","numberOfEmployees":{"@type":"QuantitativeValue","minValue":"11","maxValue":"50"},"publishingPrinciples":"https:\/\/talkpal.ai\/publishing-principles\/","actionableFeedbackPolicy":"https:\/\/talkpal.ai\/actionable-feedback-policy\/","correctionsPolicy":"https:\/\/talkpal.ai\/corrections-policy\/","ethicsPolicy":"https:\/\/talkpal.ai\/ethics-policy\/","diversityPolicy":"https:\/\/talkpal.ai\/diversity-policy\/","diversityStaffingReport":"https:\/\/talkpal.ai\/diversity-policy\/"}]}},"_links":{"self":[{"href":"https:\/\/talkpal.ai\/az\/wp-json\/wp\/v2\/pages\/164672","targetHints":{"allow":["GET"]}}],"collection":[{"href":"https:\/\/talkpal.ai\/az\/wp-json\/wp\/v2\/pages"}],"about":[{"href":"https:\/\/talkpal.ai\/az\/wp-json\/wp\/v2\/types\/page"}],"author":[{"embeddable":true,"href":"https:\/\/talkpal.ai\/az\/wp-json\/wp\/v2\/users\/6"}],"replies":[{"embeddable":true,"href":"https:\/\/talkpal.ai\/az\/wp-json\/wp\/v2\/comments?post=164672"}],"version-history":[{"count":0,"href":"https:\/\/talkpal.ai\/az\/wp-json\/wp\/v2\/pages\/164672\/revisions"}],"wp:featuredmedia":[{"embeddable":true,"href":"https:\/\/talkpal.ai\/az\/wp-json\/wp\/v2\/media\/141657"}],"wp:attachment":[{"href":"https:\/\/talkpal.ai\/az\/wp-json\/wp\/v2\/media?parent=164672"}],"curies":[{"name":"wp","href":"https:\/\/api.w.org\/{rel}","templated":true}]}}